{"id":21719,"date":"2020-02-10T11:12:33","date_gmt":"2020-02-10T15:12:33","guid":{"rendered":"https:\/\/www.anniesloan.com\/us\/product\/colour-recipes-polish\/"},"modified":"2024-02-13T06:34:41","modified_gmt":"2024-02-13T10:34:41","slug":"colour-recipes-polish","status":"publish","type":"product","link":"https:\/\/www.anniesloan.com\/us\/product\/books\/colour-recipes-polish\/","title":{"rendered":"Colour Recipes &#8211; Polish"},"content":{"rendered":"","protected":false},"excerpt":{"rendered":"<h3>Kolorowe Pomys\u0142y na Dekoraci\u0119 Mebli<\/h3>\n<p>Annie Sloan\u2019s renowned book Colour Recipes for Painted Furniture and more, translated in Polish.<\/p>\n<p>Kolorowe Pomys\u0142y na Dekoraci\u0119 Mebli. Wydanie w j\u0119zyku polskim. Ksi\u0105\u017cka ta zawiera 40 inspiruj\u0105cych projekt\u00f3w, kt\u00f3re krok po kroku prezentuj\u0105 \u0142atwe sposoby na upcykling mebli i transformacj\u0119 wn\u0119trz.<\/p>\n<p>Published by CICO Books with commissioned photography by Christopher Drake.<\/p>\n","protected":false},"featured_media":21720,"template":"","meta":{"_acf_changed":false,"_relevanssi_hide_post":"","_relevanssi_hide_content":"","_relevanssi_pin_for_all":"","_relevanssi_pin_keywords":"","_relevanssi_unpin_keywords":"","_relevanssi_related_keywords":"","_relevanssi_related_include_ids":"","_relevanssi_related_exclude_ids":"","_relevanssi_related_no_append":"","_relevanssi_related_not_related":"","_relevanssi_related_posts":"","_relevanssi_noindex_reason":""},"product_brand":[],"product_cat":[66],"product_tag":[],"class_list":{"0":"post-21719","1":"product","2":"type-product","3":"status-publish","4":"has-post-thumbnail","6":"product_cat-books","8":"first","9":"outofstock","10":"taxable","11":"shipping-taxable","12":"purchasable","13":"product-type-simple"},"acf":[],"yoast_head":"<!-- This site is optimized with the Yoast SEO Premium plugin v26.5 (Yoast SEO v26.5) - https:\/\/yoast.com\/wordpress\/plugins\/seo\/ -->\n<title>Colour Recipes in Polish | Translated Books by Annie Sloan | Annie Sloan US<\/title>\n<meta name=\"description\" content=\"Annie Sloan&#039;s renowned book Colour Recipes for Painted Furniture and more, translated in Polish.\" \/>\n<meta name=\"robots\" content=\"index, follow, max-snippet:-1, max-image-preview:large, max-video-preview:-1\" \/>\n<link rel=\"canonical\" href=\"https:\/\/www.anniesloan.com\/us\/product\/books\/colour-recipes-polish\/\" \/>\n<meta property=\"og:locale\" content=\"en_US\" \/>\n<meta property=\"og:type\" content=\"article\" \/>\n<meta property=\"og:title\" content=\"Colour Recipes - Polish\" \/>\n<meta property=\"og:description\" content=\"Annie Sloan&#039;s renowned book Colour Recipes for Painted Furniture and more, translated in Polish.\" \/>\n<meta property=\"og:url\" content=\"https:\/\/www.anniesloan.com\/us\/product\/books\/colour-recipes-polish\/\" \/>\n<meta property=\"og:site_name\" content=\"Annie Sloan US\" \/>\n<meta property=\"article:publisher\" content=\"https:\/\/www.facebook.com\/AnnieSloanHome\" \/>\n<meta property=\"article:modified_time\" content=\"2024-02-13T10:34:41+00:00\" \/>\n<meta property=\"og:image\" content=\"https:\/\/www.anniesloan.com\/us\/wp-content\/uploads\/sites\/7\/2021\/05\/Colour-Recipes-for-Painted-Furniture-and-More-by-Annie-Sloan-book-published-by-Cico-front-cover-Polish-thumb-2000.jpg\" \/>\n\t<meta property=\"og:image:width\" content=\"1281\" \/>\n\t<meta property=\"og:image:height\" content=\"1024\" \/>\n\t<meta property=\"og:image:type\" content=\"image\/jpeg\" \/>\n<meta name=\"twitter:card\" content=\"summary_large_image\" \/>\n<meta name=\"twitter:site\" content=\"@AnnieSloanHome\" \/>\n<meta name=\"twitter:label1\" content=\"Price\" \/>\n\t<meta name=\"twitter:data1\" content=\"&#036;24.95\" \/>\n\t<meta name=\"twitter:label2\" content=\"Availability\" \/>\n\t<meta name=\"twitter:data2\" content=\"Out of stock\" \/>\n<script type=\"application\/ld+json\" class=\"yoast-schema-graph\">{\"@context\":\"https:\/\/schema.org\",\"@graph\":[{\"@type\":\"WebPage\",\"@id\":\"https:\/\/www.anniesloan.com\/us\/product\/books\/colour-recipes-polish\/\",\"url\":\"https:\/\/www.anniesloan.com\/us\/product\/books\/colour-recipes-polish\/\",\"name\":\"Colour Recipes in Polish | Translated Books by Annie Sloan | Annie Sloan US\",\"isPartOf\":{\"@id\":\"https:\/\/www.anniesloan.com\/us\/#website\"},\"primaryImageOfPage\":{\"@id\":\"https:\/\/www.anniesloan.com\/us\/product\/books\/colour-recipes-polish\/#primaryimage\"},\"image\":{\"@id\":\"https:\/\/www.anniesloan.com\/us\/product\/books\/colour-recipes-polish\/#primaryimage\"},\"thumbnailUrl\":\"https:\/\/www.anniesloan.com\/us\/wp-content\/uploads\/sites\/7\/2021\/05\/Colour-Recipes-for-Painted-Furniture-and-More-by-Annie-Sloan-book-published-by-Cico-front-cover-Polish-thumb-2000.jpg\",\"datePublished\":\"2020-02-10T15:12:33+00:00\",\"dateModified\":\"2024-02-13T10:34:41+00:00\",\"description\":\"Annie Sloan's renowned book Colour Recipes for Painted Furniture and more, translated in Polish.\",\"breadcrumb\":{\"@id\":\"https:\/\/www.anniesloan.com\/us\/product\/books\/colour-recipes-polish\/#breadcrumb\"},\"inLanguage\":\"en-US\",\"potentialAction\":[{\"@type\":\"ReadAction\",\"target\":[\"https:\/\/www.anniesloan.com\/us\/product\/books\/colour-recipes-polish\/\"]}]},{\"@type\":\"ImageObject\",\"inLanguage\":\"en-US\",\"@id\":\"https:\/\/www.anniesloan.com\/us\/product\/books\/colour-recipes-polish\/#primaryimage\",\"url\":\"https:\/\/www.anniesloan.com\/us\/wp-content\/uploads\/sites\/7\/2021\/05\/Colour-Recipes-for-Painted-Furniture-and-More-by-Annie-Sloan-book-published-by-Cico-front-cover-Polish-thumb-2000.jpg\",\"contentUrl\":\"https:\/\/www.anniesloan.com\/us\/wp-content\/uploads\/sites\/7\/2021\/05\/Colour-Recipes-for-Painted-Furniture-and-More-by-Annie-Sloan-book-published-by-Cico-front-cover-Polish-thumb-2000.jpg\",\"width\":1281,\"height\":1024,\"caption\":\"Colour Recipes for Painted Furniture and More by Annie Sloan book published by Cico front cover translated to Polish\"},{\"@type\":\"BreadcrumbList\",\"@id\":\"https:\/\/www.anniesloan.com\/us\/product\/books\/colour-recipes-polish\/#breadcrumb\",\"itemListElement\":[{\"@type\":\"ListItem\",\"position\":1,\"name\":\"Products\",\"item\":\"https:\/\/www.anniesloan.com\/us\/products\/\"},{\"@type\":\"ListItem\",\"position\":2,\"name\":\"Books\",\"item\":\"https:\/\/www.anniesloan.com\/us\/products\/books\/\"},{\"@type\":\"ListItem\",\"position\":3,\"name\":\"Colour Recipes &#8211; Polish\"}]},{\"@type\":\"WebSite\",\"@id\":\"https:\/\/www.anniesloan.com\/us\/#website\",\"url\":\"https:\/\/www.anniesloan.com\/us\/\",\"name\":\"Annie Sloan US\",\"description\":\"Home of Chalk Paint\u00ae\",\"publisher\":{\"@id\":\"https:\/\/www.anniesloan.com\/us\/#organization\"},\"potentialAction\":[{\"@type\":\"SearchAction\",\"target\":{\"@type\":\"EntryPoint\",\"urlTemplate\":\"https:\/\/www.anniesloan.com\/us\/?s={search_term_string}\"},\"query-input\":{\"@type\":\"PropertyValueSpecification\",\"valueRequired\":true,\"valueName\":\"search_term_string\"}}],\"inLanguage\":\"en-US\"},{\"@type\":\"Organization\",\"@id\":\"https:\/\/www.anniesloan.com\/us\/#organization\",\"name\":\"Annie Sloan\",\"url\":\"https:\/\/www.anniesloan.com\/us\/\",\"logo\":{\"@type\":\"ImageObject\",\"inLanguage\":\"en-US\",\"@id\":\"https:\/\/www.anniesloan.com\/us\/#\/schema\/logo\/image\/\",\"url\":\"https:\/\/www.anniesloan.com\/us\/wp-content\/uploads\/sites\/7\/2021\/07\/anniesloan-logo.jpg\",\"contentUrl\":\"https:\/\/www.anniesloan.com\/us\/wp-content\/uploads\/sites\/7\/2021\/07\/anniesloan-logo.jpg\",\"width\":1200,\"height\":361,\"caption\":\"Annie Sloan\"},\"image\":{\"@id\":\"https:\/\/www.anniesloan.com\/us\/#\/schema\/logo\/image\/\"},\"sameAs\":[\"https:\/\/www.facebook.com\/AnnieSloanHome\",\"https:\/\/x.com\/AnnieSloanHome\",\"https:\/\/www.instagram.com\/anniesloanhome\/\",\"https:\/\/www.pinterest.co.uk\/anniesloanhome\/_created\/\",\"https:\/\/www.youtube.com\/AnnieSloanHome\"]}]}<\/script>\n<meta property=\"product:price:amount\" content=\"24.95\" \/>\n<meta property=\"product:price:currency\" content=\"USD\" \/>\n<meta property=\"og:availability\" content=\"out of stock\" \/>\n<meta property=\"product:availability\" content=\"out of stock\" \/>\n<meta property=\"product:retailer_item_id\" content=\"BREC051.PL01.01\" \/>\n<meta property=\"product:condition\" content=\"new\" \/>\n<!-- \/ Yoast SEO Premium plugin. -->","yoast_head_json":{"title":"Colour Recipes in Polish | Translated Books by Annie Sloan | Annie Sloan US","description":"Annie Sloan's renowned book Colour Recipes for Painted Furniture and more, translated in Polish.","robots":{"index":"index","follow":"follow","max-snippet":"max-snippet:-1","max-image-preview":"max-image-preview:large","max-video-preview":"max-video-preview:-1"},"canonical":"https:\/\/www.anniesloan.com\/us\/product\/books\/colour-recipes-polish\/","og_locale":"en_US","og_type":"article","og_title":"Colour Recipes - Polish","og_description":"Annie Sloan's renowned book Colour Recipes for Painted Furniture and more, translated in Polish.","og_url":"https:\/\/www.anniesloan.com\/us\/product\/books\/colour-recipes-polish\/","og_site_name":"Annie Sloan US","article_publisher":"https:\/\/www.facebook.com\/AnnieSloanHome","article_modified_time":"2024-02-13T10:34:41+00:00","og_image":[{"width":1281,"height":1024,"url":"https:\/\/www.anniesloan.com\/us\/wp-content\/uploads\/sites\/7\/2021\/05\/Colour-Recipes-for-Painted-Furniture-and-More-by-Annie-Sloan-book-published-by-Cico-front-cover-Polish-thumb-2000.jpg","type":"image\/jpeg"}],"twitter_card":"summary_large_image","twitter_site":"@AnnieSloanHome","twitter_misc":{"Price":"&#36;24.95","Availability":"Out of stock"},"schema":{"@context":"https:\/\/schema.org","@graph":[{"@type":"WebPage","@id":"https:\/\/www.anniesloan.com\/us\/product\/books\/colour-recipes-polish\/","url":"https:\/\/www.anniesloan.com\/us\/product\/books\/colour-recipes-polish\/","name":"Colour Recipes in Polish | Translated Books by Annie Sloan | Annie Sloan US","isPartOf":{"@id":"https:\/\/www.anniesloan.com\/us\/#website"},"primaryImageOfPage":{"@id":"https:\/\/www.anniesloan.com\/us\/product\/books\/colour-recipes-polish\/#primaryimage"},"image":{"@id":"https:\/\/www.anniesloan.com\/us\/product\/books\/colour-recipes-polish\/#primaryimage"},"thumbnailUrl":"https:\/\/www.anniesloan.com\/us\/wp-content\/uploads\/sites\/7\/2021\/05\/Colour-Recipes-for-Painted-Furniture-and-More-by-Annie-Sloan-book-published-by-Cico-front-cover-Polish-thumb-2000.jpg","datePublished":"2020-02-10T15:12:33+00:00","dateModified":"2024-02-13T10:34:41+00:00","description":"Annie Sloan's renowned book Colour Recipes for Painted Furniture and more, translated in Polish.","breadcrumb":{"@id":"https:\/\/www.anniesloan.com\/us\/product\/books\/colour-recipes-polish\/#breadcrumb"},"inLanguage":"en-US","potentialAction":[{"@type":"ReadAction","target":["https:\/\/www.anniesloan.com\/us\/product\/books\/colour-recipes-polish\/"]}]},{"@type":"ImageObject","inLanguage":"en-US","@id":"https:\/\/www.anniesloan.com\/us\/product\/books\/colour-recipes-polish\/#primaryimage","url":"https:\/\/www.anniesloan.com\/us\/wp-content\/uploads\/sites\/7\/2021\/05\/Colour-Recipes-for-Painted-Furniture-and-More-by-Annie-Sloan-book-published-by-Cico-front-cover-Polish-thumb-2000.jpg","contentUrl":"https:\/\/www.anniesloan.com\/us\/wp-content\/uploads\/sites\/7\/2021\/05\/Colour-Recipes-for-Painted-Furniture-and-More-by-Annie-Sloan-book-published-by-Cico-front-cover-Polish-thumb-2000.jpg","width":1281,"height":1024,"caption":"Colour Recipes for Painted Furniture and More by Annie Sloan book published by Cico front cover translated to Polish"},{"@type":"BreadcrumbList","@id":"https:\/\/www.anniesloan.com\/us\/product\/books\/colour-recipes-polish\/#breadcrumb","itemListElement":[{"@type":"ListItem","position":1,"name":"Products","item":"https:\/\/www.anniesloan.com\/us\/products\/"},{"@type":"ListItem","position":2,"name":"Books","item":"https:\/\/www.anniesloan.com\/us\/products\/books\/"},{"@type":"ListItem","position":3,"name":"Colour Recipes &#8211; Polish"}]},{"@type":"WebSite","@id":"https:\/\/www.anniesloan.com\/us\/#website","url":"https:\/\/www.anniesloan.com\/us\/","name":"Annie Sloan US","description":"Home of Chalk Paint\u00ae","publisher":{"@id":"https:\/\/www.anniesloan.com\/us\/#organization"},"potentialAction":[{"@type":"SearchAction","target":{"@type":"EntryPoint","urlTemplate":"https:\/\/www.anniesloan.com\/us\/?s={search_term_string}"},"query-input":{"@type":"PropertyValueSpecification","valueRequired":true,"valueName":"search_term_string"}}],"inLanguage":"en-US"},{"@type":"Organization","@id":"https:\/\/www.anniesloan.com\/us\/#organization","name":"Annie Sloan","url":"https:\/\/www.anniesloan.com\/us\/","logo":{"@type":"ImageObject","inLanguage":"en-US","@id":"https:\/\/www.anniesloan.com\/us\/#\/schema\/logo\/image\/","url":"https:\/\/www.anniesloan.com\/us\/wp-content\/uploads\/sites\/7\/2021\/07\/anniesloan-logo.jpg","contentUrl":"https:\/\/www.anniesloan.com\/us\/wp-content\/uploads\/sites\/7\/2021\/07\/anniesloan-logo.jpg","width":1200,"height":361,"caption":"Annie Sloan"},"image":{"@id":"https:\/\/www.anniesloan.com\/us\/#\/schema\/logo\/image\/"},"sameAs":["https:\/\/www.facebook.com\/AnnieSloanHome","https:\/\/x.com\/AnnieSloanHome","https:\/\/www.instagram.com\/anniesloanhome\/","https:\/\/www.pinterest.co.uk\/anniesloanhome\/_created\/","https:\/\/www.youtube.com\/AnnieSloanHome"]}]},"product_price_amount":"24.95","product_price_currency":"USD","og_availability":"out of stock","product_availability":"out of stock","product_retailer_item_id":"BREC051.PL01.01","product_condition":"new"},"_links":{"self":[{"href":"https:\/\/www.anniesloan.com\/us\/wp-json\/wp\/v2\/product\/21719","targetHints":{"allow":["GET"]}}],"collection":[{"href":"https:\/\/www.anniesloan.com\/us\/wp-json\/wp\/v2\/product"}],"about":[{"href":"https:\/\/www.anniesloan.com\/us\/wp-json\/wp\/v2\/types\/product"}],"wp:featuredmedia":[{"embeddable":true,"href":"https:\/\/www.anniesloan.com\/us\/wp-json\/wp\/v2\/media\/21720"}],"wp:attachment":[{"href":"https:\/\/www.anniesloan.com\/us\/wp-json\/wp\/v2\/media?parent=21719"}],"wp:term":[{"taxonomy":"product_brand","embeddable":true,"href":"https:\/\/www.anniesloan.com\/us\/wp-json\/wp\/v2\/product_brand?post=21719"},{"taxonomy":"product_cat","embeddable":true,"href":"https:\/\/www.anniesloan.com\/us\/wp-json\/wp\/v2\/product_cat?post=21719"},{"taxonomy":"product_tag","embeddable":true,"href":"https:\/\/www.anniesloan.com\/us\/wp-json\/wp\/v2\/product_tag?post=21719"}],"curies":[{"name":"wp","href":"https:\/\/api.w.org\/{rel}","templated":true}]}}