{"id":38176,"date":"2025-09-29T10:00:10","date_gmt":"2025-09-29T08:00:10","guid":{"rendered":"https:\/\/www.anniesloan.com\/?post_type=product&#038;p=170574"},"modified":"2026-02-17T10:45:34","modified_gmt":"2026-02-17T09:45:34","slug":"annie-sloan-x-nicolette-tabram-szablon-udaipur-kolekcja-radzastan","status":"publish","type":"product","link":"https:\/\/www.anniesloan.com\/pl\/produkt\/szablony\/annie-sloan-x-nicolette-tabram-szablon-udaipur-kolekcja-radzastan\/","title":{"rendered":"Annie Sloan x Nicolette Tabram Szablon Udaipur \u2013 Kolekcja Rad\u017castan"},"content":{"rendered":"","protected":false},"excerpt":{"rendered":"<p>W ramach kolekcji szablon\u00f3w Rajasthan Stencil Collection ten szablon z motywem bordiury nosi nazw\u0119 Udaipur, od indyjskiego miasta znanego z pa\u0142ac\u00f3w kr\u00f3lewskich.<\/p>\n<p>Wzory szablon\u00f3w zosta\u0142y zainspirowane wizytami Annie w indyjskim stanie Rad\u017castan, gdzie organizujemy nasze warsztaty malarskie. Inspiracj\u0105 dla tej kolekcji by\u0142a wizyta w sali Lotus Room w pa\u0142acu miejskim w Udaipurze, kt\u00f3rej \u015bciany od pod\u0142ogi do sufitu pokryte s\u0105 kolorowymi, r\u0119cznie malowanymi wzorami. Gdy tylko Annie zobaczy\u0142a graficzne kwiaty i misterne obramowania, wiedzia\u0142a, \u017ce b\u0119d\u0105 one wspania\u0142ymi szablonami.<\/p>\n<p>Wizja Annie zosta\u0142a zrealizowana przez projektantk\u0119 szablon\u00f3w Nicolette Tabram.<\/p>\n<p><strong><em>Uzupe\u0142nij kolekcj\u0119, kupuj\u0105c r\u00f3wnie\u017c wzory Mewar i Bujera.<\/em><\/strong><\/p>\n","protected":false},"featured_media":38177,"template":"","meta":{"_acf_changed":false,"_relevanssi_hide_post":"","_relevanssi_hide_content":"","_relevanssi_pin_for_all":"","_relevanssi_pin_keywords":"","_relevanssi_unpin_keywords":"","_relevanssi_related_keywords":"","_relevanssi_related_include_ids":"","_relevanssi_related_exclude_ids":"","_relevanssi_related_no_append":"","_relevanssi_related_not_related":"","_relevanssi_related_posts":"","_relevanssi_noindex_reason":""},"product_brand":[],"product_cat":[58],"product_tag":[59],"class_list":{"0":"post-38176","1":"product","2":"type-product","3":"status-publish","4":"has-post-thumbnail","6":"product_cat-szablony","7":"product_tag-stencil","9":"first","10":"instock","11":"taxable","12":"shipping-taxable","13":"purchasable","14":"product-type-simple"},"acf":[],"yoast_head":"<!-- This site is optimized with the Yoast SEO Premium plugin v26.5 (Yoast SEO v26.5) - https:\/\/yoast.com\/wordpress\/plugins\/seo\/ -->\n<title>Annie Sloan x Nicolette Tabram Udaipur Stencil - Annie Sloan PL<\/title>\n<meta name=\"description\" content=\"Wzory szablon\u00f3w zosta\u0142y zainspirowane wizytami Annie w indyjskim stanie Rad\u017castan, gdzie organizujemy nasze warsztaty malarskie.\" \/>\n<meta name=\"robots\" content=\"index, follow, max-snippet:-1, max-image-preview:large, max-video-preview:-1\" \/>\n<link rel=\"canonical\" href=\"https:\/\/www.anniesloan.com\/pl\/produkt\/szablony\/annie-sloan-x-nicolette-tabram-szablon-udaipur-kolekcja-radzastan\/\" \/>\n<meta property=\"og:locale\" content=\"pl_PL\" \/>\n<meta property=\"og:type\" content=\"article\" \/>\n<meta property=\"og:title\" content=\"Annie Sloan x Nicolette Tabram Szablon Udaipur \u2013 Kolekcja Rad\u017castan\" \/>\n<meta property=\"og:description\" content=\"Wzory szablon\u00f3w zosta\u0142y zainspirowane wizytami Annie w indyjskim stanie Rad\u017castan, gdzie organizujemy nasze warsztaty malarskie.\" \/>\n<meta property=\"og:url\" content=\"https:\/\/www.anniesloan.com\/pl\/produkt\/szablony\/annie-sloan-x-nicolette-tabram-szablon-udaipur-kolekcja-radzastan\/\" \/>\n<meta property=\"og:site_name\" content=\"Annie Sloan PL\" \/>\n<meta property=\"article:modified_time\" content=\"2026-02-17T09:45:34+00:00\" \/>\n<meta property=\"og:image\" content=\"https:\/\/www.anniesloan.com\/pl\/wp-content\/uploads\/sites\/5\/2025\/09\/Udaipur-Nicolette-AS-stencil-Measurments-992X1024.jpg\" \/>\n\t<meta property=\"og:image:width\" content=\"992\" \/>\n\t<meta property=\"og:image:height\" content=\"1024\" \/>\n\t<meta property=\"og:image:type\" content=\"image\/jpeg\" \/>\n<meta name=\"twitter:card\" content=\"summary_large_image\" \/>\n<meta name=\"twitter:label1\" content=\"Price\" \/>\n\t<meta name=\"twitter:data1\" content=\"&#122;&#322;105.00\" \/>\n\t<meta name=\"twitter:label2\" content=\"Availability\" \/>\n\t<meta name=\"twitter:data2\" content=\"In stock\" \/>\n<script type=\"application\/ld+json\" class=\"yoast-schema-graph\">{\"@context\":\"https:\/\/schema.org\",\"@graph\":[{\"@type\":\"WebPage\",\"@id\":\"https:\/\/www.anniesloan.com\/pl\/produkt\/szablony\/annie-sloan-x-nicolette-tabram-szablon-udaipur-kolekcja-radzastan\/\",\"url\":\"https:\/\/www.anniesloan.com\/pl\/produkt\/szablony\/annie-sloan-x-nicolette-tabram-szablon-udaipur-kolekcja-radzastan\/\",\"name\":\"Annie Sloan x Nicolette Tabram Udaipur Stencil - Annie Sloan PL\",\"isPartOf\":{\"@id\":\"https:\/\/www.anniesloan.com\/pl\/#website\"},\"primaryImageOfPage\":{\"@id\":\"https:\/\/www.anniesloan.com\/pl\/produkt\/szablony\/annie-sloan-x-nicolette-tabram-szablon-udaipur-kolekcja-radzastan\/#primaryimage\"},\"image\":{\"@id\":\"https:\/\/www.anniesloan.com\/pl\/produkt\/szablony\/annie-sloan-x-nicolette-tabram-szablon-udaipur-kolekcja-radzastan\/#primaryimage\"},\"thumbnailUrl\":\"https:\/\/www.anniesloan.com\/pl\/wp-content\/uploads\/sites\/5\/2025\/09\/Udaipur-Nicolette-AS-stencil-Measurments-992X1024.jpg\",\"datePublished\":\"2025-09-29T08:00:10+00:00\",\"dateModified\":\"2026-02-17T09:45:34+00:00\",\"description\":\"Wzory szablon\u00f3w zosta\u0142y zainspirowane wizytami Annie w indyjskim stanie Rad\u017castan, gdzie organizujemy nasze warsztaty malarskie.\",\"breadcrumb\":{\"@id\":\"https:\/\/www.anniesloan.com\/pl\/produkt\/szablony\/annie-sloan-x-nicolette-tabram-szablon-udaipur-kolekcja-radzastan\/#breadcrumb\"},\"inLanguage\":\"pl-PL\",\"potentialAction\":[{\"@type\":\"ReadAction\",\"target\":[\"https:\/\/www.anniesloan.com\/pl\/produkt\/szablony\/annie-sloan-x-nicolette-tabram-szablon-udaipur-kolekcja-radzastan\/\"]}]},{\"@type\":\"ImageObject\",\"inLanguage\":\"pl-PL\",\"@id\":\"https:\/\/www.anniesloan.com\/pl\/produkt\/szablony\/annie-sloan-x-nicolette-tabram-szablon-udaipur-kolekcja-radzastan\/#primaryimage\",\"url\":\"https:\/\/www.anniesloan.com\/pl\/wp-content\/uploads\/sites\/5\/2025\/09\/Udaipur-Nicolette-AS-stencil-Measurments-992X1024.jpg\",\"contentUrl\":\"https:\/\/www.anniesloan.com\/pl\/wp-content\/uploads\/sites\/5\/2025\/09\/Udaipur-Nicolette-AS-stencil-Measurments-992X1024.jpg\",\"width\":992,\"height\":1024,\"caption\":\"Udaipur-Nicolette-AS-stencil\"},{\"@type\":\"BreadcrumbList\",\"@id\":\"https:\/\/www.anniesloan.com\/pl\/produkt\/szablony\/annie-sloan-x-nicolette-tabram-szablon-udaipur-kolekcja-radzastan\/#breadcrumb\",\"itemListElement\":[{\"@type\":\"ListItem\",\"position\":1,\"name\":\"Produkty\",\"item\":\"https:\/\/www.anniesloan.com\/pl\/produkty\/\"},{\"@type\":\"ListItem\",\"position\":2,\"name\":\"Szablony\",\"item\":\"https:\/\/www.anniesloan.com\/pl\/produkty\/szablony\/\"},{\"@type\":\"ListItem\",\"position\":3,\"name\":\"Annie Sloan x Nicolette Tabram Szablon Udaipur \u2013 Kolekcja Rad\u017castan\"}]},{\"@type\":\"WebSite\",\"@id\":\"https:\/\/www.anniesloan.com\/pl\/#website\",\"url\":\"https:\/\/www.anniesloan.com\/pl\/\",\"name\":\"Annie Sloan PL\",\"description\":\"Home of Chalk Paint\",\"potentialAction\":[{\"@type\":\"SearchAction\",\"target\":{\"@type\":\"EntryPoint\",\"urlTemplate\":\"https:\/\/www.anniesloan.com\/pl\/?s={search_term_string}\"},\"query-input\":{\"@type\":\"PropertyValueSpecification\",\"valueRequired\":true,\"valueName\":\"search_term_string\"}}],\"inLanguage\":\"pl-PL\"}]}<\/script>\n<meta property=\"product:price:amount\" content=\"105.00\" \/>\n<meta property=\"product:price:currency\" content=\"PLN\" \/>\n<meta property=\"og:availability\" content=\"instock\" \/>\n<meta property=\"product:availability\" content=\"instock\" \/>\n<meta property=\"product:retailer_item_id\" content=\"SUDA001.0001.01\" \/>\n<meta property=\"product:condition\" content=\"new\" \/>\n<!-- \/ Yoast SEO Premium plugin. -->","yoast_head_json":{"title":"Annie Sloan x Nicolette Tabram Udaipur Stencil - Annie Sloan PL","description":"Wzory szablon\u00f3w zosta\u0142y zainspirowane wizytami Annie w indyjskim stanie Rad\u017castan, gdzie organizujemy nasze warsztaty malarskie.","robots":{"index":"index","follow":"follow","max-snippet":"max-snippet:-1","max-image-preview":"max-image-preview:large","max-video-preview":"max-video-preview:-1"},"canonical":"https:\/\/www.anniesloan.com\/pl\/produkt\/szablony\/annie-sloan-x-nicolette-tabram-szablon-udaipur-kolekcja-radzastan\/","og_locale":"pl_PL","og_type":"article","og_title":"Annie Sloan x Nicolette Tabram Szablon Udaipur \u2013 Kolekcja Rad\u017castan","og_description":"Wzory szablon\u00f3w zosta\u0142y zainspirowane wizytami Annie w indyjskim stanie Rad\u017castan, gdzie organizujemy nasze warsztaty malarskie.","og_url":"https:\/\/www.anniesloan.com\/pl\/produkt\/szablony\/annie-sloan-x-nicolette-tabram-szablon-udaipur-kolekcja-radzastan\/","og_site_name":"Annie Sloan PL","article_modified_time":"2026-02-17T09:45:34+00:00","og_image":[{"width":992,"height":1024,"url":"https:\/\/www.anniesloan.com\/pl\/wp-content\/uploads\/sites\/5\/2025\/09\/Udaipur-Nicolette-AS-stencil-Measurments-992X1024.jpg","type":"image\/jpeg"}],"twitter_card":"summary_large_image","twitter_misc":{"Price":"&#122;&#322;105.00","Availability":"In stock"},"schema":{"@context":"https:\/\/schema.org","@graph":[{"@type":"WebPage","@id":"https:\/\/www.anniesloan.com\/pl\/produkt\/szablony\/annie-sloan-x-nicolette-tabram-szablon-udaipur-kolekcja-radzastan\/","url":"https:\/\/www.anniesloan.com\/pl\/produkt\/szablony\/annie-sloan-x-nicolette-tabram-szablon-udaipur-kolekcja-radzastan\/","name":"Annie Sloan x Nicolette Tabram Udaipur Stencil - Annie Sloan PL","isPartOf":{"@id":"https:\/\/www.anniesloan.com\/pl\/#website"},"primaryImageOfPage":{"@id":"https:\/\/www.anniesloan.com\/pl\/produkt\/szablony\/annie-sloan-x-nicolette-tabram-szablon-udaipur-kolekcja-radzastan\/#primaryimage"},"image":{"@id":"https:\/\/www.anniesloan.com\/pl\/produkt\/szablony\/annie-sloan-x-nicolette-tabram-szablon-udaipur-kolekcja-radzastan\/#primaryimage"},"thumbnailUrl":"https:\/\/www.anniesloan.com\/pl\/wp-content\/uploads\/sites\/5\/2025\/09\/Udaipur-Nicolette-AS-stencil-Measurments-992X1024.jpg","datePublished":"2025-09-29T08:00:10+00:00","dateModified":"2026-02-17T09:45:34+00:00","description":"Wzory szablon\u00f3w zosta\u0142y zainspirowane wizytami Annie w indyjskim stanie Rad\u017castan, gdzie organizujemy nasze warsztaty malarskie.","breadcrumb":{"@id":"https:\/\/www.anniesloan.com\/pl\/produkt\/szablony\/annie-sloan-x-nicolette-tabram-szablon-udaipur-kolekcja-radzastan\/#breadcrumb"},"inLanguage":"pl-PL","potentialAction":[{"@type":"ReadAction","target":["https:\/\/www.anniesloan.com\/pl\/produkt\/szablony\/annie-sloan-x-nicolette-tabram-szablon-udaipur-kolekcja-radzastan\/"]}]},{"@type":"ImageObject","inLanguage":"pl-PL","@id":"https:\/\/www.anniesloan.com\/pl\/produkt\/szablony\/annie-sloan-x-nicolette-tabram-szablon-udaipur-kolekcja-radzastan\/#primaryimage","url":"https:\/\/www.anniesloan.com\/pl\/wp-content\/uploads\/sites\/5\/2025\/09\/Udaipur-Nicolette-AS-stencil-Measurments-992X1024.jpg","contentUrl":"https:\/\/www.anniesloan.com\/pl\/wp-content\/uploads\/sites\/5\/2025\/09\/Udaipur-Nicolette-AS-stencil-Measurments-992X1024.jpg","width":992,"height":1024,"caption":"Udaipur-Nicolette-AS-stencil"},{"@type":"BreadcrumbList","@id":"https:\/\/www.anniesloan.com\/pl\/produkt\/szablony\/annie-sloan-x-nicolette-tabram-szablon-udaipur-kolekcja-radzastan\/#breadcrumb","itemListElement":[{"@type":"ListItem","position":1,"name":"Produkty","item":"https:\/\/www.anniesloan.com\/pl\/produkty\/"},{"@type":"ListItem","position":2,"name":"Szablony","item":"https:\/\/www.anniesloan.com\/pl\/produkty\/szablony\/"},{"@type":"ListItem","position":3,"name":"Annie Sloan x Nicolette Tabram Szablon Udaipur \u2013 Kolekcja Rad\u017castan"}]},{"@type":"WebSite","@id":"https:\/\/www.anniesloan.com\/pl\/#website","url":"https:\/\/www.anniesloan.com\/pl\/","name":"Annie Sloan PL","description":"Home of Chalk Paint","potentialAction":[{"@type":"SearchAction","target":{"@type":"EntryPoint","urlTemplate":"https:\/\/www.anniesloan.com\/pl\/?s={search_term_string}"},"query-input":{"@type":"PropertyValueSpecification","valueRequired":true,"valueName":"search_term_string"}}],"inLanguage":"pl-PL"}]},"product_price_amount":"105.00","product_price_currency":"PLN","og_availability":"instock","product_availability":"instock","product_retailer_item_id":"SUDA001.0001.01","product_condition":"new"},"_links":{"self":[{"href":"https:\/\/www.anniesloan.com\/pl\/wp-json\/wp\/v2\/product\/38176","targetHints":{"allow":["GET"]}}],"collection":[{"href":"https:\/\/www.anniesloan.com\/pl\/wp-json\/wp\/v2\/product"}],"about":[{"href":"https:\/\/www.anniesloan.com\/pl\/wp-json\/wp\/v2\/types\/product"}],"wp:featuredmedia":[{"embeddable":true,"href":"https:\/\/www.anniesloan.com\/pl\/wp-json\/wp\/v2\/media\/38177"}],"wp:attachment":[{"href":"https:\/\/www.anniesloan.com\/pl\/wp-json\/wp\/v2\/media?parent=38176"}],"wp:term":[{"taxonomy":"product_brand","embeddable":true,"href":"https:\/\/www.anniesloan.com\/pl\/wp-json\/wp\/v2\/product_brand?post=38176"},{"taxonomy":"product_cat","embeddable":true,"href":"https:\/\/www.anniesloan.com\/pl\/wp-json\/wp\/v2\/product_cat?post=38176"},{"taxonomy":"product_tag","embeddable":true,"href":"https:\/\/www.anniesloan.com\/pl\/wp-json\/wp\/v2\/product_tag?post=38176"}],"curies":[{"name":"wp","href":"https:\/\/api.w.org\/{rel}","templated":true}]}}