{"id":37987,"date":"2025-06-10T11:22:13","date_gmt":"2025-06-10T10:22:13","guid":{"rendered":"https:\/\/www.anniesloan.com\/?post_type=product&#038;p=166960"},"modified":"2026-04-14T14:45:22","modified_gmt":"2026-04-14T12:45:22","slug":"metallic-paint-118ml-traditional-gold","status":"publish","type":"product","link":"https:\/\/www.anniesloan.com\/pl\/produkt\/woski-i-inne-wykonczenia\/metallic-paint-118ml-traditional-gold\/","title":{"rendered":"Farba metaliczna 118 ml tradycyjne z\u0142oto"},"content":{"rendered":"","protected":false},"excerpt":{"rendered":"<div class=\"TypographyPresentation TypographyPresentation--medium RichText3-paragraph--withVSpacingNormal RichText3-paragraph HighlightSol HighlightSol--buildingBlock\">\n<p>Farba Annie Sloan Metallic Paint doda odrobin\u0119 bogactwa do Twoich projekt\u00f3w malarskich.<\/p>\n<p>Ta \u0142atwa w u\u017cyciu, wodorozcie\u0144czalna z\u0142ota farba mo\u017ce by\u0107 stosowana na meblach i \u015bcianach, a jej wyko\u0144czenie charakteryzuje si\u0119 po\u0142yskiem, blaskiem i satynowym po\u0142yskiem. Farb\u0119 mo\u017cna nak\u0142ada\u0107 warstwami, aby uzyska\u0107 r\u00f3\u017cne wyko\u0144czenia; jedna cienka warstwa zapewni p\u00f3\u0142przezroczysty po\u0142ysk, podczas gdy dwie warstwy zapewni\u0105 osza\u0142amiaj\u0105cy efekt kryj\u0105cy.<\/p>\n<p>Farba metaliczna Annie Sloan Metallic Paint jest dost\u0119pna w kolorze Traditional Gold, ciep\u0142ym, antycznym z\u0142ocie inspirowanym niekt\u00f3rymi z najbardziej kultowych wn\u0119trz na \u015bwiecie. Jest to stonowane, postarzane z\u0142oto, kt\u00f3re przywo\u0142uje poczucie historii i odrobin\u0119 uroku vintage.<\/p>\n<\/div>\n","protected":false},"featured_media":37988,"template":"","meta":{"_acf_changed":false,"_relevanssi_hide_post":"","_relevanssi_hide_content":"","_relevanssi_pin_for_all":"","_relevanssi_pin_keywords":"","_relevanssi_unpin_keywords":"","_relevanssi_related_keywords":"","_relevanssi_related_include_ids":"","_relevanssi_related_exclude_ids":"","_relevanssi_related_no_append":"","_relevanssi_related_not_related":"","_relevanssi_related_posts":"","_relevanssi_noindex_reason":""},"product_brand":[],"product_cat":[44],"product_tag":[1247,1248,1249,1250],"class_list":{"0":"post-37987","1":"product","2":"type-product","3":"status-publish","4":"has-post-thumbnail","6":"product_cat-woski-i-inne-wykonczenia","7":"product_tag-gold","8":"product_tag-metallic","9":"product_tag-metallic-paint","10":"product_tag-traditional-gold","12":"first","13":"instock","14":"taxable","15":"shipping-taxable","16":"purchasable","17":"product-type-simple"},"acf":[],"yoast_head":"<!-- This site is optimized with the Yoast SEO Premium plugin v26.5 (Yoast SEO v26.5) - https:\/\/yoast.com\/wordpress\/plugins\/seo\/ -->\n<title>Farba metaliczna 118 ml tradycyjne z\u0142oto - Annie Sloan PL<\/title>\n<meta name=\"description\" content=\"Farba metaliczna Annie Sloan doda odrobin\u0119 bogactwa do twoich projekt\u00f3w malarskich. Dost\u0119pna w kolorze Traditional Gold, ciep\u0142ym, antycznym z\u0142ocie.\" \/>\n<meta name=\"robots\" content=\"index, follow, max-snippet:-1, max-image-preview:large, max-video-preview:-1\" \/>\n<link rel=\"canonical\" href=\"https:\/\/www.anniesloan.com\/pl\/produkt\/woski-i-inne-wykonczenia\/metallic-paint-118ml-traditional-gold\/\" \/>\n<meta property=\"og:locale\" content=\"pl_PL\" \/>\n<meta property=\"og:type\" content=\"article\" \/>\n<meta property=\"og:title\" content=\"Farba metaliczna 118 ml tradycyjne z\u0142oto\" \/>\n<meta property=\"og:description\" content=\"Farba metaliczna Annie Sloan doda odrobin\u0119 bogactwa do twoich projekt\u00f3w malarskich. Dost\u0119pna w kolorze Traditional Gold, ciep\u0142ym, antycznym z\u0142ocie.\" \/>\n<meta property=\"og:url\" content=\"https:\/\/www.anniesloan.com\/pl\/produkt\/woski-i-inne-wykonczenia\/metallic-paint-118ml-traditional-gold\/\" \/>\n<meta property=\"og:site_name\" content=\"Annie Sloan PL\" \/>\n<meta property=\"article:modified_time\" content=\"2026-04-14T12:45:22+00:00\" \/>\n<meta property=\"og:image\" content=\"https:\/\/www.anniesloan.com\/pl\/wp-content\/uploads\/sites\/5\/2025\/06\/250190-Metallic-Paint-118ml-Closed-280x1024px.jpg\" \/>\n\t<meta property=\"og:image:width\" content=\"992\" \/>\n\t<meta property=\"og:image:height\" content=\"1024\" \/>\n\t<meta property=\"og:image:type\" content=\"image\/jpeg\" \/>\n<meta name=\"twitter:card\" content=\"summary_large_image\" \/>\n<meta name=\"twitter:label1\" content=\"Price\" \/>\n\t<meta name=\"twitter:data1\" content=\"&#122;&#322;70.00\" \/>\n\t<meta name=\"twitter:label2\" content=\"Availability\" \/>\n\t<meta name=\"twitter:data2\" content=\"In stock\" \/>\n<script type=\"application\/ld+json\" class=\"yoast-schema-graph\">{\"@context\":\"https:\/\/schema.org\",\"@graph\":[{\"@type\":\"WebPage\",\"@id\":\"https:\/\/www.anniesloan.com\/pl\/produkt\/woski-i-inne-wykonczenia\/metallic-paint-118ml-traditional-gold\/\",\"url\":\"https:\/\/www.anniesloan.com\/pl\/produkt\/woski-i-inne-wykonczenia\/metallic-paint-118ml-traditional-gold\/\",\"name\":\"Farba metaliczna 118 ml tradycyjne z\u0142oto - Annie Sloan PL\",\"isPartOf\":{\"@id\":\"https:\/\/www.anniesloan.com\/pl\/#website\"},\"primaryImageOfPage\":{\"@id\":\"https:\/\/www.anniesloan.com\/pl\/produkt\/woski-i-inne-wykonczenia\/metallic-paint-118ml-traditional-gold\/#primaryimage\"},\"image\":{\"@id\":\"https:\/\/www.anniesloan.com\/pl\/produkt\/woski-i-inne-wykonczenia\/metallic-paint-118ml-traditional-gold\/#primaryimage\"},\"thumbnailUrl\":\"https:\/\/www.anniesloan.com\/pl\/wp-content\/uploads\/sites\/5\/2025\/06\/250190-Metallic-Paint-118ml-Closed-280x1024px.jpg\",\"datePublished\":\"2025-06-10T10:22:13+00:00\",\"dateModified\":\"2026-04-14T12:45:22+00:00\",\"description\":\"Farba metaliczna Annie Sloan doda odrobin\u0119 bogactwa do twoich projekt\u00f3w malarskich. Dost\u0119pna w kolorze Traditional Gold, ciep\u0142ym, antycznym z\u0142ocie.\",\"breadcrumb\":{\"@id\":\"https:\/\/www.anniesloan.com\/pl\/produkt\/woski-i-inne-wykonczenia\/metallic-paint-118ml-traditional-gold\/#breadcrumb\"},\"inLanguage\":\"pl-PL\",\"potentialAction\":[{\"@type\":\"ReadAction\",\"target\":[\"https:\/\/www.anniesloan.com\/pl\/produkt\/woski-i-inne-wykonczenia\/metallic-paint-118ml-traditional-gold\/\"]}]},{\"@type\":\"ImageObject\",\"inLanguage\":\"pl-PL\",\"@id\":\"https:\/\/www.anniesloan.com\/pl\/produkt\/woski-i-inne-wykonczenia\/metallic-paint-118ml-traditional-gold\/#primaryimage\",\"url\":\"https:\/\/www.anniesloan.com\/pl\/wp-content\/uploads\/sites\/5\/2025\/06\/250190-Metallic-Paint-118ml-Closed-280x1024px.jpg\",\"contentUrl\":\"https:\/\/www.anniesloan.com\/pl\/wp-content\/uploads\/sites\/5\/2025\/06\/250190-Metallic-Paint-118ml-Closed-280x1024px.jpg\",\"width\":992,\"height\":1024,\"caption\":\"Annie Sloan - Metallic Paint 118ml tin\"},{\"@type\":\"BreadcrumbList\",\"@id\":\"https:\/\/www.anniesloan.com\/pl\/produkt\/woski-i-inne-wykonczenia\/metallic-paint-118ml-traditional-gold\/#breadcrumb\",\"itemListElement\":[{\"@type\":\"ListItem\",\"position\":1,\"name\":\"Produkty\",\"item\":\"https:\/\/www.anniesloan.com\/pl\/produkty\/\"},{\"@type\":\"ListItem\",\"position\":2,\"name\":\"Woski i inne wyko\u0144czenia\",\"item\":\"https:\/\/www.anniesloan.com\/pl\/produkty\/woski-i-inne-wykonczenia\/\"},{\"@type\":\"ListItem\",\"position\":3,\"name\":\"Farba metaliczna 118 ml tradycyjne z\u0142oto\"}]},{\"@type\":\"WebSite\",\"@id\":\"https:\/\/www.anniesloan.com\/pl\/#website\",\"url\":\"https:\/\/www.anniesloan.com\/pl\/\",\"name\":\"Annie Sloan PL\",\"description\":\"Home of Chalk Paint\",\"potentialAction\":[{\"@type\":\"SearchAction\",\"target\":{\"@type\":\"EntryPoint\",\"urlTemplate\":\"https:\/\/www.anniesloan.com\/pl\/?s={search_term_string}\"},\"query-input\":{\"@type\":\"PropertyValueSpecification\",\"valueRequired\":true,\"valueName\":\"search_term_string\"}}],\"inLanguage\":\"pl-PL\"}]}<\/script>\n<meta property=\"product:price:amount\" content=\"70.00\" \/>\n<meta property=\"product:price:currency\" content=\"PLN\" \/>\n<meta property=\"og:availability\" content=\"instock\" \/>\n<meta property=\"product:availability\" content=\"instock\" \/>\n<meta property=\"product:retailer_item_id\" content=\"MPTG001.1002.01\" \/>\n<meta property=\"product:condition\" content=\"new\" \/>\n<!-- \/ Yoast SEO Premium plugin. -->","yoast_head_json":{"title":"Farba metaliczna 118 ml tradycyjne z\u0142oto - Annie Sloan PL","description":"Farba metaliczna Annie Sloan doda odrobin\u0119 bogactwa do twoich projekt\u00f3w malarskich. Dost\u0119pna w kolorze Traditional Gold, ciep\u0142ym, antycznym z\u0142ocie.","robots":{"index":"index","follow":"follow","max-snippet":"max-snippet:-1","max-image-preview":"max-image-preview:large","max-video-preview":"max-video-preview:-1"},"canonical":"https:\/\/www.anniesloan.com\/pl\/produkt\/woski-i-inne-wykonczenia\/metallic-paint-118ml-traditional-gold\/","og_locale":"pl_PL","og_type":"article","og_title":"Farba metaliczna 118 ml tradycyjne z\u0142oto","og_description":"Farba metaliczna Annie Sloan doda odrobin\u0119 bogactwa do twoich projekt\u00f3w malarskich. Dost\u0119pna w kolorze Traditional Gold, ciep\u0142ym, antycznym z\u0142ocie.","og_url":"https:\/\/www.anniesloan.com\/pl\/produkt\/woski-i-inne-wykonczenia\/metallic-paint-118ml-traditional-gold\/","og_site_name":"Annie Sloan PL","article_modified_time":"2026-04-14T12:45:22+00:00","og_image":[{"width":992,"height":1024,"url":"https:\/\/www.anniesloan.com\/pl\/wp-content\/uploads\/sites\/5\/2025\/06\/250190-Metallic-Paint-118ml-Closed-280x1024px.jpg","type":"image\/jpeg"}],"twitter_card":"summary_large_image","twitter_misc":{"Price":"&#122;&#322;70.00","Availability":"In stock"},"schema":{"@context":"https:\/\/schema.org","@graph":[{"@type":"WebPage","@id":"https:\/\/www.anniesloan.com\/pl\/produkt\/woski-i-inne-wykonczenia\/metallic-paint-118ml-traditional-gold\/","url":"https:\/\/www.anniesloan.com\/pl\/produkt\/woski-i-inne-wykonczenia\/metallic-paint-118ml-traditional-gold\/","name":"Farba metaliczna 118 ml tradycyjne z\u0142oto - Annie Sloan PL","isPartOf":{"@id":"https:\/\/www.anniesloan.com\/pl\/#website"},"primaryImageOfPage":{"@id":"https:\/\/www.anniesloan.com\/pl\/produkt\/woski-i-inne-wykonczenia\/metallic-paint-118ml-traditional-gold\/#primaryimage"},"image":{"@id":"https:\/\/www.anniesloan.com\/pl\/produkt\/woski-i-inne-wykonczenia\/metallic-paint-118ml-traditional-gold\/#primaryimage"},"thumbnailUrl":"https:\/\/www.anniesloan.com\/pl\/wp-content\/uploads\/sites\/5\/2025\/06\/250190-Metallic-Paint-118ml-Closed-280x1024px.jpg","datePublished":"2025-06-10T10:22:13+00:00","dateModified":"2026-04-14T12:45:22+00:00","description":"Farba metaliczna Annie Sloan doda odrobin\u0119 bogactwa do twoich projekt\u00f3w malarskich. Dost\u0119pna w kolorze Traditional Gold, ciep\u0142ym, antycznym z\u0142ocie.","breadcrumb":{"@id":"https:\/\/www.anniesloan.com\/pl\/produkt\/woski-i-inne-wykonczenia\/metallic-paint-118ml-traditional-gold\/#breadcrumb"},"inLanguage":"pl-PL","potentialAction":[{"@type":"ReadAction","target":["https:\/\/www.anniesloan.com\/pl\/produkt\/woski-i-inne-wykonczenia\/metallic-paint-118ml-traditional-gold\/"]}]},{"@type":"ImageObject","inLanguage":"pl-PL","@id":"https:\/\/www.anniesloan.com\/pl\/produkt\/woski-i-inne-wykonczenia\/metallic-paint-118ml-traditional-gold\/#primaryimage","url":"https:\/\/www.anniesloan.com\/pl\/wp-content\/uploads\/sites\/5\/2025\/06\/250190-Metallic-Paint-118ml-Closed-280x1024px.jpg","contentUrl":"https:\/\/www.anniesloan.com\/pl\/wp-content\/uploads\/sites\/5\/2025\/06\/250190-Metallic-Paint-118ml-Closed-280x1024px.jpg","width":992,"height":1024,"caption":"Annie Sloan - Metallic Paint 118ml tin"},{"@type":"BreadcrumbList","@id":"https:\/\/www.anniesloan.com\/pl\/produkt\/woski-i-inne-wykonczenia\/metallic-paint-118ml-traditional-gold\/#breadcrumb","itemListElement":[{"@type":"ListItem","position":1,"name":"Produkty","item":"https:\/\/www.anniesloan.com\/pl\/produkty\/"},{"@type":"ListItem","position":2,"name":"Woski i inne wyko\u0144czenia","item":"https:\/\/www.anniesloan.com\/pl\/produkty\/woski-i-inne-wykonczenia\/"},{"@type":"ListItem","position":3,"name":"Farba metaliczna 118 ml tradycyjne z\u0142oto"}]},{"@type":"WebSite","@id":"https:\/\/www.anniesloan.com\/pl\/#website","url":"https:\/\/www.anniesloan.com\/pl\/","name":"Annie Sloan PL","description":"Home of Chalk Paint","potentialAction":[{"@type":"SearchAction","target":{"@type":"EntryPoint","urlTemplate":"https:\/\/www.anniesloan.com\/pl\/?s={search_term_string}"},"query-input":{"@type":"PropertyValueSpecification","valueRequired":true,"valueName":"search_term_string"}}],"inLanguage":"pl-PL"}]},"product_price_amount":"70.00","product_price_currency":"PLN","og_availability":"instock","product_availability":"instock","product_retailer_item_id":"MPTG001.1002.01","product_condition":"new"},"_links":{"self":[{"href":"https:\/\/www.anniesloan.com\/pl\/wp-json\/wp\/v2\/product\/37987","targetHints":{"allow":["GET"]}}],"collection":[{"href":"https:\/\/www.anniesloan.com\/pl\/wp-json\/wp\/v2\/product"}],"about":[{"href":"https:\/\/www.anniesloan.com\/pl\/wp-json\/wp\/v2\/types\/product"}],"wp:featuredmedia":[{"embeddable":true,"href":"https:\/\/www.anniesloan.com\/pl\/wp-json\/wp\/v2\/media\/37988"}],"wp:attachment":[{"href":"https:\/\/www.anniesloan.com\/pl\/wp-json\/wp\/v2\/media?parent=37987"}],"wp:term":[{"taxonomy":"product_brand","embeddable":true,"href":"https:\/\/www.anniesloan.com\/pl\/wp-json\/wp\/v2\/product_brand?post=37987"},{"taxonomy":"product_cat","embeddable":true,"href":"https:\/\/www.anniesloan.com\/pl\/wp-json\/wp\/v2\/product_cat?post=37987"},{"taxonomy":"product_tag","embeddable":true,"href":"https:\/\/www.anniesloan.com\/pl\/wp-json\/wp\/v2\/product_tag?post=37987"}],"curies":[{"name":"wp","href":"https:\/\/api.w.org\/{rel}","templated":true}]}}