{"id":37864,"date":"2025-04-08T09:47:12","date_gmt":"2025-04-08T08:47:12","guid":{"rendered":"https:\/\/www.anniesloan.com\/?post_type=product&#038;p=165202"},"modified":"2025-12-03T10:16:03","modified_gmt":"2025-12-03T09:16:03","slug":"colourful-living-book-signed-by-annie-sloan","status":"publish","type":"product","link":"https:\/\/www.anniesloan.com\/pl\/produkt\/ksiazki\/colourful-living-book-signed-by-annie-sloan\/","title":{"rendered":"Colourful Living Book"},"content":{"rendered":"","protected":false},"excerpt":{"rendered":"<p>W ksi\u0105\u017cce Colourful Living Annie Sloan przedstawia 30 zupe\u0142nie nowych projekt\u00f3w upcyklingowych, dzi\u0119ki kt\u00f3rym stare meble zyskaj\u0105 drugie \u017cycie.<\/p>\n<p>Ka\u017cdy projekt w ksi\u0105\u017cce przekszta\u0142ca niekochany przedmiot z drugiej r\u0119ki w co\u015b pi\u0119knego i wyj\u0105tkowego, a Annie zapewnia fachowe porady dotycz\u0105ce pozyskiwania oryginalnych element\u00f3w na pchlich targach i w Internecie. Projekty s\u0105 pogrupowane wed\u0142ug prostoty i czasu wymaganego do uko\u0144czenia ka\u017cdego z nich, od popo\u0142udnia do weekendu. Zastosowane techniki obejmuj\u0105 malowanie, z\u0142ocenie, farbowanie tkanin, stemplowanie, drukowanie i szablonowanie, a ka\u017cda z nich jest jasno wyja\u015bniona na \u0142atwych do wykonania fotografiach krok po kroku.<\/p>\n<p><strong>Jest to 27. ksi\u0105\u017cka Annie, kt\u00f3ra ukaza\u0142a si\u0119 8 kwietnia 2025 roku.<\/strong><\/p>\n<p>Annie Sloan&#8217;s Colourful Living zosta\u0142a wydana przez CICO Books \u00a9 CICO Books<\/p>\n","protected":false},"featured_media":37865,"template":"","meta":{"_acf_changed":false,"_relevanssi_hide_post":"","_relevanssi_hide_content":"","_relevanssi_pin_for_all":"","_relevanssi_pin_keywords":"","_relevanssi_unpin_keywords":"","_relevanssi_related_keywords":"","_relevanssi_related_include_ids":"","_relevanssi_related_exclude_ids":"","_relevanssi_related_no_append":"","_relevanssi_related_not_related":"","_relevanssi_related_posts":"","_relevanssi_noindex_reason":""},"product_brand":[],"product_cat":[66],"product_tag":[1038],"class_list":{"0":"post-37864","1":"product","2":"type-product","3":"status-publish","4":"has-post-thumbnail","6":"product_cat-ksiazki","7":"product_tag-ksiazki","9":"first","10":"outofstock","11":"taxable","12":"shipping-taxable","13":"purchasable","14":"product-type-simple"},"acf":[],"yoast_head":"<!-- This site is optimized with the Yoast SEO Premium plugin v26.5 (Yoast SEO v26.5) - https:\/\/yoast.com\/wordpress\/plugins\/seo\/ -->\n<title>Colourful Living Book, Signed by Annie Sloan<\/title>\n<meta name=\"description\" content=\"W ksi\u0105\u017cce Colourful Living Annie Sloan przedstawia 30 zupe\u0142nie nowych projekt\u00f3w upcyklingowych, dzi\u0119ki kt\u00f3rym stare meble zyskaj\u0105 drugie \u017cycie.\" \/>\n<meta name=\"robots\" content=\"index, follow, max-snippet:-1, max-image-preview:large, max-video-preview:-1\" \/>\n<link rel=\"canonical\" href=\"https:\/\/www.anniesloan.com\/pl\/produkt\/ksiazki\/colourful-living-book-signed-by-annie-sloan\/\" \/>\n<meta property=\"og:locale\" content=\"pl_PL\" \/>\n<meta property=\"og:type\" content=\"article\" \/>\n<meta property=\"og:title\" content=\"Colourful Living Book\" \/>\n<meta property=\"og:description\" content=\"W ksi\u0105\u017cce Colourful Living Annie Sloan przedstawia 30 zupe\u0142nie nowych projekt\u00f3w upcyklingowych, dzi\u0119ki kt\u00f3rym stare meble zyskaj\u0105 drugie \u017cycie.\" \/>\n<meta property=\"og:url\" content=\"https:\/\/www.anniesloan.com\/pl\/produkt\/ksiazki\/colourful-living-book-signed-by-annie-sloan\/\" \/>\n<meta property=\"og:site_name\" content=\"Annie Sloan PL\" \/>\n<meta property=\"article:modified_time\" content=\"2025-12-03T09:16:03+00:00\" \/>\n<meta property=\"og:image\" content=\"https:\/\/www.anniesloan.com\/pl\/wp-content\/uploads\/sites\/5\/2025\/04\/Colourful-Living-Bk-1280-x1024px.jpg\" \/>\n\t<meta property=\"og:image:width\" content=\"1024\" \/>\n\t<meta property=\"og:image:height\" content=\"1280\" \/>\n\t<meta property=\"og:image:type\" content=\"image\/jpeg\" \/>\n<meta name=\"twitter:card\" content=\"summary_large_image\" \/>\n<meta name=\"twitter:label1\" content=\"Price\" \/>\n\t<meta name=\"twitter:data1\" content=\"&#122;&#322;95.00\" \/>\n\t<meta name=\"twitter:label2\" content=\"Availability\" \/>\n\t<meta name=\"twitter:data2\" content=\"Out of stock\" \/>\n<script type=\"application\/ld+json\" class=\"yoast-schema-graph\">{\"@context\":\"https:\/\/schema.org\",\"@graph\":[{\"@type\":\"WebPage\",\"@id\":\"https:\/\/www.anniesloan.com\/pl\/produkt\/ksiazki\/colourful-living-book-signed-by-annie-sloan\/\",\"url\":\"https:\/\/www.anniesloan.com\/pl\/produkt\/ksiazki\/colourful-living-book-signed-by-annie-sloan\/\",\"name\":\"Colourful Living Book, Signed by Annie Sloan\",\"isPartOf\":{\"@id\":\"https:\/\/www.anniesloan.com\/pl\/#website\"},\"primaryImageOfPage\":{\"@id\":\"https:\/\/www.anniesloan.com\/pl\/produkt\/ksiazki\/colourful-living-book-signed-by-annie-sloan\/#primaryimage\"},\"image\":{\"@id\":\"https:\/\/www.anniesloan.com\/pl\/produkt\/ksiazki\/colourful-living-book-signed-by-annie-sloan\/#primaryimage\"},\"thumbnailUrl\":\"https:\/\/www.anniesloan.com\/pl\/wp-content\/uploads\/sites\/5\/2025\/04\/Colourful-Living-Bk-1280-x1024px.jpg\",\"datePublished\":\"2025-04-08T08:47:12+00:00\",\"dateModified\":\"2025-12-03T09:16:03+00:00\",\"description\":\"W ksi\u0105\u017cce Colourful Living Annie Sloan przedstawia 30 zupe\u0142nie nowych projekt\u00f3w upcyklingowych, dzi\u0119ki kt\u00f3rym stare meble zyskaj\u0105 drugie \u017cycie.\",\"breadcrumb\":{\"@id\":\"https:\/\/www.anniesloan.com\/pl\/produkt\/ksiazki\/colourful-living-book-signed-by-annie-sloan\/#breadcrumb\"},\"inLanguage\":\"pl-PL\",\"potentialAction\":[{\"@type\":\"ReadAction\",\"target\":[\"https:\/\/www.anniesloan.com\/pl\/produkt\/ksiazki\/colourful-living-book-signed-by-annie-sloan\/\"]}]},{\"@type\":\"ImageObject\",\"inLanguage\":\"pl-PL\",\"@id\":\"https:\/\/www.anniesloan.com\/pl\/produkt\/ksiazki\/colourful-living-book-signed-by-annie-sloan\/#primaryimage\",\"url\":\"https:\/\/www.anniesloan.com\/pl\/wp-content\/uploads\/sites\/5\/2025\/04\/Colourful-Living-Bk-1280-x1024px.jpg\",\"contentUrl\":\"https:\/\/www.anniesloan.com\/pl\/wp-content\/uploads\/sites\/5\/2025\/04\/Colourful-Living-Bk-1280-x1024px.jpg\",\"width\":1024,\"height\":1280,\"caption\":\"Colourful living book by Annie Sloan front cover\"},{\"@type\":\"BreadcrumbList\",\"@id\":\"https:\/\/www.anniesloan.com\/pl\/produkt\/ksiazki\/colourful-living-book-signed-by-annie-sloan\/#breadcrumb\",\"itemListElement\":[{\"@type\":\"ListItem\",\"position\":1,\"name\":\"Produkty\",\"item\":\"https:\/\/www.anniesloan.com\/pl\/produkty\/\"},{\"@type\":\"ListItem\",\"position\":2,\"name\":\"Ksi\u0105\u017cki\",\"item\":\"https:\/\/www.anniesloan.com\/pl\/produkty\/ksiazki\/\"},{\"@type\":\"ListItem\",\"position\":3,\"name\":\"Colourful Living Book\"}]},{\"@type\":\"WebSite\",\"@id\":\"https:\/\/www.anniesloan.com\/pl\/#website\",\"url\":\"https:\/\/www.anniesloan.com\/pl\/\",\"name\":\"Annie Sloan PL\",\"description\":\"Home of Chalk Paint\",\"potentialAction\":[{\"@type\":\"SearchAction\",\"target\":{\"@type\":\"EntryPoint\",\"urlTemplate\":\"https:\/\/www.anniesloan.com\/pl\/?s={search_term_string}\"},\"query-input\":{\"@type\":\"PropertyValueSpecification\",\"valueRequired\":true,\"valueName\":\"search_term_string\"}}],\"inLanguage\":\"pl-PL\"}]}<\/script>\n<meta property=\"product:price:amount\" content=\"95.00\" \/>\n<meta property=\"product:price:currency\" content=\"PLN\" \/>\n<meta property=\"og:availability\" content=\"out of stock\" \/>\n<meta property=\"product:availability\" content=\"out of stock\" \/>\n<meta property=\"product:retailer_item_id\" content=\"BCOLL59.GB01.01\" \/>\n<meta property=\"product:condition\" content=\"new\" \/>\n<!-- \/ Yoast SEO Premium plugin. -->","yoast_head_json":{"title":"Colourful Living Book, Signed by Annie Sloan","description":"W ksi\u0105\u017cce Colourful Living Annie Sloan przedstawia 30 zupe\u0142nie nowych projekt\u00f3w upcyklingowych, dzi\u0119ki kt\u00f3rym stare meble zyskaj\u0105 drugie \u017cycie.","robots":{"index":"index","follow":"follow","max-snippet":"max-snippet:-1","max-image-preview":"max-image-preview:large","max-video-preview":"max-video-preview:-1"},"canonical":"https:\/\/www.anniesloan.com\/pl\/produkt\/ksiazki\/colourful-living-book-signed-by-annie-sloan\/","og_locale":"pl_PL","og_type":"article","og_title":"Colourful Living Book","og_description":"W ksi\u0105\u017cce Colourful Living Annie Sloan przedstawia 30 zupe\u0142nie nowych projekt\u00f3w upcyklingowych, dzi\u0119ki kt\u00f3rym stare meble zyskaj\u0105 drugie \u017cycie.","og_url":"https:\/\/www.anniesloan.com\/pl\/produkt\/ksiazki\/colourful-living-book-signed-by-annie-sloan\/","og_site_name":"Annie Sloan PL","article_modified_time":"2025-12-03T09:16:03+00:00","og_image":[{"width":1024,"height":1280,"url":"https:\/\/www.anniesloan.com\/pl\/wp-content\/uploads\/sites\/5\/2025\/04\/Colourful-Living-Bk-1280-x1024px.jpg","type":"image\/jpeg"}],"twitter_card":"summary_large_image","twitter_misc":{"Price":"&#122;&#322;95.00","Availability":"Out of stock"},"schema":{"@context":"https:\/\/schema.org","@graph":[{"@type":"WebPage","@id":"https:\/\/www.anniesloan.com\/pl\/produkt\/ksiazki\/colourful-living-book-signed-by-annie-sloan\/","url":"https:\/\/www.anniesloan.com\/pl\/produkt\/ksiazki\/colourful-living-book-signed-by-annie-sloan\/","name":"Colourful Living Book, Signed by Annie Sloan","isPartOf":{"@id":"https:\/\/www.anniesloan.com\/pl\/#website"},"primaryImageOfPage":{"@id":"https:\/\/www.anniesloan.com\/pl\/produkt\/ksiazki\/colourful-living-book-signed-by-annie-sloan\/#primaryimage"},"image":{"@id":"https:\/\/www.anniesloan.com\/pl\/produkt\/ksiazki\/colourful-living-book-signed-by-annie-sloan\/#primaryimage"},"thumbnailUrl":"https:\/\/www.anniesloan.com\/pl\/wp-content\/uploads\/sites\/5\/2025\/04\/Colourful-Living-Bk-1280-x1024px.jpg","datePublished":"2025-04-08T08:47:12+00:00","dateModified":"2025-12-03T09:16:03+00:00","description":"W ksi\u0105\u017cce Colourful Living Annie Sloan przedstawia 30 zupe\u0142nie nowych projekt\u00f3w upcyklingowych, dzi\u0119ki kt\u00f3rym stare meble zyskaj\u0105 drugie \u017cycie.","breadcrumb":{"@id":"https:\/\/www.anniesloan.com\/pl\/produkt\/ksiazki\/colourful-living-book-signed-by-annie-sloan\/#breadcrumb"},"inLanguage":"pl-PL","potentialAction":[{"@type":"ReadAction","target":["https:\/\/www.anniesloan.com\/pl\/produkt\/ksiazki\/colourful-living-book-signed-by-annie-sloan\/"]}]},{"@type":"ImageObject","inLanguage":"pl-PL","@id":"https:\/\/www.anniesloan.com\/pl\/produkt\/ksiazki\/colourful-living-book-signed-by-annie-sloan\/#primaryimage","url":"https:\/\/www.anniesloan.com\/pl\/wp-content\/uploads\/sites\/5\/2025\/04\/Colourful-Living-Bk-1280-x1024px.jpg","contentUrl":"https:\/\/www.anniesloan.com\/pl\/wp-content\/uploads\/sites\/5\/2025\/04\/Colourful-Living-Bk-1280-x1024px.jpg","width":1024,"height":1280,"caption":"Colourful living book by Annie Sloan front cover"},{"@type":"BreadcrumbList","@id":"https:\/\/www.anniesloan.com\/pl\/produkt\/ksiazki\/colourful-living-book-signed-by-annie-sloan\/#breadcrumb","itemListElement":[{"@type":"ListItem","position":1,"name":"Produkty","item":"https:\/\/www.anniesloan.com\/pl\/produkty\/"},{"@type":"ListItem","position":2,"name":"Ksi\u0105\u017cki","item":"https:\/\/www.anniesloan.com\/pl\/produkty\/ksiazki\/"},{"@type":"ListItem","position":3,"name":"Colourful Living Book"}]},{"@type":"WebSite","@id":"https:\/\/www.anniesloan.com\/pl\/#website","url":"https:\/\/www.anniesloan.com\/pl\/","name":"Annie Sloan PL","description":"Home of Chalk Paint","potentialAction":[{"@type":"SearchAction","target":{"@type":"EntryPoint","urlTemplate":"https:\/\/www.anniesloan.com\/pl\/?s={search_term_string}"},"query-input":{"@type":"PropertyValueSpecification","valueRequired":true,"valueName":"search_term_string"}}],"inLanguage":"pl-PL"}]},"product_price_amount":"95.00","product_price_currency":"PLN","og_availability":"out of stock","product_availability":"out of stock","product_retailer_item_id":"BCOLL59.GB01.01","product_condition":"new"},"_links":{"self":[{"href":"https:\/\/www.anniesloan.com\/pl\/wp-json\/wp\/v2\/product\/37864","targetHints":{"allow":["GET"]}}],"collection":[{"href":"https:\/\/www.anniesloan.com\/pl\/wp-json\/wp\/v2\/product"}],"about":[{"href":"https:\/\/www.anniesloan.com\/pl\/wp-json\/wp\/v2\/types\/product"}],"wp:featuredmedia":[{"embeddable":true,"href":"https:\/\/www.anniesloan.com\/pl\/wp-json\/wp\/v2\/media\/37865"}],"wp:attachment":[{"href":"https:\/\/www.anniesloan.com\/pl\/wp-json\/wp\/v2\/media?parent=37864"}],"wp:term":[{"taxonomy":"product_brand","embeddable":true,"href":"https:\/\/www.anniesloan.com\/pl\/wp-json\/wp\/v2\/product_brand?post=37864"},{"taxonomy":"product_cat","embeddable":true,"href":"https:\/\/www.anniesloan.com\/pl\/wp-json\/wp\/v2\/product_cat?post=37864"},{"taxonomy":"product_tag","embeddable":true,"href":"https:\/\/www.anniesloan.com\/pl\/wp-json\/wp\/v2\/product_tag?post=37864"}],"curies":[{"name":"wp","href":"https:\/\/api.w.org\/{rel}","templated":true}]}}