{"id":37840,"date":"2024-10-10T12:01:34","date_gmt":"2024-10-10T11:01:34","guid":{"rendered":"https:\/\/www.anniesloan.com\/?post_type=product&#038;p=160158"},"modified":"2026-02-13T08:45:57","modified_gmt":"2026-02-13T07:45:57","slug":"etui-do-przechowywania-szczotki","status":"publish","type":"product","link":"https:\/\/www.anniesloan.com\/pl\/produkt\/pedzle-i-narzedzia\/etui-do-przechowywania-szczotki\/","title":{"rendered":"Etui do przechowywania szczotki"},"content":{"rendered":"","protected":false},"excerpt":{"rendered":"<p>Uporz\u0105dkuj i chro\u0144 swoje przybory malarskie dzi\u0119ki etui na p\u0119dzle Annie Sloan Organic Canvas. Wykonane z wytrzyma\u0142ego, wysokiej jako\u015bci p\u0142\u00f3tna, to stylowe etui posiada solidny zamek b\u0142yskawiczny i pi\u0119knie zaprojektowan\u0105 zewn\u0119trzn\u0105 stron\u0119, kt\u00f3ra odzwierciedla charakterystyczn\u0105 estetyk\u0119 Annie Sloan.<\/p>\n<p>Dzi\u0119ki du\u017cej ilo\u015bci miejsca na p\u0119dzle o r\u00f3\u017cnych rozmiarach, to etui zapewnia porz\u0105dek i \u0142atwy dost\u0119p do narz\u0119dzi.<\/p>\n<p>Etui na p\u0119dzle Annie Sloan Organic Canvas Brush Storage Pouch to idealne po\u0142\u0105czenie funkcjonalno\u015bci i elegancji dla ka\u017cdej kreatywnej duszy.<\/p>\n<p>Przet\u0142umaczono z DeepL.com (wersja darmowa)<\/p>\n","protected":false},"featured_media":37841,"template":"","meta":{"_acf_changed":false,"_relevanssi_hide_post":"","_relevanssi_hide_content":"","_relevanssi_pin_for_all":"","_relevanssi_pin_keywords":"","_relevanssi_unpin_keywords":"","_relevanssi_related_keywords":"","_relevanssi_related_include_ids":"","_relevanssi_related_exclude_ids":"","_relevanssi_related_no_append":"","_relevanssi_related_not_related":"","_relevanssi_related_posts":"","_relevanssi_noindex_reason":""},"product_brand":[],"product_cat":[57],"product_tag":[1238],"class_list":{"0":"post-37840","1":"product","2":"type-product","3":"status-publish","4":"has-post-thumbnail","6":"product_cat-pedzle-i-narzedzia","7":"product_tag-brushes","9":"first","10":"instock","11":"taxable","12":"shipping-taxable","13":"purchasable","14":"product-type-simple"},"acf":[],"yoast_head":"<!-- This site is optimized with the Yoast SEO Premium plugin v26.5 (Yoast SEO v26.5) - https:\/\/yoast.com\/wordpress\/plugins\/seo\/ -->\n<title>Etui do przechowywania szczotki | Annie Sloan<\/title>\n<meta name=\"description\" content=\"Uporz\u0105dkuj i chro\u0144 swoje przybory malarskie dzi\u0119ki etui na p\u0119dzle Annie Sloan Organic Canvas.\" \/>\n<meta name=\"robots\" content=\"index, follow, max-snippet:-1, max-image-preview:large, max-video-preview:-1\" \/>\n<link rel=\"canonical\" href=\"https:\/\/www.anniesloan.com\/pl\/produkt\/pedzle-i-narzedzia\/etui-do-przechowywania-szczotki\/\" \/>\n<meta property=\"og:locale\" content=\"pl_PL\" \/>\n<meta property=\"og:type\" content=\"article\" \/>\n<meta property=\"og:title\" content=\"Etui do przechowywania szczotki\" \/>\n<meta property=\"og:description\" content=\"Uporz\u0105dkuj i chro\u0144 swoje przybory malarskie dzi\u0119ki etui na p\u0119dzle Annie Sloan Organic Canvas.\" \/>\n<meta property=\"og:url\" content=\"https:\/\/www.anniesloan.com\/pl\/produkt\/pedzle-i-narzedzia\/etui-do-przechowywania-szczotki\/\" \/>\n<meta property=\"og:site_name\" content=\"Annie Sloan PL\" \/>\n<meta property=\"article:modified_time\" content=\"2026-02-13T07:45:57+00:00\" \/>\n<meta property=\"og:image\" content=\"https:\/\/www.anniesloan.com\/pl\/wp-content\/uploads\/sites\/5\/2025\/04\/Pouch-with-brushes-CFC-1280\u200a\u00d7\u200a1024.png\" \/>\n\t<meta property=\"og:image:width\" content=\"1280\" \/>\n\t<meta property=\"og:image:height\" content=\"1024\" \/>\n\t<meta property=\"og:image:type\" content=\"image\/png\" \/>\n<meta name=\"twitter:card\" content=\"summary_large_image\" \/>\n<meta name=\"twitter:label1\" content=\"Price\" \/>\n\t<meta name=\"twitter:data1\" content=\"&#122;&#322;80.00\" \/>\n\t<meta name=\"twitter:label2\" content=\"Availability\" \/>\n\t<meta name=\"twitter:data2\" content=\"In stock\" \/>\n<script type=\"application\/ld+json\" class=\"yoast-schema-graph\">{\"@context\":\"https:\/\/schema.org\",\"@graph\":[{\"@type\":\"WebPage\",\"@id\":\"https:\/\/www.anniesloan.com\/pl\/produkt\/pedzle-i-narzedzia\/etui-do-przechowywania-szczotki\/\",\"url\":\"https:\/\/www.anniesloan.com\/pl\/produkt\/pedzle-i-narzedzia\/etui-do-przechowywania-szczotki\/\",\"name\":\"Etui do przechowywania szczotki | Annie Sloan\",\"isPartOf\":{\"@id\":\"https:\/\/www.anniesloan.com\/pl\/#website\"},\"primaryImageOfPage\":{\"@id\":\"https:\/\/www.anniesloan.com\/pl\/produkt\/pedzle-i-narzedzia\/etui-do-przechowywania-szczotki\/#primaryimage\"},\"image\":{\"@id\":\"https:\/\/www.anniesloan.com\/pl\/produkt\/pedzle-i-narzedzia\/etui-do-przechowywania-szczotki\/#primaryimage\"},\"thumbnailUrl\":\"https:\/\/www.anniesloan.com\/pl\/wp-content\/uploads\/sites\/5\/2025\/04\/Pouch-with-brushes-CFC-1280\u200a\u00d7\u200a1024.png\",\"datePublished\":\"2024-10-10T11:01:34+00:00\",\"dateModified\":\"2026-02-13T07:45:57+00:00\",\"description\":\"Uporz\u0105dkuj i chro\u0144 swoje przybory malarskie dzi\u0119ki etui na p\u0119dzle Annie Sloan Organic Canvas.\",\"breadcrumb\":{\"@id\":\"https:\/\/www.anniesloan.com\/pl\/produkt\/pedzle-i-narzedzia\/etui-do-przechowywania-szczotki\/#breadcrumb\"},\"inLanguage\":\"pl-PL\",\"potentialAction\":[{\"@type\":\"ReadAction\",\"target\":[\"https:\/\/www.anniesloan.com\/pl\/produkt\/pedzle-i-narzedzia\/etui-do-przechowywania-szczotki\/\"]}]},{\"@type\":\"ImageObject\",\"inLanguage\":\"pl-PL\",\"@id\":\"https:\/\/www.anniesloan.com\/pl\/produkt\/pedzle-i-narzedzia\/etui-do-przechowywania-szczotki\/#primaryimage\",\"url\":\"https:\/\/www.anniesloan.com\/pl\/wp-content\/uploads\/sites\/5\/2025\/04\/Pouch-with-brushes-CFC-1280\u200a\u00d7\u200a1024.png\",\"contentUrl\":\"https:\/\/www.anniesloan.com\/pl\/wp-content\/uploads\/sites\/5\/2025\/04\/Pouch-with-brushes-CFC-1280\u200a\u00d7\u200a1024.png\",\"width\":1280,\"height\":1024,\"caption\":\"Annie Sloan brush pouch\"},{\"@type\":\"BreadcrumbList\",\"@id\":\"https:\/\/www.anniesloan.com\/pl\/produkt\/pedzle-i-narzedzia\/etui-do-przechowywania-szczotki\/#breadcrumb\",\"itemListElement\":[{\"@type\":\"ListItem\",\"position\":1,\"name\":\"Produkty\",\"item\":\"https:\/\/www.anniesloan.com\/pl\/produkty\/\"},{\"@type\":\"ListItem\",\"position\":2,\"name\":\"P\u0119dzle i Narz\u0119dzia\",\"item\":\"https:\/\/www.anniesloan.com\/pl\/produkty\/pedzle-i-narzedzia\/\"},{\"@type\":\"ListItem\",\"position\":3,\"name\":\"Etui do przechowywania szczotki\"}]},{\"@type\":\"WebSite\",\"@id\":\"https:\/\/www.anniesloan.com\/pl\/#website\",\"url\":\"https:\/\/www.anniesloan.com\/pl\/\",\"name\":\"Annie Sloan PL\",\"description\":\"Home of Chalk Paint\",\"potentialAction\":[{\"@type\":\"SearchAction\",\"target\":{\"@type\":\"EntryPoint\",\"urlTemplate\":\"https:\/\/www.anniesloan.com\/pl\/?s={search_term_string}\"},\"query-input\":{\"@type\":\"PropertyValueSpecification\",\"valueRequired\":true,\"valueName\":\"search_term_string\"}}],\"inLanguage\":\"pl-PL\"}]}<\/script>\n<meta property=\"product:price:amount\" content=\"80.00\" \/>\n<meta property=\"product:price:currency\" content=\"PLN\" \/>\n<meta property=\"og:availability\" content=\"instock\" \/>\n<meta property=\"product:availability\" content=\"instock\" \/>\n<meta property=\"product:retailer_item_id\" content=\"GWIA0000BRUPOU0001\" \/>\n<meta property=\"product:condition\" content=\"new\" \/>\n<!-- \/ Yoast SEO Premium plugin. -->","yoast_head_json":{"title":"Etui do przechowywania szczotki | Annie Sloan","description":"Uporz\u0105dkuj i chro\u0144 swoje przybory malarskie dzi\u0119ki etui na p\u0119dzle Annie Sloan Organic Canvas.","robots":{"index":"index","follow":"follow","max-snippet":"max-snippet:-1","max-image-preview":"max-image-preview:large","max-video-preview":"max-video-preview:-1"},"canonical":"https:\/\/www.anniesloan.com\/pl\/produkt\/pedzle-i-narzedzia\/etui-do-przechowywania-szczotki\/","og_locale":"pl_PL","og_type":"article","og_title":"Etui do przechowywania szczotki","og_description":"Uporz\u0105dkuj i chro\u0144 swoje przybory malarskie dzi\u0119ki etui na p\u0119dzle Annie Sloan Organic Canvas.","og_url":"https:\/\/www.anniesloan.com\/pl\/produkt\/pedzle-i-narzedzia\/etui-do-przechowywania-szczotki\/","og_site_name":"Annie Sloan PL","article_modified_time":"2026-02-13T07:45:57+00:00","og_image":[{"width":1280,"height":1024,"url":"https:\/\/www.anniesloan.com\/pl\/wp-content\/uploads\/sites\/5\/2025\/04\/Pouch-with-brushes-CFC-1280\u200a\u00d7\u200a1024.png","type":"image\/png"}],"twitter_card":"summary_large_image","twitter_misc":{"Price":"&#122;&#322;80.00","Availability":"In stock"},"schema":{"@context":"https:\/\/schema.org","@graph":[{"@type":"WebPage","@id":"https:\/\/www.anniesloan.com\/pl\/produkt\/pedzle-i-narzedzia\/etui-do-przechowywania-szczotki\/","url":"https:\/\/www.anniesloan.com\/pl\/produkt\/pedzle-i-narzedzia\/etui-do-przechowywania-szczotki\/","name":"Etui do przechowywania szczotki | Annie Sloan","isPartOf":{"@id":"https:\/\/www.anniesloan.com\/pl\/#website"},"primaryImageOfPage":{"@id":"https:\/\/www.anniesloan.com\/pl\/produkt\/pedzle-i-narzedzia\/etui-do-przechowywania-szczotki\/#primaryimage"},"image":{"@id":"https:\/\/www.anniesloan.com\/pl\/produkt\/pedzle-i-narzedzia\/etui-do-przechowywania-szczotki\/#primaryimage"},"thumbnailUrl":"https:\/\/www.anniesloan.com\/pl\/wp-content\/uploads\/sites\/5\/2025\/04\/Pouch-with-brushes-CFC-1280\u200a\u00d7\u200a1024.png","datePublished":"2024-10-10T11:01:34+00:00","dateModified":"2026-02-13T07:45:57+00:00","description":"Uporz\u0105dkuj i chro\u0144 swoje przybory malarskie dzi\u0119ki etui na p\u0119dzle Annie Sloan Organic Canvas.","breadcrumb":{"@id":"https:\/\/www.anniesloan.com\/pl\/produkt\/pedzle-i-narzedzia\/etui-do-przechowywania-szczotki\/#breadcrumb"},"inLanguage":"pl-PL","potentialAction":[{"@type":"ReadAction","target":["https:\/\/www.anniesloan.com\/pl\/produkt\/pedzle-i-narzedzia\/etui-do-przechowywania-szczotki\/"]}]},{"@type":"ImageObject","inLanguage":"pl-PL","@id":"https:\/\/www.anniesloan.com\/pl\/produkt\/pedzle-i-narzedzia\/etui-do-przechowywania-szczotki\/#primaryimage","url":"https:\/\/www.anniesloan.com\/pl\/wp-content\/uploads\/sites\/5\/2025\/04\/Pouch-with-brushes-CFC-1280\u200a\u00d7\u200a1024.png","contentUrl":"https:\/\/www.anniesloan.com\/pl\/wp-content\/uploads\/sites\/5\/2025\/04\/Pouch-with-brushes-CFC-1280\u200a\u00d7\u200a1024.png","width":1280,"height":1024,"caption":"Annie Sloan brush pouch"},{"@type":"BreadcrumbList","@id":"https:\/\/www.anniesloan.com\/pl\/produkt\/pedzle-i-narzedzia\/etui-do-przechowywania-szczotki\/#breadcrumb","itemListElement":[{"@type":"ListItem","position":1,"name":"Produkty","item":"https:\/\/www.anniesloan.com\/pl\/produkty\/"},{"@type":"ListItem","position":2,"name":"P\u0119dzle i Narz\u0119dzia","item":"https:\/\/www.anniesloan.com\/pl\/produkty\/pedzle-i-narzedzia\/"},{"@type":"ListItem","position":3,"name":"Etui do przechowywania szczotki"}]},{"@type":"WebSite","@id":"https:\/\/www.anniesloan.com\/pl\/#website","url":"https:\/\/www.anniesloan.com\/pl\/","name":"Annie Sloan PL","description":"Home of Chalk Paint","potentialAction":[{"@type":"SearchAction","target":{"@type":"EntryPoint","urlTemplate":"https:\/\/www.anniesloan.com\/pl\/?s={search_term_string}"},"query-input":{"@type":"PropertyValueSpecification","valueRequired":true,"valueName":"search_term_string"}}],"inLanguage":"pl-PL"}]},"product_price_amount":"80.00","product_price_currency":"PLN","og_availability":"instock","product_availability":"instock","product_retailer_item_id":"GWIA0000BRUPOU0001","product_condition":"new"},"_links":{"self":[{"href":"https:\/\/www.anniesloan.com\/pl\/wp-json\/wp\/v2\/product\/37840","targetHints":{"allow":["GET"]}}],"collection":[{"href":"https:\/\/www.anniesloan.com\/pl\/wp-json\/wp\/v2\/product"}],"about":[{"href":"https:\/\/www.anniesloan.com\/pl\/wp-json\/wp\/v2\/types\/product"}],"wp:featuredmedia":[{"embeddable":true,"href":"https:\/\/www.anniesloan.com\/pl\/wp-json\/wp\/v2\/media\/37841"}],"wp:attachment":[{"href":"https:\/\/www.anniesloan.com\/pl\/wp-json\/wp\/v2\/media?parent=37840"}],"wp:term":[{"taxonomy":"product_brand","embeddable":true,"href":"https:\/\/www.anniesloan.com\/pl\/wp-json\/wp\/v2\/product_brand?post=37840"},{"taxonomy":"product_cat","embeddable":true,"href":"https:\/\/www.anniesloan.com\/pl\/wp-json\/wp\/v2\/product_cat?post=37840"},{"taxonomy":"product_tag","embeddable":true,"href":"https:\/\/www.anniesloan.com\/pl\/wp-json\/wp\/v2\/product_tag?post=37840"}],"curies":[{"name":"wp","href":"https:\/\/api.w.org\/{rel}","templated":true}]}}