{"id":37767,"date":"2025-03-25T11:32:50","date_gmt":"2025-03-25T11:32:50","guid":{"rendered":"https:\/\/www.anniesloan.com\/?post_type=product&#038;p=164886"},"modified":"2026-04-28T15:46:28","modified_gmt":"2026-04-28T13:46:28","slug":"tyrian-plum","status":"publish","type":"product","link":"https:\/\/www.anniesloan.com\/pl\/produkt\/chalk-paint\/tyrian-plum\/","title":{"rendered":"Tyrian Plum"},"content":{"rendered":"","protected":false},"excerpt":{"rendered":"<p>Tyrian Plum to cudownie wyrafinowany, ziemisty, ciemnoczerwono-fioletowy kolor o prawdziwym cieple i g\u0142\u0119bi.<\/p>\n<p>Ten bogaty, \u0142agodny kolor ober\u017cyny pojawia\u0142 si\u0119 jako odcie\u0144 pomocniczy przez ostatnie kilka lat, ale teraz nadszed\u0142 czas, aby ten bogaty kolor klejnotu zaj\u0105\u0142 centralne miejsce. Ciep\u0142o, dojrza\u0142o\u015b\u0107 i g\u0142\u0119bia pigmentu Tyrian Plum b\u0119d\u0105 pasowa\u0107 do pomieszcze\u0144 wychodz\u0105cych na p\u00f3\u0142noc i sprawdz\u0105 si\u0119 szczeg\u00f3lnie dobrze w kameralnych przestrzeniach, takich jak jadalnie i sypialnie.<\/p>\n<p>Tyrian Plum pi\u0119knie \u0142\u0105czy si\u0119 z wieloma r\u00f3\u017cnymi kolorami z palety Chalk Paint. W po\u0142\u0105czeniu z klasycznymi neutralnymi kolorami, takimi jak County Grey i Old White, przywo\u0142a na my\u015bl neoklasycystyczn\u0105 elegancj\u0119. W po\u0142\u0105czeniu z Honfleur i Burgundy z detalami ze z\u0142otych li\u015bci i ustawiony na tle Olive lub Pale Mallow stworzy dramatyczny wygl\u0105d. Stw\u00f3rz mroczny wiktoria\u0144ski klimat z odcieniami klejnot\u00f3w, takimi jak Knightsbridge Green lub Amsterdam Green &#8211; lub wsp\u00f3\u0142czesny wygl\u0105d z Coolabah Green.<\/p>\n<p>Nazwa tego koloru pochodzi od purpury tyryjskiej, naturalnego pigmentu pozyskiwanego w staro\u017cytno\u015bci ze \u015blimak\u00f3w morskich. Barwnik ten by\u0142 r\u00f3wnie\u017c nazywany purpur\u0105 kr\u00f3lewsk\u0105 lub purpur\u0105 cesarsk\u0105 i by\u0142 bardzo ceniony w staro\u017cytno\u015bci, poniewa\u017c jego pozyskiwanie by\u0142o bardzo czasoch\u0142onne i kosztowne.<\/p>\n","protected":false},"featured_media":37815,"template":"","meta":{"_acf_changed":false,"_relevanssi_hide_post":"","_relevanssi_hide_content":"","_relevanssi_pin_for_all":"","_relevanssi_pin_keywords":"","_relevanssi_unpin_keywords":"","_relevanssi_related_keywords":"","_relevanssi_related_include_ids":"","_relevanssi_related_exclude_ids":"","_relevanssi_related_no_append":"","_relevanssi_related_not_related":"","_relevanssi_related_posts":"","_relevanssi_noindex_reason":""},"product_brand":[],"product_cat":[19,26],"product_tag":[20,1234],"class_list":{"0":"post-37767","1":"product","2":"type-product","3":"status-publish","4":"has-post-thumbnail","6":"product_cat-chalk-paint","7":"product_cat-fioletowa","8":"product_tag-chalk-paint","9":"product_tag-purple","10":"pa_colour-filter-fiolety","11":"pa_finish-chalk-paint","12":"pa_size-120ml","13":"pa_size-1-litre-3","14":"pa_size-500ml","16":"first","17":"instock","18":"sale","19":"taxable","20":"shipping-taxable","21":"purchasable","22":"product-type-variable"},"acf":[],"yoast_head":"<!-- This site is optimized with the Yoast SEO Premium plugin v26.5 (Yoast SEO v26.5) - https:\/\/yoast.com\/wordpress\/plugins\/seo\/ -->\n<title>Tyrian Plum Chalk Paint | Annie Sloan<\/title>\n<meta name=\"description\" content=\"Tyrian Plum Chalk Paint to cudownie wyrafinowany, ziemisty, ciemnoczerwono-fioletowy kolor o prawdziwym cieple i g\u0142\u0119bi.\" \/>\n<meta name=\"robots\" content=\"index, follow, max-snippet:-1, max-image-preview:large, max-video-preview:-1\" \/>\n<link rel=\"canonical\" href=\"https:\/\/www.anniesloan.com\/pl\/produkt\/chalk-paint\/tyrian-plum\/\" \/>\n<meta property=\"og:locale\" content=\"pl_PL\" \/>\n<meta property=\"og:type\" content=\"article\" \/>\n<meta property=\"og:title\" content=\"Tyrian Plum\" \/>\n<meta property=\"og:description\" content=\"Tyrian Plum Chalk Paint to cudownie wyrafinowany, ziemisty, ciemnoczerwono-fioletowy kolor o prawdziwym cieple i g\u0142\u0119bi.\" \/>\n<meta property=\"og:url\" content=\"https:\/\/www.anniesloan.com\/pl\/produkt\/chalk-paint\/tyrian-plum\/\" \/>\n<meta property=\"og:site_name\" content=\"Annie Sloan PL\" \/>\n<meta property=\"article:modified_time\" content=\"2026-04-28T13:46:28+00:00\" \/>\n<meta property=\"og:image\" content=\"https:\/\/www.anniesloan.com\/pl\/wp-content\/uploads\/sites\/5\/2025\/03\/RGB-72dpi-Tyrian-Plum.jpg\" \/>\n\t<meta property=\"og:image:width\" content=\"1224\" \/>\n\t<meta property=\"og:image:height\" content=\"936\" \/>\n\t<meta property=\"og:image:type\" content=\"image\/jpeg\" \/>\n<meta name=\"twitter:card\" content=\"summary_large_image\" \/>\n<meta name=\"twitter:label1\" content=\"Availability\" \/>\n\t<meta name=\"twitter:data1\" content=\"In stock\" \/>\n<script type=\"application\/ld+json\" class=\"yoast-schema-graph\">{\"@context\":\"https:\/\/schema.org\",\"@graph\":[{\"@type\":\"WebPage\",\"@id\":\"https:\/\/www.anniesloan.com\/pl\/produkt\/chalk-paint\/tyrian-plum\/\",\"url\":\"https:\/\/www.anniesloan.com\/pl\/produkt\/chalk-paint\/tyrian-plum\/\",\"name\":\"Tyrian Plum Chalk Paint | Annie Sloan\",\"isPartOf\":{\"@id\":\"https:\/\/www.anniesloan.com\/pl\/#website\"},\"primaryImageOfPage\":{\"@id\":\"https:\/\/www.anniesloan.com\/pl\/produkt\/chalk-paint\/tyrian-plum\/#primaryimage\"},\"image\":{\"@id\":\"https:\/\/www.anniesloan.com\/pl\/produkt\/chalk-paint\/tyrian-plum\/#primaryimage\"},\"thumbnailUrl\":\"https:\/\/www.anniesloan.com\/pl\/wp-content\/uploads\/sites\/5\/2025\/03\/RGB-72dpi-Tyrian-Plum.jpg\",\"datePublished\":\"2025-03-25T11:32:50+00:00\",\"dateModified\":\"2026-04-28T13:46:28+00:00\",\"description\":\"Tyrian Plum Chalk Paint to cudownie wyrafinowany, ziemisty, ciemnoczerwono-fioletowy kolor o prawdziwym cieple i g\u0142\u0119bi.\",\"breadcrumb\":{\"@id\":\"https:\/\/www.anniesloan.com\/pl\/produkt\/chalk-paint\/tyrian-plum\/#breadcrumb\"},\"inLanguage\":\"pl-PL\",\"potentialAction\":[{\"@type\":\"ReadAction\",\"target\":[\"https:\/\/www.anniesloan.com\/pl\/produkt\/chalk-paint\/tyrian-plum\/\"]}]},{\"@type\":\"ImageObject\",\"inLanguage\":\"pl-PL\",\"@id\":\"https:\/\/www.anniesloan.com\/pl\/produkt\/chalk-paint\/tyrian-plum\/#primaryimage\",\"url\":\"https:\/\/www.anniesloan.com\/pl\/wp-content\/uploads\/sites\/5\/2025\/03\/RGB-72dpi-Tyrian-Plum.jpg\",\"contentUrl\":\"https:\/\/www.anniesloan.com\/pl\/wp-content\/uploads\/sites\/5\/2025\/03\/RGB-72dpi-Tyrian-Plum.jpg\",\"width\":1224,\"height\":936,\"caption\":\"Tyrian Plum Chalk Paint Dry Swatch\"},{\"@type\":\"BreadcrumbList\",\"@id\":\"https:\/\/www.anniesloan.com\/pl\/produkt\/chalk-paint\/tyrian-plum\/#breadcrumb\",\"itemListElement\":[{\"@type\":\"ListItem\",\"position\":1,\"name\":\"Produkty\",\"item\":\"https:\/\/www.anniesloan.com\/pl\/produkty\/\"},{\"@type\":\"ListItem\",\"position\":2,\"name\":\"Chalk Paint\",\"item\":\"https:\/\/www.anniesloan.com\/pl\/produkty\/chalk-paint\/\"},{\"@type\":\"ListItem\",\"position\":3,\"name\":\"Tyrian Plum\"}]},{\"@type\":\"WebSite\",\"@id\":\"https:\/\/www.anniesloan.com\/pl\/#website\",\"url\":\"https:\/\/www.anniesloan.com\/pl\/\",\"name\":\"Annie Sloan PL\",\"description\":\"Home of Chalk Paint\",\"potentialAction\":[{\"@type\":\"SearchAction\",\"target\":{\"@type\":\"EntryPoint\",\"urlTemplate\":\"https:\/\/www.anniesloan.com\/pl\/?s={search_term_string}\"},\"query-input\":{\"@type\":\"PropertyValueSpecification\",\"valueRequired\":true,\"valueName\":\"search_term_string\"}}],\"inLanguage\":\"pl-PL\"}]}<\/script>\n<meta property=\"og:availability\" content=\"instock\" \/>\n<meta property=\"product:availability\" content=\"instock\" \/>\n<meta property=\"product:condition\" content=\"new\" \/>\n<!-- \/ Yoast SEO Premium plugin. -->","yoast_head_json":{"title":"Tyrian Plum Chalk Paint | Annie Sloan","description":"Tyrian Plum Chalk Paint to cudownie wyrafinowany, ziemisty, ciemnoczerwono-fioletowy kolor o prawdziwym cieple i g\u0142\u0119bi.","robots":{"index":"index","follow":"follow","max-snippet":"max-snippet:-1","max-image-preview":"max-image-preview:large","max-video-preview":"max-video-preview:-1"},"canonical":"https:\/\/www.anniesloan.com\/pl\/produkt\/chalk-paint\/tyrian-plum\/","og_locale":"pl_PL","og_type":"article","og_title":"Tyrian Plum","og_description":"Tyrian Plum Chalk Paint to cudownie wyrafinowany, ziemisty, ciemnoczerwono-fioletowy kolor o prawdziwym cieple i g\u0142\u0119bi.","og_url":"https:\/\/www.anniesloan.com\/pl\/produkt\/chalk-paint\/tyrian-plum\/","og_site_name":"Annie Sloan PL","article_modified_time":"2026-04-28T13:46:28+00:00","og_image":[{"width":1224,"height":936,"url":"https:\/\/www.anniesloan.com\/pl\/wp-content\/uploads\/sites\/5\/2025\/03\/RGB-72dpi-Tyrian-Plum.jpg","type":"image\/jpeg"}],"twitter_card":"summary_large_image","twitter_misc":{"Availability":"In stock"},"schema":{"@context":"https:\/\/schema.org","@graph":[{"@type":"WebPage","@id":"https:\/\/www.anniesloan.com\/pl\/produkt\/chalk-paint\/tyrian-plum\/","url":"https:\/\/www.anniesloan.com\/pl\/produkt\/chalk-paint\/tyrian-plum\/","name":"Tyrian Plum Chalk Paint | Annie Sloan","isPartOf":{"@id":"https:\/\/www.anniesloan.com\/pl\/#website"},"primaryImageOfPage":{"@id":"https:\/\/www.anniesloan.com\/pl\/produkt\/chalk-paint\/tyrian-plum\/#primaryimage"},"image":{"@id":"https:\/\/www.anniesloan.com\/pl\/produkt\/chalk-paint\/tyrian-plum\/#primaryimage"},"thumbnailUrl":"https:\/\/www.anniesloan.com\/pl\/wp-content\/uploads\/sites\/5\/2025\/03\/RGB-72dpi-Tyrian-Plum.jpg","datePublished":"2025-03-25T11:32:50+00:00","dateModified":"2026-04-28T13:46:28+00:00","description":"Tyrian Plum Chalk Paint to cudownie wyrafinowany, ziemisty, ciemnoczerwono-fioletowy kolor o prawdziwym cieple i g\u0142\u0119bi.","breadcrumb":{"@id":"https:\/\/www.anniesloan.com\/pl\/produkt\/chalk-paint\/tyrian-plum\/#breadcrumb"},"inLanguage":"pl-PL","potentialAction":[{"@type":"ReadAction","target":["https:\/\/www.anniesloan.com\/pl\/produkt\/chalk-paint\/tyrian-plum\/"]}]},{"@type":"ImageObject","inLanguage":"pl-PL","@id":"https:\/\/www.anniesloan.com\/pl\/produkt\/chalk-paint\/tyrian-plum\/#primaryimage","url":"https:\/\/www.anniesloan.com\/pl\/wp-content\/uploads\/sites\/5\/2025\/03\/RGB-72dpi-Tyrian-Plum.jpg","contentUrl":"https:\/\/www.anniesloan.com\/pl\/wp-content\/uploads\/sites\/5\/2025\/03\/RGB-72dpi-Tyrian-Plum.jpg","width":1224,"height":936,"caption":"Tyrian Plum Chalk Paint Dry Swatch"},{"@type":"BreadcrumbList","@id":"https:\/\/www.anniesloan.com\/pl\/produkt\/chalk-paint\/tyrian-plum\/#breadcrumb","itemListElement":[{"@type":"ListItem","position":1,"name":"Produkty","item":"https:\/\/www.anniesloan.com\/pl\/produkty\/"},{"@type":"ListItem","position":2,"name":"Chalk Paint","item":"https:\/\/www.anniesloan.com\/pl\/produkty\/chalk-paint\/"},{"@type":"ListItem","position":3,"name":"Tyrian Plum"}]},{"@type":"WebSite","@id":"https:\/\/www.anniesloan.com\/pl\/#website","url":"https:\/\/www.anniesloan.com\/pl\/","name":"Annie Sloan PL","description":"Home of Chalk Paint","potentialAction":[{"@type":"SearchAction","target":{"@type":"EntryPoint","urlTemplate":"https:\/\/www.anniesloan.com\/pl\/?s={search_term_string}"},"query-input":{"@type":"PropertyValueSpecification","valueRequired":true,"valueName":"search_term_string"}}],"inLanguage":"pl-PL"}]},"og_availability":"instock","product_availability":"instock","product_condition":"new"},"_links":{"self":[{"href":"https:\/\/www.anniesloan.com\/pl\/wp-json\/wp\/v2\/product\/37767","targetHints":{"allow":["GET"]}}],"collection":[{"href":"https:\/\/www.anniesloan.com\/pl\/wp-json\/wp\/v2\/product"}],"about":[{"href":"https:\/\/www.anniesloan.com\/pl\/wp-json\/wp\/v2\/types\/product"}],"wp:featuredmedia":[{"embeddable":true,"href":"https:\/\/www.anniesloan.com\/pl\/wp-json\/wp\/v2\/media\/37815"}],"wp:attachment":[{"href":"https:\/\/www.anniesloan.com\/pl\/wp-json\/wp\/v2\/media?parent=37767"}],"wp:term":[{"taxonomy":"product_brand","embeddable":true,"href":"https:\/\/www.anniesloan.com\/pl\/wp-json\/wp\/v2\/product_brand?post=37767"},{"taxonomy":"product_cat","embeddable":true,"href":"https:\/\/www.anniesloan.com\/pl\/wp-json\/wp\/v2\/product_cat?post=37767"},{"taxonomy":"product_tag","embeddable":true,"href":"https:\/\/www.anniesloan.com\/pl\/wp-json\/wp\/v2\/product_tag?post=37767"}],"curies":[{"name":"wp","href":"https:\/\/api.w.org\/{rel}","templated":true}]}}