{"id":37592,"date":"2024-11-11T11:31:23","date_gmt":"2024-11-11T11:31:23","guid":{"rendered":"https:\/\/www.anniesloan.com\/?post_type=product&#038;p=161127"},"modified":"2026-04-14T22:45:32","modified_gmt":"2026-04-14T20:45:32","slug":"pedzle-do-detali-zestaw-2-sztuki","status":"publish","type":"product","link":"https:\/\/www.anniesloan.com\/pl\/produkt\/pedzle-i-narzedzia\/pedzle-do-detali-zestaw-2-sztuki\/","title":{"rendered":"P\u0119dzle do Detali \u2013 Zestaw 2 sztuki"},"content":{"rendered":"","protected":false},"excerpt":{"rendered":"<p>Dwucz\u0119\u015bciowy zestaw p\u0119dzli do malowania detali Annie Sloan zawiera dwa p\u0119dzle przeznaczone do precyzyjnego tworzenia \u015blad\u00f3w i dekoracyjnych efekt\u00f3w malarskich. P\u0142aski i okr\u0105g\u0142y p\u0119dzel maj\u0105 mi\u0119kkie w\u0142osie, kt\u00f3re zapewnia precyzyjn\u0105 kontrol\u0119 podczas malowania farb\u0105 kredow\u0105 lub przy u\u017cyciu wosk\u00f3w poz\u0142acaj\u0105cych, Gold Size lub Image Medium.<\/p>\n","protected":false},"featured_media":37593,"template":"","meta":{"_acf_changed":false,"_relevanssi_hide_post":"","_relevanssi_hide_content":"","_relevanssi_pin_for_all":"","_relevanssi_pin_keywords":"","_relevanssi_unpin_keywords":"","_relevanssi_related_keywords":"","_relevanssi_related_include_ids":"","_relevanssi_related_exclude_ids":"","_relevanssi_related_no_append":"","_relevanssi_related_not_related":"","_relevanssi_related_posts":"","_relevanssi_noindex_reason":""},"product_brand":[],"product_cat":[57],"product_tag":[],"class_list":{"0":"post-37592","1":"product","2":"type-product","3":"status-publish","4":"has-post-thumbnail","6":"product_cat-pedzle-i-narzedzia","8":"first","9":"instock","10":"taxable","11":"shipping-taxable","12":"purchasable","13":"product-type-simple"},"acf":[],"yoast_head":"<!-- This site is optimized with the Yoast SEO Premium plugin v26.5 (Yoast SEO v26.5) - https:\/\/yoast.com\/wordpress\/plugins\/seo\/ -->\n<title>P\u0119dzle do Detali \u2013 Zestaw 2 sztuki | Annie Sloan<\/title>\n<meta name=\"description\" content=\"Dwucz\u0119\u015bciowy zestaw p\u0119dzli do malowania detali Annie Sloan zawiera dwa p\u0119dzle przeznaczone do precyzyjnego tworzenia \u015blad\u00f3w i dekoracyjnych efekt\u00f3w malarskich.\" \/>\n<meta name=\"robots\" content=\"index, follow, max-snippet:-1, max-image-preview:large, max-video-preview:-1\" \/>\n<link rel=\"canonical\" href=\"https:\/\/www.anniesloan.com\/pl\/produkt\/pedzle-i-narzedzia\/pedzle-do-detali-zestaw-2-sztuki\/\" \/>\n<meta property=\"og:locale\" content=\"pl_PL\" \/>\n<meta property=\"og:type\" content=\"article\" \/>\n<meta property=\"og:title\" content=\"P\u0119dzle do Detali \u2013 Zestaw 2 sztuki\" \/>\n<meta property=\"og:description\" content=\"Dwucz\u0119\u015bciowy zestaw p\u0119dzli do malowania detali Annie Sloan zawiera dwa p\u0119dzle przeznaczone do precyzyjnego tworzenia \u015blad\u00f3w i dekoracyjnych efekt\u00f3w malarskich.\" \/>\n<meta property=\"og:url\" content=\"https:\/\/www.anniesloan.com\/pl\/produkt\/pedzle-i-narzedzia\/pedzle-do-detali-zestaw-2-sztuki\/\" \/>\n<meta property=\"og:site_name\" content=\"Annie Sloan PL\" \/>\n<meta property=\"article:modified_time\" content=\"2026-04-14T20:45:32+00:00\" \/>\n<meta property=\"og:image\" content=\"https:\/\/www.anniesloan.com\/pl\/wp-content\/uploads\/sites\/5\/2024\/11\/240395_DIGITAL_WEB_DetailBrushes_1280x1024.jpg\" \/>\n\t<meta property=\"og:image:width\" content=\"1280\" \/>\n\t<meta property=\"og:image:height\" content=\"1024\" \/>\n\t<meta property=\"og:image:type\" content=\"image\/jpeg\" \/>\n<meta name=\"twitter:card\" content=\"summary_large_image\" \/>\n<meta name=\"twitter:label1\" content=\"Price\" \/>\n\t<meta name=\"twitter:data1\" content=\"&#122;&#322;60.00\" \/>\n\t<meta name=\"twitter:label2\" content=\"Availability\" \/>\n\t<meta name=\"twitter:data2\" content=\"In stock\" \/>\n<script type=\"application\/ld+json\" class=\"yoast-schema-graph\">{\"@context\":\"https:\/\/schema.org\",\"@graph\":[{\"@type\":\"WebPage\",\"@id\":\"https:\/\/www.anniesloan.com\/pl\/produkt\/pedzle-i-narzedzia\/pedzle-do-detali-zestaw-2-sztuki\/\",\"url\":\"https:\/\/www.anniesloan.com\/pl\/produkt\/pedzle-i-narzedzia\/pedzle-do-detali-zestaw-2-sztuki\/\",\"name\":\"P\u0119dzle do Detali \u2013 Zestaw 2 sztuki | Annie Sloan\",\"isPartOf\":{\"@id\":\"https:\/\/www.anniesloan.com\/pl\/#website\"},\"primaryImageOfPage\":{\"@id\":\"https:\/\/www.anniesloan.com\/pl\/produkt\/pedzle-i-narzedzia\/pedzle-do-detali-zestaw-2-sztuki\/#primaryimage\"},\"image\":{\"@id\":\"https:\/\/www.anniesloan.com\/pl\/produkt\/pedzle-i-narzedzia\/pedzle-do-detali-zestaw-2-sztuki\/#primaryimage\"},\"thumbnailUrl\":\"https:\/\/www.anniesloan.com\/pl\/wp-content\/uploads\/sites\/5\/2024\/11\/240395_DIGITAL_WEB_DetailBrushes_1280x1024.jpg\",\"datePublished\":\"2024-11-11T11:31:23+00:00\",\"dateModified\":\"2026-04-14T20:45:32+00:00\",\"description\":\"Dwucz\u0119\u015bciowy zestaw p\u0119dzli do malowania detali Annie Sloan zawiera dwa p\u0119dzle przeznaczone do precyzyjnego tworzenia \u015blad\u00f3w i dekoracyjnych efekt\u00f3w malarskich.\",\"breadcrumb\":{\"@id\":\"https:\/\/www.anniesloan.com\/pl\/produkt\/pedzle-i-narzedzia\/pedzle-do-detali-zestaw-2-sztuki\/#breadcrumb\"},\"inLanguage\":\"pl-PL\",\"potentialAction\":[{\"@type\":\"ReadAction\",\"target\":[\"https:\/\/www.anniesloan.com\/pl\/produkt\/pedzle-i-narzedzia\/pedzle-do-detali-zestaw-2-sztuki\/\"]}]},{\"@type\":\"ImageObject\",\"inLanguage\":\"pl-PL\",\"@id\":\"https:\/\/www.anniesloan.com\/pl\/produkt\/pedzle-i-narzedzia\/pedzle-do-detali-zestaw-2-sztuki\/#primaryimage\",\"url\":\"https:\/\/www.anniesloan.com\/pl\/wp-content\/uploads\/sites\/5\/2024\/11\/240395_DIGITAL_WEB_DetailBrushes_1280x1024.jpg\",\"contentUrl\":\"https:\/\/www.anniesloan.com\/pl\/wp-content\/uploads\/sites\/5\/2024\/11\/240395_DIGITAL_WEB_DetailBrushes_1280x1024.jpg\",\"width\":1280,\"height\":1024,\"caption\":\"Set of two Annie Sloan detail brushes\"},{\"@type\":\"BreadcrumbList\",\"@id\":\"https:\/\/www.anniesloan.com\/pl\/produkt\/pedzle-i-narzedzia\/pedzle-do-detali-zestaw-2-sztuki\/#breadcrumb\",\"itemListElement\":[{\"@type\":\"ListItem\",\"position\":1,\"name\":\"Produkty\",\"item\":\"https:\/\/www.anniesloan.com\/pl\/produkty\/\"},{\"@type\":\"ListItem\",\"position\":2,\"name\":\"P\u0119dzle i Narz\u0119dzia\",\"item\":\"https:\/\/www.anniesloan.com\/pl\/produkty\/pedzle-i-narzedzia\/\"},{\"@type\":\"ListItem\",\"position\":3,\"name\":\"P\u0119dzle do Detali \u2013 Zestaw 2 sztuki\"}]},{\"@type\":\"WebSite\",\"@id\":\"https:\/\/www.anniesloan.com\/pl\/#website\",\"url\":\"https:\/\/www.anniesloan.com\/pl\/\",\"name\":\"Annie Sloan PL\",\"description\":\"Home of Chalk Paint\",\"potentialAction\":[{\"@type\":\"SearchAction\",\"target\":{\"@type\":\"EntryPoint\",\"urlTemplate\":\"https:\/\/www.anniesloan.com\/pl\/?s={search_term_string}\"},\"query-input\":{\"@type\":\"PropertyValueSpecification\",\"valueRequired\":true,\"valueName\":\"search_term_string\"}}],\"inLanguage\":\"pl-PL\"}]}<\/script>\n<meta property=\"product:price:amount\" content=\"60.00\" \/>\n<meta property=\"product:price:currency\" content=\"PLN\" \/>\n<meta property=\"og:availability\" content=\"instock\" \/>\n<meta property=\"product:availability\" content=\"instock\" \/>\n<meta property=\"product:retailer_item_id\" content=\"BRTO0000TPDBSE0001\" \/>\n<meta property=\"product:condition\" content=\"new\" \/>\n<!-- \/ Yoast SEO Premium plugin. -->","yoast_head_json":{"title":"P\u0119dzle do Detali \u2013 Zestaw 2 sztuki | Annie Sloan","description":"Dwucz\u0119\u015bciowy zestaw p\u0119dzli do malowania detali Annie Sloan zawiera dwa p\u0119dzle przeznaczone do precyzyjnego tworzenia \u015blad\u00f3w i dekoracyjnych efekt\u00f3w malarskich.","robots":{"index":"index","follow":"follow","max-snippet":"max-snippet:-1","max-image-preview":"max-image-preview:large","max-video-preview":"max-video-preview:-1"},"canonical":"https:\/\/www.anniesloan.com\/pl\/produkt\/pedzle-i-narzedzia\/pedzle-do-detali-zestaw-2-sztuki\/","og_locale":"pl_PL","og_type":"article","og_title":"P\u0119dzle do Detali \u2013 Zestaw 2 sztuki","og_description":"Dwucz\u0119\u015bciowy zestaw p\u0119dzli do malowania detali Annie Sloan zawiera dwa p\u0119dzle przeznaczone do precyzyjnego tworzenia \u015blad\u00f3w i dekoracyjnych efekt\u00f3w malarskich.","og_url":"https:\/\/www.anniesloan.com\/pl\/produkt\/pedzle-i-narzedzia\/pedzle-do-detali-zestaw-2-sztuki\/","og_site_name":"Annie Sloan PL","article_modified_time":"2026-04-14T20:45:32+00:00","og_image":[{"width":1280,"height":1024,"url":"https:\/\/www.anniesloan.com\/pl\/wp-content\/uploads\/sites\/5\/2024\/11\/240395_DIGITAL_WEB_DetailBrushes_1280x1024.jpg","type":"image\/jpeg"}],"twitter_card":"summary_large_image","twitter_misc":{"Price":"&#122;&#322;60.00","Availability":"In stock"},"schema":{"@context":"https:\/\/schema.org","@graph":[{"@type":"WebPage","@id":"https:\/\/www.anniesloan.com\/pl\/produkt\/pedzle-i-narzedzia\/pedzle-do-detali-zestaw-2-sztuki\/","url":"https:\/\/www.anniesloan.com\/pl\/produkt\/pedzle-i-narzedzia\/pedzle-do-detali-zestaw-2-sztuki\/","name":"P\u0119dzle do Detali \u2013 Zestaw 2 sztuki | Annie Sloan","isPartOf":{"@id":"https:\/\/www.anniesloan.com\/pl\/#website"},"primaryImageOfPage":{"@id":"https:\/\/www.anniesloan.com\/pl\/produkt\/pedzle-i-narzedzia\/pedzle-do-detali-zestaw-2-sztuki\/#primaryimage"},"image":{"@id":"https:\/\/www.anniesloan.com\/pl\/produkt\/pedzle-i-narzedzia\/pedzle-do-detali-zestaw-2-sztuki\/#primaryimage"},"thumbnailUrl":"https:\/\/www.anniesloan.com\/pl\/wp-content\/uploads\/sites\/5\/2024\/11\/240395_DIGITAL_WEB_DetailBrushes_1280x1024.jpg","datePublished":"2024-11-11T11:31:23+00:00","dateModified":"2026-04-14T20:45:32+00:00","description":"Dwucz\u0119\u015bciowy zestaw p\u0119dzli do malowania detali Annie Sloan zawiera dwa p\u0119dzle przeznaczone do precyzyjnego tworzenia \u015blad\u00f3w i dekoracyjnych efekt\u00f3w malarskich.","breadcrumb":{"@id":"https:\/\/www.anniesloan.com\/pl\/produkt\/pedzle-i-narzedzia\/pedzle-do-detali-zestaw-2-sztuki\/#breadcrumb"},"inLanguage":"pl-PL","potentialAction":[{"@type":"ReadAction","target":["https:\/\/www.anniesloan.com\/pl\/produkt\/pedzle-i-narzedzia\/pedzle-do-detali-zestaw-2-sztuki\/"]}]},{"@type":"ImageObject","inLanguage":"pl-PL","@id":"https:\/\/www.anniesloan.com\/pl\/produkt\/pedzle-i-narzedzia\/pedzle-do-detali-zestaw-2-sztuki\/#primaryimage","url":"https:\/\/www.anniesloan.com\/pl\/wp-content\/uploads\/sites\/5\/2024\/11\/240395_DIGITAL_WEB_DetailBrushes_1280x1024.jpg","contentUrl":"https:\/\/www.anniesloan.com\/pl\/wp-content\/uploads\/sites\/5\/2024\/11\/240395_DIGITAL_WEB_DetailBrushes_1280x1024.jpg","width":1280,"height":1024,"caption":"Set of two Annie Sloan detail brushes"},{"@type":"BreadcrumbList","@id":"https:\/\/www.anniesloan.com\/pl\/produkt\/pedzle-i-narzedzia\/pedzle-do-detali-zestaw-2-sztuki\/#breadcrumb","itemListElement":[{"@type":"ListItem","position":1,"name":"Produkty","item":"https:\/\/www.anniesloan.com\/pl\/produkty\/"},{"@type":"ListItem","position":2,"name":"P\u0119dzle i Narz\u0119dzia","item":"https:\/\/www.anniesloan.com\/pl\/produkty\/pedzle-i-narzedzia\/"},{"@type":"ListItem","position":3,"name":"P\u0119dzle do Detali \u2013 Zestaw 2 sztuki"}]},{"@type":"WebSite","@id":"https:\/\/www.anniesloan.com\/pl\/#website","url":"https:\/\/www.anniesloan.com\/pl\/","name":"Annie Sloan PL","description":"Home of Chalk Paint","potentialAction":[{"@type":"SearchAction","target":{"@type":"EntryPoint","urlTemplate":"https:\/\/www.anniesloan.com\/pl\/?s={search_term_string}"},"query-input":{"@type":"PropertyValueSpecification","valueRequired":true,"valueName":"search_term_string"}}],"inLanguage":"pl-PL"}]},"product_price_amount":"60.00","product_price_currency":"PLN","og_availability":"instock","product_availability":"instock","product_retailer_item_id":"BRTO0000TPDBSE0001","product_condition":"new"},"_links":{"self":[{"href":"https:\/\/www.anniesloan.com\/pl\/wp-json\/wp\/v2\/product\/37592","targetHints":{"allow":["GET"]}}],"collection":[{"href":"https:\/\/www.anniesloan.com\/pl\/wp-json\/wp\/v2\/product"}],"about":[{"href":"https:\/\/www.anniesloan.com\/pl\/wp-json\/wp\/v2\/types\/product"}],"wp:featuredmedia":[{"embeddable":true,"href":"https:\/\/www.anniesloan.com\/pl\/wp-json\/wp\/v2\/media\/37593"}],"wp:attachment":[{"href":"https:\/\/www.anniesloan.com\/pl\/wp-json\/wp\/v2\/media?parent=37592"}],"wp:term":[{"taxonomy":"product_brand","embeddable":true,"href":"https:\/\/www.anniesloan.com\/pl\/wp-json\/wp\/v2\/product_brand?post=37592"},{"taxonomy":"product_cat","embeddable":true,"href":"https:\/\/www.anniesloan.com\/pl\/wp-json\/wp\/v2\/product_cat?post=37592"},{"taxonomy":"product_tag","embeddable":true,"href":"https:\/\/www.anniesloan.com\/pl\/wp-json\/wp\/v2\/product_tag?post=37592"}],"curies":[{"name":"wp","href":"https:\/\/api.w.org\/{rel}","templated":true}]}}