{"id":36585,"date":"2023-02-03T15:49:53","date_gmt":"2023-02-03T15:49:53","guid":{"rendered":"https:\/\/www.anniesloan.com\/?post_type=product&#038;p=131720"},"modified":"2026-04-20T08:46:47","modified_gmt":"2026-04-20T06:46:47","slug":"whistler-grey","status":"publish","type":"product","link":"https:\/\/www.anniesloan.com\/pl\/produkt\/chalk-paint\/whistler-grey\/","title":{"rendered":"Whistler Grey"},"content":{"rendered":"","protected":false},"excerpt":{"rendered":"<p>Nazwany na cze\u015b\u0107 i zainspirowany pracami XIX-wiecznego ameryka\u0144skiego artysty Jamesa Abbotta McNeilla Whistlera, kolor Whistler Grey jest przyjemn\u0105, ciep\u0142\u0105, prawdziwie uniwersaln\u0105 szaro\u015bci\u0105, kt\u00f3ra komponuje si\u0119 z ja\u015bniejszymi odcieniami i pastelami.<\/p>\n<p>&nbsp;<\/p>\n","protected":false},"featured_media":36586,"template":"","meta":{"_acf_changed":false,"_relevanssi_hide_post":"","_relevanssi_hide_content":"","_relevanssi_pin_for_all":"","_relevanssi_pin_keywords":"","_relevanssi_unpin_keywords":"","_relevanssi_related_keywords":"","_relevanssi_related_include_ids":"","_relevanssi_related_exclude_ids":"","_relevanssi_related_no_append":"","_relevanssi_related_not_related":"","_relevanssi_related_posts":"","_relevanssi_noindex_reason":""},"product_brand":[],"product_cat":[19,1049,23],"product_tag":[20],"class_list":{"0":"post-36585","1":"product","2":"type-product","3":"status-publish","4":"has-post-thumbnail","6":"product_cat-chalk-paint","7":"product_cat-bialy","8":"product_cat-szara","9":"product_tag-chalk-paint","10":"pa_colour-filter-szarosci","11":"pa_finish-chalk-paint","12":"pa_size-120ml","13":"pa_size-1-litre-3","14":"pa_size-500ml","16":"first","17":"instock","18":"taxable","19":"shipping-taxable","20":"purchasable","21":"product-type-variable"},"acf":[],"yoast_head":"<!-- This site is optimized with the Yoast SEO Premium plugin v26.5 (Yoast SEO v26.5) - https:\/\/yoast.com\/wordpress\/plugins\/seo\/ -->\n<title>Szara Chalk Paint\u2122 - Whistler Grey - Annie Sloan PL<\/title>\n<meta name=\"description\" content=\"Whistler Grey to prawdziwie uniwersalna szara farba Chalk Paint\u2122 do mebli i nie tylko. Ju\u017c dzi\u015b kup online lub od lokalnego sprzedawcy!\" \/>\n<meta name=\"robots\" content=\"index, follow, max-snippet:-1, max-image-preview:large, max-video-preview:-1\" \/>\n<link rel=\"canonical\" href=\"https:\/\/www.anniesloan.com\/pl\/produkt\/chalk-paint\/whistler-grey\/\" \/>\n<meta property=\"og:locale\" content=\"pl_PL\" \/>\n<meta property=\"og:type\" content=\"article\" \/>\n<meta property=\"og:title\" content=\"Whistler Grey\" \/>\n<meta property=\"og:description\" content=\"Whistler Grey to prawdziwie uniwersalna szara farba Chalk Paint\u2122 do mebli i nie tylko. Ju\u017c dzi\u015b kup online lub od lokalnego sprzedawcy!\" \/>\n<meta property=\"og:url\" content=\"https:\/\/www.anniesloan.com\/pl\/produkt\/chalk-paint\/whistler-grey\/\" \/>\n<meta property=\"og:site_name\" content=\"Annie Sloan PL\" \/>\n<meta property=\"article:modified_time\" content=\"2026-04-20T06:46:47+00:00\" \/>\n<meta property=\"og:image\" content=\"https:\/\/www.anniesloan.com\/pl\/wp-content\/uploads\/sites\/5\/2023\/02\/RGB-72dpi-Whistler-Grey.jpg\" \/>\n\t<meta property=\"og:image:width\" content=\"1224\" \/>\n\t<meta property=\"og:image:height\" content=\"936\" \/>\n\t<meta property=\"og:image:type\" content=\"image\/jpeg\" \/>\n<meta name=\"twitter:card\" content=\"summary_large_image\" \/>\n<meta name=\"twitter:label1\" content=\"Availability\" \/>\n\t<meta name=\"twitter:data1\" content=\"In stock\" \/>\n<script type=\"application\/ld+json\" class=\"yoast-schema-graph\">{\"@context\":\"https:\/\/schema.org\",\"@graph\":[{\"@type\":\"WebPage\",\"@id\":\"https:\/\/www.anniesloan.com\/pl\/produkt\/chalk-paint\/whistler-grey\/\",\"url\":\"https:\/\/www.anniesloan.com\/pl\/produkt\/chalk-paint\/whistler-grey\/\",\"name\":\"Szara Chalk Paint\u2122 - Whistler Grey - Annie Sloan PL\",\"isPartOf\":{\"@id\":\"https:\/\/www.anniesloan.com\/pl\/#website\"},\"primaryImageOfPage\":{\"@id\":\"https:\/\/www.anniesloan.com\/pl\/produkt\/chalk-paint\/whistler-grey\/#primaryimage\"},\"image\":{\"@id\":\"https:\/\/www.anniesloan.com\/pl\/produkt\/chalk-paint\/whistler-grey\/#primaryimage\"},\"thumbnailUrl\":\"https:\/\/www.anniesloan.com\/pl\/wp-content\/uploads\/sites\/5\/2023\/02\/RGB-72dpi-Whistler-Grey.jpg\",\"datePublished\":\"2023-02-03T15:49:53+00:00\",\"dateModified\":\"2026-04-20T06:46:47+00:00\",\"description\":\"Whistler Grey to prawdziwie uniwersalna szara farba Chalk Paint\u2122 do mebli i nie tylko. Ju\u017c dzi\u015b kup online lub od lokalnego sprzedawcy!\",\"breadcrumb\":{\"@id\":\"https:\/\/www.anniesloan.com\/pl\/produkt\/chalk-paint\/whistler-grey\/#breadcrumb\"},\"inLanguage\":\"pl-PL\",\"potentialAction\":[{\"@type\":\"ReadAction\",\"target\":[\"https:\/\/www.anniesloan.com\/pl\/produkt\/chalk-paint\/whistler-grey\/\"]}]},{\"@type\":\"ImageObject\",\"inLanguage\":\"pl-PL\",\"@id\":\"https:\/\/www.anniesloan.com\/pl\/produkt\/chalk-paint\/whistler-grey\/#primaryimage\",\"url\":\"https:\/\/www.anniesloan.com\/pl\/wp-content\/uploads\/sites\/5\/2023\/02\/RGB-72dpi-Whistler-Grey.jpg\",\"contentUrl\":\"https:\/\/www.anniesloan.com\/pl\/wp-content\/uploads\/sites\/5\/2023\/02\/RGB-72dpi-Whistler-Grey.jpg\",\"width\":1224,\"height\":936,\"caption\":\"Whistler Grey Brushstrokes Paint Swatch\"},{\"@type\":\"BreadcrumbList\",\"@id\":\"https:\/\/www.anniesloan.com\/pl\/produkt\/chalk-paint\/whistler-grey\/#breadcrumb\",\"itemListElement\":[{\"@type\":\"ListItem\",\"position\":1,\"name\":\"Produkty\",\"item\":\"https:\/\/www.anniesloan.com\/pl\/produkty\/\"},{\"@type\":\"ListItem\",\"position\":2,\"name\":\"Chalk Paint\",\"item\":\"https:\/\/www.anniesloan.com\/pl\/produkty\/chalk-paint\/\"},{\"@type\":\"ListItem\",\"position\":3,\"name\":\"Whistler Grey\"}]},{\"@type\":\"WebSite\",\"@id\":\"https:\/\/www.anniesloan.com\/pl\/#website\",\"url\":\"https:\/\/www.anniesloan.com\/pl\/\",\"name\":\"Annie Sloan PL\",\"description\":\"Home of Chalk Paint\",\"potentialAction\":[{\"@type\":\"SearchAction\",\"target\":{\"@type\":\"EntryPoint\",\"urlTemplate\":\"https:\/\/www.anniesloan.com\/pl\/?s={search_term_string}\"},\"query-input\":{\"@type\":\"PropertyValueSpecification\",\"valueRequired\":true,\"valueName\":\"search_term_string\"}}],\"inLanguage\":\"pl-PL\"}]}<\/script>\n<meta property=\"og:availability\" content=\"instock\" \/>\n<meta property=\"product:availability\" content=\"instock\" \/>\n<meta property=\"product:retailer_item_id\" content=\"WHISTLER-GREY-CHALK-PAINT\" \/>\n<meta property=\"product:condition\" content=\"new\" \/>\n<!-- \/ Yoast SEO Premium plugin. -->","yoast_head_json":{"title":"Szara Chalk Paint\u2122 - Whistler Grey - Annie Sloan PL","description":"Whistler Grey to prawdziwie uniwersalna szara farba Chalk Paint\u2122 do mebli i nie tylko. Ju\u017c dzi\u015b kup online lub od lokalnego sprzedawcy!","robots":{"index":"index","follow":"follow","max-snippet":"max-snippet:-1","max-image-preview":"max-image-preview:large","max-video-preview":"max-video-preview:-1"},"canonical":"https:\/\/www.anniesloan.com\/pl\/produkt\/chalk-paint\/whistler-grey\/","og_locale":"pl_PL","og_type":"article","og_title":"Whistler Grey","og_description":"Whistler Grey to prawdziwie uniwersalna szara farba Chalk Paint\u2122 do mebli i nie tylko. Ju\u017c dzi\u015b kup online lub od lokalnego sprzedawcy!","og_url":"https:\/\/www.anniesloan.com\/pl\/produkt\/chalk-paint\/whistler-grey\/","og_site_name":"Annie Sloan PL","article_modified_time":"2026-04-20T06:46:47+00:00","og_image":[{"width":1224,"height":936,"url":"https:\/\/www.anniesloan.com\/pl\/wp-content\/uploads\/sites\/5\/2023\/02\/RGB-72dpi-Whistler-Grey.jpg","type":"image\/jpeg"}],"twitter_card":"summary_large_image","twitter_misc":{"Availability":"In stock"},"schema":{"@context":"https:\/\/schema.org","@graph":[{"@type":"WebPage","@id":"https:\/\/www.anniesloan.com\/pl\/produkt\/chalk-paint\/whistler-grey\/","url":"https:\/\/www.anniesloan.com\/pl\/produkt\/chalk-paint\/whistler-grey\/","name":"Szara Chalk Paint\u2122 - Whistler Grey - Annie Sloan PL","isPartOf":{"@id":"https:\/\/www.anniesloan.com\/pl\/#website"},"primaryImageOfPage":{"@id":"https:\/\/www.anniesloan.com\/pl\/produkt\/chalk-paint\/whistler-grey\/#primaryimage"},"image":{"@id":"https:\/\/www.anniesloan.com\/pl\/produkt\/chalk-paint\/whistler-grey\/#primaryimage"},"thumbnailUrl":"https:\/\/www.anniesloan.com\/pl\/wp-content\/uploads\/sites\/5\/2023\/02\/RGB-72dpi-Whistler-Grey.jpg","datePublished":"2023-02-03T15:49:53+00:00","dateModified":"2026-04-20T06:46:47+00:00","description":"Whistler Grey to prawdziwie uniwersalna szara farba Chalk Paint\u2122 do mebli i nie tylko. Ju\u017c dzi\u015b kup online lub od lokalnego sprzedawcy!","breadcrumb":{"@id":"https:\/\/www.anniesloan.com\/pl\/produkt\/chalk-paint\/whistler-grey\/#breadcrumb"},"inLanguage":"pl-PL","potentialAction":[{"@type":"ReadAction","target":["https:\/\/www.anniesloan.com\/pl\/produkt\/chalk-paint\/whistler-grey\/"]}]},{"@type":"ImageObject","inLanguage":"pl-PL","@id":"https:\/\/www.anniesloan.com\/pl\/produkt\/chalk-paint\/whistler-grey\/#primaryimage","url":"https:\/\/www.anniesloan.com\/pl\/wp-content\/uploads\/sites\/5\/2023\/02\/RGB-72dpi-Whistler-Grey.jpg","contentUrl":"https:\/\/www.anniesloan.com\/pl\/wp-content\/uploads\/sites\/5\/2023\/02\/RGB-72dpi-Whistler-Grey.jpg","width":1224,"height":936,"caption":"Whistler Grey Brushstrokes Paint Swatch"},{"@type":"BreadcrumbList","@id":"https:\/\/www.anniesloan.com\/pl\/produkt\/chalk-paint\/whistler-grey\/#breadcrumb","itemListElement":[{"@type":"ListItem","position":1,"name":"Produkty","item":"https:\/\/www.anniesloan.com\/pl\/produkty\/"},{"@type":"ListItem","position":2,"name":"Chalk Paint","item":"https:\/\/www.anniesloan.com\/pl\/produkty\/chalk-paint\/"},{"@type":"ListItem","position":3,"name":"Whistler Grey"}]},{"@type":"WebSite","@id":"https:\/\/www.anniesloan.com\/pl\/#website","url":"https:\/\/www.anniesloan.com\/pl\/","name":"Annie Sloan PL","description":"Home of Chalk Paint","potentialAction":[{"@type":"SearchAction","target":{"@type":"EntryPoint","urlTemplate":"https:\/\/www.anniesloan.com\/pl\/?s={search_term_string}"},"query-input":{"@type":"PropertyValueSpecification","valueRequired":true,"valueName":"search_term_string"}}],"inLanguage":"pl-PL"}]},"og_availability":"instock","product_availability":"instock","product_retailer_item_id":"WHISTLER-GREY-CHALK-PAINT","product_condition":"new"},"_links":{"self":[{"href":"https:\/\/www.anniesloan.com\/pl\/wp-json\/wp\/v2\/product\/36585","targetHints":{"allow":["GET"]}}],"collection":[{"href":"https:\/\/www.anniesloan.com\/pl\/wp-json\/wp\/v2\/product"}],"about":[{"href":"https:\/\/www.anniesloan.com\/pl\/wp-json\/wp\/v2\/types\/product"}],"wp:featuredmedia":[{"embeddable":true,"href":"https:\/\/www.anniesloan.com\/pl\/wp-json\/wp\/v2\/media\/36586"}],"wp:attachment":[{"href":"https:\/\/www.anniesloan.com\/pl\/wp-json\/wp\/v2\/media?parent=36585"}],"wp:term":[{"taxonomy":"product_brand","embeddable":true,"href":"https:\/\/www.anniesloan.com\/pl\/wp-json\/wp\/v2\/product_brand?post=36585"},{"taxonomy":"product_cat","embeddable":true,"href":"https:\/\/www.anniesloan.com\/pl\/wp-json\/wp\/v2\/product_cat?post=36585"},{"taxonomy":"product_tag","embeddable":true,"href":"https:\/\/www.anniesloan.com\/pl\/wp-json\/wp\/v2\/product_tag?post=36585"}],"curies":[{"name":"wp","href":"https:\/\/api.w.org\/{rel}","templated":true}]}}