{"id":36247,"date":"2022-11-03T15:55:51","date_gmt":"2022-11-03T14:55:51","guid":{"rendered":"https:\/\/www.anniesloan.com\/pl\/?post_type=product&#038;p=36247"},"modified":"2026-03-24T14:45:30","modified_gmt":"2026-03-24T13:45:30","slug":"zestaw-upominkowy-szklo-murano","status":"publish","type":"product","link":"https:\/\/www.anniesloan.com\/pl\/produkt\/upominki-i-zestawy\/zestaw-upominkowy-szklo-murano\/","title":{"rendered":"Zestaw upominkowy Szk\u0142o Murano"},"content":{"rendered":"","protected":false},"excerpt":{"rendered":"<p>Odkryj na nowo swoj\u0105 kreatywno\u015b\u0107 i namaluj w\u0142asne pi\u0119kne szk\u0142o inspirowane Murano, korzystaj\u0105c ze wskaz\u00f3wek ekspert\u00f3w Annie Sloan i r\u0119cznie dobranej palety kolor\u00f3w Chalk Paint\u2122.<\/p>\n<p>Zestaw upominkowy Szk\u0142o Murano zawiera dwa nasze bestsellery w ch\u0142odnych tonacjach \u2013 Napoleonic Blue i Florence Chalk Paint\u2122, plus ekskluzywn\u0105 z\u0142ot\u0105 metaliczn\u0105 farb\u0119!<\/p>\n","protected":false},"featured_media":36249,"template":"","meta":{"_acf_changed":false,"_relevanssi_hide_post":"","_relevanssi_hide_content":"","_relevanssi_pin_for_all":"","_relevanssi_pin_keywords":"","_relevanssi_unpin_keywords":"","_relevanssi_related_keywords":"","_relevanssi_related_include_ids":"","_relevanssi_related_exclude_ids":"","_relevanssi_related_no_append":"","_relevanssi_related_not_related":"","_relevanssi_related_posts":"","_relevanssi_noindex_reason":""},"product_brand":[],"product_cat":[65,1203],"product_tag":[],"class_list":{"0":"post-36247","1":"product","2":"type-product","3":"status-publish","4":"has-post-thumbnail","6":"product_cat-upominki-i-zestawy","7":"product_cat-wyprzedaz","9":"first","10":"instock","11":"sale","12":"taxable","13":"shipping-taxable","14":"purchasable","15":"product-type-simple"},"acf":[],"yoast_head":"<!-- This site is optimized with the Yoast SEO Premium plugin v26.5 (Yoast SEO v26.5) - https:\/\/yoast.com\/wordpress\/plugins\/seo\/ -->\n<title>Zestaw upominkowy Szk\u0142o Murano - Annie Sloan PL<\/title>\n<meta name=\"description\" content=\"Odkryj na nowo swoj\u0105 kreatywno\u015b\u0107 i namaluj w\u0142asne pi\u0119kne szk\u0142o inspirowane Murano, korzystaj\u0105c ze wskaz\u00f3wek ekspert\u00f3w Annie Sloan!\" \/>\n<meta name=\"robots\" content=\"index, follow, max-snippet:-1, max-image-preview:large, max-video-preview:-1\" \/>\n<link rel=\"canonical\" href=\"https:\/\/www.anniesloan.com\/pl\/produkt\/upominki-i-zestawy\/zestaw-upominkowy-szklo-murano\/\" \/>\n<meta property=\"og:locale\" content=\"pl_PL\" \/>\n<meta property=\"og:type\" content=\"article\" \/>\n<meta property=\"og:title\" content=\"Zestaw upominkowy Szk\u0142o Murano\" \/>\n<meta property=\"og:description\" content=\"Odkryj na nowo swoj\u0105 kreatywno\u015b\u0107 i namaluj w\u0142asne pi\u0119kne szk\u0142o inspirowane Murano, korzystaj\u0105c ze wskaz\u00f3wek ekspert\u00f3w Annie Sloan!\" \/>\n<meta property=\"og:url\" content=\"https:\/\/www.anniesloan.com\/pl\/produkt\/upominki-i-zestawy\/zestaw-upominkowy-szklo-murano\/\" \/>\n<meta property=\"og:site_name\" content=\"Annie Sloan PL\" \/>\n<meta property=\"article:modified_time\" content=\"2026-03-24T13:45:30+00:00\" \/>\n<meta property=\"og:image\" content=\"https:\/\/www.anniesloan.com\/pl\/wp-content\/uploads\/sites\/5\/2022\/11\/220327-WEB-PaintBoxKit-VisualMockUp-MuranoGlass-002-WhiteBackground.jpg\" \/>\n\t<meta property=\"og:image:width\" content=\"1920\" \/>\n\t<meta property=\"og:image:height\" content=\"1280\" \/>\n\t<meta property=\"og:image:type\" content=\"image\/jpeg\" \/>\n<meta name=\"twitter:card\" content=\"summary_large_image\" \/>\n<meta name=\"twitter:label1\" content=\"Price\" \/>\n\t<meta name=\"twitter:data1\" content=\"&#122;&#322;150.00\" \/>\n\t<meta name=\"twitter:label2\" content=\"Availability\" \/>\n\t<meta name=\"twitter:data2\" content=\"In stock\" \/>\n<script type=\"application\/ld+json\" class=\"yoast-schema-graph\">{\"@context\":\"https:\/\/schema.org\",\"@graph\":[{\"@type\":\"WebPage\",\"@id\":\"https:\/\/www.anniesloan.com\/pl\/produkt\/upominki-i-zestawy\/zestaw-upominkowy-szklo-murano\/\",\"url\":\"https:\/\/www.anniesloan.com\/pl\/produkt\/upominki-i-zestawy\/zestaw-upominkowy-szklo-murano\/\",\"name\":\"Zestaw upominkowy Szk\u0142o Murano - Annie Sloan PL\",\"isPartOf\":{\"@id\":\"https:\/\/www.anniesloan.com\/pl\/#website\"},\"primaryImageOfPage\":{\"@id\":\"https:\/\/www.anniesloan.com\/pl\/produkt\/upominki-i-zestawy\/zestaw-upominkowy-szklo-murano\/#primaryimage\"},\"image\":{\"@id\":\"https:\/\/www.anniesloan.com\/pl\/produkt\/upominki-i-zestawy\/zestaw-upominkowy-szklo-murano\/#primaryimage\"},\"thumbnailUrl\":\"https:\/\/www.anniesloan.com\/pl\/wp-content\/uploads\/sites\/5\/2022\/11\/220327-WEB-PaintBoxKit-VisualMockUp-MuranoGlass-002-WhiteBackground.jpg\",\"datePublished\":\"2022-11-03T14:55:51+00:00\",\"dateModified\":\"2026-03-24T13:45:30+00:00\",\"description\":\"Odkryj na nowo swoj\u0105 kreatywno\u015b\u0107 i namaluj w\u0142asne pi\u0119kne szk\u0142o inspirowane Murano, korzystaj\u0105c ze wskaz\u00f3wek ekspert\u00f3w Annie Sloan!\",\"breadcrumb\":{\"@id\":\"https:\/\/www.anniesloan.com\/pl\/produkt\/upominki-i-zestawy\/zestaw-upominkowy-szklo-murano\/#breadcrumb\"},\"inLanguage\":\"pl-PL\",\"potentialAction\":[{\"@type\":\"ReadAction\",\"target\":[\"https:\/\/www.anniesloan.com\/pl\/produkt\/upominki-i-zestawy\/zestaw-upominkowy-szklo-murano\/\"]}]},{\"@type\":\"ImageObject\",\"inLanguage\":\"pl-PL\",\"@id\":\"https:\/\/www.anniesloan.com\/pl\/produkt\/upominki-i-zestawy\/zestaw-upominkowy-szklo-murano\/#primaryimage\",\"url\":\"https:\/\/www.anniesloan.com\/pl\/wp-content\/uploads\/sites\/5\/2022\/11\/220327-WEB-PaintBoxKit-VisualMockUp-MuranoGlass-002-WhiteBackground.jpg\",\"contentUrl\":\"https:\/\/www.anniesloan.com\/pl\/wp-content\/uploads\/sites\/5\/2022\/11\/220327-WEB-PaintBoxKit-VisualMockUp-MuranoGlass-002-WhiteBackground.jpg\",\"width\":1920,\"height\":1280,\"caption\":\"Annie Sloan Murano Glass Gift Kit Product Image\"},{\"@type\":\"BreadcrumbList\",\"@id\":\"https:\/\/www.anniesloan.com\/pl\/produkt\/upominki-i-zestawy\/zestaw-upominkowy-szklo-murano\/#breadcrumb\",\"itemListElement\":[{\"@type\":\"ListItem\",\"position\":1,\"name\":\"Produkty\",\"item\":\"https:\/\/www.anniesloan.com\/pl\/produkty\/\"},{\"@type\":\"ListItem\",\"position\":2,\"name\":\"Upominki i Zestawy\",\"item\":\"https:\/\/www.anniesloan.com\/pl\/produkty\/upominki-i-zestawy\/\"},{\"@type\":\"ListItem\",\"position\":3,\"name\":\"Zestaw upominkowy Szk\u0142o Murano\"}]},{\"@type\":\"WebSite\",\"@id\":\"https:\/\/www.anniesloan.com\/pl\/#website\",\"url\":\"https:\/\/www.anniesloan.com\/pl\/\",\"name\":\"Annie Sloan PL\",\"description\":\"Home of Chalk Paint\",\"potentialAction\":[{\"@type\":\"SearchAction\",\"target\":{\"@type\":\"EntryPoint\",\"urlTemplate\":\"https:\/\/www.anniesloan.com\/pl\/?s={search_term_string}\"},\"query-input\":{\"@type\":\"PropertyValueSpecification\",\"valueRequired\":true,\"valueName\":\"search_term_string\"}}],\"inLanguage\":\"pl-PL\"}]}<\/script>\n<meta property=\"product:price:amount\" content=\"150.00\" \/>\n<meta property=\"product:price:currency\" content=\"PLN\" \/>\n<meta property=\"og:availability\" content=\"instock\" \/>\n<meta property=\"product:availability\" content=\"instock\" \/>\n<meta property=\"product:retailer_item_id\" content=\"GBMG001.XXXX.01\" \/>\n<meta property=\"product:condition\" content=\"new\" \/>\n<!-- \/ Yoast SEO Premium plugin. -->","yoast_head_json":{"title":"Zestaw upominkowy Szk\u0142o Murano - Annie Sloan PL","description":"Odkryj na nowo swoj\u0105 kreatywno\u015b\u0107 i namaluj w\u0142asne pi\u0119kne szk\u0142o inspirowane Murano, korzystaj\u0105c ze wskaz\u00f3wek ekspert\u00f3w Annie Sloan!","robots":{"index":"index","follow":"follow","max-snippet":"max-snippet:-1","max-image-preview":"max-image-preview:large","max-video-preview":"max-video-preview:-1"},"canonical":"https:\/\/www.anniesloan.com\/pl\/produkt\/upominki-i-zestawy\/zestaw-upominkowy-szklo-murano\/","og_locale":"pl_PL","og_type":"article","og_title":"Zestaw upominkowy Szk\u0142o Murano","og_description":"Odkryj na nowo swoj\u0105 kreatywno\u015b\u0107 i namaluj w\u0142asne pi\u0119kne szk\u0142o inspirowane Murano, korzystaj\u0105c ze wskaz\u00f3wek ekspert\u00f3w Annie Sloan!","og_url":"https:\/\/www.anniesloan.com\/pl\/produkt\/upominki-i-zestawy\/zestaw-upominkowy-szklo-murano\/","og_site_name":"Annie Sloan PL","article_modified_time":"2026-03-24T13:45:30+00:00","og_image":[{"width":1920,"height":1280,"url":"https:\/\/www.anniesloan.com\/pl\/wp-content\/uploads\/sites\/5\/2022\/11\/220327-WEB-PaintBoxKit-VisualMockUp-MuranoGlass-002-WhiteBackground.jpg","type":"image\/jpeg"}],"twitter_card":"summary_large_image","twitter_misc":{"Price":"&#122;&#322;150.00","Availability":"In stock"},"schema":{"@context":"https:\/\/schema.org","@graph":[{"@type":"WebPage","@id":"https:\/\/www.anniesloan.com\/pl\/produkt\/upominki-i-zestawy\/zestaw-upominkowy-szklo-murano\/","url":"https:\/\/www.anniesloan.com\/pl\/produkt\/upominki-i-zestawy\/zestaw-upominkowy-szklo-murano\/","name":"Zestaw upominkowy Szk\u0142o Murano - Annie Sloan PL","isPartOf":{"@id":"https:\/\/www.anniesloan.com\/pl\/#website"},"primaryImageOfPage":{"@id":"https:\/\/www.anniesloan.com\/pl\/produkt\/upominki-i-zestawy\/zestaw-upominkowy-szklo-murano\/#primaryimage"},"image":{"@id":"https:\/\/www.anniesloan.com\/pl\/produkt\/upominki-i-zestawy\/zestaw-upominkowy-szklo-murano\/#primaryimage"},"thumbnailUrl":"https:\/\/www.anniesloan.com\/pl\/wp-content\/uploads\/sites\/5\/2022\/11\/220327-WEB-PaintBoxKit-VisualMockUp-MuranoGlass-002-WhiteBackground.jpg","datePublished":"2022-11-03T14:55:51+00:00","dateModified":"2026-03-24T13:45:30+00:00","description":"Odkryj na nowo swoj\u0105 kreatywno\u015b\u0107 i namaluj w\u0142asne pi\u0119kne szk\u0142o inspirowane Murano, korzystaj\u0105c ze wskaz\u00f3wek ekspert\u00f3w Annie Sloan!","breadcrumb":{"@id":"https:\/\/www.anniesloan.com\/pl\/produkt\/upominki-i-zestawy\/zestaw-upominkowy-szklo-murano\/#breadcrumb"},"inLanguage":"pl-PL","potentialAction":[{"@type":"ReadAction","target":["https:\/\/www.anniesloan.com\/pl\/produkt\/upominki-i-zestawy\/zestaw-upominkowy-szklo-murano\/"]}]},{"@type":"ImageObject","inLanguage":"pl-PL","@id":"https:\/\/www.anniesloan.com\/pl\/produkt\/upominki-i-zestawy\/zestaw-upominkowy-szklo-murano\/#primaryimage","url":"https:\/\/www.anniesloan.com\/pl\/wp-content\/uploads\/sites\/5\/2022\/11\/220327-WEB-PaintBoxKit-VisualMockUp-MuranoGlass-002-WhiteBackground.jpg","contentUrl":"https:\/\/www.anniesloan.com\/pl\/wp-content\/uploads\/sites\/5\/2022\/11\/220327-WEB-PaintBoxKit-VisualMockUp-MuranoGlass-002-WhiteBackground.jpg","width":1920,"height":1280,"caption":"Annie Sloan Murano Glass Gift Kit Product Image"},{"@type":"BreadcrumbList","@id":"https:\/\/www.anniesloan.com\/pl\/produkt\/upominki-i-zestawy\/zestaw-upominkowy-szklo-murano\/#breadcrumb","itemListElement":[{"@type":"ListItem","position":1,"name":"Produkty","item":"https:\/\/www.anniesloan.com\/pl\/produkty\/"},{"@type":"ListItem","position":2,"name":"Upominki i Zestawy","item":"https:\/\/www.anniesloan.com\/pl\/produkty\/upominki-i-zestawy\/"},{"@type":"ListItem","position":3,"name":"Zestaw upominkowy Szk\u0142o Murano"}]},{"@type":"WebSite","@id":"https:\/\/www.anniesloan.com\/pl\/#website","url":"https:\/\/www.anniesloan.com\/pl\/","name":"Annie Sloan PL","description":"Home of Chalk Paint","potentialAction":[{"@type":"SearchAction","target":{"@type":"EntryPoint","urlTemplate":"https:\/\/www.anniesloan.com\/pl\/?s={search_term_string}"},"query-input":{"@type":"PropertyValueSpecification","valueRequired":true,"valueName":"search_term_string"}}],"inLanguage":"pl-PL"}]},"product_price_amount":"150.00","product_price_currency":"PLN","og_availability":"instock","product_availability":"instock","product_retailer_item_id":"GBMG001.XXXX.01","product_condition":"new"},"_links":{"self":[{"href":"https:\/\/www.anniesloan.com\/pl\/wp-json\/wp\/v2\/product\/36247","targetHints":{"allow":["GET"]}}],"collection":[{"href":"https:\/\/www.anniesloan.com\/pl\/wp-json\/wp\/v2\/product"}],"about":[{"href":"https:\/\/www.anniesloan.com\/pl\/wp-json\/wp\/v2\/types\/product"}],"wp:featuredmedia":[{"embeddable":true,"href":"https:\/\/www.anniesloan.com\/pl\/wp-json\/wp\/v2\/media\/36249"}],"wp:attachment":[{"href":"https:\/\/www.anniesloan.com\/pl\/wp-json\/wp\/v2\/media?parent=36247"}],"wp:term":[{"taxonomy":"product_brand","embeddable":true,"href":"https:\/\/www.anniesloan.com\/pl\/wp-json\/wp\/v2\/product_brand?post=36247"},{"taxonomy":"product_cat","embeddable":true,"href":"https:\/\/www.anniesloan.com\/pl\/wp-json\/wp\/v2\/product_cat?post=36247"},{"taxonomy":"product_tag","embeddable":true,"href":"https:\/\/www.anniesloan.com\/pl\/wp-json\/wp\/v2\/product_tag?post=36247"}],"curies":[{"name":"wp","href":"https:\/\/api.w.org\/{rel}","templated":true}]}}