{"id":36127,"date":"2022-08-08T11:11:51","date_gmt":"2022-08-08T10:11:51","guid":{"rendered":"https:\/\/www.anniesloan.com\/pl\/?post_type=product&#038;p=36127"},"modified":"2026-02-19T12:46:04","modified_gmt":"2026-02-19T11:46:04","slug":"the-colourist-wydanie-7-2","status":"publish","type":"product","link":"https:\/\/www.anniesloan.com\/pl\/produkt\/upominki-i-zestawy\/the-colourist-wydanie-7-2\/","title":{"rendered":"The Colourist &#8211; Issue 7"},"content":{"rendered":"","protected":false},"excerpt":{"rendered":"<p>Ten numer The Colourist jest naszym 7.\u00a0wydaniem biblii inspiracji Annie, jak\u0105 jest The Colourist. Jak zawsze, bookazine jest pe\u0142en osza\u0142amiaj\u0105cych, niepowtarzalnych fotografii malowanych mebli, prezentacji wn\u0119trz dom\u00f3w i instrukcji krok po kroku. Tematem przewodnim jest zastosowanie zieleni, a w\u015br\u00f3d prezentowanych odcieni znalaz\u0142y si\u0119 nowe kolory farb \u015bciennych Annie Sloan: <a href=\"https:\/\/www.anniesloan.com\/pl\/produkt\/farba-do-scian\/knightsbridge-green\/\">Knightsbridge Green<\/a>, <a href=\"https:\/\/www.anniesloan.com\/pl\/produkt\/farba-do-scian\/schinkel-green\/\">Schinkel Green<\/a> i farba Chalk Paint\u00ae w odcieniu <a href=\"https:\/\/www.anniesloan.com\/pl\/produkt\/chalk-paint\/zielona\/firle\/\">Firle<\/a>.<\/p>\n<p>Nie zabraknie r\u00f3wnie\u017c pog\u0142\u0119bionej analizy tw\u00f3rczo\u015bci i \u017cycia luminarzy kreatywno\u015bci \u2013 Jeana Cocteau i Jeana Paula Gaultiera. Nie wspominaj\u0105c o ca\u0142ej rubryce po\u015bwi\u0119conej wybranym przez Annie pocz\u0105tkuj\u0105cym projektantom \u2013 od producent\u00f3w tkanin po niezale\u017cne firmy produkuj\u0105ce bi\u017cuteri\u0119 \u2013 kt\u00f3rych musisz pozna\u0107. Znajdziesz tu r\u00f3wnie\u017c impresjonistyczny szablon twarzy, inspirowany tw\u00f3rczo\u015bci\u0105 Jeana Cocteau, kt\u00f3ry doda awangardowego charakteru Twoim projektom. Na kolejnych stronach, znajdziesz artyku\u0142 o hotelu Chalk Paint\u00ae oraz prezentacje wn\u0119trz innych dom\u00f3w, zaprojektowanych przez takich guru jak Pearl Lowe i Luke Edward Hall.\u00a0 By\u0107 mo\u017ce najbardziej interesuj\u0105ca jest wiadomo\u015b\u0107 o najnowszej wsp\u00f3\u0142pracy Annie z RHS \u2013 ale \u017ceby si\u0119 o tym przekona\u0107, musisz si\u0119gn\u0105\u0107 po egzemplarz bookazinu.<\/p>\n","protected":false},"featured_media":36232,"template":"","meta":{"_acf_changed":false,"_relevanssi_hide_post":"","_relevanssi_hide_content":"","_relevanssi_pin_for_all":"","_relevanssi_pin_keywords":"","_relevanssi_unpin_keywords":"","_relevanssi_related_keywords":"","_relevanssi_related_include_ids":"","_relevanssi_related_exclude_ids":"","_relevanssi_related_no_append":"","_relevanssi_related_not_related":"","_relevanssi_related_posts":"","_relevanssi_noindex_reason":""},"product_brand":[],"product_cat":[65,66],"product_tag":[],"class_list":{"0":"post-36127","1":"product","2":"type-product","3":"status-publish","4":"has-post-thumbnail","6":"product_cat-upominki-i-zestawy","7":"product_cat-ksiazki","9":"first","10":"instock","11":"taxable","12":"shipping-taxable","13":"purchasable","14":"product-type-simple"},"acf":[],"yoast_head":"<!-- This site is optimized with the Yoast SEO Premium plugin v26.5 (Yoast SEO v26.5) - https:\/\/yoast.com\/wordpress\/plugins\/seo\/ -->\n<title>The Colourist Wydanie 7 | Bookazine | Annie Sloan<\/title>\n<meta name=\"description\" content=\"Ten numer The Colourist jest naszym 7.\u00a0wydaniem biblii inspiracji Annie, jak\u0105 jest The Colourist.\" \/>\n<meta name=\"robots\" content=\"index, follow, max-snippet:-1, max-image-preview:large, max-video-preview:-1\" \/>\n<link rel=\"canonical\" href=\"https:\/\/www.anniesloan.com\/pl\/produkt\/upominki-i-zestawy\/the-colourist-wydanie-7-2\/\" \/>\n<meta property=\"og:locale\" content=\"pl_PL\" \/>\n<meta property=\"og:type\" content=\"article\" \/>\n<meta property=\"og:title\" content=\"The Colourist - Issue 7\" \/>\n<meta property=\"og:description\" content=\"Ten numer The Colourist jest naszym 7.\u00a0wydaniem biblii inspiracji Annie, jak\u0105 jest The Colourist.\" \/>\n<meta property=\"og:url\" content=\"https:\/\/www.anniesloan.com\/pl\/produkt\/upominki-i-zestawy\/the-colourist-wydanie-7-2\/\" \/>\n<meta property=\"og:site_name\" content=\"Annie Sloan PL\" \/>\n<meta property=\"article:modified_time\" content=\"2026-02-19T11:46:04+00:00\" \/>\n<meta property=\"og:image\" content=\"https:\/\/www.anniesloan.com\/pl\/wp-content\/uploads\/sites\/5\/2022\/08\/The-Colourist-Front-Cover-LP.jpeg\" \/>\n\t<meta property=\"og:image:width\" content=\"1280\" \/>\n\t<meta property=\"og:image:height\" content=\"1024\" \/>\n\t<meta property=\"og:image:type\" content=\"image\/jpeg\" \/>\n<meta name=\"twitter:card\" content=\"summary_large_image\" \/>\n<meta name=\"twitter:label1\" content=\"Price\" \/>\n\t<meta name=\"twitter:data1\" content=\"&#122;&#322;75.00\" \/>\n\t<meta name=\"twitter:label2\" content=\"Availability\" \/>\n\t<meta name=\"twitter:data2\" content=\"In stock\" \/>\n<script type=\"application\/ld+json\" class=\"yoast-schema-graph\">{\"@context\":\"https:\/\/schema.org\",\"@graph\":[{\"@type\":\"WebPage\",\"@id\":\"https:\/\/www.anniesloan.com\/pl\/produkt\/upominki-i-zestawy\/the-colourist-wydanie-7-2\/\",\"url\":\"https:\/\/www.anniesloan.com\/pl\/produkt\/upominki-i-zestawy\/the-colourist-wydanie-7-2\/\",\"name\":\"The Colourist Wydanie 7 | Bookazine | Annie Sloan\",\"isPartOf\":{\"@id\":\"https:\/\/www.anniesloan.com\/pl\/#website\"},\"primaryImageOfPage\":{\"@id\":\"https:\/\/www.anniesloan.com\/pl\/produkt\/upominki-i-zestawy\/the-colourist-wydanie-7-2\/#primaryimage\"},\"image\":{\"@id\":\"https:\/\/www.anniesloan.com\/pl\/produkt\/upominki-i-zestawy\/the-colourist-wydanie-7-2\/#primaryimage\"},\"thumbnailUrl\":\"https:\/\/www.anniesloan.com\/pl\/wp-content\/uploads\/sites\/5\/2022\/08\/The-Colourist-Front-Cover-LP.jpeg\",\"datePublished\":\"2022-08-08T10:11:51+00:00\",\"dateModified\":\"2026-02-19T11:46:04+00:00\",\"description\":\"Ten numer The Colourist jest naszym 7.\u00a0wydaniem biblii inspiracji Annie, jak\u0105 jest The Colourist.\",\"breadcrumb\":{\"@id\":\"https:\/\/www.anniesloan.com\/pl\/produkt\/upominki-i-zestawy\/the-colourist-wydanie-7-2\/#breadcrumb\"},\"inLanguage\":\"pl-PL\",\"potentialAction\":[{\"@type\":\"ReadAction\",\"target\":[\"https:\/\/www.anniesloan.com\/pl\/produkt\/upominki-i-zestawy\/the-colourist-wydanie-7-2\/\"]}]},{\"@type\":\"ImageObject\",\"inLanguage\":\"pl-PL\",\"@id\":\"https:\/\/www.anniesloan.com\/pl\/produkt\/upominki-i-zestawy\/the-colourist-wydanie-7-2\/#primaryimage\",\"url\":\"https:\/\/www.anniesloan.com\/pl\/wp-content\/uploads\/sites\/5\/2022\/08\/The-Colourist-Front-Cover-LP.jpeg\",\"contentUrl\":\"https:\/\/www.anniesloan.com\/pl\/wp-content\/uploads\/sites\/5\/2022\/08\/The-Colourist-Front-Cover-LP.jpeg\",\"width\":1280,\"height\":1024,\"caption\":\"The Colourist Issue 7 Front Cover\"},{\"@type\":\"BreadcrumbList\",\"@id\":\"https:\/\/www.anniesloan.com\/pl\/produkt\/upominki-i-zestawy\/the-colourist-wydanie-7-2\/#breadcrumb\",\"itemListElement\":[{\"@type\":\"ListItem\",\"position\":1,\"name\":\"Produkty\",\"item\":\"https:\/\/www.anniesloan.com\/pl\/produkty\/\"},{\"@type\":\"ListItem\",\"position\":2,\"name\":\"Upominki i Zestawy\",\"item\":\"https:\/\/www.anniesloan.com\/pl\/produkty\/upominki-i-zestawy\/\"},{\"@type\":\"ListItem\",\"position\":3,\"name\":\"The Colourist &#8211; Issue 7\"}]},{\"@type\":\"WebSite\",\"@id\":\"https:\/\/www.anniesloan.com\/pl\/#website\",\"url\":\"https:\/\/www.anniesloan.com\/pl\/\",\"name\":\"Annie Sloan PL\",\"description\":\"Home of Chalk Paint\",\"potentialAction\":[{\"@type\":\"SearchAction\",\"target\":{\"@type\":\"EntryPoint\",\"urlTemplate\":\"https:\/\/www.anniesloan.com\/pl\/?s={search_term_string}\"},\"query-input\":{\"@type\":\"PropertyValueSpecification\",\"valueRequired\":true,\"valueName\":\"search_term_string\"}}],\"inLanguage\":\"pl-PL\"}]}<\/script>\n<meta property=\"product:price:amount\" content=\"75.00\" \/>\n<meta property=\"product:price:currency\" content=\"PLN\" \/>\n<meta property=\"og:availability\" content=\"instock\" \/>\n<meta property=\"product:availability\" content=\"instock\" \/>\n<meta property=\"product:retailer_item_id\" content=\"TCTB007.2130.09\" \/>\n<meta property=\"product:condition\" content=\"new\" \/>\n<!-- \/ Yoast SEO Premium plugin. -->","yoast_head_json":{"title":"The Colourist Wydanie 7 | Bookazine | Annie Sloan","description":"Ten numer The Colourist jest naszym 7.\u00a0wydaniem biblii inspiracji Annie, jak\u0105 jest The Colourist.","robots":{"index":"index","follow":"follow","max-snippet":"max-snippet:-1","max-image-preview":"max-image-preview:large","max-video-preview":"max-video-preview:-1"},"canonical":"https:\/\/www.anniesloan.com\/pl\/produkt\/upominki-i-zestawy\/the-colourist-wydanie-7-2\/","og_locale":"pl_PL","og_type":"article","og_title":"The Colourist - Issue 7","og_description":"Ten numer The Colourist jest naszym 7.\u00a0wydaniem biblii inspiracji Annie, jak\u0105 jest The Colourist.","og_url":"https:\/\/www.anniesloan.com\/pl\/produkt\/upominki-i-zestawy\/the-colourist-wydanie-7-2\/","og_site_name":"Annie Sloan PL","article_modified_time":"2026-02-19T11:46:04+00:00","og_image":[{"width":1280,"height":1024,"url":"https:\/\/www.anniesloan.com\/pl\/wp-content\/uploads\/sites\/5\/2022\/08\/The-Colourist-Front-Cover-LP.jpeg","type":"image\/jpeg"}],"twitter_card":"summary_large_image","twitter_misc":{"Price":"&#122;&#322;75.00","Availability":"In stock"},"schema":{"@context":"https:\/\/schema.org","@graph":[{"@type":"WebPage","@id":"https:\/\/www.anniesloan.com\/pl\/produkt\/upominki-i-zestawy\/the-colourist-wydanie-7-2\/","url":"https:\/\/www.anniesloan.com\/pl\/produkt\/upominki-i-zestawy\/the-colourist-wydanie-7-2\/","name":"The Colourist Wydanie 7 | Bookazine | Annie Sloan","isPartOf":{"@id":"https:\/\/www.anniesloan.com\/pl\/#website"},"primaryImageOfPage":{"@id":"https:\/\/www.anniesloan.com\/pl\/produkt\/upominki-i-zestawy\/the-colourist-wydanie-7-2\/#primaryimage"},"image":{"@id":"https:\/\/www.anniesloan.com\/pl\/produkt\/upominki-i-zestawy\/the-colourist-wydanie-7-2\/#primaryimage"},"thumbnailUrl":"https:\/\/www.anniesloan.com\/pl\/wp-content\/uploads\/sites\/5\/2022\/08\/The-Colourist-Front-Cover-LP.jpeg","datePublished":"2022-08-08T10:11:51+00:00","dateModified":"2026-02-19T11:46:04+00:00","description":"Ten numer The Colourist jest naszym 7.\u00a0wydaniem biblii inspiracji Annie, jak\u0105 jest The Colourist.","breadcrumb":{"@id":"https:\/\/www.anniesloan.com\/pl\/produkt\/upominki-i-zestawy\/the-colourist-wydanie-7-2\/#breadcrumb"},"inLanguage":"pl-PL","potentialAction":[{"@type":"ReadAction","target":["https:\/\/www.anniesloan.com\/pl\/produkt\/upominki-i-zestawy\/the-colourist-wydanie-7-2\/"]}]},{"@type":"ImageObject","inLanguage":"pl-PL","@id":"https:\/\/www.anniesloan.com\/pl\/produkt\/upominki-i-zestawy\/the-colourist-wydanie-7-2\/#primaryimage","url":"https:\/\/www.anniesloan.com\/pl\/wp-content\/uploads\/sites\/5\/2022\/08\/The-Colourist-Front-Cover-LP.jpeg","contentUrl":"https:\/\/www.anniesloan.com\/pl\/wp-content\/uploads\/sites\/5\/2022\/08\/The-Colourist-Front-Cover-LP.jpeg","width":1280,"height":1024,"caption":"The Colourist Issue 7 Front Cover"},{"@type":"BreadcrumbList","@id":"https:\/\/www.anniesloan.com\/pl\/produkt\/upominki-i-zestawy\/the-colourist-wydanie-7-2\/#breadcrumb","itemListElement":[{"@type":"ListItem","position":1,"name":"Produkty","item":"https:\/\/www.anniesloan.com\/pl\/produkty\/"},{"@type":"ListItem","position":2,"name":"Upominki i Zestawy","item":"https:\/\/www.anniesloan.com\/pl\/produkty\/upominki-i-zestawy\/"},{"@type":"ListItem","position":3,"name":"The Colourist &#8211; Issue 7"}]},{"@type":"WebSite","@id":"https:\/\/www.anniesloan.com\/pl\/#website","url":"https:\/\/www.anniesloan.com\/pl\/","name":"Annie Sloan PL","description":"Home of Chalk Paint","potentialAction":[{"@type":"SearchAction","target":{"@type":"EntryPoint","urlTemplate":"https:\/\/www.anniesloan.com\/pl\/?s={search_term_string}"},"query-input":{"@type":"PropertyValueSpecification","valueRequired":true,"valueName":"search_term_string"}}],"inLanguage":"pl-PL"}]},"product_price_amount":"75.00","product_price_currency":"PLN","og_availability":"instock","product_availability":"instock","product_retailer_item_id":"TCTB007.2130.09","product_condition":"new"},"_links":{"self":[{"href":"https:\/\/www.anniesloan.com\/pl\/wp-json\/wp\/v2\/product\/36127","targetHints":{"allow":["GET"]}}],"collection":[{"href":"https:\/\/www.anniesloan.com\/pl\/wp-json\/wp\/v2\/product"}],"about":[{"href":"https:\/\/www.anniesloan.com\/pl\/wp-json\/wp\/v2\/types\/product"}],"wp:featuredmedia":[{"embeddable":true,"href":"https:\/\/www.anniesloan.com\/pl\/wp-json\/wp\/v2\/media\/36232"}],"wp:attachment":[{"href":"https:\/\/www.anniesloan.com\/pl\/wp-json\/wp\/v2\/media?parent=36127"}],"wp:term":[{"taxonomy":"product_brand","embeddable":true,"href":"https:\/\/www.anniesloan.com\/pl\/wp-json\/wp\/v2\/product_brand?post=36127"},{"taxonomy":"product_cat","embeddable":true,"href":"https:\/\/www.anniesloan.com\/pl\/wp-json\/wp\/v2\/product_cat?post=36127"},{"taxonomy":"product_tag","embeddable":true,"href":"https:\/\/www.anniesloan.com\/pl\/wp-json\/wp\/v2\/product_tag?post=36127"}],"curies":[{"name":"wp","href":"https:\/\/api.w.org\/{rel}","templated":true}]}}