{"id":35699,"date":"2022-03-09T12:56:14","date_gmt":"2022-03-09T11:56:14","guid":{"rendered":"https:\/\/www.anniesloan.com\/?post_type=product&#038;p=104205"},"modified":"2026-03-23T10:45:43","modified_gmt":"2026-03-23T09:45:43","slug":"pemberley-blue-sp","status":"publish","type":"product","link":"https:\/\/www.anniesloan.com\/pl\/produkt\/farba-satynowa\/pemberley-blue-sp\/","title":{"rendered":"Pemberley Blue"},"content":{"rendered":"","protected":false},"excerpt":{"rendered":"<p>Farba satynowa Annie Sloan Satin Paint w kolorze Pemberley Blue to wyrafinowany i elegancki pastelowy b\u0142\u0119kit, zainspirowany b\u0142\u0119kitem skorupki jajka, tak cz\u0119sto u\u017cywanym w dworkach w znakomitym okresie regencji. Ten b\u0142\u0119kit maksymalizuje przestrze\u0144 dzi\u0119ki swoim recesywnym w\u0142a\u015bciwo\u015bciom, podczas gdy du\u017ca ilo\u015b\u0107 zielonego i bia\u0142ego pigmentu ociepla i zmi\u0119kcza b\u0142\u0119kit.<\/p>\n<p><strong>Dost\u0119pna w puszkach o pojemno\u015bci 750 ml. 750 ml farby wystarcza do pomalowania oko\u0142o 11 metr\u00f3w kwadratowych.<\/strong><\/p>\n","protected":false},"featured_media":35953,"template":"","meta":{"_acf_changed":false,"_relevanssi_hide_post":"","_relevanssi_hide_content":"","_relevanssi_pin_for_all":"","_relevanssi_pin_keywords":"","_relevanssi_unpin_keywords":"","_relevanssi_related_keywords":"","_relevanssi_related_include_ids":"","_relevanssi_related_exclude_ids":"","_relevanssi_related_no_append":"","_relevanssi_related_not_related":"","_relevanssi_related_posts":"","_relevanssi_noindex_reason":""},"product_brand":[],"product_cat":[1187,1175,1177],"product_tag":[],"class_list":{"0":"post-35699","1":"product","2":"type-product","3":"status-publish","4":"has-post-thumbnail","6":"product_cat-farba-satynowa","7":"product_cat-niebieska-farba-satynowa","8":"product_cat-zielona-farba-satynowa","9":"pa_colour-filter-niebieskie","10":"pa_colour-filter-zielenie","11":"pa_finish-satin-paint","12":"pa_size-750ml","14":"first","15":"outofstock","16":"taxable","17":"shipping-taxable","18":"purchasable","19":"product-type-simple"},"acf":[],"yoast_head":"<!-- This site is optimized with the Yoast SEO Premium plugin v26.5 (Yoast SEO v26.5) - https:\/\/yoast.com\/wordpress\/plugins\/seo\/ -->\n<title>Jasnoniebieska Farba Satynowa | Pemberley Blue | Annie Sloan<\/title>\n<meta name=\"description\" content=\"Farba satynowa Annie Sloan w kolorze Pemberley Blue to wyrafinowany i elegancki pastelowy b\u0142\u0119kit. Kupuj Farba Satynowa Pemberley Blue online.\" \/>\n<meta name=\"robots\" content=\"index, follow, max-snippet:-1, max-image-preview:large, max-video-preview:-1\" \/>\n<link rel=\"canonical\" href=\"https:\/\/www.anniesloan.com\/pl\/produkt\/farba-satynowa\/pemberley-blue-sp\/\" \/>\n<meta property=\"og:locale\" content=\"pl_PL\" \/>\n<meta property=\"og:type\" content=\"article\" \/>\n<meta property=\"og:title\" content=\"Pemberley Blue\" \/>\n<meta property=\"og:description\" content=\"Farba satynowa Annie Sloan w kolorze Pemberley Blue to wyrafinowany i elegancki pastelowy b\u0142\u0119kit. Kupuj Farba Satynowa Pemberley Blue online.\" \/>\n<meta property=\"og:url\" content=\"https:\/\/www.anniesloan.com\/pl\/produkt\/farba-satynowa\/pemberley-blue-sp\/\" \/>\n<meta property=\"og:site_name\" content=\"Annie Sloan PL\" \/>\n<meta property=\"article:modified_time\" content=\"2026-03-23T09:45:43+00:00\" \/>\n<meta property=\"og:image\" content=\"https:\/\/www.anniesloan.com\/pl\/wp-content\/uploads\/sites\/5\/2022\/03\/NEWRGB-72dpi-Pemberly-blue.jpg\" \/>\n\t<meta property=\"og:image:width\" content=\"1224\" \/>\n\t<meta property=\"og:image:height\" content=\"936\" \/>\n\t<meta property=\"og:image:type\" content=\"image\/jpeg\" \/>\n<meta name=\"twitter:card\" content=\"summary_large_image\" \/>\n<meta name=\"twitter:label1\" content=\"Price\" \/>\n\t<meta name=\"twitter:data1\" content=\"&#122;&#322;183.00\" \/>\n\t<meta name=\"twitter:label2\" content=\"Availability\" \/>\n\t<meta name=\"twitter:data2\" content=\"Out of stock\" \/>\n<script type=\"application\/ld+json\" class=\"yoast-schema-graph\">{\"@context\":\"https:\/\/schema.org\",\"@graph\":[{\"@type\":\"WebPage\",\"@id\":\"https:\/\/www.anniesloan.com\/pl\/produkt\/farba-satynowa\/pemberley-blue-sp\/\",\"url\":\"https:\/\/www.anniesloan.com\/pl\/produkt\/farba-satynowa\/pemberley-blue-sp\/\",\"name\":\"Jasnoniebieska Farba Satynowa | Pemberley Blue | Annie Sloan\",\"isPartOf\":{\"@id\":\"https:\/\/www.anniesloan.com\/pl\/#website\"},\"primaryImageOfPage\":{\"@id\":\"https:\/\/www.anniesloan.com\/pl\/produkt\/farba-satynowa\/pemberley-blue-sp\/#primaryimage\"},\"image\":{\"@id\":\"https:\/\/www.anniesloan.com\/pl\/produkt\/farba-satynowa\/pemberley-blue-sp\/#primaryimage\"},\"thumbnailUrl\":\"https:\/\/www.anniesloan.com\/pl\/wp-content\/uploads\/sites\/5\/2022\/03\/NEWRGB-72dpi-Pemberly-blue.jpg\",\"datePublished\":\"2022-03-09T11:56:14+00:00\",\"dateModified\":\"2026-03-23T09:45:43+00:00\",\"description\":\"Farba satynowa Annie Sloan w kolorze Pemberley Blue to wyrafinowany i elegancki pastelowy b\u0142\u0119kit. Kupuj Farba Satynowa Pemberley Blue online.\",\"breadcrumb\":{\"@id\":\"https:\/\/www.anniesloan.com\/pl\/produkt\/farba-satynowa\/pemberley-blue-sp\/#breadcrumb\"},\"inLanguage\":\"pl-PL\",\"potentialAction\":[{\"@type\":\"ReadAction\",\"target\":[\"https:\/\/www.anniesloan.com\/pl\/produkt\/farba-satynowa\/pemberley-blue-sp\/\"]}]},{\"@type\":\"ImageObject\",\"inLanguage\":\"pl-PL\",\"@id\":\"https:\/\/www.anniesloan.com\/pl\/produkt\/farba-satynowa\/pemberley-blue-sp\/#primaryimage\",\"url\":\"https:\/\/www.anniesloan.com\/pl\/wp-content\/uploads\/sites\/5\/2022\/03\/NEWRGB-72dpi-Pemberly-blue.jpg\",\"contentUrl\":\"https:\/\/www.anniesloan.com\/pl\/wp-content\/uploads\/sites\/5\/2022\/03\/NEWRGB-72dpi-Pemberly-blue.jpg\",\"width\":1224,\"height\":936,\"caption\":\"Poci\u0105gni\u0119cie p\u0119dzla w kolorze Pemberley Blue Annie Sloan\"},{\"@type\":\"BreadcrumbList\",\"@id\":\"https:\/\/www.anniesloan.com\/pl\/produkt\/farba-satynowa\/pemberley-blue-sp\/#breadcrumb\",\"itemListElement\":[{\"@type\":\"ListItem\",\"position\":1,\"name\":\"Produkty\",\"item\":\"https:\/\/www.anniesloan.com\/pl\/produkty\/\"},{\"@type\":\"ListItem\",\"position\":2,\"name\":\"Farba Satynowa\",\"item\":\"https:\/\/www.anniesloan.com\/pl\/produkty\/farba-satynowa\/\"},{\"@type\":\"ListItem\",\"position\":3,\"name\":\"Pemberley Blue\"}]},{\"@type\":\"WebSite\",\"@id\":\"https:\/\/www.anniesloan.com\/pl\/#website\",\"url\":\"https:\/\/www.anniesloan.com\/pl\/\",\"name\":\"Annie Sloan PL\",\"description\":\"Home of Chalk Paint\",\"potentialAction\":[{\"@type\":\"SearchAction\",\"target\":{\"@type\":\"EntryPoint\",\"urlTemplate\":\"https:\/\/www.anniesloan.com\/pl\/?s={search_term_string}\"},\"query-input\":{\"@type\":\"PropertyValueSpecification\",\"valueRequired\":true,\"valueName\":\"search_term_string\"}}],\"inLanguage\":\"pl-PL\"}]}<\/script>\n<meta property=\"product:price:amount\" content=\"183.00\" \/>\n<meta property=\"product:price:currency\" content=\"PLN\" \/>\n<meta property=\"og:availability\" content=\"out of stock\" \/>\n<meta property=\"product:availability\" content=\"out of stock\" \/>\n<meta property=\"product:retailer_item_id\" content=\"SPPB001.0750.01\" \/>\n<meta property=\"product:condition\" content=\"new\" \/>\n<!-- \/ Yoast SEO Premium plugin. -->","yoast_head_json":{"title":"Jasnoniebieska Farba Satynowa | Pemberley Blue | Annie Sloan","description":"Farba satynowa Annie Sloan w kolorze Pemberley Blue to wyrafinowany i elegancki pastelowy b\u0142\u0119kit. Kupuj Farba Satynowa Pemberley Blue online.","robots":{"index":"index","follow":"follow","max-snippet":"max-snippet:-1","max-image-preview":"max-image-preview:large","max-video-preview":"max-video-preview:-1"},"canonical":"https:\/\/www.anniesloan.com\/pl\/produkt\/farba-satynowa\/pemberley-blue-sp\/","og_locale":"pl_PL","og_type":"article","og_title":"Pemberley Blue","og_description":"Farba satynowa Annie Sloan w kolorze Pemberley Blue to wyrafinowany i elegancki pastelowy b\u0142\u0119kit. Kupuj Farba Satynowa Pemberley Blue online.","og_url":"https:\/\/www.anniesloan.com\/pl\/produkt\/farba-satynowa\/pemberley-blue-sp\/","og_site_name":"Annie Sloan PL","article_modified_time":"2026-03-23T09:45:43+00:00","og_image":[{"width":1224,"height":936,"url":"https:\/\/www.anniesloan.com\/pl\/wp-content\/uploads\/sites\/5\/2022\/03\/NEWRGB-72dpi-Pemberly-blue.jpg","type":"image\/jpeg"}],"twitter_card":"summary_large_image","twitter_misc":{"Price":"&#122;&#322;183.00","Availability":"Out of stock"},"schema":{"@context":"https:\/\/schema.org","@graph":[{"@type":"WebPage","@id":"https:\/\/www.anniesloan.com\/pl\/produkt\/farba-satynowa\/pemberley-blue-sp\/","url":"https:\/\/www.anniesloan.com\/pl\/produkt\/farba-satynowa\/pemberley-blue-sp\/","name":"Jasnoniebieska Farba Satynowa | Pemberley Blue | Annie Sloan","isPartOf":{"@id":"https:\/\/www.anniesloan.com\/pl\/#website"},"primaryImageOfPage":{"@id":"https:\/\/www.anniesloan.com\/pl\/produkt\/farba-satynowa\/pemberley-blue-sp\/#primaryimage"},"image":{"@id":"https:\/\/www.anniesloan.com\/pl\/produkt\/farba-satynowa\/pemberley-blue-sp\/#primaryimage"},"thumbnailUrl":"https:\/\/www.anniesloan.com\/pl\/wp-content\/uploads\/sites\/5\/2022\/03\/NEWRGB-72dpi-Pemberly-blue.jpg","datePublished":"2022-03-09T11:56:14+00:00","dateModified":"2026-03-23T09:45:43+00:00","description":"Farba satynowa Annie Sloan w kolorze Pemberley Blue to wyrafinowany i elegancki pastelowy b\u0142\u0119kit. Kupuj Farba Satynowa Pemberley Blue online.","breadcrumb":{"@id":"https:\/\/www.anniesloan.com\/pl\/produkt\/farba-satynowa\/pemberley-blue-sp\/#breadcrumb"},"inLanguage":"pl-PL","potentialAction":[{"@type":"ReadAction","target":["https:\/\/www.anniesloan.com\/pl\/produkt\/farba-satynowa\/pemberley-blue-sp\/"]}]},{"@type":"ImageObject","inLanguage":"pl-PL","@id":"https:\/\/www.anniesloan.com\/pl\/produkt\/farba-satynowa\/pemberley-blue-sp\/#primaryimage","url":"https:\/\/www.anniesloan.com\/pl\/wp-content\/uploads\/sites\/5\/2022\/03\/NEWRGB-72dpi-Pemberly-blue.jpg","contentUrl":"https:\/\/www.anniesloan.com\/pl\/wp-content\/uploads\/sites\/5\/2022\/03\/NEWRGB-72dpi-Pemberly-blue.jpg","width":1224,"height":936,"caption":"Poci\u0105gni\u0119cie p\u0119dzla w kolorze Pemberley Blue Annie Sloan"},{"@type":"BreadcrumbList","@id":"https:\/\/www.anniesloan.com\/pl\/produkt\/farba-satynowa\/pemberley-blue-sp\/#breadcrumb","itemListElement":[{"@type":"ListItem","position":1,"name":"Produkty","item":"https:\/\/www.anniesloan.com\/pl\/produkty\/"},{"@type":"ListItem","position":2,"name":"Farba Satynowa","item":"https:\/\/www.anniesloan.com\/pl\/produkty\/farba-satynowa\/"},{"@type":"ListItem","position":3,"name":"Pemberley Blue"}]},{"@type":"WebSite","@id":"https:\/\/www.anniesloan.com\/pl\/#website","url":"https:\/\/www.anniesloan.com\/pl\/","name":"Annie Sloan PL","description":"Home of Chalk Paint","potentialAction":[{"@type":"SearchAction","target":{"@type":"EntryPoint","urlTemplate":"https:\/\/www.anniesloan.com\/pl\/?s={search_term_string}"},"query-input":{"@type":"PropertyValueSpecification","valueRequired":true,"valueName":"search_term_string"}}],"inLanguage":"pl-PL"}]},"product_price_amount":"183.00","product_price_currency":"PLN","og_availability":"out of stock","product_availability":"out of stock","product_retailer_item_id":"SPPB001.0750.01","product_condition":"new"},"_links":{"self":[{"href":"https:\/\/www.anniesloan.com\/pl\/wp-json\/wp\/v2\/product\/35699","targetHints":{"allow":["GET"]}}],"collection":[{"href":"https:\/\/www.anniesloan.com\/pl\/wp-json\/wp\/v2\/product"}],"about":[{"href":"https:\/\/www.anniesloan.com\/pl\/wp-json\/wp\/v2\/types\/product"}],"wp:featuredmedia":[{"embeddable":true,"href":"https:\/\/www.anniesloan.com\/pl\/wp-json\/wp\/v2\/media\/35953"}],"wp:attachment":[{"href":"https:\/\/www.anniesloan.com\/pl\/wp-json\/wp\/v2\/media?parent=35699"}],"wp:term":[{"taxonomy":"product_brand","embeddable":true,"href":"https:\/\/www.anniesloan.com\/pl\/wp-json\/wp\/v2\/product_brand?post=35699"},{"taxonomy":"product_cat","embeddable":true,"href":"https:\/\/www.anniesloan.com\/pl\/wp-json\/wp\/v2\/product_cat?post=35699"},{"taxonomy":"product_tag","embeddable":true,"href":"https:\/\/www.anniesloan.com\/pl\/wp-json\/wp\/v2\/product_tag?post=35699"}],"curies":[{"name":"wp","href":"https:\/\/api.w.org\/{rel}","templated":true}]}}