{"id":34593,"date":"2021-10-06T08:55:50","date_gmt":"2021-10-06T08:55:50","guid":{"rendered":"https:\/\/www.anniesloan.com\/?post_type=product&#038;p=92048"},"modified":"2026-04-14T22:45:29","modified_gmt":"2026-04-14T20:45:29","slug":"annie-sloan-torba-dla-artysty","status":"publish","type":"product","link":"https:\/\/www.anniesloan.com\/pl\/produkt\/upominki-i-zestawy\/annie-sloan-torba-dla-artysty\/","title":{"rendered":"Annie Sloan Torba dla artysty"},"content":{"rendered":"","protected":false},"excerpt":{"rendered":"<p>Nasze Torby dla artysty Annie Sloan s\u0105 najlepszym towarzyszem ka\u017cdego malarza. S\u0105 g\u0119sto tkane z wytrzyma\u0142ej, ale lekkiej juty (naturalne w\u0142\u00f3kno ro\u015blinne) i mocno zszywane, aby wzmocni\u0107 ich struktur\u0119, dzi\u0119ki czemu s\u0105 wystarczaj\u0105co wytrzyma\u0142e, aby z \u0142atwo\u015bci\u0105 przenosi\u0107 w nich przybory do malowania. Szerokie wstawki utrzymuj\u0105 puszki w pozycji pionowej. Na wszelki wypadek wn\u0119trze wy\u0142o\u017cone jest wodoodporn\u0105 tkanin\u0105. Jest idealnie zaprojektowana, aby wygodnie zmie\u015bci\u0107 w niej dwie 1-litrowe puszki farby Chalk Paint oraz akcesoria.<\/p>\n<p>Kr\u00f3tki uchwyt i szerokie paski rozk\u0142adaj\u0105 ci\u0119\u017car ci\u0119\u017ckich przedmiot\u00f3w, pomagaj\u0105c Ci bezpiecznie porusza\u0107 si\u0119 po mie\u015bcie ze swoimi nowymi zakupami. Logo w metalicznym kolorze dodaje blasku i pokazuje wszystkim, \u017ce znasz si\u0119 na farbach Chalk Paint! Idealna na prezent.<\/p>\n<p><em>Oferta nie obejmuje zawarto\u015bci torby i dotyczy wy\u0142\u0105cznie samej Torby dla artysty.<\/em><\/p>\n","protected":false},"featured_media":34570,"template":"","meta":{"_acf_changed":false,"_relevanssi_hide_post":"","_relevanssi_hide_content":"","_relevanssi_pin_for_all":"","_relevanssi_pin_keywords":"","_relevanssi_unpin_keywords":"","_relevanssi_related_keywords":"","_relevanssi_related_include_ids":"","_relevanssi_related_exclude_ids":"","_relevanssi_related_no_append":"","_relevanssi_related_not_related":"","_relevanssi_related_posts":"","_relevanssi_noindex_reason":""},"product_brand":[],"product_cat":[65],"product_tag":[],"class_list":{"0":"post-34593","1":"product","2":"type-product","3":"status-publish","4":"has-post-thumbnail","6":"product_cat-upominki-i-zestawy","8":"first","9":"instock","10":"taxable","11":"shipping-taxable","12":"purchasable","13":"product-type-simple"},"acf":[],"yoast_head":"<!-- This site is optimized with the Yoast SEO Premium plugin v26.5 (Yoast SEO v26.5) - https:\/\/yoast.com\/wordpress\/plugins\/seo\/ -->\n<title>Annie Sloan Torba dla artysty | Annie Sloan<\/title>\n<meta name=\"description\" content=\"Nasze Torby dla artysty Annie Sloan s\u0105 najlepszym towarzyszem ka\u017cdego malarza.\" \/>\n<meta name=\"robots\" content=\"index, follow, max-snippet:-1, max-image-preview:large, max-video-preview:-1\" \/>\n<link rel=\"canonical\" href=\"https:\/\/www.anniesloan.com\/pl\/produkt\/upominki-i-zestawy\/annie-sloan-torba-dla-artysty\/\" \/>\n<meta property=\"og:locale\" content=\"pl_PL\" \/>\n<meta property=\"og:type\" content=\"article\" \/>\n<meta property=\"og:title\" content=\"Annie Sloan Torba dla artysty\" \/>\n<meta property=\"og:description\" content=\"Nasze Torby dla artysty Annie Sloan s\u0105 najlepszym towarzyszem ka\u017cdego malarza.\" \/>\n<meta property=\"og:url\" content=\"https:\/\/www.anniesloan.com\/pl\/produkt\/upominki-i-zestawy\/annie-sloan-torba-dla-artysty\/\" \/>\n<meta property=\"og:site_name\" content=\"Annie Sloan PL\" \/>\n<meta property=\"article:modified_time\" content=\"2026-04-14T20:45:29+00:00\" \/>\n<meta property=\"og:image\" content=\"https:\/\/www.anniesloan.com\/pl\/wp-content\/uploads\/sites\/5\/2021\/10\/210296_ASI-Bag_02.jpg\" \/>\n\t<meta property=\"og:image:width\" content=\"1152\" \/>\n\t<meta property=\"og:image:height\" content=\"922\" \/>\n\t<meta property=\"og:image:type\" content=\"image\/jpeg\" \/>\n<meta name=\"twitter:card\" content=\"summary_large_image\" \/>\n<meta name=\"twitter:label1\" content=\"Price\" \/>\n\t<meta name=\"twitter:data1\" content=\"&#122;&#322;45.00\" \/>\n\t<meta name=\"twitter:label2\" content=\"Availability\" \/>\n\t<meta name=\"twitter:data2\" content=\"In stock\" \/>\n<script type=\"application\/ld+json\" class=\"yoast-schema-graph\">{\"@context\":\"https:\/\/schema.org\",\"@graph\":[{\"@type\":\"WebPage\",\"@id\":\"https:\/\/www.anniesloan.com\/pl\/produkt\/upominki-i-zestawy\/annie-sloan-torba-dla-artysty\/\",\"url\":\"https:\/\/www.anniesloan.com\/pl\/produkt\/upominki-i-zestawy\/annie-sloan-torba-dla-artysty\/\",\"name\":\"Annie Sloan Torba dla artysty | Annie Sloan\",\"isPartOf\":{\"@id\":\"https:\/\/www.anniesloan.com\/pl\/#website\"},\"primaryImageOfPage\":{\"@id\":\"https:\/\/www.anniesloan.com\/pl\/produkt\/upominki-i-zestawy\/annie-sloan-torba-dla-artysty\/#primaryimage\"},\"image\":{\"@id\":\"https:\/\/www.anniesloan.com\/pl\/produkt\/upominki-i-zestawy\/annie-sloan-torba-dla-artysty\/#primaryimage\"},\"thumbnailUrl\":\"https:\/\/www.anniesloan.com\/pl\/wp-content\/uploads\/sites\/5\/2021\/10\/210296_ASI-Bag_02.jpg\",\"datePublished\":\"2021-10-06T08:55:50+00:00\",\"dateModified\":\"2026-04-14T20:45:29+00:00\",\"description\":\"Nasze Torby dla artysty Annie Sloan s\u0105 najlepszym towarzyszem ka\u017cdego malarza.\",\"breadcrumb\":{\"@id\":\"https:\/\/www.anniesloan.com\/pl\/produkt\/upominki-i-zestawy\/annie-sloan-torba-dla-artysty\/#breadcrumb\"},\"inLanguage\":\"pl-PL\",\"potentialAction\":[{\"@type\":\"ReadAction\",\"target\":[\"https:\/\/www.anniesloan.com\/pl\/produkt\/upominki-i-zestawy\/annie-sloan-torba-dla-artysty\/\"]}]},{\"@type\":\"ImageObject\",\"inLanguage\":\"pl-PL\",\"@id\":\"https:\/\/www.anniesloan.com\/pl\/produkt\/upominki-i-zestawy\/annie-sloan-torba-dla-artysty\/#primaryimage\",\"url\":\"https:\/\/www.anniesloan.com\/pl\/wp-content\/uploads\/sites\/5\/2021\/10\/210296_ASI-Bag_02.jpg\",\"contentUrl\":\"https:\/\/www.anniesloan.com\/pl\/wp-content\/uploads\/sites\/5\/2021\/10\/210296_ASI-Bag_02.jpg\",\"width\":1152,\"height\":922},{\"@type\":\"BreadcrumbList\",\"@id\":\"https:\/\/www.anniesloan.com\/pl\/produkt\/upominki-i-zestawy\/annie-sloan-torba-dla-artysty\/#breadcrumb\",\"itemListElement\":[{\"@type\":\"ListItem\",\"position\":1,\"name\":\"Produkty\",\"item\":\"https:\/\/www.anniesloan.com\/pl\/produkty\/\"},{\"@type\":\"ListItem\",\"position\":2,\"name\":\"Upominki i Zestawy\",\"item\":\"https:\/\/www.anniesloan.com\/pl\/produkty\/upominki-i-zestawy\/\"},{\"@type\":\"ListItem\",\"position\":3,\"name\":\"Annie Sloan Torba dla artysty\"}]},{\"@type\":\"WebSite\",\"@id\":\"https:\/\/www.anniesloan.com\/pl\/#website\",\"url\":\"https:\/\/www.anniesloan.com\/pl\/\",\"name\":\"Annie Sloan PL\",\"description\":\"Home of Chalk Paint\",\"potentialAction\":[{\"@type\":\"SearchAction\",\"target\":{\"@type\":\"EntryPoint\",\"urlTemplate\":\"https:\/\/www.anniesloan.com\/pl\/?s={search_term_string}\"},\"query-input\":{\"@type\":\"PropertyValueSpecification\",\"valueRequired\":true,\"valueName\":\"search_term_string\"}}],\"inLanguage\":\"pl-PL\"}]}<\/script>\n<meta property=\"product:price:amount\" content=\"45.00\" \/>\n<meta property=\"product:price:currency\" content=\"PLN\" \/>\n<meta property=\"og:availability\" content=\"instock\" \/>\n<meta property=\"product:availability\" content=\"instock\" \/>\n<meta property=\"product:retailer_item_id\" content=\"ABFL20.XX01.09\" \/>\n<meta property=\"product:condition\" content=\"new\" \/>\n<!-- \/ Yoast SEO Premium plugin. -->","yoast_head_json":{"title":"Annie Sloan Torba dla artysty | Annie Sloan","description":"Nasze Torby dla artysty Annie Sloan s\u0105 najlepszym towarzyszem ka\u017cdego malarza.","robots":{"index":"index","follow":"follow","max-snippet":"max-snippet:-1","max-image-preview":"max-image-preview:large","max-video-preview":"max-video-preview:-1"},"canonical":"https:\/\/www.anniesloan.com\/pl\/produkt\/upominki-i-zestawy\/annie-sloan-torba-dla-artysty\/","og_locale":"pl_PL","og_type":"article","og_title":"Annie Sloan Torba dla artysty","og_description":"Nasze Torby dla artysty Annie Sloan s\u0105 najlepszym towarzyszem ka\u017cdego malarza.","og_url":"https:\/\/www.anniesloan.com\/pl\/produkt\/upominki-i-zestawy\/annie-sloan-torba-dla-artysty\/","og_site_name":"Annie Sloan PL","article_modified_time":"2026-04-14T20:45:29+00:00","og_image":[{"width":1152,"height":922,"url":"https:\/\/www.anniesloan.com\/pl\/wp-content\/uploads\/sites\/5\/2021\/10\/210296_ASI-Bag_02.jpg","type":"image\/jpeg"}],"twitter_card":"summary_large_image","twitter_misc":{"Price":"&#122;&#322;45.00","Availability":"In stock"},"schema":{"@context":"https:\/\/schema.org","@graph":[{"@type":"WebPage","@id":"https:\/\/www.anniesloan.com\/pl\/produkt\/upominki-i-zestawy\/annie-sloan-torba-dla-artysty\/","url":"https:\/\/www.anniesloan.com\/pl\/produkt\/upominki-i-zestawy\/annie-sloan-torba-dla-artysty\/","name":"Annie Sloan Torba dla artysty | Annie Sloan","isPartOf":{"@id":"https:\/\/www.anniesloan.com\/pl\/#website"},"primaryImageOfPage":{"@id":"https:\/\/www.anniesloan.com\/pl\/produkt\/upominki-i-zestawy\/annie-sloan-torba-dla-artysty\/#primaryimage"},"image":{"@id":"https:\/\/www.anniesloan.com\/pl\/produkt\/upominki-i-zestawy\/annie-sloan-torba-dla-artysty\/#primaryimage"},"thumbnailUrl":"https:\/\/www.anniesloan.com\/pl\/wp-content\/uploads\/sites\/5\/2021\/10\/210296_ASI-Bag_02.jpg","datePublished":"2021-10-06T08:55:50+00:00","dateModified":"2026-04-14T20:45:29+00:00","description":"Nasze Torby dla artysty Annie Sloan s\u0105 najlepszym towarzyszem ka\u017cdego malarza.","breadcrumb":{"@id":"https:\/\/www.anniesloan.com\/pl\/produkt\/upominki-i-zestawy\/annie-sloan-torba-dla-artysty\/#breadcrumb"},"inLanguage":"pl-PL","potentialAction":[{"@type":"ReadAction","target":["https:\/\/www.anniesloan.com\/pl\/produkt\/upominki-i-zestawy\/annie-sloan-torba-dla-artysty\/"]}]},{"@type":"ImageObject","inLanguage":"pl-PL","@id":"https:\/\/www.anniesloan.com\/pl\/produkt\/upominki-i-zestawy\/annie-sloan-torba-dla-artysty\/#primaryimage","url":"https:\/\/www.anniesloan.com\/pl\/wp-content\/uploads\/sites\/5\/2021\/10\/210296_ASI-Bag_02.jpg","contentUrl":"https:\/\/www.anniesloan.com\/pl\/wp-content\/uploads\/sites\/5\/2021\/10\/210296_ASI-Bag_02.jpg","width":1152,"height":922},{"@type":"BreadcrumbList","@id":"https:\/\/www.anniesloan.com\/pl\/produkt\/upominki-i-zestawy\/annie-sloan-torba-dla-artysty\/#breadcrumb","itemListElement":[{"@type":"ListItem","position":1,"name":"Produkty","item":"https:\/\/www.anniesloan.com\/pl\/produkty\/"},{"@type":"ListItem","position":2,"name":"Upominki i Zestawy","item":"https:\/\/www.anniesloan.com\/pl\/produkty\/upominki-i-zestawy\/"},{"@type":"ListItem","position":3,"name":"Annie Sloan Torba dla artysty"}]},{"@type":"WebSite","@id":"https:\/\/www.anniesloan.com\/pl\/#website","url":"https:\/\/www.anniesloan.com\/pl\/","name":"Annie Sloan PL","description":"Home of Chalk Paint","potentialAction":[{"@type":"SearchAction","target":{"@type":"EntryPoint","urlTemplate":"https:\/\/www.anniesloan.com\/pl\/?s={search_term_string}"},"query-input":{"@type":"PropertyValueSpecification","valueRequired":true,"valueName":"search_term_string"}}],"inLanguage":"pl-PL"}]},"product_price_amount":"45.00","product_price_currency":"PLN","og_availability":"instock","product_availability":"instock","product_retailer_item_id":"ABFL20.XX01.09","product_condition":"new"},"_links":{"self":[{"href":"https:\/\/www.anniesloan.com\/pl\/wp-json\/wp\/v2\/product\/34593","targetHints":{"allow":["GET"]}}],"collection":[{"href":"https:\/\/www.anniesloan.com\/pl\/wp-json\/wp\/v2\/product"}],"about":[{"href":"https:\/\/www.anniesloan.com\/pl\/wp-json\/wp\/v2\/types\/product"}],"wp:featuredmedia":[{"embeddable":true,"href":"https:\/\/www.anniesloan.com\/pl\/wp-json\/wp\/v2\/media\/34570"}],"wp:attachment":[{"href":"https:\/\/www.anniesloan.com\/pl\/wp-json\/wp\/v2\/media?parent=34593"}],"wp:term":[{"taxonomy":"product_brand","embeddable":true,"href":"https:\/\/www.anniesloan.com\/pl\/wp-json\/wp\/v2\/product_brand?post=34593"},{"taxonomy":"product_cat","embeddable":true,"href":"https:\/\/www.anniesloan.com\/pl\/wp-json\/wp\/v2\/product_cat?post=34593"},{"taxonomy":"product_tag","embeddable":true,"href":"https:\/\/www.anniesloan.com\/pl\/wp-json\/wp\/v2\/product_tag?post=34593"}],"curies":[{"name":"wp","href":"https:\/\/api.w.org\/{rel}","templated":true}]}}