{"id":34513,"date":"2021-09-23T11:30:43","date_gmt":"2021-09-23T10:30:43","guid":{"rendered":"https:\/\/www.anniesloan.com\/?post_type=product&#038;p=90700"},"modified":"2026-04-27T14:45:52","modified_gmt":"2026-04-27T12:45:52","slug":"cotswold-green","status":"publish","type":"product","link":"https:\/\/www.anniesloan.com\/pl\/produkt\/farba-do-scian\/cotswold-green\/","title":{"rendered":"Cotswold Green"},"content":{"rendered":"","protected":false},"excerpt":{"rendered":"<p>Jest to powszechnie lubiana, relaksuj\u0105ca, tradycyjnie rustykalna ziele\u0144, kt\u00f3r\u0105 malarze znaj\u0105 z fasad francuskich pa\u0142ac\u00f3w i wiosek na wzg\u00f3rzach Cotswold. Jest to szaro-zielony kolor, kt\u00f3ry \u0142\u0105czy w sobie cechy zar\u00f3wno prostoty szaro\u015bci, jak i spokoju zieleni, daj\u0105c odcie\u0144, kt\u00f3ry jest \u0142atwy w u\u017cyciu. Doskonale sprawdza si\u0119 r\u00f3wnie\u017c w \u201ebabcinych\u201d wn\u0119trzach w stylu Grand Millenial wraz z innymi pastelami. Odcie\u0144 ten doskonale sprawdza si\u0119 jako t\u0142o dla mebli pomalowanych farb\u0105 kredow\u0105 <a href=\"https:\/\/www.anniesloan.com\/pl\/produkt\/chalk-paint\/chateau-grey\/\">Chateau Grey.<\/a><\/p>\n","protected":false},"featured_media":35952,"template":"","meta":{"_acf_changed":false,"_relevanssi_hide_post":"","_relevanssi_hide_content":"","_relevanssi_pin_for_all":"","_relevanssi_pin_keywords":"","_relevanssi_unpin_keywords":"","_relevanssi_related_keywords":"","_relevanssi_related_include_ids":"","_relevanssi_related_exclude_ids":"","_relevanssi_related_no_append":"","_relevanssi_related_not_related":"","_relevanssi_related_posts":"","_relevanssi_noindex_reason":""},"product_brand":[],"product_cat":[39,1152],"product_tag":[],"class_list":{"0":"post-34513","1":"product","2":"type-product","3":"status-publish","4":"has-post-thumbnail","6":"product_cat-farba-do-scian","7":"product_cat-zielona-farba-do-scian","8":"pa_colour-filter-zielenie","9":"pa_finish-farba-do-scian","10":"pa_size-120ml","11":"pa_size-2-5-litres","13":"first","14":"instock","15":"taxable","16":"shipping-taxable","17":"purchasable","18":"product-type-variable"},"acf":[],"yoast_head":"<!-- This site is optimized with the Yoast SEO Premium plugin v26.5 (Yoast SEO v26.5) - https:\/\/yoast.com\/wordpress\/plugins\/seo\/ -->\n<title>Pastelowo Zielona Farba do \u015bcian | Cotswold Green | Annie Sloan<\/title>\n<meta name=\"description\" content=\"Jest to szaro-zielony kolor, kt\u00f3ry \u0142\u0105czy w sobie cechy zar\u00f3wno prostoty szaro\u015bci, jak i spokoju zieleni. Kupuj online teraz.\" \/>\n<meta name=\"robots\" content=\"index, follow, max-snippet:-1, max-image-preview:large, max-video-preview:-1\" \/>\n<link rel=\"canonical\" href=\"https:\/\/www.anniesloan.com\/pl\/produkt\/farba-do-scian\/cotswold-green\/\" \/>\n<meta property=\"og:locale\" content=\"pl_PL\" \/>\n<meta property=\"og:type\" content=\"article\" \/>\n<meta property=\"og:title\" content=\"Cotswold Green\" \/>\n<meta property=\"og:description\" content=\"Jest to szaro-zielony kolor, kt\u00f3ry \u0142\u0105czy w sobie cechy zar\u00f3wno prostoty szaro\u015bci, jak i spokoju zieleni. Kupuj online teraz.\" \/>\n<meta property=\"og:url\" content=\"https:\/\/www.anniesloan.com\/pl\/produkt\/farba-do-scian\/cotswold-green\/\" \/>\n<meta property=\"og:site_name\" content=\"Annie Sloan PL\" \/>\n<meta property=\"article:modified_time\" content=\"2026-04-27T12:45:52+00:00\" \/>\n<meta property=\"og:image\" content=\"https:\/\/www.anniesloan.com\/pl\/wp-content\/uploads\/sites\/5\/2022\/03\/NEWRGB-72dpi-Cotswold-Green.jpg\" \/>\n\t<meta property=\"og:image:width\" content=\"1224\" \/>\n\t<meta property=\"og:image:height\" content=\"936\" \/>\n\t<meta property=\"og:image:type\" content=\"image\/jpeg\" \/>\n<meta name=\"twitter:card\" content=\"summary_large_image\" \/>\n<meta name=\"twitter:label1\" content=\"Availability\" \/>\n\t<meta name=\"twitter:data1\" content=\"In stock\" \/>\n<script type=\"application\/ld+json\" class=\"yoast-schema-graph\">{\"@context\":\"https:\/\/schema.org\",\"@graph\":[{\"@type\":\"WebPage\",\"@id\":\"https:\/\/www.anniesloan.com\/pl\/produkt\/farba-do-scian\/cotswold-green\/\",\"url\":\"https:\/\/www.anniesloan.com\/pl\/produkt\/farba-do-scian\/cotswold-green\/\",\"name\":\"Pastelowo Zielona Farba do \u015bcian | Cotswold Green | Annie Sloan\",\"isPartOf\":{\"@id\":\"https:\/\/www.anniesloan.com\/pl\/#website\"},\"primaryImageOfPage\":{\"@id\":\"https:\/\/www.anniesloan.com\/pl\/produkt\/farba-do-scian\/cotswold-green\/#primaryimage\"},\"image\":{\"@id\":\"https:\/\/www.anniesloan.com\/pl\/produkt\/farba-do-scian\/cotswold-green\/#primaryimage\"},\"thumbnailUrl\":\"https:\/\/www.anniesloan.com\/pl\/wp-content\/uploads\/sites\/5\/2022\/03\/NEWRGB-72dpi-Cotswold-Green.jpg\",\"datePublished\":\"2021-09-23T10:30:43+00:00\",\"dateModified\":\"2026-04-27T12:45:52+00:00\",\"description\":\"Jest to szaro-zielony kolor, kt\u00f3ry \u0142\u0105czy w sobie cechy zar\u00f3wno prostoty szaro\u015bci, jak i spokoju zieleni. Kupuj online teraz.\",\"breadcrumb\":{\"@id\":\"https:\/\/www.anniesloan.com\/pl\/produkt\/farba-do-scian\/cotswold-green\/#breadcrumb\"},\"inLanguage\":\"pl-PL\",\"potentialAction\":[{\"@type\":\"ReadAction\",\"target\":[\"https:\/\/www.anniesloan.com\/pl\/produkt\/farba-do-scian\/cotswold-green\/\"]}]},{\"@type\":\"ImageObject\",\"inLanguage\":\"pl-PL\",\"@id\":\"https:\/\/www.anniesloan.com\/pl\/produkt\/farba-do-scian\/cotswold-green\/#primaryimage\",\"url\":\"https:\/\/www.anniesloan.com\/pl\/wp-content\/uploads\/sites\/5\/2022\/03\/NEWRGB-72dpi-Cotswold-Green.jpg\",\"contentUrl\":\"https:\/\/www.anniesloan.com\/pl\/wp-content\/uploads\/sites\/5\/2022\/03\/NEWRGB-72dpi-Cotswold-Green.jpg\",\"width\":1224,\"height\":936,\"caption\":\"Poci\u0105gni\u0119cie p\u0119dzla w kolorze Cotswold Green Annie Sloan\"},{\"@type\":\"BreadcrumbList\",\"@id\":\"https:\/\/www.anniesloan.com\/pl\/produkt\/farba-do-scian\/cotswold-green\/#breadcrumb\",\"itemListElement\":[{\"@type\":\"ListItem\",\"position\":1,\"name\":\"Produkty\",\"item\":\"https:\/\/www.anniesloan.com\/pl\/produkty\/\"},{\"@type\":\"ListItem\",\"position\":2,\"name\":\"Farba do \u015bcian\",\"item\":\"https:\/\/www.anniesloan.com\/pl\/produkty\/farba-do-scian\/\"},{\"@type\":\"ListItem\",\"position\":3,\"name\":\"Cotswold Green\"}]},{\"@type\":\"WebSite\",\"@id\":\"https:\/\/www.anniesloan.com\/pl\/#website\",\"url\":\"https:\/\/www.anniesloan.com\/pl\/\",\"name\":\"Annie Sloan PL\",\"description\":\"Home of Chalk Paint\",\"potentialAction\":[{\"@type\":\"SearchAction\",\"target\":{\"@type\":\"EntryPoint\",\"urlTemplate\":\"https:\/\/www.anniesloan.com\/pl\/?s={search_term_string}\"},\"query-input\":{\"@type\":\"PropertyValueSpecification\",\"valueRequired\":true,\"valueName\":\"search_term_string\"}}],\"inLanguage\":\"pl-PL\"}]}<\/script>\n<meta property=\"og:availability\" content=\"instock\" \/>\n<meta property=\"product:availability\" content=\"instock\" \/>\n<meta property=\"product:retailer_item_id\" content=\"Cotswold-Green-Wall-Paint-NEW\" \/>\n<meta property=\"product:condition\" content=\"new\" \/>\n<!-- \/ Yoast SEO Premium plugin. -->","yoast_head_json":{"title":"Pastelowo Zielona Farba do \u015bcian | Cotswold Green | Annie Sloan","description":"Jest to szaro-zielony kolor, kt\u00f3ry \u0142\u0105czy w sobie cechy zar\u00f3wno prostoty szaro\u015bci, jak i spokoju zieleni. Kupuj online teraz.","robots":{"index":"index","follow":"follow","max-snippet":"max-snippet:-1","max-image-preview":"max-image-preview:large","max-video-preview":"max-video-preview:-1"},"canonical":"https:\/\/www.anniesloan.com\/pl\/produkt\/farba-do-scian\/cotswold-green\/","og_locale":"pl_PL","og_type":"article","og_title":"Cotswold Green","og_description":"Jest to szaro-zielony kolor, kt\u00f3ry \u0142\u0105czy w sobie cechy zar\u00f3wno prostoty szaro\u015bci, jak i spokoju zieleni. Kupuj online teraz.","og_url":"https:\/\/www.anniesloan.com\/pl\/produkt\/farba-do-scian\/cotswold-green\/","og_site_name":"Annie Sloan PL","article_modified_time":"2026-04-27T12:45:52+00:00","og_image":[{"width":1224,"height":936,"url":"https:\/\/www.anniesloan.com\/pl\/wp-content\/uploads\/sites\/5\/2022\/03\/NEWRGB-72dpi-Cotswold-Green.jpg","type":"image\/jpeg"}],"twitter_card":"summary_large_image","twitter_misc":{"Availability":"In stock"},"schema":{"@context":"https:\/\/schema.org","@graph":[{"@type":"WebPage","@id":"https:\/\/www.anniesloan.com\/pl\/produkt\/farba-do-scian\/cotswold-green\/","url":"https:\/\/www.anniesloan.com\/pl\/produkt\/farba-do-scian\/cotswold-green\/","name":"Pastelowo Zielona Farba do \u015bcian | Cotswold Green | Annie Sloan","isPartOf":{"@id":"https:\/\/www.anniesloan.com\/pl\/#website"},"primaryImageOfPage":{"@id":"https:\/\/www.anniesloan.com\/pl\/produkt\/farba-do-scian\/cotswold-green\/#primaryimage"},"image":{"@id":"https:\/\/www.anniesloan.com\/pl\/produkt\/farba-do-scian\/cotswold-green\/#primaryimage"},"thumbnailUrl":"https:\/\/www.anniesloan.com\/pl\/wp-content\/uploads\/sites\/5\/2022\/03\/NEWRGB-72dpi-Cotswold-Green.jpg","datePublished":"2021-09-23T10:30:43+00:00","dateModified":"2026-04-27T12:45:52+00:00","description":"Jest to szaro-zielony kolor, kt\u00f3ry \u0142\u0105czy w sobie cechy zar\u00f3wno prostoty szaro\u015bci, jak i spokoju zieleni. Kupuj online teraz.","breadcrumb":{"@id":"https:\/\/www.anniesloan.com\/pl\/produkt\/farba-do-scian\/cotswold-green\/#breadcrumb"},"inLanguage":"pl-PL","potentialAction":[{"@type":"ReadAction","target":["https:\/\/www.anniesloan.com\/pl\/produkt\/farba-do-scian\/cotswold-green\/"]}]},{"@type":"ImageObject","inLanguage":"pl-PL","@id":"https:\/\/www.anniesloan.com\/pl\/produkt\/farba-do-scian\/cotswold-green\/#primaryimage","url":"https:\/\/www.anniesloan.com\/pl\/wp-content\/uploads\/sites\/5\/2022\/03\/NEWRGB-72dpi-Cotswold-Green.jpg","contentUrl":"https:\/\/www.anniesloan.com\/pl\/wp-content\/uploads\/sites\/5\/2022\/03\/NEWRGB-72dpi-Cotswold-Green.jpg","width":1224,"height":936,"caption":"Poci\u0105gni\u0119cie p\u0119dzla w kolorze Cotswold Green Annie Sloan"},{"@type":"BreadcrumbList","@id":"https:\/\/www.anniesloan.com\/pl\/produkt\/farba-do-scian\/cotswold-green\/#breadcrumb","itemListElement":[{"@type":"ListItem","position":1,"name":"Produkty","item":"https:\/\/www.anniesloan.com\/pl\/produkty\/"},{"@type":"ListItem","position":2,"name":"Farba do \u015bcian","item":"https:\/\/www.anniesloan.com\/pl\/produkty\/farba-do-scian\/"},{"@type":"ListItem","position":3,"name":"Cotswold Green"}]},{"@type":"WebSite","@id":"https:\/\/www.anniesloan.com\/pl\/#website","url":"https:\/\/www.anniesloan.com\/pl\/","name":"Annie Sloan PL","description":"Home of Chalk Paint","potentialAction":[{"@type":"SearchAction","target":{"@type":"EntryPoint","urlTemplate":"https:\/\/www.anniesloan.com\/pl\/?s={search_term_string}"},"query-input":{"@type":"PropertyValueSpecification","valueRequired":true,"valueName":"search_term_string"}}],"inLanguage":"pl-PL"}]},"og_availability":"instock","product_availability":"instock","product_retailer_item_id":"Cotswold-Green-Wall-Paint-NEW","product_condition":"new"},"_links":{"self":[{"href":"https:\/\/www.anniesloan.com\/pl\/wp-json\/wp\/v2\/product\/34513","targetHints":{"allow":["GET"]}}],"collection":[{"href":"https:\/\/www.anniesloan.com\/pl\/wp-json\/wp\/v2\/product"}],"about":[{"href":"https:\/\/www.anniesloan.com\/pl\/wp-json\/wp\/v2\/types\/product"}],"wp:featuredmedia":[{"embeddable":true,"href":"https:\/\/www.anniesloan.com\/pl\/wp-json\/wp\/v2\/media\/35952"}],"wp:attachment":[{"href":"https:\/\/www.anniesloan.com\/pl\/wp-json\/wp\/v2\/media?parent=34513"}],"wp:term":[{"taxonomy":"product_brand","embeddable":true,"href":"https:\/\/www.anniesloan.com\/pl\/wp-json\/wp\/v2\/product_brand?post=34513"},{"taxonomy":"product_cat","embeddable":true,"href":"https:\/\/www.anniesloan.com\/pl\/wp-json\/wp\/v2\/product_cat?post=34513"},{"taxonomy":"product_tag","embeddable":true,"href":"https:\/\/www.anniesloan.com\/pl\/wp-json\/wp\/v2\/product_tag?post=34513"}],"curies":[{"name":"wp","href":"https:\/\/api.w.org\/{rel}","templated":true}]}}