{"id":34509,"date":"2021-09-22T10:16:34","date_gmt":"2021-09-22T09:16:34","guid":{"rendered":"https:\/\/www.anniesloan.com\/?post_type=product&#038;p=90617"},"modified":"2026-03-11T10:48:26","modified_gmt":"2026-03-11T09:48:26","slug":"terre-verte","status":"publish","type":"product","link":"https:\/\/www.anniesloan.com\/pl\/produkt\/farba-do-scian\/terre-verte\/","title":{"rendered":"Terre Verte"},"content":{"rendered":"","protected":false},"excerpt":{"rendered":"<p>Ch\u0142odna, neutralna szarozielona barwa z tak\u0105 ilo\u015bci\u0105 bieli, \u017ce mo\u017ce by\u0107 u\u017cywana jako neutralna w ramach projektu. Terre Verte wydobywa pogod\u0119 ducha, ale nie bezosobowo\u015b\u0107, niebieskiej zieleni i r\u00f3wnowa\u017cy j\u0105 poprzez dodanie naturalnych, lekko br\u0105zowych pigment\u00f3w. Jak sama nazwa wskazuje, jest to bardzo tradycyjny odcie\u0144 zainspirowany pigmentem Green Earth. Jest to kolor, kt\u00f3rego \u015bredniowieczni w\u0142oscy malarze u\u017cywali do podkre\u015blenia \u015brodkowych i zacienionych partii cia\u0142a. Nieco ja\u015bniejszy od naszego popularnego odcienia Chalk Paint, <a href=\"https:\/\/www.anniesloan.com\/pl\/produkt\/chalk-paint\/coolabah-green\/\">Coolabah,<\/a> Terre Verte doskonale uzupe\u0142nia ten pierwszy.<\/p>\n","protected":false},"featured_media":35977,"template":"","meta":{"_acf_changed":false,"_relevanssi_hide_post":"","_relevanssi_hide_content":"","_relevanssi_pin_for_all":"","_relevanssi_pin_keywords":"","_relevanssi_unpin_keywords":"","_relevanssi_related_keywords":"","_relevanssi_related_include_ids":"","_relevanssi_related_exclude_ids":"","_relevanssi_related_no_append":"","_relevanssi_related_not_related":"","_relevanssi_related_posts":"","_relevanssi_noindex_reason":""},"product_brand":[],"product_cat":[39,1152],"product_tag":[],"class_list":{"0":"post-34509","1":"product","2":"type-product","3":"status-publish","4":"has-post-thumbnail","6":"product_cat-farba-do-scian","7":"product_cat-zielona-farba-do-scian","8":"pa_colour-filter-zielenie","9":"pa_finish-farba-do-scian","10":"pa_size-120ml","11":"pa_size-2-5-litres","13":"first","14":"instock","15":"taxable","16":"shipping-taxable","17":"purchasable","18":"product-type-variable"},"acf":[],"yoast_head":"<!-- This site is optimized with the Yoast SEO Premium plugin v26.5 (Yoast SEO v26.5) - https:\/\/yoast.com\/wordpress\/plugins\/seo\/ -->\n<title>Jasnozielona Farba do \u015bcian | Terre Verte | Annie Sloan<\/title>\n<meta name=\"description\" content=\"Ch\u0142odna, neutralna szarozielona barwa z tak\u0105 ilo\u015bci\u0105 bieli, \u017ce mo\u017ce by\u0107 u\u017cywana jako neutralna w ramach projektu. Kupuj online teraz.\" \/>\n<meta name=\"robots\" content=\"index, follow, max-snippet:-1, max-image-preview:large, max-video-preview:-1\" \/>\n<link rel=\"canonical\" href=\"https:\/\/www.anniesloan.com\/pl\/produkt\/farba-do-scian\/terre-verte\/\" \/>\n<meta property=\"og:locale\" content=\"pl_PL\" \/>\n<meta property=\"og:type\" content=\"article\" \/>\n<meta property=\"og:title\" content=\"Terre Verte\" \/>\n<meta property=\"og:description\" content=\"Ch\u0142odna, neutralna szarozielona barwa z tak\u0105 ilo\u015bci\u0105 bieli, \u017ce mo\u017ce by\u0107 u\u017cywana jako neutralna w ramach projektu. Kupuj online teraz.\" \/>\n<meta property=\"og:url\" content=\"https:\/\/www.anniesloan.com\/pl\/produkt\/farba-do-scian\/terre-verte\/\" \/>\n<meta property=\"og:site_name\" content=\"Annie Sloan PL\" \/>\n<meta property=\"article:modified_time\" content=\"2026-03-11T09:48:26+00:00\" \/>\n<meta property=\"og:image\" content=\"https:\/\/www.anniesloan.com\/pl\/wp-content\/uploads\/sites\/5\/2021\/09\/NEWRGB-72dpi-Terre-Vert.jpg\" \/>\n\t<meta property=\"og:image:width\" content=\"1224\" \/>\n\t<meta property=\"og:image:height\" content=\"936\" \/>\n\t<meta property=\"og:image:type\" content=\"image\/jpeg\" \/>\n<meta name=\"twitter:card\" content=\"summary_large_image\" \/>\n<meta name=\"twitter:label1\" content=\"Availability\" \/>\n\t<meta name=\"twitter:data1\" content=\"In stock\" \/>\n<script type=\"application\/ld+json\" class=\"yoast-schema-graph\">{\"@context\":\"https:\/\/schema.org\",\"@graph\":[{\"@type\":\"WebPage\",\"@id\":\"https:\/\/www.anniesloan.com\/pl\/produkt\/farba-do-scian\/terre-verte\/\",\"url\":\"https:\/\/www.anniesloan.com\/pl\/produkt\/farba-do-scian\/terre-verte\/\",\"name\":\"Jasnozielona Farba do \u015bcian | Terre Verte | Annie Sloan\",\"isPartOf\":{\"@id\":\"https:\/\/www.anniesloan.com\/pl\/#website\"},\"primaryImageOfPage\":{\"@id\":\"https:\/\/www.anniesloan.com\/pl\/produkt\/farba-do-scian\/terre-verte\/#primaryimage\"},\"image\":{\"@id\":\"https:\/\/www.anniesloan.com\/pl\/produkt\/farba-do-scian\/terre-verte\/#primaryimage\"},\"thumbnailUrl\":\"https:\/\/www.anniesloan.com\/pl\/wp-content\/uploads\/sites\/5\/2021\/09\/NEWRGB-72dpi-Terre-Vert.jpg\",\"datePublished\":\"2021-09-22T09:16:34+00:00\",\"dateModified\":\"2026-03-11T09:48:26+00:00\",\"description\":\"Ch\u0142odna, neutralna szarozielona barwa z tak\u0105 ilo\u015bci\u0105 bieli, \u017ce mo\u017ce by\u0107 u\u017cywana jako neutralna w ramach projektu. Kupuj online teraz.\",\"breadcrumb\":{\"@id\":\"https:\/\/www.anniesloan.com\/pl\/produkt\/farba-do-scian\/terre-verte\/#breadcrumb\"},\"inLanguage\":\"pl-PL\",\"potentialAction\":[{\"@type\":\"ReadAction\",\"target\":[\"https:\/\/www.anniesloan.com\/pl\/produkt\/farba-do-scian\/terre-verte\/\"]}]},{\"@type\":\"ImageObject\",\"inLanguage\":\"pl-PL\",\"@id\":\"https:\/\/www.anniesloan.com\/pl\/produkt\/farba-do-scian\/terre-verte\/#primaryimage\",\"url\":\"https:\/\/www.anniesloan.com\/pl\/wp-content\/uploads\/sites\/5\/2021\/09\/NEWRGB-72dpi-Terre-Vert.jpg\",\"contentUrl\":\"https:\/\/www.anniesloan.com\/pl\/wp-content\/uploads\/sites\/5\/2021\/09\/NEWRGB-72dpi-Terre-Vert.jpg\",\"width\":1224,\"height\":936,\"caption\":\"Poci\u0105gni\u0119cie p\u0119dzla w kolorze Terre Verte Annie Sloan\"},{\"@type\":\"BreadcrumbList\",\"@id\":\"https:\/\/www.anniesloan.com\/pl\/produkt\/farba-do-scian\/terre-verte\/#breadcrumb\",\"itemListElement\":[{\"@type\":\"ListItem\",\"position\":1,\"name\":\"Produkty\",\"item\":\"https:\/\/www.anniesloan.com\/pl\/produkty\/\"},{\"@type\":\"ListItem\",\"position\":2,\"name\":\"Farba do \u015bcian\",\"item\":\"https:\/\/www.anniesloan.com\/pl\/produkty\/farba-do-scian\/\"},{\"@type\":\"ListItem\",\"position\":3,\"name\":\"Terre Verte\"}]},{\"@type\":\"WebSite\",\"@id\":\"https:\/\/www.anniesloan.com\/pl\/#website\",\"url\":\"https:\/\/www.anniesloan.com\/pl\/\",\"name\":\"Annie Sloan PL\",\"description\":\"Home of Chalk Paint\",\"potentialAction\":[{\"@type\":\"SearchAction\",\"target\":{\"@type\":\"EntryPoint\",\"urlTemplate\":\"https:\/\/www.anniesloan.com\/pl\/?s={search_term_string}\"},\"query-input\":{\"@type\":\"PropertyValueSpecification\",\"valueRequired\":true,\"valueName\":\"search_term_string\"}}],\"inLanguage\":\"pl-PL\"}]}<\/script>\n<meta property=\"og:availability\" content=\"instock\" \/>\n<meta property=\"product:availability\" content=\"instock\" \/>\n<meta property=\"product:retailer_item_id\" content=\"Terre-Verde-Wall-Paint-NEW\" \/>\n<meta property=\"product:condition\" content=\"new\" \/>\n<!-- \/ Yoast SEO Premium plugin. -->","yoast_head_json":{"title":"Jasnozielona Farba do \u015bcian | Terre Verte | Annie Sloan","description":"Ch\u0142odna, neutralna szarozielona barwa z tak\u0105 ilo\u015bci\u0105 bieli, \u017ce mo\u017ce by\u0107 u\u017cywana jako neutralna w ramach projektu. Kupuj online teraz.","robots":{"index":"index","follow":"follow","max-snippet":"max-snippet:-1","max-image-preview":"max-image-preview:large","max-video-preview":"max-video-preview:-1"},"canonical":"https:\/\/www.anniesloan.com\/pl\/produkt\/farba-do-scian\/terre-verte\/","og_locale":"pl_PL","og_type":"article","og_title":"Terre Verte","og_description":"Ch\u0142odna, neutralna szarozielona barwa z tak\u0105 ilo\u015bci\u0105 bieli, \u017ce mo\u017ce by\u0107 u\u017cywana jako neutralna w ramach projektu. Kupuj online teraz.","og_url":"https:\/\/www.anniesloan.com\/pl\/produkt\/farba-do-scian\/terre-verte\/","og_site_name":"Annie Sloan PL","article_modified_time":"2026-03-11T09:48:26+00:00","og_image":[{"width":1224,"height":936,"url":"https:\/\/www.anniesloan.com\/pl\/wp-content\/uploads\/sites\/5\/2021\/09\/NEWRGB-72dpi-Terre-Vert.jpg","type":"image\/jpeg"}],"twitter_card":"summary_large_image","twitter_misc":{"Availability":"In stock"},"schema":{"@context":"https:\/\/schema.org","@graph":[{"@type":"WebPage","@id":"https:\/\/www.anniesloan.com\/pl\/produkt\/farba-do-scian\/terre-verte\/","url":"https:\/\/www.anniesloan.com\/pl\/produkt\/farba-do-scian\/terre-verte\/","name":"Jasnozielona Farba do \u015bcian | Terre Verte | Annie Sloan","isPartOf":{"@id":"https:\/\/www.anniesloan.com\/pl\/#website"},"primaryImageOfPage":{"@id":"https:\/\/www.anniesloan.com\/pl\/produkt\/farba-do-scian\/terre-verte\/#primaryimage"},"image":{"@id":"https:\/\/www.anniesloan.com\/pl\/produkt\/farba-do-scian\/terre-verte\/#primaryimage"},"thumbnailUrl":"https:\/\/www.anniesloan.com\/pl\/wp-content\/uploads\/sites\/5\/2021\/09\/NEWRGB-72dpi-Terre-Vert.jpg","datePublished":"2021-09-22T09:16:34+00:00","dateModified":"2026-03-11T09:48:26+00:00","description":"Ch\u0142odna, neutralna szarozielona barwa z tak\u0105 ilo\u015bci\u0105 bieli, \u017ce mo\u017ce by\u0107 u\u017cywana jako neutralna w ramach projektu. Kupuj online teraz.","breadcrumb":{"@id":"https:\/\/www.anniesloan.com\/pl\/produkt\/farba-do-scian\/terre-verte\/#breadcrumb"},"inLanguage":"pl-PL","potentialAction":[{"@type":"ReadAction","target":["https:\/\/www.anniesloan.com\/pl\/produkt\/farba-do-scian\/terre-verte\/"]}]},{"@type":"ImageObject","inLanguage":"pl-PL","@id":"https:\/\/www.anniesloan.com\/pl\/produkt\/farba-do-scian\/terre-verte\/#primaryimage","url":"https:\/\/www.anniesloan.com\/pl\/wp-content\/uploads\/sites\/5\/2021\/09\/NEWRGB-72dpi-Terre-Vert.jpg","contentUrl":"https:\/\/www.anniesloan.com\/pl\/wp-content\/uploads\/sites\/5\/2021\/09\/NEWRGB-72dpi-Terre-Vert.jpg","width":1224,"height":936,"caption":"Poci\u0105gni\u0119cie p\u0119dzla w kolorze Terre Verte Annie Sloan"},{"@type":"BreadcrumbList","@id":"https:\/\/www.anniesloan.com\/pl\/produkt\/farba-do-scian\/terre-verte\/#breadcrumb","itemListElement":[{"@type":"ListItem","position":1,"name":"Produkty","item":"https:\/\/www.anniesloan.com\/pl\/produkty\/"},{"@type":"ListItem","position":2,"name":"Farba do \u015bcian","item":"https:\/\/www.anniesloan.com\/pl\/produkty\/farba-do-scian\/"},{"@type":"ListItem","position":3,"name":"Terre Verte"}]},{"@type":"WebSite","@id":"https:\/\/www.anniesloan.com\/pl\/#website","url":"https:\/\/www.anniesloan.com\/pl\/","name":"Annie Sloan PL","description":"Home of Chalk Paint","potentialAction":[{"@type":"SearchAction","target":{"@type":"EntryPoint","urlTemplate":"https:\/\/www.anniesloan.com\/pl\/?s={search_term_string}"},"query-input":{"@type":"PropertyValueSpecification","valueRequired":true,"valueName":"search_term_string"}}],"inLanguage":"pl-PL"}]},"og_availability":"instock","product_availability":"instock","product_retailer_item_id":"Terre-Verde-Wall-Paint-NEW","product_condition":"new"},"_links":{"self":[{"href":"https:\/\/www.anniesloan.com\/pl\/wp-json\/wp\/v2\/product\/34509","targetHints":{"allow":["GET"]}}],"collection":[{"href":"https:\/\/www.anniesloan.com\/pl\/wp-json\/wp\/v2\/product"}],"about":[{"href":"https:\/\/www.anniesloan.com\/pl\/wp-json\/wp\/v2\/types\/product"}],"wp:featuredmedia":[{"embeddable":true,"href":"https:\/\/www.anniesloan.com\/pl\/wp-json\/wp\/v2\/media\/35977"}],"wp:attachment":[{"href":"https:\/\/www.anniesloan.com\/pl\/wp-json\/wp\/v2\/media?parent=34509"}],"wp:term":[{"taxonomy":"product_brand","embeddable":true,"href":"https:\/\/www.anniesloan.com\/pl\/wp-json\/wp\/v2\/product_brand?post=34509"},{"taxonomy":"product_cat","embeddable":true,"href":"https:\/\/www.anniesloan.com\/pl\/wp-json\/wp\/v2\/product_cat?post=34509"},{"taxonomy":"product_tag","embeddable":true,"href":"https:\/\/www.anniesloan.com\/pl\/wp-json\/wp\/v2\/product_tag?post=34509"}],"curies":[{"name":"wp","href":"https:\/\/api.w.org\/{rel}","templated":true}]}}