{"id":34479,"date":"2021-09-21T17:14:16","date_gmt":"2021-09-21T16:14:16","guid":{"rendered":"https:\/\/www.anniesloan.com\/?post_type=product&#038;p=90557"},"modified":"2026-05-07T11:47:21","modified_gmt":"2026-05-07T09:47:21","slug":"tyrian-plum-wp","status":"publish","type":"product","link":"https:\/\/www.anniesloan.com\/pl\/produkt\/farba-do-scian\/tyrian-plum-wp\/","title":{"rendered":"Tyrian Plum"},"content":{"rendered":"","protected":false},"excerpt":{"rendered":"<p>To zdecydowana, bogata, per\u0142owa \u015bliwka z domieszk\u0105 bordo i czerwieni. Jest to ho\u0142d oddany przez Annie dla staro\u017cytnego pigmentu, purpury tyryjskiej (odcie\u0144 zastrze\u017cony dla rzymskich cesarzy). To g\u0142\u0119boko nasycone bordo b\u0119dzie idealnie pasowa\u0107 do wi\u0119kszo\u015bci pomieszcze\u0144, tworz\u0105c komfortow\u0105 atmosfer\u0119. Ten kr\u00f3lewski, ale stonowany odcie\u0144, wraz z ciep\u0142em, dojrza\u0142o\u015bci\u0105 i g\u0142\u0119bi\u0105 pigmentu \u015bliwki tyryjskiej sprawiaj\u0105, \u017ce jest to idealny wyb\u00f3r do jadalni lub sypialni.<\/p>\n","protected":false},"featured_media":35972,"template":"","meta":{"_acf_changed":false,"_relevanssi_hide_post":"","_relevanssi_hide_content":"","_relevanssi_pin_for_all":"","_relevanssi_pin_keywords":"","_relevanssi_unpin_keywords":"","_relevanssi_related_keywords":"","_relevanssi_related_include_ids":"","_relevanssi_related_exclude_ids":"","_relevanssi_related_no_append":"","_relevanssi_related_not_related":"","_relevanssi_related_posts":"","_relevanssi_noindex_reason":""},"product_brand":[],"product_cat":[39,1153],"product_tag":[],"class_list":{"0":"post-34479","1":"product","2":"type-product","3":"status-publish","4":"has-post-thumbnail","6":"product_cat-farba-do-scian","7":"product_cat-fioletowa-farba-do-scian","8":"pa_colour-filter-fiolety","9":"pa_finish-farba-do-scian","10":"pa_size-120ml","11":"pa_size-2-5-litres","13":"first","14":"instock","15":"taxable","16":"shipping-taxable","17":"purchasable","18":"product-type-variable"},"acf":[],"yoast_head":"<!-- This site is optimized with the Yoast SEO Premium plugin v26.5 (Yoast SEO v26.5) - https:\/\/yoast.com\/wordpress\/plugins\/seo\/ -->\n<title>Fioletowa Farba do \u015bcian | Tyrian Plum | Annie Sloan<\/title>\n<meta name=\"description\" content=\"Jest to ho\u0142d oddany przez Annie dla staro\u017cytnego pigmentu, purpury tyryjskiej (odcie\u0144 zastrze\u017cony dla rzymskich cesarzy).\" \/>\n<meta name=\"robots\" content=\"index, follow, max-snippet:-1, max-image-preview:large, max-video-preview:-1\" \/>\n<link rel=\"canonical\" href=\"https:\/\/www.anniesloan.com\/pl\/produkt\/farba-do-scian\/tyrian-plum-wp\/\" \/>\n<meta property=\"og:locale\" content=\"pl_PL\" \/>\n<meta property=\"og:type\" content=\"article\" \/>\n<meta property=\"og:title\" content=\"Tyrian Plum\" \/>\n<meta property=\"og:description\" content=\"Jest to ho\u0142d oddany przez Annie dla staro\u017cytnego pigmentu, purpury tyryjskiej (odcie\u0144 zastrze\u017cony dla rzymskich cesarzy).\" \/>\n<meta property=\"og:url\" content=\"https:\/\/www.anniesloan.com\/pl\/produkt\/farba-do-scian\/tyrian-plum-wp\/\" \/>\n<meta property=\"og:site_name\" content=\"Annie Sloan PL\" \/>\n<meta property=\"article:modified_time\" content=\"2026-05-07T09:47:21+00:00\" \/>\n<meta property=\"og:image\" content=\"https:\/\/www.anniesloan.com\/pl\/wp-content\/uploads\/sites\/5\/2021\/09\/NEWRGB-72dpi-Tyrian-Plum.jpg\" \/>\n\t<meta property=\"og:image:width\" content=\"1224\" \/>\n\t<meta property=\"og:image:height\" content=\"936\" \/>\n\t<meta property=\"og:image:type\" content=\"image\/jpeg\" \/>\n<meta name=\"twitter:card\" content=\"summary_large_image\" \/>\n<meta name=\"twitter:label1\" content=\"Availability\" \/>\n\t<meta name=\"twitter:data1\" content=\"In stock\" \/>\n<script type=\"application\/ld+json\" class=\"yoast-schema-graph\">{\"@context\":\"https:\/\/schema.org\",\"@graph\":[{\"@type\":\"WebPage\",\"@id\":\"https:\/\/www.anniesloan.com\/pl\/produkt\/farba-do-scian\/tyrian-plum-wp\/\",\"url\":\"https:\/\/www.anniesloan.com\/pl\/produkt\/farba-do-scian\/tyrian-plum-wp\/\",\"name\":\"Fioletowa Farba do \u015bcian | Tyrian Plum | Annie Sloan\",\"isPartOf\":{\"@id\":\"https:\/\/www.anniesloan.com\/pl\/#website\"},\"primaryImageOfPage\":{\"@id\":\"https:\/\/www.anniesloan.com\/pl\/produkt\/farba-do-scian\/tyrian-plum-wp\/#primaryimage\"},\"image\":{\"@id\":\"https:\/\/www.anniesloan.com\/pl\/produkt\/farba-do-scian\/tyrian-plum-wp\/#primaryimage\"},\"thumbnailUrl\":\"https:\/\/www.anniesloan.com\/pl\/wp-content\/uploads\/sites\/5\/2021\/09\/NEWRGB-72dpi-Tyrian-Plum.jpg\",\"datePublished\":\"2021-09-21T16:14:16+00:00\",\"dateModified\":\"2026-05-07T09:47:21+00:00\",\"description\":\"Jest to ho\u0142d oddany przez Annie dla staro\u017cytnego pigmentu, purpury tyryjskiej (odcie\u0144 zastrze\u017cony dla rzymskich cesarzy).\",\"breadcrumb\":{\"@id\":\"https:\/\/www.anniesloan.com\/pl\/produkt\/farba-do-scian\/tyrian-plum-wp\/#breadcrumb\"},\"inLanguage\":\"pl-PL\",\"potentialAction\":[{\"@type\":\"ReadAction\",\"target\":[\"https:\/\/www.anniesloan.com\/pl\/produkt\/farba-do-scian\/tyrian-plum-wp\/\"]}]},{\"@type\":\"ImageObject\",\"inLanguage\":\"pl-PL\",\"@id\":\"https:\/\/www.anniesloan.com\/pl\/produkt\/farba-do-scian\/tyrian-plum-wp\/#primaryimage\",\"url\":\"https:\/\/www.anniesloan.com\/pl\/wp-content\/uploads\/sites\/5\/2021\/09\/NEWRGB-72dpi-Tyrian-Plum.jpg\",\"contentUrl\":\"https:\/\/www.anniesloan.com\/pl\/wp-content\/uploads\/sites\/5\/2021\/09\/NEWRGB-72dpi-Tyrian-Plum.jpg\",\"width\":1224,\"height\":936,\"caption\":\"Poci\u0105gni\u0119cie p\u0119dzla w kolorze Tyrian Plum Annie Sloan\"},{\"@type\":\"BreadcrumbList\",\"@id\":\"https:\/\/www.anniesloan.com\/pl\/produkt\/farba-do-scian\/tyrian-plum-wp\/#breadcrumb\",\"itemListElement\":[{\"@type\":\"ListItem\",\"position\":1,\"name\":\"Produkty\",\"item\":\"https:\/\/www.anniesloan.com\/pl\/produkty\/\"},{\"@type\":\"ListItem\",\"position\":2,\"name\":\"Farba do \u015bcian\",\"item\":\"https:\/\/www.anniesloan.com\/pl\/produkty\/farba-do-scian\/\"},{\"@type\":\"ListItem\",\"position\":3,\"name\":\"Tyrian Plum\"}]},{\"@type\":\"WebSite\",\"@id\":\"https:\/\/www.anniesloan.com\/pl\/#website\",\"url\":\"https:\/\/www.anniesloan.com\/pl\/\",\"name\":\"Annie Sloan PL\",\"description\":\"Home of Chalk Paint\",\"potentialAction\":[{\"@type\":\"SearchAction\",\"target\":{\"@type\":\"EntryPoint\",\"urlTemplate\":\"https:\/\/www.anniesloan.com\/pl\/?s={search_term_string}\"},\"query-input\":{\"@type\":\"PropertyValueSpecification\",\"valueRequired\":true,\"valueName\":\"search_term_string\"}}],\"inLanguage\":\"pl-PL\"}]}<\/script>\n<meta property=\"og:availability\" content=\"instock\" \/>\n<meta property=\"product:availability\" content=\"instock\" \/>\n<meta property=\"product:retailer_item_id\" content=\"Tyrian-Plum-Wall-Paint-NEW\" \/>\n<meta property=\"product:condition\" content=\"new\" \/>\n<!-- \/ Yoast SEO Premium plugin. -->","yoast_head_json":{"title":"Fioletowa Farba do \u015bcian | Tyrian Plum | Annie Sloan","description":"Jest to ho\u0142d oddany przez Annie dla staro\u017cytnego pigmentu, purpury tyryjskiej (odcie\u0144 zastrze\u017cony dla rzymskich cesarzy).","robots":{"index":"index","follow":"follow","max-snippet":"max-snippet:-1","max-image-preview":"max-image-preview:large","max-video-preview":"max-video-preview:-1"},"canonical":"https:\/\/www.anniesloan.com\/pl\/produkt\/farba-do-scian\/tyrian-plum-wp\/","og_locale":"pl_PL","og_type":"article","og_title":"Tyrian Plum","og_description":"Jest to ho\u0142d oddany przez Annie dla staro\u017cytnego pigmentu, purpury tyryjskiej (odcie\u0144 zastrze\u017cony dla rzymskich cesarzy).","og_url":"https:\/\/www.anniesloan.com\/pl\/produkt\/farba-do-scian\/tyrian-plum-wp\/","og_site_name":"Annie Sloan PL","article_modified_time":"2026-05-07T09:47:21+00:00","og_image":[{"width":1224,"height":936,"url":"https:\/\/www.anniesloan.com\/pl\/wp-content\/uploads\/sites\/5\/2021\/09\/NEWRGB-72dpi-Tyrian-Plum.jpg","type":"image\/jpeg"}],"twitter_card":"summary_large_image","twitter_misc":{"Availability":"In stock"},"schema":{"@context":"https:\/\/schema.org","@graph":[{"@type":"WebPage","@id":"https:\/\/www.anniesloan.com\/pl\/produkt\/farba-do-scian\/tyrian-plum-wp\/","url":"https:\/\/www.anniesloan.com\/pl\/produkt\/farba-do-scian\/tyrian-plum-wp\/","name":"Fioletowa Farba do \u015bcian | Tyrian Plum | Annie Sloan","isPartOf":{"@id":"https:\/\/www.anniesloan.com\/pl\/#website"},"primaryImageOfPage":{"@id":"https:\/\/www.anniesloan.com\/pl\/produkt\/farba-do-scian\/tyrian-plum-wp\/#primaryimage"},"image":{"@id":"https:\/\/www.anniesloan.com\/pl\/produkt\/farba-do-scian\/tyrian-plum-wp\/#primaryimage"},"thumbnailUrl":"https:\/\/www.anniesloan.com\/pl\/wp-content\/uploads\/sites\/5\/2021\/09\/NEWRGB-72dpi-Tyrian-Plum.jpg","datePublished":"2021-09-21T16:14:16+00:00","dateModified":"2026-05-07T09:47:21+00:00","description":"Jest to ho\u0142d oddany przez Annie dla staro\u017cytnego pigmentu, purpury tyryjskiej (odcie\u0144 zastrze\u017cony dla rzymskich cesarzy).","breadcrumb":{"@id":"https:\/\/www.anniesloan.com\/pl\/produkt\/farba-do-scian\/tyrian-plum-wp\/#breadcrumb"},"inLanguage":"pl-PL","potentialAction":[{"@type":"ReadAction","target":["https:\/\/www.anniesloan.com\/pl\/produkt\/farba-do-scian\/tyrian-plum-wp\/"]}]},{"@type":"ImageObject","inLanguage":"pl-PL","@id":"https:\/\/www.anniesloan.com\/pl\/produkt\/farba-do-scian\/tyrian-plum-wp\/#primaryimage","url":"https:\/\/www.anniesloan.com\/pl\/wp-content\/uploads\/sites\/5\/2021\/09\/NEWRGB-72dpi-Tyrian-Plum.jpg","contentUrl":"https:\/\/www.anniesloan.com\/pl\/wp-content\/uploads\/sites\/5\/2021\/09\/NEWRGB-72dpi-Tyrian-Plum.jpg","width":1224,"height":936,"caption":"Poci\u0105gni\u0119cie p\u0119dzla w kolorze Tyrian Plum Annie Sloan"},{"@type":"BreadcrumbList","@id":"https:\/\/www.anniesloan.com\/pl\/produkt\/farba-do-scian\/tyrian-plum-wp\/#breadcrumb","itemListElement":[{"@type":"ListItem","position":1,"name":"Produkty","item":"https:\/\/www.anniesloan.com\/pl\/produkty\/"},{"@type":"ListItem","position":2,"name":"Farba do \u015bcian","item":"https:\/\/www.anniesloan.com\/pl\/produkty\/farba-do-scian\/"},{"@type":"ListItem","position":3,"name":"Tyrian Plum"}]},{"@type":"WebSite","@id":"https:\/\/www.anniesloan.com\/pl\/#website","url":"https:\/\/www.anniesloan.com\/pl\/","name":"Annie Sloan PL","description":"Home of Chalk Paint","potentialAction":[{"@type":"SearchAction","target":{"@type":"EntryPoint","urlTemplate":"https:\/\/www.anniesloan.com\/pl\/?s={search_term_string}"},"query-input":{"@type":"PropertyValueSpecification","valueRequired":true,"valueName":"search_term_string"}}],"inLanguage":"pl-PL"}]},"og_availability":"instock","product_availability":"instock","product_retailer_item_id":"Tyrian-Plum-Wall-Paint-NEW","product_condition":"new"},"_links":{"self":[{"href":"https:\/\/www.anniesloan.com\/pl\/wp-json\/wp\/v2\/product\/34479","targetHints":{"allow":["GET"]}}],"collection":[{"href":"https:\/\/www.anniesloan.com\/pl\/wp-json\/wp\/v2\/product"}],"about":[{"href":"https:\/\/www.anniesloan.com\/pl\/wp-json\/wp\/v2\/types\/product"}],"wp:featuredmedia":[{"embeddable":true,"href":"https:\/\/www.anniesloan.com\/pl\/wp-json\/wp\/v2\/media\/35972"}],"wp:attachment":[{"href":"https:\/\/www.anniesloan.com\/pl\/wp-json\/wp\/v2\/media?parent=34479"}],"wp:term":[{"taxonomy":"product_brand","embeddable":true,"href":"https:\/\/www.anniesloan.com\/pl\/wp-json\/wp\/v2\/product_brand?post=34479"},{"taxonomy":"product_cat","embeddable":true,"href":"https:\/\/www.anniesloan.com\/pl\/wp-json\/wp\/v2\/product_cat?post=34479"},{"taxonomy":"product_tag","embeddable":true,"href":"https:\/\/www.anniesloan.com\/pl\/wp-json\/wp\/v2\/product_tag?post=34479"}],"curies":[{"name":"wp","href":"https:\/\/api.w.org\/{rel}","templated":true}]}}