{"id":34457,"date":"2021-09-23T12:06:19","date_gmt":"2021-09-23T11:06:19","guid":{"rendered":"https:\/\/www.anniesloan.com\/?post_type=product&#038;p=90715"},"modified":"2026-05-04T08:45:28","modified_gmt":"2026-05-04T06:45:28","slug":"primer-red-wp","status":"publish","type":"product","link":"https:\/\/www.anniesloan.com\/pl\/produkt\/farba-do-scian\/primer-red-wp\/","title":{"rendered":"Primer Red"},"content":{"rendered":"","protected":false},"excerpt":{"rendered":"<p data-pm-slice=\"1 1 []\">Primer Red to bogaty, ciep\u0142y, ziemisty odcie\u0144 bordo, inspirowany wszelakimi stylami, od weneckich pa\u0142ac\u00f3w po maroka\u0144skie bazary. Ten pon\u0119tnie wyrafinowany kolor zapewni w pomieszczeniu eleganckie i przytulne t\u0142o, a szczeg\u00f3lnie dobrze wsp\u00f3\u0142gra z ziemistymi odcieniami zieleni, takimi jak Olive lub z\u0142otymi zieleniami, takimi jak Versailles.<\/p>\n<p>&nbsp;<\/p>\n","protected":false},"featured_media":35967,"template":"","meta":{"_acf_changed":false,"_relevanssi_hide_post":"","_relevanssi_hide_content":"","_relevanssi_pin_for_all":"","_relevanssi_pin_keywords":"","_relevanssi_unpin_keywords":"","_relevanssi_related_keywords":"","_relevanssi_related_include_ids":"","_relevanssi_related_exclude_ids":"","_relevanssi_related_no_append":"","_relevanssi_related_not_related":"","_relevanssi_related_posts":"","_relevanssi_noindex_reason":""},"product_brand":[],"product_cat":[39,1155],"product_tag":[],"class_list":{"0":"post-34457","1":"product","2":"type-product","3":"status-publish","4":"has-post-thumbnail","6":"product_cat-farba-do-scian","7":"product_cat-czerwona-farba-do-scian","8":"pa_colour-filter-czerwienie","9":"pa_finish-farba-do-scian","10":"pa_size-120ml","11":"pa_size-2-5-litres","13":"first","14":"instock","15":"sale","16":"taxable","17":"shipping-taxable","18":"purchasable","19":"product-type-variable"},"acf":[],"yoast_head":"<!-- This site is optimized with the Yoast SEO Premium plugin v26.5 (Yoast SEO v26.5) - https:\/\/yoast.com\/wordpress\/plugins\/seo\/ -->\n<title>Czerwona Farba do \u015bcian | Primer Red | Annie Sloan<\/title>\n<meta name=\"description\" content=\"Bogaty, ciep\u0142y, ziemisty odcie\u0144 burgundu, inspirowany wszystkimi stylami, od weneckich pa\u0142ac\u00f3w po maroka\u0144skie bazary. Kupuj online teraz.\" \/>\n<meta name=\"robots\" content=\"index, follow, max-snippet:-1, max-image-preview:large, max-video-preview:-1\" \/>\n<link rel=\"canonical\" href=\"https:\/\/www.anniesloan.com\/pl\/produkt\/farba-do-scian\/primer-red-wp\/\" \/>\n<meta property=\"og:locale\" content=\"pl_PL\" \/>\n<meta property=\"og:type\" content=\"article\" \/>\n<meta property=\"og:title\" content=\"Primer Red\" \/>\n<meta property=\"og:description\" content=\"Bogaty, ciep\u0142y, ziemisty odcie\u0144 burgundu, inspirowany wszystkimi stylami, od weneckich pa\u0142ac\u00f3w po maroka\u0144skie bazary. Kupuj online teraz.\" \/>\n<meta property=\"og:url\" content=\"https:\/\/www.anniesloan.com\/pl\/produkt\/farba-do-scian\/primer-red-wp\/\" \/>\n<meta property=\"og:site_name\" content=\"Annie Sloan PL\" \/>\n<meta property=\"article:modified_time\" content=\"2026-05-04T06:45:28+00:00\" \/>\n<meta property=\"og:image\" content=\"https:\/\/www.anniesloan.com\/pl\/wp-content\/uploads\/sites\/5\/2021\/09\/NEWRGB-72dpi-Primer-Red.jpg\" \/>\n\t<meta property=\"og:image:width\" content=\"1224\" \/>\n\t<meta property=\"og:image:height\" content=\"936\" \/>\n\t<meta property=\"og:image:type\" content=\"image\/jpeg\" \/>\n<meta name=\"twitter:card\" content=\"summary_large_image\" \/>\n<meta name=\"twitter:label1\" content=\"Availability\" \/>\n\t<meta name=\"twitter:data1\" content=\"In stock\" \/>\n<script type=\"application\/ld+json\" class=\"yoast-schema-graph\">{\"@context\":\"https:\/\/schema.org\",\"@graph\":[{\"@type\":\"WebPage\",\"@id\":\"https:\/\/www.anniesloan.com\/pl\/produkt\/farba-do-scian\/primer-red-wp\/\",\"url\":\"https:\/\/www.anniesloan.com\/pl\/produkt\/farba-do-scian\/primer-red-wp\/\",\"name\":\"Czerwona Farba do \u015bcian | Primer Red | Annie Sloan\",\"isPartOf\":{\"@id\":\"https:\/\/www.anniesloan.com\/pl\/#website\"},\"primaryImageOfPage\":{\"@id\":\"https:\/\/www.anniesloan.com\/pl\/produkt\/farba-do-scian\/primer-red-wp\/#primaryimage\"},\"image\":{\"@id\":\"https:\/\/www.anniesloan.com\/pl\/produkt\/farba-do-scian\/primer-red-wp\/#primaryimage\"},\"thumbnailUrl\":\"https:\/\/www.anniesloan.com\/pl\/wp-content\/uploads\/sites\/5\/2021\/09\/NEWRGB-72dpi-Primer-Red.jpg\",\"datePublished\":\"2021-09-23T11:06:19+00:00\",\"dateModified\":\"2026-05-04T06:45:28+00:00\",\"description\":\"Bogaty, ciep\u0142y, ziemisty odcie\u0144 burgundu, inspirowany wszystkimi stylami, od weneckich pa\u0142ac\u00f3w po maroka\u0144skie bazary. Kupuj online teraz.\",\"breadcrumb\":{\"@id\":\"https:\/\/www.anniesloan.com\/pl\/produkt\/farba-do-scian\/primer-red-wp\/#breadcrumb\"},\"inLanguage\":\"pl-PL\",\"potentialAction\":[{\"@type\":\"ReadAction\",\"target\":[\"https:\/\/www.anniesloan.com\/pl\/produkt\/farba-do-scian\/primer-red-wp\/\"]}]},{\"@type\":\"ImageObject\",\"inLanguage\":\"pl-PL\",\"@id\":\"https:\/\/www.anniesloan.com\/pl\/produkt\/farba-do-scian\/primer-red-wp\/#primaryimage\",\"url\":\"https:\/\/www.anniesloan.com\/pl\/wp-content\/uploads\/sites\/5\/2021\/09\/NEWRGB-72dpi-Primer-Red.jpg\",\"contentUrl\":\"https:\/\/www.anniesloan.com\/pl\/wp-content\/uploads\/sites\/5\/2021\/09\/NEWRGB-72dpi-Primer-Red.jpg\",\"width\":1224,\"height\":936,\"caption\":\"Poci\u0105gni\u0119cie p\u0119dzla w kolorze Primer Red Annie Sloan\"},{\"@type\":\"BreadcrumbList\",\"@id\":\"https:\/\/www.anniesloan.com\/pl\/produkt\/farba-do-scian\/primer-red-wp\/#breadcrumb\",\"itemListElement\":[{\"@type\":\"ListItem\",\"position\":1,\"name\":\"Produkty\",\"item\":\"https:\/\/www.anniesloan.com\/pl\/produkty\/\"},{\"@type\":\"ListItem\",\"position\":2,\"name\":\"Farba do \u015bcian\",\"item\":\"https:\/\/www.anniesloan.com\/pl\/produkty\/farba-do-scian\/\"},{\"@type\":\"ListItem\",\"position\":3,\"name\":\"Primer Red\"}]},{\"@type\":\"WebSite\",\"@id\":\"https:\/\/www.anniesloan.com\/pl\/#website\",\"url\":\"https:\/\/www.anniesloan.com\/pl\/\",\"name\":\"Annie Sloan PL\",\"description\":\"Home of Chalk Paint\",\"potentialAction\":[{\"@type\":\"SearchAction\",\"target\":{\"@type\":\"EntryPoint\",\"urlTemplate\":\"https:\/\/www.anniesloan.com\/pl\/?s={search_term_string}\"},\"query-input\":{\"@type\":\"PropertyValueSpecification\",\"valueRequired\":true,\"valueName\":\"search_term_string\"}}],\"inLanguage\":\"pl-PL\"}]}<\/script>\n<meta property=\"og:availability\" content=\"instock\" \/>\n<meta property=\"product:availability\" content=\"instock\" \/>\n<meta property=\"product:retailer_item_id\" content=\"Primer-Red-Wall-Paint-NEW\" \/>\n<meta property=\"product:condition\" content=\"new\" \/>\n<!-- \/ Yoast SEO Premium plugin. -->","yoast_head_json":{"title":"Czerwona Farba do \u015bcian | Primer Red | Annie Sloan","description":"Bogaty, ciep\u0142y, ziemisty odcie\u0144 burgundu, inspirowany wszystkimi stylami, od weneckich pa\u0142ac\u00f3w po maroka\u0144skie bazary. Kupuj online teraz.","robots":{"index":"index","follow":"follow","max-snippet":"max-snippet:-1","max-image-preview":"max-image-preview:large","max-video-preview":"max-video-preview:-1"},"canonical":"https:\/\/www.anniesloan.com\/pl\/produkt\/farba-do-scian\/primer-red-wp\/","og_locale":"pl_PL","og_type":"article","og_title":"Primer Red","og_description":"Bogaty, ciep\u0142y, ziemisty odcie\u0144 burgundu, inspirowany wszystkimi stylami, od weneckich pa\u0142ac\u00f3w po maroka\u0144skie bazary. Kupuj online teraz.","og_url":"https:\/\/www.anniesloan.com\/pl\/produkt\/farba-do-scian\/primer-red-wp\/","og_site_name":"Annie Sloan PL","article_modified_time":"2026-05-04T06:45:28+00:00","og_image":[{"width":1224,"height":936,"url":"https:\/\/www.anniesloan.com\/pl\/wp-content\/uploads\/sites\/5\/2021\/09\/NEWRGB-72dpi-Primer-Red.jpg","type":"image\/jpeg"}],"twitter_card":"summary_large_image","twitter_misc":{"Availability":"In stock"},"schema":{"@context":"https:\/\/schema.org","@graph":[{"@type":"WebPage","@id":"https:\/\/www.anniesloan.com\/pl\/produkt\/farba-do-scian\/primer-red-wp\/","url":"https:\/\/www.anniesloan.com\/pl\/produkt\/farba-do-scian\/primer-red-wp\/","name":"Czerwona Farba do \u015bcian | Primer Red | Annie Sloan","isPartOf":{"@id":"https:\/\/www.anniesloan.com\/pl\/#website"},"primaryImageOfPage":{"@id":"https:\/\/www.anniesloan.com\/pl\/produkt\/farba-do-scian\/primer-red-wp\/#primaryimage"},"image":{"@id":"https:\/\/www.anniesloan.com\/pl\/produkt\/farba-do-scian\/primer-red-wp\/#primaryimage"},"thumbnailUrl":"https:\/\/www.anniesloan.com\/pl\/wp-content\/uploads\/sites\/5\/2021\/09\/NEWRGB-72dpi-Primer-Red.jpg","datePublished":"2021-09-23T11:06:19+00:00","dateModified":"2026-05-04T06:45:28+00:00","description":"Bogaty, ciep\u0142y, ziemisty odcie\u0144 burgundu, inspirowany wszystkimi stylami, od weneckich pa\u0142ac\u00f3w po maroka\u0144skie bazary. Kupuj online teraz.","breadcrumb":{"@id":"https:\/\/www.anniesloan.com\/pl\/produkt\/farba-do-scian\/primer-red-wp\/#breadcrumb"},"inLanguage":"pl-PL","potentialAction":[{"@type":"ReadAction","target":["https:\/\/www.anniesloan.com\/pl\/produkt\/farba-do-scian\/primer-red-wp\/"]}]},{"@type":"ImageObject","inLanguage":"pl-PL","@id":"https:\/\/www.anniesloan.com\/pl\/produkt\/farba-do-scian\/primer-red-wp\/#primaryimage","url":"https:\/\/www.anniesloan.com\/pl\/wp-content\/uploads\/sites\/5\/2021\/09\/NEWRGB-72dpi-Primer-Red.jpg","contentUrl":"https:\/\/www.anniesloan.com\/pl\/wp-content\/uploads\/sites\/5\/2021\/09\/NEWRGB-72dpi-Primer-Red.jpg","width":1224,"height":936,"caption":"Poci\u0105gni\u0119cie p\u0119dzla w kolorze Primer Red Annie Sloan"},{"@type":"BreadcrumbList","@id":"https:\/\/www.anniesloan.com\/pl\/produkt\/farba-do-scian\/primer-red-wp\/#breadcrumb","itemListElement":[{"@type":"ListItem","position":1,"name":"Produkty","item":"https:\/\/www.anniesloan.com\/pl\/produkty\/"},{"@type":"ListItem","position":2,"name":"Farba do \u015bcian","item":"https:\/\/www.anniesloan.com\/pl\/produkty\/farba-do-scian\/"},{"@type":"ListItem","position":3,"name":"Primer Red"}]},{"@type":"WebSite","@id":"https:\/\/www.anniesloan.com\/pl\/#website","url":"https:\/\/www.anniesloan.com\/pl\/","name":"Annie Sloan PL","description":"Home of Chalk Paint","potentialAction":[{"@type":"SearchAction","target":{"@type":"EntryPoint","urlTemplate":"https:\/\/www.anniesloan.com\/pl\/?s={search_term_string}"},"query-input":{"@type":"PropertyValueSpecification","valueRequired":true,"valueName":"search_term_string"}}],"inLanguage":"pl-PL"}]},"og_availability":"instock","product_availability":"instock","product_retailer_item_id":"Primer-Red-Wall-Paint-NEW","product_condition":"new"},"_links":{"self":[{"href":"https:\/\/www.anniesloan.com\/pl\/wp-json\/wp\/v2\/product\/34457","targetHints":{"allow":["GET"]}}],"collection":[{"href":"https:\/\/www.anniesloan.com\/pl\/wp-json\/wp\/v2\/product"}],"about":[{"href":"https:\/\/www.anniesloan.com\/pl\/wp-json\/wp\/v2\/types\/product"}],"wp:featuredmedia":[{"embeddable":true,"href":"https:\/\/www.anniesloan.com\/pl\/wp-json\/wp\/v2\/media\/35967"}],"wp:attachment":[{"href":"https:\/\/www.anniesloan.com\/pl\/wp-json\/wp\/v2\/media?parent=34457"}],"wp:term":[{"taxonomy":"product_brand","embeddable":true,"href":"https:\/\/www.anniesloan.com\/pl\/wp-json\/wp\/v2\/product_brand?post=34457"},{"taxonomy":"product_cat","embeddable":true,"href":"https:\/\/www.anniesloan.com\/pl\/wp-json\/wp\/v2\/product_cat?post=34457"},{"taxonomy":"product_tag","embeddable":true,"href":"https:\/\/www.anniesloan.com\/pl\/wp-json\/wp\/v2\/product_tag?post=34457"}],"curies":[{"name":"wp","href":"https:\/\/api.w.org\/{rel}","templated":true}]}}