{"id":34448,"date":"2021-09-20T15:52:44","date_gmt":"2021-09-20T14:52:44","guid":{"rendered":"https:\/\/www.anniesloan.com\/?post_type=product&#038;p=90429"},"modified":"2026-04-07T11:46:07","modified_gmt":"2026-04-07T09:46:07","slug":"carnaby-yellow","status":"publish","type":"product","link":"https:\/\/www.anniesloan.com\/pl\/produkt\/farba-do-scian\/carnaby-yellow\/","title":{"rendered":"Carnaby Yellow"},"content":{"rendered":"","protected":false},"excerpt":{"rendered":"<p>Kolor Carnaby Yellow jest inspirowany musztardowo-\u017c\u00f3\u0142tymi pigmentami importowanymi z Indii i szeroko stosowanymi w swinguj\u0105cych latach 60-tych. Nazwa nawi\u0105zuje do ulicy Carnaby Street w Londynie, kultowego o\u015brodka mody, muzyki i kultury w tym okresie. Ten naturalny, g\u0142\u0119boki, szafranowo \u017c\u00f3\u0142ty kolor jest ciep\u0142y, przyjazny i przytulny. U\u017cywa\u0107 go nale\u017cy z intensywnymi br\u0105zami, aby stworzy\u0107 kameralny, komfortowy kokon koloru.<\/p>\n","protected":false},"featured_media":35958,"template":"","meta":{"_acf_changed":false,"_relevanssi_hide_post":"","_relevanssi_hide_content":"","_relevanssi_pin_for_all":"","_relevanssi_pin_keywords":"","_relevanssi_unpin_keywords":"","_relevanssi_related_keywords":"","_relevanssi_related_include_ids":"","_relevanssi_related_exclude_ids":"","_relevanssi_related_no_append":"","_relevanssi_related_not_related":"","_relevanssi_related_posts":"","_relevanssi_noindex_reason":""},"product_brand":[],"product_cat":[39,1154],"product_tag":[],"class_list":{"0":"post-34448","1":"product","2":"type-product","3":"status-publish","4":"has-post-thumbnail","6":"product_cat-farba-do-scian","7":"product_cat-zolta-farba-do-scian","8":"pa_colour-filter-zolcienie","9":"pa_finish-farba-do-scian","10":"pa_size-120ml","11":"pa_size-2-5-litres","13":"first","14":"instock","15":"taxable","16":"shipping-taxable","17":"purchasable","18":"product-type-variable"},"acf":[],"yoast_head":"<!-- This site is optimized with the Yoast SEO Premium plugin v26.5 (Yoast SEO v26.5) - https:\/\/yoast.com\/wordpress\/plugins\/seo\/ -->\n<title>\u017b\u00f3\u0142ta Farba do \u015bcian | Carnaby Yellow | Annie Sloan<\/title>\n<meta name=\"description\" content=\"Carnaby Yellow jest inspirowany musztardowo-\u017c\u00f3\u0142tymi pigmentami importowanymi z Indii i szeroko stosowanymi w swinguj\u0105cych latach 60-tych.\" \/>\n<meta name=\"robots\" content=\"index, follow, max-snippet:-1, max-image-preview:large, max-video-preview:-1\" \/>\n<link rel=\"canonical\" href=\"https:\/\/www.anniesloan.com\/pl\/produkt\/farba-do-scian\/carnaby-yellow\/\" \/>\n<meta property=\"og:locale\" content=\"pl_PL\" \/>\n<meta property=\"og:type\" content=\"article\" \/>\n<meta property=\"og:title\" content=\"Carnaby Yellow\" \/>\n<meta property=\"og:description\" content=\"Carnaby Yellow jest inspirowany musztardowo-\u017c\u00f3\u0142tymi pigmentami importowanymi z Indii i szeroko stosowanymi w swinguj\u0105cych latach 60-tych.\" \/>\n<meta property=\"og:url\" content=\"https:\/\/www.anniesloan.com\/pl\/produkt\/farba-do-scian\/carnaby-yellow\/\" \/>\n<meta property=\"og:site_name\" content=\"Annie Sloan PL\" \/>\n<meta property=\"article:modified_time\" content=\"2026-04-07T09:46:07+00:00\" \/>\n<meta property=\"og:image\" content=\"https:\/\/www.anniesloan.com\/pl\/wp-content\/uploads\/sites\/5\/2022\/03\/NEWRGB-72dpi-Carnaby-Yellow.jpg\" \/>\n\t<meta property=\"og:image:width\" content=\"1224\" \/>\n\t<meta property=\"og:image:height\" content=\"936\" \/>\n\t<meta property=\"og:image:type\" content=\"image\/jpeg\" \/>\n<meta name=\"twitter:card\" content=\"summary_large_image\" \/>\n<meta name=\"twitter:label1\" content=\"Availability\" \/>\n\t<meta name=\"twitter:data1\" content=\"In stock\" \/>\n<script type=\"application\/ld+json\" class=\"yoast-schema-graph\">{\"@context\":\"https:\/\/schema.org\",\"@graph\":[{\"@type\":\"WebPage\",\"@id\":\"https:\/\/www.anniesloan.com\/pl\/produkt\/farba-do-scian\/carnaby-yellow\/\",\"url\":\"https:\/\/www.anniesloan.com\/pl\/produkt\/farba-do-scian\/carnaby-yellow\/\",\"name\":\"\u017b\u00f3\u0142ta Farba do \u015bcian | Carnaby Yellow | Annie Sloan\",\"isPartOf\":{\"@id\":\"https:\/\/www.anniesloan.com\/pl\/#website\"},\"primaryImageOfPage\":{\"@id\":\"https:\/\/www.anniesloan.com\/pl\/produkt\/farba-do-scian\/carnaby-yellow\/#primaryimage\"},\"image\":{\"@id\":\"https:\/\/www.anniesloan.com\/pl\/produkt\/farba-do-scian\/carnaby-yellow\/#primaryimage\"},\"thumbnailUrl\":\"https:\/\/www.anniesloan.com\/pl\/wp-content\/uploads\/sites\/5\/2022\/03\/NEWRGB-72dpi-Carnaby-Yellow.jpg\",\"datePublished\":\"2021-09-20T14:52:44+00:00\",\"dateModified\":\"2026-04-07T09:46:07+00:00\",\"description\":\"Carnaby Yellow jest inspirowany musztardowo-\u017c\u00f3\u0142tymi pigmentami importowanymi z Indii i szeroko stosowanymi w swinguj\u0105cych latach 60-tych.\",\"breadcrumb\":{\"@id\":\"https:\/\/www.anniesloan.com\/pl\/produkt\/farba-do-scian\/carnaby-yellow\/#breadcrumb\"},\"inLanguage\":\"pl-PL\",\"potentialAction\":[{\"@type\":\"ReadAction\",\"target\":[\"https:\/\/www.anniesloan.com\/pl\/produkt\/farba-do-scian\/carnaby-yellow\/\"]}]},{\"@type\":\"ImageObject\",\"inLanguage\":\"pl-PL\",\"@id\":\"https:\/\/www.anniesloan.com\/pl\/produkt\/farba-do-scian\/carnaby-yellow\/#primaryimage\",\"url\":\"https:\/\/www.anniesloan.com\/pl\/wp-content\/uploads\/sites\/5\/2022\/03\/NEWRGB-72dpi-Carnaby-Yellow.jpg\",\"contentUrl\":\"https:\/\/www.anniesloan.com\/pl\/wp-content\/uploads\/sites\/5\/2022\/03\/NEWRGB-72dpi-Carnaby-Yellow.jpg\",\"width\":1224,\"height\":936,\"caption\":\"Poci\u0105gni\u0119cie p\u0119dzla w kolorze Carnaby Yellow Annie Sloan\"},{\"@type\":\"BreadcrumbList\",\"@id\":\"https:\/\/www.anniesloan.com\/pl\/produkt\/farba-do-scian\/carnaby-yellow\/#breadcrumb\",\"itemListElement\":[{\"@type\":\"ListItem\",\"position\":1,\"name\":\"Produkty\",\"item\":\"https:\/\/www.anniesloan.com\/pl\/produkty\/\"},{\"@type\":\"ListItem\",\"position\":2,\"name\":\"Farba do \u015bcian\",\"item\":\"https:\/\/www.anniesloan.com\/pl\/produkty\/farba-do-scian\/\"},{\"@type\":\"ListItem\",\"position\":3,\"name\":\"Carnaby Yellow\"}]},{\"@type\":\"WebSite\",\"@id\":\"https:\/\/www.anniesloan.com\/pl\/#website\",\"url\":\"https:\/\/www.anniesloan.com\/pl\/\",\"name\":\"Annie Sloan PL\",\"description\":\"Home of Chalk Paint\",\"potentialAction\":[{\"@type\":\"SearchAction\",\"target\":{\"@type\":\"EntryPoint\",\"urlTemplate\":\"https:\/\/www.anniesloan.com\/pl\/?s={search_term_string}\"},\"query-input\":{\"@type\":\"PropertyValueSpecification\",\"valueRequired\":true,\"valueName\":\"search_term_string\"}}],\"inLanguage\":\"pl-PL\"}]}<\/script>\n<meta property=\"og:availability\" content=\"instock\" \/>\n<meta property=\"product:availability\" content=\"instock\" \/>\n<meta property=\"product:retailer_item_id\" content=\"Carnaby-Yellow-Wall-Paint-NEW\" \/>\n<meta property=\"product:condition\" content=\"new\" \/>\n<!-- \/ Yoast SEO Premium plugin. -->","yoast_head_json":{"title":"\u017b\u00f3\u0142ta Farba do \u015bcian | Carnaby Yellow | Annie Sloan","description":"Carnaby Yellow jest inspirowany musztardowo-\u017c\u00f3\u0142tymi pigmentami importowanymi z Indii i szeroko stosowanymi w swinguj\u0105cych latach 60-tych.","robots":{"index":"index","follow":"follow","max-snippet":"max-snippet:-1","max-image-preview":"max-image-preview:large","max-video-preview":"max-video-preview:-1"},"canonical":"https:\/\/www.anniesloan.com\/pl\/produkt\/farba-do-scian\/carnaby-yellow\/","og_locale":"pl_PL","og_type":"article","og_title":"Carnaby Yellow","og_description":"Carnaby Yellow jest inspirowany musztardowo-\u017c\u00f3\u0142tymi pigmentami importowanymi z Indii i szeroko stosowanymi w swinguj\u0105cych latach 60-tych.","og_url":"https:\/\/www.anniesloan.com\/pl\/produkt\/farba-do-scian\/carnaby-yellow\/","og_site_name":"Annie Sloan PL","article_modified_time":"2026-04-07T09:46:07+00:00","og_image":[{"width":1224,"height":936,"url":"https:\/\/www.anniesloan.com\/pl\/wp-content\/uploads\/sites\/5\/2022\/03\/NEWRGB-72dpi-Carnaby-Yellow.jpg","type":"image\/jpeg"}],"twitter_card":"summary_large_image","twitter_misc":{"Availability":"In stock"},"schema":{"@context":"https:\/\/schema.org","@graph":[{"@type":"WebPage","@id":"https:\/\/www.anniesloan.com\/pl\/produkt\/farba-do-scian\/carnaby-yellow\/","url":"https:\/\/www.anniesloan.com\/pl\/produkt\/farba-do-scian\/carnaby-yellow\/","name":"\u017b\u00f3\u0142ta Farba do \u015bcian | Carnaby Yellow | Annie Sloan","isPartOf":{"@id":"https:\/\/www.anniesloan.com\/pl\/#website"},"primaryImageOfPage":{"@id":"https:\/\/www.anniesloan.com\/pl\/produkt\/farba-do-scian\/carnaby-yellow\/#primaryimage"},"image":{"@id":"https:\/\/www.anniesloan.com\/pl\/produkt\/farba-do-scian\/carnaby-yellow\/#primaryimage"},"thumbnailUrl":"https:\/\/www.anniesloan.com\/pl\/wp-content\/uploads\/sites\/5\/2022\/03\/NEWRGB-72dpi-Carnaby-Yellow.jpg","datePublished":"2021-09-20T14:52:44+00:00","dateModified":"2026-04-07T09:46:07+00:00","description":"Carnaby Yellow jest inspirowany musztardowo-\u017c\u00f3\u0142tymi pigmentami importowanymi z Indii i szeroko stosowanymi w swinguj\u0105cych latach 60-tych.","breadcrumb":{"@id":"https:\/\/www.anniesloan.com\/pl\/produkt\/farba-do-scian\/carnaby-yellow\/#breadcrumb"},"inLanguage":"pl-PL","potentialAction":[{"@type":"ReadAction","target":["https:\/\/www.anniesloan.com\/pl\/produkt\/farba-do-scian\/carnaby-yellow\/"]}]},{"@type":"ImageObject","inLanguage":"pl-PL","@id":"https:\/\/www.anniesloan.com\/pl\/produkt\/farba-do-scian\/carnaby-yellow\/#primaryimage","url":"https:\/\/www.anniesloan.com\/pl\/wp-content\/uploads\/sites\/5\/2022\/03\/NEWRGB-72dpi-Carnaby-Yellow.jpg","contentUrl":"https:\/\/www.anniesloan.com\/pl\/wp-content\/uploads\/sites\/5\/2022\/03\/NEWRGB-72dpi-Carnaby-Yellow.jpg","width":1224,"height":936,"caption":"Poci\u0105gni\u0119cie p\u0119dzla w kolorze Carnaby Yellow Annie Sloan"},{"@type":"BreadcrumbList","@id":"https:\/\/www.anniesloan.com\/pl\/produkt\/farba-do-scian\/carnaby-yellow\/#breadcrumb","itemListElement":[{"@type":"ListItem","position":1,"name":"Produkty","item":"https:\/\/www.anniesloan.com\/pl\/produkty\/"},{"@type":"ListItem","position":2,"name":"Farba do \u015bcian","item":"https:\/\/www.anniesloan.com\/pl\/produkty\/farba-do-scian\/"},{"@type":"ListItem","position":3,"name":"Carnaby Yellow"}]},{"@type":"WebSite","@id":"https:\/\/www.anniesloan.com\/pl\/#website","url":"https:\/\/www.anniesloan.com\/pl\/","name":"Annie Sloan PL","description":"Home of Chalk Paint","potentialAction":[{"@type":"SearchAction","target":{"@type":"EntryPoint","urlTemplate":"https:\/\/www.anniesloan.com\/pl\/?s={search_term_string}"},"query-input":{"@type":"PropertyValueSpecification","valueRequired":true,"valueName":"search_term_string"}}],"inLanguage":"pl-PL"}]},"og_availability":"instock","product_availability":"instock","product_retailer_item_id":"Carnaby-Yellow-Wall-Paint-NEW","product_condition":"new"},"_links":{"self":[{"href":"https:\/\/www.anniesloan.com\/pl\/wp-json\/wp\/v2\/product\/34448","targetHints":{"allow":["GET"]}}],"collection":[{"href":"https:\/\/www.anniesloan.com\/pl\/wp-json\/wp\/v2\/product"}],"about":[{"href":"https:\/\/www.anniesloan.com\/pl\/wp-json\/wp\/v2\/types\/product"}],"wp:featuredmedia":[{"embeddable":true,"href":"https:\/\/www.anniesloan.com\/pl\/wp-json\/wp\/v2\/media\/35958"}],"wp:attachment":[{"href":"https:\/\/www.anniesloan.com\/pl\/wp-json\/wp\/v2\/media?parent=34448"}],"wp:term":[{"taxonomy":"product_brand","embeddable":true,"href":"https:\/\/www.anniesloan.com\/pl\/wp-json\/wp\/v2\/product_brand?post=34448"},{"taxonomy":"product_cat","embeddable":true,"href":"https:\/\/www.anniesloan.com\/pl\/wp-json\/wp\/v2\/product_cat?post=34448"},{"taxonomy":"product_tag","embeddable":true,"href":"https:\/\/www.anniesloan.com\/pl\/wp-json\/wp\/v2\/product_tag?post=34448"}],"curies":[{"name":"wp","href":"https:\/\/api.w.org\/{rel}","templated":true}]}}