{"id":34256,"date":"2021-09-24T13:26:40","date_gmt":"2021-09-24T12:26:40","guid":{"rendered":"https:\/\/www.anniesloan.com\/?post_type=product&#038;p=90834"},"modified":"2026-04-24T14:45:31","modified_gmt":"2026-04-24T12:45:31","slug":"wall-paint-colour-card","status":"publish","type":"product","link":"https:\/\/www.anniesloan.com\/pl\/produkt\/farba-do-scian\/wall-paint-colour-card\/","title":{"rendered":"Karta kolor\u00f3w farb \u015bciennych i satynowych"},"content":{"rendered":"","protected":false},"excerpt":{"rendered":"<p><span style=\"font-weight: 400\">Karta kolor\u00f3w farb do \u015bcian Annie Sloan i farb satynowych\u00a0 przedstawia 32 starannie dobrane kolory, dost\u0119pne w nowych kolekcjach farb do \u015bcian i farb satynowych Annie. Paleta tych kolor\u00f3w zosta\u0142a dobrana w taki spos\u00f3b, aby umo\u017cliwi\u0107 Ci zaprojektowanie pokoju i domu, kt\u00f3ry jest tak wyj\u0105tkowy jak Ty.<\/span><\/p>\n<p><span style=\"font-weight: 400\">S\u0105 to bogate w pigmenty, przestrzenne kolory, g\u0142\u0119boko zakorzenione w historii sztuki. Ka\u017cdy odcie\u0144 tych farb wniesie do Twojego domu luksus, charakter i elegancj\u0119 \u2013 niezale\u017cnie od tego, czy jest to dawny czy nowy budynek. Aby lepiej pozna\u0107 ka\u017cdy z odcieni, zam\u00f3w nasz\u0105\u00a0 kart\u0119 kolor\u00f3w.<\/span><\/p>\n<p><span style=\"font-weight: 400\">S\u0105 to farby na bazie wody, maj\u0105 nisk\u0105 zawarto\u015b\u0107 lotnych zwi\u0105zk\u00f3w organicznych (LZO), posiadaj\u0105 certyfikat Toy Safe, ale s\u0105 odporne na ka\u017cde warunki. Farba \u015bcienna jest dost\u0119pna w wersji matowej z lekkim po\u0142yskiem, natomiast farba satynowa daje wytrzyma\u0142e, jedwabiste wyko\u0144czenie o \u015brednim po\u0142ysku i posiada w\u0142a\u015bciwo\u015bci samowyg\u0142adzania.<\/span><\/p>\n","protected":false},"featured_media":35826,"template":"","meta":{"_acf_changed":false,"_relevanssi_hide_post":"","_relevanssi_hide_content":"","_relevanssi_pin_for_all":"","_relevanssi_pin_keywords":"","_relevanssi_unpin_keywords":"","_relevanssi_related_keywords":"","_relevanssi_related_include_ids":"","_relevanssi_related_exclude_ids":"","_relevanssi_related_no_append":"","_relevanssi_related_not_related":"","_relevanssi_related_posts":"","_relevanssi_noindex_reason":""},"product_brand":[],"product_cat":[39,1187,40],"product_tag":[],"class_list":{"0":"post-34256","1":"product","2":"type-product","3":"status-publish","4":"has-post-thumbnail","6":"product_cat-farba-do-scian","7":"product_cat-farba-satynowa","8":"product_cat-karty-kolorow","10":"first","11":"outofstock","12":"sold-individually","13":"taxable","14":"shipping-taxable","15":"purchasable","16":"product-type-simple"},"acf":[],"yoast_head":"<!-- This site is optimized with the Yoast SEO Premium plugin v26.5 (Yoast SEO v26.5) - https:\/\/yoast.com\/wordpress\/plugins\/seo\/ -->\n<title>Karta kolor\u00f3w farb do \u015bcian Annie Sloan i farb satynowych | Annie Sloan<\/title>\n<meta name=\"description\" content=\"Zam\u00f3w nasz\u0105 kart\u0119 kolor\u00f3w, aby dok\u0142adniej pozna\u0107 ka\u017cdy, starannie wyselekcjonowany odcie\u0144 z gamy farby \u015bciennych i satynowych.\" \/>\n<meta name=\"robots\" content=\"index, follow, max-snippet:-1, max-image-preview:large, max-video-preview:-1\" \/>\n<link rel=\"canonical\" href=\"https:\/\/www.anniesloan.com\/pl\/produkt\/farba-do-scian\/wall-paint-colour-card\/\" \/>\n<meta property=\"og:locale\" content=\"pl_PL\" \/>\n<meta property=\"og:type\" content=\"article\" \/>\n<meta property=\"og:title\" content=\"Karta kolor\u00f3w farb \u015bciennych i satynowych\" \/>\n<meta property=\"og:description\" content=\"Zam\u00f3w nasz\u0105 kart\u0119 kolor\u00f3w, aby dok\u0142adniej pozna\u0107 ka\u017cdy, starannie wyselekcjonowany odcie\u0144 z gamy farby \u015bciennych i satynowych.\" \/>\n<meta property=\"og:url\" content=\"https:\/\/www.anniesloan.com\/pl\/produkt\/farba-do-scian\/wall-paint-colour-card\/\" \/>\n<meta property=\"og:site_name\" content=\"Annie Sloan PL\" \/>\n<meta property=\"article:modified_time\" content=\"2026-04-24T12:45:31+00:00\" \/>\n<meta property=\"og:image\" content=\"https:\/\/www.anniesloan.com\/pl\/wp-content\/uploads\/sites\/5\/2021\/09\/220043_Wall-Satin-Paint-Colour-Card_1280x1024_V1.jpg\" \/>\n\t<meta property=\"og:image:width\" content=\"1280\" \/>\n\t<meta property=\"og:image:height\" content=\"1024\" \/>\n\t<meta property=\"og:image:type\" content=\"image\/jpeg\" \/>\n<meta name=\"twitter:card\" content=\"summary_large_image\" \/>\n<meta name=\"twitter:label1\" content=\"Price\" \/>\n\t<meta name=\"twitter:data1\" content=\"&#122;&#322;0.00\" \/>\n\t<meta name=\"twitter:label2\" content=\"Availability\" \/>\n\t<meta name=\"twitter:data2\" content=\"Out of stock\" \/>\n<script type=\"application\/ld+json\" class=\"yoast-schema-graph\">{\"@context\":\"https:\/\/schema.org\",\"@graph\":[{\"@type\":\"WebPage\",\"@id\":\"https:\/\/www.anniesloan.com\/pl\/produkt\/farba-do-scian\/wall-paint-colour-card\/\",\"url\":\"https:\/\/www.anniesloan.com\/pl\/produkt\/farba-do-scian\/wall-paint-colour-card\/\",\"name\":\"Karta kolor\u00f3w farb do \u015bcian Annie Sloan i farb satynowych | Annie Sloan\",\"isPartOf\":{\"@id\":\"https:\/\/www.anniesloan.com\/pl\/#website\"},\"primaryImageOfPage\":{\"@id\":\"https:\/\/www.anniesloan.com\/pl\/produkt\/farba-do-scian\/wall-paint-colour-card\/#primaryimage\"},\"image\":{\"@id\":\"https:\/\/www.anniesloan.com\/pl\/produkt\/farba-do-scian\/wall-paint-colour-card\/#primaryimage\"},\"thumbnailUrl\":\"https:\/\/www.anniesloan.com\/pl\/wp-content\/uploads\/sites\/5\/2021\/09\/220043_Wall-Satin-Paint-Colour-Card_1280x1024_V1.jpg\",\"datePublished\":\"2021-09-24T12:26:40+00:00\",\"dateModified\":\"2026-04-24T12:45:31+00:00\",\"description\":\"Zam\u00f3w nasz\u0105 kart\u0119 kolor\u00f3w, aby dok\u0142adniej pozna\u0107 ka\u017cdy, starannie wyselekcjonowany odcie\u0144 z gamy farby \u015bciennych i satynowych.\",\"breadcrumb\":{\"@id\":\"https:\/\/www.anniesloan.com\/pl\/produkt\/farba-do-scian\/wall-paint-colour-card\/#breadcrumb\"},\"inLanguage\":\"pl-PL\",\"potentialAction\":[{\"@type\":\"ReadAction\",\"target\":[\"https:\/\/www.anniesloan.com\/pl\/produkt\/farba-do-scian\/wall-paint-colour-card\/\"]}]},{\"@type\":\"ImageObject\",\"inLanguage\":\"pl-PL\",\"@id\":\"https:\/\/www.anniesloan.com\/pl\/produkt\/farba-do-scian\/wall-paint-colour-card\/#primaryimage\",\"url\":\"https:\/\/www.anniesloan.com\/pl\/wp-content\/uploads\/sites\/5\/2021\/09\/220043_Wall-Satin-Paint-Colour-Card_1280x1024_V1.jpg\",\"contentUrl\":\"https:\/\/www.anniesloan.com\/pl\/wp-content\/uploads\/sites\/5\/2021\/09\/220043_Wall-Satin-Paint-Colour-Card_1280x1024_V1.jpg\",\"width\":1280,\"height\":1024,\"caption\":\"Annie Sloan Wall Paint & Satin Paint Colour Card\"},{\"@type\":\"BreadcrumbList\",\"@id\":\"https:\/\/www.anniesloan.com\/pl\/produkt\/farba-do-scian\/wall-paint-colour-card\/#breadcrumb\",\"itemListElement\":[{\"@type\":\"ListItem\",\"position\":1,\"name\":\"Produkty\",\"item\":\"https:\/\/www.anniesloan.com\/pl\/produkty\/\"},{\"@type\":\"ListItem\",\"position\":2,\"name\":\"Farba do \u015bcian\",\"item\":\"https:\/\/www.anniesloan.com\/pl\/produkty\/farba-do-scian\/\"},{\"@type\":\"ListItem\",\"position\":3,\"name\":\"Karta kolor\u00f3w farb \u015bciennych i satynowych\"}]},{\"@type\":\"WebSite\",\"@id\":\"https:\/\/www.anniesloan.com\/pl\/#website\",\"url\":\"https:\/\/www.anniesloan.com\/pl\/\",\"name\":\"Annie Sloan PL\",\"description\":\"Home of Chalk Paint\",\"potentialAction\":[{\"@type\":\"SearchAction\",\"target\":{\"@type\":\"EntryPoint\",\"urlTemplate\":\"https:\/\/www.anniesloan.com\/pl\/?s={search_term_string}\"},\"query-input\":{\"@type\":\"PropertyValueSpecification\",\"valueRequired\":true,\"valueName\":\"search_term_string\"}}],\"inLanguage\":\"pl-PL\"}]}<\/script>\n<meta property=\"product:price:amount\" content=\"0.00\" \/>\n<meta property=\"product:price:currency\" content=\"PLN\" \/>\n<meta property=\"og:availability\" content=\"out of stock\" \/>\n<meta property=\"product:availability\" content=\"out of stock\" \/>\n<meta property=\"product:retailer_item_id\" content=\"BWPC002.GB01.09\" \/>\n<meta property=\"product:condition\" content=\"new\" \/>\n<!-- \/ Yoast SEO Premium plugin. -->","yoast_head_json":{"title":"Karta kolor\u00f3w farb do \u015bcian Annie Sloan i farb satynowych | Annie Sloan","description":"Zam\u00f3w nasz\u0105 kart\u0119 kolor\u00f3w, aby dok\u0142adniej pozna\u0107 ka\u017cdy, starannie wyselekcjonowany odcie\u0144 z gamy farby \u015bciennych i satynowych.","robots":{"index":"index","follow":"follow","max-snippet":"max-snippet:-1","max-image-preview":"max-image-preview:large","max-video-preview":"max-video-preview:-1"},"canonical":"https:\/\/www.anniesloan.com\/pl\/produkt\/farba-do-scian\/wall-paint-colour-card\/","og_locale":"pl_PL","og_type":"article","og_title":"Karta kolor\u00f3w farb \u015bciennych i satynowych","og_description":"Zam\u00f3w nasz\u0105 kart\u0119 kolor\u00f3w, aby dok\u0142adniej pozna\u0107 ka\u017cdy, starannie wyselekcjonowany odcie\u0144 z gamy farby \u015bciennych i satynowych.","og_url":"https:\/\/www.anniesloan.com\/pl\/produkt\/farba-do-scian\/wall-paint-colour-card\/","og_site_name":"Annie Sloan PL","article_modified_time":"2026-04-24T12:45:31+00:00","og_image":[{"width":1280,"height":1024,"url":"https:\/\/www.anniesloan.com\/pl\/wp-content\/uploads\/sites\/5\/2021\/09\/220043_Wall-Satin-Paint-Colour-Card_1280x1024_V1.jpg","type":"image\/jpeg"}],"twitter_card":"summary_large_image","twitter_misc":{"Price":"&#122;&#322;0.00","Availability":"Out of stock"},"schema":{"@context":"https:\/\/schema.org","@graph":[{"@type":"WebPage","@id":"https:\/\/www.anniesloan.com\/pl\/produkt\/farba-do-scian\/wall-paint-colour-card\/","url":"https:\/\/www.anniesloan.com\/pl\/produkt\/farba-do-scian\/wall-paint-colour-card\/","name":"Karta kolor\u00f3w farb do \u015bcian Annie Sloan i farb satynowych | Annie Sloan","isPartOf":{"@id":"https:\/\/www.anniesloan.com\/pl\/#website"},"primaryImageOfPage":{"@id":"https:\/\/www.anniesloan.com\/pl\/produkt\/farba-do-scian\/wall-paint-colour-card\/#primaryimage"},"image":{"@id":"https:\/\/www.anniesloan.com\/pl\/produkt\/farba-do-scian\/wall-paint-colour-card\/#primaryimage"},"thumbnailUrl":"https:\/\/www.anniesloan.com\/pl\/wp-content\/uploads\/sites\/5\/2021\/09\/220043_Wall-Satin-Paint-Colour-Card_1280x1024_V1.jpg","datePublished":"2021-09-24T12:26:40+00:00","dateModified":"2026-04-24T12:45:31+00:00","description":"Zam\u00f3w nasz\u0105 kart\u0119 kolor\u00f3w, aby dok\u0142adniej pozna\u0107 ka\u017cdy, starannie wyselekcjonowany odcie\u0144 z gamy farby \u015bciennych i satynowych.","breadcrumb":{"@id":"https:\/\/www.anniesloan.com\/pl\/produkt\/farba-do-scian\/wall-paint-colour-card\/#breadcrumb"},"inLanguage":"pl-PL","potentialAction":[{"@type":"ReadAction","target":["https:\/\/www.anniesloan.com\/pl\/produkt\/farba-do-scian\/wall-paint-colour-card\/"]}]},{"@type":"ImageObject","inLanguage":"pl-PL","@id":"https:\/\/www.anniesloan.com\/pl\/produkt\/farba-do-scian\/wall-paint-colour-card\/#primaryimage","url":"https:\/\/www.anniesloan.com\/pl\/wp-content\/uploads\/sites\/5\/2021\/09\/220043_Wall-Satin-Paint-Colour-Card_1280x1024_V1.jpg","contentUrl":"https:\/\/www.anniesloan.com\/pl\/wp-content\/uploads\/sites\/5\/2021\/09\/220043_Wall-Satin-Paint-Colour-Card_1280x1024_V1.jpg","width":1280,"height":1024,"caption":"Annie Sloan Wall Paint & Satin Paint Colour Card"},{"@type":"BreadcrumbList","@id":"https:\/\/www.anniesloan.com\/pl\/produkt\/farba-do-scian\/wall-paint-colour-card\/#breadcrumb","itemListElement":[{"@type":"ListItem","position":1,"name":"Produkty","item":"https:\/\/www.anniesloan.com\/pl\/produkty\/"},{"@type":"ListItem","position":2,"name":"Farba do \u015bcian","item":"https:\/\/www.anniesloan.com\/pl\/produkty\/farba-do-scian\/"},{"@type":"ListItem","position":3,"name":"Karta kolor\u00f3w farb \u015bciennych i satynowych"}]},{"@type":"WebSite","@id":"https:\/\/www.anniesloan.com\/pl\/#website","url":"https:\/\/www.anniesloan.com\/pl\/","name":"Annie Sloan PL","description":"Home of Chalk Paint","potentialAction":[{"@type":"SearchAction","target":{"@type":"EntryPoint","urlTemplate":"https:\/\/www.anniesloan.com\/pl\/?s={search_term_string}"},"query-input":{"@type":"PropertyValueSpecification","valueRequired":true,"valueName":"search_term_string"}}],"inLanguage":"pl-PL"}]},"product_price_amount":"0.00","product_price_currency":"PLN","og_availability":"out of stock","product_availability":"out of stock","product_retailer_item_id":"BWPC002.GB01.09","product_condition":"new"},"_links":{"self":[{"href":"https:\/\/www.anniesloan.com\/pl\/wp-json\/wp\/v2\/product\/34256","targetHints":{"allow":["GET"]}}],"collection":[{"href":"https:\/\/www.anniesloan.com\/pl\/wp-json\/wp\/v2\/product"}],"about":[{"href":"https:\/\/www.anniesloan.com\/pl\/wp-json\/wp\/v2\/types\/product"}],"wp:featuredmedia":[{"embeddable":true,"href":"https:\/\/www.anniesloan.com\/pl\/wp-json\/wp\/v2\/media\/35826"}],"wp:attachment":[{"href":"https:\/\/www.anniesloan.com\/pl\/wp-json\/wp\/v2\/media?parent=34256"}],"wp:term":[{"taxonomy":"product_brand","embeddable":true,"href":"https:\/\/www.anniesloan.com\/pl\/wp-json\/wp\/v2\/product_brand?post=34256"},{"taxonomy":"product_cat","embeddable":true,"href":"https:\/\/www.anniesloan.com\/pl\/wp-json\/wp\/v2\/product_cat?post=34256"},{"taxonomy":"product_tag","embeddable":true,"href":"https:\/\/www.anniesloan.com\/pl\/wp-json\/wp\/v2\/product_tag?post=34256"}],"curies":[{"name":"wp","href":"https:\/\/api.w.org\/{rel}","templated":true}]}}