{"id":22120,"date":"2020-10-26T09:00:33","date_gmt":"2020-10-26T08:00:33","guid":{"rendered":"https:\/\/www.anniesloan.com\/product\/the-colourist-issue-five\/"},"modified":"2025-12-11T14:45:51","modified_gmt":"2025-12-11T13:45:51","slug":"the-colourist-wydanie-piec","status":"publish","type":"product","link":"https:\/\/www.anniesloan.com\/pl\/produkt\/ksiazki\/the-colourist-wydanie-piec\/","title":{"rendered":"The Colourist WYDANIE 5"},"content":{"rendered":"","protected":false},"excerpt":{"rendered":"<div class=\"[ c-ProductSingleDetail__description ] [ c-PageContent ]\">\n<p>Colourist to wyj\u0105tkowy Bookazine (redakcja jak w magazynie, brak reklam jak w ksi\u0105\u017cce), kt\u00f3rego celem jest dzielenie si\u0119 pasj\u0105 Annie Sloan do koloru. Jest to dwuletnia publikacja kolekcjonerska, kt\u00f3ra zawiera 132 starannie wyselekcjonowane strony oprawione w po\u017c\u0105dan\u0105 ok\u0142adk\u0119.<\/p>\n<p>5 numer Colourist skupia si\u0119 na tematyce gor\u0105co i pikantnie, oscyluj\u0105c wok\u00f3\u0142 radosnej palety Chalk Paint\u2122 w kolorach Barcelona Orange, Emperor\u2019s Silk i Antoinette i zawiera ekskluzywne zdj\u0119cia z podr\u00f3\u017cy Annie do Indii w styczniu 2020 r. Przedstawiono w nim tak\u017ce \u201e30 najlepszych wskaz\u00f3wek na 30 lat Chalk Paint\u2122\u201d, Wasze kreatywne projekty pope\u0142nione podczas lockdownu, domowe wycieczki, porady \u201ejak to zrobi\u0107\u201d, kobiety zmieniaj\u0105ce zawody i odrodzenie perkalu.<\/p>\n<p>Odkryj, jak arty\u015bci maluj\u0105cy meble inspirowali si\u0119 schematami kolor\u00f3w w stylu vintage i podr\u00f3\u017cuj po \u015bwiecie kolor\u00f3w \u2013 dos\u0142ownie i w przeno\u015bni \u2013 od rynk\u00f3w przypraw w Indiach po szwedzkie archipelagi.<\/p>\n<p>W tym wydaniu znajduje si\u0119 r\u00f3wnie\u017c plakat z palet\u0105 kolor\u00f3w inspirowany stylem vintage Cavallini, zaprojektowany przez Felixa Sloana.<\/p>\n<p>Sprawd\u017a dost\u0119pno\u015b\u0107 Colourist u swojego lokalnego sprzedawcy.<\/p>\n<\/div>\n","protected":false},"featured_media":22121,"template":"","meta":{"_acf_changed":false,"_relevanssi_hide_post":"","_relevanssi_hide_content":"","_relevanssi_pin_for_all":"","_relevanssi_pin_keywords":"","_relevanssi_unpin_keywords":"","_relevanssi_related_keywords":"","_relevanssi_related_include_ids":"","_relevanssi_related_exclude_ids":"","_relevanssi_related_no_append":"","_relevanssi_related_not_related":"","_relevanssi_related_posts":"","_relevanssi_noindex_reason":""},"product_brand":[],"product_cat":[66],"product_tag":[],"class_list":{"0":"post-22120","1":"product","2":"type-product","3":"status-publish","4":"has-post-thumbnail","6":"product_cat-ksiazki","8":"first","9":"instock","10":"taxable","11":"shipping-taxable","12":"purchasable","13":"product-type-simple"},"acf":[],"yoast_head":"<!-- This site is optimized with the Yoast SEO Premium plugin v26.5 (Yoast SEO v26.5) - https:\/\/yoast.com\/wordpress\/plugins\/seo\/ -->\n<title>The Colourist WYDANIE 5 - Ksi\u0105\u017cki | Annie Sloan PL<\/title>\n<meta name=\"description\" content=\"Tematem przewodnim Colourist nr 5 Annie Sloan jest gor\u0105co i pikantnie skupiaj\u0105cy si\u0119 na palecie Chalk Paint\u2122 w kolorach Barcelona Orange, Antoinette i Emperor&#039;s Silk.\" \/>\n<meta name=\"robots\" content=\"index, follow, max-snippet:-1, max-image-preview:large, max-video-preview:-1\" \/>\n<link rel=\"canonical\" href=\"https:\/\/www.anniesloan.com\/pl\/produkt\/ksiazki\/the-colourist-wydanie-piec\/\" \/>\n<meta property=\"og:locale\" content=\"pl_PL\" \/>\n<meta property=\"og:type\" content=\"article\" \/>\n<meta property=\"og:title\" content=\"The Colourist WYDANIE 5\" \/>\n<meta property=\"og:description\" content=\"Tematem przewodnim Colourist nr 5 Annie Sloan jest gor\u0105co i pikantnie skupiaj\u0105cy si\u0119 na palecie Chalk Paint\u2122 w kolorach Barcelona Orange, Antoinette i Emperor&#039;s Silk.\" \/>\n<meta property=\"og:url\" content=\"https:\/\/www.anniesloan.com\/pl\/produkt\/ksiazki\/the-colourist-wydanie-piec\/\" \/>\n<meta property=\"og:site_name\" content=\"Annie Sloan PL\" \/>\n<meta property=\"article:modified_time\" content=\"2025-12-11T13:45:51+00:00\" \/>\n<meta property=\"og:image\" content=\"https:\/\/www.anniesloan.com\/pl\/wp-content\/uploads\/sites\/5\/2021\/05\/The-Colourist-Issue-5-by-Annie-Sloan-front-cover-2500.jpg\" \/>\n\t<meta property=\"og:image:width\" content=\"1280\" \/>\n\t<meta property=\"og:image:height\" content=\"1024\" \/>\n\t<meta property=\"og:image:type\" content=\"image\/jpeg\" \/>\n<meta name=\"twitter:card\" content=\"summary_large_image\" \/>\n<meta name=\"twitter:label1\" content=\"Price\" \/>\n\t<meta name=\"twitter:data1\" content=\"&#122;&#322;75.00\" \/>\n\t<meta name=\"twitter:label2\" content=\"Availability\" \/>\n\t<meta name=\"twitter:data2\" content=\"In stock\" \/>\n<script type=\"application\/ld+json\" class=\"yoast-schema-graph\">{\"@context\":\"https:\/\/schema.org\",\"@graph\":[{\"@type\":\"WebPage\",\"@id\":\"https:\/\/www.anniesloan.com\/pl\/produkt\/ksiazki\/the-colourist-wydanie-piec\/\",\"url\":\"https:\/\/www.anniesloan.com\/pl\/produkt\/ksiazki\/the-colourist-wydanie-piec\/\",\"name\":\"The Colourist WYDANIE 5 - Ksi\u0105\u017cki | Annie Sloan PL\",\"isPartOf\":{\"@id\":\"https:\/\/www.anniesloan.com\/pl\/#website\"},\"primaryImageOfPage\":{\"@id\":\"https:\/\/www.anniesloan.com\/pl\/produkt\/ksiazki\/the-colourist-wydanie-piec\/#primaryimage\"},\"image\":{\"@id\":\"https:\/\/www.anniesloan.com\/pl\/produkt\/ksiazki\/the-colourist-wydanie-piec\/#primaryimage\"},\"thumbnailUrl\":\"https:\/\/www.anniesloan.com\/pl\/wp-content\/uploads\/sites\/5\/2021\/05\/The-Colourist-Issue-5-by-Annie-Sloan-front-cover-2500.jpg\",\"datePublished\":\"2020-10-26T08:00:33+00:00\",\"dateModified\":\"2025-12-11T13:45:51+00:00\",\"description\":\"Tematem przewodnim Colourist nr 5 Annie Sloan jest gor\u0105co i pikantnie skupiaj\u0105cy si\u0119 na palecie Chalk Paint\u2122 w kolorach Barcelona Orange, Antoinette i Emperor's Silk.\",\"breadcrumb\":{\"@id\":\"https:\/\/www.anniesloan.com\/pl\/produkt\/ksiazki\/the-colourist-wydanie-piec\/#breadcrumb\"},\"inLanguage\":\"pl-PL\",\"potentialAction\":[{\"@type\":\"ReadAction\",\"target\":[\"https:\/\/www.anniesloan.com\/pl\/produkt\/ksiazki\/the-colourist-wydanie-piec\/\"]}]},{\"@type\":\"ImageObject\",\"inLanguage\":\"pl-PL\",\"@id\":\"https:\/\/www.anniesloan.com\/pl\/produkt\/ksiazki\/the-colourist-wydanie-piec\/#primaryimage\",\"url\":\"https:\/\/www.anniesloan.com\/pl\/wp-content\/uploads\/sites\/5\/2021\/05\/The-Colourist-Issue-5-by-Annie-Sloan-front-cover-2500.jpg\",\"contentUrl\":\"https:\/\/www.anniesloan.com\/pl\/wp-content\/uploads\/sites\/5\/2021\/05\/The-Colourist-Issue-5-by-Annie-Sloan-front-cover-2500.jpg\",\"width\":1280,\"height\":1024,\"caption\":\"The Colourist Issue 5 by Annie Sloan front cover\"},{\"@type\":\"BreadcrumbList\",\"@id\":\"https:\/\/www.anniesloan.com\/pl\/produkt\/ksiazki\/the-colourist-wydanie-piec\/#breadcrumb\",\"itemListElement\":[{\"@type\":\"ListItem\",\"position\":1,\"name\":\"Produkty\",\"item\":\"https:\/\/www.anniesloan.com\/pl\/produkty\/\"},{\"@type\":\"ListItem\",\"position\":2,\"name\":\"Ksi\u0105\u017cki\",\"item\":\"https:\/\/www.anniesloan.com\/pl\/produkty\/ksiazki\/\"},{\"@type\":\"ListItem\",\"position\":3,\"name\":\"The Colourist WYDANIE 5\"}]},{\"@type\":\"WebSite\",\"@id\":\"https:\/\/www.anniesloan.com\/pl\/#website\",\"url\":\"https:\/\/www.anniesloan.com\/pl\/\",\"name\":\"Annie Sloan PL\",\"description\":\"Home of Chalk Paint\",\"potentialAction\":[{\"@type\":\"SearchAction\",\"target\":{\"@type\":\"EntryPoint\",\"urlTemplate\":\"https:\/\/www.anniesloan.com\/pl\/?s={search_term_string}\"},\"query-input\":{\"@type\":\"PropertyValueSpecification\",\"valueRequired\":true,\"valueName\":\"search_term_string\"}}],\"inLanguage\":\"pl-PL\"}]}<\/script>\n<meta property=\"product:price:amount\" content=\"75.00\" \/>\n<meta property=\"product:price:currency\" content=\"PLN\" \/>\n<meta property=\"og:availability\" content=\"instock\" \/>\n<meta property=\"product:availability\" content=\"instock\" \/>\n<meta property=\"product:retailer_item_id\" content=\"TCTB001.2001.10\" \/>\n<meta property=\"product:condition\" content=\"new\" \/>\n<!-- \/ Yoast SEO Premium plugin. -->","yoast_head_json":{"title":"The Colourist WYDANIE 5 - Ksi\u0105\u017cki | Annie Sloan PL","description":"Tematem przewodnim Colourist nr 5 Annie Sloan jest gor\u0105co i pikantnie skupiaj\u0105cy si\u0119 na palecie Chalk Paint\u2122 w kolorach Barcelona Orange, Antoinette i Emperor's Silk.","robots":{"index":"index","follow":"follow","max-snippet":"max-snippet:-1","max-image-preview":"max-image-preview:large","max-video-preview":"max-video-preview:-1"},"canonical":"https:\/\/www.anniesloan.com\/pl\/produkt\/ksiazki\/the-colourist-wydanie-piec\/","og_locale":"pl_PL","og_type":"article","og_title":"The Colourist WYDANIE 5","og_description":"Tematem przewodnim Colourist nr 5 Annie Sloan jest gor\u0105co i pikantnie skupiaj\u0105cy si\u0119 na palecie Chalk Paint\u2122 w kolorach Barcelona Orange, Antoinette i Emperor's Silk.","og_url":"https:\/\/www.anniesloan.com\/pl\/produkt\/ksiazki\/the-colourist-wydanie-piec\/","og_site_name":"Annie Sloan PL","article_modified_time":"2025-12-11T13:45:51+00:00","og_image":[{"width":1280,"height":1024,"url":"https:\/\/www.anniesloan.com\/pl\/wp-content\/uploads\/sites\/5\/2021\/05\/The-Colourist-Issue-5-by-Annie-Sloan-front-cover-2500.jpg","type":"image\/jpeg"}],"twitter_card":"summary_large_image","twitter_misc":{"Price":"&#122;&#322;75.00","Availability":"In stock"},"schema":{"@context":"https:\/\/schema.org","@graph":[{"@type":"WebPage","@id":"https:\/\/www.anniesloan.com\/pl\/produkt\/ksiazki\/the-colourist-wydanie-piec\/","url":"https:\/\/www.anniesloan.com\/pl\/produkt\/ksiazki\/the-colourist-wydanie-piec\/","name":"The Colourist WYDANIE 5 - Ksi\u0105\u017cki | Annie Sloan PL","isPartOf":{"@id":"https:\/\/www.anniesloan.com\/pl\/#website"},"primaryImageOfPage":{"@id":"https:\/\/www.anniesloan.com\/pl\/produkt\/ksiazki\/the-colourist-wydanie-piec\/#primaryimage"},"image":{"@id":"https:\/\/www.anniesloan.com\/pl\/produkt\/ksiazki\/the-colourist-wydanie-piec\/#primaryimage"},"thumbnailUrl":"https:\/\/www.anniesloan.com\/pl\/wp-content\/uploads\/sites\/5\/2021\/05\/The-Colourist-Issue-5-by-Annie-Sloan-front-cover-2500.jpg","datePublished":"2020-10-26T08:00:33+00:00","dateModified":"2025-12-11T13:45:51+00:00","description":"Tematem przewodnim Colourist nr 5 Annie Sloan jest gor\u0105co i pikantnie skupiaj\u0105cy si\u0119 na palecie Chalk Paint\u2122 w kolorach Barcelona Orange, Antoinette i Emperor's Silk.","breadcrumb":{"@id":"https:\/\/www.anniesloan.com\/pl\/produkt\/ksiazki\/the-colourist-wydanie-piec\/#breadcrumb"},"inLanguage":"pl-PL","potentialAction":[{"@type":"ReadAction","target":["https:\/\/www.anniesloan.com\/pl\/produkt\/ksiazki\/the-colourist-wydanie-piec\/"]}]},{"@type":"ImageObject","inLanguage":"pl-PL","@id":"https:\/\/www.anniesloan.com\/pl\/produkt\/ksiazki\/the-colourist-wydanie-piec\/#primaryimage","url":"https:\/\/www.anniesloan.com\/pl\/wp-content\/uploads\/sites\/5\/2021\/05\/The-Colourist-Issue-5-by-Annie-Sloan-front-cover-2500.jpg","contentUrl":"https:\/\/www.anniesloan.com\/pl\/wp-content\/uploads\/sites\/5\/2021\/05\/The-Colourist-Issue-5-by-Annie-Sloan-front-cover-2500.jpg","width":1280,"height":1024,"caption":"The Colourist Issue 5 by Annie Sloan front cover"},{"@type":"BreadcrumbList","@id":"https:\/\/www.anniesloan.com\/pl\/produkt\/ksiazki\/the-colourist-wydanie-piec\/#breadcrumb","itemListElement":[{"@type":"ListItem","position":1,"name":"Produkty","item":"https:\/\/www.anniesloan.com\/pl\/produkty\/"},{"@type":"ListItem","position":2,"name":"Ksi\u0105\u017cki","item":"https:\/\/www.anniesloan.com\/pl\/produkty\/ksiazki\/"},{"@type":"ListItem","position":3,"name":"The Colourist WYDANIE 5"}]},{"@type":"WebSite","@id":"https:\/\/www.anniesloan.com\/pl\/#website","url":"https:\/\/www.anniesloan.com\/pl\/","name":"Annie Sloan PL","description":"Home of Chalk Paint","potentialAction":[{"@type":"SearchAction","target":{"@type":"EntryPoint","urlTemplate":"https:\/\/www.anniesloan.com\/pl\/?s={search_term_string}"},"query-input":{"@type":"PropertyValueSpecification","valueRequired":true,"valueName":"search_term_string"}}],"inLanguage":"pl-PL"}]},"product_price_amount":"75.00","product_price_currency":"PLN","og_availability":"instock","product_availability":"instock","product_retailer_item_id":"TCTB001.2001.10","product_condition":"new"},"_links":{"self":[{"href":"https:\/\/www.anniesloan.com\/pl\/wp-json\/wp\/v2\/product\/22120","targetHints":{"allow":["GET"]}}],"collection":[{"href":"https:\/\/www.anniesloan.com\/pl\/wp-json\/wp\/v2\/product"}],"about":[{"href":"https:\/\/www.anniesloan.com\/pl\/wp-json\/wp\/v2\/types\/product"}],"wp:featuredmedia":[{"embeddable":true,"href":"https:\/\/www.anniesloan.com\/pl\/wp-json\/wp\/v2\/media\/22121"}],"wp:attachment":[{"href":"https:\/\/www.anniesloan.com\/pl\/wp-json\/wp\/v2\/media?parent=22120"}],"wp:term":[{"taxonomy":"product_brand","embeddable":true,"href":"https:\/\/www.anniesloan.com\/pl\/wp-json\/wp\/v2\/product_brand?post=22120"},{"taxonomy":"product_cat","embeddable":true,"href":"https:\/\/www.anniesloan.com\/pl\/wp-json\/wp\/v2\/product_cat?post=22120"},{"taxonomy":"product_tag","embeddable":true,"href":"https:\/\/www.anniesloan.com\/pl\/wp-json\/wp\/v2\/product_tag?post=22120"}],"curies":[{"name":"wp","href":"https:\/\/api.w.org\/{rel}","templated":true}]}}