{"id":21783,"date":"2020-02-10T11:12:33","date_gmt":"2020-02-10T10:12:33","guid":{"rendered":"https:\/\/www.anniesloan.com\/product\/quick-and-easy-paint-transformations\/"},"modified":"2026-01-23T12:45:27","modified_gmt":"2026-01-23T11:45:27","slug":"quick-and-easy-paint-transformations","status":"publish","type":"product","link":"https:\/\/www.anniesloan.com\/pl\/produkt\/upominki-i-zestawy\/quick-and-easy-paint-transformations\/","title":{"rendered":"Quick and Easy Paint Transformations"},"content":{"rendered":"","protected":false},"excerpt":{"rendered":"<div class=\"[ c-ProductSingleDetail__description ] [ c-PageContent ]\">\n<p>Trzymaj\u0105c t\u0119 ksi\u0105\u017ck\u0119 w jednej r\u0119ce, a p\u0119dzel w drugiej, nauczysz si\u0119, jak przy pomocy farby stworzy\u0107 r\u00f3\u017cne wyko\u0144czenia i efekty, aby przemieni\u0107 zwyczajne pomieszczenia i meble w co\u015b szczeg\u00f3lnego, a wszystko to za cen\u0119 puszki farby. Quick and Easy Paint Transformations zawiera 50 r\u00f3\u017cnych projekt\u00f3w, kt\u00f3re krok po kroku przedstawiaj\u0105 niezliczone techniki, takie jak colour washing (wymywanie koloru), przecieranie i postarzanie, efekty dekoracyjne z wykorzystaniem farby, malowanie z szablonem, drukowanie, lakierowanie i glazurowanie.<\/p>\n<p>Ksi\u0105\u017cka zosta\u0142a wydana przez CICO Books i zawiera inspiruj\u0105ce fotografie Christophera Drake\u2019a.<\/p>\n<\/div>\n","protected":false},"featured_media":21784,"template":"","meta":{"_acf_changed":false,"_relevanssi_hide_post":"","_relevanssi_hide_content":"","_relevanssi_pin_for_all":"","_relevanssi_pin_keywords":"","_relevanssi_unpin_keywords":"","_relevanssi_related_keywords":"","_relevanssi_related_include_ids":"","_relevanssi_related_exclude_ids":"","_relevanssi_related_no_append":"","_relevanssi_related_not_related":"","_relevanssi_related_posts":"","_relevanssi_noindex_reason":""},"product_brand":[],"product_cat":[65,66],"product_tag":[],"class_list":{"0":"post-21783","1":"product","2":"type-product","3":"status-publish","4":"has-post-thumbnail","6":"product_cat-upominki-i-zestawy","7":"product_cat-ksiazki","9":"first","10":"instock","11":"taxable","12":"shipping-taxable","13":"purchasable","14":"product-type-simple"},"acf":[],"yoast_head":"<!-- This site is optimized with the Yoast SEO Premium plugin v26.5 (Yoast SEO v26.5) - https:\/\/yoast.com\/wordpress\/plugins\/seo\/ -->\n<title>Quick and Easy Paint Transformations - Ksi\u0105\u017cki - Annie Sloan PL<\/title>\n<meta name=\"description\" content=\"Ksi\u0105\u017cka \u201eQuick and Easy Paint Transformations\u201d przedstawia krok po kroku 50 r\u00f3\u017cnych projekt\u00f3w dzi\u0119ki kt\u00f3rym nauczysz si\u0119 jak uzyska\u0107 r\u00f3\u017cne wyko\u0144czenia i efekty.\" \/>\n<meta name=\"robots\" content=\"index, follow, max-snippet:-1, max-image-preview:large, max-video-preview:-1\" \/>\n<link rel=\"canonical\" href=\"https:\/\/www.anniesloan.com\/pl\/produkt\/upominki-i-zestawy\/quick-and-easy-paint-transformations\/\" \/>\n<meta property=\"og:locale\" content=\"pl_PL\" \/>\n<meta property=\"og:type\" content=\"article\" \/>\n<meta property=\"og:title\" content=\"Quick and Easy Paint Transformations\" \/>\n<meta property=\"og:description\" content=\"Ksi\u0105\u017cka \u201eQuick and Easy Paint Transformations\u201d przedstawia krok po kroku 50 r\u00f3\u017cnych projekt\u00f3w dzi\u0119ki kt\u00f3rym nauczysz si\u0119 jak uzyska\u0107 r\u00f3\u017cne wyko\u0144czenia i efekty.\" \/>\n<meta property=\"og:url\" content=\"https:\/\/www.anniesloan.com\/pl\/produkt\/upominki-i-zestawy\/quick-and-easy-paint-transformations\/\" \/>\n<meta property=\"og:site_name\" content=\"Annie Sloan PL\" \/>\n<meta property=\"article:modified_time\" content=\"2026-01-23T11:45:27+00:00\" \/>\n<meta property=\"og:image\" content=\"https:\/\/www.anniesloan.com\/pl\/wp-content\/uploads\/sites\/5\/2021\/05\/Quick-and-Easy-Paint-Transformations-by-Annie-Sloan-book-published-by-Cico-front-cover-2500.jpg\" \/>\n\t<meta property=\"og:image:width\" content=\"1280\" \/>\n\t<meta property=\"og:image:height\" content=\"1024\" \/>\n\t<meta property=\"og:image:type\" content=\"image\/jpeg\" \/>\n<meta name=\"twitter:card\" content=\"summary_large_image\" \/>\n<meta name=\"twitter:label1\" content=\"Price\" \/>\n\t<meta name=\"twitter:data1\" content=\"&#122;&#322;94.00\" \/>\n\t<meta name=\"twitter:label2\" content=\"Availability\" \/>\n\t<meta name=\"twitter:data2\" content=\"In stock\" \/>\n<script type=\"application\/ld+json\" class=\"yoast-schema-graph\">{\"@context\":\"https:\/\/schema.org\",\"@graph\":[{\"@type\":\"WebPage\",\"@id\":\"https:\/\/www.anniesloan.com\/pl\/produkt\/upominki-i-zestawy\/quick-and-easy-paint-transformations\/\",\"url\":\"https:\/\/www.anniesloan.com\/pl\/produkt\/upominki-i-zestawy\/quick-and-easy-paint-transformations\/\",\"name\":\"Quick and Easy Paint Transformations - Ksi\u0105\u017cki - Annie Sloan PL\",\"isPartOf\":{\"@id\":\"https:\/\/www.anniesloan.com\/pl\/#website\"},\"primaryImageOfPage\":{\"@id\":\"https:\/\/www.anniesloan.com\/pl\/produkt\/upominki-i-zestawy\/quick-and-easy-paint-transformations\/#primaryimage\"},\"image\":{\"@id\":\"https:\/\/www.anniesloan.com\/pl\/produkt\/upominki-i-zestawy\/quick-and-easy-paint-transformations\/#primaryimage\"},\"thumbnailUrl\":\"https:\/\/www.anniesloan.com\/pl\/wp-content\/uploads\/sites\/5\/2021\/05\/Quick-and-Easy-Paint-Transformations-by-Annie-Sloan-book-published-by-Cico-front-cover-2500.jpg\",\"datePublished\":\"2020-02-10T10:12:33+00:00\",\"dateModified\":\"2026-01-23T11:45:27+00:00\",\"description\":\"Ksi\u0105\u017cka \u201eQuick and Easy Paint Transformations\u201d przedstawia krok po kroku 50 r\u00f3\u017cnych projekt\u00f3w dzi\u0119ki kt\u00f3rym nauczysz si\u0119 jak uzyska\u0107 r\u00f3\u017cne wyko\u0144czenia i efekty.\",\"breadcrumb\":{\"@id\":\"https:\/\/www.anniesloan.com\/pl\/produkt\/upominki-i-zestawy\/quick-and-easy-paint-transformations\/#breadcrumb\"},\"inLanguage\":\"pl-PL\",\"potentialAction\":[{\"@type\":\"ReadAction\",\"target\":[\"https:\/\/www.anniesloan.com\/pl\/produkt\/upominki-i-zestawy\/quick-and-easy-paint-transformations\/\"]}]},{\"@type\":\"ImageObject\",\"inLanguage\":\"pl-PL\",\"@id\":\"https:\/\/www.anniesloan.com\/pl\/produkt\/upominki-i-zestawy\/quick-and-easy-paint-transformations\/#primaryimage\",\"url\":\"https:\/\/www.anniesloan.com\/pl\/wp-content\/uploads\/sites\/5\/2021\/05\/Quick-and-Easy-Paint-Transformations-by-Annie-Sloan-book-published-by-Cico-front-cover-2500.jpg\",\"contentUrl\":\"https:\/\/www.anniesloan.com\/pl\/wp-content\/uploads\/sites\/5\/2021\/05\/Quick-and-Easy-Paint-Transformations-by-Annie-Sloan-book-published-by-Cico-front-cover-2500.jpg\",\"width\":1280,\"height\":1024,\"caption\":\"Quick and Easy Paint Transformations by Annie Sloan book published by Cico front cover\"},{\"@type\":\"BreadcrumbList\",\"@id\":\"https:\/\/www.anniesloan.com\/pl\/produkt\/upominki-i-zestawy\/quick-and-easy-paint-transformations\/#breadcrumb\",\"itemListElement\":[{\"@type\":\"ListItem\",\"position\":1,\"name\":\"Produkty\",\"item\":\"https:\/\/www.anniesloan.com\/pl\/produkty\/\"},{\"@type\":\"ListItem\",\"position\":2,\"name\":\"Upominki i Zestawy\",\"item\":\"https:\/\/www.anniesloan.com\/pl\/produkty\/upominki-i-zestawy\/\"},{\"@type\":\"ListItem\",\"position\":3,\"name\":\"Quick and Easy Paint Transformations\"}]},{\"@type\":\"WebSite\",\"@id\":\"https:\/\/www.anniesloan.com\/pl\/#website\",\"url\":\"https:\/\/www.anniesloan.com\/pl\/\",\"name\":\"Annie Sloan PL\",\"description\":\"Home of Chalk Paint\",\"potentialAction\":[{\"@type\":\"SearchAction\",\"target\":{\"@type\":\"EntryPoint\",\"urlTemplate\":\"https:\/\/www.anniesloan.com\/pl\/?s={search_term_string}\"},\"query-input\":{\"@type\":\"PropertyValueSpecification\",\"valueRequired\":true,\"valueName\":\"search_term_string\"}}],\"inLanguage\":\"pl-PL\"}]}<\/script>\n<meta property=\"product:price:amount\" content=\"94.00\" \/>\n<meta property=\"product:price:currency\" content=\"PLN\" \/>\n<meta property=\"og:availability\" content=\"instock\" \/>\n<meta property=\"product:availability\" content=\"instock\" \/>\n<meta property=\"product:retailer_item_id\" content=\"BTRN053.GB01.01\" \/>\n<meta property=\"product:condition\" content=\"new\" \/>\n<!-- \/ Yoast SEO Premium plugin. -->","yoast_head_json":{"title":"Quick and Easy Paint Transformations - Ksi\u0105\u017cki - Annie Sloan PL","description":"Ksi\u0105\u017cka \u201eQuick and Easy Paint Transformations\u201d przedstawia krok po kroku 50 r\u00f3\u017cnych projekt\u00f3w dzi\u0119ki kt\u00f3rym nauczysz si\u0119 jak uzyska\u0107 r\u00f3\u017cne wyko\u0144czenia i efekty.","robots":{"index":"index","follow":"follow","max-snippet":"max-snippet:-1","max-image-preview":"max-image-preview:large","max-video-preview":"max-video-preview:-1"},"canonical":"https:\/\/www.anniesloan.com\/pl\/produkt\/upominki-i-zestawy\/quick-and-easy-paint-transformations\/","og_locale":"pl_PL","og_type":"article","og_title":"Quick and Easy Paint Transformations","og_description":"Ksi\u0105\u017cka \u201eQuick and Easy Paint Transformations\u201d przedstawia krok po kroku 50 r\u00f3\u017cnych projekt\u00f3w dzi\u0119ki kt\u00f3rym nauczysz si\u0119 jak uzyska\u0107 r\u00f3\u017cne wyko\u0144czenia i efekty.","og_url":"https:\/\/www.anniesloan.com\/pl\/produkt\/upominki-i-zestawy\/quick-and-easy-paint-transformations\/","og_site_name":"Annie Sloan PL","article_modified_time":"2026-01-23T11:45:27+00:00","og_image":[{"width":1280,"height":1024,"url":"https:\/\/www.anniesloan.com\/pl\/wp-content\/uploads\/sites\/5\/2021\/05\/Quick-and-Easy-Paint-Transformations-by-Annie-Sloan-book-published-by-Cico-front-cover-2500.jpg","type":"image\/jpeg"}],"twitter_card":"summary_large_image","twitter_misc":{"Price":"&#122;&#322;94.00","Availability":"In stock"},"schema":{"@context":"https:\/\/schema.org","@graph":[{"@type":"WebPage","@id":"https:\/\/www.anniesloan.com\/pl\/produkt\/upominki-i-zestawy\/quick-and-easy-paint-transformations\/","url":"https:\/\/www.anniesloan.com\/pl\/produkt\/upominki-i-zestawy\/quick-and-easy-paint-transformations\/","name":"Quick and Easy Paint Transformations - Ksi\u0105\u017cki - Annie Sloan PL","isPartOf":{"@id":"https:\/\/www.anniesloan.com\/pl\/#website"},"primaryImageOfPage":{"@id":"https:\/\/www.anniesloan.com\/pl\/produkt\/upominki-i-zestawy\/quick-and-easy-paint-transformations\/#primaryimage"},"image":{"@id":"https:\/\/www.anniesloan.com\/pl\/produkt\/upominki-i-zestawy\/quick-and-easy-paint-transformations\/#primaryimage"},"thumbnailUrl":"https:\/\/www.anniesloan.com\/pl\/wp-content\/uploads\/sites\/5\/2021\/05\/Quick-and-Easy-Paint-Transformations-by-Annie-Sloan-book-published-by-Cico-front-cover-2500.jpg","datePublished":"2020-02-10T10:12:33+00:00","dateModified":"2026-01-23T11:45:27+00:00","description":"Ksi\u0105\u017cka \u201eQuick and Easy Paint Transformations\u201d przedstawia krok po kroku 50 r\u00f3\u017cnych projekt\u00f3w dzi\u0119ki kt\u00f3rym nauczysz si\u0119 jak uzyska\u0107 r\u00f3\u017cne wyko\u0144czenia i efekty.","breadcrumb":{"@id":"https:\/\/www.anniesloan.com\/pl\/produkt\/upominki-i-zestawy\/quick-and-easy-paint-transformations\/#breadcrumb"},"inLanguage":"pl-PL","potentialAction":[{"@type":"ReadAction","target":["https:\/\/www.anniesloan.com\/pl\/produkt\/upominki-i-zestawy\/quick-and-easy-paint-transformations\/"]}]},{"@type":"ImageObject","inLanguage":"pl-PL","@id":"https:\/\/www.anniesloan.com\/pl\/produkt\/upominki-i-zestawy\/quick-and-easy-paint-transformations\/#primaryimage","url":"https:\/\/www.anniesloan.com\/pl\/wp-content\/uploads\/sites\/5\/2021\/05\/Quick-and-Easy-Paint-Transformations-by-Annie-Sloan-book-published-by-Cico-front-cover-2500.jpg","contentUrl":"https:\/\/www.anniesloan.com\/pl\/wp-content\/uploads\/sites\/5\/2021\/05\/Quick-and-Easy-Paint-Transformations-by-Annie-Sloan-book-published-by-Cico-front-cover-2500.jpg","width":1280,"height":1024,"caption":"Quick and Easy Paint Transformations by Annie Sloan book published by Cico front cover"},{"@type":"BreadcrumbList","@id":"https:\/\/www.anniesloan.com\/pl\/produkt\/upominki-i-zestawy\/quick-and-easy-paint-transformations\/#breadcrumb","itemListElement":[{"@type":"ListItem","position":1,"name":"Produkty","item":"https:\/\/www.anniesloan.com\/pl\/produkty\/"},{"@type":"ListItem","position":2,"name":"Upominki i Zestawy","item":"https:\/\/www.anniesloan.com\/pl\/produkty\/upominki-i-zestawy\/"},{"@type":"ListItem","position":3,"name":"Quick and Easy Paint Transformations"}]},{"@type":"WebSite","@id":"https:\/\/www.anniesloan.com\/pl\/#website","url":"https:\/\/www.anniesloan.com\/pl\/","name":"Annie Sloan PL","description":"Home of Chalk Paint","potentialAction":[{"@type":"SearchAction","target":{"@type":"EntryPoint","urlTemplate":"https:\/\/www.anniesloan.com\/pl\/?s={search_term_string}"},"query-input":{"@type":"PropertyValueSpecification","valueRequired":true,"valueName":"search_term_string"}}],"inLanguage":"pl-PL"}]},"product_price_amount":"94.00","product_price_currency":"PLN","og_availability":"instock","product_availability":"instock","product_retailer_item_id":"BTRN053.GB01.01","product_condition":"new"},"_links":{"self":[{"href":"https:\/\/www.anniesloan.com\/pl\/wp-json\/wp\/v2\/product\/21783","targetHints":{"allow":["GET"]}}],"collection":[{"href":"https:\/\/www.anniesloan.com\/pl\/wp-json\/wp\/v2\/product"}],"about":[{"href":"https:\/\/www.anniesloan.com\/pl\/wp-json\/wp\/v2\/types\/product"}],"wp:featuredmedia":[{"embeddable":true,"href":"https:\/\/www.anniesloan.com\/pl\/wp-json\/wp\/v2\/media\/21784"}],"wp:attachment":[{"href":"https:\/\/www.anniesloan.com\/pl\/wp-json\/wp\/v2\/media?parent=21783"}],"wp:term":[{"taxonomy":"product_brand","embeddable":true,"href":"https:\/\/www.anniesloan.com\/pl\/wp-json\/wp\/v2\/product_brand?post=21783"},{"taxonomy":"product_cat","embeddable":true,"href":"https:\/\/www.anniesloan.com\/pl\/wp-json\/wp\/v2\/product_cat?post=21783"},{"taxonomy":"product_tag","embeddable":true,"href":"https:\/\/www.anniesloan.com\/pl\/wp-json\/wp\/v2\/product_tag?post=21783"}],"curies":[{"name":"wp","href":"https:\/\/api.w.org\/{rel}","templated":true}]}}