{"id":21732,"date":"2020-02-10T11:12:33","date_gmt":"2020-02-10T10:12:33","guid":{"rendered":"https:\/\/www.anniesloan.com\/product\/colour-recipes-spanish\/"},"modified":"2024-12-02T16:36:01","modified_gmt":"2024-12-02T15:36:01","slug":"colour-recipes-spanish","status":"publish","type":"product","link":"https:\/\/www.anniesloan.com\/pl\/produkt\/ksiazki\/colour-recipes-spanish\/","title":{"rendered":"Colour Recipes &#8211; Spanish"},"content":{"rendered":"","protected":false},"excerpt":{"rendered":"<h3>Recetas de Colour para Mobiliario Pintado<\/h3>\n<p>Annie Sloan\u2019s renowned book Colour Recipes for Painted Furniture and more, translated in Spanish.<\/p>\n<p>Una nueva colecci\u00f3n de 40 proyectos paso a paso de la leyenda de la pintura Annie Sloan. Una amplia gama de ideas que incluye desde c\u00f3mo pintar mesas y sillas, marcos de cama y c\u00f3modas, hasta techos, suelos y puertas. Aprende c\u00f3mo pintar, dorar, encerar, te\u00f1ir, estarcir, imprimir y estampar.<\/p>\n<p>Published by CICO Books with commissioned photography by Christopher Drake.<\/p>\n","protected":false},"featured_media":21733,"template":"","meta":{"_acf_changed":false,"_relevanssi_hide_post":"","_relevanssi_hide_content":"","_relevanssi_pin_for_all":"","_relevanssi_pin_keywords":"","_relevanssi_unpin_keywords":"","_relevanssi_related_keywords":"","_relevanssi_related_include_ids":"","_relevanssi_related_exclude_ids":"","_relevanssi_related_no_append":"","_relevanssi_related_not_related":"","_relevanssi_related_posts":"","_relevanssi_noindex_reason":""},"product_brand":[],"product_cat":[66],"product_tag":[],"class_list":{"0":"post-21732","1":"product","2":"type-product","3":"status-publish","4":"has-post-thumbnail","6":"product_cat-ksiazki","8":"first","9":"instock","10":"taxable","11":"shipping-taxable","12":"purchasable","13":"product-type-simple"},"acf":[],"yoast_head":"<!-- This site is optimized with the Yoast SEO Premium plugin v26.5 (Yoast SEO v26.5) - https:\/\/yoast.com\/wordpress\/plugins\/seo\/ -->\n<title>Colour Recipes - Spanish - Annie Sloan PL<\/title>\n<meta name=\"robots\" content=\"index, follow, max-snippet:-1, max-image-preview:large, max-video-preview:-1\" \/>\n<link rel=\"canonical\" href=\"https:\/\/www.anniesloan.com\/pl\/produkt\/ksiazki\/colour-recipes-spanish\/\" \/>\n<meta property=\"og:locale\" content=\"pl_PL\" \/>\n<meta property=\"og:type\" content=\"article\" \/>\n<meta property=\"og:title\" content=\"Colour Recipes - Spanish\" \/>\n<meta property=\"og:description\" content=\"Recetas de Colour para Mobiliario Pintado Annie Sloan\u2019s renowned book Colour Recipes for Painted Furniture and more, translated in Spanish.  Una nueva colecci\u00f3n de 40 proyectos paso a paso de la leyenda de la pintura Annie Sloan. Una amplia gama de ideas que incluye desde c\u00f3mo pintar mesas y sillas, marcos de cama y c\u00f3modas, hasta techos, suelos y puertas. Aprende c\u00f3mo pintar, dorar, encerar, te\u00f1ir, estarcir, imprimir y estampar.  Published by CICO Books with commissioned photography by Christopher Drake.\" \/>\n<meta property=\"og:url\" content=\"https:\/\/www.anniesloan.com\/pl\/produkt\/ksiazki\/colour-recipes-spanish\/\" \/>\n<meta property=\"og:site_name\" content=\"Annie Sloan PL\" \/>\n<meta property=\"article:modified_time\" content=\"2024-12-02T15:36:01+00:00\" \/>\n<meta property=\"og:image\" content=\"https:\/\/www.anniesloan.com\/pl\/wp-content\/uploads\/sites\/5\/2021\/05\/Colour-Recipes-for-Painted-Furniture-and-More-by-Annie-Sloan-book-published-by-Cico-front-cover-Spanish-thumb-2000.jpg\" \/>\n\t<meta property=\"og:image:width\" content=\"1280\" \/>\n\t<meta property=\"og:image:height\" content=\"1024\" \/>\n\t<meta property=\"og:image:type\" content=\"image\/jpeg\" \/>\n<meta name=\"twitter:card\" content=\"summary_large_image\" \/>\n<meta name=\"twitter:label1\" content=\"Price\" \/>\n\t<meta name=\"twitter:data1\" content=\"&#122;&#322;94.00\" \/>\n\t<meta name=\"twitter:label2\" content=\"Availability\" \/>\n\t<meta name=\"twitter:data2\" content=\"In stock\" \/>\n<script type=\"application\/ld+json\" class=\"yoast-schema-graph\">{\"@context\":\"https:\/\/schema.org\",\"@graph\":[{\"@type\":\"WebPage\",\"@id\":\"https:\/\/www.anniesloan.com\/pl\/produkt\/ksiazki\/colour-recipes-spanish\/\",\"url\":\"https:\/\/www.anniesloan.com\/pl\/produkt\/ksiazki\/colour-recipes-spanish\/\",\"name\":\"Colour Recipes - Spanish - Annie Sloan PL\",\"isPartOf\":{\"@id\":\"https:\/\/www.anniesloan.com\/pl\/#website\"},\"primaryImageOfPage\":{\"@id\":\"https:\/\/www.anniesloan.com\/pl\/produkt\/ksiazki\/colour-recipes-spanish\/#primaryimage\"},\"image\":{\"@id\":\"https:\/\/www.anniesloan.com\/pl\/produkt\/ksiazki\/colour-recipes-spanish\/#primaryimage\"},\"thumbnailUrl\":\"https:\/\/www.anniesloan.com\/pl\/wp-content\/uploads\/sites\/5\/2021\/05\/Colour-Recipes-for-Painted-Furniture-and-More-by-Annie-Sloan-book-published-by-Cico-front-cover-Spanish-thumb-2000.jpg\",\"datePublished\":\"2020-02-10T10:12:33+00:00\",\"dateModified\":\"2024-12-02T15:36:01+00:00\",\"breadcrumb\":{\"@id\":\"https:\/\/www.anniesloan.com\/pl\/produkt\/ksiazki\/colour-recipes-spanish\/#breadcrumb\"},\"inLanguage\":\"pl-PL\",\"potentialAction\":[{\"@type\":\"ReadAction\",\"target\":[\"https:\/\/www.anniesloan.com\/pl\/produkt\/ksiazki\/colour-recipes-spanish\/\"]}]},{\"@type\":\"ImageObject\",\"inLanguage\":\"pl-PL\",\"@id\":\"https:\/\/www.anniesloan.com\/pl\/produkt\/ksiazki\/colour-recipes-spanish\/#primaryimage\",\"url\":\"https:\/\/www.anniesloan.com\/pl\/wp-content\/uploads\/sites\/5\/2021\/05\/Colour-Recipes-for-Painted-Furniture-and-More-by-Annie-Sloan-book-published-by-Cico-front-cover-Spanish-thumb-2000.jpg\",\"contentUrl\":\"https:\/\/www.anniesloan.com\/pl\/wp-content\/uploads\/sites\/5\/2021\/05\/Colour-Recipes-for-Painted-Furniture-and-More-by-Annie-Sloan-book-published-by-Cico-front-cover-Spanish-thumb-2000.jpg\",\"width\":1280,\"height\":1024,\"caption\":\"Colour Recipes for Painted Furniture and More by Annie Sloan book published by Cico front cover translated to Spanish\"},{\"@type\":\"BreadcrumbList\",\"@id\":\"https:\/\/www.anniesloan.com\/pl\/produkt\/ksiazki\/colour-recipes-spanish\/#breadcrumb\",\"itemListElement\":[{\"@type\":\"ListItem\",\"position\":1,\"name\":\"Produkty\",\"item\":\"https:\/\/www.anniesloan.com\/pl\/produkty\/\"},{\"@type\":\"ListItem\",\"position\":2,\"name\":\"Ksi\u0105\u017cki\",\"item\":\"https:\/\/www.anniesloan.com\/pl\/produkty\/ksiazki\/\"},{\"@type\":\"ListItem\",\"position\":3,\"name\":\"Colour Recipes &#8211; Spanish\"}]},{\"@type\":\"WebSite\",\"@id\":\"https:\/\/www.anniesloan.com\/pl\/#website\",\"url\":\"https:\/\/www.anniesloan.com\/pl\/\",\"name\":\"Annie Sloan PL\",\"description\":\"Home of Chalk Paint\",\"potentialAction\":[{\"@type\":\"SearchAction\",\"target\":{\"@type\":\"EntryPoint\",\"urlTemplate\":\"https:\/\/www.anniesloan.com\/pl\/?s={search_term_string}\"},\"query-input\":{\"@type\":\"PropertyValueSpecification\",\"valueRequired\":true,\"valueName\":\"search_term_string\"}}],\"inLanguage\":\"pl-PL\"}]}<\/script>\n<meta property=\"product:price:amount\" content=\"94.00\" \/>\n<meta property=\"product:price:currency\" content=\"PLN\" \/>\n<meta property=\"og:availability\" content=\"instock\" \/>\n<meta property=\"product:availability\" content=\"instock\" \/>\n<meta property=\"product:retailer_item_id\" content=\"BREC051.SP01.01\" \/>\n<meta property=\"product:condition\" content=\"new\" \/>\n<!-- \/ Yoast SEO Premium plugin. -->","yoast_head_json":{"title":"Colour Recipes - Spanish - Annie Sloan PL","robots":{"index":"index","follow":"follow","max-snippet":"max-snippet:-1","max-image-preview":"max-image-preview:large","max-video-preview":"max-video-preview:-1"},"canonical":"https:\/\/www.anniesloan.com\/pl\/produkt\/ksiazki\/colour-recipes-spanish\/","og_locale":"pl_PL","og_type":"article","og_title":"Colour Recipes - Spanish","og_description":"Recetas de Colour para Mobiliario Pintado Annie Sloan\u2019s renowned book Colour Recipes for Painted Furniture and more, translated in Spanish.  Una nueva colecci\u00f3n de 40 proyectos paso a paso de la leyenda de la pintura Annie Sloan. Una amplia gama de ideas que incluye desde c\u00f3mo pintar mesas y sillas, marcos de cama y c\u00f3modas, hasta techos, suelos y puertas. Aprende c\u00f3mo pintar, dorar, encerar, te\u00f1ir, estarcir, imprimir y estampar.  Published by CICO Books with commissioned photography by Christopher Drake.","og_url":"https:\/\/www.anniesloan.com\/pl\/produkt\/ksiazki\/colour-recipes-spanish\/","og_site_name":"Annie Sloan PL","article_modified_time":"2024-12-02T15:36:01+00:00","og_image":[{"width":1280,"height":1024,"url":"https:\/\/www.anniesloan.com\/pl\/wp-content\/uploads\/sites\/5\/2021\/05\/Colour-Recipes-for-Painted-Furniture-and-More-by-Annie-Sloan-book-published-by-Cico-front-cover-Spanish-thumb-2000.jpg","type":"image\/jpeg"}],"twitter_card":"summary_large_image","twitter_misc":{"Price":"&#122;&#322;94.00","Availability":"In stock"},"schema":{"@context":"https:\/\/schema.org","@graph":[{"@type":"WebPage","@id":"https:\/\/www.anniesloan.com\/pl\/produkt\/ksiazki\/colour-recipes-spanish\/","url":"https:\/\/www.anniesloan.com\/pl\/produkt\/ksiazki\/colour-recipes-spanish\/","name":"Colour Recipes - Spanish - Annie Sloan PL","isPartOf":{"@id":"https:\/\/www.anniesloan.com\/pl\/#website"},"primaryImageOfPage":{"@id":"https:\/\/www.anniesloan.com\/pl\/produkt\/ksiazki\/colour-recipes-spanish\/#primaryimage"},"image":{"@id":"https:\/\/www.anniesloan.com\/pl\/produkt\/ksiazki\/colour-recipes-spanish\/#primaryimage"},"thumbnailUrl":"https:\/\/www.anniesloan.com\/pl\/wp-content\/uploads\/sites\/5\/2021\/05\/Colour-Recipes-for-Painted-Furniture-and-More-by-Annie-Sloan-book-published-by-Cico-front-cover-Spanish-thumb-2000.jpg","datePublished":"2020-02-10T10:12:33+00:00","dateModified":"2024-12-02T15:36:01+00:00","breadcrumb":{"@id":"https:\/\/www.anniesloan.com\/pl\/produkt\/ksiazki\/colour-recipes-spanish\/#breadcrumb"},"inLanguage":"pl-PL","potentialAction":[{"@type":"ReadAction","target":["https:\/\/www.anniesloan.com\/pl\/produkt\/ksiazki\/colour-recipes-spanish\/"]}]},{"@type":"ImageObject","inLanguage":"pl-PL","@id":"https:\/\/www.anniesloan.com\/pl\/produkt\/ksiazki\/colour-recipes-spanish\/#primaryimage","url":"https:\/\/www.anniesloan.com\/pl\/wp-content\/uploads\/sites\/5\/2021\/05\/Colour-Recipes-for-Painted-Furniture-and-More-by-Annie-Sloan-book-published-by-Cico-front-cover-Spanish-thumb-2000.jpg","contentUrl":"https:\/\/www.anniesloan.com\/pl\/wp-content\/uploads\/sites\/5\/2021\/05\/Colour-Recipes-for-Painted-Furniture-and-More-by-Annie-Sloan-book-published-by-Cico-front-cover-Spanish-thumb-2000.jpg","width":1280,"height":1024,"caption":"Colour Recipes for Painted Furniture and More by Annie Sloan book published by Cico front cover translated to Spanish"},{"@type":"BreadcrumbList","@id":"https:\/\/www.anniesloan.com\/pl\/produkt\/ksiazki\/colour-recipes-spanish\/#breadcrumb","itemListElement":[{"@type":"ListItem","position":1,"name":"Produkty","item":"https:\/\/www.anniesloan.com\/pl\/produkty\/"},{"@type":"ListItem","position":2,"name":"Ksi\u0105\u017cki","item":"https:\/\/www.anniesloan.com\/pl\/produkty\/ksiazki\/"},{"@type":"ListItem","position":3,"name":"Colour Recipes &#8211; Spanish"}]},{"@type":"WebSite","@id":"https:\/\/www.anniesloan.com\/pl\/#website","url":"https:\/\/www.anniesloan.com\/pl\/","name":"Annie Sloan PL","description":"Home of Chalk Paint","potentialAction":[{"@type":"SearchAction","target":{"@type":"EntryPoint","urlTemplate":"https:\/\/www.anniesloan.com\/pl\/?s={search_term_string}"},"query-input":{"@type":"PropertyValueSpecification","valueRequired":true,"valueName":"search_term_string"}}],"inLanguage":"pl-PL"}]},"product_price_amount":"94.00","product_price_currency":"PLN","og_availability":"instock","product_availability":"instock","product_retailer_item_id":"BREC051.SP01.01","product_condition":"new"},"_links":{"self":[{"href":"https:\/\/www.anniesloan.com\/pl\/wp-json\/wp\/v2\/product\/21732","targetHints":{"allow":["GET"]}}],"collection":[{"href":"https:\/\/www.anniesloan.com\/pl\/wp-json\/wp\/v2\/product"}],"about":[{"href":"https:\/\/www.anniesloan.com\/pl\/wp-json\/wp\/v2\/types\/product"}],"wp:featuredmedia":[{"embeddable":true,"href":"https:\/\/www.anniesloan.com\/pl\/wp-json\/wp\/v2\/media\/21733"}],"wp:attachment":[{"href":"https:\/\/www.anniesloan.com\/pl\/wp-json\/wp\/v2\/media?parent=21732"}],"wp:term":[{"taxonomy":"product_brand","embeddable":true,"href":"https:\/\/www.anniesloan.com\/pl\/wp-json\/wp\/v2\/product_brand?post=21732"},{"taxonomy":"product_cat","embeddable":true,"href":"https:\/\/www.anniesloan.com\/pl\/wp-json\/wp\/v2\/product_cat?post=21732"},{"taxonomy":"product_tag","embeddable":true,"href":"https:\/\/www.anniesloan.com\/pl\/wp-json\/wp\/v2\/product_tag?post=21732"}],"curies":[{"name":"wp","href":"https:\/\/api.w.org\/{rel}","templated":true}]}}