{"id":21719,"date":"2020-02-10T11:12:33","date_gmt":"2020-02-10T10:12:33","guid":{"rendered":"https:\/\/www.anniesloan.com\/product\/colour-recipes-polish\/"},"modified":"2026-01-23T13:45:46","modified_gmt":"2026-01-23T12:45:46","slug":"kolorowe-pomysly-na-dekoracie-mebli","status":"publish","type":"product","link":"https:\/\/www.anniesloan.com\/pl\/produkt\/upominki-i-zestawy\/kolorowe-pomysly-na-dekoracie-mebli\/","title":{"rendered":"Kolorowe Pomys\u0142y na Dekoraci\u0119 Mebli"},"content":{"rendered":"","protected":false},"excerpt":{"rendered":"<p>Wydanie w j\u0119zyku polskim. Ksi\u0105\u017cka ta zawiera 40 inspiruj\u0105cych projekt\u00f3w, kt\u00f3re krok po kroku prezentuj\u0105 \u0142atwe sposoby na upcykling mebli i transformacj\u0119 wn\u0119trz. Dowiesz si\u0119, jak pracowa\u0107 z kolorem i realizowa\u0107 projekty w wielu r\u00f3\u017cnych stylach, takich jak styl francuski, boho chic, szwedzki, rustykalny czy te\u017c wsp\u00f3\u0142czesny. Poznasz tak\u017ce szereg technik, w tym postarzanie, colour washing (wymywanie koloru), z\u0142ocenie, decoupage, malowanie z szablonem, farbowanie tkanin z u\u017cyciem farby dekoracyjnej oraz tworzenie efekt\u00f3w bielonego d\u0119bu i sztucznego marmuru.<\/p>\n<p>Ksi\u0105\u017cka zosta\u0142a wydana przez CICO Books i zawiera zdj\u0119cia Christophera Drake\u2019a.<\/p>\n","protected":false},"featured_media":21720,"template":"","meta":{"_acf_changed":false,"_relevanssi_hide_post":"","_relevanssi_hide_content":"","_relevanssi_pin_for_all":"","_relevanssi_pin_keywords":"","_relevanssi_unpin_keywords":"","_relevanssi_related_keywords":"","_relevanssi_related_include_ids":"","_relevanssi_related_exclude_ids":"","_relevanssi_related_no_append":"","_relevanssi_related_not_related":"","_relevanssi_related_posts":"","_relevanssi_noindex_reason":""},"product_brand":[],"product_cat":[65,66],"product_tag":[],"class_list":{"0":"post-21719","1":"product","2":"type-product","3":"status-publish","4":"has-post-thumbnail","6":"product_cat-upominki-i-zestawy","7":"product_cat-ksiazki","9":"first","10":"instock","11":"taxable","12":"shipping-taxable","13":"purchasable","14":"product-type-simple"},"acf":[],"yoast_head":"<!-- This site is optimized with the Yoast SEO Premium plugin v26.5 (Yoast SEO v26.5) - https:\/\/yoast.com\/wordpress\/plugins\/seo\/ -->\n<title>Kolorowe Pomys\u0142y na Dekoraci\u0119 Mebli - Ksi\u0105\u017cki - Annie Sloan PL<\/title>\n<meta name=\"description\" content=\"Znana ksi\u0105\u017cka \u201eKolorowe pomys\u0142y na dekoracj\u0119 mebli\u201d autorstwa Annie Sloan, przet\u0142umaczona na j\u0119zyk polski.\" \/>\n<meta name=\"robots\" content=\"index, follow, max-snippet:-1, max-image-preview:large, max-video-preview:-1\" \/>\n<link rel=\"canonical\" href=\"https:\/\/www.anniesloan.com\/pl\/produkt\/upominki-i-zestawy\/kolorowe-pomysly-na-dekoracie-mebli\/\" \/>\n<meta property=\"og:locale\" content=\"pl_PL\" \/>\n<meta property=\"og:type\" content=\"article\" \/>\n<meta property=\"og:title\" content=\"Kolorowe Pomys\u0142y na Dekoraci\u0119 Mebli\" \/>\n<meta property=\"og:description\" content=\"Znana ksi\u0105\u017cka \u201eKolorowe pomys\u0142y na dekoracj\u0119 mebli\u201d autorstwa Annie Sloan, przet\u0142umaczona na j\u0119zyk polski.\" \/>\n<meta property=\"og:url\" content=\"https:\/\/www.anniesloan.com\/pl\/produkt\/upominki-i-zestawy\/kolorowe-pomysly-na-dekoracie-mebli\/\" \/>\n<meta property=\"og:site_name\" content=\"Annie Sloan PL\" \/>\n<meta property=\"article:modified_time\" content=\"2026-01-23T12:45:46+00:00\" \/>\n<meta property=\"og:image\" content=\"https:\/\/www.anniesloan.com\/pl\/wp-content\/uploads\/sites\/5\/2021\/05\/Colour-Recipes-for-Painted-Furniture-and-More-by-Annie-Sloan-book-published-by-Cico-front-cover-Polish-thumb-2000.jpg\" \/>\n\t<meta property=\"og:image:width\" content=\"1281\" \/>\n\t<meta property=\"og:image:height\" content=\"1024\" \/>\n\t<meta property=\"og:image:type\" content=\"image\/jpeg\" \/>\n<meta name=\"twitter:card\" content=\"summary_large_image\" \/>\n<meta name=\"twitter:label1\" content=\"Price\" \/>\n\t<meta name=\"twitter:data1\" content=\"&#122;&#322;94.00\" \/>\n\t<meta name=\"twitter:label2\" content=\"Availability\" \/>\n\t<meta name=\"twitter:data2\" content=\"In stock\" \/>\n<script type=\"application\/ld+json\" class=\"yoast-schema-graph\">{\"@context\":\"https:\/\/schema.org\",\"@graph\":[{\"@type\":\"WebPage\",\"@id\":\"https:\/\/www.anniesloan.com\/pl\/produkt\/upominki-i-zestawy\/kolorowe-pomysly-na-dekoracie-mebli\/\",\"url\":\"https:\/\/www.anniesloan.com\/pl\/produkt\/upominki-i-zestawy\/kolorowe-pomysly-na-dekoracie-mebli\/\",\"name\":\"Kolorowe Pomys\u0142y na Dekoraci\u0119 Mebli - Ksi\u0105\u017cki - Annie Sloan PL\",\"isPartOf\":{\"@id\":\"https:\/\/www.anniesloan.com\/pl\/#website\"},\"primaryImageOfPage\":{\"@id\":\"https:\/\/www.anniesloan.com\/pl\/produkt\/upominki-i-zestawy\/kolorowe-pomysly-na-dekoracie-mebli\/#primaryimage\"},\"image\":{\"@id\":\"https:\/\/www.anniesloan.com\/pl\/produkt\/upominki-i-zestawy\/kolorowe-pomysly-na-dekoracie-mebli\/#primaryimage\"},\"thumbnailUrl\":\"https:\/\/www.anniesloan.com\/pl\/wp-content\/uploads\/sites\/5\/2021\/05\/Colour-Recipes-for-Painted-Furniture-and-More-by-Annie-Sloan-book-published-by-Cico-front-cover-Polish-thumb-2000.jpg\",\"datePublished\":\"2020-02-10T10:12:33+00:00\",\"dateModified\":\"2026-01-23T12:45:46+00:00\",\"description\":\"Znana ksi\u0105\u017cka \u201eKolorowe pomys\u0142y na dekoracj\u0119 mebli\u201d autorstwa Annie Sloan, przet\u0142umaczona na j\u0119zyk polski.\",\"breadcrumb\":{\"@id\":\"https:\/\/www.anniesloan.com\/pl\/produkt\/upominki-i-zestawy\/kolorowe-pomysly-na-dekoracie-mebli\/#breadcrumb\"},\"inLanguage\":\"pl-PL\",\"potentialAction\":[{\"@type\":\"ReadAction\",\"target\":[\"https:\/\/www.anniesloan.com\/pl\/produkt\/upominki-i-zestawy\/kolorowe-pomysly-na-dekoracie-mebli\/\"]}]},{\"@type\":\"ImageObject\",\"inLanguage\":\"pl-PL\",\"@id\":\"https:\/\/www.anniesloan.com\/pl\/produkt\/upominki-i-zestawy\/kolorowe-pomysly-na-dekoracie-mebli\/#primaryimage\",\"url\":\"https:\/\/www.anniesloan.com\/pl\/wp-content\/uploads\/sites\/5\/2021\/05\/Colour-Recipes-for-Painted-Furniture-and-More-by-Annie-Sloan-book-published-by-Cico-front-cover-Polish-thumb-2000.jpg\",\"contentUrl\":\"https:\/\/www.anniesloan.com\/pl\/wp-content\/uploads\/sites\/5\/2021\/05\/Colour-Recipes-for-Painted-Furniture-and-More-by-Annie-Sloan-book-published-by-Cico-front-cover-Polish-thumb-2000.jpg\",\"width\":1281,\"height\":1024,\"caption\":\"Colour Recipes for Painted Furniture and More by Annie Sloan book published by Cico front cover translated to Polish\"},{\"@type\":\"BreadcrumbList\",\"@id\":\"https:\/\/www.anniesloan.com\/pl\/produkt\/upominki-i-zestawy\/kolorowe-pomysly-na-dekoracie-mebli\/#breadcrumb\",\"itemListElement\":[{\"@type\":\"ListItem\",\"position\":1,\"name\":\"Produkty\",\"item\":\"https:\/\/www.anniesloan.com\/pl\/produkty\/\"},{\"@type\":\"ListItem\",\"position\":2,\"name\":\"Upominki i Zestawy\",\"item\":\"https:\/\/www.anniesloan.com\/pl\/produkty\/upominki-i-zestawy\/\"},{\"@type\":\"ListItem\",\"position\":3,\"name\":\"Kolorowe Pomys\u0142y na Dekoraci\u0119 Mebli\"}]},{\"@type\":\"WebSite\",\"@id\":\"https:\/\/www.anniesloan.com\/pl\/#website\",\"url\":\"https:\/\/www.anniesloan.com\/pl\/\",\"name\":\"Annie Sloan PL\",\"description\":\"Home of Chalk Paint\",\"potentialAction\":[{\"@type\":\"SearchAction\",\"target\":{\"@type\":\"EntryPoint\",\"urlTemplate\":\"https:\/\/www.anniesloan.com\/pl\/?s={search_term_string}\"},\"query-input\":{\"@type\":\"PropertyValueSpecification\",\"valueRequired\":true,\"valueName\":\"search_term_string\"}}],\"inLanguage\":\"pl-PL\"}]}<\/script>\n<meta property=\"product:price:amount\" content=\"94.00\" \/>\n<meta property=\"product:price:currency\" content=\"PLN\" \/>\n<meta property=\"og:availability\" content=\"instock\" \/>\n<meta property=\"product:availability\" content=\"instock\" \/>\n<meta property=\"product:retailer_item_id\" content=\"BREC051.PL01.01\" \/>\n<meta property=\"product:condition\" content=\"new\" \/>\n<!-- \/ Yoast SEO Premium plugin. -->","yoast_head_json":{"title":"Kolorowe Pomys\u0142y na Dekoraci\u0119 Mebli - Ksi\u0105\u017cki - Annie Sloan PL","description":"Znana ksi\u0105\u017cka \u201eKolorowe pomys\u0142y na dekoracj\u0119 mebli\u201d autorstwa Annie Sloan, przet\u0142umaczona na j\u0119zyk polski.","robots":{"index":"index","follow":"follow","max-snippet":"max-snippet:-1","max-image-preview":"max-image-preview:large","max-video-preview":"max-video-preview:-1"},"canonical":"https:\/\/www.anniesloan.com\/pl\/produkt\/upominki-i-zestawy\/kolorowe-pomysly-na-dekoracie-mebli\/","og_locale":"pl_PL","og_type":"article","og_title":"Kolorowe Pomys\u0142y na Dekoraci\u0119 Mebli","og_description":"Znana ksi\u0105\u017cka \u201eKolorowe pomys\u0142y na dekoracj\u0119 mebli\u201d autorstwa Annie Sloan, przet\u0142umaczona na j\u0119zyk polski.","og_url":"https:\/\/www.anniesloan.com\/pl\/produkt\/upominki-i-zestawy\/kolorowe-pomysly-na-dekoracie-mebli\/","og_site_name":"Annie Sloan PL","article_modified_time":"2026-01-23T12:45:46+00:00","og_image":[{"width":1281,"height":1024,"url":"https:\/\/www.anniesloan.com\/pl\/wp-content\/uploads\/sites\/5\/2021\/05\/Colour-Recipes-for-Painted-Furniture-and-More-by-Annie-Sloan-book-published-by-Cico-front-cover-Polish-thumb-2000.jpg","type":"image\/jpeg"}],"twitter_card":"summary_large_image","twitter_misc":{"Price":"&#122;&#322;94.00","Availability":"In stock"},"schema":{"@context":"https:\/\/schema.org","@graph":[{"@type":"WebPage","@id":"https:\/\/www.anniesloan.com\/pl\/produkt\/upominki-i-zestawy\/kolorowe-pomysly-na-dekoracie-mebli\/","url":"https:\/\/www.anniesloan.com\/pl\/produkt\/upominki-i-zestawy\/kolorowe-pomysly-na-dekoracie-mebli\/","name":"Kolorowe Pomys\u0142y na Dekoraci\u0119 Mebli - Ksi\u0105\u017cki - Annie Sloan PL","isPartOf":{"@id":"https:\/\/www.anniesloan.com\/pl\/#website"},"primaryImageOfPage":{"@id":"https:\/\/www.anniesloan.com\/pl\/produkt\/upominki-i-zestawy\/kolorowe-pomysly-na-dekoracie-mebli\/#primaryimage"},"image":{"@id":"https:\/\/www.anniesloan.com\/pl\/produkt\/upominki-i-zestawy\/kolorowe-pomysly-na-dekoracie-mebli\/#primaryimage"},"thumbnailUrl":"https:\/\/www.anniesloan.com\/pl\/wp-content\/uploads\/sites\/5\/2021\/05\/Colour-Recipes-for-Painted-Furniture-and-More-by-Annie-Sloan-book-published-by-Cico-front-cover-Polish-thumb-2000.jpg","datePublished":"2020-02-10T10:12:33+00:00","dateModified":"2026-01-23T12:45:46+00:00","description":"Znana ksi\u0105\u017cka \u201eKolorowe pomys\u0142y na dekoracj\u0119 mebli\u201d autorstwa Annie Sloan, przet\u0142umaczona na j\u0119zyk polski.","breadcrumb":{"@id":"https:\/\/www.anniesloan.com\/pl\/produkt\/upominki-i-zestawy\/kolorowe-pomysly-na-dekoracie-mebli\/#breadcrumb"},"inLanguage":"pl-PL","potentialAction":[{"@type":"ReadAction","target":["https:\/\/www.anniesloan.com\/pl\/produkt\/upominki-i-zestawy\/kolorowe-pomysly-na-dekoracie-mebli\/"]}]},{"@type":"ImageObject","inLanguage":"pl-PL","@id":"https:\/\/www.anniesloan.com\/pl\/produkt\/upominki-i-zestawy\/kolorowe-pomysly-na-dekoracie-mebli\/#primaryimage","url":"https:\/\/www.anniesloan.com\/pl\/wp-content\/uploads\/sites\/5\/2021\/05\/Colour-Recipes-for-Painted-Furniture-and-More-by-Annie-Sloan-book-published-by-Cico-front-cover-Polish-thumb-2000.jpg","contentUrl":"https:\/\/www.anniesloan.com\/pl\/wp-content\/uploads\/sites\/5\/2021\/05\/Colour-Recipes-for-Painted-Furniture-and-More-by-Annie-Sloan-book-published-by-Cico-front-cover-Polish-thumb-2000.jpg","width":1281,"height":1024,"caption":"Colour Recipes for Painted Furniture and More by Annie Sloan book published by Cico front cover translated to Polish"},{"@type":"BreadcrumbList","@id":"https:\/\/www.anniesloan.com\/pl\/produkt\/upominki-i-zestawy\/kolorowe-pomysly-na-dekoracie-mebli\/#breadcrumb","itemListElement":[{"@type":"ListItem","position":1,"name":"Produkty","item":"https:\/\/www.anniesloan.com\/pl\/produkty\/"},{"@type":"ListItem","position":2,"name":"Upominki i Zestawy","item":"https:\/\/www.anniesloan.com\/pl\/produkty\/upominki-i-zestawy\/"},{"@type":"ListItem","position":3,"name":"Kolorowe Pomys\u0142y na Dekoraci\u0119 Mebli"}]},{"@type":"WebSite","@id":"https:\/\/www.anniesloan.com\/pl\/#website","url":"https:\/\/www.anniesloan.com\/pl\/","name":"Annie Sloan PL","description":"Home of Chalk Paint","potentialAction":[{"@type":"SearchAction","target":{"@type":"EntryPoint","urlTemplate":"https:\/\/www.anniesloan.com\/pl\/?s={search_term_string}"},"query-input":{"@type":"PropertyValueSpecification","valueRequired":true,"valueName":"search_term_string"}}],"inLanguage":"pl-PL"}]},"product_price_amount":"94.00","product_price_currency":"PLN","og_availability":"instock","product_availability":"instock","product_retailer_item_id":"BREC051.PL01.01","product_condition":"new"},"_links":{"self":[{"href":"https:\/\/www.anniesloan.com\/pl\/wp-json\/wp\/v2\/product\/21719","targetHints":{"allow":["GET"]}}],"collection":[{"href":"https:\/\/www.anniesloan.com\/pl\/wp-json\/wp\/v2\/product"}],"about":[{"href":"https:\/\/www.anniesloan.com\/pl\/wp-json\/wp\/v2\/types\/product"}],"wp:featuredmedia":[{"embeddable":true,"href":"https:\/\/www.anniesloan.com\/pl\/wp-json\/wp\/v2\/media\/21720"}],"wp:attachment":[{"href":"https:\/\/www.anniesloan.com\/pl\/wp-json\/wp\/v2\/media?parent=21719"}],"wp:term":[{"taxonomy":"product_brand","embeddable":true,"href":"https:\/\/www.anniesloan.com\/pl\/wp-json\/wp\/v2\/product_brand?post=21719"},{"taxonomy":"product_cat","embeddable":true,"href":"https:\/\/www.anniesloan.com\/pl\/wp-json\/wp\/v2\/product_cat?post=21719"},{"taxonomy":"product_tag","embeddable":true,"href":"https:\/\/www.anniesloan.com\/pl\/wp-json\/wp\/v2\/product_tag?post=21719"}],"curies":[{"name":"wp","href":"https:\/\/api.w.org\/{rel}","templated":true}]}}