{"id":21596,"date":"2020-02-10T11:12:33","date_gmt":"2020-02-10T10:12:33","guid":{"rendered":"https:\/\/www.anniesloan.com\/product\/annie-sloan-paints-everything\/"},"modified":"2026-01-29T11:45:36","modified_gmt":"2026-01-29T10:45:36","slug":"annie-sloan-paints-everything","status":"publish","type":"product","link":"https:\/\/www.anniesloan.com\/pl\/produkt\/upominki-i-zestawy\/annie-sloan-paints-everything\/","title":{"rendered":"Annie Sloan Paints Everything"},"content":{"rendered":"","protected":false},"excerpt":{"rendered":"<p>Najnowsza ksi\u0105\u017cka Annie Sloan zawiera 40 projekt\u00f3w opatrzonych instrukcjami, kt\u00f3re krok po kroku poka\u017c\u0105 Ci metody u\u017cywania farb, o jakich dotychczas Ci si\u0119 nie \u015bni\u0142o. Naucz si\u0119 technik drukowania, malowania z szablonem, z\u0142ocenia, transferu grafiki i farbowania tkanin oraz poznaj sekrety, jakie kryje w sobie farba Chalk Paint\u2122. Dowiedz si\u0119 tak\u017ce, jak \u0142\u0105czy\u0107 kolory i tworzy\u0107 r\u00f3\u017cne style oraz jak w pe\u0142ni wykorzysta\u0107 swoj\u0105 kreatywno\u015b\u0107 podczas r\u0119cznego malowania wzor\u00f3w. Bez wzgl\u0119du na stopie\u0144 Twoich umiej\u0119tno\u015bci ksi\u0105\u017cka Annie Sloan Paints Everything poka\u017ce Ci, jak przemieni\u0107 dom i stworzy\u0107 stylowe wn\u0119trze Twoich marze\u0144!<\/p>\n<p>Annie Sloan Paints Everything zosta\u0142a wydana przez CICO Books. Zdj\u0119cia autorstwa Christophera Drake\u2019a \u00a9 CICO Books<\/p>\n","protected":false},"featured_media":21597,"template":"","meta":{"_acf_changed":false,"_relevanssi_hide_post":"","_relevanssi_hide_content":"","_relevanssi_pin_for_all":"","_relevanssi_pin_keywords":"","_relevanssi_unpin_keywords":"","_relevanssi_related_keywords":"","_relevanssi_related_include_ids":"","_relevanssi_related_exclude_ids":"","_relevanssi_related_no_append":"","_relevanssi_related_not_related":"","_relevanssi_related_posts":"","_relevanssi_noindex_reason":""},"product_brand":[],"product_cat":[65,66],"product_tag":[],"class_list":{"0":"post-21596","1":"product","2":"type-product","3":"status-publish","4":"has-post-thumbnail","6":"product_cat-upominki-i-zestawy","7":"product_cat-ksiazki","9":"first","10":"instock","11":"taxable","12":"shipping-taxable","13":"purchasable","14":"product-type-simple"},"acf":[],"yoast_head":"<!-- This site is optimized with the Yoast SEO Premium plugin v26.5 (Yoast SEO v26.5) - https:\/\/yoast.com\/wordpress\/plugins\/seo\/ -->\n<title>Annie Sloan Paints Everything - Ksi\u0105\u017cki | Annie Sloan PL<\/title>\n<meta name=\"description\" content=\"W tej ksi\u0105\u017cce, Annie Sloan na przyk\u0142adzie 40 projekt\u00f3w dok\u0142adnie omawia metody u\u017cywania farb, o jakich dotychczas Ci si\u0119 nie \u015bni\u0142o.\" \/>\n<meta name=\"robots\" content=\"index, follow, max-snippet:-1, max-image-preview:large, max-video-preview:-1\" \/>\n<link rel=\"canonical\" href=\"https:\/\/www.anniesloan.com\/pl\/produkt\/upominki-i-zestawy\/annie-sloan-paints-everything\/\" \/>\n<meta property=\"og:locale\" content=\"pl_PL\" \/>\n<meta property=\"og:type\" content=\"article\" \/>\n<meta property=\"og:title\" content=\"Annie Sloan Paints Everything\" \/>\n<meta property=\"og:description\" content=\"W tej ksi\u0105\u017cce, Annie Sloan na przyk\u0142adzie 40 projekt\u00f3w dok\u0142adnie omawia metody u\u017cywania farb, o jakich dotychczas Ci si\u0119 nie \u015bni\u0142o.\" \/>\n<meta property=\"og:url\" content=\"https:\/\/www.anniesloan.com\/pl\/produkt\/upominki-i-zestawy\/annie-sloan-paints-everything\/\" \/>\n<meta property=\"og:site_name\" content=\"Annie Sloan PL\" \/>\n<meta property=\"article:modified_time\" content=\"2026-01-29T10:45:36+00:00\" \/>\n<meta property=\"og:image\" content=\"https:\/\/www.anniesloan.com\/pl\/wp-content\/uploads\/sites\/5\/2021\/05\/Annie-Sloan-Paints-Everything-Book-Cover-2500.jpg\" \/>\n\t<meta property=\"og:image:width\" content=\"1280\" \/>\n\t<meta property=\"og:image:height\" content=\"1024\" \/>\n\t<meta property=\"og:image:type\" content=\"image\/jpeg\" \/>\n<meta name=\"twitter:card\" content=\"summary_large_image\" \/>\n<meta name=\"twitter:label1\" content=\"Price\" \/>\n\t<meta name=\"twitter:data1\" content=\"&#122;&#322;94.00\" \/>\n\t<meta name=\"twitter:label2\" content=\"Availability\" \/>\n\t<meta name=\"twitter:data2\" content=\"In stock\" \/>\n<script type=\"application\/ld+json\" class=\"yoast-schema-graph\">{\"@context\":\"https:\/\/schema.org\",\"@graph\":[{\"@type\":\"WebPage\",\"@id\":\"https:\/\/www.anniesloan.com\/pl\/produkt\/upominki-i-zestawy\/annie-sloan-paints-everything\/\",\"url\":\"https:\/\/www.anniesloan.com\/pl\/produkt\/upominki-i-zestawy\/annie-sloan-paints-everything\/\",\"name\":\"Annie Sloan Paints Everything - Ksi\u0105\u017cki | Annie Sloan PL\",\"isPartOf\":{\"@id\":\"https:\/\/www.anniesloan.com\/pl\/#website\"},\"primaryImageOfPage\":{\"@id\":\"https:\/\/www.anniesloan.com\/pl\/produkt\/upominki-i-zestawy\/annie-sloan-paints-everything\/#primaryimage\"},\"image\":{\"@id\":\"https:\/\/www.anniesloan.com\/pl\/produkt\/upominki-i-zestawy\/annie-sloan-paints-everything\/#primaryimage\"},\"thumbnailUrl\":\"https:\/\/www.anniesloan.com\/pl\/wp-content\/uploads\/sites\/5\/2021\/05\/Annie-Sloan-Paints-Everything-Book-Cover-2500.jpg\",\"datePublished\":\"2020-02-10T10:12:33+00:00\",\"dateModified\":\"2026-01-29T10:45:36+00:00\",\"description\":\"W tej ksi\u0105\u017cce, Annie Sloan na przyk\u0142adzie 40 projekt\u00f3w dok\u0142adnie omawia metody u\u017cywania farb, o jakich dotychczas Ci si\u0119 nie \u015bni\u0142o.\",\"breadcrumb\":{\"@id\":\"https:\/\/www.anniesloan.com\/pl\/produkt\/upominki-i-zestawy\/annie-sloan-paints-everything\/#breadcrumb\"},\"inLanguage\":\"pl-PL\",\"potentialAction\":[{\"@type\":\"ReadAction\",\"target\":[\"https:\/\/www.anniesloan.com\/pl\/produkt\/upominki-i-zestawy\/annie-sloan-paints-everything\/\"]}]},{\"@type\":\"ImageObject\",\"inLanguage\":\"pl-PL\",\"@id\":\"https:\/\/www.anniesloan.com\/pl\/produkt\/upominki-i-zestawy\/annie-sloan-paints-everything\/#primaryimage\",\"url\":\"https:\/\/www.anniesloan.com\/pl\/wp-content\/uploads\/sites\/5\/2021\/05\/Annie-Sloan-Paints-Everything-Book-Cover-2500.jpg\",\"contentUrl\":\"https:\/\/www.anniesloan.com\/pl\/wp-content\/uploads\/sites\/5\/2021\/05\/Annie-Sloan-Paints-Everything-Book-Cover-2500.jpg\",\"width\":1280,\"height\":1024,\"caption\":\"Annie Sloan Paints Everything book front cover\"},{\"@type\":\"BreadcrumbList\",\"@id\":\"https:\/\/www.anniesloan.com\/pl\/produkt\/upominki-i-zestawy\/annie-sloan-paints-everything\/#breadcrumb\",\"itemListElement\":[{\"@type\":\"ListItem\",\"position\":1,\"name\":\"Produkty\",\"item\":\"https:\/\/www.anniesloan.com\/pl\/produkty\/\"},{\"@type\":\"ListItem\",\"position\":2,\"name\":\"Upominki i Zestawy\",\"item\":\"https:\/\/www.anniesloan.com\/pl\/produkty\/upominki-i-zestawy\/\"},{\"@type\":\"ListItem\",\"position\":3,\"name\":\"Annie Sloan Paints Everything\"}]},{\"@type\":\"WebSite\",\"@id\":\"https:\/\/www.anniesloan.com\/pl\/#website\",\"url\":\"https:\/\/www.anniesloan.com\/pl\/\",\"name\":\"Annie Sloan PL\",\"description\":\"Home of Chalk Paint\",\"potentialAction\":[{\"@type\":\"SearchAction\",\"target\":{\"@type\":\"EntryPoint\",\"urlTemplate\":\"https:\/\/www.anniesloan.com\/pl\/?s={search_term_string}\"},\"query-input\":{\"@type\":\"PropertyValueSpecification\",\"valueRequired\":true,\"valueName\":\"search_term_string\"}}],\"inLanguage\":\"pl-PL\"}]}<\/script>\n<meta property=\"product:price:amount\" content=\"94.00\" \/>\n<meta property=\"product:price:currency\" content=\"PLN\" \/>\n<meta property=\"og:availability\" content=\"instock\" \/>\n<meta property=\"product:availability\" content=\"instock\" \/>\n<meta property=\"product:retailer_item_id\" content=\"BPEV059.GB01.01\" \/>\n<meta property=\"product:condition\" content=\"new\" \/>\n<!-- \/ Yoast SEO Premium plugin. -->","yoast_head_json":{"title":"Annie Sloan Paints Everything - Ksi\u0105\u017cki | Annie Sloan PL","description":"W tej ksi\u0105\u017cce, Annie Sloan na przyk\u0142adzie 40 projekt\u00f3w dok\u0142adnie omawia metody u\u017cywania farb, o jakich dotychczas Ci si\u0119 nie \u015bni\u0142o.","robots":{"index":"index","follow":"follow","max-snippet":"max-snippet:-1","max-image-preview":"max-image-preview:large","max-video-preview":"max-video-preview:-1"},"canonical":"https:\/\/www.anniesloan.com\/pl\/produkt\/upominki-i-zestawy\/annie-sloan-paints-everything\/","og_locale":"pl_PL","og_type":"article","og_title":"Annie Sloan Paints Everything","og_description":"W tej ksi\u0105\u017cce, Annie Sloan na przyk\u0142adzie 40 projekt\u00f3w dok\u0142adnie omawia metody u\u017cywania farb, o jakich dotychczas Ci si\u0119 nie \u015bni\u0142o.","og_url":"https:\/\/www.anniesloan.com\/pl\/produkt\/upominki-i-zestawy\/annie-sloan-paints-everything\/","og_site_name":"Annie Sloan PL","article_modified_time":"2026-01-29T10:45:36+00:00","og_image":[{"width":1280,"height":1024,"url":"https:\/\/www.anniesloan.com\/pl\/wp-content\/uploads\/sites\/5\/2021\/05\/Annie-Sloan-Paints-Everything-Book-Cover-2500.jpg","type":"image\/jpeg"}],"twitter_card":"summary_large_image","twitter_misc":{"Price":"&#122;&#322;94.00","Availability":"In stock"},"schema":{"@context":"https:\/\/schema.org","@graph":[{"@type":"WebPage","@id":"https:\/\/www.anniesloan.com\/pl\/produkt\/upominki-i-zestawy\/annie-sloan-paints-everything\/","url":"https:\/\/www.anniesloan.com\/pl\/produkt\/upominki-i-zestawy\/annie-sloan-paints-everything\/","name":"Annie Sloan Paints Everything - Ksi\u0105\u017cki | Annie Sloan PL","isPartOf":{"@id":"https:\/\/www.anniesloan.com\/pl\/#website"},"primaryImageOfPage":{"@id":"https:\/\/www.anniesloan.com\/pl\/produkt\/upominki-i-zestawy\/annie-sloan-paints-everything\/#primaryimage"},"image":{"@id":"https:\/\/www.anniesloan.com\/pl\/produkt\/upominki-i-zestawy\/annie-sloan-paints-everything\/#primaryimage"},"thumbnailUrl":"https:\/\/www.anniesloan.com\/pl\/wp-content\/uploads\/sites\/5\/2021\/05\/Annie-Sloan-Paints-Everything-Book-Cover-2500.jpg","datePublished":"2020-02-10T10:12:33+00:00","dateModified":"2026-01-29T10:45:36+00:00","description":"W tej ksi\u0105\u017cce, Annie Sloan na przyk\u0142adzie 40 projekt\u00f3w dok\u0142adnie omawia metody u\u017cywania farb, o jakich dotychczas Ci si\u0119 nie \u015bni\u0142o.","breadcrumb":{"@id":"https:\/\/www.anniesloan.com\/pl\/produkt\/upominki-i-zestawy\/annie-sloan-paints-everything\/#breadcrumb"},"inLanguage":"pl-PL","potentialAction":[{"@type":"ReadAction","target":["https:\/\/www.anniesloan.com\/pl\/produkt\/upominki-i-zestawy\/annie-sloan-paints-everything\/"]}]},{"@type":"ImageObject","inLanguage":"pl-PL","@id":"https:\/\/www.anniesloan.com\/pl\/produkt\/upominki-i-zestawy\/annie-sloan-paints-everything\/#primaryimage","url":"https:\/\/www.anniesloan.com\/pl\/wp-content\/uploads\/sites\/5\/2021\/05\/Annie-Sloan-Paints-Everything-Book-Cover-2500.jpg","contentUrl":"https:\/\/www.anniesloan.com\/pl\/wp-content\/uploads\/sites\/5\/2021\/05\/Annie-Sloan-Paints-Everything-Book-Cover-2500.jpg","width":1280,"height":1024,"caption":"Annie Sloan Paints Everything book front cover"},{"@type":"BreadcrumbList","@id":"https:\/\/www.anniesloan.com\/pl\/produkt\/upominki-i-zestawy\/annie-sloan-paints-everything\/#breadcrumb","itemListElement":[{"@type":"ListItem","position":1,"name":"Produkty","item":"https:\/\/www.anniesloan.com\/pl\/produkty\/"},{"@type":"ListItem","position":2,"name":"Upominki i Zestawy","item":"https:\/\/www.anniesloan.com\/pl\/produkty\/upominki-i-zestawy\/"},{"@type":"ListItem","position":3,"name":"Annie Sloan Paints Everything"}]},{"@type":"WebSite","@id":"https:\/\/www.anniesloan.com\/pl\/#website","url":"https:\/\/www.anniesloan.com\/pl\/","name":"Annie Sloan PL","description":"Home of Chalk Paint","potentialAction":[{"@type":"SearchAction","target":{"@type":"EntryPoint","urlTemplate":"https:\/\/www.anniesloan.com\/pl\/?s={search_term_string}"},"query-input":{"@type":"PropertyValueSpecification","valueRequired":true,"valueName":"search_term_string"}}],"inLanguage":"pl-PL"}]},"product_price_amount":"94.00","product_price_currency":"PLN","og_availability":"instock","product_availability":"instock","product_retailer_item_id":"BPEV059.GB01.01","product_condition":"new"},"_links":{"self":[{"href":"https:\/\/www.anniesloan.com\/pl\/wp-json\/wp\/v2\/product\/21596","targetHints":{"allow":["GET"]}}],"collection":[{"href":"https:\/\/www.anniesloan.com\/pl\/wp-json\/wp\/v2\/product"}],"about":[{"href":"https:\/\/www.anniesloan.com\/pl\/wp-json\/wp\/v2\/types\/product"}],"wp:featuredmedia":[{"embeddable":true,"href":"https:\/\/www.anniesloan.com\/pl\/wp-json\/wp\/v2\/media\/21597"}],"wp:attachment":[{"href":"https:\/\/www.anniesloan.com\/pl\/wp-json\/wp\/v2\/media?parent=21596"}],"wp:term":[{"taxonomy":"product_brand","embeddable":true,"href":"https:\/\/www.anniesloan.com\/pl\/wp-json\/wp\/v2\/product_brand?post=21596"},{"taxonomy":"product_cat","embeddable":true,"href":"https:\/\/www.anniesloan.com\/pl\/wp-json\/wp\/v2\/product_cat?post=21596"},{"taxonomy":"product_tag","embeddable":true,"href":"https:\/\/www.anniesloan.com\/pl\/wp-json\/wp\/v2\/product_tag?post=21596"}],"curies":[{"name":"wp","href":"https:\/\/api.w.org\/{rel}","templated":true}]}}