{"id":21542,"date":"2020-02-10T11:12:33","date_gmt":"2020-02-10T10:12:33","guid":{"rendered":"https:\/\/www.anniesloan.com\/product\/the-colourist-issue-three\/"},"modified":"2025-12-11T14:45:51","modified_gmt":"2025-12-11T13:45:51","slug":"the-colourist-wydanie-trzy","status":"publish","type":"product","link":"https:\/\/www.anniesloan.com\/pl\/produkt\/ksiazki\/the-colourist-wydanie-trzy\/","title":{"rendered":"The Colourist WYDANIE 3"},"content":{"rendered":"","protected":false},"excerpt":{"rendered":"<div class=\"[ c-ProductSingleDetail__description ] [ c-PageContent ]\">\n<p>The Colourist to wyj\u0105tkowy \u201ebookazine\u201d (publikowany w formie magazynu, ale bez reklam, jak ksi\u0105\u017cka) po\u015bwi\u0119cony kolorystycznej pasji Annie Sloan. Jest to kolekcjonerskie, wydawane dwa razy w roku pismo, sk\u0142adaj\u0105cego si\u0119 ze 132 starannie zredagowanych stron, spi\u0119tych w atrakcyjnej ok\u0142adce.<\/p>\n<p>Tematem wydania 3 The Colourist s\u0105 odcienie koloru niebieskiego! Odcienie koloru niebieskiego s\u0105 zawsze recesywne, co oznacza, \u017ce powi\u0119kszaj\u0105 przestrze\u0144, przyci\u0105gaj\u0105c wzrok. Poza tym, kolor niebieski mo\u017ce by\u0107 bardzo zr\u00f3\u017cnicowany! Ch\u0142odny i lodowaty, ciep\u0142y i s\u0142oneczny, ciemny i nastrojowy lub jasny i \u017cywy; w tym wydaniu The Colourist znajdziesz inspiruj\u0105ce przyk\u0142ady pi\u0119knych odcieni koloru niebieskiego, odzwierciedlaj\u0105ce ka\u017cd\u0105 z tych r\u00f3\u017cnorodnych cech.<\/p>\n<p>Podczas lektury mo\u017cesz zwiedzi\u0107 kolorowy dom Rachael Jackson i ekscentryczne angielskie mieszkanie Adama Calkina; towarzyszy\u0107 Annie na ulicach Maroka; zwiedzi\u0107 Brooklyn z Andrea Romeo, nowojorczykiem i niezale\u017cnym sprzedawc\u0105 Chalk Paint\u2122; odkry\u0107 uzdrawiaj\u0105ce moce podczas tworzenia projekt\u00f3w oraz pozna\u0107 najlepszy spos\u00f3b korzystania z ekskluzywnych, darmowych szablon\u00f3w w stylu art d\u00e9co, do\u0142\u0105czonych do ka\u017cdej kopii bookazinu. Wszystko to, a nawet wi\u0119cej, na 132 stronach wype\u0142nionych wykwintnym stylem i pasj\u0105, dzi\u0119ki uprzejmo\u015bci kreatywnych guru z ca\u0142ego \u015bwiata!<\/p>\n<\/div>\n","protected":false},"featured_media":21543,"template":"","meta":{"_acf_changed":false,"_relevanssi_hide_post":"","_relevanssi_hide_content":"","_relevanssi_pin_for_all":"","_relevanssi_pin_keywords":"","_relevanssi_unpin_keywords":"","_relevanssi_related_keywords":"","_relevanssi_related_include_ids":"","_relevanssi_related_exclude_ids":"","_relevanssi_related_no_append":"","_relevanssi_related_not_related":"","_relevanssi_related_posts":"","_relevanssi_noindex_reason":""},"product_brand":[],"product_cat":[66],"product_tag":[],"class_list":{"0":"post-21542","1":"product","2":"type-product","3":"status-publish","4":"has-post-thumbnail","6":"product_cat-ksiazki","8":"first","9":"instock","10":"taxable","11":"shipping-taxable","12":"purchasable","13":"product-type-simple"},"acf":[],"yoast_head":"<!-- This site is optimized with the Yoast SEO Premium plugin v26.5 (Yoast SEO v26.5) - https:\/\/yoast.com\/wordpress\/plugins\/seo\/ -->\n<title>The Colourist WYDANIE 3 - Ksi\u0105\u017cki - Annie Sloan PL<\/title>\n<meta name=\"description\" content=\"The Colourist to wyj\u0105tkowy i kolekcjonerski \u201ebookazine\u201d, ukazuj\u0105cy si\u0119 dwa razy w roku, po\u015bwi\u0119cony pasji Annie Sloan do kolor\u00f3w - oto jego 3 numer.\" \/>\n<meta name=\"robots\" content=\"index, follow, max-snippet:-1, max-image-preview:large, max-video-preview:-1\" \/>\n<link rel=\"canonical\" href=\"https:\/\/www.anniesloan.com\/pl\/produkt\/ksiazki\/the-colourist-wydanie-trzy\/\" \/>\n<meta property=\"og:locale\" content=\"pl_PL\" \/>\n<meta property=\"og:type\" content=\"article\" \/>\n<meta property=\"og:title\" content=\"The Colourist WYDANIE 3\" \/>\n<meta property=\"og:description\" content=\"The Colourist to wyj\u0105tkowy i kolekcjonerski \u201ebookazine\u201d, ukazuj\u0105cy si\u0119 dwa razy w roku, po\u015bwi\u0119cony pasji Annie Sloan do kolor\u00f3w - oto jego 3 numer.\" \/>\n<meta property=\"og:url\" content=\"https:\/\/www.anniesloan.com\/pl\/produkt\/ksiazki\/the-colourist-wydanie-trzy\/\" \/>\n<meta property=\"og:site_name\" content=\"Annie Sloan PL\" \/>\n<meta property=\"article:modified_time\" content=\"2025-12-11T13:45:51+00:00\" \/>\n<meta property=\"og:image\" content=\"https:\/\/www.anniesloan.com\/pl\/wp-content\/uploads\/sites\/5\/2021\/05\/The-Colourist-Issue-3-by-Annie-Sloan-front-cover-2500.jpg\" \/>\n\t<meta property=\"og:image:width\" content=\"1280\" \/>\n\t<meta property=\"og:image:height\" content=\"1024\" \/>\n\t<meta property=\"og:image:type\" content=\"image\/jpeg\" \/>\n<meta name=\"twitter:card\" content=\"summary_large_image\" \/>\n<meta name=\"twitter:label1\" content=\"Price\" \/>\n\t<meta name=\"twitter:data1\" content=\"&#122;&#322;75.00\" \/>\n\t<meta name=\"twitter:label2\" content=\"Availability\" \/>\n\t<meta name=\"twitter:data2\" content=\"In stock\" \/>\n<script type=\"application\/ld+json\" class=\"yoast-schema-graph\">{\"@context\":\"https:\/\/schema.org\",\"@graph\":[{\"@type\":\"WebPage\",\"@id\":\"https:\/\/www.anniesloan.com\/pl\/produkt\/ksiazki\/the-colourist-wydanie-trzy\/\",\"url\":\"https:\/\/www.anniesloan.com\/pl\/produkt\/ksiazki\/the-colourist-wydanie-trzy\/\",\"name\":\"The Colourist WYDANIE 3 - Ksi\u0105\u017cki - Annie Sloan PL\",\"isPartOf\":{\"@id\":\"https:\/\/www.anniesloan.com\/pl\/#website\"},\"primaryImageOfPage\":{\"@id\":\"https:\/\/www.anniesloan.com\/pl\/produkt\/ksiazki\/the-colourist-wydanie-trzy\/#primaryimage\"},\"image\":{\"@id\":\"https:\/\/www.anniesloan.com\/pl\/produkt\/ksiazki\/the-colourist-wydanie-trzy\/#primaryimage\"},\"thumbnailUrl\":\"https:\/\/www.anniesloan.com\/pl\/wp-content\/uploads\/sites\/5\/2021\/05\/The-Colourist-Issue-3-by-Annie-Sloan-front-cover-2500.jpg\",\"datePublished\":\"2020-02-10T10:12:33+00:00\",\"dateModified\":\"2025-12-11T13:45:51+00:00\",\"description\":\"The Colourist to wyj\u0105tkowy i kolekcjonerski \u201ebookazine\u201d, ukazuj\u0105cy si\u0119 dwa razy w roku, po\u015bwi\u0119cony pasji Annie Sloan do kolor\u00f3w - oto jego 3 numer.\",\"breadcrumb\":{\"@id\":\"https:\/\/www.anniesloan.com\/pl\/produkt\/ksiazki\/the-colourist-wydanie-trzy\/#breadcrumb\"},\"inLanguage\":\"pl-PL\",\"potentialAction\":[{\"@type\":\"ReadAction\",\"target\":[\"https:\/\/www.anniesloan.com\/pl\/produkt\/ksiazki\/the-colourist-wydanie-trzy\/\"]}]},{\"@type\":\"ImageObject\",\"inLanguage\":\"pl-PL\",\"@id\":\"https:\/\/www.anniesloan.com\/pl\/produkt\/ksiazki\/the-colourist-wydanie-trzy\/#primaryimage\",\"url\":\"https:\/\/www.anniesloan.com\/pl\/wp-content\/uploads\/sites\/5\/2021\/05\/The-Colourist-Issue-3-by-Annie-Sloan-front-cover-2500.jpg\",\"contentUrl\":\"https:\/\/www.anniesloan.com\/pl\/wp-content\/uploads\/sites\/5\/2021\/05\/The-Colourist-Issue-3-by-Annie-Sloan-front-cover-2500.jpg\",\"width\":1280,\"height\":1024,\"caption\":\"The Colourist Issue 3 by Annie Sloan front cover\"},{\"@type\":\"BreadcrumbList\",\"@id\":\"https:\/\/www.anniesloan.com\/pl\/produkt\/ksiazki\/the-colourist-wydanie-trzy\/#breadcrumb\",\"itemListElement\":[{\"@type\":\"ListItem\",\"position\":1,\"name\":\"Produkty\",\"item\":\"https:\/\/www.anniesloan.com\/pl\/produkty\/\"},{\"@type\":\"ListItem\",\"position\":2,\"name\":\"Ksi\u0105\u017cki\",\"item\":\"https:\/\/www.anniesloan.com\/pl\/produkty\/ksiazki\/\"},{\"@type\":\"ListItem\",\"position\":3,\"name\":\"The Colourist WYDANIE 3\"}]},{\"@type\":\"WebSite\",\"@id\":\"https:\/\/www.anniesloan.com\/pl\/#website\",\"url\":\"https:\/\/www.anniesloan.com\/pl\/\",\"name\":\"Annie Sloan PL\",\"description\":\"Home of Chalk Paint\",\"potentialAction\":[{\"@type\":\"SearchAction\",\"target\":{\"@type\":\"EntryPoint\",\"urlTemplate\":\"https:\/\/www.anniesloan.com\/pl\/?s={search_term_string}\"},\"query-input\":{\"@type\":\"PropertyValueSpecification\",\"valueRequired\":true,\"valueName\":\"search_term_string\"}}],\"inLanguage\":\"pl-PL\"}]}<\/script>\n<meta property=\"product:price:amount\" content=\"75.00\" \/>\n<meta property=\"product:price:currency\" content=\"PLN\" \/>\n<meta property=\"og:availability\" content=\"instock\" \/>\n<meta property=\"product:availability\" content=\"instock\" \/>\n<meta property=\"product:retailer_item_id\" content=\"TCTB002.1901.09\" \/>\n<meta property=\"product:condition\" content=\"new\" \/>\n<!-- \/ Yoast SEO Premium plugin. -->","yoast_head_json":{"title":"The Colourist WYDANIE 3 - Ksi\u0105\u017cki - Annie Sloan PL","description":"The Colourist to wyj\u0105tkowy i kolekcjonerski \u201ebookazine\u201d, ukazuj\u0105cy si\u0119 dwa razy w roku, po\u015bwi\u0119cony pasji Annie Sloan do kolor\u00f3w - oto jego 3 numer.","robots":{"index":"index","follow":"follow","max-snippet":"max-snippet:-1","max-image-preview":"max-image-preview:large","max-video-preview":"max-video-preview:-1"},"canonical":"https:\/\/www.anniesloan.com\/pl\/produkt\/ksiazki\/the-colourist-wydanie-trzy\/","og_locale":"pl_PL","og_type":"article","og_title":"The Colourist WYDANIE 3","og_description":"The Colourist to wyj\u0105tkowy i kolekcjonerski \u201ebookazine\u201d, ukazuj\u0105cy si\u0119 dwa razy w roku, po\u015bwi\u0119cony pasji Annie Sloan do kolor\u00f3w - oto jego 3 numer.","og_url":"https:\/\/www.anniesloan.com\/pl\/produkt\/ksiazki\/the-colourist-wydanie-trzy\/","og_site_name":"Annie Sloan PL","article_modified_time":"2025-12-11T13:45:51+00:00","og_image":[{"width":1280,"height":1024,"url":"https:\/\/www.anniesloan.com\/pl\/wp-content\/uploads\/sites\/5\/2021\/05\/The-Colourist-Issue-3-by-Annie-Sloan-front-cover-2500.jpg","type":"image\/jpeg"}],"twitter_card":"summary_large_image","twitter_misc":{"Price":"&#122;&#322;75.00","Availability":"In stock"},"schema":{"@context":"https:\/\/schema.org","@graph":[{"@type":"WebPage","@id":"https:\/\/www.anniesloan.com\/pl\/produkt\/ksiazki\/the-colourist-wydanie-trzy\/","url":"https:\/\/www.anniesloan.com\/pl\/produkt\/ksiazki\/the-colourist-wydanie-trzy\/","name":"The Colourist WYDANIE 3 - Ksi\u0105\u017cki - Annie Sloan PL","isPartOf":{"@id":"https:\/\/www.anniesloan.com\/pl\/#website"},"primaryImageOfPage":{"@id":"https:\/\/www.anniesloan.com\/pl\/produkt\/ksiazki\/the-colourist-wydanie-trzy\/#primaryimage"},"image":{"@id":"https:\/\/www.anniesloan.com\/pl\/produkt\/ksiazki\/the-colourist-wydanie-trzy\/#primaryimage"},"thumbnailUrl":"https:\/\/www.anniesloan.com\/pl\/wp-content\/uploads\/sites\/5\/2021\/05\/The-Colourist-Issue-3-by-Annie-Sloan-front-cover-2500.jpg","datePublished":"2020-02-10T10:12:33+00:00","dateModified":"2025-12-11T13:45:51+00:00","description":"The Colourist to wyj\u0105tkowy i kolekcjonerski \u201ebookazine\u201d, ukazuj\u0105cy si\u0119 dwa razy w roku, po\u015bwi\u0119cony pasji Annie Sloan do kolor\u00f3w - oto jego 3 numer.","breadcrumb":{"@id":"https:\/\/www.anniesloan.com\/pl\/produkt\/ksiazki\/the-colourist-wydanie-trzy\/#breadcrumb"},"inLanguage":"pl-PL","potentialAction":[{"@type":"ReadAction","target":["https:\/\/www.anniesloan.com\/pl\/produkt\/ksiazki\/the-colourist-wydanie-trzy\/"]}]},{"@type":"ImageObject","inLanguage":"pl-PL","@id":"https:\/\/www.anniesloan.com\/pl\/produkt\/ksiazki\/the-colourist-wydanie-trzy\/#primaryimage","url":"https:\/\/www.anniesloan.com\/pl\/wp-content\/uploads\/sites\/5\/2021\/05\/The-Colourist-Issue-3-by-Annie-Sloan-front-cover-2500.jpg","contentUrl":"https:\/\/www.anniesloan.com\/pl\/wp-content\/uploads\/sites\/5\/2021\/05\/The-Colourist-Issue-3-by-Annie-Sloan-front-cover-2500.jpg","width":1280,"height":1024,"caption":"The Colourist Issue 3 by Annie Sloan front cover"},{"@type":"BreadcrumbList","@id":"https:\/\/www.anniesloan.com\/pl\/produkt\/ksiazki\/the-colourist-wydanie-trzy\/#breadcrumb","itemListElement":[{"@type":"ListItem","position":1,"name":"Produkty","item":"https:\/\/www.anniesloan.com\/pl\/produkty\/"},{"@type":"ListItem","position":2,"name":"Ksi\u0105\u017cki","item":"https:\/\/www.anniesloan.com\/pl\/produkty\/ksiazki\/"},{"@type":"ListItem","position":3,"name":"The Colourist WYDANIE 3"}]},{"@type":"WebSite","@id":"https:\/\/www.anniesloan.com\/pl\/#website","url":"https:\/\/www.anniesloan.com\/pl\/","name":"Annie Sloan PL","description":"Home of Chalk Paint","potentialAction":[{"@type":"SearchAction","target":{"@type":"EntryPoint","urlTemplate":"https:\/\/www.anniesloan.com\/pl\/?s={search_term_string}"},"query-input":{"@type":"PropertyValueSpecification","valueRequired":true,"valueName":"search_term_string"}}],"inLanguage":"pl-PL"}]},"product_price_amount":"75.00","product_price_currency":"PLN","og_availability":"instock","product_availability":"instock","product_retailer_item_id":"TCTB002.1901.09","product_condition":"new"},"_links":{"self":[{"href":"https:\/\/www.anniesloan.com\/pl\/wp-json\/wp\/v2\/product\/21542","targetHints":{"allow":["GET"]}}],"collection":[{"href":"https:\/\/www.anniesloan.com\/pl\/wp-json\/wp\/v2\/product"}],"about":[{"href":"https:\/\/www.anniesloan.com\/pl\/wp-json\/wp\/v2\/types\/product"}],"wp:featuredmedia":[{"embeddable":true,"href":"https:\/\/www.anniesloan.com\/pl\/wp-json\/wp\/v2\/media\/21543"}],"wp:attachment":[{"href":"https:\/\/www.anniesloan.com\/pl\/wp-json\/wp\/v2\/media?parent=21542"}],"wp:term":[{"taxonomy":"product_brand","embeddable":true,"href":"https:\/\/www.anniesloan.com\/pl\/wp-json\/wp\/v2\/product_brand?post=21542"},{"taxonomy":"product_cat","embeddable":true,"href":"https:\/\/www.anniesloan.com\/pl\/wp-json\/wp\/v2\/product_cat?post=21542"},{"taxonomy":"product_tag","embeddable":true,"href":"https:\/\/www.anniesloan.com\/pl\/wp-json\/wp\/v2\/product_tag?post=21542"}],"curies":[{"name":"wp","href":"https:\/\/api.w.org\/{rel}","templated":true}]}}