{"id":21523,"date":"2020-02-10T10:39:29","date_gmt":"2020-02-10T09:39:29","guid":{"rendered":"https:\/\/www.anniesloan.com\/product\/charleston-paint-your-own-keepsake-box\/"},"modified":"2025-10-06T10:45:23","modified_gmt":"2025-10-06T08:45:23","slug":"charleston-pomaluj-swoja-wlasna-szkatulke","status":"publish","type":"product","link":"https:\/\/www.anniesloan.com\/pl\/produkt\/upominki-i-zestawy\/charleston-pomaluj-swoja-wlasna-szkatulke\/","title":{"rendered":"ANNIE SLOAN I CHARLESTON: POMALUJ SWOJ\u0104 W\u0141ASN\u0104 SZKATU\u0141K\u0118"},"content":{"rendered":"","protected":false},"excerpt":{"rendered":"<div class=\"[ c-ProductSingleDetail__description ] [ c-PageContent ]\">\n<p>Annie stworzy\u0142a limitowan\u0105 edycj\u0119 trzech nowych kolor\u00f3w, inspirowanych radosnym wykorzystaniem farb i kolor\u00f3w w pomieszczeniach wiejskiej posiad\u0142o\u015bci Charleston.<\/p>\n<p><strong>Rodmell:<\/strong>\u00a0g\u0142\u0119boki, \u015bliwkowy fiolet.<\/p>\n<p><strong>Tilton:<\/strong>\u00a0g\u0142\u0119boka, ziemista musztarda.<\/p>\n<p><strong>Firle:<\/strong>\u00a0\u015bwie\u017ca, orze\u017awiaj\u0105ca i wyrazista ziele\u0144.<\/p>\n<p>Zestaw \u201ePomaluj swoj\u0105 w\u0142asn\u0105 szkatu\u0142k\u0119\u201d zawiera wszystkie trzy z limitowanych kolor\u00f3w oraz dwa neutralne kolory z palety farb Chalk Paint\u2122 i bezbarwny wosk Chalk Paint\u2122 Wax. Taka ilo\u015b\u0107 materia\u0142\u00f3w wystarczy na pomalowanie o wiele wi\u0119cej ni\u017c tylko szkatu\u0142ki!<\/p>\n<p>Zestaw zawiera puszki farby Chalk Paint w kolorach Rodmell, Tilton, Firle, Original i Graphite o pojemno\u015bci 120 ml. Otrzymasz r\u00f3wnie\u017c puszk\u0119 bezbarwnego wosku Chalk Paint\u2122 Wax, szmatk\u0119 do wosku, p\u0119dzle do detali (du\u017cy okr\u0105g\u0142y i du\u017cy p\u0142aski) oraz przewodnik pe\u0142en inspiracji.<\/p>\n<p>Wi\u0119cej informacji na temat tej wsp\u00f3\u0142pracy znale\u017a\u0107 mo\u017cna na stronie\u00a0<a href=\"https:\/\/www.anniesloan.com\/pl\/wspolpraca\/charleston\/\">Annie Sloan i Charleston<\/a>.<\/p>\n<\/div>\n","protected":false},"featured_media":21495,"template":"","meta":{"_acf_changed":false,"_relevanssi_hide_post":"","_relevanssi_hide_content":"","_relevanssi_pin_for_all":"","_relevanssi_pin_keywords":"","_relevanssi_unpin_keywords":"","_relevanssi_related_keywords":"","_relevanssi_related_include_ids":"","_relevanssi_related_exclude_ids":"","_relevanssi_related_no_append":"","_relevanssi_related_not_related":"","_relevanssi_related_posts":"","_relevanssi_noindex_reason":""},"product_brand":[],"product_cat":[65],"product_tag":[],"class_list":{"0":"post-21523","1":"product","2":"type-product","3":"status-publish","4":"has-post-thumbnail","6":"product_cat-upominki-i-zestawy","8":"first","9":"instock","10":"taxable","11":"shipping-taxable","12":"purchasable","13":"product-type-simple"},"acf":[],"yoast_head":"<!-- This site is optimized with the Yoast SEO Premium plugin v26.5 (Yoast SEO v26.5) - https:\/\/yoast.com\/wordpress\/plugins\/seo\/ -->\n<title>ANNIE SLOAN I CHARLESTON: POMALUJ SWOJ\u0104 W\u0141ASN\u0104 SZKATU\u0141K\u0118 - Annie Sloan PL<\/title>\n<meta name=\"description\" content=\"Zestaw \u201ePomaluj swoj\u0105 w\u0142asn\u0105 szkatu\u0142k\u0119\u201d ma trzy kolory inspirowane Charleston z limitowanej edycji Firle, Rodmell i Tilton oraz neutralne kolory, wosk i p\u0119dzle\" \/>\n<meta name=\"robots\" content=\"index, follow, max-snippet:-1, max-image-preview:large, max-video-preview:-1\" \/>\n<link rel=\"canonical\" href=\"https:\/\/www.anniesloan.com\/pl\/produkt\/upominki-i-zestawy\/charleston-pomaluj-swoja-wlasna-szkatulke\/\" \/>\n<meta property=\"og:locale\" content=\"pl_PL\" \/>\n<meta property=\"og:type\" content=\"article\" \/>\n<meta property=\"og:title\" content=\"ANNIE SLOAN I CHARLESTON: POMALUJ SWOJ\u0104 W\u0141ASN\u0104 SZKATU\u0141K\u0118\" \/>\n<meta property=\"og:description\" content=\"Zestaw \u201ePomaluj swoj\u0105 w\u0142asn\u0105 szkatu\u0142k\u0119\u201d ma trzy kolory inspirowane Charleston z limitowanej edycji Firle, Rodmell i Tilton oraz neutralne kolory, wosk i p\u0119dzle\" \/>\n<meta property=\"og:url\" content=\"https:\/\/www.anniesloan.com\/pl\/produkt\/upominki-i-zestawy\/charleston-pomaluj-swoja-wlasna-szkatulke\/\" \/>\n<meta property=\"og:site_name\" content=\"Annie Sloan PL\" \/>\n<meta property=\"article:modified_time\" content=\"2025-10-06T08:45:23+00:00\" \/>\n<meta property=\"og:image\" content=\"https:\/\/www.anniesloan.com\/pl\/wp-content\/uploads\/sites\/5\/2021\/05\/Annie-Sloan-with-Charleston-Keepsake-Box-with-Firle-Rodmell-and-Tilton-2500.jpg\" \/>\n\t<meta property=\"og:image:width\" content=\"1280\" \/>\n\t<meta property=\"og:image:height\" content=\"1024\" \/>\n\t<meta property=\"og:image:type\" content=\"image\/jpeg\" \/>\n<meta name=\"twitter:card\" content=\"summary_large_image\" \/>\n<meta name=\"twitter:label1\" content=\"Price\" \/>\n\t<meta name=\"twitter:data1\" content=\"&#122;&#322;377.00\" \/>\n\t<meta name=\"twitter:label2\" content=\"Availability\" \/>\n\t<meta name=\"twitter:data2\" content=\"In stock\" \/>\n<script type=\"application\/ld+json\" class=\"yoast-schema-graph\">{\"@context\":\"https:\/\/schema.org\",\"@graph\":[{\"@type\":\"WebPage\",\"@id\":\"https:\/\/www.anniesloan.com\/pl\/produkt\/upominki-i-zestawy\/charleston-pomaluj-swoja-wlasna-szkatulke\/\",\"url\":\"https:\/\/www.anniesloan.com\/pl\/produkt\/upominki-i-zestawy\/charleston-pomaluj-swoja-wlasna-szkatulke\/\",\"name\":\"ANNIE SLOAN I CHARLESTON: POMALUJ SWOJ\u0104 W\u0141ASN\u0104 SZKATU\u0141K\u0118 - Annie Sloan PL\",\"isPartOf\":{\"@id\":\"https:\/\/www.anniesloan.com\/pl\/#website\"},\"primaryImageOfPage\":{\"@id\":\"https:\/\/www.anniesloan.com\/pl\/produkt\/upominki-i-zestawy\/charleston-pomaluj-swoja-wlasna-szkatulke\/#primaryimage\"},\"image\":{\"@id\":\"https:\/\/www.anniesloan.com\/pl\/produkt\/upominki-i-zestawy\/charleston-pomaluj-swoja-wlasna-szkatulke\/#primaryimage\"},\"thumbnailUrl\":\"https:\/\/www.anniesloan.com\/pl\/wp-content\/uploads\/sites\/5\/2021\/05\/Annie-Sloan-with-Charleston-Keepsake-Box-with-Firle-Rodmell-and-Tilton-2500.jpg\",\"datePublished\":\"2020-02-10T09:39:29+00:00\",\"dateModified\":\"2025-10-06T08:45:23+00:00\",\"description\":\"Zestaw \u201ePomaluj swoj\u0105 w\u0142asn\u0105 szkatu\u0142k\u0119\u201d ma trzy kolory inspirowane Charleston z limitowanej edycji Firle, Rodmell i Tilton oraz neutralne kolory, wosk i p\u0119dzle\",\"breadcrumb\":{\"@id\":\"https:\/\/www.anniesloan.com\/pl\/produkt\/upominki-i-zestawy\/charleston-pomaluj-swoja-wlasna-szkatulke\/#breadcrumb\"},\"inLanguage\":\"pl-PL\",\"potentialAction\":[{\"@type\":\"ReadAction\",\"target\":[\"https:\/\/www.anniesloan.com\/pl\/produkt\/upominki-i-zestawy\/charleston-pomaluj-swoja-wlasna-szkatulke\/\"]}]},{\"@type\":\"ImageObject\",\"inLanguage\":\"pl-PL\",\"@id\":\"https:\/\/www.anniesloan.com\/pl\/produkt\/upominki-i-zestawy\/charleston-pomaluj-swoja-wlasna-szkatulke\/#primaryimage\",\"url\":\"https:\/\/www.anniesloan.com\/pl\/wp-content\/uploads\/sites\/5\/2021\/05\/Annie-Sloan-with-Charleston-Keepsake-Box-with-Firle-Rodmell-and-Tilton-2500.jpg\",\"contentUrl\":\"https:\/\/www.anniesloan.com\/pl\/wp-content\/uploads\/sites\/5\/2021\/05\/Annie-Sloan-with-Charleston-Keepsake-Box-with-Firle-Rodmell-and-Tilton-2500.jpg\",\"width\":1280,\"height\":1024,\"caption\":\"Annie Sloan with Charleston Keepsake Box with Chalk Paint\u00ae in Firle, Rodmell, Tilton, Graphite and Original\"},{\"@type\":\"BreadcrumbList\",\"@id\":\"https:\/\/www.anniesloan.com\/pl\/produkt\/upominki-i-zestawy\/charleston-pomaluj-swoja-wlasna-szkatulke\/#breadcrumb\",\"itemListElement\":[{\"@type\":\"ListItem\",\"position\":1,\"name\":\"Produkty\",\"item\":\"https:\/\/www.anniesloan.com\/pl\/produkty\/\"},{\"@type\":\"ListItem\",\"position\":2,\"name\":\"Upominki i Zestawy\",\"item\":\"https:\/\/www.anniesloan.com\/pl\/produkty\/upominki-i-zestawy\/\"},{\"@type\":\"ListItem\",\"position\":3,\"name\":\"ANNIE SLOAN I CHARLESTON: POMALUJ SWOJ\u0104 W\u0141ASN\u0104 SZKATU\u0141K\u0118\"}]},{\"@type\":\"WebSite\",\"@id\":\"https:\/\/www.anniesloan.com\/pl\/#website\",\"url\":\"https:\/\/www.anniesloan.com\/pl\/\",\"name\":\"Annie Sloan PL\",\"description\":\"Home of Chalk Paint\",\"potentialAction\":[{\"@type\":\"SearchAction\",\"target\":{\"@type\":\"EntryPoint\",\"urlTemplate\":\"https:\/\/www.anniesloan.com\/pl\/?s={search_term_string}\"},\"query-input\":{\"@type\":\"PropertyValueSpecification\",\"valueRequired\":true,\"valueName\":\"search_term_string\"}}],\"inLanguage\":\"pl-PL\"}]}<\/script>\n<meta property=\"product:price:amount\" content=\"377.00\" \/>\n<meta property=\"product:price:currency\" content=\"PLN\" \/>\n<meta property=\"og:availability\" content=\"instock\" \/>\n<meta property=\"product:availability\" content=\"instock\" \/>\n<meta property=\"product:retailer_item_id\" content=\"CHWS001.XXXX.09\" \/>\n<meta property=\"product:condition\" content=\"new\" \/>\n<!-- \/ Yoast SEO Premium plugin. -->","yoast_head_json":{"title":"ANNIE SLOAN I CHARLESTON: POMALUJ SWOJ\u0104 W\u0141ASN\u0104 SZKATU\u0141K\u0118 - Annie Sloan PL","description":"Zestaw \u201ePomaluj swoj\u0105 w\u0142asn\u0105 szkatu\u0142k\u0119\u201d ma trzy kolory inspirowane Charleston z limitowanej edycji Firle, Rodmell i Tilton oraz neutralne kolory, wosk i p\u0119dzle","robots":{"index":"index","follow":"follow","max-snippet":"max-snippet:-1","max-image-preview":"max-image-preview:large","max-video-preview":"max-video-preview:-1"},"canonical":"https:\/\/www.anniesloan.com\/pl\/produkt\/upominki-i-zestawy\/charleston-pomaluj-swoja-wlasna-szkatulke\/","og_locale":"pl_PL","og_type":"article","og_title":"ANNIE SLOAN I CHARLESTON: POMALUJ SWOJ\u0104 W\u0141ASN\u0104 SZKATU\u0141K\u0118","og_description":"Zestaw \u201ePomaluj swoj\u0105 w\u0142asn\u0105 szkatu\u0142k\u0119\u201d ma trzy kolory inspirowane Charleston z limitowanej edycji Firle, Rodmell i Tilton oraz neutralne kolory, wosk i p\u0119dzle","og_url":"https:\/\/www.anniesloan.com\/pl\/produkt\/upominki-i-zestawy\/charleston-pomaluj-swoja-wlasna-szkatulke\/","og_site_name":"Annie Sloan PL","article_modified_time":"2025-10-06T08:45:23+00:00","og_image":[{"width":1280,"height":1024,"url":"https:\/\/www.anniesloan.com\/pl\/wp-content\/uploads\/sites\/5\/2021\/05\/Annie-Sloan-with-Charleston-Keepsake-Box-with-Firle-Rodmell-and-Tilton-2500.jpg","type":"image\/jpeg"}],"twitter_card":"summary_large_image","twitter_misc":{"Price":"&#122;&#322;377.00","Availability":"In stock"},"schema":{"@context":"https:\/\/schema.org","@graph":[{"@type":"WebPage","@id":"https:\/\/www.anniesloan.com\/pl\/produkt\/upominki-i-zestawy\/charleston-pomaluj-swoja-wlasna-szkatulke\/","url":"https:\/\/www.anniesloan.com\/pl\/produkt\/upominki-i-zestawy\/charleston-pomaluj-swoja-wlasna-szkatulke\/","name":"ANNIE SLOAN I CHARLESTON: POMALUJ SWOJ\u0104 W\u0141ASN\u0104 SZKATU\u0141K\u0118 - Annie Sloan PL","isPartOf":{"@id":"https:\/\/www.anniesloan.com\/pl\/#website"},"primaryImageOfPage":{"@id":"https:\/\/www.anniesloan.com\/pl\/produkt\/upominki-i-zestawy\/charleston-pomaluj-swoja-wlasna-szkatulke\/#primaryimage"},"image":{"@id":"https:\/\/www.anniesloan.com\/pl\/produkt\/upominki-i-zestawy\/charleston-pomaluj-swoja-wlasna-szkatulke\/#primaryimage"},"thumbnailUrl":"https:\/\/www.anniesloan.com\/pl\/wp-content\/uploads\/sites\/5\/2021\/05\/Annie-Sloan-with-Charleston-Keepsake-Box-with-Firle-Rodmell-and-Tilton-2500.jpg","datePublished":"2020-02-10T09:39:29+00:00","dateModified":"2025-10-06T08:45:23+00:00","description":"Zestaw \u201ePomaluj swoj\u0105 w\u0142asn\u0105 szkatu\u0142k\u0119\u201d ma trzy kolory inspirowane Charleston z limitowanej edycji Firle, Rodmell i Tilton oraz neutralne kolory, wosk i p\u0119dzle","breadcrumb":{"@id":"https:\/\/www.anniesloan.com\/pl\/produkt\/upominki-i-zestawy\/charleston-pomaluj-swoja-wlasna-szkatulke\/#breadcrumb"},"inLanguage":"pl-PL","potentialAction":[{"@type":"ReadAction","target":["https:\/\/www.anniesloan.com\/pl\/produkt\/upominki-i-zestawy\/charleston-pomaluj-swoja-wlasna-szkatulke\/"]}]},{"@type":"ImageObject","inLanguage":"pl-PL","@id":"https:\/\/www.anniesloan.com\/pl\/produkt\/upominki-i-zestawy\/charleston-pomaluj-swoja-wlasna-szkatulke\/#primaryimage","url":"https:\/\/www.anniesloan.com\/pl\/wp-content\/uploads\/sites\/5\/2021\/05\/Annie-Sloan-with-Charleston-Keepsake-Box-with-Firle-Rodmell-and-Tilton-2500.jpg","contentUrl":"https:\/\/www.anniesloan.com\/pl\/wp-content\/uploads\/sites\/5\/2021\/05\/Annie-Sloan-with-Charleston-Keepsake-Box-with-Firle-Rodmell-and-Tilton-2500.jpg","width":1280,"height":1024,"caption":"Annie Sloan with Charleston Keepsake Box with Chalk Paint\u00ae in Firle, Rodmell, Tilton, Graphite and Original"},{"@type":"BreadcrumbList","@id":"https:\/\/www.anniesloan.com\/pl\/produkt\/upominki-i-zestawy\/charleston-pomaluj-swoja-wlasna-szkatulke\/#breadcrumb","itemListElement":[{"@type":"ListItem","position":1,"name":"Produkty","item":"https:\/\/www.anniesloan.com\/pl\/produkty\/"},{"@type":"ListItem","position":2,"name":"Upominki i Zestawy","item":"https:\/\/www.anniesloan.com\/pl\/produkty\/upominki-i-zestawy\/"},{"@type":"ListItem","position":3,"name":"ANNIE SLOAN I CHARLESTON: POMALUJ SWOJ\u0104 W\u0141ASN\u0104 SZKATU\u0141K\u0118"}]},{"@type":"WebSite","@id":"https:\/\/www.anniesloan.com\/pl\/#website","url":"https:\/\/www.anniesloan.com\/pl\/","name":"Annie Sloan PL","description":"Home of Chalk Paint","potentialAction":[{"@type":"SearchAction","target":{"@type":"EntryPoint","urlTemplate":"https:\/\/www.anniesloan.com\/pl\/?s={search_term_string}"},"query-input":{"@type":"PropertyValueSpecification","valueRequired":true,"valueName":"search_term_string"}}],"inLanguage":"pl-PL"}]},"product_price_amount":"377.00","product_price_currency":"PLN","og_availability":"instock","product_availability":"instock","product_retailer_item_id":"CHWS001.XXXX.09","product_condition":"new"},"_links":{"self":[{"href":"https:\/\/www.anniesloan.com\/pl\/wp-json\/wp\/v2\/product\/21523","targetHints":{"allow":["GET"]}}],"collection":[{"href":"https:\/\/www.anniesloan.com\/pl\/wp-json\/wp\/v2\/product"}],"about":[{"href":"https:\/\/www.anniesloan.com\/pl\/wp-json\/wp\/v2\/types\/product"}],"wp:featuredmedia":[{"embeddable":true,"href":"https:\/\/www.anniesloan.com\/pl\/wp-json\/wp\/v2\/media\/21495"}],"wp:attachment":[{"href":"https:\/\/www.anniesloan.com\/pl\/wp-json\/wp\/v2\/media?parent=21523"}],"wp:term":[{"taxonomy":"product_brand","embeddable":true,"href":"https:\/\/www.anniesloan.com\/pl\/wp-json\/wp\/v2\/product_brand?post=21523"},{"taxonomy":"product_cat","embeddable":true,"href":"https:\/\/www.anniesloan.com\/pl\/wp-json\/wp\/v2\/product_cat?post=21523"},{"taxonomy":"product_tag","embeddable":true,"href":"https:\/\/www.anniesloan.com\/pl\/wp-json\/wp\/v2\/product_tag?post=21523"}],"curies":[{"name":"wp","href":"https:\/\/api.w.org\/{rel}","templated":true}]}}