{"id":21468,"date":"2020-02-10T10:39:29","date_gmt":"2020-02-10T09:39:29","guid":{"rendered":"https:\/\/www.anniesloan.com\/product\/charleston-decorative-paint-set-in-firle\/"},"modified":"2026-02-20T08:45:27","modified_gmt":"2026-02-20T07:45:27","slug":"charleston-zestaw-farb-dekoracyjnych-firle","status":"publish","type":"product","link":"https:\/\/www.anniesloan.com\/pl\/produkt\/upominki-i-zestawy\/charleston-zestaw-farb-dekoracyjnych-firle\/","title":{"rendered":"ANNIE SLOAN I CHARLESTON: ZESTAW FARB DEKORACYJNYCH FIRLE"},"content":{"rendered":"","protected":false},"excerpt":{"rendered":"<div class=\"[ c-ProductSingleDetail__description ] [ c-PageContent ]\">\n<p>Annie stworzy\u0142a limitowan\u0105 edycj\u0119 trzech nowych kolor\u00f3w, inspirowanych radosnym wykorzystaniem farb i kolor\u00f3w w pomieszczeniach wiejskiej posiad\u0142o\u015bci Charleston.<\/p>\n<p>Ka\u017cdy z kolor\u00f3w stanowi cz\u0119\u015b\u0107 Zestawu farb dekoracyjnych. Zestawy zawieraj\u0105 jeden z nowych kolor\u00f3w, dwa kolory dope\u0142niaj\u0105ce z palety farb Chalk Paint\u2122 oraz puszk\u0119 bezbarwnego wosku Chalk Paint\u2122 Wax o pojemno\u015bci 120 ml. Produkty te wystarcz\u0105 na pomalowanie projektu takiego jak krzes\u0142o lub niewielki stolik. Porady i wskaz\u00f3wki znale\u017a\u0107 mo\u017cna w do\u0142\u0105czonym przewodniku z inspiracjami.<\/p>\n<p>Ten Zestaw farb dekoracyjnych zawiera puszk\u0119 farby Chalk Paint\u2122 w kolorze Firle o pojemno\u015bci 120 ml. Firle to \u015bwie\u017ca, orze\u017awiaj\u0105ca i wyrazista ziele\u0144, kt\u00f3ra nawi\u0105zuje do przepi\u0119knego odcienia farby klejowej, jakim pomalowana zosta\u0142a \u015bciana wok\u00f3\u0142 kominka w gabinecie Clive\u2019a Bella.<\/p>\n<p>Opr\u00f3cz farby w kolorze Firle zestaw zawiera: farb\u0119 Chalk Paint\u2122 w kolorach Scandinavian Pink i Old White (120 ml), puszk\u0119 bezbarwnego wosku Chalk Paint\u2122 Wax (120 ml) oraz przewodnik pe\u0142en inspiracji.<\/p>\n<p>Wi\u0119cej informacji na temat tej wsp\u00f3\u0142pracy znale\u017a\u0107 mo\u017cna na stronie\u00a0<a href=\"https:\/\/www.anniesloan.com\/pl\/wspolpraca\/charleston\/\">Annie Sloan i Charleston<\/a>.<\/p>\n<\/div>\n","protected":false},"featured_media":21469,"template":"","meta":{"_acf_changed":false,"_relevanssi_hide_post":"","_relevanssi_hide_content":"","_relevanssi_pin_for_all":"","_relevanssi_pin_keywords":"","_relevanssi_unpin_keywords":"","_relevanssi_related_keywords":"","_relevanssi_related_include_ids":"","_relevanssi_related_exclude_ids":"","_relevanssi_related_no_append":"","_relevanssi_related_not_related":"","_relevanssi_related_posts":"","_relevanssi_noindex_reason":""},"product_brand":[],"product_cat":[65],"product_tag":[],"class_list":{"0":"post-21468","1":"product","2":"type-product","3":"status-publish","4":"has-post-thumbnail","6":"product_cat-upominki-i-zestawy","8":"first","9":"instock","10":"taxable","11":"shipping-taxable","12":"purchasable","13":"product-type-simple"},"acf":[],"yoast_head":"<!-- This site is optimized with the Yoast SEO Premium plugin v26.5 (Yoast SEO v26.5) - https:\/\/yoast.com\/wordpress\/plugins\/seo\/ -->\n<title>ANNIE SLOAN I CHARLESTON: ZESTAW FARB DEKORACYJNYCH FIRLE - Annie Sloan PL<\/title>\n<meta name=\"description\" content=\"Zestaw farb Firle, inspirowany zestawem Bloomsbury z Charleston, zawiera trzy kolory farb Chalk Paint\u2122 i wosk, co w zupe\u0142no\u015bci wystarczy aby odmieni\u0107 krzes\u0142o!\" \/>\n<meta name=\"robots\" content=\"index, follow, max-snippet:-1, max-image-preview:large, max-video-preview:-1\" \/>\n<link rel=\"canonical\" href=\"https:\/\/www.anniesloan.com\/pl\/produkt\/upominki-i-zestawy\/charleston-zestaw-farb-dekoracyjnych-firle\/\" \/>\n<meta property=\"og:locale\" content=\"pl_PL\" \/>\n<meta property=\"og:type\" content=\"article\" \/>\n<meta property=\"og:title\" content=\"ANNIE SLOAN I CHARLESTON: ZESTAW FARB DEKORACYJNYCH FIRLE\" \/>\n<meta property=\"og:description\" content=\"Zestaw farb Firle, inspirowany zestawem Bloomsbury z Charleston, zawiera trzy kolory farb Chalk Paint\u2122 i wosk, co w zupe\u0142no\u015bci wystarczy aby odmieni\u0107 krzes\u0142o!\" \/>\n<meta property=\"og:url\" content=\"https:\/\/www.anniesloan.com\/pl\/produkt\/upominki-i-zestawy\/charleston-zestaw-farb-dekoracyjnych-firle\/\" \/>\n<meta property=\"og:site_name\" content=\"Annie Sloan PL\" \/>\n<meta property=\"article:modified_time\" content=\"2026-02-20T07:45:27+00:00\" \/>\n<meta property=\"og:image\" content=\"https:\/\/www.anniesloan.com\/pl\/wp-content\/uploads\/sites\/5\/2021\/05\/Annie-Sloan-with-Charleston-Decorative-Paint-Set-in-Firle-2500.jpg\" \/>\n\t<meta property=\"og:image:width\" content=\"1280\" \/>\n\t<meta property=\"og:image:height\" content=\"1024\" \/>\n\t<meta property=\"og:image:type\" content=\"image\/jpeg\" \/>\n<meta name=\"twitter:card\" content=\"summary_large_image\" \/>\n<meta name=\"twitter:label1\" content=\"Price\" \/>\n\t<meta name=\"twitter:data1\" content=\"&#122;&#322;188.00\" \/>\n\t<meta name=\"twitter:label2\" content=\"Availability\" \/>\n\t<meta name=\"twitter:data2\" content=\"In stock\" \/>\n<script type=\"application\/ld+json\" class=\"yoast-schema-graph\">{\"@context\":\"https:\/\/schema.org\",\"@graph\":[{\"@type\":\"WebPage\",\"@id\":\"https:\/\/www.anniesloan.com\/pl\/produkt\/upominki-i-zestawy\/charleston-zestaw-farb-dekoracyjnych-firle\/\",\"url\":\"https:\/\/www.anniesloan.com\/pl\/produkt\/upominki-i-zestawy\/charleston-zestaw-farb-dekoracyjnych-firle\/\",\"name\":\"ANNIE SLOAN I CHARLESTON: ZESTAW FARB DEKORACYJNYCH FIRLE - Annie Sloan PL\",\"isPartOf\":{\"@id\":\"https:\/\/www.anniesloan.com\/pl\/#website\"},\"primaryImageOfPage\":{\"@id\":\"https:\/\/www.anniesloan.com\/pl\/produkt\/upominki-i-zestawy\/charleston-zestaw-farb-dekoracyjnych-firle\/#primaryimage\"},\"image\":{\"@id\":\"https:\/\/www.anniesloan.com\/pl\/produkt\/upominki-i-zestawy\/charleston-zestaw-farb-dekoracyjnych-firle\/#primaryimage\"},\"thumbnailUrl\":\"https:\/\/www.anniesloan.com\/pl\/wp-content\/uploads\/sites\/5\/2021\/05\/Annie-Sloan-with-Charleston-Decorative-Paint-Set-in-Firle-2500.jpg\",\"datePublished\":\"2020-02-10T09:39:29+00:00\",\"dateModified\":\"2026-02-20T07:45:27+00:00\",\"description\":\"Zestaw farb Firle, inspirowany zestawem Bloomsbury z Charleston, zawiera trzy kolory farb Chalk Paint\u2122 i wosk, co w zupe\u0142no\u015bci wystarczy aby odmieni\u0107 krzes\u0142o!\",\"breadcrumb\":{\"@id\":\"https:\/\/www.anniesloan.com\/pl\/produkt\/upominki-i-zestawy\/charleston-zestaw-farb-dekoracyjnych-firle\/#breadcrumb\"},\"inLanguage\":\"pl-PL\",\"potentialAction\":[{\"@type\":\"ReadAction\",\"target\":[\"https:\/\/www.anniesloan.com\/pl\/produkt\/upominki-i-zestawy\/charleston-zestaw-farb-dekoracyjnych-firle\/\"]}]},{\"@type\":\"ImageObject\",\"inLanguage\":\"pl-PL\",\"@id\":\"https:\/\/www.anniesloan.com\/pl\/produkt\/upominki-i-zestawy\/charleston-zestaw-farb-dekoracyjnych-firle\/#primaryimage\",\"url\":\"https:\/\/www.anniesloan.com\/pl\/wp-content\/uploads\/sites\/5\/2021\/05\/Annie-Sloan-with-Charleston-Decorative-Paint-Set-in-Firle-2500.jpg\",\"contentUrl\":\"https:\/\/www.anniesloan.com\/pl\/wp-content\/uploads\/sites\/5\/2021\/05\/Annie-Sloan-with-Charleston-Decorative-Paint-Set-in-Firle-2500.jpg\",\"width\":1280,\"height\":1024,\"caption\":\"Annie Sloan with Charleston Decorative Paint Set in Firle, Scandinavian Pink and Old White\"},{\"@type\":\"BreadcrumbList\",\"@id\":\"https:\/\/www.anniesloan.com\/pl\/produkt\/upominki-i-zestawy\/charleston-zestaw-farb-dekoracyjnych-firle\/#breadcrumb\",\"itemListElement\":[{\"@type\":\"ListItem\",\"position\":1,\"name\":\"Produkty\",\"item\":\"https:\/\/www.anniesloan.com\/pl\/produkty\/\"},{\"@type\":\"ListItem\",\"position\":2,\"name\":\"Upominki i Zestawy\",\"item\":\"https:\/\/www.anniesloan.com\/pl\/produkty\/upominki-i-zestawy\/\"},{\"@type\":\"ListItem\",\"position\":3,\"name\":\"ANNIE SLOAN I CHARLESTON: ZESTAW FARB DEKORACYJNYCH FIRLE\"}]},{\"@type\":\"WebSite\",\"@id\":\"https:\/\/www.anniesloan.com\/pl\/#website\",\"url\":\"https:\/\/www.anniesloan.com\/pl\/\",\"name\":\"Annie Sloan PL\",\"description\":\"Home of Chalk Paint\",\"potentialAction\":[{\"@type\":\"SearchAction\",\"target\":{\"@type\":\"EntryPoint\",\"urlTemplate\":\"https:\/\/www.anniesloan.com\/pl\/?s={search_term_string}\"},\"query-input\":{\"@type\":\"PropertyValueSpecification\",\"valueRequired\":true,\"valueName\":\"search_term_string\"}}],\"inLanguage\":\"pl-PL\"}]}<\/script>\n<meta property=\"product:price:amount\" content=\"188.00\" \/>\n<meta property=\"product:price:currency\" content=\"PLN\" \/>\n<meta property=\"og:availability\" content=\"instock\" \/>\n<meta property=\"product:availability\" content=\"instock\" \/>\n<meta property=\"product:retailer_item_id\" content=\"CHPS003.XXXX.09\" \/>\n<meta property=\"product:condition\" content=\"new\" \/>\n<!-- \/ Yoast SEO Premium plugin. -->","yoast_head_json":{"title":"ANNIE SLOAN I CHARLESTON: ZESTAW FARB DEKORACYJNYCH FIRLE - Annie Sloan PL","description":"Zestaw farb Firle, inspirowany zestawem Bloomsbury z Charleston, zawiera trzy kolory farb Chalk Paint\u2122 i wosk, co w zupe\u0142no\u015bci wystarczy aby odmieni\u0107 krzes\u0142o!","robots":{"index":"index","follow":"follow","max-snippet":"max-snippet:-1","max-image-preview":"max-image-preview:large","max-video-preview":"max-video-preview:-1"},"canonical":"https:\/\/www.anniesloan.com\/pl\/produkt\/upominki-i-zestawy\/charleston-zestaw-farb-dekoracyjnych-firle\/","og_locale":"pl_PL","og_type":"article","og_title":"ANNIE SLOAN I CHARLESTON: ZESTAW FARB DEKORACYJNYCH FIRLE","og_description":"Zestaw farb Firle, inspirowany zestawem Bloomsbury z Charleston, zawiera trzy kolory farb Chalk Paint\u2122 i wosk, co w zupe\u0142no\u015bci wystarczy aby odmieni\u0107 krzes\u0142o!","og_url":"https:\/\/www.anniesloan.com\/pl\/produkt\/upominki-i-zestawy\/charleston-zestaw-farb-dekoracyjnych-firle\/","og_site_name":"Annie Sloan PL","article_modified_time":"2026-02-20T07:45:27+00:00","og_image":[{"width":1280,"height":1024,"url":"https:\/\/www.anniesloan.com\/pl\/wp-content\/uploads\/sites\/5\/2021\/05\/Annie-Sloan-with-Charleston-Decorative-Paint-Set-in-Firle-2500.jpg","type":"image\/jpeg"}],"twitter_card":"summary_large_image","twitter_misc":{"Price":"&#122;&#322;188.00","Availability":"In stock"},"schema":{"@context":"https:\/\/schema.org","@graph":[{"@type":"WebPage","@id":"https:\/\/www.anniesloan.com\/pl\/produkt\/upominki-i-zestawy\/charleston-zestaw-farb-dekoracyjnych-firle\/","url":"https:\/\/www.anniesloan.com\/pl\/produkt\/upominki-i-zestawy\/charleston-zestaw-farb-dekoracyjnych-firle\/","name":"ANNIE SLOAN I CHARLESTON: ZESTAW FARB DEKORACYJNYCH FIRLE - Annie Sloan PL","isPartOf":{"@id":"https:\/\/www.anniesloan.com\/pl\/#website"},"primaryImageOfPage":{"@id":"https:\/\/www.anniesloan.com\/pl\/produkt\/upominki-i-zestawy\/charleston-zestaw-farb-dekoracyjnych-firle\/#primaryimage"},"image":{"@id":"https:\/\/www.anniesloan.com\/pl\/produkt\/upominki-i-zestawy\/charleston-zestaw-farb-dekoracyjnych-firle\/#primaryimage"},"thumbnailUrl":"https:\/\/www.anniesloan.com\/pl\/wp-content\/uploads\/sites\/5\/2021\/05\/Annie-Sloan-with-Charleston-Decorative-Paint-Set-in-Firle-2500.jpg","datePublished":"2020-02-10T09:39:29+00:00","dateModified":"2026-02-20T07:45:27+00:00","description":"Zestaw farb Firle, inspirowany zestawem Bloomsbury z Charleston, zawiera trzy kolory farb Chalk Paint\u2122 i wosk, co w zupe\u0142no\u015bci wystarczy aby odmieni\u0107 krzes\u0142o!","breadcrumb":{"@id":"https:\/\/www.anniesloan.com\/pl\/produkt\/upominki-i-zestawy\/charleston-zestaw-farb-dekoracyjnych-firle\/#breadcrumb"},"inLanguage":"pl-PL","potentialAction":[{"@type":"ReadAction","target":["https:\/\/www.anniesloan.com\/pl\/produkt\/upominki-i-zestawy\/charleston-zestaw-farb-dekoracyjnych-firle\/"]}]},{"@type":"ImageObject","inLanguage":"pl-PL","@id":"https:\/\/www.anniesloan.com\/pl\/produkt\/upominki-i-zestawy\/charleston-zestaw-farb-dekoracyjnych-firle\/#primaryimage","url":"https:\/\/www.anniesloan.com\/pl\/wp-content\/uploads\/sites\/5\/2021\/05\/Annie-Sloan-with-Charleston-Decorative-Paint-Set-in-Firle-2500.jpg","contentUrl":"https:\/\/www.anniesloan.com\/pl\/wp-content\/uploads\/sites\/5\/2021\/05\/Annie-Sloan-with-Charleston-Decorative-Paint-Set-in-Firle-2500.jpg","width":1280,"height":1024,"caption":"Annie Sloan with Charleston Decorative Paint Set in Firle, Scandinavian Pink and Old White"},{"@type":"BreadcrumbList","@id":"https:\/\/www.anniesloan.com\/pl\/produkt\/upominki-i-zestawy\/charleston-zestaw-farb-dekoracyjnych-firle\/#breadcrumb","itemListElement":[{"@type":"ListItem","position":1,"name":"Produkty","item":"https:\/\/www.anniesloan.com\/pl\/produkty\/"},{"@type":"ListItem","position":2,"name":"Upominki i Zestawy","item":"https:\/\/www.anniesloan.com\/pl\/produkty\/upominki-i-zestawy\/"},{"@type":"ListItem","position":3,"name":"ANNIE SLOAN I CHARLESTON: ZESTAW FARB DEKORACYJNYCH FIRLE"}]},{"@type":"WebSite","@id":"https:\/\/www.anniesloan.com\/pl\/#website","url":"https:\/\/www.anniesloan.com\/pl\/","name":"Annie Sloan PL","description":"Home of Chalk Paint","potentialAction":[{"@type":"SearchAction","target":{"@type":"EntryPoint","urlTemplate":"https:\/\/www.anniesloan.com\/pl\/?s={search_term_string}"},"query-input":{"@type":"PropertyValueSpecification","valueRequired":true,"valueName":"search_term_string"}}],"inLanguage":"pl-PL"}]},"product_price_amount":"188.00","product_price_currency":"PLN","og_availability":"instock","product_availability":"instock","product_retailer_item_id":"CHPS003.XXXX.09","product_condition":"new"},"_links":{"self":[{"href":"https:\/\/www.anniesloan.com\/pl\/wp-json\/wp\/v2\/product\/21468","targetHints":{"allow":["GET"]}}],"collection":[{"href":"https:\/\/www.anniesloan.com\/pl\/wp-json\/wp\/v2\/product"}],"about":[{"href":"https:\/\/www.anniesloan.com\/pl\/wp-json\/wp\/v2\/types\/product"}],"wp:featuredmedia":[{"embeddable":true,"href":"https:\/\/www.anniesloan.com\/pl\/wp-json\/wp\/v2\/media\/21469"}],"wp:attachment":[{"href":"https:\/\/www.anniesloan.com\/pl\/wp-json\/wp\/v2\/media?parent=21468"}],"wp:term":[{"taxonomy":"product_brand","embeddable":true,"href":"https:\/\/www.anniesloan.com\/pl\/wp-json\/wp\/v2\/product_brand?post=21468"},{"taxonomy":"product_cat","embeddable":true,"href":"https:\/\/www.anniesloan.com\/pl\/wp-json\/wp\/v2\/product_cat?post=21468"},{"taxonomy":"product_tag","embeddable":true,"href":"https:\/\/www.anniesloan.com\/pl\/wp-json\/wp\/v2\/product_tag?post=21468"}],"curies":[{"name":"wp","href":"https:\/\/api.w.org\/{rel}","templated":true}]}}