{"id":21049,"date":"2020-02-07T18:19:39","date_gmt":"2020-02-07T17:19:39","guid":{"rendered":"https:\/\/www.anniesloan.com\/product\/wall-paint-brushes\/"},"modified":"2026-04-29T10:45:55","modified_gmt":"2026-04-29T08:45:55","slug":"pedzle-do-malowania-scian","status":"publish","type":"product","link":"https:\/\/www.anniesloan.com\/pl\/produkt\/pedzle-i-narzedzia\/pedzle-do-malowania-scian\/","title":{"rendered":"P\u0119dzle do malowania \u015bcian"},"content":{"rendered":"","protected":false},"excerpt":{"rendered":"<p>P\u0119dzle do farby Wall Paint Annie Sloan wykonane s\u0105 z mieszanki w\u0142osia naturalnego. Zosta\u0142y specjalnie zaprojektowane tak, by malowanie nimi by\u0142o \u0142atwe i g\u0142adkie. Cechuje je wysoka liczba w\u0142\u00f3kien, dzi\u0119ki czemu p\u0119dzel przyjmuje wi\u0119cej farby, co umo\u017cliwia dobre pokrycie du\u017cych powierzchni. Ergonomiczna r\u0105czka umo\u017cliwia \u0142atwe nak\u0142adanie farby. Annie preferuje u\u017cywanie tych p\u0119dzli do malowania \u015bcian, gdy\u017c malowanie nimi nie zajmuje wi\u0119cej czasu ni\u017c malowanie wa\u0142kiem, a ponadto nadaj\u0105 one pi\u0119kn\u0105 faktur\u0119 na \u015bcianie.<\/p>\n<p>Dost\u0119pne w rozmiarze ma\u0142ym (3 cm x 7 cm) i du\u017cym (3 cm x 10 cm).<\/p>\n","protected":false},"featured_media":36779,"template":"","meta":{"_acf_changed":false,"_relevanssi_hide_post":"","_relevanssi_hide_content":"","_relevanssi_pin_for_all":"","_relevanssi_pin_keywords":"","_relevanssi_unpin_keywords":"","_relevanssi_related_keywords":"","_relevanssi_related_include_ids":"","_relevanssi_related_exclude_ids":"","_relevanssi_related_no_append":"","_relevanssi_related_not_related":"","_relevanssi_related_posts":"","_relevanssi_noindex_reason":""},"product_brand":[],"product_cat":[57],"product_tag":[],"class_list":{"0":"post-21049","1":"product","2":"type-product","3":"status-publish","4":"has-post-thumbnail","6":"product_cat-pedzle-i-narzedzia","7":"pa_brush-size-duzym","8":"pa_brush-size-malym","10":"first","11":"instock","12":"taxable","13":"shipping-taxable","14":"purchasable","15":"product-type-variable"},"acf":[],"yoast_head":"<!-- This site is optimized with the Yoast SEO Premium plugin v26.5 (Yoast SEO v26.5) - https:\/\/yoast.com\/wordpress\/plugins\/seo\/ -->\n<title>P\u0119dzle do malowania \u015bcian - Annie Sloan PL<\/title>\n<meta name=\"description\" content=\"P\u0119dzle do farby Wall Paint wykonane z mieszanki w\u0142osia syntetycznego i naturalnego zosta\u0142y zaprojektowane, aby malowanie farb\u0105 Wall Paint by\u0142o \u0142atwe i g\u0142adkie.\" \/>\n<meta name=\"robots\" content=\"index, follow, max-snippet:-1, max-image-preview:large, max-video-preview:-1\" \/>\n<link rel=\"canonical\" href=\"https:\/\/www.anniesloan.com\/pl\/produkt\/pedzle-i-narzedzia\/pedzle-do-malowania-scian\/\" \/>\n<meta property=\"og:locale\" content=\"pl_PL\" \/>\n<meta property=\"og:type\" content=\"article\" \/>\n<meta property=\"og:title\" content=\"P\u0119dzle do malowania \u015bcian\" \/>\n<meta property=\"og:description\" content=\"P\u0119dzle do farby Wall Paint wykonane z mieszanki w\u0142osia syntetycznego i naturalnego zosta\u0142y zaprojektowane, aby malowanie farb\u0105 Wall Paint by\u0142o \u0142atwe i g\u0142adkie.\" \/>\n<meta property=\"og:url\" content=\"https:\/\/www.anniesloan.com\/pl\/produkt\/pedzle-i-narzedzia\/pedzle-do-malowania-scian\/\" \/>\n<meta property=\"og:site_name\" content=\"Annie Sloan PL\" \/>\n<meta property=\"article:modified_time\" content=\"2026-04-29T08:45:55+00:00\" \/>\n<meta property=\"og:image\" content=\"https:\/\/www.anniesloan.com\/pl\/wp-content\/uploads\/sites\/5\/2020\/02\/230093-Wall-Paint-Brushes-Brown-Bristles-White-Bgrd-6-1280x1024-1.jpg\" \/>\n\t<meta property=\"og:image:width\" content=\"1280\" \/>\n\t<meta property=\"og:image:height\" content=\"1024\" \/>\n\t<meta property=\"og:image:type\" content=\"image\/jpeg\" \/>\n<meta name=\"twitter:card\" content=\"summary_large_image\" \/>\n<meta name=\"twitter:label1\" content=\"Availability\" \/>\n\t<meta name=\"twitter:data1\" content=\"In stock\" \/>\n<script type=\"application\/ld+json\" class=\"yoast-schema-graph\">{\"@context\":\"https:\/\/schema.org\",\"@graph\":[{\"@type\":\"WebPage\",\"@id\":\"https:\/\/www.anniesloan.com\/pl\/produkt\/pedzle-i-narzedzia\/pedzle-do-malowania-scian\/\",\"url\":\"https:\/\/www.anniesloan.com\/pl\/produkt\/pedzle-i-narzedzia\/pedzle-do-malowania-scian\/\",\"name\":\"P\u0119dzle do malowania \u015bcian - Annie Sloan PL\",\"isPartOf\":{\"@id\":\"https:\/\/www.anniesloan.com\/pl\/#website\"},\"primaryImageOfPage\":{\"@id\":\"https:\/\/www.anniesloan.com\/pl\/produkt\/pedzle-i-narzedzia\/pedzle-do-malowania-scian\/#primaryimage\"},\"image\":{\"@id\":\"https:\/\/www.anniesloan.com\/pl\/produkt\/pedzle-i-narzedzia\/pedzle-do-malowania-scian\/#primaryimage\"},\"thumbnailUrl\":\"https:\/\/www.anniesloan.com\/pl\/wp-content\/uploads\/sites\/5\/2020\/02\/230093-Wall-Paint-Brushes-Brown-Bristles-White-Bgrd-6-1280x1024-1.jpg\",\"datePublished\":\"2020-02-07T17:19:39+00:00\",\"dateModified\":\"2026-04-29T08:45:55+00:00\",\"description\":\"P\u0119dzle do farby Wall Paint wykonane z mieszanki w\u0142osia syntetycznego i naturalnego zosta\u0142y zaprojektowane, aby malowanie farb\u0105 Wall Paint by\u0142o \u0142atwe i g\u0142adkie.\",\"breadcrumb\":{\"@id\":\"https:\/\/www.anniesloan.com\/pl\/produkt\/pedzle-i-narzedzia\/pedzle-do-malowania-scian\/#breadcrumb\"},\"inLanguage\":\"pl-PL\",\"potentialAction\":[{\"@type\":\"ReadAction\",\"target\":[\"https:\/\/www.anniesloan.com\/pl\/produkt\/pedzle-i-narzedzia\/pedzle-do-malowania-scian\/\"]}]},{\"@type\":\"ImageObject\",\"inLanguage\":\"pl-PL\",\"@id\":\"https:\/\/www.anniesloan.com\/pl\/produkt\/pedzle-i-narzedzia\/pedzle-do-malowania-scian\/#primaryimage\",\"url\":\"https:\/\/www.anniesloan.com\/pl\/wp-content\/uploads\/sites\/5\/2020\/02\/230093-Wall-Paint-Brushes-Brown-Bristles-White-Bgrd-6-1280x1024-1.jpg\",\"contentUrl\":\"https:\/\/www.anniesloan.com\/pl\/wp-content\/uploads\/sites\/5\/2020\/02\/230093-Wall-Paint-Brushes-Brown-Bristles-White-Bgrd-6-1280x1024-1.jpg\",\"width\":1280,\"height\":1024},{\"@type\":\"BreadcrumbList\",\"@id\":\"https:\/\/www.anniesloan.com\/pl\/produkt\/pedzle-i-narzedzia\/pedzle-do-malowania-scian\/#breadcrumb\",\"itemListElement\":[{\"@type\":\"ListItem\",\"position\":1,\"name\":\"Produkty\",\"item\":\"https:\/\/www.anniesloan.com\/pl\/produkty\/\"},{\"@type\":\"ListItem\",\"position\":2,\"name\":\"P\u0119dzle i Narz\u0119dzia\",\"item\":\"https:\/\/www.anniesloan.com\/pl\/produkty\/pedzle-i-narzedzia\/\"},{\"@type\":\"ListItem\",\"position\":3,\"name\":\"P\u0119dzle do malowania \u015bcian\"}]},{\"@type\":\"WebSite\",\"@id\":\"https:\/\/www.anniesloan.com\/pl\/#website\",\"url\":\"https:\/\/www.anniesloan.com\/pl\/\",\"name\":\"Annie Sloan PL\",\"description\":\"Home of Chalk Paint\",\"potentialAction\":[{\"@type\":\"SearchAction\",\"target\":{\"@type\":\"EntryPoint\",\"urlTemplate\":\"https:\/\/www.anniesloan.com\/pl\/?s={search_term_string}\"},\"query-input\":{\"@type\":\"PropertyValueSpecification\",\"valueRequired\":true,\"valueName\":\"search_term_string\"}}],\"inLanguage\":\"pl-PL\"}]}<\/script>\n<meta property=\"og:availability\" content=\"instock\" \/>\n<meta property=\"product:availability\" content=\"instock\" \/>\n<meta property=\"product:retailer_item_id\" content=\"WALL-PAINT\" \/>\n<meta property=\"product:condition\" content=\"new\" \/>\n<!-- \/ Yoast SEO Premium plugin. -->","yoast_head_json":{"title":"P\u0119dzle do malowania \u015bcian - Annie Sloan PL","description":"P\u0119dzle do farby Wall Paint wykonane z mieszanki w\u0142osia syntetycznego i naturalnego zosta\u0142y zaprojektowane, aby malowanie farb\u0105 Wall Paint by\u0142o \u0142atwe i g\u0142adkie.","robots":{"index":"index","follow":"follow","max-snippet":"max-snippet:-1","max-image-preview":"max-image-preview:large","max-video-preview":"max-video-preview:-1"},"canonical":"https:\/\/www.anniesloan.com\/pl\/produkt\/pedzle-i-narzedzia\/pedzle-do-malowania-scian\/","og_locale":"pl_PL","og_type":"article","og_title":"P\u0119dzle do malowania \u015bcian","og_description":"P\u0119dzle do farby Wall Paint wykonane z mieszanki w\u0142osia syntetycznego i naturalnego zosta\u0142y zaprojektowane, aby malowanie farb\u0105 Wall Paint by\u0142o \u0142atwe i g\u0142adkie.","og_url":"https:\/\/www.anniesloan.com\/pl\/produkt\/pedzle-i-narzedzia\/pedzle-do-malowania-scian\/","og_site_name":"Annie Sloan PL","article_modified_time":"2026-04-29T08:45:55+00:00","og_image":[{"width":1280,"height":1024,"url":"https:\/\/www.anniesloan.com\/pl\/wp-content\/uploads\/sites\/5\/2020\/02\/230093-Wall-Paint-Brushes-Brown-Bristles-White-Bgrd-6-1280x1024-1.jpg","type":"image\/jpeg"}],"twitter_card":"summary_large_image","twitter_misc":{"Availability":"In stock"},"schema":{"@context":"https:\/\/schema.org","@graph":[{"@type":"WebPage","@id":"https:\/\/www.anniesloan.com\/pl\/produkt\/pedzle-i-narzedzia\/pedzle-do-malowania-scian\/","url":"https:\/\/www.anniesloan.com\/pl\/produkt\/pedzle-i-narzedzia\/pedzle-do-malowania-scian\/","name":"P\u0119dzle do malowania \u015bcian - Annie Sloan PL","isPartOf":{"@id":"https:\/\/www.anniesloan.com\/pl\/#website"},"primaryImageOfPage":{"@id":"https:\/\/www.anniesloan.com\/pl\/produkt\/pedzle-i-narzedzia\/pedzle-do-malowania-scian\/#primaryimage"},"image":{"@id":"https:\/\/www.anniesloan.com\/pl\/produkt\/pedzle-i-narzedzia\/pedzle-do-malowania-scian\/#primaryimage"},"thumbnailUrl":"https:\/\/www.anniesloan.com\/pl\/wp-content\/uploads\/sites\/5\/2020\/02\/230093-Wall-Paint-Brushes-Brown-Bristles-White-Bgrd-6-1280x1024-1.jpg","datePublished":"2020-02-07T17:19:39+00:00","dateModified":"2026-04-29T08:45:55+00:00","description":"P\u0119dzle do farby Wall Paint wykonane z mieszanki w\u0142osia syntetycznego i naturalnego zosta\u0142y zaprojektowane, aby malowanie farb\u0105 Wall Paint by\u0142o \u0142atwe i g\u0142adkie.","breadcrumb":{"@id":"https:\/\/www.anniesloan.com\/pl\/produkt\/pedzle-i-narzedzia\/pedzle-do-malowania-scian\/#breadcrumb"},"inLanguage":"pl-PL","potentialAction":[{"@type":"ReadAction","target":["https:\/\/www.anniesloan.com\/pl\/produkt\/pedzle-i-narzedzia\/pedzle-do-malowania-scian\/"]}]},{"@type":"ImageObject","inLanguage":"pl-PL","@id":"https:\/\/www.anniesloan.com\/pl\/produkt\/pedzle-i-narzedzia\/pedzle-do-malowania-scian\/#primaryimage","url":"https:\/\/www.anniesloan.com\/pl\/wp-content\/uploads\/sites\/5\/2020\/02\/230093-Wall-Paint-Brushes-Brown-Bristles-White-Bgrd-6-1280x1024-1.jpg","contentUrl":"https:\/\/www.anniesloan.com\/pl\/wp-content\/uploads\/sites\/5\/2020\/02\/230093-Wall-Paint-Brushes-Brown-Bristles-White-Bgrd-6-1280x1024-1.jpg","width":1280,"height":1024},{"@type":"BreadcrumbList","@id":"https:\/\/www.anniesloan.com\/pl\/produkt\/pedzle-i-narzedzia\/pedzle-do-malowania-scian\/#breadcrumb","itemListElement":[{"@type":"ListItem","position":1,"name":"Produkty","item":"https:\/\/www.anniesloan.com\/pl\/produkty\/"},{"@type":"ListItem","position":2,"name":"P\u0119dzle i Narz\u0119dzia","item":"https:\/\/www.anniesloan.com\/pl\/produkty\/pedzle-i-narzedzia\/"},{"@type":"ListItem","position":3,"name":"P\u0119dzle do malowania \u015bcian"}]},{"@type":"WebSite","@id":"https:\/\/www.anniesloan.com\/pl\/#website","url":"https:\/\/www.anniesloan.com\/pl\/","name":"Annie Sloan PL","description":"Home of Chalk Paint","potentialAction":[{"@type":"SearchAction","target":{"@type":"EntryPoint","urlTemplate":"https:\/\/www.anniesloan.com\/pl\/?s={search_term_string}"},"query-input":{"@type":"PropertyValueSpecification","valueRequired":true,"valueName":"search_term_string"}}],"inLanguage":"pl-PL"}]},"og_availability":"instock","product_availability":"instock","product_retailer_item_id":"WALL-PAINT","product_condition":"new"},"_links":{"self":[{"href":"https:\/\/www.anniesloan.com\/pl\/wp-json\/wp\/v2\/product\/21049","targetHints":{"allow":["GET"]}}],"collection":[{"href":"https:\/\/www.anniesloan.com\/pl\/wp-json\/wp\/v2\/product"}],"about":[{"href":"https:\/\/www.anniesloan.com\/pl\/wp-json\/wp\/v2\/types\/product"}],"wp:featuredmedia":[{"embeddable":true,"href":"https:\/\/www.anniesloan.com\/pl\/wp-json\/wp\/v2\/media\/36779"}],"wp:attachment":[{"href":"https:\/\/www.anniesloan.com\/pl\/wp-json\/wp\/v2\/media?parent=21049"}],"wp:term":[{"taxonomy":"product_brand","embeddable":true,"href":"https:\/\/www.anniesloan.com\/pl\/wp-json\/wp\/v2\/product_brand?post=21049"},{"taxonomy":"product_cat","embeddable":true,"href":"https:\/\/www.anniesloan.com\/pl\/wp-json\/wp\/v2\/product_cat?post=21049"},{"taxonomy":"product_tag","embeddable":true,"href":"https:\/\/www.anniesloan.com\/pl\/wp-json\/wp\/v2\/product_tag?post=21049"}],"curies":[{"name":"wp","href":"https:\/\/api.w.org\/{rel}","templated":true}]}}