{"id":20864,"date":"2020-02-07T16:39:21","date_gmt":"2020-02-07T15:39:21","guid":{"rendered":"https:\/\/www.anniesloan.com\/product\/chalk-paint-lacquer\/"},"modified":"2026-04-16T23:45:25","modified_gmt":"2026-04-16T21:45:25","slug":"lakier-chalk-paint","status":"publish","type":"product","link":"https:\/\/www.anniesloan.com\/pl\/produkt\/woski-i-inne-wykonczenia\/lakier-chalk-paint\/","title":{"rendered":"Lakier Chalk Paint\u2122 Lacquer"},"content":{"rendered":"","protected":false},"excerpt":{"rendered":"<p>Lakier Chalk Paint\u2122 to wysokoodporny poliakrylowy lakier na bazie wody, zapewniaj\u0105cy ochron\u0119 przed promieniowaniem UV. Nak\u0142adaj\u0105c go na farb\u0119 Chalk Paint\u2122, otrzymasz trwa\u0142e wyko\u0144czenie, odporne na codzienne u\u017cytkowanie, kt\u00f3re doskonale sprawdza si\u0119 na jadalnianych sto\u0142ach, meblach ogrodowych, pod\u0142ogach i listwach przypod\u0142ogowych. Lakier jest w pe\u0142ni przezroczysty, szybko schnie i nie \u017c\u00f3\u0142knie z up\u0142ywem czasu. Wi\u0119cej informacji znajdziesz w naszej\u00a0Broszurze informacyjnej.<\/p>\n<p>Dost\u0119pny w dw\u00f3ch wersjach: matowej i z po\u0142yskiem. Pojemno\u015b\u0107 puszki: 750 ml. Lakier matowy nadaje matowe wyko\u0144czenie i delikatnie przyciemnia kolor farby Chalk Paint\u2122, podobnie jak wosk Chalk Paint\u2122 Wax. Lakier z po\u0142yskiem nadaje delikatny po\u0142ysk, ale nie jest nadmiernie b\u0142yszcz\u0105cy.<\/p>\n","protected":false},"featured_media":33908,"template":"","meta":{"_acf_changed":false,"_relevanssi_hide_post":"","_relevanssi_hide_content":"","_relevanssi_pin_for_all":"","_relevanssi_pin_keywords":"","_relevanssi_unpin_keywords":"","_relevanssi_related_keywords":"","_relevanssi_related_include_ids":"","_relevanssi_related_exclude_ids":"","_relevanssi_related_no_append":"","_relevanssi_related_not_related":"","_relevanssi_related_posts":"","_relevanssi_noindex_reason":""},"product_brand":[],"product_cat":[44],"product_tag":[],"class_list":{"0":"post-20864","1":"product","2":"type-product","3":"status-publish","4":"has-post-thumbnail","6":"product_cat-woski-i-inne-wykonczenia","7":"pa_finish-matowej","8":"pa_finish-z-polyskiem","10":"first","11":"instock","12":"taxable","13":"shipping-taxable","14":"purchasable","15":"product-type-variable"},"acf":[],"yoast_head":"<!-- This site is optimized with the Yoast SEO Premium plugin v26.5 (Yoast SEO v26.5) - https:\/\/yoast.com\/wordpress\/plugins\/seo\/ -->\n<title>Lakier Chalk Paint\u2122 Lacquer - Annie Sloan PL<\/title>\n<meta name=\"description\" content=\"Lakier Chalk Paint\u2122 Lacquer to wysokoodporny poliakrylowy lakier na bazie wody, zapewniaj\u0105cy ochron\u0119 przed promieniowaniem UV - doskona\u0142y do mebli, pod\u0142\u00f3g itp.\" \/>\n<meta name=\"robots\" content=\"index, follow, max-snippet:-1, max-image-preview:large, max-video-preview:-1\" \/>\n<link rel=\"canonical\" href=\"https:\/\/www.anniesloan.com\/pl\/produkt\/woski-i-inne-wykonczenia\/lakier-chalk-paint\/\" \/>\n<meta property=\"og:locale\" content=\"pl_PL\" \/>\n<meta property=\"og:type\" content=\"article\" \/>\n<meta property=\"og:title\" content=\"Lakier Chalk Paint\u2122 Lacquer\" \/>\n<meta property=\"og:description\" content=\"Lakier Chalk Paint\u2122 Lacquer to wysokoodporny poliakrylowy lakier na bazie wody, zapewniaj\u0105cy ochron\u0119 przed promieniowaniem UV - doskona\u0142y do mebli, pod\u0142\u00f3g itp.\" \/>\n<meta property=\"og:url\" content=\"https:\/\/www.anniesloan.com\/pl\/produkt\/woski-i-inne-wykonczenia\/lakier-chalk-paint\/\" \/>\n<meta property=\"og:site_name\" content=\"Annie Sloan PL\" \/>\n<meta property=\"article:modified_time\" content=\"2026-04-16T21:45:25+00:00\" \/>\n<meta property=\"og:image\" content=\"https:\/\/www.anniesloan.com\/pl\/wp-content\/uploads\/sites\/5\/2020\/02\/Untitled-1.jpg\" \/>\n\t<meta property=\"og:image:width\" content=\"2000\" \/>\n\t<meta property=\"og:image:height\" content=\"2000\" \/>\n\t<meta property=\"og:image:type\" content=\"image\/jpeg\" \/>\n<meta name=\"twitter:card\" content=\"summary_large_image\" \/>\n<meta name=\"twitter:label1\" content=\"Availability\" \/>\n\t<meta name=\"twitter:data1\" content=\"In stock\" \/>\n<script type=\"application\/ld+json\" class=\"yoast-schema-graph\">{\"@context\":\"https:\/\/schema.org\",\"@graph\":[{\"@type\":\"WebPage\",\"@id\":\"https:\/\/www.anniesloan.com\/pl\/produkt\/woski-i-inne-wykonczenia\/lakier-chalk-paint\/\",\"url\":\"https:\/\/www.anniesloan.com\/pl\/produkt\/woski-i-inne-wykonczenia\/lakier-chalk-paint\/\",\"name\":\"Lakier Chalk Paint\u2122 Lacquer - Annie Sloan PL\",\"isPartOf\":{\"@id\":\"https:\/\/www.anniesloan.com\/pl\/#website\"},\"primaryImageOfPage\":{\"@id\":\"https:\/\/www.anniesloan.com\/pl\/produkt\/woski-i-inne-wykonczenia\/lakier-chalk-paint\/#primaryimage\"},\"image\":{\"@id\":\"https:\/\/www.anniesloan.com\/pl\/produkt\/woski-i-inne-wykonczenia\/lakier-chalk-paint\/#primaryimage\"},\"thumbnailUrl\":\"https:\/\/www.anniesloan.com\/pl\/wp-content\/uploads\/sites\/5\/2020\/02\/Untitled-1.jpg\",\"datePublished\":\"2020-02-07T15:39:21+00:00\",\"dateModified\":\"2026-04-16T21:45:25+00:00\",\"description\":\"Lakier Chalk Paint\u2122 Lacquer to wysokoodporny poliakrylowy lakier na bazie wody, zapewniaj\u0105cy ochron\u0119 przed promieniowaniem UV - doskona\u0142y do mebli, pod\u0142\u00f3g itp.\",\"breadcrumb\":{\"@id\":\"https:\/\/www.anniesloan.com\/pl\/produkt\/woski-i-inne-wykonczenia\/lakier-chalk-paint\/#breadcrumb\"},\"inLanguage\":\"pl-PL\",\"potentialAction\":[{\"@type\":\"ReadAction\",\"target\":[\"https:\/\/www.anniesloan.com\/pl\/produkt\/woski-i-inne-wykonczenia\/lakier-chalk-paint\/\"]}]},{\"@type\":\"ImageObject\",\"inLanguage\":\"pl-PL\",\"@id\":\"https:\/\/www.anniesloan.com\/pl\/produkt\/woski-i-inne-wykonczenia\/lakier-chalk-paint\/#primaryimage\",\"url\":\"https:\/\/www.anniesloan.com\/pl\/wp-content\/uploads\/sites\/5\/2020\/02\/Untitled-1.jpg\",\"contentUrl\":\"https:\/\/www.anniesloan.com\/pl\/wp-content\/uploads\/sites\/5\/2020\/02\/Untitled-1.jpg\",\"width\":2000,\"height\":2000},{\"@type\":\"BreadcrumbList\",\"@id\":\"https:\/\/www.anniesloan.com\/pl\/produkt\/woski-i-inne-wykonczenia\/lakier-chalk-paint\/#breadcrumb\",\"itemListElement\":[{\"@type\":\"ListItem\",\"position\":1,\"name\":\"Produkty\",\"item\":\"https:\/\/www.anniesloan.com\/pl\/produkty\/\"},{\"@type\":\"ListItem\",\"position\":2,\"name\":\"Woski i inne wyko\u0144czenia\",\"item\":\"https:\/\/www.anniesloan.com\/pl\/produkty\/woski-i-inne-wykonczenia\/\"},{\"@type\":\"ListItem\",\"position\":3,\"name\":\"Lakier Chalk Paint\u2122 Lacquer\"}]},{\"@type\":\"WebSite\",\"@id\":\"https:\/\/www.anniesloan.com\/pl\/#website\",\"url\":\"https:\/\/www.anniesloan.com\/pl\/\",\"name\":\"Annie Sloan PL\",\"description\":\"Home of Chalk Paint\",\"potentialAction\":[{\"@type\":\"SearchAction\",\"target\":{\"@type\":\"EntryPoint\",\"urlTemplate\":\"https:\/\/www.anniesloan.com\/pl\/?s={search_term_string}\"},\"query-input\":{\"@type\":\"PropertyValueSpecification\",\"valueRequired\":true,\"valueName\":\"search_term_string\"}}],\"inLanguage\":\"pl-PL\"}]}<\/script>\n<meta property=\"og:availability\" content=\"instock\" \/>\n<meta property=\"product:availability\" content=\"instock\" \/>\n<meta property=\"product:retailer_item_id\" content=\"LACQUER\" \/>\n<meta property=\"product:condition\" content=\"new\" \/>\n<!-- \/ Yoast SEO Premium plugin. -->","yoast_head_json":{"title":"Lakier Chalk Paint\u2122 Lacquer - Annie Sloan PL","description":"Lakier Chalk Paint\u2122 Lacquer to wysokoodporny poliakrylowy lakier na bazie wody, zapewniaj\u0105cy ochron\u0119 przed promieniowaniem UV - doskona\u0142y do mebli, pod\u0142\u00f3g itp.","robots":{"index":"index","follow":"follow","max-snippet":"max-snippet:-1","max-image-preview":"max-image-preview:large","max-video-preview":"max-video-preview:-1"},"canonical":"https:\/\/www.anniesloan.com\/pl\/produkt\/woski-i-inne-wykonczenia\/lakier-chalk-paint\/","og_locale":"pl_PL","og_type":"article","og_title":"Lakier Chalk Paint\u2122 Lacquer","og_description":"Lakier Chalk Paint\u2122 Lacquer to wysokoodporny poliakrylowy lakier na bazie wody, zapewniaj\u0105cy ochron\u0119 przed promieniowaniem UV - doskona\u0142y do mebli, pod\u0142\u00f3g itp.","og_url":"https:\/\/www.anniesloan.com\/pl\/produkt\/woski-i-inne-wykonczenia\/lakier-chalk-paint\/","og_site_name":"Annie Sloan PL","article_modified_time":"2026-04-16T21:45:25+00:00","og_image":[{"width":2000,"height":2000,"url":"https:\/\/www.anniesloan.com\/pl\/wp-content\/uploads\/sites\/5\/2020\/02\/Untitled-1.jpg","type":"image\/jpeg"}],"twitter_card":"summary_large_image","twitter_misc":{"Availability":"In stock"},"schema":{"@context":"https:\/\/schema.org","@graph":[{"@type":"WebPage","@id":"https:\/\/www.anniesloan.com\/pl\/produkt\/woski-i-inne-wykonczenia\/lakier-chalk-paint\/","url":"https:\/\/www.anniesloan.com\/pl\/produkt\/woski-i-inne-wykonczenia\/lakier-chalk-paint\/","name":"Lakier Chalk Paint\u2122 Lacquer - Annie Sloan PL","isPartOf":{"@id":"https:\/\/www.anniesloan.com\/pl\/#website"},"primaryImageOfPage":{"@id":"https:\/\/www.anniesloan.com\/pl\/produkt\/woski-i-inne-wykonczenia\/lakier-chalk-paint\/#primaryimage"},"image":{"@id":"https:\/\/www.anniesloan.com\/pl\/produkt\/woski-i-inne-wykonczenia\/lakier-chalk-paint\/#primaryimage"},"thumbnailUrl":"https:\/\/www.anniesloan.com\/pl\/wp-content\/uploads\/sites\/5\/2020\/02\/Untitled-1.jpg","datePublished":"2020-02-07T15:39:21+00:00","dateModified":"2026-04-16T21:45:25+00:00","description":"Lakier Chalk Paint\u2122 Lacquer to wysokoodporny poliakrylowy lakier na bazie wody, zapewniaj\u0105cy ochron\u0119 przed promieniowaniem UV - doskona\u0142y do mebli, pod\u0142\u00f3g itp.","breadcrumb":{"@id":"https:\/\/www.anniesloan.com\/pl\/produkt\/woski-i-inne-wykonczenia\/lakier-chalk-paint\/#breadcrumb"},"inLanguage":"pl-PL","potentialAction":[{"@type":"ReadAction","target":["https:\/\/www.anniesloan.com\/pl\/produkt\/woski-i-inne-wykonczenia\/lakier-chalk-paint\/"]}]},{"@type":"ImageObject","inLanguage":"pl-PL","@id":"https:\/\/www.anniesloan.com\/pl\/produkt\/woski-i-inne-wykonczenia\/lakier-chalk-paint\/#primaryimage","url":"https:\/\/www.anniesloan.com\/pl\/wp-content\/uploads\/sites\/5\/2020\/02\/Untitled-1.jpg","contentUrl":"https:\/\/www.anniesloan.com\/pl\/wp-content\/uploads\/sites\/5\/2020\/02\/Untitled-1.jpg","width":2000,"height":2000},{"@type":"BreadcrumbList","@id":"https:\/\/www.anniesloan.com\/pl\/produkt\/woski-i-inne-wykonczenia\/lakier-chalk-paint\/#breadcrumb","itemListElement":[{"@type":"ListItem","position":1,"name":"Produkty","item":"https:\/\/www.anniesloan.com\/pl\/produkty\/"},{"@type":"ListItem","position":2,"name":"Woski i inne wyko\u0144czenia","item":"https:\/\/www.anniesloan.com\/pl\/produkty\/woski-i-inne-wykonczenia\/"},{"@type":"ListItem","position":3,"name":"Lakier Chalk Paint\u2122 Lacquer"}]},{"@type":"WebSite","@id":"https:\/\/www.anniesloan.com\/pl\/#website","url":"https:\/\/www.anniesloan.com\/pl\/","name":"Annie Sloan PL","description":"Home of Chalk Paint","potentialAction":[{"@type":"SearchAction","target":{"@type":"EntryPoint","urlTemplate":"https:\/\/www.anniesloan.com\/pl\/?s={search_term_string}"},"query-input":{"@type":"PropertyValueSpecification","valueRequired":true,"valueName":"search_term_string"}}],"inLanguage":"pl-PL"}]},"og_availability":"instock","product_availability":"instock","product_retailer_item_id":"LACQUER","product_condition":"new"},"_links":{"self":[{"href":"https:\/\/www.anniesloan.com\/pl\/wp-json\/wp\/v2\/product\/20864","targetHints":{"allow":["GET"]}}],"collection":[{"href":"https:\/\/www.anniesloan.com\/pl\/wp-json\/wp\/v2\/product"}],"about":[{"href":"https:\/\/www.anniesloan.com\/pl\/wp-json\/wp\/v2\/types\/product"}],"wp:featuredmedia":[{"embeddable":true,"href":"https:\/\/www.anniesloan.com\/pl\/wp-json\/wp\/v2\/media\/33908"}],"wp:attachment":[{"href":"https:\/\/www.anniesloan.com\/pl\/wp-json\/wp\/v2\/media?parent=20864"}],"wp:term":[{"taxonomy":"product_brand","embeddable":true,"href":"https:\/\/www.anniesloan.com\/pl\/wp-json\/wp\/v2\/product_brand?post=20864"},{"taxonomy":"product_cat","embeddable":true,"href":"https:\/\/www.anniesloan.com\/pl\/wp-json\/wp\/v2\/product_cat?post=20864"},{"taxonomy":"product_tag","embeddable":true,"href":"https:\/\/www.anniesloan.com\/pl\/wp-json\/wp\/v2\/product_tag?post=20864"}],"curies":[{"name":"wp","href":"https:\/\/api.w.org\/{rel}","templated":true}]}}