{"id":20847,"date":"2020-02-07T16:33:56","date_gmt":"2020-02-07T15:33:56","guid":{"rendered":"https:\/\/www.anniesloan.com\/product\/black-chalk-paint-wax\/"},"modified":"2026-04-30T11:45:58","modified_gmt":"2026-04-30T09:45:58","slug":"czarny-wosk","status":"publish","type":"product","link":"https:\/\/www.anniesloan.com\/pl\/produkt\/woski-i-inne-wykonczenia\/czarny-wosk\/","title":{"rendered":"Czarny wosk Chalk Paint\u2122 Wax"},"content":{"rendered":"","protected":false},"excerpt":{"rendered":"<p>Czarny wosk Chalk Paint\u2122 nada malowanym przedmiotom ch\u0142odne, ciemne wyko\u0144czenie, podkre\u015blaj\u0105c faktur\u0119 \u015blad\u00f3w p\u0119dzla i rze\u017abie\u0144 oraz przyciemniaj\u0105c i wzbogacaj\u0105c kolory. U\u017cywaj go z bezbarwnym woskiem Chalk Paint\u2122, aby zabezpiecza\u0107 i chroni\u0107 meble i \u015bciany malowane farb\u0105 dekoracyjn\u0105 Chalk Paint\u2122.<\/p>\n<p>Najpierw na\u0142\u00f3\u017c cienk\u0105 warstw\u0119 bazow\u0105 bezbarwnego wosku i zbierz jego nadmiar czyst\u0105 \u015bciereczk\u0105. Nast\u0119pnie na\u0142\u00f3\u017c czarny wosk, wcieraj\u0105c go w pomalowan\u0105 powierzchni\u0119, aby wydoby\u0107 \u015blady p\u0119dzla i podkre\u015bli\u0107 wg\u0142\u0119bienia. Usu\u0144 jego nadmiar przy pomocy bezbarwnego wosku.<\/p>\n","protected":false},"featured_media":20848,"template":"","meta":{"_acf_changed":false,"_relevanssi_hide_post":"","_relevanssi_hide_content":"","_relevanssi_pin_for_all":"","_relevanssi_pin_keywords":"","_relevanssi_unpin_keywords":"","_relevanssi_related_keywords":"","_relevanssi_related_include_ids":"","_relevanssi_related_exclude_ids":"","_relevanssi_related_no_append":"","_relevanssi_related_not_related":"","_relevanssi_related_posts":"","_relevanssi_noindex_reason":""},"product_brand":[],"product_cat":[44,65],"product_tag":[],"class_list":{"0":"post-20847","1":"product","2":"type-product","3":"status-publish","4":"has-post-thumbnail","6":"product_cat-woski-i-inne-wykonczenia","7":"product_cat-upominki-i-zestawy","8":"pa_size-120ml","9":"pa_size-500ml","11":"first","12":"instock","13":"taxable","14":"shipping-taxable","15":"purchasable","16":"product-type-variable"},"acf":[],"yoast_head":"<!-- This site is optimized with the Yoast SEO Premium plugin v26.5 (Yoast SEO v26.5) - https:\/\/yoast.com\/wordpress\/plugins\/seo\/ -->\n<title>Czarny wosk Chalk Paint\u2122 Wax - Annie Sloan PL<\/title>\n<meta name=\"description\" content=\"Czarny wosk Chalk Paint\u2122 Wax nada malowanym przedmiotom ciemne wyko\u0144czenie, podkre\u015blaj\u0105c faktur\u0119 \u015blad\u00f3w p\u0119dzla i rze\u017abie\u0144 iprzyciemniaj\u0105c i wzbogacaj\u0105c kolory.\" \/>\n<meta name=\"robots\" content=\"index, follow, max-snippet:-1, max-image-preview:large, max-video-preview:-1\" \/>\n<link rel=\"canonical\" href=\"https:\/\/www.anniesloan.com\/pl\/produkt\/woski-i-inne-wykonczenia\/czarny-wosk\/\" \/>\n<meta property=\"og:locale\" content=\"pl_PL\" \/>\n<meta property=\"og:type\" content=\"article\" \/>\n<meta property=\"og:title\" content=\"Czarny wosk Chalk Paint\u2122 Wax\" \/>\n<meta property=\"og:description\" content=\"Czarny wosk Chalk Paint\u2122 Wax nada malowanym przedmiotom ciemne wyko\u0144czenie, podkre\u015blaj\u0105c faktur\u0119 \u015blad\u00f3w p\u0119dzla i rze\u017abie\u0144 iprzyciemniaj\u0105c i wzbogacaj\u0105c kolory.\" \/>\n<meta property=\"og:url\" content=\"https:\/\/www.anniesloan.com\/pl\/produkt\/woski-i-inne-wykonczenia\/czarny-wosk\/\" \/>\n<meta property=\"og:site_name\" content=\"Annie Sloan PL\" \/>\n<meta property=\"article:modified_time\" content=\"2026-04-30T09:45:58+00:00\" \/>\n<meta property=\"og:image\" content=\"https:\/\/www.anniesloan.com\/pl\/wp-content\/uploads\/sites\/5\/2021\/05\/Black-Chalk-Paint-Wax-500ml-and-120ml-LORES-RGB.jpg\" \/>\n\t<meta property=\"og:image:width\" content=\"2000\" \/>\n\t<meta property=\"og:image:height\" content=\"2000\" \/>\n\t<meta property=\"og:image:type\" content=\"image\/jpeg\" \/>\n<meta name=\"twitter:card\" content=\"summary_large_image\" \/>\n<meta name=\"twitter:label1\" content=\"Availability\" \/>\n\t<meta name=\"twitter:data1\" content=\"In stock\" \/>\n<script type=\"application\/ld+json\" class=\"yoast-schema-graph\">{\"@context\":\"https:\/\/schema.org\",\"@graph\":[{\"@type\":\"WebPage\",\"@id\":\"https:\/\/www.anniesloan.com\/pl\/produkt\/woski-i-inne-wykonczenia\/czarny-wosk\/\",\"url\":\"https:\/\/www.anniesloan.com\/pl\/produkt\/woski-i-inne-wykonczenia\/czarny-wosk\/\",\"name\":\"Czarny wosk Chalk Paint\u2122 Wax - Annie Sloan PL\",\"isPartOf\":{\"@id\":\"https:\/\/www.anniesloan.com\/pl\/#website\"},\"primaryImageOfPage\":{\"@id\":\"https:\/\/www.anniesloan.com\/pl\/produkt\/woski-i-inne-wykonczenia\/czarny-wosk\/#primaryimage\"},\"image\":{\"@id\":\"https:\/\/www.anniesloan.com\/pl\/produkt\/woski-i-inne-wykonczenia\/czarny-wosk\/#primaryimage\"},\"thumbnailUrl\":\"https:\/\/www.anniesloan.com\/pl\/wp-content\/uploads\/sites\/5\/2021\/05\/Black-Chalk-Paint-Wax-500ml-and-120ml-LORES-RGB.jpg\",\"datePublished\":\"2020-02-07T15:33:56+00:00\",\"dateModified\":\"2026-04-30T09:45:58+00:00\",\"description\":\"Czarny wosk Chalk Paint\u2122 Wax nada malowanym przedmiotom ciemne wyko\u0144czenie, podkre\u015blaj\u0105c faktur\u0119 \u015blad\u00f3w p\u0119dzla i rze\u017abie\u0144 iprzyciemniaj\u0105c i wzbogacaj\u0105c kolory.\",\"breadcrumb\":{\"@id\":\"https:\/\/www.anniesloan.com\/pl\/produkt\/woski-i-inne-wykonczenia\/czarny-wosk\/#breadcrumb\"},\"inLanguage\":\"pl-PL\",\"potentialAction\":[{\"@type\":\"ReadAction\",\"target\":[\"https:\/\/www.anniesloan.com\/pl\/produkt\/woski-i-inne-wykonczenia\/czarny-wosk\/\"]}]},{\"@type\":\"ImageObject\",\"inLanguage\":\"pl-PL\",\"@id\":\"https:\/\/www.anniesloan.com\/pl\/produkt\/woski-i-inne-wykonczenia\/czarny-wosk\/#primaryimage\",\"url\":\"https:\/\/www.anniesloan.com\/pl\/wp-content\/uploads\/sites\/5\/2021\/05\/Black-Chalk-Paint-Wax-500ml-and-120ml-LORES-RGB.jpg\",\"contentUrl\":\"https:\/\/www.anniesloan.com\/pl\/wp-content\/uploads\/sites\/5\/2021\/05\/Black-Chalk-Paint-Wax-500ml-and-120ml-LORES-RGB.jpg\",\"width\":2000,\"height\":2000},{\"@type\":\"BreadcrumbList\",\"@id\":\"https:\/\/www.anniesloan.com\/pl\/produkt\/woski-i-inne-wykonczenia\/czarny-wosk\/#breadcrumb\",\"itemListElement\":[{\"@type\":\"ListItem\",\"position\":1,\"name\":\"Produkty\",\"item\":\"https:\/\/www.anniesloan.com\/pl\/produkty\/\"},{\"@type\":\"ListItem\",\"position\":2,\"name\":\"Woski i inne wyko\u0144czenia\",\"item\":\"https:\/\/www.anniesloan.com\/pl\/produkty\/woski-i-inne-wykonczenia\/\"},{\"@type\":\"ListItem\",\"position\":3,\"name\":\"Czarny wosk Chalk Paint\u2122 Wax\"}]},{\"@type\":\"WebSite\",\"@id\":\"https:\/\/www.anniesloan.com\/pl\/#website\",\"url\":\"https:\/\/www.anniesloan.com\/pl\/\",\"name\":\"Annie Sloan PL\",\"description\":\"Home of Chalk Paint\",\"potentialAction\":[{\"@type\":\"SearchAction\",\"target\":{\"@type\":\"EntryPoint\",\"urlTemplate\":\"https:\/\/www.anniesloan.com\/pl\/?s={search_term_string}\"},\"query-input\":{\"@type\":\"PropertyValueSpecification\",\"valueRequired\":true,\"valueName\":\"search_term_string\"}}],\"inLanguage\":\"pl-PL\"}]}<\/script>\n<meta property=\"og:availability\" content=\"instock\" \/>\n<meta property=\"product:availability\" content=\"instock\" \/>\n<meta property=\"product:retailer_item_id\" content=\"BLACK-WAX\" \/>\n<meta property=\"product:condition\" content=\"new\" \/>\n<!-- \/ Yoast SEO Premium plugin. -->","yoast_head_json":{"title":"Czarny wosk Chalk Paint\u2122 Wax - Annie Sloan PL","description":"Czarny wosk Chalk Paint\u2122 Wax nada malowanym przedmiotom ciemne wyko\u0144czenie, podkre\u015blaj\u0105c faktur\u0119 \u015blad\u00f3w p\u0119dzla i rze\u017abie\u0144 iprzyciemniaj\u0105c i wzbogacaj\u0105c kolory.","robots":{"index":"index","follow":"follow","max-snippet":"max-snippet:-1","max-image-preview":"max-image-preview:large","max-video-preview":"max-video-preview:-1"},"canonical":"https:\/\/www.anniesloan.com\/pl\/produkt\/woski-i-inne-wykonczenia\/czarny-wosk\/","og_locale":"pl_PL","og_type":"article","og_title":"Czarny wosk Chalk Paint\u2122 Wax","og_description":"Czarny wosk Chalk Paint\u2122 Wax nada malowanym przedmiotom ciemne wyko\u0144czenie, podkre\u015blaj\u0105c faktur\u0119 \u015blad\u00f3w p\u0119dzla i rze\u017abie\u0144 iprzyciemniaj\u0105c i wzbogacaj\u0105c kolory.","og_url":"https:\/\/www.anniesloan.com\/pl\/produkt\/woski-i-inne-wykonczenia\/czarny-wosk\/","og_site_name":"Annie Sloan PL","article_modified_time":"2026-04-30T09:45:58+00:00","og_image":[{"width":2000,"height":2000,"url":"https:\/\/www.anniesloan.com\/pl\/wp-content\/uploads\/sites\/5\/2021\/05\/Black-Chalk-Paint-Wax-500ml-and-120ml-LORES-RGB.jpg","type":"image\/jpeg"}],"twitter_card":"summary_large_image","twitter_misc":{"Availability":"In stock"},"schema":{"@context":"https:\/\/schema.org","@graph":[{"@type":"WebPage","@id":"https:\/\/www.anniesloan.com\/pl\/produkt\/woski-i-inne-wykonczenia\/czarny-wosk\/","url":"https:\/\/www.anniesloan.com\/pl\/produkt\/woski-i-inne-wykonczenia\/czarny-wosk\/","name":"Czarny wosk Chalk Paint\u2122 Wax - Annie Sloan PL","isPartOf":{"@id":"https:\/\/www.anniesloan.com\/pl\/#website"},"primaryImageOfPage":{"@id":"https:\/\/www.anniesloan.com\/pl\/produkt\/woski-i-inne-wykonczenia\/czarny-wosk\/#primaryimage"},"image":{"@id":"https:\/\/www.anniesloan.com\/pl\/produkt\/woski-i-inne-wykonczenia\/czarny-wosk\/#primaryimage"},"thumbnailUrl":"https:\/\/www.anniesloan.com\/pl\/wp-content\/uploads\/sites\/5\/2021\/05\/Black-Chalk-Paint-Wax-500ml-and-120ml-LORES-RGB.jpg","datePublished":"2020-02-07T15:33:56+00:00","dateModified":"2026-04-30T09:45:58+00:00","description":"Czarny wosk Chalk Paint\u2122 Wax nada malowanym przedmiotom ciemne wyko\u0144czenie, podkre\u015blaj\u0105c faktur\u0119 \u015blad\u00f3w p\u0119dzla i rze\u017abie\u0144 iprzyciemniaj\u0105c i wzbogacaj\u0105c kolory.","breadcrumb":{"@id":"https:\/\/www.anniesloan.com\/pl\/produkt\/woski-i-inne-wykonczenia\/czarny-wosk\/#breadcrumb"},"inLanguage":"pl-PL","potentialAction":[{"@type":"ReadAction","target":["https:\/\/www.anniesloan.com\/pl\/produkt\/woski-i-inne-wykonczenia\/czarny-wosk\/"]}]},{"@type":"ImageObject","inLanguage":"pl-PL","@id":"https:\/\/www.anniesloan.com\/pl\/produkt\/woski-i-inne-wykonczenia\/czarny-wosk\/#primaryimage","url":"https:\/\/www.anniesloan.com\/pl\/wp-content\/uploads\/sites\/5\/2021\/05\/Black-Chalk-Paint-Wax-500ml-and-120ml-LORES-RGB.jpg","contentUrl":"https:\/\/www.anniesloan.com\/pl\/wp-content\/uploads\/sites\/5\/2021\/05\/Black-Chalk-Paint-Wax-500ml-and-120ml-LORES-RGB.jpg","width":2000,"height":2000},{"@type":"BreadcrumbList","@id":"https:\/\/www.anniesloan.com\/pl\/produkt\/woski-i-inne-wykonczenia\/czarny-wosk\/#breadcrumb","itemListElement":[{"@type":"ListItem","position":1,"name":"Produkty","item":"https:\/\/www.anniesloan.com\/pl\/produkty\/"},{"@type":"ListItem","position":2,"name":"Woski i inne wyko\u0144czenia","item":"https:\/\/www.anniesloan.com\/pl\/produkty\/woski-i-inne-wykonczenia\/"},{"@type":"ListItem","position":3,"name":"Czarny wosk Chalk Paint\u2122 Wax"}]},{"@type":"WebSite","@id":"https:\/\/www.anniesloan.com\/pl\/#website","url":"https:\/\/www.anniesloan.com\/pl\/","name":"Annie Sloan PL","description":"Home of Chalk Paint","potentialAction":[{"@type":"SearchAction","target":{"@type":"EntryPoint","urlTemplate":"https:\/\/www.anniesloan.com\/pl\/?s={search_term_string}"},"query-input":{"@type":"PropertyValueSpecification","valueRequired":true,"valueName":"search_term_string"}}],"inLanguage":"pl-PL"}]},"og_availability":"instock","product_availability":"instock","product_retailer_item_id":"BLACK-WAX","product_condition":"new"},"_links":{"self":[{"href":"https:\/\/www.anniesloan.com\/pl\/wp-json\/wp\/v2\/product\/20847","targetHints":{"allow":["GET"]}}],"collection":[{"href":"https:\/\/www.anniesloan.com\/pl\/wp-json\/wp\/v2\/product"}],"about":[{"href":"https:\/\/www.anniesloan.com\/pl\/wp-json\/wp\/v2\/types\/product"}],"wp:featuredmedia":[{"embeddable":true,"href":"https:\/\/www.anniesloan.com\/pl\/wp-json\/wp\/v2\/media\/20848"}],"wp:attachment":[{"href":"https:\/\/www.anniesloan.com\/pl\/wp-json\/wp\/v2\/media?parent=20847"}],"wp:term":[{"taxonomy":"product_brand","embeddable":true,"href":"https:\/\/www.anniesloan.com\/pl\/wp-json\/wp\/v2\/product_brand?post=20847"},{"taxonomy":"product_cat","embeddable":true,"href":"https:\/\/www.anniesloan.com\/pl\/wp-json\/wp\/v2\/product_cat?post=20847"},{"taxonomy":"product_tag","embeddable":true,"href":"https:\/\/www.anniesloan.com\/pl\/wp-json\/wp\/v2\/product_tag?post=20847"}],"curies":[{"name":"wp","href":"https:\/\/api.w.org\/{rel}","templated":true}]}}