{"id":20069,"date":"2020-02-07T14:21:49","date_gmt":"2020-02-07T13:21:49","guid":{"rendered":"https:\/\/www.anniesloan.com\/product\/burgundy\/"},"modified":"2026-04-02T15:45:44","modified_gmt":"2026-04-02T13:45:44","slug":"burgundy","status":"publish","type":"product","link":"https:\/\/www.anniesloan.com\/pl\/produkt\/chalk-paint\/burgundy\/","title":{"rendered":"Burgundy"},"content":{"rendered":"","protected":false},"excerpt":{"rendered":"<p>Burgundy to intensywna, ciep\u0142a czerwie\u0144 dojrza\u0142ych, ciemnych czere\u015bni, inspirowana Pompejami. Mocno zwi\u0105zana jest tak\u017ce ze stylem neoklasycystycznym i doskonale wygl\u0105da na malowanych meblach.<\/p>\n","protected":false},"featured_media":20070,"template":"","meta":{"_acf_changed":false,"_relevanssi_hide_post":"","_relevanssi_hide_content":"","_relevanssi_pin_for_all":"","_relevanssi_pin_keywords":"","_relevanssi_unpin_keywords":"","_relevanssi_related_keywords":"","_relevanssi_related_include_ids":"","_relevanssi_related_exclude_ids":"","_relevanssi_related_no_append":"","_relevanssi_related_not_related":"","_relevanssi_related_posts":"","_relevanssi_noindex_reason":""},"product_brand":[],"product_cat":[19,34],"product_tag":[20],"class_list":{"0":"post-20069","1":"product","2":"type-product","3":"status-publish","4":"has-post-thumbnail","6":"product_cat-chalk-paint","7":"product_cat-czerwona","8":"product_tag-chalk-paint","9":"pa_colour-filter-czerwienie","10":"pa_finish-chalk-paint","11":"pa_size-120ml","12":"pa_size-1-litre-3","13":"pa_size-500ml","15":"first","16":"instock","17":"taxable","18":"shipping-taxable","19":"purchasable","20":"product-type-variable","21":"has-default-attributes"},"acf":[],"yoast_head":"<!-- This site is optimized with the Yoast SEO Premium plugin v26.5 (Yoast SEO v26.5) - https:\/\/yoast.com\/wordpress\/plugins\/seo\/ -->\n<title>Burgundy - Farba Chalk Paint\u2122 | Annie Sloan PL<\/title>\n<meta name=\"description\" content=\"Burgundy to intensywna, g\u0142\u0119boka, ciep\u0142a czerwie\u0144 dojrza\u0142ych, ciemnych czere\u015bni w palecie kolor\u00f3w Chalk Paint\u2122.\" \/>\n<meta name=\"robots\" content=\"index, follow, max-snippet:-1, max-image-preview:large, max-video-preview:-1\" \/>\n<link rel=\"canonical\" href=\"https:\/\/www.anniesloan.com\/pl\/produkt\/chalk-paint\/burgundy\/\" \/>\n<meta property=\"og:locale\" content=\"pl_PL\" \/>\n<meta property=\"og:type\" content=\"article\" \/>\n<meta property=\"og:title\" content=\"Burgundy\" \/>\n<meta property=\"og:description\" content=\"Burgundy to intensywna, g\u0142\u0119boka, ciep\u0142a czerwie\u0144 dojrza\u0142ych, ciemnych czere\u015bni w palecie kolor\u00f3w Chalk Paint\u2122.\" \/>\n<meta property=\"og:url\" content=\"https:\/\/www.anniesloan.com\/pl\/produkt\/chalk-paint\/burgundy\/\" \/>\n<meta property=\"og:site_name\" content=\"Annie Sloan PL\" \/>\n<meta property=\"article:modified_time\" content=\"2026-04-02T13:45:44+00:00\" \/>\n<meta property=\"og:image\" content=\"https:\/\/www.anniesloan.com\/pl\/wp-content\/uploads\/sites\/5\/2021\/05\/Burgundy-Chalk-Paint-swatch.jpg\" \/>\n\t<meta property=\"og:image:width\" content=\"1170\" \/>\n\t<meta property=\"og:image:height\" content=\"936\" \/>\n\t<meta property=\"og:image:type\" content=\"image\/jpeg\" \/>\n<meta name=\"twitter:card\" content=\"summary_large_image\" \/>\n<meta name=\"twitter:label1\" content=\"Availability\" \/>\n\t<meta name=\"twitter:data1\" content=\"In stock\" \/>\n<script type=\"application\/ld+json\" class=\"yoast-schema-graph\">{\"@context\":\"https:\/\/schema.org\",\"@graph\":[{\"@type\":\"WebPage\",\"@id\":\"https:\/\/www.anniesloan.com\/pl\/produkt\/chalk-paint\/burgundy\/\",\"url\":\"https:\/\/www.anniesloan.com\/pl\/produkt\/chalk-paint\/burgundy\/\",\"name\":\"Burgundy - Farba Chalk Paint\u2122 | Annie Sloan PL\",\"isPartOf\":{\"@id\":\"https:\/\/www.anniesloan.com\/pl\/#website\"},\"primaryImageOfPage\":{\"@id\":\"https:\/\/www.anniesloan.com\/pl\/produkt\/chalk-paint\/burgundy\/#primaryimage\"},\"image\":{\"@id\":\"https:\/\/www.anniesloan.com\/pl\/produkt\/chalk-paint\/burgundy\/#primaryimage\"},\"thumbnailUrl\":\"https:\/\/www.anniesloan.com\/pl\/wp-content\/uploads\/sites\/5\/2021\/05\/Burgundy-Chalk-Paint-swatch.jpg\",\"datePublished\":\"2020-02-07T13:21:49+00:00\",\"dateModified\":\"2026-04-02T13:45:44+00:00\",\"description\":\"Burgundy to intensywna, g\u0142\u0119boka, ciep\u0142a czerwie\u0144 dojrza\u0142ych, ciemnych czere\u015bni w palecie kolor\u00f3w Chalk Paint\u2122.\",\"breadcrumb\":{\"@id\":\"https:\/\/www.anniesloan.com\/pl\/produkt\/chalk-paint\/burgundy\/#breadcrumb\"},\"inLanguage\":\"pl-PL\",\"potentialAction\":[{\"@type\":\"ReadAction\",\"target\":[\"https:\/\/www.anniesloan.com\/pl\/produkt\/chalk-paint\/burgundy\/\"]}]},{\"@type\":\"ImageObject\",\"inLanguage\":\"pl-PL\",\"@id\":\"https:\/\/www.anniesloan.com\/pl\/produkt\/chalk-paint\/burgundy\/#primaryimage\",\"url\":\"https:\/\/www.anniesloan.com\/pl\/wp-content\/uploads\/sites\/5\/2021\/05\/Burgundy-Chalk-Paint-swatch.jpg\",\"contentUrl\":\"https:\/\/www.anniesloan.com\/pl\/wp-content\/uploads\/sites\/5\/2021\/05\/Burgundy-Chalk-Paint-swatch.jpg\",\"width\":1170,\"height\":936,\"caption\":\"Paint swatch of Burgundy Chalk Paint\u00ae furniture paint by Annie Sloan, a rich deep warm red\"},{\"@type\":\"BreadcrumbList\",\"@id\":\"https:\/\/www.anniesloan.com\/pl\/produkt\/chalk-paint\/burgundy\/#breadcrumb\",\"itemListElement\":[{\"@type\":\"ListItem\",\"position\":1,\"name\":\"Produkty\",\"item\":\"https:\/\/www.anniesloan.com\/pl\/produkty\/\"},{\"@type\":\"ListItem\",\"position\":2,\"name\":\"Chalk Paint\",\"item\":\"https:\/\/www.anniesloan.com\/pl\/produkty\/chalk-paint\/\"},{\"@type\":\"ListItem\",\"position\":3,\"name\":\"Burgundy\"}]},{\"@type\":\"WebSite\",\"@id\":\"https:\/\/www.anniesloan.com\/pl\/#website\",\"url\":\"https:\/\/www.anniesloan.com\/pl\/\",\"name\":\"Annie Sloan PL\",\"description\":\"Home of Chalk Paint\",\"potentialAction\":[{\"@type\":\"SearchAction\",\"target\":{\"@type\":\"EntryPoint\",\"urlTemplate\":\"https:\/\/www.anniesloan.com\/pl\/?s={search_term_string}\"},\"query-input\":{\"@type\":\"PropertyValueSpecification\",\"valueRequired\":true,\"valueName\":\"search_term_string\"}}],\"inLanguage\":\"pl-PL\"}]}<\/script>\n<meta property=\"og:availability\" content=\"instock\" \/>\n<meta property=\"product:availability\" content=\"instock\" \/>\n<meta property=\"product:retailer_item_id\" content=\"4000-5-Burgundy-CP\" \/>\n<meta property=\"product:condition\" content=\"new\" \/>\n<!-- \/ Yoast SEO Premium plugin. -->","yoast_head_json":{"title":"Burgundy - Farba Chalk Paint\u2122 | Annie Sloan PL","description":"Burgundy to intensywna, g\u0142\u0119boka, ciep\u0142a czerwie\u0144 dojrza\u0142ych, ciemnych czere\u015bni w palecie kolor\u00f3w Chalk Paint\u2122.","robots":{"index":"index","follow":"follow","max-snippet":"max-snippet:-1","max-image-preview":"max-image-preview:large","max-video-preview":"max-video-preview:-1"},"canonical":"https:\/\/www.anniesloan.com\/pl\/produkt\/chalk-paint\/burgundy\/","og_locale":"pl_PL","og_type":"article","og_title":"Burgundy","og_description":"Burgundy to intensywna, g\u0142\u0119boka, ciep\u0142a czerwie\u0144 dojrza\u0142ych, ciemnych czere\u015bni w palecie kolor\u00f3w Chalk Paint\u2122.","og_url":"https:\/\/www.anniesloan.com\/pl\/produkt\/chalk-paint\/burgundy\/","og_site_name":"Annie Sloan PL","article_modified_time":"2026-04-02T13:45:44+00:00","og_image":[{"width":1170,"height":936,"url":"https:\/\/www.anniesloan.com\/pl\/wp-content\/uploads\/sites\/5\/2021\/05\/Burgundy-Chalk-Paint-swatch.jpg","type":"image\/jpeg"}],"twitter_card":"summary_large_image","twitter_misc":{"Availability":"In stock"},"schema":{"@context":"https:\/\/schema.org","@graph":[{"@type":"WebPage","@id":"https:\/\/www.anniesloan.com\/pl\/produkt\/chalk-paint\/burgundy\/","url":"https:\/\/www.anniesloan.com\/pl\/produkt\/chalk-paint\/burgundy\/","name":"Burgundy - Farba Chalk Paint\u2122 | Annie Sloan PL","isPartOf":{"@id":"https:\/\/www.anniesloan.com\/pl\/#website"},"primaryImageOfPage":{"@id":"https:\/\/www.anniesloan.com\/pl\/produkt\/chalk-paint\/burgundy\/#primaryimage"},"image":{"@id":"https:\/\/www.anniesloan.com\/pl\/produkt\/chalk-paint\/burgundy\/#primaryimage"},"thumbnailUrl":"https:\/\/www.anniesloan.com\/pl\/wp-content\/uploads\/sites\/5\/2021\/05\/Burgundy-Chalk-Paint-swatch.jpg","datePublished":"2020-02-07T13:21:49+00:00","dateModified":"2026-04-02T13:45:44+00:00","description":"Burgundy to intensywna, g\u0142\u0119boka, ciep\u0142a czerwie\u0144 dojrza\u0142ych, ciemnych czere\u015bni w palecie kolor\u00f3w Chalk Paint\u2122.","breadcrumb":{"@id":"https:\/\/www.anniesloan.com\/pl\/produkt\/chalk-paint\/burgundy\/#breadcrumb"},"inLanguage":"pl-PL","potentialAction":[{"@type":"ReadAction","target":["https:\/\/www.anniesloan.com\/pl\/produkt\/chalk-paint\/burgundy\/"]}]},{"@type":"ImageObject","inLanguage":"pl-PL","@id":"https:\/\/www.anniesloan.com\/pl\/produkt\/chalk-paint\/burgundy\/#primaryimage","url":"https:\/\/www.anniesloan.com\/pl\/wp-content\/uploads\/sites\/5\/2021\/05\/Burgundy-Chalk-Paint-swatch.jpg","contentUrl":"https:\/\/www.anniesloan.com\/pl\/wp-content\/uploads\/sites\/5\/2021\/05\/Burgundy-Chalk-Paint-swatch.jpg","width":1170,"height":936,"caption":"Paint swatch of Burgundy Chalk Paint\u00ae furniture paint by Annie Sloan, a rich deep warm red"},{"@type":"BreadcrumbList","@id":"https:\/\/www.anniesloan.com\/pl\/produkt\/chalk-paint\/burgundy\/#breadcrumb","itemListElement":[{"@type":"ListItem","position":1,"name":"Produkty","item":"https:\/\/www.anniesloan.com\/pl\/produkty\/"},{"@type":"ListItem","position":2,"name":"Chalk Paint","item":"https:\/\/www.anniesloan.com\/pl\/produkty\/chalk-paint\/"},{"@type":"ListItem","position":3,"name":"Burgundy"}]},{"@type":"WebSite","@id":"https:\/\/www.anniesloan.com\/pl\/#website","url":"https:\/\/www.anniesloan.com\/pl\/","name":"Annie Sloan PL","description":"Home of Chalk Paint","potentialAction":[{"@type":"SearchAction","target":{"@type":"EntryPoint","urlTemplate":"https:\/\/www.anniesloan.com\/pl\/?s={search_term_string}"},"query-input":{"@type":"PropertyValueSpecification","valueRequired":true,"valueName":"search_term_string"}}],"inLanguage":"pl-PL"}]},"og_availability":"instock","product_availability":"instock","product_retailer_item_id":"4000-5-Burgundy-CP","product_condition":"new"},"_links":{"self":[{"href":"https:\/\/www.anniesloan.com\/pl\/wp-json\/wp\/v2\/product\/20069","targetHints":{"allow":["GET"]}}],"collection":[{"href":"https:\/\/www.anniesloan.com\/pl\/wp-json\/wp\/v2\/product"}],"about":[{"href":"https:\/\/www.anniesloan.com\/pl\/wp-json\/wp\/v2\/types\/product"}],"wp:featuredmedia":[{"embeddable":true,"href":"https:\/\/www.anniesloan.com\/pl\/wp-json\/wp\/v2\/media\/20070"}],"wp:attachment":[{"href":"https:\/\/www.anniesloan.com\/pl\/wp-json\/wp\/v2\/media?parent=20069"}],"wp:term":[{"taxonomy":"product_brand","embeddable":true,"href":"https:\/\/www.anniesloan.com\/pl\/wp-json\/wp\/v2\/product_brand?post=20069"},{"taxonomy":"product_cat","embeddable":true,"href":"https:\/\/www.anniesloan.com\/pl\/wp-json\/wp\/v2\/product_cat?post=20069"},{"taxonomy":"product_tag","embeddable":true,"href":"https:\/\/www.anniesloan.com\/pl\/wp-json\/wp\/v2\/product_tag?post=20069"}],"curies":[{"name":"wp","href":"https:\/\/api.w.org\/{rel}","templated":true}]}}