{"id":19919,"date":"2020-02-07T13:21:46","date_gmt":"2020-02-07T12:21:46","guid":{"rendered":"https:\/\/www.anniesloan.com\/product\/emperors-silk\/"},"modified":"2026-04-29T17:45:28","modified_gmt":"2026-04-29T15:45:28","slug":"emperors-silk","status":"publish","type":"product","link":"https:\/\/www.anniesloan.com\/pl\/produkt\/chalk-paint\/emperors-silk\/","title":{"rendered":"Emperor&#8217;s Silk"},"content":{"rendered":"","protected":false},"excerpt":{"rendered":"<p>Emperor\u2019s Silk to \u017cywa, czysta czerwie\u0144, przypominaj\u0105ca jedwabn\u0105 podszewk\u0119 marynarki. Jest to tak\u017ce czerwie\u0144 chi\u0144skiego lakieru, zw\u0142aszcza po pog\u0142\u0119bieniu go czarnym woskiem Chalk Paint\u2122 Wax. U\u017cyj go wewn\u0105trz szafy lub szuflady, aby doda\u0107 do nich kolorowego akcentu.<\/p>\n","protected":false},"featured_media":35983,"template":"","meta":{"_acf_changed":false,"_relevanssi_hide_post":"","_relevanssi_hide_content":"","_relevanssi_pin_for_all":"","_relevanssi_pin_keywords":"","_relevanssi_unpin_keywords":"","_relevanssi_related_keywords":"","_relevanssi_related_include_ids":"","_relevanssi_related_exclude_ids":"","_relevanssi_related_no_append":"","_relevanssi_related_not_related":"","_relevanssi_related_posts":"","_relevanssi_noindex_reason":""},"product_brand":[],"product_cat":[19,28,34],"product_tag":[20],"class_list":{"0":"post-19919","1":"product","2":"type-product","3":"status-publish","4":"has-post-thumbnail","6":"product_cat-chalk-paint","7":"product_cat-rozowa","8":"product_cat-czerwona","9":"product_tag-chalk-paint","10":"pa_colour-filter-czerwienie","11":"pa_finish-chalk-paint","12":"pa_size-120ml","13":"pa_size-1-litre-3","14":"pa_size-500ml","16":"first","17":"instock","18":"taxable","19":"shipping-taxable","20":"purchasable","21":"product-type-variable","22":"has-default-attributes"},"acf":[],"yoast_head":"<!-- This site is optimized with the Yoast SEO Premium plugin v26.5 (Yoast SEO v26.5) - https:\/\/yoast.com\/wordpress\/plugins\/seo\/ -->\n<title>Emperor&#039;s Silk - Farba Chalk Paint\u2122 | Annie Sloan PL<\/title>\n<meta name=\"description\" content=\"Emperor\u2019s Silk to \u017cywa, czysta czerwie\u0144 w palecie farb Chalk Paint\u2122, przypominaj\u0105ca jedwabn\u0105 podszewk\u0119 marynarki oraz czerwony kolor chi\u0144skiego lakieru.\" \/>\n<meta name=\"robots\" content=\"index, follow, max-snippet:-1, max-image-preview:large, max-video-preview:-1\" \/>\n<link rel=\"canonical\" href=\"https:\/\/www.anniesloan.com\/pl\/produkt\/chalk-paint\/emperors-silk\/\" \/>\n<meta property=\"og:locale\" content=\"pl_PL\" \/>\n<meta property=\"og:type\" content=\"article\" \/>\n<meta property=\"og:title\" content=\"Emperor&#039;s Silk\" \/>\n<meta property=\"og:description\" content=\"Emperor\u2019s Silk to \u017cywa, czysta czerwie\u0144 w palecie farb Chalk Paint\u2122, przypominaj\u0105ca jedwabn\u0105 podszewk\u0119 marynarki oraz czerwony kolor chi\u0144skiego lakieru.\" \/>\n<meta property=\"og:url\" content=\"https:\/\/www.anniesloan.com\/pl\/produkt\/chalk-paint\/emperors-silk\/\" \/>\n<meta property=\"og:site_name\" content=\"Annie Sloan PL\" \/>\n<meta property=\"article:modified_time\" content=\"2026-04-29T15:45:28+00:00\" \/>\n<meta property=\"og:image\" content=\"https:\/\/www.anniesloan.com\/pl\/wp-content\/uploads\/sites\/5\/2020\/02\/NEWRGB-72dpi-Emperors-Silk.jpg\" \/>\n\t<meta property=\"og:image:width\" content=\"1224\" \/>\n\t<meta property=\"og:image:height\" content=\"936\" \/>\n\t<meta property=\"og:image:type\" content=\"image\/jpeg\" \/>\n<meta name=\"twitter:card\" content=\"summary_large_image\" \/>\n<meta name=\"twitter:label1\" content=\"Availability\" \/>\n\t<meta name=\"twitter:data1\" content=\"In stock\" \/>\n<script type=\"application\/ld+json\" class=\"yoast-schema-graph\">{\"@context\":\"https:\/\/schema.org\",\"@graph\":[{\"@type\":\"WebPage\",\"@id\":\"https:\/\/www.anniesloan.com\/pl\/produkt\/chalk-paint\/emperors-silk\/\",\"url\":\"https:\/\/www.anniesloan.com\/pl\/produkt\/chalk-paint\/emperors-silk\/\",\"name\":\"Emperor's Silk - Farba Chalk Paint\u2122 | Annie Sloan PL\",\"isPartOf\":{\"@id\":\"https:\/\/www.anniesloan.com\/pl\/#website\"},\"primaryImageOfPage\":{\"@id\":\"https:\/\/www.anniesloan.com\/pl\/produkt\/chalk-paint\/emperors-silk\/#primaryimage\"},\"image\":{\"@id\":\"https:\/\/www.anniesloan.com\/pl\/produkt\/chalk-paint\/emperors-silk\/#primaryimage\"},\"thumbnailUrl\":\"https:\/\/www.anniesloan.com\/pl\/wp-content\/uploads\/sites\/5\/2020\/02\/NEWRGB-72dpi-Emperors-Silk.jpg\",\"datePublished\":\"2020-02-07T12:21:46+00:00\",\"dateModified\":\"2026-04-29T15:45:28+00:00\",\"description\":\"Emperor\u2019s Silk to \u017cywa, czysta czerwie\u0144 w palecie farb Chalk Paint\u2122, przypominaj\u0105ca jedwabn\u0105 podszewk\u0119 marynarki oraz czerwony kolor chi\u0144skiego lakieru.\",\"breadcrumb\":{\"@id\":\"https:\/\/www.anniesloan.com\/pl\/produkt\/chalk-paint\/emperors-silk\/#breadcrumb\"},\"inLanguage\":\"pl-PL\",\"potentialAction\":[{\"@type\":\"ReadAction\",\"target\":[\"https:\/\/www.anniesloan.com\/pl\/produkt\/chalk-paint\/emperors-silk\/\"]}]},{\"@type\":\"ImageObject\",\"inLanguage\":\"pl-PL\",\"@id\":\"https:\/\/www.anniesloan.com\/pl\/produkt\/chalk-paint\/emperors-silk\/#primaryimage\",\"url\":\"https:\/\/www.anniesloan.com\/pl\/wp-content\/uploads\/sites\/5\/2020\/02\/NEWRGB-72dpi-Emperors-Silk.jpg\",\"contentUrl\":\"https:\/\/www.anniesloan.com\/pl\/wp-content\/uploads\/sites\/5\/2020\/02\/NEWRGB-72dpi-Emperors-Silk.jpg\",\"width\":1224,\"height\":936,\"caption\":\"Poci\u0105gni\u0119cie p\u0119dzla w kolorze Emperor's Silk Annie Sloan\"},{\"@type\":\"BreadcrumbList\",\"@id\":\"https:\/\/www.anniesloan.com\/pl\/produkt\/chalk-paint\/emperors-silk\/#breadcrumb\",\"itemListElement\":[{\"@type\":\"ListItem\",\"position\":1,\"name\":\"Produkty\",\"item\":\"https:\/\/www.anniesloan.com\/pl\/produkty\/\"},{\"@type\":\"ListItem\",\"position\":2,\"name\":\"Chalk Paint\",\"item\":\"https:\/\/www.anniesloan.com\/pl\/produkty\/chalk-paint\/\"},{\"@type\":\"ListItem\",\"position\":3,\"name\":\"Emperor&#8217;s Silk\"}]},{\"@type\":\"WebSite\",\"@id\":\"https:\/\/www.anniesloan.com\/pl\/#website\",\"url\":\"https:\/\/www.anniesloan.com\/pl\/\",\"name\":\"Annie Sloan PL\",\"description\":\"Home of Chalk Paint\",\"potentialAction\":[{\"@type\":\"SearchAction\",\"target\":{\"@type\":\"EntryPoint\",\"urlTemplate\":\"https:\/\/www.anniesloan.com\/pl\/?s={search_term_string}\"},\"query-input\":{\"@type\":\"PropertyValueSpecification\",\"valueRequired\":true,\"valueName\":\"search_term_string\"}}],\"inLanguage\":\"pl-PL\"}]}<\/script>\n<meta property=\"og:availability\" content=\"instock\" \/>\n<meta property=\"product:availability\" content=\"instock\" \/>\n<meta property=\"product:retailer_item_id\" content=\"4000-22-Emperors-Silk-CP\" \/>\n<meta property=\"product:condition\" content=\"new\" \/>\n<!-- \/ Yoast SEO Premium plugin. -->","yoast_head_json":{"title":"Emperor's Silk - Farba Chalk Paint\u2122 | Annie Sloan PL","description":"Emperor\u2019s Silk to \u017cywa, czysta czerwie\u0144 w palecie farb Chalk Paint\u2122, przypominaj\u0105ca jedwabn\u0105 podszewk\u0119 marynarki oraz czerwony kolor chi\u0144skiego lakieru.","robots":{"index":"index","follow":"follow","max-snippet":"max-snippet:-1","max-image-preview":"max-image-preview:large","max-video-preview":"max-video-preview:-1"},"canonical":"https:\/\/www.anniesloan.com\/pl\/produkt\/chalk-paint\/emperors-silk\/","og_locale":"pl_PL","og_type":"article","og_title":"Emperor's Silk","og_description":"Emperor\u2019s Silk to \u017cywa, czysta czerwie\u0144 w palecie farb Chalk Paint\u2122, przypominaj\u0105ca jedwabn\u0105 podszewk\u0119 marynarki oraz czerwony kolor chi\u0144skiego lakieru.","og_url":"https:\/\/www.anniesloan.com\/pl\/produkt\/chalk-paint\/emperors-silk\/","og_site_name":"Annie Sloan PL","article_modified_time":"2026-04-29T15:45:28+00:00","og_image":[{"width":1224,"height":936,"url":"https:\/\/www.anniesloan.com\/pl\/wp-content\/uploads\/sites\/5\/2020\/02\/NEWRGB-72dpi-Emperors-Silk.jpg","type":"image\/jpeg"}],"twitter_card":"summary_large_image","twitter_misc":{"Availability":"In stock"},"schema":{"@context":"https:\/\/schema.org","@graph":[{"@type":"WebPage","@id":"https:\/\/www.anniesloan.com\/pl\/produkt\/chalk-paint\/emperors-silk\/","url":"https:\/\/www.anniesloan.com\/pl\/produkt\/chalk-paint\/emperors-silk\/","name":"Emperor's Silk - Farba Chalk Paint\u2122 | Annie Sloan PL","isPartOf":{"@id":"https:\/\/www.anniesloan.com\/pl\/#website"},"primaryImageOfPage":{"@id":"https:\/\/www.anniesloan.com\/pl\/produkt\/chalk-paint\/emperors-silk\/#primaryimage"},"image":{"@id":"https:\/\/www.anniesloan.com\/pl\/produkt\/chalk-paint\/emperors-silk\/#primaryimage"},"thumbnailUrl":"https:\/\/www.anniesloan.com\/pl\/wp-content\/uploads\/sites\/5\/2020\/02\/NEWRGB-72dpi-Emperors-Silk.jpg","datePublished":"2020-02-07T12:21:46+00:00","dateModified":"2026-04-29T15:45:28+00:00","description":"Emperor\u2019s Silk to \u017cywa, czysta czerwie\u0144 w palecie farb Chalk Paint\u2122, przypominaj\u0105ca jedwabn\u0105 podszewk\u0119 marynarki oraz czerwony kolor chi\u0144skiego lakieru.","breadcrumb":{"@id":"https:\/\/www.anniesloan.com\/pl\/produkt\/chalk-paint\/emperors-silk\/#breadcrumb"},"inLanguage":"pl-PL","potentialAction":[{"@type":"ReadAction","target":["https:\/\/www.anniesloan.com\/pl\/produkt\/chalk-paint\/emperors-silk\/"]}]},{"@type":"ImageObject","inLanguage":"pl-PL","@id":"https:\/\/www.anniesloan.com\/pl\/produkt\/chalk-paint\/emperors-silk\/#primaryimage","url":"https:\/\/www.anniesloan.com\/pl\/wp-content\/uploads\/sites\/5\/2020\/02\/NEWRGB-72dpi-Emperors-Silk.jpg","contentUrl":"https:\/\/www.anniesloan.com\/pl\/wp-content\/uploads\/sites\/5\/2020\/02\/NEWRGB-72dpi-Emperors-Silk.jpg","width":1224,"height":936,"caption":"Poci\u0105gni\u0119cie p\u0119dzla w kolorze Emperor's Silk Annie Sloan"},{"@type":"BreadcrumbList","@id":"https:\/\/www.anniesloan.com\/pl\/produkt\/chalk-paint\/emperors-silk\/#breadcrumb","itemListElement":[{"@type":"ListItem","position":1,"name":"Produkty","item":"https:\/\/www.anniesloan.com\/pl\/produkty\/"},{"@type":"ListItem","position":2,"name":"Chalk Paint","item":"https:\/\/www.anniesloan.com\/pl\/produkty\/chalk-paint\/"},{"@type":"ListItem","position":3,"name":"Emperor&#8217;s Silk"}]},{"@type":"WebSite","@id":"https:\/\/www.anniesloan.com\/pl\/#website","url":"https:\/\/www.anniesloan.com\/pl\/","name":"Annie Sloan PL","description":"Home of Chalk Paint","potentialAction":[{"@type":"SearchAction","target":{"@type":"EntryPoint","urlTemplate":"https:\/\/www.anniesloan.com\/pl\/?s={search_term_string}"},"query-input":{"@type":"PropertyValueSpecification","valueRequired":true,"valueName":"search_term_string"}}],"inLanguage":"pl-PL"}]},"og_availability":"instock","product_availability":"instock","product_retailer_item_id":"4000-22-Emperors-Silk-CP","product_condition":"new"},"_links":{"self":[{"href":"https:\/\/www.anniesloan.com\/pl\/wp-json\/wp\/v2\/product\/19919","targetHints":{"allow":["GET"]}}],"collection":[{"href":"https:\/\/www.anniesloan.com\/pl\/wp-json\/wp\/v2\/product"}],"about":[{"href":"https:\/\/www.anniesloan.com\/pl\/wp-json\/wp\/v2\/types\/product"}],"wp:featuredmedia":[{"embeddable":true,"href":"https:\/\/www.anniesloan.com\/pl\/wp-json\/wp\/v2\/media\/35983"}],"wp:attachment":[{"href":"https:\/\/www.anniesloan.com\/pl\/wp-json\/wp\/v2\/media?parent=19919"}],"wp:term":[{"taxonomy":"product_brand","embeddable":true,"href":"https:\/\/www.anniesloan.com\/pl\/wp-json\/wp\/v2\/product_brand?post=19919"},{"taxonomy":"product_cat","embeddable":true,"href":"https:\/\/www.anniesloan.com\/pl\/wp-json\/wp\/v2\/product_cat?post=19919"},{"taxonomy":"product_tag","embeddable":true,"href":"https:\/\/www.anniesloan.com\/pl\/wp-json\/wp\/v2\/product_tag?post=19919"}],"curies":[{"name":"wp","href":"https:\/\/api.w.org\/{rel}","templated":true}]}}