{"id":19900,"date":"2020-02-07T13:21:43","date_gmt":"2020-02-07T12:21:43","guid":{"rendered":"https:\/\/www.anniesloan.com\/product\/barcelona-orange\/"},"modified":"2026-04-01T13:47:03","modified_gmt":"2026-04-01T11:47:03","slug":"barcelona-orange","status":"publish","type":"product","link":"https:\/\/www.anniesloan.com\/pl\/produkt\/chalk-paint\/barcelona-orange\/","title":{"rendered":"Barcelona Orange"},"content":{"rendered":"","protected":false},"excerpt":{"rendered":"<p>Ten \u017cywy, nowoczesny kolor pomara\u0144czowy oparty jest na kolorze powszechnie stosowanym przez impresjonist\u00f3w, we wczesnej reklamie i w dekoracjach lat sze\u015b\u0107dziesi\u0105tych. Tak wyrazisty pomara\u0144cz zacz\u0105\u0142 by\u0107 dost\u0119pny dopiero na pocz\u0105tku XX wieku. Po na\u0142o\u017ceniu na niego czarnego wosku Chalk Paint\u2122 Wax staje si\u0119 przygaszonym pomara\u0144czem znanym z niekt\u00f3rych chi\u0144skich lakier\u00f3w.<\/p>\n","protected":false},"featured_media":36005,"template":"","meta":{"_acf_changed":false,"_relevanssi_hide_post":"","_relevanssi_hide_content":"","_relevanssi_pin_for_all":"","_relevanssi_pin_keywords":"","_relevanssi_unpin_keywords":"","_relevanssi_related_keywords":"","_relevanssi_related_include_ids":"","_relevanssi_related_exclude_ids":"","_relevanssi_related_no_append":"","_relevanssi_related_not_related":"","_relevanssi_related_posts":"","_relevanssi_noindex_reason":""},"product_brand":[],"product_cat":[19,32],"product_tag":[20],"class_list":{"0":"post-19900","1":"product","2":"type-product","3":"status-publish","4":"has-post-thumbnail","6":"product_cat-chalk-paint","7":"product_cat-pomaranczowa","8":"product_tag-chalk-paint","9":"pa_colour-filter-pomarancze","10":"pa_finish-chalk-paint","11":"pa_size-120ml","12":"pa_size-1-litre-3","13":"pa_size-500ml","15":"first","16":"instock","17":"taxable","18":"shipping-taxable","19":"purchasable","20":"product-type-variable","21":"has-default-attributes"},"acf":[],"yoast_head":"<!-- This site is optimized with the Yoast SEO Premium plugin v26.5 (Yoast SEO v26.5) - https:\/\/yoast.com\/wordpress\/plugins\/seo\/ -->\n<title>Barcelona Orange - Farba Chalk Paint\u2122 | Annie Sloan PL<\/title>\n<meta name=\"description\" content=\"Barcelona Orange to ciep\u0142y, \u017cywy pomara\u0144cz w palecie farb Chalk Paint\u2122, oparty na pomara\u0144czowym kolorze powszechnie stosowanym w najnowszej historii sztuki.\" \/>\n<meta name=\"robots\" content=\"index, follow, max-snippet:-1, max-image-preview:large, max-video-preview:-1\" \/>\n<link rel=\"canonical\" href=\"https:\/\/www.anniesloan.com\/pl\/produkt\/chalk-paint\/barcelona-orange\/\" \/>\n<meta property=\"og:locale\" content=\"pl_PL\" \/>\n<meta property=\"og:type\" content=\"article\" \/>\n<meta property=\"og:title\" content=\"Barcelona Orange\" \/>\n<meta property=\"og:description\" content=\"Barcelona Orange to ciep\u0142y, \u017cywy pomara\u0144cz w palecie farb Chalk Paint\u2122, oparty na pomara\u0144czowym kolorze powszechnie stosowanym w najnowszej historii sztuki.\" \/>\n<meta property=\"og:url\" content=\"https:\/\/www.anniesloan.com\/pl\/produkt\/chalk-paint\/barcelona-orange\/\" \/>\n<meta property=\"og:site_name\" content=\"Annie Sloan PL\" \/>\n<meta property=\"article:modified_time\" content=\"2026-04-01T11:47:03+00:00\" \/>\n<meta property=\"og:image\" content=\"https:\/\/www.anniesloan.com\/pl\/wp-content\/uploads\/sites\/5\/2020\/02\/NEWRGB-72dpi-Barcelona-Orange.jpg\" \/>\n\t<meta property=\"og:image:width\" content=\"1224\" \/>\n\t<meta property=\"og:image:height\" content=\"936\" \/>\n\t<meta property=\"og:image:type\" content=\"image\/jpeg\" \/>\n<meta name=\"twitter:card\" content=\"summary_large_image\" \/>\n<meta name=\"twitter:label1\" content=\"Availability\" \/>\n\t<meta name=\"twitter:data1\" content=\"In stock\" \/>\n<script type=\"application\/ld+json\" class=\"yoast-schema-graph\">{\"@context\":\"https:\/\/schema.org\",\"@graph\":[{\"@type\":\"WebPage\",\"@id\":\"https:\/\/www.anniesloan.com\/pl\/produkt\/chalk-paint\/barcelona-orange\/\",\"url\":\"https:\/\/www.anniesloan.com\/pl\/produkt\/chalk-paint\/barcelona-orange\/\",\"name\":\"Barcelona Orange - Farba Chalk Paint\u2122 | Annie Sloan PL\",\"isPartOf\":{\"@id\":\"https:\/\/www.anniesloan.com\/pl\/#website\"},\"primaryImageOfPage\":{\"@id\":\"https:\/\/www.anniesloan.com\/pl\/produkt\/chalk-paint\/barcelona-orange\/#primaryimage\"},\"image\":{\"@id\":\"https:\/\/www.anniesloan.com\/pl\/produkt\/chalk-paint\/barcelona-orange\/#primaryimage\"},\"thumbnailUrl\":\"https:\/\/www.anniesloan.com\/pl\/wp-content\/uploads\/sites\/5\/2020\/02\/NEWRGB-72dpi-Barcelona-Orange.jpg\",\"datePublished\":\"2020-02-07T12:21:43+00:00\",\"dateModified\":\"2026-04-01T11:47:03+00:00\",\"description\":\"Barcelona Orange to ciep\u0142y, \u017cywy pomara\u0144cz w palecie farb Chalk Paint\u2122, oparty na pomara\u0144czowym kolorze powszechnie stosowanym w najnowszej historii sztuki.\",\"breadcrumb\":{\"@id\":\"https:\/\/www.anniesloan.com\/pl\/produkt\/chalk-paint\/barcelona-orange\/#breadcrumb\"},\"inLanguage\":\"pl-PL\",\"potentialAction\":[{\"@type\":\"ReadAction\",\"target\":[\"https:\/\/www.anniesloan.com\/pl\/produkt\/chalk-paint\/barcelona-orange\/\"]}]},{\"@type\":\"ImageObject\",\"inLanguage\":\"pl-PL\",\"@id\":\"https:\/\/www.anniesloan.com\/pl\/produkt\/chalk-paint\/barcelona-orange\/#primaryimage\",\"url\":\"https:\/\/www.anniesloan.com\/pl\/wp-content\/uploads\/sites\/5\/2020\/02\/NEWRGB-72dpi-Barcelona-Orange.jpg\",\"contentUrl\":\"https:\/\/www.anniesloan.com\/pl\/wp-content\/uploads\/sites\/5\/2020\/02\/NEWRGB-72dpi-Barcelona-Orange.jpg\",\"width\":1224,\"height\":936,\"caption\":\"Poci\u0105gni\u0119cie p\u0119dzla w kolorze Barcelona Orange Annie Sloan\"},{\"@type\":\"BreadcrumbList\",\"@id\":\"https:\/\/www.anniesloan.com\/pl\/produkt\/chalk-paint\/barcelona-orange\/#breadcrumb\",\"itemListElement\":[{\"@type\":\"ListItem\",\"position\":1,\"name\":\"Produkty\",\"item\":\"https:\/\/www.anniesloan.com\/pl\/produkty\/\"},{\"@type\":\"ListItem\",\"position\":2,\"name\":\"Chalk Paint\",\"item\":\"https:\/\/www.anniesloan.com\/pl\/produkty\/chalk-paint\/\"},{\"@type\":\"ListItem\",\"position\":3,\"name\":\"Barcelona Orange\"}]},{\"@type\":\"WebSite\",\"@id\":\"https:\/\/www.anniesloan.com\/pl\/#website\",\"url\":\"https:\/\/www.anniesloan.com\/pl\/\",\"name\":\"Annie Sloan PL\",\"description\":\"Home of Chalk Paint\",\"potentialAction\":[{\"@type\":\"SearchAction\",\"target\":{\"@type\":\"EntryPoint\",\"urlTemplate\":\"https:\/\/www.anniesloan.com\/pl\/?s={search_term_string}\"},\"query-input\":{\"@type\":\"PropertyValueSpecification\",\"valueRequired\":true,\"valueName\":\"search_term_string\"}}],\"inLanguage\":\"pl-PL\"}]}<\/script>\n<meta property=\"og:availability\" content=\"instock\" \/>\n<meta property=\"product:availability\" content=\"instock\" \/>\n<meta property=\"product:retailer_item_id\" content=\"4000-24-Barcelona-Orange\" \/>\n<meta property=\"product:condition\" content=\"new\" \/>\n<!-- \/ Yoast SEO Premium plugin. -->","yoast_head_json":{"title":"Barcelona Orange - Farba Chalk Paint\u2122 | Annie Sloan PL","description":"Barcelona Orange to ciep\u0142y, \u017cywy pomara\u0144cz w palecie farb Chalk Paint\u2122, oparty na pomara\u0144czowym kolorze powszechnie stosowanym w najnowszej historii sztuki.","robots":{"index":"index","follow":"follow","max-snippet":"max-snippet:-1","max-image-preview":"max-image-preview:large","max-video-preview":"max-video-preview:-1"},"canonical":"https:\/\/www.anniesloan.com\/pl\/produkt\/chalk-paint\/barcelona-orange\/","og_locale":"pl_PL","og_type":"article","og_title":"Barcelona Orange","og_description":"Barcelona Orange to ciep\u0142y, \u017cywy pomara\u0144cz w palecie farb Chalk Paint\u2122, oparty na pomara\u0144czowym kolorze powszechnie stosowanym w najnowszej historii sztuki.","og_url":"https:\/\/www.anniesloan.com\/pl\/produkt\/chalk-paint\/barcelona-orange\/","og_site_name":"Annie Sloan PL","article_modified_time":"2026-04-01T11:47:03+00:00","og_image":[{"width":1224,"height":936,"url":"https:\/\/www.anniesloan.com\/pl\/wp-content\/uploads\/sites\/5\/2020\/02\/NEWRGB-72dpi-Barcelona-Orange.jpg","type":"image\/jpeg"}],"twitter_card":"summary_large_image","twitter_misc":{"Availability":"In stock"},"schema":{"@context":"https:\/\/schema.org","@graph":[{"@type":"WebPage","@id":"https:\/\/www.anniesloan.com\/pl\/produkt\/chalk-paint\/barcelona-orange\/","url":"https:\/\/www.anniesloan.com\/pl\/produkt\/chalk-paint\/barcelona-orange\/","name":"Barcelona Orange - Farba Chalk Paint\u2122 | Annie Sloan PL","isPartOf":{"@id":"https:\/\/www.anniesloan.com\/pl\/#website"},"primaryImageOfPage":{"@id":"https:\/\/www.anniesloan.com\/pl\/produkt\/chalk-paint\/barcelona-orange\/#primaryimage"},"image":{"@id":"https:\/\/www.anniesloan.com\/pl\/produkt\/chalk-paint\/barcelona-orange\/#primaryimage"},"thumbnailUrl":"https:\/\/www.anniesloan.com\/pl\/wp-content\/uploads\/sites\/5\/2020\/02\/NEWRGB-72dpi-Barcelona-Orange.jpg","datePublished":"2020-02-07T12:21:43+00:00","dateModified":"2026-04-01T11:47:03+00:00","description":"Barcelona Orange to ciep\u0142y, \u017cywy pomara\u0144cz w palecie farb Chalk Paint\u2122, oparty na pomara\u0144czowym kolorze powszechnie stosowanym w najnowszej historii sztuki.","breadcrumb":{"@id":"https:\/\/www.anniesloan.com\/pl\/produkt\/chalk-paint\/barcelona-orange\/#breadcrumb"},"inLanguage":"pl-PL","potentialAction":[{"@type":"ReadAction","target":["https:\/\/www.anniesloan.com\/pl\/produkt\/chalk-paint\/barcelona-orange\/"]}]},{"@type":"ImageObject","inLanguage":"pl-PL","@id":"https:\/\/www.anniesloan.com\/pl\/produkt\/chalk-paint\/barcelona-orange\/#primaryimage","url":"https:\/\/www.anniesloan.com\/pl\/wp-content\/uploads\/sites\/5\/2020\/02\/NEWRGB-72dpi-Barcelona-Orange.jpg","contentUrl":"https:\/\/www.anniesloan.com\/pl\/wp-content\/uploads\/sites\/5\/2020\/02\/NEWRGB-72dpi-Barcelona-Orange.jpg","width":1224,"height":936,"caption":"Poci\u0105gni\u0119cie p\u0119dzla w kolorze Barcelona Orange Annie Sloan"},{"@type":"BreadcrumbList","@id":"https:\/\/www.anniesloan.com\/pl\/produkt\/chalk-paint\/barcelona-orange\/#breadcrumb","itemListElement":[{"@type":"ListItem","position":1,"name":"Produkty","item":"https:\/\/www.anniesloan.com\/pl\/produkty\/"},{"@type":"ListItem","position":2,"name":"Chalk Paint","item":"https:\/\/www.anniesloan.com\/pl\/produkty\/chalk-paint\/"},{"@type":"ListItem","position":3,"name":"Barcelona Orange"}]},{"@type":"WebSite","@id":"https:\/\/www.anniesloan.com\/pl\/#website","url":"https:\/\/www.anniesloan.com\/pl\/","name":"Annie Sloan PL","description":"Home of Chalk Paint","potentialAction":[{"@type":"SearchAction","target":{"@type":"EntryPoint","urlTemplate":"https:\/\/www.anniesloan.com\/pl\/?s={search_term_string}"},"query-input":{"@type":"PropertyValueSpecification","valueRequired":true,"valueName":"search_term_string"}}],"inLanguage":"pl-PL"}]},"og_availability":"instock","product_availability":"instock","product_retailer_item_id":"4000-24-Barcelona-Orange","product_condition":"new"},"_links":{"self":[{"href":"https:\/\/www.anniesloan.com\/pl\/wp-json\/wp\/v2\/product\/19900","targetHints":{"allow":["GET"]}}],"collection":[{"href":"https:\/\/www.anniesloan.com\/pl\/wp-json\/wp\/v2\/product"}],"about":[{"href":"https:\/\/www.anniesloan.com\/pl\/wp-json\/wp\/v2\/types\/product"}],"wp:featuredmedia":[{"embeddable":true,"href":"https:\/\/www.anniesloan.com\/pl\/wp-json\/wp\/v2\/media\/36005"}],"wp:attachment":[{"href":"https:\/\/www.anniesloan.com\/pl\/wp-json\/wp\/v2\/media?parent=19900"}],"wp:term":[{"taxonomy":"product_brand","embeddable":true,"href":"https:\/\/www.anniesloan.com\/pl\/wp-json\/wp\/v2\/product_brand?post=19900"},{"taxonomy":"product_cat","embeddable":true,"href":"https:\/\/www.anniesloan.com\/pl\/wp-json\/wp\/v2\/product_cat?post=19900"},{"taxonomy":"product_tag","embeddable":true,"href":"https:\/\/www.anniesloan.com\/pl\/wp-json\/wp\/v2\/product_tag?post=19900"}],"curies":[{"name":"wp","href":"https:\/\/api.w.org\/{rel}","templated":true}]}}