{"id":19830,"date":"2020-02-07T13:21:43","date_gmt":"2020-02-07T12:21:43","guid":{"rendered":"https:\/\/www.anniesloan.com\/product\/old-ochre\/"},"modified":"2026-04-25T22:46:16","modified_gmt":"2026-04-25T20:46:16","slug":"old-ochre","status":"publish","type":"product","link":"https:\/\/www.anniesloan.com\/pl\/produkt\/chalk-paint\/old-ochre\/","title":{"rendered":"Old Ochre"},"content":{"rendered":"","protected":false},"excerpt":{"rendered":"<p>Old Ochre to wyblak\u0142y, przygaszony kremowy kolor starych, malowanych mebli, drzwi i stolarki, jakie mo\u017cna znale\u017a\u0107 we Francji. Je\u015bli na\u0142o\u017cysz ciemny wosk Chalk Paint\u2122 Wax, kolor stanie si\u0119 bardziej intensywny, przywodz\u0105cy na my\u015bl Pary\u017c. Old Ochre doskonale sprawdza si\u0119 tak\u017ce jako neutralne t\u0142o dla innych kolor\u00f3w.<\/p>\n","protected":false},"featured_media":35961,"template":"","meta":{"_acf_changed":false,"_relevanssi_hide_post":"","_relevanssi_hide_content":"","_relevanssi_pin_for_all":"","_relevanssi_pin_keywords":"","_relevanssi_unpin_keywords":"","_relevanssi_related_keywords":"","_relevanssi_related_include_ids":"","_relevanssi_related_exclude_ids":"","_relevanssi_related_no_append":"","_relevanssi_related_not_related":"","_relevanssi_related_posts":"","_relevanssi_noindex_reason":""},"product_brand":[],"product_cat":[19,30],"product_tag":[20],"class_list":{"0":"post-19830","1":"product","2":"type-product","3":"status-publish","4":"has-post-thumbnail","6":"product_cat-chalk-paint","7":"product_cat-zolta","8":"product_tag-chalk-paint","9":"pa_colour-filter-barwy-neutralne","10":"pa_colour-filter-zolcienie","11":"pa_colour-filter-biale","12":"pa_finish-chalk-paint","13":"pa_size-120ml","14":"pa_size-1-litre-3","15":"pa_size-500ml","17":"first","18":"instock","19":"taxable","20":"shipping-taxable","21":"purchasable","22":"product-type-variable","23":"has-default-attributes"},"acf":[],"yoast_head":"<!-- This site is optimized with the Yoast SEO Premium plugin v26.5 (Yoast SEO v26.5) - https:\/\/yoast.com\/wordpress\/plugins\/seo\/ -->\n<title>Old Ochre - Farba Chalk Paint\u2122 | Annie Sloan PL<\/title>\n<meta name=\"description\" content=\"Old Ochre to ciep\u0142y, przyciemniony, kremowy kolor w palecie farb Chalk Paint\u2122, kojarz\u0105cy si\u0119 ze starymi, francuskimi, malowanymi meblami, stolark\u0105 i drzwiami\" \/>\n<meta name=\"robots\" content=\"index, follow, max-snippet:-1, max-image-preview:large, max-video-preview:-1\" \/>\n<link rel=\"canonical\" href=\"https:\/\/www.anniesloan.com\/pl\/produkt\/chalk-paint\/old-ochre\/\" \/>\n<meta property=\"og:locale\" content=\"pl_PL\" \/>\n<meta property=\"og:type\" content=\"article\" \/>\n<meta property=\"og:title\" content=\"Old Ochre\" \/>\n<meta property=\"og:description\" content=\"Old Ochre to ciep\u0142y, przyciemniony, kremowy kolor w palecie farb Chalk Paint\u2122, kojarz\u0105cy si\u0119 ze starymi, francuskimi, malowanymi meblami, stolark\u0105 i drzwiami\" \/>\n<meta property=\"og:url\" content=\"https:\/\/www.anniesloan.com\/pl\/produkt\/chalk-paint\/old-ochre\/\" \/>\n<meta property=\"og:site_name\" content=\"Annie Sloan PL\" \/>\n<meta property=\"article:modified_time\" content=\"2026-04-25T20:46:16+00:00\" \/>\n<meta property=\"og:image\" content=\"https:\/\/www.anniesloan.com\/pl\/wp-content\/uploads\/sites\/5\/2021\/09\/NEWRGB-72dpi-Old-Ochre.jpg\" \/>\n\t<meta property=\"og:image:width\" content=\"1224\" \/>\n\t<meta property=\"og:image:height\" content=\"936\" \/>\n\t<meta property=\"og:image:type\" content=\"image\/jpeg\" \/>\n<meta name=\"twitter:card\" content=\"summary_large_image\" \/>\n<meta name=\"twitter:label1\" content=\"Availability\" \/>\n\t<meta name=\"twitter:data1\" content=\"In stock\" \/>\n<script type=\"application\/ld+json\" class=\"yoast-schema-graph\">{\"@context\":\"https:\/\/schema.org\",\"@graph\":[{\"@type\":\"WebPage\",\"@id\":\"https:\/\/www.anniesloan.com\/pl\/produkt\/chalk-paint\/old-ochre\/\",\"url\":\"https:\/\/www.anniesloan.com\/pl\/produkt\/chalk-paint\/old-ochre\/\",\"name\":\"Old Ochre - Farba Chalk Paint\u2122 | Annie Sloan PL\",\"isPartOf\":{\"@id\":\"https:\/\/www.anniesloan.com\/pl\/#website\"},\"primaryImageOfPage\":{\"@id\":\"https:\/\/www.anniesloan.com\/pl\/produkt\/chalk-paint\/old-ochre\/#primaryimage\"},\"image\":{\"@id\":\"https:\/\/www.anniesloan.com\/pl\/produkt\/chalk-paint\/old-ochre\/#primaryimage\"},\"thumbnailUrl\":\"https:\/\/www.anniesloan.com\/pl\/wp-content\/uploads\/sites\/5\/2021\/09\/NEWRGB-72dpi-Old-Ochre.jpg\",\"datePublished\":\"2020-02-07T12:21:43+00:00\",\"dateModified\":\"2026-04-25T20:46:16+00:00\",\"description\":\"Old Ochre to ciep\u0142y, przyciemniony, kremowy kolor w palecie farb Chalk Paint\u2122, kojarz\u0105cy si\u0119 ze starymi, francuskimi, malowanymi meblami, stolark\u0105 i drzwiami\",\"breadcrumb\":{\"@id\":\"https:\/\/www.anniesloan.com\/pl\/produkt\/chalk-paint\/old-ochre\/#breadcrumb\"},\"inLanguage\":\"pl-PL\",\"potentialAction\":[{\"@type\":\"ReadAction\",\"target\":[\"https:\/\/www.anniesloan.com\/pl\/produkt\/chalk-paint\/old-ochre\/\"]}]},{\"@type\":\"ImageObject\",\"inLanguage\":\"pl-PL\",\"@id\":\"https:\/\/www.anniesloan.com\/pl\/produkt\/chalk-paint\/old-ochre\/#primaryimage\",\"url\":\"https:\/\/www.anniesloan.com\/pl\/wp-content\/uploads\/sites\/5\/2021\/09\/NEWRGB-72dpi-Old-Ochre.jpg\",\"contentUrl\":\"https:\/\/www.anniesloan.com\/pl\/wp-content\/uploads\/sites\/5\/2021\/09\/NEWRGB-72dpi-Old-Ochre.jpg\",\"width\":1224,\"height\":936,\"caption\":\"Poci\u0105gni\u0119cie p\u0119dzla w kolorze Old Ochre Annie Sloan\"},{\"@type\":\"BreadcrumbList\",\"@id\":\"https:\/\/www.anniesloan.com\/pl\/produkt\/chalk-paint\/old-ochre\/#breadcrumb\",\"itemListElement\":[{\"@type\":\"ListItem\",\"position\":1,\"name\":\"Produkty\",\"item\":\"https:\/\/www.anniesloan.com\/pl\/produkty\/\"},{\"@type\":\"ListItem\",\"position\":2,\"name\":\"Chalk Paint\",\"item\":\"https:\/\/www.anniesloan.com\/pl\/produkty\/chalk-paint\/\"},{\"@type\":\"ListItem\",\"position\":3,\"name\":\"Old Ochre\"}]},{\"@type\":\"WebSite\",\"@id\":\"https:\/\/www.anniesloan.com\/pl\/#website\",\"url\":\"https:\/\/www.anniesloan.com\/pl\/\",\"name\":\"Annie Sloan PL\",\"description\":\"Home of Chalk Paint\",\"potentialAction\":[{\"@type\":\"SearchAction\",\"target\":{\"@type\":\"EntryPoint\",\"urlTemplate\":\"https:\/\/www.anniesloan.com\/pl\/?s={search_term_string}\"},\"query-input\":{\"@type\":\"PropertyValueSpecification\",\"valueRequired\":true,\"valueName\":\"search_term_string\"}}],\"inLanguage\":\"pl-PL\"}]}<\/script>\n<meta property=\"og:availability\" content=\"instock\" \/>\n<meta property=\"product:availability\" content=\"instock\" \/>\n<meta property=\"product:retailer_item_id\" content=\"4000-12-Old-Ochre-CP\" \/>\n<meta property=\"product:condition\" content=\"new\" \/>\n<!-- \/ Yoast SEO Premium plugin. -->","yoast_head_json":{"title":"Old Ochre - Farba Chalk Paint\u2122 | Annie Sloan PL","description":"Old Ochre to ciep\u0142y, przyciemniony, kremowy kolor w palecie farb Chalk Paint\u2122, kojarz\u0105cy si\u0119 ze starymi, francuskimi, malowanymi meblami, stolark\u0105 i drzwiami","robots":{"index":"index","follow":"follow","max-snippet":"max-snippet:-1","max-image-preview":"max-image-preview:large","max-video-preview":"max-video-preview:-1"},"canonical":"https:\/\/www.anniesloan.com\/pl\/produkt\/chalk-paint\/old-ochre\/","og_locale":"pl_PL","og_type":"article","og_title":"Old Ochre","og_description":"Old Ochre to ciep\u0142y, przyciemniony, kremowy kolor w palecie farb Chalk Paint\u2122, kojarz\u0105cy si\u0119 ze starymi, francuskimi, malowanymi meblami, stolark\u0105 i drzwiami","og_url":"https:\/\/www.anniesloan.com\/pl\/produkt\/chalk-paint\/old-ochre\/","og_site_name":"Annie Sloan PL","article_modified_time":"2026-04-25T20:46:16+00:00","og_image":[{"width":1224,"height":936,"url":"https:\/\/www.anniesloan.com\/pl\/wp-content\/uploads\/sites\/5\/2021\/09\/NEWRGB-72dpi-Old-Ochre.jpg","type":"image\/jpeg"}],"twitter_card":"summary_large_image","twitter_misc":{"Availability":"In stock"},"schema":{"@context":"https:\/\/schema.org","@graph":[{"@type":"WebPage","@id":"https:\/\/www.anniesloan.com\/pl\/produkt\/chalk-paint\/old-ochre\/","url":"https:\/\/www.anniesloan.com\/pl\/produkt\/chalk-paint\/old-ochre\/","name":"Old Ochre - Farba Chalk Paint\u2122 | Annie Sloan PL","isPartOf":{"@id":"https:\/\/www.anniesloan.com\/pl\/#website"},"primaryImageOfPage":{"@id":"https:\/\/www.anniesloan.com\/pl\/produkt\/chalk-paint\/old-ochre\/#primaryimage"},"image":{"@id":"https:\/\/www.anniesloan.com\/pl\/produkt\/chalk-paint\/old-ochre\/#primaryimage"},"thumbnailUrl":"https:\/\/www.anniesloan.com\/pl\/wp-content\/uploads\/sites\/5\/2021\/09\/NEWRGB-72dpi-Old-Ochre.jpg","datePublished":"2020-02-07T12:21:43+00:00","dateModified":"2026-04-25T20:46:16+00:00","description":"Old Ochre to ciep\u0142y, przyciemniony, kremowy kolor w palecie farb Chalk Paint\u2122, kojarz\u0105cy si\u0119 ze starymi, francuskimi, malowanymi meblami, stolark\u0105 i drzwiami","breadcrumb":{"@id":"https:\/\/www.anniesloan.com\/pl\/produkt\/chalk-paint\/old-ochre\/#breadcrumb"},"inLanguage":"pl-PL","potentialAction":[{"@type":"ReadAction","target":["https:\/\/www.anniesloan.com\/pl\/produkt\/chalk-paint\/old-ochre\/"]}]},{"@type":"ImageObject","inLanguage":"pl-PL","@id":"https:\/\/www.anniesloan.com\/pl\/produkt\/chalk-paint\/old-ochre\/#primaryimage","url":"https:\/\/www.anniesloan.com\/pl\/wp-content\/uploads\/sites\/5\/2021\/09\/NEWRGB-72dpi-Old-Ochre.jpg","contentUrl":"https:\/\/www.anniesloan.com\/pl\/wp-content\/uploads\/sites\/5\/2021\/09\/NEWRGB-72dpi-Old-Ochre.jpg","width":1224,"height":936,"caption":"Poci\u0105gni\u0119cie p\u0119dzla w kolorze Old Ochre Annie Sloan"},{"@type":"BreadcrumbList","@id":"https:\/\/www.anniesloan.com\/pl\/produkt\/chalk-paint\/old-ochre\/#breadcrumb","itemListElement":[{"@type":"ListItem","position":1,"name":"Produkty","item":"https:\/\/www.anniesloan.com\/pl\/produkty\/"},{"@type":"ListItem","position":2,"name":"Chalk Paint","item":"https:\/\/www.anniesloan.com\/pl\/produkty\/chalk-paint\/"},{"@type":"ListItem","position":3,"name":"Old Ochre"}]},{"@type":"WebSite","@id":"https:\/\/www.anniesloan.com\/pl\/#website","url":"https:\/\/www.anniesloan.com\/pl\/","name":"Annie Sloan PL","description":"Home of Chalk Paint","potentialAction":[{"@type":"SearchAction","target":{"@type":"EntryPoint","urlTemplate":"https:\/\/www.anniesloan.com\/pl\/?s={search_term_string}"},"query-input":{"@type":"PropertyValueSpecification","valueRequired":true,"valueName":"search_term_string"}}],"inLanguage":"pl-PL"}]},"og_availability":"instock","product_availability":"instock","product_retailer_item_id":"4000-12-Old-Ochre-CP","product_condition":"new"},"_links":{"self":[{"href":"https:\/\/www.anniesloan.com\/pl\/wp-json\/wp\/v2\/product\/19830","targetHints":{"allow":["GET"]}}],"collection":[{"href":"https:\/\/www.anniesloan.com\/pl\/wp-json\/wp\/v2\/product"}],"about":[{"href":"https:\/\/www.anniesloan.com\/pl\/wp-json\/wp\/v2\/types\/product"}],"wp:featuredmedia":[{"embeddable":true,"href":"https:\/\/www.anniesloan.com\/pl\/wp-json\/wp\/v2\/media\/35961"}],"wp:attachment":[{"href":"https:\/\/www.anniesloan.com\/pl\/wp-json\/wp\/v2\/media?parent=19830"}],"wp:term":[{"taxonomy":"product_brand","embeddable":true,"href":"https:\/\/www.anniesloan.com\/pl\/wp-json\/wp\/v2\/product_brand?post=19830"},{"taxonomy":"product_cat","embeddable":true,"href":"https:\/\/www.anniesloan.com\/pl\/wp-json\/wp\/v2\/product_cat?post=19830"},{"taxonomy":"product_tag","embeddable":true,"href":"https:\/\/www.anniesloan.com\/pl\/wp-json\/wp\/v2\/product_tag?post=19830"}],"curies":[{"name":"wp","href":"https:\/\/api.w.org\/{rel}","templated":true}]}}