{"id":37998,"date":"2025-06-17T14:21:33","date_gmt":"2025-06-17T13:21:33","guid":{"rendered":"https:\/\/www.anniesloan.com\/?page_id=167224"},"modified":"2026-04-17T12:34:55","modified_gmt":"2026-04-17T10:34:55","slug":"our-flagship-stores","status":"publish","type":"page","link":"https:\/\/www.anniesloan.com\/pl\/our-flagship-stores\/","title":{"rendered":"Annie Sloan Flagship Stores"},"content":{"rendered":"<p>&nbsp;<\/p>\n<p>&nbsp;<\/p>\n","protected":false},"excerpt":{"rendered":"<p>&nbsp; &nbsp;<\/p>\n","protected":false},"author":14,"featured_media":37999,"parent":0,"menu_order":0,"comment_status":"closed","ping_status":"closed","template":"tpl-flexible-content.php","meta":{"_acf_changed":false,"_relevanssi_hide_post":"","_relevanssi_hide_content":"","_relevanssi_pin_for_all":"","_relevanssi_pin_keywords":"","_relevanssi_unpin_keywords":"","_relevanssi_related_keywords":"","_relevanssi_related_include_ids":"","_relevanssi_related_exclude_ids":"","_relevanssi_related_no_append":"","_relevanssi_related_not_related":"","_relevanssi_related_posts":"","_relevanssi_noindex_reason":"","footnotes":""},"class_list":["post-37998","page","type-page","status-publish","has-post-thumbnail","hentry"],"acf":[],"yoast_head":"<!-- This site is optimized with the Yoast SEO Premium plugin v26.5 (Yoast SEO v26.5) - https:\/\/yoast.com\/wordpress\/plugins\/seo\/ -->\n<title>Annie Sloan Flagship Stores - Annie Sloan PL<\/title>\n<meta name=\"description\" content=\"Chcesz znale\u017a\u0107 najbli\u017cszy sklep? Nasze flagowe sklepy s\u0105 oznaczone specjaln\u0105 plakietk\u0105 na naszej stronie z list\u0105 dystrybutor\u00f3w.\" \/>\n<meta name=\"robots\" content=\"index, follow, max-snippet:-1, max-image-preview:large, max-video-preview:-1\" \/>\n<link rel=\"canonical\" href=\"https:\/\/www.anniesloan.com\/pl\/our-flagship-stores\/\" \/>\n<meta property=\"og:locale\" content=\"pl_PL\" \/>\n<meta property=\"og:type\" content=\"article\" \/>\n<meta property=\"og:title\" content=\"Annie Sloan Flagship Stores\" \/>\n<meta property=\"og:description\" content=\"Chcesz znale\u017a\u0107 najbli\u017cszy sklep? Nasze flagowe sklepy s\u0105 oznaczone specjaln\u0105 plakietk\u0105 na naszej stronie z list\u0105 dystrybutor\u00f3w.\" \/>\n<meta property=\"og:url\" content=\"https:\/\/www.anniesloan.com\/pl\/our-flagship-stores\/\" \/>\n<meta property=\"og:site_name\" content=\"Annie Sloan PL\" \/>\n<meta property=\"article:modified_time\" content=\"2026-04-17T10:34:55+00:00\" \/>\n<meta property=\"og:image\" content=\"https:\/\/www.anniesloan.com\/pl\/wp-content\/uploads\/sites\/5\/2025\/06\/250191_Flagship-Store-on-Tristan_Doghead-Design-Image-for-web-copy-1.jpg\" \/>\n\t<meta property=\"og:image:width\" content=\"1350\" \/>\n\t<meta property=\"og:image:height\" content=\"1080\" \/>\n\t<meta property=\"og:image:type\" content=\"image\/jpeg\" \/>\n<meta name=\"twitter:card\" content=\"summary_large_image\" \/>\n<meta name=\"twitter:label1\" content=\"Szacowany czas czytania\" \/>\n\t<meta name=\"twitter:data1\" content=\"3 minuty\" \/>\n<script type=\"application\/ld+json\" class=\"yoast-schema-graph\">{\"@context\":\"https:\/\/schema.org\",\"@graph\":[{\"@type\":\"WebPage\",\"@id\":\"https:\/\/www.anniesloan.com\/pl\/our-flagship-stores\/\",\"url\":\"https:\/\/www.anniesloan.com\/pl\/our-flagship-stores\/\",\"name\":\"Annie Sloan Flagship Stores - Annie Sloan PL\",\"isPartOf\":{\"@id\":\"https:\/\/www.anniesloan.com\/pl\/#website\"},\"primaryImageOfPage\":{\"@id\":\"https:\/\/www.anniesloan.com\/pl\/our-flagship-stores\/#primaryimage\"},\"image\":{\"@id\":\"https:\/\/www.anniesloan.com\/pl\/our-flagship-stores\/#primaryimage\"},\"thumbnailUrl\":\"https:\/\/www.anniesloan.com\/pl\/wp-content\/uploads\/sites\/5\/2025\/06\/250191_Flagship-Store-on-Tristan_Doghead-Design-Image-for-web-copy-1.jpg\",\"datePublished\":\"2025-06-17T13:21:33+00:00\",\"dateModified\":\"2026-04-17T10:34:55+00:00\",\"description\":\"Chcesz znale\u017a\u0107 najbli\u017cszy sklep? Nasze flagowe sklepy s\u0105 oznaczone specjaln\u0105 plakietk\u0105 na naszej stronie z list\u0105 dystrybutor\u00f3w.\",\"inLanguage\":\"pl-PL\",\"potentialAction\":[{\"@type\":\"ReadAction\",\"target\":[\"https:\/\/www.anniesloan.com\/pl\/our-flagship-stores\/\"]}]},{\"@type\":\"ImageObject\",\"inLanguage\":\"pl-PL\",\"@id\":\"https:\/\/www.anniesloan.com\/pl\/our-flagship-stores\/#primaryimage\",\"url\":\"https:\/\/www.anniesloan.com\/pl\/wp-content\/uploads\/sites\/5\/2025\/06\/250191_Flagship-Store-on-Tristan_Doghead-Design-Image-for-web-copy-1.jpg\",\"contentUrl\":\"https:\/\/www.anniesloan.com\/pl\/wp-content\/uploads\/sites\/5\/2025\/06\/250191_Flagship-Store-on-Tristan_Doghead-Design-Image-for-web-copy-1.jpg\",\"width\":1350,\"height\":1080,\"caption\":\"Tristan - Doghead Designs - Flagship Store\"},{\"@type\":\"WebSite\",\"@id\":\"https:\/\/www.anniesloan.com\/pl\/#website\",\"url\":\"https:\/\/www.anniesloan.com\/pl\/\",\"name\":\"Annie Sloan PL\",\"description\":\"Home of Chalk Paint\",\"potentialAction\":[{\"@type\":\"SearchAction\",\"target\":{\"@type\":\"EntryPoint\",\"urlTemplate\":\"https:\/\/www.anniesloan.com\/pl\/?s={search_term_string}\"},\"query-input\":{\"@type\":\"PropertyValueSpecification\",\"valueRequired\":true,\"valueName\":\"search_term_string\"}}],\"inLanguage\":\"pl-PL\"}]}<\/script>\n<!-- \/ Yoast SEO Premium plugin. -->","yoast_head_json":{"title":"Annie Sloan Flagship Stores - Annie Sloan PL","description":"Chcesz znale\u017a\u0107 najbli\u017cszy sklep? Nasze flagowe sklepy s\u0105 oznaczone specjaln\u0105 plakietk\u0105 na naszej stronie z list\u0105 dystrybutor\u00f3w.","robots":{"index":"index","follow":"follow","max-snippet":"max-snippet:-1","max-image-preview":"max-image-preview:large","max-video-preview":"max-video-preview:-1"},"canonical":"https:\/\/www.anniesloan.com\/pl\/our-flagship-stores\/","og_locale":"pl_PL","og_type":"article","og_title":"Annie Sloan Flagship Stores","og_description":"Chcesz znale\u017a\u0107 najbli\u017cszy sklep? Nasze flagowe sklepy s\u0105 oznaczone specjaln\u0105 plakietk\u0105 na naszej stronie z list\u0105 dystrybutor\u00f3w.","og_url":"https:\/\/www.anniesloan.com\/pl\/our-flagship-stores\/","og_site_name":"Annie Sloan PL","article_modified_time":"2026-04-17T10:34:55+00:00","og_image":[{"width":1350,"height":1080,"url":"https:\/\/www.anniesloan.com\/pl\/wp-content\/uploads\/sites\/5\/2025\/06\/250191_Flagship-Store-on-Tristan_Doghead-Design-Image-for-web-copy-1.jpg","type":"image\/jpeg"}],"twitter_card":"summary_large_image","twitter_misc":{"Szacowany czas czytania":"3 minuty"},"schema":{"@context":"https:\/\/schema.org","@graph":[{"@type":"WebPage","@id":"https:\/\/www.anniesloan.com\/pl\/our-flagship-stores\/","url":"https:\/\/www.anniesloan.com\/pl\/our-flagship-stores\/","name":"Annie Sloan Flagship Stores - Annie Sloan PL","isPartOf":{"@id":"https:\/\/www.anniesloan.com\/pl\/#website"},"primaryImageOfPage":{"@id":"https:\/\/www.anniesloan.com\/pl\/our-flagship-stores\/#primaryimage"},"image":{"@id":"https:\/\/www.anniesloan.com\/pl\/our-flagship-stores\/#primaryimage"},"thumbnailUrl":"https:\/\/www.anniesloan.com\/pl\/wp-content\/uploads\/sites\/5\/2025\/06\/250191_Flagship-Store-on-Tristan_Doghead-Design-Image-for-web-copy-1.jpg","datePublished":"2025-06-17T13:21:33+00:00","dateModified":"2026-04-17T10:34:55+00:00","description":"Chcesz znale\u017a\u0107 najbli\u017cszy sklep? Nasze flagowe sklepy s\u0105 oznaczone specjaln\u0105 plakietk\u0105 na naszej stronie z list\u0105 dystrybutor\u00f3w.","inLanguage":"pl-PL","potentialAction":[{"@type":"ReadAction","target":["https:\/\/www.anniesloan.com\/pl\/our-flagship-stores\/"]}]},{"@type":"ImageObject","inLanguage":"pl-PL","@id":"https:\/\/www.anniesloan.com\/pl\/our-flagship-stores\/#primaryimage","url":"https:\/\/www.anniesloan.com\/pl\/wp-content\/uploads\/sites\/5\/2025\/06\/250191_Flagship-Store-on-Tristan_Doghead-Design-Image-for-web-copy-1.jpg","contentUrl":"https:\/\/www.anniesloan.com\/pl\/wp-content\/uploads\/sites\/5\/2025\/06\/250191_Flagship-Store-on-Tristan_Doghead-Design-Image-for-web-copy-1.jpg","width":1350,"height":1080,"caption":"Tristan - Doghead Designs - Flagship Store"},{"@type":"WebSite","@id":"https:\/\/www.anniesloan.com\/pl\/#website","url":"https:\/\/www.anniesloan.com\/pl\/","name":"Annie Sloan PL","description":"Home of Chalk Paint","potentialAction":[{"@type":"SearchAction","target":{"@type":"EntryPoint","urlTemplate":"https:\/\/www.anniesloan.com\/pl\/?s={search_term_string}"},"query-input":{"@type":"PropertyValueSpecification","valueRequired":true,"valueName":"search_term_string"}}],"inLanguage":"pl-PL"}]}},"_links":{"self":[{"href":"https:\/\/www.anniesloan.com\/pl\/wp-json\/wp\/v2\/pages\/37998","targetHints":{"allow":["GET"]}}],"collection":[{"href":"https:\/\/www.anniesloan.com\/pl\/wp-json\/wp\/v2\/pages"}],"about":[{"href":"https:\/\/www.anniesloan.com\/pl\/wp-json\/wp\/v2\/types\/page"}],"author":[{"embeddable":true,"href":"https:\/\/www.anniesloan.com\/pl\/wp-json\/wp\/v2\/users\/14"}],"replies":[{"embeddable":true,"href":"https:\/\/www.anniesloan.com\/pl\/wp-json\/wp\/v2\/comments?post=37998"}],"version-history":[{"count":0,"href":"https:\/\/www.anniesloan.com\/pl\/wp-json\/wp\/v2\/pages\/37998\/revisions"}],"wp:featuredmedia":[{"embeddable":true,"href":"https:\/\/www.anniesloan.com\/pl\/wp-json\/wp\/v2\/media\/37999"}],"wp:attachment":[{"href":"https:\/\/www.anniesloan.com\/pl\/wp-json\/wp\/v2\/media?parent=37998"}],"curies":[{"name":"wp","href":"https:\/\/api.w.org\/{rel}","templated":true}]}}