{"id":35731,"date":"2022-03-24T10:01:43","date_gmt":"2022-03-24T10:01:43","guid":{"rendered":"https:\/\/www.anniesloan.com\/?page_id=105254"},"modified":"2023-07-12T15:42:44","modified_gmt":"2023-07-12T13:42:44","slug":"biala","status":"publish","type":"page","link":"https:\/\/www.anniesloan.com\/pl\/farba\/biala\/","title":{"rendered":"Bia\u0142a"},"content":{"rendered":"<p>Witamy w \u015bwiecie bieli. Bia\u0142e odcienie farby stanowi\u0105 podstaw\u0119 ka\u017cdej palety i s\u0105 naj\u0142atwiejszym kolorem do pracy. Bia\u0142e farby do \u015bcian Annie Sloan s\u0105 dost\u0119pne w trzech g\u0142\u00f3wnych odcieniach: ciep\u0142ym, ch\u0142odnym i neutralnym. Zapoznaj si\u0119 z ich gam\u0105 poni\u017cej.<\/p>\n<div class=\"c-ShortcodeButton  c-ShortcodeButton--padtoprem c-ShortcodeButton--padbotrem\"><a href=\"\/pl\/farba\/\" class=\"[ c-Btn c-Btn--outline-grey ]\" >Wszystkie Kolory<\/a><\/div>\n","protected":false},"excerpt":{"rendered":"<p>Witamy w \u015bwiecie bieli. Bia\u0142e odcienie farby stanowi\u0105 podstaw\u0119 ka\u017cdej palety i s\u0105 naj\u0142atwiejszym kolorem do pracy. Bia\u0142e farby do \u015bcian Annie Sloan s\u0105 dost\u0119pne w trzech g\u0142\u00f3wnych odcieniach: ciep\u0142ym, ch\u0142odnym i neutralnym. Zapoznaj si\u0119 z ich gam\u0105 poni\u017cej.<\/p>\n","protected":false},"author":11,"featured_media":0,"parent":35721,"menu_order":0,"comment_status":"closed","ping_status":"closed","template":"page-tpl-paint.php","meta":{"_acf_changed":false,"_relevanssi_hide_post":"","_relevanssi_hide_content":"","_relevanssi_pin_for_all":"","_relevanssi_pin_keywords":"","_relevanssi_unpin_keywords":"","_relevanssi_related_keywords":"","_relevanssi_related_include_ids":"","_relevanssi_related_exclude_ids":"","_relevanssi_related_no_append":"","_relevanssi_related_not_related":"","_relevanssi_related_posts":"","_relevanssi_noindex_reason":"","footnotes":""},"class_list":["post-35731","page","type-page","status-publish","hentry"],"acf":[],"yoast_head":"<!-- This site is optimized with the Yoast SEO Premium plugin v26.5 (Yoast SEO v26.5) - https:\/\/yoast.com\/wordpress\/plugins\/seo\/ -->\n<title>Bia\u0142a - Annie Sloan PL<\/title>\n<meta name=\"robots\" content=\"index, follow, max-snippet:-1, max-image-preview:large, max-video-preview:-1\" \/>\n<link rel=\"canonical\" href=\"https:\/\/www.anniesloan.com\/pl\/farba\/biala\/\" \/>\n<meta property=\"og:locale\" content=\"pl_PL\" \/>\n<meta property=\"og:type\" content=\"article\" \/>\n<meta property=\"og:title\" content=\"Bia\u0142a\" \/>\n<meta property=\"og:description\" content=\"Witamy w \u015bwiecie bieli. Bia\u0142e odcienie farby stanowi\u0105 podstaw\u0119 ka\u017cdej palety i s\u0105 naj\u0142atwiejszym kolorem do pracy. Bia\u0142e farby do \u015bcian Annie Sloan s\u0105 dost\u0119pne w trzech g\u0142\u00f3wnych odcieniach: ciep\u0142ym, ch\u0142odnym i neutralnym. Zapoznaj si\u0119 z ich gam\u0105 poni\u017cej.\" \/>\n<meta property=\"og:url\" content=\"https:\/\/www.anniesloan.com\/pl\/farba\/biala\/\" \/>\n<meta property=\"og:site_name\" content=\"Annie Sloan PL\" \/>\n<meta property=\"article:modified_time\" content=\"2023-07-12T13:42:44+00:00\" \/>\n<meta name=\"twitter:card\" content=\"summary_large_image\" \/>\n<meta name=\"twitter:label1\" content=\"Szacowany czas czytania\" \/>\n\t<meta name=\"twitter:data1\" content=\"1 minuta\" \/>\n<script type=\"application\/ld+json\" class=\"yoast-schema-graph\">{\"@context\":\"https:\/\/schema.org\",\"@graph\":[{\"@type\":\"WebPage\",\"@id\":\"https:\/\/www.anniesloan.com\/pl\/farba\/biala\/\",\"url\":\"https:\/\/www.anniesloan.com\/pl\/farba\/biala\/\",\"name\":\"Bia\u0142a - Annie Sloan PL\",\"isPartOf\":{\"@id\":\"https:\/\/www.anniesloan.com\/pl\/#website\"},\"datePublished\":\"2022-03-24T10:01:43+00:00\",\"dateModified\":\"2023-07-12T13:42:44+00:00\",\"breadcrumb\":{\"@id\":\"https:\/\/www.anniesloan.com\/pl\/farba\/biala\/#breadcrumb\"},\"inLanguage\":\"pl-PL\",\"potentialAction\":[{\"@type\":\"ReadAction\",\"target\":[\"https:\/\/www.anniesloan.com\/pl\/farba\/biala\/\"]}]},{\"@type\":\"BreadcrumbList\",\"@id\":\"https:\/\/www.anniesloan.com\/pl\/farba\/biala\/#breadcrumb\",\"itemListElement\":[{\"@type\":\"ListItem\",\"position\":1,\"name\":\"Wszystkie Kolory\",\"item\":\"https:\/\/www.anniesloan.com\/pl\/farba\/\"},{\"@type\":\"ListItem\",\"position\":2,\"name\":\"Bia\u0142a\"}]},{\"@type\":\"WebSite\",\"@id\":\"https:\/\/www.anniesloan.com\/pl\/#website\",\"url\":\"https:\/\/www.anniesloan.com\/pl\/\",\"name\":\"Annie Sloan PL\",\"description\":\"Home of Chalk Paint\",\"potentialAction\":[{\"@type\":\"SearchAction\",\"target\":{\"@type\":\"EntryPoint\",\"urlTemplate\":\"https:\/\/www.anniesloan.com\/pl\/?s={search_term_string}\"},\"query-input\":{\"@type\":\"PropertyValueSpecification\",\"valueRequired\":true,\"valueName\":\"search_term_string\"}}],\"inLanguage\":\"pl-PL\"}]}<\/script>\n<!-- \/ Yoast SEO Premium plugin. -->","yoast_head_json":{"title":"Bia\u0142a - Annie Sloan PL","robots":{"index":"index","follow":"follow","max-snippet":"max-snippet:-1","max-image-preview":"max-image-preview:large","max-video-preview":"max-video-preview:-1"},"canonical":"https:\/\/www.anniesloan.com\/pl\/farba\/biala\/","og_locale":"pl_PL","og_type":"article","og_title":"Bia\u0142a","og_description":"Witamy w \u015bwiecie bieli. Bia\u0142e odcienie farby stanowi\u0105 podstaw\u0119 ka\u017cdej palety i s\u0105 naj\u0142atwiejszym kolorem do pracy. Bia\u0142e farby do \u015bcian Annie Sloan s\u0105 dost\u0119pne w trzech g\u0142\u00f3wnych odcieniach: ciep\u0142ym, ch\u0142odnym i neutralnym. Zapoznaj si\u0119 z ich gam\u0105 poni\u017cej.","og_url":"https:\/\/www.anniesloan.com\/pl\/farba\/biala\/","og_site_name":"Annie Sloan PL","article_modified_time":"2023-07-12T13:42:44+00:00","twitter_card":"summary_large_image","twitter_misc":{"Szacowany czas czytania":"1 minuta"},"schema":{"@context":"https:\/\/schema.org","@graph":[{"@type":"WebPage","@id":"https:\/\/www.anniesloan.com\/pl\/farba\/biala\/","url":"https:\/\/www.anniesloan.com\/pl\/farba\/biala\/","name":"Bia\u0142a - Annie Sloan PL","isPartOf":{"@id":"https:\/\/www.anniesloan.com\/pl\/#website"},"datePublished":"2022-03-24T10:01:43+00:00","dateModified":"2023-07-12T13:42:44+00:00","breadcrumb":{"@id":"https:\/\/www.anniesloan.com\/pl\/farba\/biala\/#breadcrumb"},"inLanguage":"pl-PL","potentialAction":[{"@type":"ReadAction","target":["https:\/\/www.anniesloan.com\/pl\/farba\/biala\/"]}]},{"@type":"BreadcrumbList","@id":"https:\/\/www.anniesloan.com\/pl\/farba\/biala\/#breadcrumb","itemListElement":[{"@type":"ListItem","position":1,"name":"Wszystkie Kolory","item":"https:\/\/www.anniesloan.com\/pl\/farba\/"},{"@type":"ListItem","position":2,"name":"Bia\u0142a"}]},{"@type":"WebSite","@id":"https:\/\/www.anniesloan.com\/pl\/#website","url":"https:\/\/www.anniesloan.com\/pl\/","name":"Annie Sloan PL","description":"Home of Chalk Paint","potentialAction":[{"@type":"SearchAction","target":{"@type":"EntryPoint","urlTemplate":"https:\/\/www.anniesloan.com\/pl\/?s={search_term_string}"},"query-input":{"@type":"PropertyValueSpecification","valueRequired":true,"valueName":"search_term_string"}}],"inLanguage":"pl-PL"}]}},"_links":{"self":[{"href":"https:\/\/www.anniesloan.com\/pl\/wp-json\/wp\/v2\/pages\/35731","targetHints":{"allow":["GET"]}}],"collection":[{"href":"https:\/\/www.anniesloan.com\/pl\/wp-json\/wp\/v2\/pages"}],"about":[{"href":"https:\/\/www.anniesloan.com\/pl\/wp-json\/wp\/v2\/types\/page"}],"author":[{"embeddable":true,"href":"https:\/\/www.anniesloan.com\/pl\/wp-json\/wp\/v2\/users\/11"}],"replies":[{"embeddable":true,"href":"https:\/\/www.anniesloan.com\/pl\/wp-json\/wp\/v2\/comments?post=35731"}],"version-history":[{"count":0,"href":"https:\/\/www.anniesloan.com\/pl\/wp-json\/wp\/v2\/pages\/35731\/revisions"}],"up":[{"embeddable":true,"href":"https:\/\/www.anniesloan.com\/pl\/wp-json\/wp\/v2\/pages\/35721"}],"wp:attachment":[{"href":"https:\/\/www.anniesloan.com\/pl\/wp-json\/wp\/v2\/media?parent=35731"}],"curies":[{"name":"wp","href":"https:\/\/api.w.org\/{rel}","templated":true}]}}