{"id":35729,"date":"2022-03-21T15:17:11","date_gmt":"2022-03-21T15:17:11","guid":{"rendered":"https:\/\/www.anniesloan.com\/?page_id=105267"},"modified":"2023-07-12T15:26:05","modified_gmt":"2023-07-12T13:26:05","slug":"fioletowa","status":"publish","type":"page","link":"https:\/\/www.anniesloan.com\/pl\/fioletowa\/","title":{"rendered":"Fioletowa"},"content":{"rendered":"<p>Annie Sloan stworzy\u0142a ka\u017cdy z fioletowych odcieni swojej farby, czerpi\u0105c inspiracj\u0119 z klasycznych i nowoczesnych wn\u0119trz. Fioletowa farba firmy Annie Sloan jest dost\u0119pna w ka\u017cdym odcieniu potrzebnym w Twoim domu. Mo\u017cesz dobra\u0107 idealny fiolet do swojego domu &#8211; od delikatnie zabarwionego liliowym odcieniem be\u017cu Adelphi do bogatych, bak\u0142a\u017canowych tonacji Tyrian Plum.<\/p>\n<p><strong>\u00a0<\/strong><\/p>\n<div class=\"c-ShortcodeButton  c-ShortcodeButton--padtoprem c-ShortcodeButton--padbotrem\"><a href=\"\/pl\/farba\/\" class=\"[ c-Btn c-Btn--outline-grey ]\" >Wszystkie Kolory<\/a><\/div>\n","protected":false},"excerpt":{"rendered":"<p>Annie Sloan stworzy\u0142a ka\u017cdy z fioletowych odcieni swojej farby, czerpi\u0105c inspiracj\u0119 z klasycznych i nowoczesnych wn\u0119trz. Fioletowa farba firmy Annie Sloan jest dost\u0119pna w ka\u017cdym odcieniu potrzebnym w Twoim domu. Mo\u017cesz dobra\u0107 idealny fiolet do swojego domu &#8211; od delikatnie zabarwionego liliowym odcieniem be\u017cu Adelphi do bogatych, bak\u0142a\u017canowych tonacji Tyrian Plum. \u00a0<\/p>\n","protected":false},"author":11,"featured_media":0,"parent":0,"menu_order":0,"comment_status":"closed","ping_status":"closed","template":"page-tpl-paint.php","meta":{"_acf_changed":false,"_relevanssi_hide_post":"","_relevanssi_hide_content":"","_relevanssi_pin_for_all":"","_relevanssi_pin_keywords":"","_relevanssi_unpin_keywords":"","_relevanssi_related_keywords":"","_relevanssi_related_include_ids":"","_relevanssi_related_exclude_ids":"","_relevanssi_related_no_append":"","_relevanssi_related_not_related":"","_relevanssi_related_posts":"","_relevanssi_noindex_reason":"","footnotes":""},"class_list":["post-35729","page","type-page","status-publish","hentry"],"acf":[],"yoast_head":"<!-- This site is optimized with the Yoast SEO Premium plugin v26.5 (Yoast SEO v26.5) - https:\/\/yoast.com\/wordpress\/plugins\/seo\/ -->\n<title>Fioletowa - Annie Sloan PL<\/title>\n<meta name=\"robots\" content=\"index, follow, max-snippet:-1, max-image-preview:large, max-video-preview:-1\" \/>\n<link rel=\"canonical\" href=\"https:\/\/www.anniesloan.com\/pl\/fioletowa\/\" \/>\n<meta property=\"og:locale\" content=\"pl_PL\" \/>\n<meta property=\"og:type\" content=\"article\" \/>\n<meta property=\"og:title\" content=\"Fioletowa\" \/>\n<meta property=\"og:description\" content=\"Annie Sloan stworzy\u0142a ka\u017cdy z fioletowych odcieni swojej farby, czerpi\u0105c inspiracj\u0119 z klasycznych i nowoczesnych wn\u0119trz. Fioletowa farba firmy Annie Sloan jest dost\u0119pna w ka\u017cdym odcieniu potrzebnym w Twoim domu. Mo\u017cesz dobra\u0107 idealny fiolet do swojego domu &#8211; od delikatnie zabarwionego liliowym odcieniem be\u017cu Adelphi do bogatych, bak\u0142a\u017canowych tonacji Tyrian Plum. \u00a0\" \/>\n<meta property=\"og:url\" content=\"https:\/\/www.anniesloan.com\/pl\/fioletowa\/\" \/>\n<meta property=\"og:site_name\" content=\"Annie Sloan PL\" \/>\n<meta property=\"article:modified_time\" content=\"2023-07-12T13:26:05+00:00\" \/>\n<meta name=\"twitter:card\" content=\"summary_large_image\" \/>\n<meta name=\"twitter:label1\" content=\"Szacowany czas czytania\" \/>\n\t<meta name=\"twitter:data1\" content=\"1 minuta\" \/>\n<script type=\"application\/ld+json\" class=\"yoast-schema-graph\">{\"@context\":\"https:\/\/schema.org\",\"@graph\":[{\"@type\":\"WebPage\",\"@id\":\"https:\/\/www.anniesloan.com\/pl\/fioletowa\/\",\"url\":\"https:\/\/www.anniesloan.com\/pl\/fioletowa\/\",\"name\":\"Fioletowa - Annie Sloan PL\",\"isPartOf\":{\"@id\":\"https:\/\/www.anniesloan.com\/pl\/#website\"},\"datePublished\":\"2022-03-21T15:17:11+00:00\",\"dateModified\":\"2023-07-12T13:26:05+00:00\",\"inLanguage\":\"pl-PL\",\"potentialAction\":[{\"@type\":\"ReadAction\",\"target\":[\"https:\/\/www.anniesloan.com\/pl\/fioletowa\/\"]}]},{\"@type\":\"WebSite\",\"@id\":\"https:\/\/www.anniesloan.com\/pl\/#website\",\"url\":\"https:\/\/www.anniesloan.com\/pl\/\",\"name\":\"Annie Sloan PL\",\"description\":\"Home of Chalk Paint\",\"potentialAction\":[{\"@type\":\"SearchAction\",\"target\":{\"@type\":\"EntryPoint\",\"urlTemplate\":\"https:\/\/www.anniesloan.com\/pl\/?s={search_term_string}\"},\"query-input\":{\"@type\":\"PropertyValueSpecification\",\"valueRequired\":true,\"valueName\":\"search_term_string\"}}],\"inLanguage\":\"pl-PL\"}]}<\/script>\n<!-- \/ Yoast SEO Premium plugin. -->","yoast_head_json":{"title":"Fioletowa - Annie Sloan PL","robots":{"index":"index","follow":"follow","max-snippet":"max-snippet:-1","max-image-preview":"max-image-preview:large","max-video-preview":"max-video-preview:-1"},"canonical":"https:\/\/www.anniesloan.com\/pl\/fioletowa\/","og_locale":"pl_PL","og_type":"article","og_title":"Fioletowa","og_description":"Annie Sloan stworzy\u0142a ka\u017cdy z fioletowych odcieni swojej farby, czerpi\u0105c inspiracj\u0119 z klasycznych i nowoczesnych wn\u0119trz. Fioletowa farba firmy Annie Sloan jest dost\u0119pna w ka\u017cdym odcieniu potrzebnym w Twoim domu. Mo\u017cesz dobra\u0107 idealny fiolet do swojego domu &#8211; od delikatnie zabarwionego liliowym odcieniem be\u017cu Adelphi do bogatych, bak\u0142a\u017canowych tonacji Tyrian Plum. \u00a0","og_url":"https:\/\/www.anniesloan.com\/pl\/fioletowa\/","og_site_name":"Annie Sloan PL","article_modified_time":"2023-07-12T13:26:05+00:00","twitter_card":"summary_large_image","twitter_misc":{"Szacowany czas czytania":"1 minuta"},"schema":{"@context":"https:\/\/schema.org","@graph":[{"@type":"WebPage","@id":"https:\/\/www.anniesloan.com\/pl\/fioletowa\/","url":"https:\/\/www.anniesloan.com\/pl\/fioletowa\/","name":"Fioletowa - Annie Sloan PL","isPartOf":{"@id":"https:\/\/www.anniesloan.com\/pl\/#website"},"datePublished":"2022-03-21T15:17:11+00:00","dateModified":"2023-07-12T13:26:05+00:00","inLanguage":"pl-PL","potentialAction":[{"@type":"ReadAction","target":["https:\/\/www.anniesloan.com\/pl\/fioletowa\/"]}]},{"@type":"WebSite","@id":"https:\/\/www.anniesloan.com\/pl\/#website","url":"https:\/\/www.anniesloan.com\/pl\/","name":"Annie Sloan PL","description":"Home of Chalk Paint","potentialAction":[{"@type":"SearchAction","target":{"@type":"EntryPoint","urlTemplate":"https:\/\/www.anniesloan.com\/pl\/?s={search_term_string}"},"query-input":{"@type":"PropertyValueSpecification","valueRequired":true,"valueName":"search_term_string"}}],"inLanguage":"pl-PL"}]}},"_links":{"self":[{"href":"https:\/\/www.anniesloan.com\/pl\/wp-json\/wp\/v2\/pages\/35729","targetHints":{"allow":["GET"]}}],"collection":[{"href":"https:\/\/www.anniesloan.com\/pl\/wp-json\/wp\/v2\/pages"}],"about":[{"href":"https:\/\/www.anniesloan.com\/pl\/wp-json\/wp\/v2\/types\/page"}],"author":[{"embeddable":true,"href":"https:\/\/www.anniesloan.com\/pl\/wp-json\/wp\/v2\/users\/11"}],"replies":[{"embeddable":true,"href":"https:\/\/www.anniesloan.com\/pl\/wp-json\/wp\/v2\/comments?post=35729"}],"version-history":[{"count":0,"href":"https:\/\/www.anniesloan.com\/pl\/wp-json\/wp\/v2\/pages\/35729\/revisions"}],"wp:attachment":[{"href":"https:\/\/www.anniesloan.com\/pl\/wp-json\/wp\/v2\/media?parent=35729"}],"curies":[{"name":"wp","href":"https:\/\/api.w.org\/{rel}","templated":true}]}}