{"id":35726,"date":"2022-03-21T15:16:33","date_gmt":"2022-03-21T15:16:33","guid":{"rendered":"https:\/\/www.anniesloan.com\/?page_id=105264"},"modified":"2023-07-12T15:28:45","modified_gmt":"2023-07-12T13:28:45","slug":"szara","status":"publish","type":"page","link":"https:\/\/www.anniesloan.com\/pl\/farba\/szara\/","title":{"rendered":"Szara"},"content":{"rendered":"<p>Szaro\u015bci we wszystkich odcieniach \u2013 zar\u00f3wno ciemne i w\u0119glowe, jak i subtelne i \u0142agodne z nut\u0105 fioletu \u2013 s\u0105 kluczowym narz\u0119dziem w ka\u017cdej palecie malarskiej. Annie Sloan opracowa\u0142a swoj\u0105 palet\u0119 szarych farb, wykorzystuj\u0105c uzupe\u0142niaj\u0105ce si\u0119 kolory dla uzyskania g\u0142\u0119bi i atrakcyjno\u015bci. Wybierz idealny, uniwersalny odcie\u0144 szaro\u015bci z gamy kolor\u00f3w farb kredowych lub u\u017cyj szarej farby do \u015bcian Annie Sloan i farby satynowej Annie Sloan jako eleganckiej, bezkompromisowej alternatywy dla bieli.<\/p>\n<p>&nbsp;<\/p>\n<div class=\"c-ShortcodeButton  c-ShortcodeButton--padtoprem c-ShortcodeButton--padbotrem\"><a href=\"\/pl\/farba\/\" class=\"[ c-Btn c-Btn--outline-grey ]\" >Wszystkie Kolory<\/a><\/div>\n","protected":false},"excerpt":{"rendered":"<p>Szaro\u015bci we wszystkich odcieniach \u2013 zar\u00f3wno ciemne i w\u0119glowe, jak i subtelne i \u0142agodne z nut\u0105 fioletu \u2013 s\u0105 kluczowym narz\u0119dziem w ka\u017cdej palecie malarskiej. Annie Sloan opracowa\u0142a swoj\u0105 palet\u0119 szarych farb, wykorzystuj\u0105c uzupe\u0142niaj\u0105ce si\u0119 kolory dla uzyskania g\u0142\u0119bi i atrakcyjno\u015bci. Wybierz idealny, uniwersalny odcie\u0144 szaro\u015bci z gamy kolor\u00f3w farb kredowych lub u\u017cyj szarej farby [&hellip;]<\/p>\n","protected":false},"author":11,"featured_media":0,"parent":35721,"menu_order":0,"comment_status":"closed","ping_status":"closed","template":"page-tpl-paint.php","meta":{"_acf_changed":false,"_relevanssi_hide_post":"","_relevanssi_hide_content":"","_relevanssi_pin_for_all":"","_relevanssi_pin_keywords":"","_relevanssi_unpin_keywords":"","_relevanssi_related_keywords":"","_relevanssi_related_include_ids":"","_relevanssi_related_exclude_ids":"","_relevanssi_related_no_append":"","_relevanssi_related_not_related":"","_relevanssi_related_posts":"","_relevanssi_noindex_reason":"","footnotes":""},"class_list":["post-35726","page","type-page","status-publish","hentry"],"acf":[],"yoast_head":"<!-- This site is optimized with the Yoast SEO Premium plugin v26.5 (Yoast SEO v26.5) - https:\/\/yoast.com\/wordpress\/plugins\/seo\/ -->\n<title>Szara - Annie Sloan PL<\/title>\n<meta name=\"robots\" content=\"index, follow, max-snippet:-1, max-image-preview:large, max-video-preview:-1\" \/>\n<link rel=\"canonical\" href=\"https:\/\/www.anniesloan.com\/pl\/farba\/szara\/\" \/>\n<meta property=\"og:locale\" content=\"pl_PL\" \/>\n<meta property=\"og:type\" content=\"article\" \/>\n<meta property=\"og:title\" content=\"Szara\" \/>\n<meta property=\"og:description\" content=\"Szaro\u015bci we wszystkich odcieniach \u2013 zar\u00f3wno ciemne i w\u0119glowe, jak i subtelne i \u0142agodne z nut\u0105 fioletu \u2013 s\u0105 kluczowym narz\u0119dziem w ka\u017cdej palecie malarskiej. Annie Sloan opracowa\u0142a swoj\u0105 palet\u0119 szarych farb, wykorzystuj\u0105c uzupe\u0142niaj\u0105ce si\u0119 kolory dla uzyskania g\u0142\u0119bi i atrakcyjno\u015bci. Wybierz idealny, uniwersalny odcie\u0144 szaro\u015bci z gamy kolor\u00f3w farb kredowych lub u\u017cyj szarej farby [&hellip;]\" \/>\n<meta property=\"og:url\" content=\"https:\/\/www.anniesloan.com\/pl\/farba\/szara\/\" \/>\n<meta property=\"og:site_name\" content=\"Annie Sloan PL\" \/>\n<meta property=\"article:modified_time\" content=\"2023-07-12T13:28:45+00:00\" \/>\n<meta name=\"twitter:card\" content=\"summary_large_image\" \/>\n<meta name=\"twitter:label1\" content=\"Szacowany czas czytania\" \/>\n\t<meta name=\"twitter:data1\" content=\"1 minuta\" \/>\n<script type=\"application\/ld+json\" class=\"yoast-schema-graph\">{\"@context\":\"https:\/\/schema.org\",\"@graph\":[{\"@type\":\"WebPage\",\"@id\":\"https:\/\/www.anniesloan.com\/pl\/farba\/szara\/\",\"url\":\"https:\/\/www.anniesloan.com\/pl\/farba\/szara\/\",\"name\":\"Szara - Annie Sloan PL\",\"isPartOf\":{\"@id\":\"https:\/\/www.anniesloan.com\/pl\/#website\"},\"datePublished\":\"2022-03-21T15:16:33+00:00\",\"dateModified\":\"2023-07-12T13:28:45+00:00\",\"breadcrumb\":{\"@id\":\"https:\/\/www.anniesloan.com\/pl\/farba\/szara\/#breadcrumb\"},\"inLanguage\":\"pl-PL\",\"potentialAction\":[{\"@type\":\"ReadAction\",\"target\":[\"https:\/\/www.anniesloan.com\/pl\/farba\/szara\/\"]}]},{\"@type\":\"BreadcrumbList\",\"@id\":\"https:\/\/www.anniesloan.com\/pl\/farba\/szara\/#breadcrumb\",\"itemListElement\":[{\"@type\":\"ListItem\",\"position\":1,\"name\":\"Wszystkie Kolory\",\"item\":\"https:\/\/www.anniesloan.com\/pl\/farba\/\"},{\"@type\":\"ListItem\",\"position\":2,\"name\":\"Szara\"}]},{\"@type\":\"WebSite\",\"@id\":\"https:\/\/www.anniesloan.com\/pl\/#website\",\"url\":\"https:\/\/www.anniesloan.com\/pl\/\",\"name\":\"Annie Sloan PL\",\"description\":\"Home of Chalk Paint\",\"potentialAction\":[{\"@type\":\"SearchAction\",\"target\":{\"@type\":\"EntryPoint\",\"urlTemplate\":\"https:\/\/www.anniesloan.com\/pl\/?s={search_term_string}\"},\"query-input\":{\"@type\":\"PropertyValueSpecification\",\"valueRequired\":true,\"valueName\":\"search_term_string\"}}],\"inLanguage\":\"pl-PL\"}]}<\/script>\n<!-- \/ Yoast SEO Premium plugin. -->","yoast_head_json":{"title":"Szara - Annie Sloan PL","robots":{"index":"index","follow":"follow","max-snippet":"max-snippet:-1","max-image-preview":"max-image-preview:large","max-video-preview":"max-video-preview:-1"},"canonical":"https:\/\/www.anniesloan.com\/pl\/farba\/szara\/","og_locale":"pl_PL","og_type":"article","og_title":"Szara","og_description":"Szaro\u015bci we wszystkich odcieniach \u2013 zar\u00f3wno ciemne i w\u0119glowe, jak i subtelne i \u0142agodne z nut\u0105 fioletu \u2013 s\u0105 kluczowym narz\u0119dziem w ka\u017cdej palecie malarskiej. Annie Sloan opracowa\u0142a swoj\u0105 palet\u0119 szarych farb, wykorzystuj\u0105c uzupe\u0142niaj\u0105ce si\u0119 kolory dla uzyskania g\u0142\u0119bi i atrakcyjno\u015bci. Wybierz idealny, uniwersalny odcie\u0144 szaro\u015bci z gamy kolor\u00f3w farb kredowych lub u\u017cyj szarej farby [&hellip;]","og_url":"https:\/\/www.anniesloan.com\/pl\/farba\/szara\/","og_site_name":"Annie Sloan PL","article_modified_time":"2023-07-12T13:28:45+00:00","twitter_card":"summary_large_image","twitter_misc":{"Szacowany czas czytania":"1 minuta"},"schema":{"@context":"https:\/\/schema.org","@graph":[{"@type":"WebPage","@id":"https:\/\/www.anniesloan.com\/pl\/farba\/szara\/","url":"https:\/\/www.anniesloan.com\/pl\/farba\/szara\/","name":"Szara - Annie Sloan PL","isPartOf":{"@id":"https:\/\/www.anniesloan.com\/pl\/#website"},"datePublished":"2022-03-21T15:16:33+00:00","dateModified":"2023-07-12T13:28:45+00:00","breadcrumb":{"@id":"https:\/\/www.anniesloan.com\/pl\/farba\/szara\/#breadcrumb"},"inLanguage":"pl-PL","potentialAction":[{"@type":"ReadAction","target":["https:\/\/www.anniesloan.com\/pl\/farba\/szara\/"]}]},{"@type":"BreadcrumbList","@id":"https:\/\/www.anniesloan.com\/pl\/farba\/szara\/#breadcrumb","itemListElement":[{"@type":"ListItem","position":1,"name":"Wszystkie Kolory","item":"https:\/\/www.anniesloan.com\/pl\/farba\/"},{"@type":"ListItem","position":2,"name":"Szara"}]},{"@type":"WebSite","@id":"https:\/\/www.anniesloan.com\/pl\/#website","url":"https:\/\/www.anniesloan.com\/pl\/","name":"Annie Sloan PL","description":"Home of Chalk Paint","potentialAction":[{"@type":"SearchAction","target":{"@type":"EntryPoint","urlTemplate":"https:\/\/www.anniesloan.com\/pl\/?s={search_term_string}"},"query-input":{"@type":"PropertyValueSpecification","valueRequired":true,"valueName":"search_term_string"}}],"inLanguage":"pl-PL"}]}},"_links":{"self":[{"href":"https:\/\/www.anniesloan.com\/pl\/wp-json\/wp\/v2\/pages\/35726","targetHints":{"allow":["GET"]}}],"collection":[{"href":"https:\/\/www.anniesloan.com\/pl\/wp-json\/wp\/v2\/pages"}],"about":[{"href":"https:\/\/www.anniesloan.com\/pl\/wp-json\/wp\/v2\/types\/page"}],"author":[{"embeddable":true,"href":"https:\/\/www.anniesloan.com\/pl\/wp-json\/wp\/v2\/users\/11"}],"replies":[{"embeddable":true,"href":"https:\/\/www.anniesloan.com\/pl\/wp-json\/wp\/v2\/comments?post=35726"}],"version-history":[{"count":0,"href":"https:\/\/www.anniesloan.com\/pl\/wp-json\/wp\/v2\/pages\/35726\/revisions"}],"up":[{"embeddable":true,"href":"https:\/\/www.anniesloan.com\/pl\/wp-json\/wp\/v2\/pages\/35721"}],"wp:attachment":[{"href":"https:\/\/www.anniesloan.com\/pl\/wp-json\/wp\/v2\/media?parent=35726"}],"curies":[{"name":"wp","href":"https:\/\/api.w.org\/{rel}","templated":true}]}}