{"id":35725,"date":"2022-03-21T15:16:21","date_gmt":"2022-03-21T15:16:21","guid":{"rendered":"https:\/\/www.anniesloan.com\/?page_id=105263"},"modified":"2023-07-12T15:29:49","modified_gmt":"2023-07-12T13:29:49","slug":"zielona","status":"publish","type":"page","link":"https:\/\/www.anniesloan.com\/pl\/farba\/zielona\/","title":{"rendered":"Zielona"},"content":{"rendered":"<p>Od \u015bwie\u017cej, limonkowej zieleni do delikatnego odcienia sza\u0142wii, paleta kolor\u00f3w farby firmy Annie Sloan oferuje Ci idealn\u0105 ziele\u0144 do Twojego kolejnego projektu malarskiego. Annie Sloan opracowa\u0142a r\u00f3\u017cnorodne odcienie zieleni inspirowane zar\u00f3wno przez natur\u0119, jak i historyczne wn\u0119trza, tworz\u0105c kolory farb, kt\u00f3re pasuj\u0105 do wn\u0119trz, mebli, zastosowa\u0144 zewn\u0119trznych i wielu innych. U\u017cywaj zieleni z biel\u0105 i szaro\u015bciami, je\u015bli masz obawy przed odwa\u017cniejszymi kolorami lub kontrastuj z ciep\u0142ymi odcieniami r\u00f3\u017cu, aby uzyska\u0107 najbardziej wyj\u0105tkowy efekt.<\/p>\n<p>&nbsp;<\/p>\n<div class=\"c-ShortcodeButton  c-ShortcodeButton--padtoprem c-ShortcodeButton--padbotrem\"><a href=\"\/pl\/farba\/\" class=\"[ c-Btn c-Btn--outline-grey ]\" >Wszystkie Kolory<\/a><\/div>\n","protected":false},"excerpt":{"rendered":"<p>Od \u015bwie\u017cej, limonkowej zieleni do delikatnego odcienia sza\u0142wii, paleta kolor\u00f3w farby firmy Annie Sloan oferuje Ci idealn\u0105 ziele\u0144 do Twojego kolejnego projektu malarskiego. Annie Sloan opracowa\u0142a r\u00f3\u017cnorodne odcienie zieleni inspirowane zar\u00f3wno przez natur\u0119, jak i historyczne wn\u0119trza, tworz\u0105c kolory farb, kt\u00f3re pasuj\u0105 do wn\u0119trz, mebli, zastosowa\u0144 zewn\u0119trznych i wielu innych. U\u017cywaj zieleni z biel\u0105 i [&hellip;]<\/p>\n","protected":false},"author":11,"featured_media":0,"parent":35721,"menu_order":0,"comment_status":"closed","ping_status":"closed","template":"page-tpl-paint.php","meta":{"_acf_changed":false,"_relevanssi_hide_post":"","_relevanssi_hide_content":"","_relevanssi_pin_for_all":"","_relevanssi_pin_keywords":"","_relevanssi_unpin_keywords":"","_relevanssi_related_keywords":"","_relevanssi_related_include_ids":"","_relevanssi_related_exclude_ids":"","_relevanssi_related_no_append":"","_relevanssi_related_not_related":"","_relevanssi_related_posts":"","_relevanssi_noindex_reason":"","footnotes":""},"class_list":["post-35725","page","type-page","status-publish","hentry"],"acf":[],"yoast_head":"<!-- This site is optimized with the Yoast SEO Premium plugin v26.5 (Yoast SEO v26.5) - https:\/\/yoast.com\/wordpress\/plugins\/seo\/ -->\n<title>Zielona - Annie Sloan PL<\/title>\n<meta name=\"robots\" content=\"index, follow, max-snippet:-1, max-image-preview:large, max-video-preview:-1\" \/>\n<link rel=\"canonical\" href=\"https:\/\/www.anniesloan.com\/pl\/farba\/zielona\/\" \/>\n<meta property=\"og:locale\" content=\"pl_PL\" \/>\n<meta property=\"og:type\" content=\"article\" \/>\n<meta property=\"og:title\" content=\"Zielona\" \/>\n<meta property=\"og:description\" content=\"Od \u015bwie\u017cej, limonkowej zieleni do delikatnego odcienia sza\u0142wii, paleta kolor\u00f3w farby firmy Annie Sloan oferuje Ci idealn\u0105 ziele\u0144 do Twojego kolejnego projektu malarskiego. Annie Sloan opracowa\u0142a r\u00f3\u017cnorodne odcienie zieleni inspirowane zar\u00f3wno przez natur\u0119, jak i historyczne wn\u0119trza, tworz\u0105c kolory farb, kt\u00f3re pasuj\u0105 do wn\u0119trz, mebli, zastosowa\u0144 zewn\u0119trznych i wielu innych. U\u017cywaj zieleni z biel\u0105 i [&hellip;]\" \/>\n<meta property=\"og:url\" content=\"https:\/\/www.anniesloan.com\/pl\/farba\/zielona\/\" \/>\n<meta property=\"og:site_name\" content=\"Annie Sloan PL\" \/>\n<meta property=\"article:modified_time\" content=\"2023-07-12T13:29:49+00:00\" \/>\n<meta name=\"twitter:card\" content=\"summary_large_image\" \/>\n<meta name=\"twitter:label1\" content=\"Szacowany czas czytania\" \/>\n\t<meta name=\"twitter:data1\" content=\"1 minuta\" \/>\n<script type=\"application\/ld+json\" class=\"yoast-schema-graph\">{\"@context\":\"https:\/\/schema.org\",\"@graph\":[{\"@type\":\"WebPage\",\"@id\":\"https:\/\/www.anniesloan.com\/pl\/farba\/zielona\/\",\"url\":\"https:\/\/www.anniesloan.com\/pl\/farba\/zielona\/\",\"name\":\"Zielona - Annie Sloan PL\",\"isPartOf\":{\"@id\":\"https:\/\/www.anniesloan.com\/pl\/#website\"},\"datePublished\":\"2022-03-21T15:16:21+00:00\",\"dateModified\":\"2023-07-12T13:29:49+00:00\",\"breadcrumb\":{\"@id\":\"https:\/\/www.anniesloan.com\/pl\/farba\/zielona\/#breadcrumb\"},\"inLanguage\":\"pl-PL\",\"potentialAction\":[{\"@type\":\"ReadAction\",\"target\":[\"https:\/\/www.anniesloan.com\/pl\/farba\/zielona\/\"]}]},{\"@type\":\"BreadcrumbList\",\"@id\":\"https:\/\/www.anniesloan.com\/pl\/farba\/zielona\/#breadcrumb\",\"itemListElement\":[{\"@type\":\"ListItem\",\"position\":1,\"name\":\"Wszystkie Kolory\",\"item\":\"https:\/\/www.anniesloan.com\/pl\/farba\/\"},{\"@type\":\"ListItem\",\"position\":2,\"name\":\"Zielona\"}]},{\"@type\":\"WebSite\",\"@id\":\"https:\/\/www.anniesloan.com\/pl\/#website\",\"url\":\"https:\/\/www.anniesloan.com\/pl\/\",\"name\":\"Annie Sloan PL\",\"description\":\"Home of Chalk Paint\",\"potentialAction\":[{\"@type\":\"SearchAction\",\"target\":{\"@type\":\"EntryPoint\",\"urlTemplate\":\"https:\/\/www.anniesloan.com\/pl\/?s={search_term_string}\"},\"query-input\":{\"@type\":\"PropertyValueSpecification\",\"valueRequired\":true,\"valueName\":\"search_term_string\"}}],\"inLanguage\":\"pl-PL\"}]}<\/script>\n<!-- \/ Yoast SEO Premium plugin. -->","yoast_head_json":{"title":"Zielona - Annie Sloan PL","robots":{"index":"index","follow":"follow","max-snippet":"max-snippet:-1","max-image-preview":"max-image-preview:large","max-video-preview":"max-video-preview:-1"},"canonical":"https:\/\/www.anniesloan.com\/pl\/farba\/zielona\/","og_locale":"pl_PL","og_type":"article","og_title":"Zielona","og_description":"Od \u015bwie\u017cej, limonkowej zieleni do delikatnego odcienia sza\u0142wii, paleta kolor\u00f3w farby firmy Annie Sloan oferuje Ci idealn\u0105 ziele\u0144 do Twojego kolejnego projektu malarskiego. Annie Sloan opracowa\u0142a r\u00f3\u017cnorodne odcienie zieleni inspirowane zar\u00f3wno przez natur\u0119, jak i historyczne wn\u0119trza, tworz\u0105c kolory farb, kt\u00f3re pasuj\u0105 do wn\u0119trz, mebli, zastosowa\u0144 zewn\u0119trznych i wielu innych. U\u017cywaj zieleni z biel\u0105 i [&hellip;]","og_url":"https:\/\/www.anniesloan.com\/pl\/farba\/zielona\/","og_site_name":"Annie Sloan PL","article_modified_time":"2023-07-12T13:29:49+00:00","twitter_card":"summary_large_image","twitter_misc":{"Szacowany czas czytania":"1 minuta"},"schema":{"@context":"https:\/\/schema.org","@graph":[{"@type":"WebPage","@id":"https:\/\/www.anniesloan.com\/pl\/farba\/zielona\/","url":"https:\/\/www.anniesloan.com\/pl\/farba\/zielona\/","name":"Zielona - Annie Sloan PL","isPartOf":{"@id":"https:\/\/www.anniesloan.com\/pl\/#website"},"datePublished":"2022-03-21T15:16:21+00:00","dateModified":"2023-07-12T13:29:49+00:00","breadcrumb":{"@id":"https:\/\/www.anniesloan.com\/pl\/farba\/zielona\/#breadcrumb"},"inLanguage":"pl-PL","potentialAction":[{"@type":"ReadAction","target":["https:\/\/www.anniesloan.com\/pl\/farba\/zielona\/"]}]},{"@type":"BreadcrumbList","@id":"https:\/\/www.anniesloan.com\/pl\/farba\/zielona\/#breadcrumb","itemListElement":[{"@type":"ListItem","position":1,"name":"Wszystkie Kolory","item":"https:\/\/www.anniesloan.com\/pl\/farba\/"},{"@type":"ListItem","position":2,"name":"Zielona"}]},{"@type":"WebSite","@id":"https:\/\/www.anniesloan.com\/pl\/#website","url":"https:\/\/www.anniesloan.com\/pl\/","name":"Annie Sloan PL","description":"Home of Chalk Paint","potentialAction":[{"@type":"SearchAction","target":{"@type":"EntryPoint","urlTemplate":"https:\/\/www.anniesloan.com\/pl\/?s={search_term_string}"},"query-input":{"@type":"PropertyValueSpecification","valueRequired":true,"valueName":"search_term_string"}}],"inLanguage":"pl-PL"}]}},"_links":{"self":[{"href":"https:\/\/www.anniesloan.com\/pl\/wp-json\/wp\/v2\/pages\/35725","targetHints":{"allow":["GET"]}}],"collection":[{"href":"https:\/\/www.anniesloan.com\/pl\/wp-json\/wp\/v2\/pages"}],"about":[{"href":"https:\/\/www.anniesloan.com\/pl\/wp-json\/wp\/v2\/types\/page"}],"author":[{"embeddable":true,"href":"https:\/\/www.anniesloan.com\/pl\/wp-json\/wp\/v2\/users\/11"}],"replies":[{"embeddable":true,"href":"https:\/\/www.anniesloan.com\/pl\/wp-json\/wp\/v2\/comments?post=35725"}],"version-history":[{"count":0,"href":"https:\/\/www.anniesloan.com\/pl\/wp-json\/wp\/v2\/pages\/35725\/revisions"}],"up":[{"embeddable":true,"href":"https:\/\/www.anniesloan.com\/pl\/wp-json\/wp\/v2\/pages\/35721"}],"wp:attachment":[{"href":"https:\/\/www.anniesloan.com\/pl\/wp-json\/wp\/v2\/media?parent=35725"}],"curies":[{"name":"wp","href":"https:\/\/api.w.org\/{rel}","templated":true}]}}