{"id":35724,"date":"2022-03-21T15:15:56","date_gmt":"2022-03-21T15:15:56","guid":{"rendered":"https:\/\/www.anniesloan.com\/?page_id=105262"},"modified":"2023-07-12T15:31:00","modified_gmt":"2023-07-12T13:31:00","slug":"brazowa","status":"publish","type":"page","link":"https:\/\/www.anniesloan.com\/pl\/farba\/brazowa\/","title":{"rendered":"Br\u0105zowa"},"content":{"rendered":"<p>Niezale\u017cnie od tego, czy szukasz ciep\u0142ego br\u0105zu z odrobin\u0105 czerwieni, czy oliwkowego br\u0105zu z nut\u0105 zieleni, na palecie farb Annie Sloan mo\u017cesz dobra\u0107 odpowiedni kolor br\u0105zowy. Annie Sloan opracowa\u0142a swoje kolory, inspiruj\u0105c si\u0119 tradycyjnymi i nowoczesnymi wn\u0119trzami, tworz\u0105c odcienie br\u0105zu, kt\u00f3re mog\u0105 by\u0107 stosowane w ca\u0142ym domu. Wybierz najlepszy br\u0105zowy kolor farby do Twojego domu, spo\u015br\u00f3d kolor\u00f3w inspirowanych tradycyjnymi i wsp\u00f3\u0142czesnymi wn\u0119trzami z ca\u0142ego \u015bwiata.<\/p>\n<div class=\"c-ShortcodeButton  c-ShortcodeButton--padtoprem c-ShortcodeButton--padbotrem\"><a href=\"\/pl\/farba\/\" class=\"[ c-Btn c-Btn--outline-grey ]\" >Wszystkie Kolory<\/a><\/div>\n","protected":false},"excerpt":{"rendered":"<p>Niezale\u017cnie od tego, czy szukasz ciep\u0142ego br\u0105zu z odrobin\u0105 czerwieni, czy oliwkowego br\u0105zu z nut\u0105 zieleni, na palecie farb Annie Sloan mo\u017cesz dobra\u0107 odpowiedni kolor br\u0105zowy. Annie Sloan opracowa\u0142a swoje kolory, inspiruj\u0105c si\u0119 tradycyjnymi i nowoczesnymi wn\u0119trzami, tworz\u0105c odcienie br\u0105zu, kt\u00f3re mog\u0105 by\u0107 stosowane w ca\u0142ym domu. Wybierz najlepszy br\u0105zowy kolor farby do Twojego domu, [&hellip;]<\/p>\n","protected":false},"author":11,"featured_media":0,"parent":35721,"menu_order":0,"comment_status":"closed","ping_status":"closed","template":"page-tpl-paint.php","meta":{"_acf_changed":false,"_relevanssi_hide_post":"","_relevanssi_hide_content":"","_relevanssi_pin_for_all":"","_relevanssi_pin_keywords":"","_relevanssi_unpin_keywords":"","_relevanssi_related_keywords":"","_relevanssi_related_include_ids":"","_relevanssi_related_exclude_ids":"","_relevanssi_related_no_append":"","_relevanssi_related_not_related":"","_relevanssi_related_posts":"","_relevanssi_noindex_reason":"","footnotes":""},"class_list":["post-35724","page","type-page","status-publish","hentry"],"acf":[],"yoast_head":"<!-- This site is optimized with the Yoast SEO Premium plugin v26.5 (Yoast SEO v26.5) - https:\/\/yoast.com\/wordpress\/plugins\/seo\/ -->\n<title>Br\u0105zowa - Annie Sloan PL<\/title>\n<meta name=\"robots\" content=\"index, follow, max-snippet:-1, max-image-preview:large, max-video-preview:-1\" \/>\n<link rel=\"canonical\" href=\"https:\/\/www.anniesloan.com\/pl\/farba\/brazowa\/\" \/>\n<meta property=\"og:locale\" content=\"pl_PL\" \/>\n<meta property=\"og:type\" content=\"article\" \/>\n<meta property=\"og:title\" content=\"Br\u0105zowa\" \/>\n<meta property=\"og:description\" content=\"Niezale\u017cnie od tego, czy szukasz ciep\u0142ego br\u0105zu z odrobin\u0105 czerwieni, czy oliwkowego br\u0105zu z nut\u0105 zieleni, na palecie farb Annie Sloan mo\u017cesz dobra\u0107 odpowiedni kolor br\u0105zowy. Annie Sloan opracowa\u0142a swoje kolory, inspiruj\u0105c si\u0119 tradycyjnymi i nowoczesnymi wn\u0119trzami, tworz\u0105c odcienie br\u0105zu, kt\u00f3re mog\u0105 by\u0107 stosowane w ca\u0142ym domu. Wybierz najlepszy br\u0105zowy kolor farby do Twojego domu, [&hellip;]\" \/>\n<meta property=\"og:url\" content=\"https:\/\/www.anniesloan.com\/pl\/farba\/brazowa\/\" \/>\n<meta property=\"og:site_name\" content=\"Annie Sloan PL\" \/>\n<meta property=\"article:modified_time\" content=\"2023-07-12T13:31:00+00:00\" \/>\n<meta name=\"twitter:card\" content=\"summary_large_image\" \/>\n<meta name=\"twitter:label1\" content=\"Szacowany czas czytania\" \/>\n\t<meta name=\"twitter:data1\" content=\"1 minuta\" \/>\n<script type=\"application\/ld+json\" class=\"yoast-schema-graph\">{\"@context\":\"https:\/\/schema.org\",\"@graph\":[{\"@type\":\"WebPage\",\"@id\":\"https:\/\/www.anniesloan.com\/pl\/farba\/brazowa\/\",\"url\":\"https:\/\/www.anniesloan.com\/pl\/farba\/brazowa\/\",\"name\":\"Br\u0105zowa - Annie Sloan PL\",\"isPartOf\":{\"@id\":\"https:\/\/www.anniesloan.com\/pl\/#website\"},\"datePublished\":\"2022-03-21T15:15:56+00:00\",\"dateModified\":\"2023-07-12T13:31:00+00:00\",\"breadcrumb\":{\"@id\":\"https:\/\/www.anniesloan.com\/pl\/farba\/brazowa\/#breadcrumb\"},\"inLanguage\":\"pl-PL\",\"potentialAction\":[{\"@type\":\"ReadAction\",\"target\":[\"https:\/\/www.anniesloan.com\/pl\/farba\/brazowa\/\"]}]},{\"@type\":\"BreadcrumbList\",\"@id\":\"https:\/\/www.anniesloan.com\/pl\/farba\/brazowa\/#breadcrumb\",\"itemListElement\":[{\"@type\":\"ListItem\",\"position\":1,\"name\":\"Wszystkie Kolory\",\"item\":\"https:\/\/www.anniesloan.com\/pl\/farba\/\"},{\"@type\":\"ListItem\",\"position\":2,\"name\":\"Br\u0105zowa\"}]},{\"@type\":\"WebSite\",\"@id\":\"https:\/\/www.anniesloan.com\/pl\/#website\",\"url\":\"https:\/\/www.anniesloan.com\/pl\/\",\"name\":\"Annie Sloan PL\",\"description\":\"Home of Chalk Paint\",\"potentialAction\":[{\"@type\":\"SearchAction\",\"target\":{\"@type\":\"EntryPoint\",\"urlTemplate\":\"https:\/\/www.anniesloan.com\/pl\/?s={search_term_string}\"},\"query-input\":{\"@type\":\"PropertyValueSpecification\",\"valueRequired\":true,\"valueName\":\"search_term_string\"}}],\"inLanguage\":\"pl-PL\"}]}<\/script>\n<!-- \/ Yoast SEO Premium plugin. -->","yoast_head_json":{"title":"Br\u0105zowa - Annie Sloan PL","robots":{"index":"index","follow":"follow","max-snippet":"max-snippet:-1","max-image-preview":"max-image-preview:large","max-video-preview":"max-video-preview:-1"},"canonical":"https:\/\/www.anniesloan.com\/pl\/farba\/brazowa\/","og_locale":"pl_PL","og_type":"article","og_title":"Br\u0105zowa","og_description":"Niezale\u017cnie od tego, czy szukasz ciep\u0142ego br\u0105zu z odrobin\u0105 czerwieni, czy oliwkowego br\u0105zu z nut\u0105 zieleni, na palecie farb Annie Sloan mo\u017cesz dobra\u0107 odpowiedni kolor br\u0105zowy. Annie Sloan opracowa\u0142a swoje kolory, inspiruj\u0105c si\u0119 tradycyjnymi i nowoczesnymi wn\u0119trzami, tworz\u0105c odcienie br\u0105zu, kt\u00f3re mog\u0105 by\u0107 stosowane w ca\u0142ym domu. Wybierz najlepszy br\u0105zowy kolor farby do Twojego domu, [&hellip;]","og_url":"https:\/\/www.anniesloan.com\/pl\/farba\/brazowa\/","og_site_name":"Annie Sloan PL","article_modified_time":"2023-07-12T13:31:00+00:00","twitter_card":"summary_large_image","twitter_misc":{"Szacowany czas czytania":"1 minuta"},"schema":{"@context":"https:\/\/schema.org","@graph":[{"@type":"WebPage","@id":"https:\/\/www.anniesloan.com\/pl\/farba\/brazowa\/","url":"https:\/\/www.anniesloan.com\/pl\/farba\/brazowa\/","name":"Br\u0105zowa - Annie Sloan PL","isPartOf":{"@id":"https:\/\/www.anniesloan.com\/pl\/#website"},"datePublished":"2022-03-21T15:15:56+00:00","dateModified":"2023-07-12T13:31:00+00:00","breadcrumb":{"@id":"https:\/\/www.anniesloan.com\/pl\/farba\/brazowa\/#breadcrumb"},"inLanguage":"pl-PL","potentialAction":[{"@type":"ReadAction","target":["https:\/\/www.anniesloan.com\/pl\/farba\/brazowa\/"]}]},{"@type":"BreadcrumbList","@id":"https:\/\/www.anniesloan.com\/pl\/farba\/brazowa\/#breadcrumb","itemListElement":[{"@type":"ListItem","position":1,"name":"Wszystkie Kolory","item":"https:\/\/www.anniesloan.com\/pl\/farba\/"},{"@type":"ListItem","position":2,"name":"Br\u0105zowa"}]},{"@type":"WebSite","@id":"https:\/\/www.anniesloan.com\/pl\/#website","url":"https:\/\/www.anniesloan.com\/pl\/","name":"Annie Sloan PL","description":"Home of Chalk Paint","potentialAction":[{"@type":"SearchAction","target":{"@type":"EntryPoint","urlTemplate":"https:\/\/www.anniesloan.com\/pl\/?s={search_term_string}"},"query-input":{"@type":"PropertyValueSpecification","valueRequired":true,"valueName":"search_term_string"}}],"inLanguage":"pl-PL"}]}},"_links":{"self":[{"href":"https:\/\/www.anniesloan.com\/pl\/wp-json\/wp\/v2\/pages\/35724","targetHints":{"allow":["GET"]}}],"collection":[{"href":"https:\/\/www.anniesloan.com\/pl\/wp-json\/wp\/v2\/pages"}],"about":[{"href":"https:\/\/www.anniesloan.com\/pl\/wp-json\/wp\/v2\/types\/page"}],"author":[{"embeddable":true,"href":"https:\/\/www.anniesloan.com\/pl\/wp-json\/wp\/v2\/users\/11"}],"replies":[{"embeddable":true,"href":"https:\/\/www.anniesloan.com\/pl\/wp-json\/wp\/v2\/comments?post=35724"}],"version-history":[{"count":0,"href":"https:\/\/www.anniesloan.com\/pl\/wp-json\/wp\/v2\/pages\/35724\/revisions"}],"up":[{"embeddable":true,"href":"https:\/\/www.anniesloan.com\/pl\/wp-json\/wp\/v2\/pages\/35721"}],"wp:attachment":[{"href":"https:\/\/www.anniesloan.com\/pl\/wp-json\/wp\/v2\/media?parent=35724"}],"curies":[{"name":"wp","href":"https:\/\/api.w.org\/{rel}","templated":true}]}}