{"id":35722,"date":"2022-03-21T15:17:45","date_gmt":"2022-03-21T15:17:45","guid":{"rendered":"https:\/\/www.anniesloan.com\/?page_id=105270"},"modified":"2022-04-12T11:37:57","modified_gmt":"2022-04-12T11:37:57","slug":"czarna","status":"publish","type":"page","link":"https:\/\/www.anniesloan.com\/pl\/farba\/czarna\/","title":{"rendered":"Czarna"},"content":{"rendered":"<p>Uwielbiana w naszych szafach, ale cz\u0119sto pomijana we wn\u0119trzach, czarna farba mo\u017ce by\u0107 u\u017cywana do tworzenia cudownie wyrafinowanych, intymnych i eleganckich przestrzeni. Z natury dramatyczny, ale nigdy przesadnie na pokaz, ten kolor przyci\u0105ga wzrok i b\u0119dzie wygl\u0105da\u0107 efektownie zar\u00f3wno na \u015bcianie z galeri\u0105 obraz\u00f3w, jak i jako t\u0142o dla malowanych mebli. Czarne listwy, wyko\u0144czenia i meble mog\u0105 by\u0107 drobn\u0105, ale satysfakcjonuj\u0105c\u0105 zmian\u0105 projektow\u0105 dla tych, kt\u00f3rzy chc\u0105 delikatnie wprowadzi\u0107 czer\u0144 do swoich dom\u00f3w. Ci, kt\u00f3rzy id\u0105 na ca\u0142o\u015b\u0107 i maluj\u0105 ca\u0142e \u015bciany na czarno zostan\u0105 nagrodzeni spektakularnym efektem ko\u0144cowym. <div class=\"c-ShortcodeButton  c-ShortcodeButton--padtoprem c-ShortcodeButton--padbotrem\"><a href=\"\/pl\/farba\/\" class=\"[ c-Btn c-Btn--outline-grey ]\" >Wszystkie Kolory<\/a><\/div><\/p>\n","protected":false},"excerpt":{"rendered":"<p>Uwielbiana w naszych szafach, ale cz\u0119sto pomijana we wn\u0119trzach, czarna farba mo\u017ce by\u0107 u\u017cywana do tworzenia cudownie wyrafinowanych, intymnych i eleganckich przestrzeni. Z natury dramatyczny, ale nigdy przesadnie na pokaz, ten kolor przyci\u0105ga wzrok i b\u0119dzie wygl\u0105da\u0107 efektownie zar\u00f3wno na \u015bcianie z galeri\u0105 obraz\u00f3w, jak i jako t\u0142o dla malowanych mebli. Czarne listwy, wyko\u0144czenia i [&hellip;]<\/p>\n","protected":false},"author":11,"featured_media":0,"parent":35721,"menu_order":0,"comment_status":"closed","ping_status":"closed","template":"page-tpl-paint.php","meta":{"_acf_changed":false,"_relevanssi_hide_post":"","_relevanssi_hide_content":"","_relevanssi_pin_for_all":"","_relevanssi_pin_keywords":"","_relevanssi_unpin_keywords":"","_relevanssi_related_keywords":"","_relevanssi_related_include_ids":"","_relevanssi_related_exclude_ids":"","_relevanssi_related_no_append":"","_relevanssi_related_not_related":"","_relevanssi_related_posts":"","_relevanssi_noindex_reason":"","footnotes":""},"class_list":["post-35722","page","type-page","status-publish","hentry"],"acf":[],"yoast_head":"<!-- This site is optimized with the Yoast SEO Premium plugin v26.5 (Yoast SEO v26.5) - https:\/\/yoast.com\/wordpress\/plugins\/seo\/ -->\n<title>Czarna - Annie Sloan PL<\/title>\n<meta name=\"robots\" content=\"index, follow, max-snippet:-1, max-image-preview:large, max-video-preview:-1\" \/>\n<link rel=\"canonical\" href=\"https:\/\/www.anniesloan.com\/pl\/farba\/czarna\/\" \/>\n<meta property=\"og:locale\" content=\"pl_PL\" \/>\n<meta property=\"og:type\" content=\"article\" \/>\n<meta property=\"og:title\" content=\"Czarna\" \/>\n<meta property=\"og:description\" content=\"Uwielbiana w naszych szafach, ale cz\u0119sto pomijana we wn\u0119trzach, czarna farba mo\u017ce by\u0107 u\u017cywana do tworzenia cudownie wyrafinowanych, intymnych i eleganckich przestrzeni. Z natury dramatyczny, ale nigdy przesadnie na pokaz, ten kolor przyci\u0105ga wzrok i b\u0119dzie wygl\u0105da\u0107 efektownie zar\u00f3wno na \u015bcianie z galeri\u0105 obraz\u00f3w, jak i jako t\u0142o dla malowanych mebli. Czarne listwy, wyko\u0144czenia i [&hellip;]\" \/>\n<meta property=\"og:url\" content=\"https:\/\/www.anniesloan.com\/pl\/farba\/czarna\/\" \/>\n<meta property=\"og:site_name\" content=\"Annie Sloan PL\" \/>\n<meta property=\"article:modified_time\" content=\"2022-04-12T11:37:57+00:00\" \/>\n<meta name=\"twitter:card\" content=\"summary_large_image\" \/>\n<meta name=\"twitter:label1\" content=\"Szacowany czas czytania\" \/>\n\t<meta name=\"twitter:data1\" content=\"1 minuta\" \/>\n<script type=\"application\/ld+json\" class=\"yoast-schema-graph\">{\"@context\":\"https:\/\/schema.org\",\"@graph\":[{\"@type\":\"WebPage\",\"@id\":\"https:\/\/www.anniesloan.com\/pl\/farba\/czarna\/\",\"url\":\"https:\/\/www.anniesloan.com\/pl\/farba\/czarna\/\",\"name\":\"Czarna - Annie Sloan PL\",\"isPartOf\":{\"@id\":\"https:\/\/www.anniesloan.com\/pl\/#website\"},\"datePublished\":\"2022-03-21T15:17:45+00:00\",\"dateModified\":\"2022-04-12T11:37:57+00:00\",\"breadcrumb\":{\"@id\":\"https:\/\/www.anniesloan.com\/pl\/farba\/czarna\/#breadcrumb\"},\"inLanguage\":\"pl-PL\",\"potentialAction\":[{\"@type\":\"ReadAction\",\"target\":[\"https:\/\/www.anniesloan.com\/pl\/farba\/czarna\/\"]}]},{\"@type\":\"BreadcrumbList\",\"@id\":\"https:\/\/www.anniesloan.com\/pl\/farba\/czarna\/#breadcrumb\",\"itemListElement\":[{\"@type\":\"ListItem\",\"position\":1,\"name\":\"Wszystkie Kolory\",\"item\":\"https:\/\/www.anniesloan.com\/pl\/farba\/\"},{\"@type\":\"ListItem\",\"position\":2,\"name\":\"Czarna\"}]},{\"@type\":\"WebSite\",\"@id\":\"https:\/\/www.anniesloan.com\/pl\/#website\",\"url\":\"https:\/\/www.anniesloan.com\/pl\/\",\"name\":\"Annie Sloan PL\",\"description\":\"Home of Chalk Paint\",\"potentialAction\":[{\"@type\":\"SearchAction\",\"target\":{\"@type\":\"EntryPoint\",\"urlTemplate\":\"https:\/\/www.anniesloan.com\/pl\/?s={search_term_string}\"},\"query-input\":{\"@type\":\"PropertyValueSpecification\",\"valueRequired\":true,\"valueName\":\"search_term_string\"}}],\"inLanguage\":\"pl-PL\"}]}<\/script>\n<!-- \/ Yoast SEO Premium plugin. -->","yoast_head_json":{"title":"Czarna - Annie Sloan PL","robots":{"index":"index","follow":"follow","max-snippet":"max-snippet:-1","max-image-preview":"max-image-preview:large","max-video-preview":"max-video-preview:-1"},"canonical":"https:\/\/www.anniesloan.com\/pl\/farba\/czarna\/","og_locale":"pl_PL","og_type":"article","og_title":"Czarna","og_description":"Uwielbiana w naszych szafach, ale cz\u0119sto pomijana we wn\u0119trzach, czarna farba mo\u017ce by\u0107 u\u017cywana do tworzenia cudownie wyrafinowanych, intymnych i eleganckich przestrzeni. Z natury dramatyczny, ale nigdy przesadnie na pokaz, ten kolor przyci\u0105ga wzrok i b\u0119dzie wygl\u0105da\u0107 efektownie zar\u00f3wno na \u015bcianie z galeri\u0105 obraz\u00f3w, jak i jako t\u0142o dla malowanych mebli. Czarne listwy, wyko\u0144czenia i [&hellip;]","og_url":"https:\/\/www.anniesloan.com\/pl\/farba\/czarna\/","og_site_name":"Annie Sloan PL","article_modified_time":"2022-04-12T11:37:57+00:00","twitter_card":"summary_large_image","twitter_misc":{"Szacowany czas czytania":"1 minuta"},"schema":{"@context":"https:\/\/schema.org","@graph":[{"@type":"WebPage","@id":"https:\/\/www.anniesloan.com\/pl\/farba\/czarna\/","url":"https:\/\/www.anniesloan.com\/pl\/farba\/czarna\/","name":"Czarna - Annie Sloan PL","isPartOf":{"@id":"https:\/\/www.anniesloan.com\/pl\/#website"},"datePublished":"2022-03-21T15:17:45+00:00","dateModified":"2022-04-12T11:37:57+00:00","breadcrumb":{"@id":"https:\/\/www.anniesloan.com\/pl\/farba\/czarna\/#breadcrumb"},"inLanguage":"pl-PL","potentialAction":[{"@type":"ReadAction","target":["https:\/\/www.anniesloan.com\/pl\/farba\/czarna\/"]}]},{"@type":"BreadcrumbList","@id":"https:\/\/www.anniesloan.com\/pl\/farba\/czarna\/#breadcrumb","itemListElement":[{"@type":"ListItem","position":1,"name":"Wszystkie Kolory","item":"https:\/\/www.anniesloan.com\/pl\/farba\/"},{"@type":"ListItem","position":2,"name":"Czarna"}]},{"@type":"WebSite","@id":"https:\/\/www.anniesloan.com\/pl\/#website","url":"https:\/\/www.anniesloan.com\/pl\/","name":"Annie Sloan PL","description":"Home of Chalk Paint","potentialAction":[{"@type":"SearchAction","target":{"@type":"EntryPoint","urlTemplate":"https:\/\/www.anniesloan.com\/pl\/?s={search_term_string}"},"query-input":{"@type":"PropertyValueSpecification","valueRequired":true,"valueName":"search_term_string"}}],"inLanguage":"pl-PL"}]}},"_links":{"self":[{"href":"https:\/\/www.anniesloan.com\/pl\/wp-json\/wp\/v2\/pages\/35722","targetHints":{"allow":["GET"]}}],"collection":[{"href":"https:\/\/www.anniesloan.com\/pl\/wp-json\/wp\/v2\/pages"}],"about":[{"href":"https:\/\/www.anniesloan.com\/pl\/wp-json\/wp\/v2\/types\/page"}],"author":[{"embeddable":true,"href":"https:\/\/www.anniesloan.com\/pl\/wp-json\/wp\/v2\/users\/11"}],"replies":[{"embeddable":true,"href":"https:\/\/www.anniesloan.com\/pl\/wp-json\/wp\/v2\/comments?post=35722"}],"version-history":[{"count":0,"href":"https:\/\/www.anniesloan.com\/pl\/wp-json\/wp\/v2\/pages\/35722\/revisions"}],"up":[{"embeddable":true,"href":"https:\/\/www.anniesloan.com\/pl\/wp-json\/wp\/v2\/pages\/35721"}],"wp:attachment":[{"href":"https:\/\/www.anniesloan.com\/pl\/wp-json\/wp\/v2\/media?parent=35722"}],"curies":[{"name":"wp","href":"https:\/\/api.w.org\/{rel}","templated":true}]}}