{"id":35721,"date":"2022-03-24T09:50:55","date_gmt":"2022-03-24T09:50:55","guid":{"rendered":"https:\/\/www.anniesloan.com\/?page_id=105252"},"modified":"2024-11-26T11:24:29","modified_gmt":"2024-11-26T10:24:29","slug":"farba","status":"publish","type":"page","link":"https:\/\/www.anniesloan.com\/pl\/farba\/","title":{"rendered":"Wszystkie Kolory"},"content":{"rendered":"<p><span style=\"font-weight: 400;\">Tutaj mo\u017cna obejrze\u0107 wszystkie dost\u0119pne kolory i wybra\u0107 najbardziej odpowiednie wyko\u0144czenie dla danego projektu. W palecie Chalk Paint s\u0105 46 kolory, 32 kolory farb do \u015bcian Annie Sloan i 16 odcieni farby satynowej Annie Sloan. Niekt\u00f3re kolory s\u0105 dost\u0119pne we wszystkich trzech formu\u0142ach, a inne nie. Inspiracj\u0105 do opracowania tych kolor\u00f3w by\u0142a bogata wiedza Annie Sloan na temat sztuk pi\u0119knych, jej do\u015bwiadczenie jako eksperta w dziedzinie kolor\u00f3w oraz najpi\u0119kniejsze wn\u0119trza na ca\u0142ym \u015bwiecie.<\/span><\/p>\n","protected":false},"excerpt":{"rendered":"<p>Tutaj mo\u017cna obejrze\u0107 wszystkie dost\u0119pne kolory i wybra\u0107 najbardziej odpowiednie wyko\u0144czenie dla danego projektu. W palecie Chalk Paint s\u0105 46 kolory, 32 kolory farb do \u015bcian Annie Sloan i 16 odcieni farby satynowej Annie Sloan. Niekt\u00f3re kolory s\u0105 dost\u0119pne we wszystkich trzech formu\u0142ach, a inne nie. Inspiracj\u0105 do opracowania tych kolor\u00f3w by\u0142a bogata wiedza Annie [&hellip;]<\/p>\n","protected":false},"author":11,"featured_media":35734,"parent":0,"menu_order":0,"comment_status":"closed","ping_status":"closed","template":"page-tpl-paints.php","meta":{"_acf_changed":false,"_relevanssi_hide_post":"","_relevanssi_hide_content":"","_relevanssi_pin_for_all":"","_relevanssi_pin_keywords":"","_relevanssi_unpin_keywords":"","_relevanssi_related_keywords":"","_relevanssi_related_include_ids":"","_relevanssi_related_exclude_ids":"","_relevanssi_related_no_append":"","_relevanssi_related_not_related":"","_relevanssi_related_posts":"","_relevanssi_noindex_reason":"","footnotes":""},"class_list":["post-35721","page","type-page","status-publish","has-post-thumbnail","hentry"],"acf":[],"yoast_head":"<!-- This site is optimized with the Yoast SEO Premium plugin v26.5 (Yoast SEO v26.5) - https:\/\/yoast.com\/wordpress\/plugins\/seo\/ -->\n<title>Wszystkie Kolory | Annie Sloan<\/title>\n<meta name=\"description\" content=\"Tutaj mo\u017cna obejrze\u0107 wszystkie dost\u0119pne kolory i wybra\u0107 najbardziej odpowiednie wyko\u0144czenie dla danego projektu.\" \/>\n<meta name=\"robots\" content=\"index, follow, max-snippet:-1, max-image-preview:large, max-video-preview:-1\" \/>\n<link rel=\"canonical\" href=\"https:\/\/www.anniesloan.com\/pl\/farba\/\" \/>\n<meta property=\"og:locale\" content=\"pl_PL\" \/>\n<meta property=\"og:type\" content=\"article\" \/>\n<meta property=\"og:title\" content=\"Wszystkie Kolory\" \/>\n<meta property=\"og:description\" content=\"Tutaj mo\u017cna obejrze\u0107 wszystkie dost\u0119pne kolory i wybra\u0107 najbardziej odpowiednie wyko\u0144czenie dla danego projektu.\" \/>\n<meta property=\"og:url\" content=\"https:\/\/www.anniesloan.com\/pl\/farba\/\" \/>\n<meta property=\"og:site_name\" content=\"Annie Sloan PL\" \/>\n<meta property=\"article:modified_time\" content=\"2024-11-26T10:24:29+00:00\" \/>\n<meta property=\"og:image\" content=\"https:\/\/www.anniesloan.com\/pl\/wp-content\/uploads\/sites\/5\/2020\/02\/220111_WIP_WallPaintAndBrush_StaticImage_1024x1024px.jpg\" \/>\n\t<meta property=\"og:image:width\" content=\"1024\" \/>\n\t<meta property=\"og:image:height\" content=\"1024\" \/>\n\t<meta property=\"og:image:type\" content=\"image\/jpeg\" \/>\n<meta name=\"twitter:card\" content=\"summary_large_image\" \/>\n<meta name=\"twitter:label1\" content=\"Szacowany czas czytania\" \/>\n\t<meta name=\"twitter:data1\" content=\"1 minuta\" \/>\n<script type=\"application\/ld+json\" class=\"yoast-schema-graph\">{\"@context\":\"https:\/\/schema.org\",\"@graph\":[{\"@type\":\"WebPage\",\"@id\":\"https:\/\/www.anniesloan.com\/pl\/farba\/\",\"url\":\"https:\/\/www.anniesloan.com\/pl\/farba\/\",\"name\":\"Wszystkie Kolory | Annie Sloan\",\"isPartOf\":{\"@id\":\"https:\/\/www.anniesloan.com\/pl\/#website\"},\"primaryImageOfPage\":{\"@id\":\"https:\/\/www.anniesloan.com\/pl\/farba\/#primaryimage\"},\"image\":{\"@id\":\"https:\/\/www.anniesloan.com\/pl\/farba\/#primaryimage\"},\"thumbnailUrl\":\"https:\/\/www.anniesloan.com\/pl\/wp-content\/uploads\/sites\/5\/2020\/02\/220111_WIP_WallPaintAndBrush_StaticImage_1024x1024px.jpg\",\"datePublished\":\"2022-03-24T09:50:55+00:00\",\"dateModified\":\"2024-11-26T10:24:29+00:00\",\"description\":\"Tutaj mo\u017cna obejrze\u0107 wszystkie dost\u0119pne kolory i wybra\u0107 najbardziej odpowiednie wyko\u0144czenie dla danego projektu.\",\"inLanguage\":\"pl-PL\",\"potentialAction\":[{\"@type\":\"ReadAction\",\"target\":[\"https:\/\/www.anniesloan.com\/pl\/farba\/\"]}]},{\"@type\":\"ImageObject\",\"inLanguage\":\"pl-PL\",\"@id\":\"https:\/\/www.anniesloan.com\/pl\/farba\/#primaryimage\",\"url\":\"https:\/\/www.anniesloan.com\/pl\/wp-content\/uploads\/sites\/5\/2020\/02\/220111_WIP_WallPaintAndBrush_StaticImage_1024x1024px.jpg\",\"contentUrl\":\"https:\/\/www.anniesloan.com\/pl\/wp-content\/uploads\/sites\/5\/2020\/02\/220111_WIP_WallPaintAndBrush_StaticImage_1024x1024px.jpg\",\"width\":1024,\"height\":1024,\"caption\":\"Product Shot of Annie Sloan Wall Paint Brush being dipped in tin of Annie Sloan Wall Paint in Pointe Silk\"},{\"@type\":\"WebSite\",\"@id\":\"https:\/\/www.anniesloan.com\/pl\/#website\",\"url\":\"https:\/\/www.anniesloan.com\/pl\/\",\"name\":\"Annie Sloan PL\",\"description\":\"Home of Chalk Paint\",\"potentialAction\":[{\"@type\":\"SearchAction\",\"target\":{\"@type\":\"EntryPoint\",\"urlTemplate\":\"https:\/\/www.anniesloan.com\/pl\/?s={search_term_string}\"},\"query-input\":{\"@type\":\"PropertyValueSpecification\",\"valueRequired\":true,\"valueName\":\"search_term_string\"}}],\"inLanguage\":\"pl-PL\"}]}<\/script>\n<!-- \/ Yoast SEO Premium plugin. -->","yoast_head_json":{"title":"Wszystkie Kolory | Annie Sloan","description":"Tutaj mo\u017cna obejrze\u0107 wszystkie dost\u0119pne kolory i wybra\u0107 najbardziej odpowiednie wyko\u0144czenie dla danego projektu.","robots":{"index":"index","follow":"follow","max-snippet":"max-snippet:-1","max-image-preview":"max-image-preview:large","max-video-preview":"max-video-preview:-1"},"canonical":"https:\/\/www.anniesloan.com\/pl\/farba\/","og_locale":"pl_PL","og_type":"article","og_title":"Wszystkie Kolory","og_description":"Tutaj mo\u017cna obejrze\u0107 wszystkie dost\u0119pne kolory i wybra\u0107 najbardziej odpowiednie wyko\u0144czenie dla danego projektu.","og_url":"https:\/\/www.anniesloan.com\/pl\/farba\/","og_site_name":"Annie Sloan PL","article_modified_time":"2024-11-26T10:24:29+00:00","og_image":[{"width":1024,"height":1024,"url":"https:\/\/www.anniesloan.com\/pl\/wp-content\/uploads\/sites\/5\/2020\/02\/220111_WIP_WallPaintAndBrush_StaticImage_1024x1024px.jpg","type":"image\/jpeg"}],"twitter_card":"summary_large_image","twitter_misc":{"Szacowany czas czytania":"1 minuta"},"schema":{"@context":"https:\/\/schema.org","@graph":[{"@type":"WebPage","@id":"https:\/\/www.anniesloan.com\/pl\/farba\/","url":"https:\/\/www.anniesloan.com\/pl\/farba\/","name":"Wszystkie Kolory | Annie Sloan","isPartOf":{"@id":"https:\/\/www.anniesloan.com\/pl\/#website"},"primaryImageOfPage":{"@id":"https:\/\/www.anniesloan.com\/pl\/farba\/#primaryimage"},"image":{"@id":"https:\/\/www.anniesloan.com\/pl\/farba\/#primaryimage"},"thumbnailUrl":"https:\/\/www.anniesloan.com\/pl\/wp-content\/uploads\/sites\/5\/2020\/02\/220111_WIP_WallPaintAndBrush_StaticImage_1024x1024px.jpg","datePublished":"2022-03-24T09:50:55+00:00","dateModified":"2024-11-26T10:24:29+00:00","description":"Tutaj mo\u017cna obejrze\u0107 wszystkie dost\u0119pne kolory i wybra\u0107 najbardziej odpowiednie wyko\u0144czenie dla danego projektu.","inLanguage":"pl-PL","potentialAction":[{"@type":"ReadAction","target":["https:\/\/www.anniesloan.com\/pl\/farba\/"]}]},{"@type":"ImageObject","inLanguage":"pl-PL","@id":"https:\/\/www.anniesloan.com\/pl\/farba\/#primaryimage","url":"https:\/\/www.anniesloan.com\/pl\/wp-content\/uploads\/sites\/5\/2020\/02\/220111_WIP_WallPaintAndBrush_StaticImage_1024x1024px.jpg","contentUrl":"https:\/\/www.anniesloan.com\/pl\/wp-content\/uploads\/sites\/5\/2020\/02\/220111_WIP_WallPaintAndBrush_StaticImage_1024x1024px.jpg","width":1024,"height":1024,"caption":"Product Shot of Annie Sloan Wall Paint Brush being dipped in tin of Annie Sloan Wall Paint in Pointe Silk"},{"@type":"WebSite","@id":"https:\/\/www.anniesloan.com\/pl\/#website","url":"https:\/\/www.anniesloan.com\/pl\/","name":"Annie Sloan PL","description":"Home of Chalk Paint","potentialAction":[{"@type":"SearchAction","target":{"@type":"EntryPoint","urlTemplate":"https:\/\/www.anniesloan.com\/pl\/?s={search_term_string}"},"query-input":{"@type":"PropertyValueSpecification","valueRequired":true,"valueName":"search_term_string"}}],"inLanguage":"pl-PL"}]}},"_links":{"self":[{"href":"https:\/\/www.anniesloan.com\/pl\/wp-json\/wp\/v2\/pages\/35721","targetHints":{"allow":["GET"]}}],"collection":[{"href":"https:\/\/www.anniesloan.com\/pl\/wp-json\/wp\/v2\/pages"}],"about":[{"href":"https:\/\/www.anniesloan.com\/pl\/wp-json\/wp\/v2\/types\/page"}],"author":[{"embeddable":true,"href":"https:\/\/www.anniesloan.com\/pl\/wp-json\/wp\/v2\/users\/11"}],"replies":[{"embeddable":true,"href":"https:\/\/www.anniesloan.com\/pl\/wp-json\/wp\/v2\/comments?post=35721"}],"version-history":[{"count":0,"href":"https:\/\/www.anniesloan.com\/pl\/wp-json\/wp\/v2\/pages\/35721\/revisions"}],"wp:featuredmedia":[{"embeddable":true,"href":"https:\/\/www.anniesloan.com\/pl\/wp-json\/wp\/v2\/media\/35734"}],"wp:attachment":[{"href":"https:\/\/www.anniesloan.com\/pl\/wp-json\/wp\/v2\/media?parent=35721"}],"curies":[{"name":"wp","href":"https:\/\/api.w.org\/{rel}","templated":true}]}}