{"id":22620,"date":"2020-01-15T12:56:14","date_gmt":"2020-01-15T12:56:14","guid":{"rendered":"https:\/\/www.anniesloan.com\/become-a-stockist\/"},"modified":"2023-07-12T15:13:08","modified_gmt":"2023-07-12T13:13:08","slug":"zostan-sprzedawca","status":"publish","type":"page","link":"https:\/\/www.anniesloan.com\/pl\/zostan-sprzedawca\/","title":{"rendered":"Zosta\u0144 sprzedawc\u0105"},"content":{"rendered":"","protected":false},"excerpt":{"rendered":"","protected":false},"author":2,"featured_media":22433,"parent":0,"menu_order":0,"comment_status":"open","ping_status":"open","template":"tpl-flexible-content.php","meta":{"_acf_changed":false,"_relevanssi_hide_post":"","_relevanssi_hide_content":"","_relevanssi_pin_for_all":"","_relevanssi_pin_keywords":"","_relevanssi_unpin_keywords":"","_relevanssi_related_keywords":"","_relevanssi_related_include_ids":"","_relevanssi_related_exclude_ids":"","_relevanssi_related_no_append":"","_relevanssi_related_not_related":"","_relevanssi_related_posts":"","_relevanssi_noindex_reason":"","footnotes":""},"class_list":["post-22620","page","type-page","status-publish","has-post-thumbnail","hentry"],"acf":[],"yoast_head":"<!-- This site is optimized with the Yoast SEO Premium plugin v26.5 (Yoast SEO v26.5) - https:\/\/yoast.com\/wordpress\/plugins\/seo\/ -->\n<title>Zosta\u0144 sprzedawc\u0105 - Annie Sloan PL<\/title>\n<meta name=\"description\" content=\"Zosta\u0144 oficjalnym sprzedawc\u0105 produkt\u00f3w Annie Sloan - zawsze szukamy entuzjastycznych i pe\u0142nych pasji osobowo\u015bci.\" \/>\n<meta name=\"robots\" content=\"index, follow, max-snippet:-1, max-image-preview:large, max-video-preview:-1\" \/>\n<link rel=\"canonical\" href=\"https:\/\/www.anniesloan.com\/pl\/zostan-sprzedawca\/\" \/>\n<meta property=\"og:locale\" content=\"pl_PL\" \/>\n<meta property=\"og:type\" content=\"article\" \/>\n<meta property=\"og:title\" content=\"Zosta\u0144 sprzedawc\u0105\" \/>\n<meta property=\"og:description\" content=\"Zosta\u0144 oficjalnym sprzedawc\u0105 produkt\u00f3w Annie Sloan - zawsze szukamy entuzjastycznych i pe\u0142nych pasji osobowo\u015bci.\" \/>\n<meta property=\"og:url\" content=\"https:\/\/www.anniesloan.com\/pl\/zostan-sprzedawca\/\" \/>\n<meta property=\"og:site_name\" content=\"Annie Sloan PL\" \/>\n<meta property=\"article:modified_time\" content=\"2023-07-12T13:13:08+00:00\" \/>\n<meta property=\"og:image\" content=\"https:\/\/www.anniesloan.com\/pl\/wp-content\/uploads\/sites\/5\/2021\/05\/Annie-Sloan-Stockist-badges-at-Plant-and-Paint-Hull-Stockists-photo-by-Holly-Shepherd-of-Roots-and-tales-Become-a-Stockist-placeholder-2000.jpg\" \/>\n\t<meta property=\"og:image:width\" content=\"1536\" \/>\n\t<meta property=\"og:image:height\" content=\"1024\" \/>\n\t<meta property=\"og:image:type\" content=\"image\/jpeg\" \/>\n<meta name=\"twitter:card\" content=\"summary_large_image\" \/>\n<script type=\"application\/ld+json\" class=\"yoast-schema-graph\">{\"@context\":\"https:\/\/schema.org\",\"@graph\":[{\"@type\":\"WebPage\",\"@id\":\"https:\/\/www.anniesloan.com\/pl\/zostan-sprzedawca\/\",\"url\":\"https:\/\/www.anniesloan.com\/pl\/zostan-sprzedawca\/\",\"name\":\"Zosta\u0144 sprzedawc\u0105 - Annie Sloan PL\",\"isPartOf\":{\"@id\":\"https:\/\/www.anniesloan.com\/pl\/#website\"},\"primaryImageOfPage\":{\"@id\":\"https:\/\/www.anniesloan.com\/pl\/zostan-sprzedawca\/#primaryimage\"},\"image\":{\"@id\":\"https:\/\/www.anniesloan.com\/pl\/zostan-sprzedawca\/#primaryimage\"},\"thumbnailUrl\":\"https:\/\/www.anniesloan.com\/pl\/wp-content\/uploads\/sites\/5\/2021\/05\/Annie-Sloan-Stockist-badges-at-Plant-and-Paint-Hull-Stockists-photo-by-Holly-Shepherd-of-Roots-and-tales-Become-a-Stockist-placeholder-2000.jpg\",\"datePublished\":\"2020-01-15T12:56:14+00:00\",\"dateModified\":\"2023-07-12T13:13:08+00:00\",\"description\":\"Zosta\u0144 oficjalnym sprzedawc\u0105 produkt\u00f3w Annie Sloan - zawsze szukamy entuzjastycznych i pe\u0142nych pasji osobowo\u015bci.\",\"inLanguage\":\"pl-PL\",\"potentialAction\":[{\"@type\":\"ReadAction\",\"target\":[\"https:\/\/www.anniesloan.com\/pl\/zostan-sprzedawca\/\"]}]},{\"@type\":\"ImageObject\",\"inLanguage\":\"pl-PL\",\"@id\":\"https:\/\/www.anniesloan.com\/pl\/zostan-sprzedawca\/#primaryimage\",\"url\":\"https:\/\/www.anniesloan.com\/pl\/wp-content\/uploads\/sites\/5\/2021\/05\/Annie-Sloan-Stockist-badges-at-Plant-and-Paint-Hull-Stockists-photo-by-Holly-Shepherd-of-Roots-and-tales-Become-a-Stockist-placeholder-2000.jpg\",\"contentUrl\":\"https:\/\/www.anniesloan.com\/pl\/wp-content\/uploads\/sites\/5\/2021\/05\/Annie-Sloan-Stockist-badges-at-Plant-and-Paint-Hull-Stockists-photo-by-Holly-Shepherd-of-Roots-and-tales-Become-a-Stockist-placeholder-2000.jpg\",\"width\":1536,\"height\":1024,\"caption\":\"Annie Sloan Stockist badges at Plant and Paint Hull Stockists photo by Holly Shepherd of Roots + tales\"},{\"@type\":\"WebSite\",\"@id\":\"https:\/\/www.anniesloan.com\/pl\/#website\",\"url\":\"https:\/\/www.anniesloan.com\/pl\/\",\"name\":\"Annie Sloan PL\",\"description\":\"Home of Chalk Paint\",\"potentialAction\":[{\"@type\":\"SearchAction\",\"target\":{\"@type\":\"EntryPoint\",\"urlTemplate\":\"https:\/\/www.anniesloan.com\/pl\/?s={search_term_string}\"},\"query-input\":{\"@type\":\"PropertyValueSpecification\",\"valueRequired\":true,\"valueName\":\"search_term_string\"}}],\"inLanguage\":\"pl-PL\"}]}<\/script>\n<!-- \/ Yoast SEO Premium plugin. -->","yoast_head_json":{"title":"Zosta\u0144 sprzedawc\u0105 - Annie Sloan PL","description":"Zosta\u0144 oficjalnym sprzedawc\u0105 produkt\u00f3w Annie Sloan - zawsze szukamy entuzjastycznych i pe\u0142nych pasji osobowo\u015bci.","robots":{"index":"index","follow":"follow","max-snippet":"max-snippet:-1","max-image-preview":"max-image-preview:large","max-video-preview":"max-video-preview:-1"},"canonical":"https:\/\/www.anniesloan.com\/pl\/zostan-sprzedawca\/","og_locale":"pl_PL","og_type":"article","og_title":"Zosta\u0144 sprzedawc\u0105","og_description":"Zosta\u0144 oficjalnym sprzedawc\u0105 produkt\u00f3w Annie Sloan - zawsze szukamy entuzjastycznych i pe\u0142nych pasji osobowo\u015bci.","og_url":"https:\/\/www.anniesloan.com\/pl\/zostan-sprzedawca\/","og_site_name":"Annie Sloan PL","article_modified_time":"2023-07-12T13:13:08+00:00","og_image":[{"width":1536,"height":1024,"url":"https:\/\/www.anniesloan.com\/pl\/wp-content\/uploads\/sites\/5\/2021\/05\/Annie-Sloan-Stockist-badges-at-Plant-and-Paint-Hull-Stockists-photo-by-Holly-Shepherd-of-Roots-and-tales-Become-a-Stockist-placeholder-2000.jpg","type":"image\/jpeg"}],"twitter_card":"summary_large_image","schema":{"@context":"https:\/\/schema.org","@graph":[{"@type":"WebPage","@id":"https:\/\/www.anniesloan.com\/pl\/zostan-sprzedawca\/","url":"https:\/\/www.anniesloan.com\/pl\/zostan-sprzedawca\/","name":"Zosta\u0144 sprzedawc\u0105 - Annie Sloan PL","isPartOf":{"@id":"https:\/\/www.anniesloan.com\/pl\/#website"},"primaryImageOfPage":{"@id":"https:\/\/www.anniesloan.com\/pl\/zostan-sprzedawca\/#primaryimage"},"image":{"@id":"https:\/\/www.anniesloan.com\/pl\/zostan-sprzedawca\/#primaryimage"},"thumbnailUrl":"https:\/\/www.anniesloan.com\/pl\/wp-content\/uploads\/sites\/5\/2021\/05\/Annie-Sloan-Stockist-badges-at-Plant-and-Paint-Hull-Stockists-photo-by-Holly-Shepherd-of-Roots-and-tales-Become-a-Stockist-placeholder-2000.jpg","datePublished":"2020-01-15T12:56:14+00:00","dateModified":"2023-07-12T13:13:08+00:00","description":"Zosta\u0144 oficjalnym sprzedawc\u0105 produkt\u00f3w Annie Sloan - zawsze szukamy entuzjastycznych i pe\u0142nych pasji osobowo\u015bci.","inLanguage":"pl-PL","potentialAction":[{"@type":"ReadAction","target":["https:\/\/www.anniesloan.com\/pl\/zostan-sprzedawca\/"]}]},{"@type":"ImageObject","inLanguage":"pl-PL","@id":"https:\/\/www.anniesloan.com\/pl\/zostan-sprzedawca\/#primaryimage","url":"https:\/\/www.anniesloan.com\/pl\/wp-content\/uploads\/sites\/5\/2021\/05\/Annie-Sloan-Stockist-badges-at-Plant-and-Paint-Hull-Stockists-photo-by-Holly-Shepherd-of-Roots-and-tales-Become-a-Stockist-placeholder-2000.jpg","contentUrl":"https:\/\/www.anniesloan.com\/pl\/wp-content\/uploads\/sites\/5\/2021\/05\/Annie-Sloan-Stockist-badges-at-Plant-and-Paint-Hull-Stockists-photo-by-Holly-Shepherd-of-Roots-and-tales-Become-a-Stockist-placeholder-2000.jpg","width":1536,"height":1024,"caption":"Annie Sloan Stockist badges at Plant and Paint Hull Stockists photo by Holly Shepherd of Roots + tales"},{"@type":"WebSite","@id":"https:\/\/www.anniesloan.com\/pl\/#website","url":"https:\/\/www.anniesloan.com\/pl\/","name":"Annie Sloan PL","description":"Home of Chalk Paint","potentialAction":[{"@type":"SearchAction","target":{"@type":"EntryPoint","urlTemplate":"https:\/\/www.anniesloan.com\/pl\/?s={search_term_string}"},"query-input":{"@type":"PropertyValueSpecification","valueRequired":true,"valueName":"search_term_string"}}],"inLanguage":"pl-PL"}]}},"_links":{"self":[{"href":"https:\/\/www.anniesloan.com\/pl\/wp-json\/wp\/v2\/pages\/22620","targetHints":{"allow":["GET"]}}],"collection":[{"href":"https:\/\/www.anniesloan.com\/pl\/wp-json\/wp\/v2\/pages"}],"about":[{"href":"https:\/\/www.anniesloan.com\/pl\/wp-json\/wp\/v2\/types\/page"}],"author":[{"embeddable":true,"href":"https:\/\/www.anniesloan.com\/pl\/wp-json\/wp\/v2\/users\/2"}],"replies":[{"embeddable":true,"href":"https:\/\/www.anniesloan.com\/pl\/wp-json\/wp\/v2\/comments?post=22620"}],"version-history":[{"count":0,"href":"https:\/\/www.anniesloan.com\/pl\/wp-json\/wp\/v2\/pages\/22620\/revisions"}],"wp:featuredmedia":[{"embeddable":true,"href":"https:\/\/www.anniesloan.com\/pl\/wp-json\/wp\/v2\/media\/22433"}],"wp:attachment":[{"href":"https:\/\/www.anniesloan.com\/pl\/wp-json\/wp\/v2\/media?parent=22620"}],"curies":[{"name":"wp","href":"https:\/\/api.w.org\/{rel}","templated":true}]}}