{"id":22286,"date":"2019-07-15T16:39:41","date_gmt":"2019-07-15T16:39:41","guid":{"rendered":"https:\/\/www.anniesloan.com\/delivery-and-returns\/"},"modified":"2024-11-26T10:07:05","modified_gmt":"2024-11-26T09:07:05","slug":"delivery-and-returns","status":"publish","type":"page","link":"https:\/\/www.anniesloan.com\/pl\/delivery-and-returns\/","title":{"rendered":"Dostawy i Zwroty"},"content":{"rendered":"<p>Zam\u00f3wienia wysy\u0142amy tylko do Polski, Francji, Niemiec, Belgii, Luksemburga i Austrii. Klienci spoza tych rynk\u00f3w mog\u0105 naby\u0107 produkty Annie Sloan za po\u015brednictwem jednego z naszych sprzedawc\u00f3w. Istnieje r\u00f3wnie\u017c mo\u017cliwo\u015b\u0107 z\u0142o\u017cenia zam\u00f3wienia na terenie <a href=\"https:\/\/www.anniesloan.com\/us\/\">USA<\/a> lub <a href=\"https:\/\/www.anniesloan.com\/\">Wielkiej Brytanii<\/a>\u00a0poprzez witryn\u0119 internetow\u0105.<\/p>\n<ul>\n<li><a href=\"#p\u0142atno\u015b\u0107\">P\u0142atno\u015b\u0107<\/a><\/li>\n<li><a href=\"#dostawa\">Dostawa<\/a><\/li>\n<li><a href=\"#zwroty\">Zwroty<\/a><\/li>\n<li><a href=\"#anulowanie\">Anulowanie zam\u00f3wienia<\/a><\/li>\n<li><a href=\"#uszkodzenia\">Uszkodzenia zam\u00f3wionych towar\u00f3w<\/a><\/li>\n<\/ul>\n<hr \/>\n<h3 id=\"p\u0142atno\u015b\u0107\">P\u0142atno\u015b\u0107<\/h3>\n<p>Podczas dokonywania p\u0142atno\u015bci istnieje mo\u017cliwo\u015b\u0107 za\u0142o\u017cenia konta w naszym sklepie. Nie jest to obowi\u0105zkowe, ale pozwala Klientom aktualizowa\u0107 swoje zam\u00f3wienia i przegl\u0105da\u0107 poprzednie zam\u00f3wienia.<\/p>\n<p>P\u0142atno\u015bci mo\u017cna dokona\u0107 kart\u0105 kredytow\u0105 lub debetow\u0105, przez Przelewy24 lub za po\u015brednictwem PayPal.<\/p>\n<p>Wi\u0119cej informacji na temat dokonywania zakup\u00f3w znajduje si\u0119 tutaj w naszym\u00a0<a href=\"https:\/\/www.anniesloan.com\/pl\/regulamin\/\">Regulaminie<\/a>\u00a0oraz\u00a0<a href=\"https:\/\/www.anniesloan.com\/pl\/regulamin\/\">Polityce Prywatno\u015bci<\/a>.<\/p>\n<hr \/>\n<h3 id=\"dostawa\">Dostawa<\/h3>\n<p>Przesy\u0142ki s\u0105 r\u0119cznie pakowane w naszym magazynie w Niemczech i dostarczane prosto pod wskazany adres.<\/p>\n<p>Oferujemy standardow\u0105 us\u0142ug\u0119 dostawy do domu za po\u015brednictwem kuriera. Dostawy s\u0105 realizowane w standardowych godzinach pracy naszych kurier\u00f3w od poniedzia\u0142ku do pi\u0105tku. Dostawy nie s\u0105 realizowane w dni wolne od pracy. Prosimy pami\u0119ta\u0107, \u017ce nasza fabryka, magazyn i biura s\u0105 zamkni\u0119te w dni wolne od pracy w Niemczech oraz mi\u0119dzy Bo\u017cym Narodzeniem a Nowym Rokiem &#8211; wysy\u0142ki i dostawy nie b\u0119d\u0105 realizowane w tym okresie.<\/p>\n<p>Nasze stawki r\u00f3\u017cni\u0105 si\u0119 w zale\u017cno\u015bci od wagi zam\u00f3wienia. Koszt dostawy mniejszych artyku\u0142\u00f3w zaczyna si\u0119 od 15 z\u0142 i wzrasta do maksymalnie 25 z\u0142. Dostawa 1 litra farby b\u0119dzie kosztowa\u0142a\u00a025 z\u0142. Ci\u0119\u017csze artyku\u0142y b\u0119d\u0105 kosztowa\u0142y tyle samo.<\/p>\n<p>Oferujemy darmow\u0105 dostaw\u0119 dla zam\u00f3wie\u0144 o warto\u015bci 350 z\u0142 lub wi\u0119cej.<\/p>\n<p>Staramy si\u0119 dostarcza\u0107 towar w ci\u0105gu 2-4 dni roboczych od otrzymania zam\u00f3wienia. Zam\u00f3wienia z\u0142o\u017cone w pi\u0105tek lub podczas weekendu zostan\u0105 zrealizowane w najbli\u017cszy poniedzia\u0142ek, a dostawa b\u0119dzie mia\u0142a miejsce w ci\u0105gu 2-4 dni roboczych.<\/p>\n<p>Prosimy pami\u0119ta\u0107, \u017ce nie mo\u017cemy dostarcza\u0107 przesy\u0142ek na skrytki pocztowe ani do centr\u00f3w logistycznych.<\/p>\n<hr \/>\n<h3>POUCZENIE O ODST\u0104PIENIU OD UMOWY &amp; FORMULARZ ODST\u0104PIENIA OD UMOWY<\/h3>\n<p>Konsumentom przys\u0142uguje prawo odst\u0105pienia od umowy na poni\u017cej okre\u015blonych zasadach, przy czym za konsumenta uwa\u017ca si\u0119 ka\u017cd\u0105 osob\u0119 fizyczn\u0105 dzia\u0142aj\u0105c\u0105 w celach, kt\u00f3re nie mieszcz\u0105 si\u0119 w ramach ani prowadzonej przez ni\u0105 dzia\u0142alno\u015bci gospodarczej, ani samodzielnej dzia\u0142alno\u015bci zawodowej:<\/p>\n<h3>A. Pouczenie o odst\u0105pieniu od umowy<\/h3>\n<h4>Prawo odst\u0105pienia od umowy<\/h4>\n<p>Konsumentowi przys\u0142uguje prawo odst\u0105pienia od umowy bez podania przyczyny w terminie czternastu dni.<\/p>\n<p>Termin odst\u0105pienia od umowy wynosi czterna\u015bci dni od dnia, w kt\u00f3rym konsument lub wskazana przez niego osoba trzecia, z wy\u0142\u0105czeniem dostawcy, odebra\u0142a ostatni z towar\u00f3w wchodz\u0105cych w sk\u0142ad zam\u00f3wienia.<\/p>\n<p>Aby skorzysta\u0107 z prawa odst\u0105pienia od umowy, nale\u017cy powiadomi\u0107 nas (Annie Sloan Europe GmbH, G\u00fcterstr. 80, 54295 Trier, Deutschland, Tel.: +49 (0) 651 982 299 20, E-Mail: europe@anniesloan.com) o takiej woli, sk\u0142adaj\u0105c jednoznaczne o\u015bwiadczenie (np. listem wys\u0142anym poczt\u0105, faksem lub za po\u015brednictwem poczty elektronicznej). Mo\u017cna tak\u017ce skorzysta\u0107 z za\u0142\u0105czonego formularza odst\u0105pienia od umowy, co jednak nie jest obligatoryjne.<\/p>\n<p>Aby zachowa\u0107 termin odst\u0105pienia od umowy, wystarczy wys\u0142a\u0107 zawiadomienie o woli skorzystania z prawa do odst\u0105pienia od umowy przed up\u0142ywem okresu odst\u0105pienia.<\/p>\n<h4>Skutki odst\u0105pienia od umowy<\/h4>\n<p>W przypadku odst\u0105pienia od umowy konsument otrzyma zwrot wszystkich dokonanych wp\u0142at, w tym koszt\u00f3w dostawy (z wyj\u0105tkiem dodatkowych koszt\u00f3w wynikaj\u0105cych z wyboru sposobu dostawy innego ni\u017c oferowana przez nas najbardziej ekonomiczna, standardowa opcja) niezw\u0142ocznie, najp\u00f3\u017aniej w ci\u0105gu czternastu dni od dnia nadej\u015bcia zawiadomienia o odst\u0105pieniu od umowy. P\u0142atno\u015bci zwrotnej dokonujemy przy u\u017cyciu tej samej metody p\u0142atno\u015bci, kt\u00f3r\u0105 konsument zastosowa\u0142 w pierwotnej transakcji, chyba \u017ce strony wyra\u017anie postanowi\u0105 inaczej; w \u017cadnym wypadku konsumentowi nie zostanie naliczona op\u0142ata z tytu\u0142u dokonanego zwrotu. Przys\u0142uguje nam prawo wstrzymania zwrotu p\u0142atno\u015bci do czasu zwrotu towar\u00f3w lub dostarczenia przez konsumenta dowodu ich odes\u0142ania, w zale\u017cno\u015bci od tego, kt\u00f3re zdarzenie nast\u0105pi wcze\u015bniej.<\/p>\n<p>Konsument zobowi\u0105zany jest do odes\u0142ania lub przekazania towaru bez zb\u0119dnej zw\u0142oki i w ka\u017cdym przypadku nie p\u00f3\u017aniej ni\u017c czterna\u015bcie dni od dnia powiadomienia nas o woli odst\u0105pienia od umowy. Termin uwa\u017ca si\u0119 za zachowany, je\u017celi konsument ode\u015ble towary przed up\u0142ywem czternastu dni.<\/p>\n<p>Ponosz\u0105 Pa\u0144stwo bezpo\u015brednie koszty odes\u0142ania towar\u00f3w.<\/p>\n<p>Konsument odpowiada materialnie r\u00f3wnie\u017c za zmniejszenie warto\u015bci towar\u00f3w wynikaj\u0105ce z obchodzenia si\u0119 z nimi w spos\u00f3b inny ni\u017c jest to konieczne do oceny ich w\u0142a\u015bciwo\u015bci, cech i funkcjonalno\u015bci.<\/p>\n<h4>Wy\u0142\u0105czenie lub wcze\u015bniejsze wyga\u015bni\u0119cie prawa odst\u0105pienia od umowy:<\/h4>\n<p>Prawo do odst\u0105pienia od umowy wygasa wcze\u015bniej w przypadku um\u00f3w dostawy towar\u00f3w, kt\u00f3re po dostarczeniu, ze wzgl\u0119du na swoje w\u0142a\u015bciwo\u015bci, zosta\u0142y trwale po\u0142\u0105czone z innymi towarami.<\/p>\n<h3>B. Formularz odst\u0105pienia od umowy<\/h3>\n<p>Je\u017celi chce Pan\/Pani odst\u0105pi\u0107 od umowy, prosz\u0119 wype\u0142ni\u0107 poni\u017cszy formularz i odes\u0142a\u0107.<\/p>\n<p>Adresat<\/p>\n<p>Annie Sloan Europe GmbH<br \/>\nG\u00fcterstr. 80<br \/>\n54295 Trier<br \/>\nDeutschland<\/p>\n<p>E-Mail: europe@anniesloan.com<\/p>\n<p>Niniejszym odst\u0119puj\u0119\/odst\u0119pujemy (*) od zawartej przeze mnie\/przez nas (*) umowy na zakup nast\u0119puj\u0105cych towar\u00f3w (*)<\/p>\n<p>_______________________________________________________<\/p>\n<p>_______________________________________________________<\/p>\n<p>Zam\u00f3wienie z dnia (*) ____________ \/ otrzymane w dniu (*) __________________<\/p>\n<p>________________________________________________________<br \/>\nImi\u0119 i nazwisko konsumenta(-\u00f3w)<\/p>\n<p>________________________________________________________<br \/>\nAdres konsumenta(-\u00f3w)<\/p>\n<p>________________________________________________________<br \/>\nPodpis konsumenta\/(-\u00f3w) (w przypadku o\u015bwiadczenia w formie papierowej)<\/p>\n<p>_________________________<br \/>\nData<\/p>\n<p>(*) Niepotrzebne skre\u015bli\u0107<\/p>\n<hr \/>\n<h3 id=\"anulowanie\">Anulowanie zam\u00f3wienia<\/h3>\n<p>Je\u015bli po dokonaniu zakupu chc\u0105 Pa\u0144stwo anulowa\u0107 zam\u00f3wienie, prosimy o jak najszybszy kontakt telefoniczny.<\/p>\n<p>Je\u015bli zam\u00f3wienie nie zosta\u0142o wys\u0142ane, natychmiast otrzymaj\u0105 Pa\u0144stwo pe\u0142ny zwrot pieni\u0119dzy. Je\u015bli zam\u00f3wienie zosta\u0142o wys\u0142ane, otrzymaj\u0105 Pa\u0144stwo zwrot pieni\u0119dzy pomniejszony o koszty dostawy po otrzymaniu przez nas zwr\u00f3conych produkt\u00f3w.<\/p>\n<hr \/>\n<h3 id=\"uszkodzenia\">Uszkodzenia zam\u00f3wionych towar\u00f3w<\/h3>\n<p>W przypadku otrzymania uszkodzonych produkt\u00f3w prosimy o kontakt z Zespo\u0142em Zam\u00f3wie\u0144, dzwoni\u0105c pod numer +49 (0) 651 9822 9920 &#8211; je\u017celi telefon zostanie odebrany przed godzin\u0105 15:00, odpowiednie artyku\u0142y na wymian\u0119 zostan\u0105 wys\u0142ane tego samego dnia.<\/p>\n<p>Aby uzyska\u0107 wi\u0119cej informacji na temat zam\u00f3wie\u0144, wysy\u0142ki i dostawy oraz odpowiedzialno\u015bci i praw, prosimy zapozna\u0107 si\u0119 ze stron\u0105 z\u00a0<a href=\"https:\/\/www.anniesloan.com\/pl\/regulamin\/\">Regulaminem<\/a>.<\/p>\n","protected":false},"excerpt":{"rendered":"<p>Zam\u00f3wienia wysy\u0142amy tylko do Polski, Francji, Niemiec, Belgii, Luksemburga i Austrii. Klienci spoza tych rynk\u00f3w mog\u0105 naby\u0107 produkty Annie Sloan za po\u015brednictwem jednego z naszych sprzedawc\u00f3w. Istnieje r\u00f3wnie\u017c mo\u017cliwo\u015b\u0107 z\u0142o\u017cenia zam\u00f3wienia na terenie USA lub Wielkiej Brytanii\u00a0poprzez witryn\u0119 internetow\u0105. P\u0142atno\u015b\u0107 Dostawa Zwroty Anulowanie zam\u00f3wienia Uszkodzenia zam\u00f3wionych towar\u00f3w P\u0142atno\u015b\u0107 Podczas dokonywania p\u0142atno\u015bci istnieje mo\u017cliwo\u015b\u0107 za\u0142o\u017cenia konta [&hellip;]<\/p>\n","protected":false},"author":2,"featured_media":22287,"parent":0,"menu_order":0,"comment_status":"open","ping_status":"open","template":"","meta":{"_acf_changed":false,"_relevanssi_hide_post":"","_relevanssi_hide_content":"","_relevanssi_pin_for_all":"","_relevanssi_pin_keywords":"","_relevanssi_unpin_keywords":"","_relevanssi_related_keywords":"","_relevanssi_related_include_ids":"","_relevanssi_related_exclude_ids":"","_relevanssi_related_no_append":"","_relevanssi_related_not_related":"","_relevanssi_related_posts":"","_relevanssi_noindex_reason":"","footnotes":""},"class_list":["post-22286","page","type-page","status-publish","has-post-thumbnail","hentry"],"acf":[],"yoast_head":"<!-- This site is optimized with the Yoast SEO Premium plugin v26.5 (Yoast SEO v26.5) - https:\/\/yoast.com\/wordpress\/plugins\/seo\/ -->\n<title>Dostawy i Zwroty - Annie Sloan PL<\/title>\n<meta name=\"description\" content=\"Informacja o dostawie i zwrotach produkt\u00f3w Annie Sloan - co powinni\u015bcie wiedzie\u0107 zamawiaj\u0105c online.\" \/>\n<meta name=\"robots\" content=\"index, follow, max-snippet:-1, max-image-preview:large, max-video-preview:-1\" \/>\n<link rel=\"canonical\" href=\"https:\/\/www.anniesloan.com\/pl\/delivery-and-returns\/\" \/>\n<meta property=\"og:locale\" content=\"pl_PL\" \/>\n<meta property=\"og:type\" content=\"article\" \/>\n<meta property=\"og:title\" content=\"Dostawy i Zwroty\" \/>\n<meta property=\"og:description\" content=\"Informacja o dostawie i zwrotach produkt\u00f3w Annie Sloan - co powinni\u015bcie wiedzie\u0107 zamawiaj\u0105c online.\" \/>\n<meta property=\"og:url\" content=\"https:\/\/www.anniesloan.com\/pl\/delivery-and-returns\/\" \/>\n<meta property=\"og:site_name\" content=\"Annie Sloan PL\" \/>\n<meta property=\"article:modified_time\" content=\"2024-11-26T09:07:05+00:00\" \/>\n<meta property=\"og:image\" content=\"https:\/\/www.anniesloan.com\/pl\/wp-content\/uploads\/sites\/5\/2021\/05\/How-to-checkout-as-a-guest-on-PayPal.jpg\" \/>\n\t<meta property=\"og:image:width\" content=\"657\" \/>\n\t<meta property=\"og:image:height\" content=\"553\" \/>\n\t<meta property=\"og:image:type\" content=\"image\/jpeg\" \/>\n<meta name=\"twitter:card\" content=\"summary_large_image\" \/>\n<meta name=\"twitter:label1\" content=\"Szacowany czas czytania\" \/>\n\t<meta name=\"twitter:data1\" content=\"6 minut\" \/>\n<script type=\"application\/ld+json\" class=\"yoast-schema-graph\">{\"@context\":\"https:\/\/schema.org\",\"@graph\":[{\"@type\":\"WebPage\",\"@id\":\"https:\/\/www.anniesloan.com\/pl\/delivery-and-returns\/\",\"url\":\"https:\/\/www.anniesloan.com\/pl\/delivery-and-returns\/\",\"name\":\"Dostawy i Zwroty - Annie Sloan PL\",\"isPartOf\":{\"@id\":\"https:\/\/www.anniesloan.com\/pl\/#website\"},\"primaryImageOfPage\":{\"@id\":\"https:\/\/www.anniesloan.com\/pl\/delivery-and-returns\/#primaryimage\"},\"image\":{\"@id\":\"https:\/\/www.anniesloan.com\/pl\/delivery-and-returns\/#primaryimage\"},\"thumbnailUrl\":\"https:\/\/www.anniesloan.com\/pl\/wp-content\/uploads\/sites\/5\/2021\/05\/How-to-checkout-as-a-guest-on-PayPal.jpg\",\"datePublished\":\"2019-07-15T16:39:41+00:00\",\"dateModified\":\"2024-11-26T09:07:05+00:00\",\"description\":\"Informacja o dostawie i zwrotach produkt\u00f3w Annie Sloan - co powinni\u015bcie wiedzie\u0107 zamawiaj\u0105c online.\",\"inLanguage\":\"pl-PL\",\"potentialAction\":[{\"@type\":\"ReadAction\",\"target\":[\"https:\/\/www.anniesloan.com\/pl\/delivery-and-returns\/\"]}]},{\"@type\":\"ImageObject\",\"inLanguage\":\"pl-PL\",\"@id\":\"https:\/\/www.anniesloan.com\/pl\/delivery-and-returns\/#primaryimage\",\"url\":\"https:\/\/www.anniesloan.com\/pl\/wp-content\/uploads\/sites\/5\/2021\/05\/How-to-checkout-as-a-guest-on-PayPal.jpg\",\"contentUrl\":\"https:\/\/www.anniesloan.com\/pl\/wp-content\/uploads\/sites\/5\/2021\/05\/How-to-checkout-as-a-guest-on-PayPal.jpg\",\"width\":657,\"height\":553,\"caption\":\"How to checkout as a guest on PayPal\"},{\"@type\":\"WebSite\",\"@id\":\"https:\/\/www.anniesloan.com\/pl\/#website\",\"url\":\"https:\/\/www.anniesloan.com\/pl\/\",\"name\":\"Annie Sloan PL\",\"description\":\"Home of Chalk Paint\",\"potentialAction\":[{\"@type\":\"SearchAction\",\"target\":{\"@type\":\"EntryPoint\",\"urlTemplate\":\"https:\/\/www.anniesloan.com\/pl\/?s={search_term_string}\"},\"query-input\":{\"@type\":\"PropertyValueSpecification\",\"valueRequired\":true,\"valueName\":\"search_term_string\"}}],\"inLanguage\":\"pl-PL\"}]}<\/script>\n<!-- \/ Yoast SEO Premium plugin. -->","yoast_head_json":{"title":"Dostawy i Zwroty - Annie Sloan PL","description":"Informacja o dostawie i zwrotach produkt\u00f3w Annie Sloan - co powinni\u015bcie wiedzie\u0107 zamawiaj\u0105c online.","robots":{"index":"index","follow":"follow","max-snippet":"max-snippet:-1","max-image-preview":"max-image-preview:large","max-video-preview":"max-video-preview:-1"},"canonical":"https:\/\/www.anniesloan.com\/pl\/delivery-and-returns\/","og_locale":"pl_PL","og_type":"article","og_title":"Dostawy i Zwroty","og_description":"Informacja o dostawie i zwrotach produkt\u00f3w Annie Sloan - co powinni\u015bcie wiedzie\u0107 zamawiaj\u0105c online.","og_url":"https:\/\/www.anniesloan.com\/pl\/delivery-and-returns\/","og_site_name":"Annie Sloan PL","article_modified_time":"2024-11-26T09:07:05+00:00","og_image":[{"width":657,"height":553,"url":"https:\/\/www.anniesloan.com\/pl\/wp-content\/uploads\/sites\/5\/2021\/05\/How-to-checkout-as-a-guest-on-PayPal.jpg","type":"image\/jpeg"}],"twitter_card":"summary_large_image","twitter_misc":{"Szacowany czas czytania":"6 minut"},"schema":{"@context":"https:\/\/schema.org","@graph":[{"@type":"WebPage","@id":"https:\/\/www.anniesloan.com\/pl\/delivery-and-returns\/","url":"https:\/\/www.anniesloan.com\/pl\/delivery-and-returns\/","name":"Dostawy i Zwroty - Annie Sloan PL","isPartOf":{"@id":"https:\/\/www.anniesloan.com\/pl\/#website"},"primaryImageOfPage":{"@id":"https:\/\/www.anniesloan.com\/pl\/delivery-and-returns\/#primaryimage"},"image":{"@id":"https:\/\/www.anniesloan.com\/pl\/delivery-and-returns\/#primaryimage"},"thumbnailUrl":"https:\/\/www.anniesloan.com\/pl\/wp-content\/uploads\/sites\/5\/2021\/05\/How-to-checkout-as-a-guest-on-PayPal.jpg","datePublished":"2019-07-15T16:39:41+00:00","dateModified":"2024-11-26T09:07:05+00:00","description":"Informacja o dostawie i zwrotach produkt\u00f3w Annie Sloan - co powinni\u015bcie wiedzie\u0107 zamawiaj\u0105c online.","inLanguage":"pl-PL","potentialAction":[{"@type":"ReadAction","target":["https:\/\/www.anniesloan.com\/pl\/delivery-and-returns\/"]}]},{"@type":"ImageObject","inLanguage":"pl-PL","@id":"https:\/\/www.anniesloan.com\/pl\/delivery-and-returns\/#primaryimage","url":"https:\/\/www.anniesloan.com\/pl\/wp-content\/uploads\/sites\/5\/2021\/05\/How-to-checkout-as-a-guest-on-PayPal.jpg","contentUrl":"https:\/\/www.anniesloan.com\/pl\/wp-content\/uploads\/sites\/5\/2021\/05\/How-to-checkout-as-a-guest-on-PayPal.jpg","width":657,"height":553,"caption":"How to checkout as a guest on PayPal"},{"@type":"WebSite","@id":"https:\/\/www.anniesloan.com\/pl\/#website","url":"https:\/\/www.anniesloan.com\/pl\/","name":"Annie Sloan PL","description":"Home of Chalk Paint","potentialAction":[{"@type":"SearchAction","target":{"@type":"EntryPoint","urlTemplate":"https:\/\/www.anniesloan.com\/pl\/?s={search_term_string}"},"query-input":{"@type":"PropertyValueSpecification","valueRequired":true,"valueName":"search_term_string"}}],"inLanguage":"pl-PL"}]}},"_links":{"self":[{"href":"https:\/\/www.anniesloan.com\/pl\/wp-json\/wp\/v2\/pages\/22286","targetHints":{"allow":["GET"]}}],"collection":[{"href":"https:\/\/www.anniesloan.com\/pl\/wp-json\/wp\/v2\/pages"}],"about":[{"href":"https:\/\/www.anniesloan.com\/pl\/wp-json\/wp\/v2\/types\/page"}],"author":[{"embeddable":true,"href":"https:\/\/www.anniesloan.com\/pl\/wp-json\/wp\/v2\/users\/2"}],"replies":[{"embeddable":true,"href":"https:\/\/www.anniesloan.com\/pl\/wp-json\/wp\/v2\/comments?post=22286"}],"version-history":[{"count":0,"href":"https:\/\/www.anniesloan.com\/pl\/wp-json\/wp\/v2\/pages\/22286\/revisions"}],"wp:featuredmedia":[{"embeddable":true,"href":"https:\/\/www.anniesloan.com\/pl\/wp-json\/wp\/v2\/media\/22287"}],"wp:attachment":[{"href":"https:\/\/www.anniesloan.com\/pl\/wp-json\/wp\/v2\/media?parent=22286"}],"curies":[{"name":"wp","href":"https:\/\/api.w.org\/{rel}","templated":true}]}}