{"id":22257,"date":"2019-07-08T15:49:19","date_gmt":"2019-07-08T15:49:19","guid":{"rendered":"https:\/\/www.anniesloan.com\/stockists\/"},"modified":"2025-06-23T11:49:57","modified_gmt":"2025-06-23T09:49:57","slug":"sprzedawcy","status":"publish","type":"page","link":"https:\/\/www.anniesloan.com\/pl\/sprzedawcy\/","title":{"rendered":"Sprzedawcy"},"content":{"rendered":"","protected":false},"excerpt":{"rendered":"","protected":false},"author":2,"featured_media":25533,"parent":0,"menu_order":0,"comment_status":"open","ping_status":"open","template":"tpl-stockists.php","meta":{"_acf_changed":false,"_relevanssi_hide_post":"","_relevanssi_hide_content":"","_relevanssi_pin_for_all":"","_relevanssi_pin_keywords":"","_relevanssi_unpin_keywords":"","_relevanssi_related_keywords":"","_relevanssi_related_include_ids":"","_relevanssi_related_exclude_ids":"","_relevanssi_related_no_append":"","_relevanssi_related_not_related":"","_relevanssi_related_posts":"","_relevanssi_noindex_reason":"","footnotes":""},"class_list":["post-22257","page","type-page","status-publish","has-post-thumbnail","hentry"],"acf":[],"yoast_head":"<!-- This site is optimized with the Yoast SEO Premium plugin v26.5 (Yoast SEO v26.5) - https:\/\/yoast.com\/wordpress\/plugins\/seo\/ -->\n<title>Sprzedawcy - Annie Sloan PL<\/title>\n<meta name=\"description\" content=\"Starannie wybrana przez Annie Sloan sie\u0107 sprzedawc\u00f3w i niezale\u017cnych sklep\u00f3w.\" \/>\n<meta name=\"robots\" content=\"index, follow, max-snippet:-1, max-image-preview:large, max-video-preview:-1\" \/>\n<link rel=\"canonical\" href=\"https:\/\/www.anniesloan.com\/pl\/sprzedawcy\/\" \/>\n<meta property=\"og:locale\" content=\"pl_PL\" \/>\n<meta property=\"og:type\" content=\"article\" \/>\n<meta property=\"og:title\" content=\"Sprzedawcy\" \/>\n<meta property=\"og:description\" content=\"Starannie wybrana przez Annie Sloan sie\u0107 sprzedawc\u00f3w i niezale\u017cnych sklep\u00f3w.\" \/>\n<meta property=\"og:url\" content=\"https:\/\/www.anniesloan.com\/pl\/sprzedawcy\/\" \/>\n<meta property=\"og:site_name\" content=\"Annie Sloan PL\" \/>\n<meta property=\"article:modified_time\" content=\"2025-06-23T09:49:57+00:00\" \/>\n<meta property=\"og:image\" content=\"https:\/\/www.anniesloan.com\/pl\/wp-content\/uploads\/sites\/5\/2021\/06\/Supporting-Independent-businesses-placeholder-Ilseyar-2500.jpeg\" \/>\n\t<meta property=\"og:image:width\" content=\"1536\" \/>\n\t<meta property=\"og:image:height\" content=\"1024\" \/>\n\t<meta property=\"og:image:type\" content=\"image\/jpeg\" \/>\n<meta name=\"twitter:card\" content=\"summary_large_image\" \/>\n<meta name=\"twitter:label1\" content=\"Szacowany czas czytania\" \/>\n\t<meta name=\"twitter:data1\" content=\"3 minuty\" \/>\n<script type=\"application\/ld+json\" class=\"yoast-schema-graph\">{\"@context\":\"https:\/\/schema.org\",\"@graph\":[{\"@type\":\"WebPage\",\"@id\":\"https:\/\/www.anniesloan.com\/pl\/sprzedawcy\/\",\"url\":\"https:\/\/www.anniesloan.com\/pl\/sprzedawcy\/\",\"name\":\"Sprzedawcy - Annie Sloan PL\",\"isPartOf\":{\"@id\":\"https:\/\/www.anniesloan.com\/pl\/#website\"},\"primaryImageOfPage\":{\"@id\":\"https:\/\/www.anniesloan.com\/pl\/sprzedawcy\/#primaryimage\"},\"image\":{\"@id\":\"https:\/\/www.anniesloan.com\/pl\/sprzedawcy\/#primaryimage\"},\"thumbnailUrl\":\"https:\/\/www.anniesloan.com\/pl\/wp-content\/uploads\/sites\/5\/2021\/06\/Supporting-Independent-businesses-placeholder-Ilseyar-2500.jpeg\",\"datePublished\":\"2019-07-08T15:49:19+00:00\",\"dateModified\":\"2025-06-23T09:49:57+00:00\",\"description\":\"Starannie wybrana przez Annie Sloan sie\u0107 sprzedawc\u00f3w i niezale\u017cnych sklep\u00f3w.\",\"inLanguage\":\"pl-PL\",\"potentialAction\":[{\"@type\":\"ReadAction\",\"target\":[\"https:\/\/www.anniesloan.com\/pl\/sprzedawcy\/\"]}]},{\"@type\":\"ImageObject\",\"inLanguage\":\"pl-PL\",\"@id\":\"https:\/\/www.anniesloan.com\/pl\/sprzedawcy\/#primaryimage\",\"url\":\"https:\/\/www.anniesloan.com\/pl\/wp-content\/uploads\/sites\/5\/2021\/06\/Supporting-Independent-businesses-placeholder-Ilseyar-2500.jpeg\",\"contentUrl\":\"https:\/\/www.anniesloan.com\/pl\/wp-content\/uploads\/sites\/5\/2021\/06\/Supporting-Independent-businesses-placeholder-Ilseyar-2500.jpeg\",\"width\":1536,\"height\":1024,\"caption\":\"Annie Sloan Stockist Ilseyar in her store with Chalk Paint\u00ae\"},{\"@type\":\"WebSite\",\"@id\":\"https:\/\/www.anniesloan.com\/pl\/#website\",\"url\":\"https:\/\/www.anniesloan.com\/pl\/\",\"name\":\"Annie Sloan PL\",\"description\":\"Home of Chalk Paint\",\"potentialAction\":[{\"@type\":\"SearchAction\",\"target\":{\"@type\":\"EntryPoint\",\"urlTemplate\":\"https:\/\/www.anniesloan.com\/pl\/?s={search_term_string}\"},\"query-input\":{\"@type\":\"PropertyValueSpecification\",\"valueRequired\":true,\"valueName\":\"search_term_string\"}}],\"inLanguage\":\"pl-PL\"}]}<\/script>\n<!-- \/ Yoast SEO Premium plugin. -->","yoast_head_json":{"title":"Sprzedawcy - Annie Sloan PL","description":"Starannie wybrana przez Annie Sloan sie\u0107 sprzedawc\u00f3w i niezale\u017cnych sklep\u00f3w.","robots":{"index":"index","follow":"follow","max-snippet":"max-snippet:-1","max-image-preview":"max-image-preview:large","max-video-preview":"max-video-preview:-1"},"canonical":"https:\/\/www.anniesloan.com\/pl\/sprzedawcy\/","og_locale":"pl_PL","og_type":"article","og_title":"Sprzedawcy","og_description":"Starannie wybrana przez Annie Sloan sie\u0107 sprzedawc\u00f3w i niezale\u017cnych sklep\u00f3w.","og_url":"https:\/\/www.anniesloan.com\/pl\/sprzedawcy\/","og_site_name":"Annie Sloan PL","article_modified_time":"2025-06-23T09:49:57+00:00","og_image":[{"width":1536,"height":1024,"url":"https:\/\/www.anniesloan.com\/pl\/wp-content\/uploads\/sites\/5\/2021\/06\/Supporting-Independent-businesses-placeholder-Ilseyar-2500.jpeg","type":"image\/jpeg"}],"twitter_card":"summary_large_image","twitter_misc":{"Szacowany czas czytania":"3 minuty"},"schema":{"@context":"https:\/\/schema.org","@graph":[{"@type":"WebPage","@id":"https:\/\/www.anniesloan.com\/pl\/sprzedawcy\/","url":"https:\/\/www.anniesloan.com\/pl\/sprzedawcy\/","name":"Sprzedawcy - Annie Sloan PL","isPartOf":{"@id":"https:\/\/www.anniesloan.com\/pl\/#website"},"primaryImageOfPage":{"@id":"https:\/\/www.anniesloan.com\/pl\/sprzedawcy\/#primaryimage"},"image":{"@id":"https:\/\/www.anniesloan.com\/pl\/sprzedawcy\/#primaryimage"},"thumbnailUrl":"https:\/\/www.anniesloan.com\/pl\/wp-content\/uploads\/sites\/5\/2021\/06\/Supporting-Independent-businesses-placeholder-Ilseyar-2500.jpeg","datePublished":"2019-07-08T15:49:19+00:00","dateModified":"2025-06-23T09:49:57+00:00","description":"Starannie wybrana przez Annie Sloan sie\u0107 sprzedawc\u00f3w i niezale\u017cnych sklep\u00f3w.","inLanguage":"pl-PL","potentialAction":[{"@type":"ReadAction","target":["https:\/\/www.anniesloan.com\/pl\/sprzedawcy\/"]}]},{"@type":"ImageObject","inLanguage":"pl-PL","@id":"https:\/\/www.anniesloan.com\/pl\/sprzedawcy\/#primaryimage","url":"https:\/\/www.anniesloan.com\/pl\/wp-content\/uploads\/sites\/5\/2021\/06\/Supporting-Independent-businesses-placeholder-Ilseyar-2500.jpeg","contentUrl":"https:\/\/www.anniesloan.com\/pl\/wp-content\/uploads\/sites\/5\/2021\/06\/Supporting-Independent-businesses-placeholder-Ilseyar-2500.jpeg","width":1536,"height":1024,"caption":"Annie Sloan Stockist Ilseyar in her store with Chalk Paint\u00ae"},{"@type":"WebSite","@id":"https:\/\/www.anniesloan.com\/pl\/#website","url":"https:\/\/www.anniesloan.com\/pl\/","name":"Annie Sloan PL","description":"Home of Chalk Paint","potentialAction":[{"@type":"SearchAction","target":{"@type":"EntryPoint","urlTemplate":"https:\/\/www.anniesloan.com\/pl\/?s={search_term_string}"},"query-input":{"@type":"PropertyValueSpecification","valueRequired":true,"valueName":"search_term_string"}}],"inLanguage":"pl-PL"}]}},"_links":{"self":[{"href":"https:\/\/www.anniesloan.com\/pl\/wp-json\/wp\/v2\/pages\/22257","targetHints":{"allow":["GET"]}}],"collection":[{"href":"https:\/\/www.anniesloan.com\/pl\/wp-json\/wp\/v2\/pages"}],"about":[{"href":"https:\/\/www.anniesloan.com\/pl\/wp-json\/wp\/v2\/types\/page"}],"author":[{"embeddable":true,"href":"https:\/\/www.anniesloan.com\/pl\/wp-json\/wp\/v2\/users\/2"}],"replies":[{"embeddable":true,"href":"https:\/\/www.anniesloan.com\/pl\/wp-json\/wp\/v2\/comments?post=22257"}],"version-history":[{"count":0,"href":"https:\/\/www.anniesloan.com\/pl\/wp-json\/wp\/v2\/pages\/22257\/revisions"}],"wp:featuredmedia":[{"embeddable":true,"href":"https:\/\/www.anniesloan.com\/pl\/wp-json\/wp\/v2\/media\/25533"}],"wp:attachment":[{"href":"https:\/\/www.anniesloan.com\/pl\/wp-json\/wp\/v2\/media?parent=22257"}],"curies":[{"name":"wp","href":"https:\/\/api.w.org\/{rel}","templated":true}]}}