{"id":43622,"date":"2026-02-16T15:47:46","date_gmt":"2026-02-16T14:47:46","guid":{"rendered":"https:\/\/www.anniesloan.com\/eu\/?post_type=product&#038;p=133675"},"modified":"2026-03-27T18:00:55","modified_gmt":"2026-03-27T17:00:55","slug":"festival-de-couleur-avec-annie-sloan-et-amis","status":"publish","type":"product","link":"https:\/\/www.anniesloan.com\/fr\/produit\/evenements\/festival-de-couleur-avec-annie-sloan-et-amis\/","title":{"rendered":"Festival de Couleur  Avec Annie Sloan et amis"},"content":{"rendered":"","protected":false},"excerpt":{"rendered":"<h4>\u00c9v\u00e9nement d\u2019une journ\u00e9e<\/h4>\n<h4>Lundi 11 mai 2026<\/h4>\n<h4>Trier, Allemagne<\/h4>\n<p>Rejoignez Annie Sloan, inventrice de Chalk Paint\u2122, et ses amis pour une journ\u00e9e immersive de peinture de meubles, d\u00e9monstrations en direct, conseils d\u2019experts et inspiration cr\u00e9ative dans l\u2019une des plus belles villes d\u2019Allemagne \u2013 Trier.<\/p>\n<p>L\u2019\u00e9v\u00e9nement se tiendra \u00e0 la magnifique Acad\u00e9mie Europ\u00e9enne des Arts de Trier (EKA). Cette journ\u00e9e sp\u00e9ciale rassemble la communaut\u00e9 mondiale de Chalk Paint\u2122 pour une exp\u00e9rience vivante et pratique que vous n\u2019oublierez pas.<\/p>\n<p>C\u2019est votre chance de rencontrer Annie en personne, de voir des d\u00e9monstrations en direct de certains des meilleurs peintres d\u00e9coratifs europ\u00e9ens et de plonger plus profond\u00e9ment dans l\u2019univers Chalk Paint\u2122\u202f! Que vous soyez peintre confirm\u00e9\u00b7e ou d\u00e9butant\u00b7e curieux\u00b7se, cet \u00e9v\u00e9nement est fait pour vous\u202f!<\/p>\n<p><em>Complet ? Pas d\u2019inqui\u00e9tude ! Contactez-nous quand m\u00eame \u2014 nous ferons de notre mieux pour vous aider \u00e0 obtenir une place.<\/em><\/p>\n","protected":false},"featured_media":43725,"template":"","meta":{"_acf_changed":false,"_relevanssi_hide_post":"","_relevanssi_hide_content":"","_relevanssi_pin_for_all":"","_relevanssi_pin_keywords":"","_relevanssi_unpin_keywords":"","_relevanssi_related_keywords":"","_relevanssi_related_include_ids":"","_relevanssi_related_exclude_ids":"","_relevanssi_related_no_append":"","_relevanssi_related_not_related":"","_relevanssi_related_posts":"","_relevanssi_noindex_reason":""},"product_brand":[],"product_cat":[1313],"product_tag":[],"class_list":{"0":"post-43622","1":"product","2":"type-product","3":"status-publish","4":"has-post-thumbnail","6":"product_cat-evenements","8":"first","9":"instock","10":"taxable","11":"shipping-taxable","12":"purchasable","13":"product-type-variable"},"acf":[],"yoast_head":"<!-- This site is optimized with the Yoast SEO Premium plugin v26.5 (Yoast SEO v26.5) - https:\/\/yoast.com\/wordpress\/plugins\/seo\/ -->\n<title>Festival de Couleur Avec Annie Sloan et amis | Annie Sloan FR<\/title>\n<meta name=\"description\" content=\"Rejoignez Annie Sloan pour une journ\u00e9e de d\u00e9monstrations, conseils d\u2019experts et inspiration cr\u00e9ative \u00e0 Tr\u00e8ves, en Allemagne.\" \/>\n<meta name=\"robots\" content=\"index, follow, max-snippet:-1, max-image-preview:large, max-video-preview:-1\" \/>\n<link rel=\"canonical\" href=\"https:\/\/www.anniesloan.com\/fr\/produit\/evenements\/festival-de-couleur-avec-annie-sloan-et-amis\/\" \/>\n<meta property=\"og:locale\" content=\"fr_FR\" \/>\n<meta property=\"og:type\" content=\"article\" \/>\n<meta property=\"og:title\" content=\"Festival de Couleur Avec Annie Sloan et amis\" \/>\n<meta property=\"og:description\" content=\"Rejoignez Annie Sloan pour une journ\u00e9e de d\u00e9monstrations, conseils d\u2019experts et inspiration cr\u00e9ative \u00e0 Tr\u00e8ves, en Allemagne.\" \/>\n<meta property=\"og:url\" content=\"https:\/\/www.anniesloan.com\/fr\/produit\/evenements\/festival-de-couleur-avec-annie-sloan-et-amis\/\" \/>\n<meta property=\"og:site_name\" content=\"Annie Sloan FR\" \/>\n<meta property=\"article:modified_time\" content=\"2026-03-27T17:00:55+00:00\" \/>\n<meta property=\"og:image\" content=\"https:\/\/www.anniesloan.com\/fr\/wp-content\/uploads\/sites\/4\/2026\/02\/260022-Trier-Public-Day-May11-2026-asset-FR-1080x1350px.jpg\" \/>\n\t<meta property=\"og:image:width\" content=\"1080\" \/>\n\t<meta property=\"og:image:height\" content=\"1350\" \/>\n\t<meta property=\"og:image:type\" content=\"image\/jpeg\" \/>\n<meta name=\"twitter:card\" content=\"summary_large_image\" \/>\n<meta name=\"twitter:label1\" content=\"Availability\" \/>\n\t<meta name=\"twitter:data1\" content=\"In stock\" \/>\n<script type=\"application\/ld+json\" class=\"yoast-schema-graph\">{\"@context\":\"https:\/\/schema.org\",\"@graph\":[{\"@type\":\"WebPage\",\"@id\":\"https:\/\/www.anniesloan.com\/fr\/produit\/evenements\/festival-de-couleur-avec-annie-sloan-et-amis\/\",\"url\":\"https:\/\/www.anniesloan.com\/fr\/produit\/evenements\/festival-de-couleur-avec-annie-sloan-et-amis\/\",\"name\":\"Festival de Couleur Avec Annie Sloan et amis | Annie Sloan FR\",\"isPartOf\":{\"@id\":\"https:\/\/www.anniesloan.com\/fr\/#website\"},\"primaryImageOfPage\":{\"@id\":\"https:\/\/www.anniesloan.com\/fr\/produit\/evenements\/festival-de-couleur-avec-annie-sloan-et-amis\/#primaryimage\"},\"image\":{\"@id\":\"https:\/\/www.anniesloan.com\/fr\/produit\/evenements\/festival-de-couleur-avec-annie-sloan-et-amis\/#primaryimage\"},\"thumbnailUrl\":\"https:\/\/www.anniesloan.com\/fr\/wp-content\/uploads\/sites\/4\/2026\/02\/260022-Trier-Public-Day-May11-2026-asset-FR-1080x1350px.jpg\",\"datePublished\":\"2026-02-16T14:47:46+00:00\",\"dateModified\":\"2026-03-27T17:00:55+00:00\",\"description\":\"Rejoignez Annie Sloan pour une journ\u00e9e de d\u00e9monstrations, conseils d\u2019experts et inspiration cr\u00e9ative \u00e0 Tr\u00e8ves, en Allemagne.\",\"breadcrumb\":{\"@id\":\"https:\/\/www.anniesloan.com\/fr\/produit\/evenements\/festival-de-couleur-avec-annie-sloan-et-amis\/#breadcrumb\"},\"inLanguage\":\"fr-FR\",\"potentialAction\":[{\"@type\":\"ReadAction\",\"target\":[\"https:\/\/www.anniesloan.com\/fr\/produit\/evenements\/festival-de-couleur-avec-annie-sloan-et-amis\/\"]}]},{\"@type\":\"ImageObject\",\"inLanguage\":\"fr-FR\",\"@id\":\"https:\/\/www.anniesloan.com\/fr\/produit\/evenements\/festival-de-couleur-avec-annie-sloan-et-amis\/#primaryimage\",\"url\":\"https:\/\/www.anniesloan.com\/fr\/wp-content\/uploads\/sites\/4\/2026\/02\/260022-Trier-Public-Day-May11-2026-asset-FR-1080x1350px.jpg\",\"contentUrl\":\"https:\/\/www.anniesloan.com\/fr\/wp-content\/uploads\/sites\/4\/2026\/02\/260022-Trier-Public-Day-May11-2026-asset-FR-1080x1350px.jpg\",\"width\":1080,\"height\":1350},{\"@type\":\"BreadcrumbList\",\"@id\":\"https:\/\/www.anniesloan.com\/fr\/produit\/evenements\/festival-de-couleur-avec-annie-sloan-et-amis\/#breadcrumb\",\"itemListElement\":[{\"@type\":\"ListItem\",\"position\":1,\"name\":\"Produits\",\"item\":\"https:\/\/www.anniesloan.com\/fr\/produits\/\"},{\"@type\":\"ListItem\",\"position\":2,\"name\":\"\u00c9v\u00e9nements\",\"item\":\"https:\/\/www.anniesloan.com\/fr\/produits\/evenements\/\"},{\"@type\":\"ListItem\",\"position\":3,\"name\":\"Festival de Couleur Avec Annie Sloan et amis\"}]},{\"@type\":\"WebSite\",\"@id\":\"https:\/\/www.anniesloan.com\/fr\/#website\",\"url\":\"https:\/\/www.anniesloan.com\/fr\/\",\"name\":\"Annie Sloan FR\",\"description\":\"Home of Chalk Paint\",\"publisher\":{\"@id\":\"https:\/\/www.anniesloan.com\/fr\/#organization\"},\"potentialAction\":[{\"@type\":\"SearchAction\",\"target\":{\"@type\":\"EntryPoint\",\"urlTemplate\":\"https:\/\/www.anniesloan.com\/fr\/?s={search_term_string}\"},\"query-input\":{\"@type\":\"PropertyValueSpecification\",\"valueRequired\":true,\"valueName\":\"search_term_string\"}}],\"inLanguage\":\"fr-FR\"},{\"@type\":\"Organization\",\"@id\":\"https:\/\/www.anniesloan.com\/fr\/#organization\",\"name\":\"Annie Sloan\",\"url\":\"https:\/\/www.anniesloan.com\/fr\/\",\"logo\":{\"@type\":\"ImageObject\",\"inLanguage\":\"fr-FR\",\"@id\":\"https:\/\/www.anniesloan.com\/fr\/#\/schema\/logo\/image\/\",\"url\":\"https:\/\/www.anniesloan.com\/fr\/wp-content\/uploads\/sites\/4\/2021\/07\/anniesloan-logo.jpg\",\"contentUrl\":\"https:\/\/www.anniesloan.com\/fr\/wp-content\/uploads\/sites\/4\/2021\/07\/anniesloan-logo.jpg\",\"width\":1200,\"height\":361,\"caption\":\"Annie Sloan\"},\"image\":{\"@id\":\"https:\/\/www.anniesloan.com\/fr\/#\/schema\/logo\/image\/\"}}]}<\/script>\n<meta property=\"og:availability\" content=\"instock\" \/>\n<meta property=\"product:availability\" content=\"instock\" \/>\n<meta property=\"product:retailer_item_id\" content=\"FOC.2026TRI\" \/>\n<meta property=\"product:condition\" content=\"new\" \/>\n<!-- \/ Yoast SEO Premium plugin. -->","yoast_head_json":{"title":"Festival de Couleur Avec Annie Sloan et amis | Annie Sloan FR","description":"Rejoignez Annie Sloan pour une journ\u00e9e de d\u00e9monstrations, conseils d\u2019experts et inspiration cr\u00e9ative \u00e0 Tr\u00e8ves, en Allemagne.","robots":{"index":"index","follow":"follow","max-snippet":"max-snippet:-1","max-image-preview":"max-image-preview:large","max-video-preview":"max-video-preview:-1"},"canonical":"https:\/\/www.anniesloan.com\/fr\/produit\/evenements\/festival-de-couleur-avec-annie-sloan-et-amis\/","og_locale":"fr_FR","og_type":"article","og_title":"Festival de Couleur Avec Annie Sloan et amis","og_description":"Rejoignez Annie Sloan pour une journ\u00e9e de d\u00e9monstrations, conseils d\u2019experts et inspiration cr\u00e9ative \u00e0 Tr\u00e8ves, en Allemagne.","og_url":"https:\/\/www.anniesloan.com\/fr\/produit\/evenements\/festival-de-couleur-avec-annie-sloan-et-amis\/","og_site_name":"Annie Sloan FR","article_modified_time":"2026-03-27T17:00:55+00:00","og_image":[{"width":1080,"height":1350,"url":"https:\/\/www.anniesloan.com\/fr\/wp-content\/uploads\/sites\/4\/2026\/02\/260022-Trier-Public-Day-May11-2026-asset-FR-1080x1350px.jpg","type":"image\/jpeg"}],"twitter_card":"summary_large_image","twitter_misc":{"Availability":"In stock"},"schema":{"@context":"https:\/\/schema.org","@graph":[{"@type":"WebPage","@id":"https:\/\/www.anniesloan.com\/fr\/produit\/evenements\/festival-de-couleur-avec-annie-sloan-et-amis\/","url":"https:\/\/www.anniesloan.com\/fr\/produit\/evenements\/festival-de-couleur-avec-annie-sloan-et-amis\/","name":"Festival de Couleur Avec Annie Sloan et amis | Annie Sloan FR","isPartOf":{"@id":"https:\/\/www.anniesloan.com\/fr\/#website"},"primaryImageOfPage":{"@id":"https:\/\/www.anniesloan.com\/fr\/produit\/evenements\/festival-de-couleur-avec-annie-sloan-et-amis\/#primaryimage"},"image":{"@id":"https:\/\/www.anniesloan.com\/fr\/produit\/evenements\/festival-de-couleur-avec-annie-sloan-et-amis\/#primaryimage"},"thumbnailUrl":"https:\/\/www.anniesloan.com\/fr\/wp-content\/uploads\/sites\/4\/2026\/02\/260022-Trier-Public-Day-May11-2026-asset-FR-1080x1350px.jpg","datePublished":"2026-02-16T14:47:46+00:00","dateModified":"2026-03-27T17:00:55+00:00","description":"Rejoignez Annie Sloan pour une journ\u00e9e de d\u00e9monstrations, conseils d\u2019experts et inspiration cr\u00e9ative \u00e0 Tr\u00e8ves, en Allemagne.","breadcrumb":{"@id":"https:\/\/www.anniesloan.com\/fr\/produit\/evenements\/festival-de-couleur-avec-annie-sloan-et-amis\/#breadcrumb"},"inLanguage":"fr-FR","potentialAction":[{"@type":"ReadAction","target":["https:\/\/www.anniesloan.com\/fr\/produit\/evenements\/festival-de-couleur-avec-annie-sloan-et-amis\/"]}]},{"@type":"ImageObject","inLanguage":"fr-FR","@id":"https:\/\/www.anniesloan.com\/fr\/produit\/evenements\/festival-de-couleur-avec-annie-sloan-et-amis\/#primaryimage","url":"https:\/\/www.anniesloan.com\/fr\/wp-content\/uploads\/sites\/4\/2026\/02\/260022-Trier-Public-Day-May11-2026-asset-FR-1080x1350px.jpg","contentUrl":"https:\/\/www.anniesloan.com\/fr\/wp-content\/uploads\/sites\/4\/2026\/02\/260022-Trier-Public-Day-May11-2026-asset-FR-1080x1350px.jpg","width":1080,"height":1350},{"@type":"BreadcrumbList","@id":"https:\/\/www.anniesloan.com\/fr\/produit\/evenements\/festival-de-couleur-avec-annie-sloan-et-amis\/#breadcrumb","itemListElement":[{"@type":"ListItem","position":1,"name":"Produits","item":"https:\/\/www.anniesloan.com\/fr\/produits\/"},{"@type":"ListItem","position":2,"name":"\u00c9v\u00e9nements","item":"https:\/\/www.anniesloan.com\/fr\/produits\/evenements\/"},{"@type":"ListItem","position":3,"name":"Festival de Couleur Avec Annie Sloan et amis"}]},{"@type":"WebSite","@id":"https:\/\/www.anniesloan.com\/fr\/#website","url":"https:\/\/www.anniesloan.com\/fr\/","name":"Annie Sloan FR","description":"Home of Chalk Paint","publisher":{"@id":"https:\/\/www.anniesloan.com\/fr\/#organization"},"potentialAction":[{"@type":"SearchAction","target":{"@type":"EntryPoint","urlTemplate":"https:\/\/www.anniesloan.com\/fr\/?s={search_term_string}"},"query-input":{"@type":"PropertyValueSpecification","valueRequired":true,"valueName":"search_term_string"}}],"inLanguage":"fr-FR"},{"@type":"Organization","@id":"https:\/\/www.anniesloan.com\/fr\/#organization","name":"Annie Sloan","url":"https:\/\/www.anniesloan.com\/fr\/","logo":{"@type":"ImageObject","inLanguage":"fr-FR","@id":"https:\/\/www.anniesloan.com\/fr\/#\/schema\/logo\/image\/","url":"https:\/\/www.anniesloan.com\/fr\/wp-content\/uploads\/sites\/4\/2021\/07\/anniesloan-logo.jpg","contentUrl":"https:\/\/www.anniesloan.com\/fr\/wp-content\/uploads\/sites\/4\/2021\/07\/anniesloan-logo.jpg","width":1200,"height":361,"caption":"Annie Sloan"},"image":{"@id":"https:\/\/www.anniesloan.com\/fr\/#\/schema\/logo\/image\/"}}]},"og_availability":"instock","product_availability":"instock","product_retailer_item_id":"FOC.2026TRI","product_condition":"new"},"_links":{"self":[{"href":"https:\/\/www.anniesloan.com\/fr\/wp-json\/wp\/v2\/product\/43622","targetHints":{"allow":["GET"]}}],"collection":[{"href":"https:\/\/www.anniesloan.com\/fr\/wp-json\/wp\/v2\/product"}],"about":[{"href":"https:\/\/www.anniesloan.com\/fr\/wp-json\/wp\/v2\/types\/product"}],"wp:featuredmedia":[{"embeddable":true,"href":"https:\/\/www.anniesloan.com\/fr\/wp-json\/wp\/v2\/media\/43725"}],"wp:attachment":[{"href":"https:\/\/www.anniesloan.com\/fr\/wp-json\/wp\/v2\/media?parent=43622"}],"wp:term":[{"taxonomy":"product_brand","embeddable":true,"href":"https:\/\/www.anniesloan.com\/fr\/wp-json\/wp\/v2\/product_brand?post=43622"},{"taxonomy":"product_cat","embeddable":true,"href":"https:\/\/www.anniesloan.com\/fr\/wp-json\/wp\/v2\/product_cat?post=43622"},{"taxonomy":"product_tag","embeddable":true,"href":"https:\/\/www.anniesloan.com\/fr\/wp-json\/wp\/v2\/product_tag?post=43622"}],"curies":[{"name":"wp","href":"https:\/\/api.w.org\/{rel}","templated":true}]}}