{"id":43002,"date":"2025-09-29T09:59:32","date_gmt":"2025-09-29T07:59:32","guid":{"rendered":"https:\/\/www.anniesloan.com\/?post_type=product&#038;p=170574"},"modified":"2026-04-23T11:55:31","modified_gmt":"2026-04-23T09:55:31","slug":"annie-sloan-x-nicolette-tabram-pochoir-udaipur-collection-de-pochoirs-rajasthan","status":"publish","type":"product","link":"https:\/\/www.anniesloan.com\/fr\/produit\/pochoirs\/annie-sloan-x-nicolette-tabram-pochoir-udaipur-collection-de-pochoirs-rajasthan\/","title":{"rendered":"Annie Sloan x Nicolette Tabram Pochoir Udaipur \u2013 Collection de Pochoirs Rajasthan"},"content":{"rendered":"","protected":false},"excerpt":{"rendered":"<p>Ce pochoir de bordure porte le nom d\u2019<em>Udaipur<\/em>, une ville indienne r\u00e9put\u00e9e pour ses palais royaux.<\/p>\n<p>Les mod\u00e8les de cette collection sont inspir\u00e9s des voyages d\u2019Annie au Rajasthan, o\u00f9 nous organisons nos c\u00e9l\u00e8bres retraites de peinture. La Lotus Room du Palais de la Ville d\u2019Udaipur \u2013 d\u00e9cor\u00e9e de fresques peintes \u00e0 la main, du sol au plafond \u2013 a \u00e9t\u00e9 une inspiration d\u00e9cisive. D\u00e8s qu\u2019Annie a aper\u00e7u les motifs floraux stylis\u00e9s et les bordures raffin\u00e9es, elle a su qu\u2019ils formeraient des pochoirs sublimes.<\/p>\n<p>La designer Nicolette Tabram a su donner vie \u00e0 cette id\u00e9e.<\/p>\n<p><em><strong>Compl\u00e9tez la collection avec les mod\u00e8les Mewar et Bujera.<\/strong><\/em><\/p>\n","protected":false},"featured_media":43003,"template":"","meta":{"_acf_changed":false,"_relevanssi_hide_post":"","_relevanssi_hide_content":"","_relevanssi_pin_for_all":"","_relevanssi_pin_keywords":"","_relevanssi_unpin_keywords":"","_relevanssi_related_keywords":"","_relevanssi_related_include_ids":"","_relevanssi_related_exclude_ids":"","_relevanssi_related_no_append":"","_relevanssi_related_not_related":"","_relevanssi_related_posts":"","_relevanssi_noindex_reason":""},"product_brand":[],"product_cat":[58],"product_tag":[59],"class_list":{"0":"post-43002","1":"product","2":"type-product","3":"status-publish","4":"has-post-thumbnail","6":"product_cat-pochoirs","7":"product_tag-stencil","9":"first","10":"instock","11":"taxable","12":"shipping-taxable","13":"purchasable","14":"product-type-simple"},"acf":[],"yoast_head":"<!-- This site is optimized with the Yoast SEO Premium plugin v26.5 (Yoast SEO v26.5) - https:\/\/yoast.com\/wordpress\/plugins\/seo\/ -->\n<title>Annie Sloan x Nicolette Tabram Udaipur Stencil | Annie Sloan FR<\/title>\n<meta name=\"description\" content=\"Les mod\u00e8les de cette collection sont inspir\u00e9s des voyages d\u2019Annie au Rajasthan, o\u00f9 nous organisons nos c\u00e9l\u00e8bres retraites de peinture.\" \/>\n<meta name=\"robots\" content=\"index, follow, max-snippet:-1, max-image-preview:large, max-video-preview:-1\" \/>\n<link rel=\"canonical\" href=\"https:\/\/www.anniesloan.com\/fr\/produit\/pochoirs\/annie-sloan-x-nicolette-tabram-pochoir-udaipur-collection-de-pochoirs-rajasthan\/\" \/>\n<meta property=\"og:locale\" content=\"fr_FR\" \/>\n<meta property=\"og:type\" content=\"article\" \/>\n<meta property=\"og:title\" content=\"Annie Sloan x Nicolette Tabram Pochoir Udaipur \u2013 Collection de Pochoirs Rajasthan\" \/>\n<meta property=\"og:description\" content=\"Les mod\u00e8les de cette collection sont inspir\u00e9s des voyages d\u2019Annie au Rajasthan, o\u00f9 nous organisons nos c\u00e9l\u00e8bres retraites de peinture.\" \/>\n<meta property=\"og:url\" content=\"https:\/\/www.anniesloan.com\/fr\/produit\/pochoirs\/annie-sloan-x-nicolette-tabram-pochoir-udaipur-collection-de-pochoirs-rajasthan\/\" \/>\n<meta property=\"og:site_name\" content=\"Annie Sloan FR\" \/>\n<meta property=\"article:modified_time\" content=\"2026-04-23T09:55:31+00:00\" \/>\n<meta property=\"og:image\" content=\"https:\/\/www.anniesloan.com\/fr\/wp-content\/uploads\/sites\/4\/2025\/09\/Udaipur-Nicolette-AS-stencil-Measurments-992X1024.jpg\" \/>\n\t<meta property=\"og:image:width\" content=\"992\" \/>\n\t<meta property=\"og:image:height\" content=\"1024\" \/>\n\t<meta property=\"og:image:type\" content=\"image\/jpeg\" \/>\n<meta name=\"twitter:card\" content=\"summary_large_image\" \/>\n<meta name=\"twitter:label1\" content=\"Price\" \/>\n\t<meta name=\"twitter:data1\" content=\"24.95&euro;\" \/>\n\t<meta name=\"twitter:label2\" content=\"Availability\" \/>\n\t<meta name=\"twitter:data2\" content=\"In stock\" \/>\n<script type=\"application\/ld+json\" class=\"yoast-schema-graph\">{\"@context\":\"https:\/\/schema.org\",\"@graph\":[{\"@type\":\"WebPage\",\"@id\":\"https:\/\/www.anniesloan.com\/fr\/produit\/pochoirs\/annie-sloan-x-nicolette-tabram-pochoir-udaipur-collection-de-pochoirs-rajasthan\/\",\"url\":\"https:\/\/www.anniesloan.com\/fr\/produit\/pochoirs\/annie-sloan-x-nicolette-tabram-pochoir-udaipur-collection-de-pochoirs-rajasthan\/\",\"name\":\"Annie Sloan x Nicolette Tabram Udaipur Stencil | Annie Sloan FR\",\"isPartOf\":{\"@id\":\"https:\/\/www.anniesloan.com\/fr\/#website\"},\"primaryImageOfPage\":{\"@id\":\"https:\/\/www.anniesloan.com\/fr\/produit\/pochoirs\/annie-sloan-x-nicolette-tabram-pochoir-udaipur-collection-de-pochoirs-rajasthan\/#primaryimage\"},\"image\":{\"@id\":\"https:\/\/www.anniesloan.com\/fr\/produit\/pochoirs\/annie-sloan-x-nicolette-tabram-pochoir-udaipur-collection-de-pochoirs-rajasthan\/#primaryimage\"},\"thumbnailUrl\":\"https:\/\/www.anniesloan.com\/fr\/wp-content\/uploads\/sites\/4\/2025\/09\/Udaipur-Nicolette-AS-stencil-Measurments-992X1024.jpg\",\"datePublished\":\"2025-09-29T07:59:32+00:00\",\"dateModified\":\"2026-04-23T09:55:31+00:00\",\"description\":\"Les mod\u00e8les de cette collection sont inspir\u00e9s des voyages d\u2019Annie au Rajasthan, o\u00f9 nous organisons nos c\u00e9l\u00e8bres retraites de peinture.\",\"breadcrumb\":{\"@id\":\"https:\/\/www.anniesloan.com\/fr\/produit\/pochoirs\/annie-sloan-x-nicolette-tabram-pochoir-udaipur-collection-de-pochoirs-rajasthan\/#breadcrumb\"},\"inLanguage\":\"fr-FR\",\"potentialAction\":[{\"@type\":\"ReadAction\",\"target\":[\"https:\/\/www.anniesloan.com\/fr\/produit\/pochoirs\/annie-sloan-x-nicolette-tabram-pochoir-udaipur-collection-de-pochoirs-rajasthan\/\"]}]},{\"@type\":\"ImageObject\",\"inLanguage\":\"fr-FR\",\"@id\":\"https:\/\/www.anniesloan.com\/fr\/produit\/pochoirs\/annie-sloan-x-nicolette-tabram-pochoir-udaipur-collection-de-pochoirs-rajasthan\/#primaryimage\",\"url\":\"https:\/\/www.anniesloan.com\/fr\/wp-content\/uploads\/sites\/4\/2025\/09\/Udaipur-Nicolette-AS-stencil-Measurments-992X1024.jpg\",\"contentUrl\":\"https:\/\/www.anniesloan.com\/fr\/wp-content\/uploads\/sites\/4\/2025\/09\/Udaipur-Nicolette-AS-stencil-Measurments-992X1024.jpg\",\"width\":992,\"height\":1024,\"caption\":\"Udaipur-Nicolette-AS-stencil\"},{\"@type\":\"BreadcrumbList\",\"@id\":\"https:\/\/www.anniesloan.com\/fr\/produit\/pochoirs\/annie-sloan-x-nicolette-tabram-pochoir-udaipur-collection-de-pochoirs-rajasthan\/#breadcrumb\",\"itemListElement\":[{\"@type\":\"ListItem\",\"position\":1,\"name\":\"Produits\",\"item\":\"https:\/\/www.anniesloan.com\/fr\/produits\/\"},{\"@type\":\"ListItem\",\"position\":2,\"name\":\"Pochoirs\",\"item\":\"https:\/\/www.anniesloan.com\/fr\/produits\/pochoirs\/\"},{\"@type\":\"ListItem\",\"position\":3,\"name\":\"Annie Sloan x Nicolette Tabram Pochoir Udaipur \u2013 Collection de Pochoirs Rajasthan\"}]},{\"@type\":\"WebSite\",\"@id\":\"https:\/\/www.anniesloan.com\/fr\/#website\",\"url\":\"https:\/\/www.anniesloan.com\/fr\/\",\"name\":\"Annie Sloan FR\",\"description\":\"Home of Chalk Paint\",\"publisher\":{\"@id\":\"https:\/\/www.anniesloan.com\/fr\/#organization\"},\"potentialAction\":[{\"@type\":\"SearchAction\",\"target\":{\"@type\":\"EntryPoint\",\"urlTemplate\":\"https:\/\/www.anniesloan.com\/fr\/?s={search_term_string}\"},\"query-input\":{\"@type\":\"PropertyValueSpecification\",\"valueRequired\":true,\"valueName\":\"search_term_string\"}}],\"inLanguage\":\"fr-FR\"},{\"@type\":\"Organization\",\"@id\":\"https:\/\/www.anniesloan.com\/fr\/#organization\",\"name\":\"Annie Sloan\",\"url\":\"https:\/\/www.anniesloan.com\/fr\/\",\"logo\":{\"@type\":\"ImageObject\",\"inLanguage\":\"fr-FR\",\"@id\":\"https:\/\/www.anniesloan.com\/fr\/#\/schema\/logo\/image\/\",\"url\":\"https:\/\/www.anniesloan.com\/fr\/wp-content\/uploads\/sites\/4\/2021\/07\/anniesloan-logo.jpg\",\"contentUrl\":\"https:\/\/www.anniesloan.com\/fr\/wp-content\/uploads\/sites\/4\/2021\/07\/anniesloan-logo.jpg\",\"width\":1200,\"height\":361,\"caption\":\"Annie Sloan\"},\"image\":{\"@id\":\"https:\/\/www.anniesloan.com\/fr\/#\/schema\/logo\/image\/\"}}]}<\/script>\n<meta property=\"product:price:amount\" content=\"24.95\" \/>\n<meta property=\"product:price:currency\" content=\"EUR\" \/>\n<meta property=\"og:availability\" content=\"instock\" \/>\n<meta property=\"product:availability\" content=\"instock\" \/>\n<meta property=\"product:retailer_item_id\" content=\"SUDA001.0001.01\" \/>\n<meta property=\"product:condition\" content=\"new\" \/>\n<!-- \/ Yoast SEO Premium plugin. -->","yoast_head_json":{"title":"Annie Sloan x Nicolette Tabram Udaipur Stencil | Annie Sloan FR","description":"Les mod\u00e8les de cette collection sont inspir\u00e9s des voyages d\u2019Annie au Rajasthan, o\u00f9 nous organisons nos c\u00e9l\u00e8bres retraites de peinture.","robots":{"index":"index","follow":"follow","max-snippet":"max-snippet:-1","max-image-preview":"max-image-preview:large","max-video-preview":"max-video-preview:-1"},"canonical":"https:\/\/www.anniesloan.com\/fr\/produit\/pochoirs\/annie-sloan-x-nicolette-tabram-pochoir-udaipur-collection-de-pochoirs-rajasthan\/","og_locale":"fr_FR","og_type":"article","og_title":"Annie Sloan x Nicolette Tabram Pochoir Udaipur \u2013 Collection de Pochoirs Rajasthan","og_description":"Les mod\u00e8les de cette collection sont inspir\u00e9s des voyages d\u2019Annie au Rajasthan, o\u00f9 nous organisons nos c\u00e9l\u00e8bres retraites de peinture.","og_url":"https:\/\/www.anniesloan.com\/fr\/produit\/pochoirs\/annie-sloan-x-nicolette-tabram-pochoir-udaipur-collection-de-pochoirs-rajasthan\/","og_site_name":"Annie Sloan FR","article_modified_time":"2026-04-23T09:55:31+00:00","og_image":[{"width":992,"height":1024,"url":"https:\/\/www.anniesloan.com\/fr\/wp-content\/uploads\/sites\/4\/2025\/09\/Udaipur-Nicolette-AS-stencil-Measurments-992X1024.jpg","type":"image\/jpeg"}],"twitter_card":"summary_large_image","twitter_misc":{"Price":"24.95&euro;","Availability":"In stock"},"schema":{"@context":"https:\/\/schema.org","@graph":[{"@type":"WebPage","@id":"https:\/\/www.anniesloan.com\/fr\/produit\/pochoirs\/annie-sloan-x-nicolette-tabram-pochoir-udaipur-collection-de-pochoirs-rajasthan\/","url":"https:\/\/www.anniesloan.com\/fr\/produit\/pochoirs\/annie-sloan-x-nicolette-tabram-pochoir-udaipur-collection-de-pochoirs-rajasthan\/","name":"Annie Sloan x Nicolette Tabram Udaipur Stencil | Annie Sloan FR","isPartOf":{"@id":"https:\/\/www.anniesloan.com\/fr\/#website"},"primaryImageOfPage":{"@id":"https:\/\/www.anniesloan.com\/fr\/produit\/pochoirs\/annie-sloan-x-nicolette-tabram-pochoir-udaipur-collection-de-pochoirs-rajasthan\/#primaryimage"},"image":{"@id":"https:\/\/www.anniesloan.com\/fr\/produit\/pochoirs\/annie-sloan-x-nicolette-tabram-pochoir-udaipur-collection-de-pochoirs-rajasthan\/#primaryimage"},"thumbnailUrl":"https:\/\/www.anniesloan.com\/fr\/wp-content\/uploads\/sites\/4\/2025\/09\/Udaipur-Nicolette-AS-stencil-Measurments-992X1024.jpg","datePublished":"2025-09-29T07:59:32+00:00","dateModified":"2026-04-23T09:55:31+00:00","description":"Les mod\u00e8les de cette collection sont inspir\u00e9s des voyages d\u2019Annie au Rajasthan, o\u00f9 nous organisons nos c\u00e9l\u00e8bres retraites de peinture.","breadcrumb":{"@id":"https:\/\/www.anniesloan.com\/fr\/produit\/pochoirs\/annie-sloan-x-nicolette-tabram-pochoir-udaipur-collection-de-pochoirs-rajasthan\/#breadcrumb"},"inLanguage":"fr-FR","potentialAction":[{"@type":"ReadAction","target":["https:\/\/www.anniesloan.com\/fr\/produit\/pochoirs\/annie-sloan-x-nicolette-tabram-pochoir-udaipur-collection-de-pochoirs-rajasthan\/"]}]},{"@type":"ImageObject","inLanguage":"fr-FR","@id":"https:\/\/www.anniesloan.com\/fr\/produit\/pochoirs\/annie-sloan-x-nicolette-tabram-pochoir-udaipur-collection-de-pochoirs-rajasthan\/#primaryimage","url":"https:\/\/www.anniesloan.com\/fr\/wp-content\/uploads\/sites\/4\/2025\/09\/Udaipur-Nicolette-AS-stencil-Measurments-992X1024.jpg","contentUrl":"https:\/\/www.anniesloan.com\/fr\/wp-content\/uploads\/sites\/4\/2025\/09\/Udaipur-Nicolette-AS-stencil-Measurments-992X1024.jpg","width":992,"height":1024,"caption":"Udaipur-Nicolette-AS-stencil"},{"@type":"BreadcrumbList","@id":"https:\/\/www.anniesloan.com\/fr\/produit\/pochoirs\/annie-sloan-x-nicolette-tabram-pochoir-udaipur-collection-de-pochoirs-rajasthan\/#breadcrumb","itemListElement":[{"@type":"ListItem","position":1,"name":"Produits","item":"https:\/\/www.anniesloan.com\/fr\/produits\/"},{"@type":"ListItem","position":2,"name":"Pochoirs","item":"https:\/\/www.anniesloan.com\/fr\/produits\/pochoirs\/"},{"@type":"ListItem","position":3,"name":"Annie Sloan x Nicolette Tabram Pochoir Udaipur \u2013 Collection de Pochoirs Rajasthan"}]},{"@type":"WebSite","@id":"https:\/\/www.anniesloan.com\/fr\/#website","url":"https:\/\/www.anniesloan.com\/fr\/","name":"Annie Sloan FR","description":"Home of Chalk Paint","publisher":{"@id":"https:\/\/www.anniesloan.com\/fr\/#organization"},"potentialAction":[{"@type":"SearchAction","target":{"@type":"EntryPoint","urlTemplate":"https:\/\/www.anniesloan.com\/fr\/?s={search_term_string}"},"query-input":{"@type":"PropertyValueSpecification","valueRequired":true,"valueName":"search_term_string"}}],"inLanguage":"fr-FR"},{"@type":"Organization","@id":"https:\/\/www.anniesloan.com\/fr\/#organization","name":"Annie Sloan","url":"https:\/\/www.anniesloan.com\/fr\/","logo":{"@type":"ImageObject","inLanguage":"fr-FR","@id":"https:\/\/www.anniesloan.com\/fr\/#\/schema\/logo\/image\/","url":"https:\/\/www.anniesloan.com\/fr\/wp-content\/uploads\/sites\/4\/2021\/07\/anniesloan-logo.jpg","contentUrl":"https:\/\/www.anniesloan.com\/fr\/wp-content\/uploads\/sites\/4\/2021\/07\/anniesloan-logo.jpg","width":1200,"height":361,"caption":"Annie Sloan"},"image":{"@id":"https:\/\/www.anniesloan.com\/fr\/#\/schema\/logo\/image\/"}}]},"product_price_amount":"24.95","product_price_currency":"EUR","og_availability":"instock","product_availability":"instock","product_retailer_item_id":"SUDA001.0001.01","product_condition":"new"},"_links":{"self":[{"href":"https:\/\/www.anniesloan.com\/fr\/wp-json\/wp\/v2\/product\/43002","targetHints":{"allow":["GET"]}}],"collection":[{"href":"https:\/\/www.anniesloan.com\/fr\/wp-json\/wp\/v2\/product"}],"about":[{"href":"https:\/\/www.anniesloan.com\/fr\/wp-json\/wp\/v2\/types\/product"}],"wp:featuredmedia":[{"embeddable":true,"href":"https:\/\/www.anniesloan.com\/fr\/wp-json\/wp\/v2\/media\/43003"}],"wp:attachment":[{"href":"https:\/\/www.anniesloan.com\/fr\/wp-json\/wp\/v2\/media?parent=43002"}],"wp:term":[{"taxonomy":"product_brand","embeddable":true,"href":"https:\/\/www.anniesloan.com\/fr\/wp-json\/wp\/v2\/product_brand?post=43002"},{"taxonomy":"product_cat","embeddable":true,"href":"https:\/\/www.anniesloan.com\/fr\/wp-json\/wp\/v2\/product_cat?post=43002"},{"taxonomy":"product_tag","embeddable":true,"href":"https:\/\/www.anniesloan.com\/fr\/wp-json\/wp\/v2\/product_tag?post=43002"}],"curies":[{"name":"wp","href":"https:\/\/api.w.org\/{rel}","templated":true}]}}