{"id":42642,"date":"2025-06-10T11:22:13","date_gmt":"2025-06-10T10:22:13","guid":{"rendered":"https:\/\/www.anniesloan.com\/?post_type=product&#038;p=166960"},"modified":"2026-05-01T19:55:27","modified_gmt":"2026-05-01T17:55:27","slug":"metallic-paint-118ml-traditional-gold","status":"publish","type":"product","link":"https:\/\/www.anniesloan.com\/fr\/produit\/cires-et-finitions\/metallic-paint-118ml-traditional-gold\/","title":{"rendered":"Peinture M\u00e9tallique 118\u202fml \u2013 Or Traditionnel"},"content":{"rendered":"","protected":false},"excerpt":{"rendered":"<div class=\"TypographyPresentation TypographyPresentation--medium RichText3-paragraph--withVSpacingNormal RichText3-paragraph HighlightSol HighlightSol--buildingBlock\">\n<div class=\"TypographyPresentation TypographyPresentation--medium RichText3-paragraph--withVSpacingNormal RichText3-paragraph HighlightSol HighlightSol--buildingBlock\">\n<p>La peinture m\u00e9tallique Annie Sloan apporte une touche d\u2019opulence \u00e0 vos projets cr\u00e9atifs.<\/p>\n<p>Facile \u00e0 appliquer et \u00e0 base d\u2019eau, cette peinture dor\u00e9e convient aussi bien aux meubles qu\u2019aux murs. Elle offre une finition satin\u00e9e, lumineuse et \u00e9l\u00e9gante. En jouant sur le nombre de couches, vous pouvez obtenir diff\u00e9rents effets : une seule couche procure un voile subtil et translucide, tandis que deux couches offrent un rendu opaque et raffin\u00e9.<\/p>\n<p>La teinte \u00ab Or Traditionnel \u00bb est un dor\u00e9 chaleureux et patin\u00e9, inspir\u00e9 des int\u00e9rieurs les plus embl\u00e9matiques au monde. Cette nuance douce \u00e9voque l\u2019\u00e9l\u00e9gance intemporelle et le charme vintage.<\/p>\n<\/div>\n<p class=\"TypographyPresentation TypographyPresentation--medium RichText3-paragraph--withVSpacingNormal RichText3-paragraph HighlightSol HighlightSol--buildingBlock\">\n<\/div>\n","protected":false},"featured_media":42643,"template":"","meta":{"_acf_changed":false,"_relevanssi_hide_post":"","_relevanssi_hide_content":"","_relevanssi_pin_for_all":"","_relevanssi_pin_keywords":"","_relevanssi_unpin_keywords":"","_relevanssi_related_keywords":"","_relevanssi_related_include_ids":"","_relevanssi_related_exclude_ids":"","_relevanssi_related_no_append":"","_relevanssi_related_not_related":"","_relevanssi_related_posts":"","_relevanssi_noindex_reason":""},"product_brand":[],"product_cat":[44],"product_tag":[1252,1253,1254,1255],"class_list":{"0":"post-42642","1":"product","2":"type-product","3":"status-publish","4":"has-post-thumbnail","6":"product_cat-cires-et-finitions","7":"product_tag-gold","8":"product_tag-metallic","9":"product_tag-metallic-paint","10":"product_tag-traditional-gold","12":"first","13":"instock","14":"taxable","15":"shipping-taxable","16":"purchasable","17":"product-type-simple"},"acf":[],"yoast_head":"<!-- This site is optimized with the Yoast SEO Premium plugin v26.5 (Yoast SEO v26.5) - https:\/\/yoast.com\/wordpress\/plugins\/seo\/ -->\n<title>Peinture M\u00e9tallique 118\u202fml \u2013 Or Traditionnel | Annie Sloan FR<\/title>\n<meta name=\"description\" content=\"Facile \u00e0 appliquer et \u00e0 base d\u2019eau, cette peinture dor\u00e9e convient aussi bien aux meubles qu\u2019aux murs. Elle offre une finition satin\u00e9e, lumineuse et \u00e9l\u00e9gante\" \/>\n<meta name=\"robots\" content=\"index, follow, max-snippet:-1, max-image-preview:large, max-video-preview:-1\" \/>\n<link rel=\"canonical\" href=\"https:\/\/www.anniesloan.com\/fr\/produit\/cires-et-finitions\/metallic-paint-118ml-traditional-gold\/\" \/>\n<meta property=\"og:locale\" content=\"fr_FR\" \/>\n<meta property=\"og:type\" content=\"article\" \/>\n<meta property=\"og:title\" content=\"Peinture M\u00e9tallique 118\u202fml \u2013 Or Traditionnel\" \/>\n<meta property=\"og:description\" content=\"Facile \u00e0 appliquer et \u00e0 base d\u2019eau, cette peinture dor\u00e9e convient aussi bien aux meubles qu\u2019aux murs. Elle offre une finition satin\u00e9e, lumineuse et \u00e9l\u00e9gante\" \/>\n<meta property=\"og:url\" content=\"https:\/\/www.anniesloan.com\/fr\/produit\/cires-et-finitions\/metallic-paint-118ml-traditional-gold\/\" \/>\n<meta property=\"og:site_name\" content=\"Annie Sloan FR\" \/>\n<meta property=\"article:modified_time\" content=\"2026-05-01T17:55:27+00:00\" \/>\n<meta property=\"og:image\" content=\"https:\/\/www.anniesloan.com\/fr\/wp-content\/uploads\/sites\/4\/2025\/06\/250190-Metallic-Paint-118ml-Closed-280x1024px.jpg\" \/>\n\t<meta property=\"og:image:width\" content=\"992\" \/>\n\t<meta property=\"og:image:height\" content=\"1024\" \/>\n\t<meta property=\"og:image:type\" content=\"image\/jpeg\" \/>\n<meta name=\"twitter:card\" content=\"summary_large_image\" \/>\n<meta name=\"twitter:label1\" content=\"Price\" \/>\n\t<meta name=\"twitter:data1\" content=\"15.95&euro;\" \/>\n\t<meta name=\"twitter:label2\" content=\"Availability\" \/>\n\t<meta name=\"twitter:data2\" content=\"In stock\" \/>\n<script type=\"application\/ld+json\" class=\"yoast-schema-graph\">{\"@context\":\"https:\/\/schema.org\",\"@graph\":[{\"@type\":\"WebPage\",\"@id\":\"https:\/\/www.anniesloan.com\/fr\/produit\/cires-et-finitions\/metallic-paint-118ml-traditional-gold\/\",\"url\":\"https:\/\/www.anniesloan.com\/fr\/produit\/cires-et-finitions\/metallic-paint-118ml-traditional-gold\/\",\"name\":\"Peinture M\u00e9tallique 118\u202fml \u2013 Or Traditionnel | Annie Sloan FR\",\"isPartOf\":{\"@id\":\"https:\/\/www.anniesloan.com\/fr\/#website\"},\"primaryImageOfPage\":{\"@id\":\"https:\/\/www.anniesloan.com\/fr\/produit\/cires-et-finitions\/metallic-paint-118ml-traditional-gold\/#primaryimage\"},\"image\":{\"@id\":\"https:\/\/www.anniesloan.com\/fr\/produit\/cires-et-finitions\/metallic-paint-118ml-traditional-gold\/#primaryimage\"},\"thumbnailUrl\":\"https:\/\/www.anniesloan.com\/fr\/wp-content\/uploads\/sites\/4\/2025\/06\/250190-Metallic-Paint-118ml-Closed-280x1024px.jpg\",\"datePublished\":\"2025-06-10T10:22:13+00:00\",\"dateModified\":\"2026-05-01T17:55:27+00:00\",\"description\":\"Facile \u00e0 appliquer et \u00e0 base d\u2019eau, cette peinture dor\u00e9e convient aussi bien aux meubles qu\u2019aux murs. Elle offre une finition satin\u00e9e, lumineuse et \u00e9l\u00e9gante\",\"breadcrumb\":{\"@id\":\"https:\/\/www.anniesloan.com\/fr\/produit\/cires-et-finitions\/metallic-paint-118ml-traditional-gold\/#breadcrumb\"},\"inLanguage\":\"fr-FR\",\"potentialAction\":[{\"@type\":\"ReadAction\",\"target\":[\"https:\/\/www.anniesloan.com\/fr\/produit\/cires-et-finitions\/metallic-paint-118ml-traditional-gold\/\"]}]},{\"@type\":\"ImageObject\",\"inLanguage\":\"fr-FR\",\"@id\":\"https:\/\/www.anniesloan.com\/fr\/produit\/cires-et-finitions\/metallic-paint-118ml-traditional-gold\/#primaryimage\",\"url\":\"https:\/\/www.anniesloan.com\/fr\/wp-content\/uploads\/sites\/4\/2025\/06\/250190-Metallic-Paint-118ml-Closed-280x1024px.jpg\",\"contentUrl\":\"https:\/\/www.anniesloan.com\/fr\/wp-content\/uploads\/sites\/4\/2025\/06\/250190-Metallic-Paint-118ml-Closed-280x1024px.jpg\",\"width\":992,\"height\":1024,\"caption\":\"Annie Sloan - Metallic Paint 118ml tin\"},{\"@type\":\"BreadcrumbList\",\"@id\":\"https:\/\/www.anniesloan.com\/fr\/produit\/cires-et-finitions\/metallic-paint-118ml-traditional-gold\/#breadcrumb\",\"itemListElement\":[{\"@type\":\"ListItem\",\"position\":1,\"name\":\"Produits\",\"item\":\"https:\/\/www.anniesloan.com\/fr\/produits\/\"},{\"@type\":\"ListItem\",\"position\":2,\"name\":\"Cires et finitions\",\"item\":\"https:\/\/www.anniesloan.com\/fr\/produits\/cires-et-finitions\/\"},{\"@type\":\"ListItem\",\"position\":3,\"name\":\"Peinture M\u00e9tallique 118\u202fml \u2013 Or Traditionnel\"}]},{\"@type\":\"WebSite\",\"@id\":\"https:\/\/www.anniesloan.com\/fr\/#website\",\"url\":\"https:\/\/www.anniesloan.com\/fr\/\",\"name\":\"Annie Sloan FR\",\"description\":\"Home of Chalk Paint\",\"publisher\":{\"@id\":\"https:\/\/www.anniesloan.com\/fr\/#organization\"},\"potentialAction\":[{\"@type\":\"SearchAction\",\"target\":{\"@type\":\"EntryPoint\",\"urlTemplate\":\"https:\/\/www.anniesloan.com\/fr\/?s={search_term_string}\"},\"query-input\":{\"@type\":\"PropertyValueSpecification\",\"valueRequired\":true,\"valueName\":\"search_term_string\"}}],\"inLanguage\":\"fr-FR\"},{\"@type\":\"Organization\",\"@id\":\"https:\/\/www.anniesloan.com\/fr\/#organization\",\"name\":\"Annie Sloan\",\"url\":\"https:\/\/www.anniesloan.com\/fr\/\",\"logo\":{\"@type\":\"ImageObject\",\"inLanguage\":\"fr-FR\",\"@id\":\"https:\/\/www.anniesloan.com\/fr\/#\/schema\/logo\/image\/\",\"url\":\"https:\/\/www.anniesloan.com\/fr\/wp-content\/uploads\/sites\/4\/2021\/07\/anniesloan-logo.jpg\",\"contentUrl\":\"https:\/\/www.anniesloan.com\/fr\/wp-content\/uploads\/sites\/4\/2021\/07\/anniesloan-logo.jpg\",\"width\":1200,\"height\":361,\"caption\":\"Annie Sloan\"},\"image\":{\"@id\":\"https:\/\/www.anniesloan.com\/fr\/#\/schema\/logo\/image\/\"}}]}<\/script>\n<meta property=\"product:price:amount\" content=\"15.95\" \/>\n<meta property=\"product:price:currency\" content=\"EUR\" \/>\n<meta property=\"og:availability\" content=\"instock\" \/>\n<meta property=\"product:availability\" content=\"instock\" \/>\n<meta property=\"product:retailer_item_id\" content=\"MPTG001.1002.01\" \/>\n<meta property=\"product:condition\" content=\"new\" \/>\n<!-- \/ Yoast SEO Premium plugin. -->","yoast_head_json":{"title":"Peinture M\u00e9tallique 118\u202fml \u2013 Or Traditionnel | Annie Sloan FR","description":"Facile \u00e0 appliquer et \u00e0 base d\u2019eau, cette peinture dor\u00e9e convient aussi bien aux meubles qu\u2019aux murs. Elle offre une finition satin\u00e9e, lumineuse et \u00e9l\u00e9gante","robots":{"index":"index","follow":"follow","max-snippet":"max-snippet:-1","max-image-preview":"max-image-preview:large","max-video-preview":"max-video-preview:-1"},"canonical":"https:\/\/www.anniesloan.com\/fr\/produit\/cires-et-finitions\/metallic-paint-118ml-traditional-gold\/","og_locale":"fr_FR","og_type":"article","og_title":"Peinture M\u00e9tallique 118\u202fml \u2013 Or Traditionnel","og_description":"Facile \u00e0 appliquer et \u00e0 base d\u2019eau, cette peinture dor\u00e9e convient aussi bien aux meubles qu\u2019aux murs. Elle offre une finition satin\u00e9e, lumineuse et \u00e9l\u00e9gante","og_url":"https:\/\/www.anniesloan.com\/fr\/produit\/cires-et-finitions\/metallic-paint-118ml-traditional-gold\/","og_site_name":"Annie Sloan FR","article_modified_time":"2026-05-01T17:55:27+00:00","og_image":[{"width":992,"height":1024,"url":"https:\/\/www.anniesloan.com\/fr\/wp-content\/uploads\/sites\/4\/2025\/06\/250190-Metallic-Paint-118ml-Closed-280x1024px.jpg","type":"image\/jpeg"}],"twitter_card":"summary_large_image","twitter_misc":{"Price":"15.95&euro;","Availability":"In stock"},"schema":{"@context":"https:\/\/schema.org","@graph":[{"@type":"WebPage","@id":"https:\/\/www.anniesloan.com\/fr\/produit\/cires-et-finitions\/metallic-paint-118ml-traditional-gold\/","url":"https:\/\/www.anniesloan.com\/fr\/produit\/cires-et-finitions\/metallic-paint-118ml-traditional-gold\/","name":"Peinture M\u00e9tallique 118\u202fml \u2013 Or Traditionnel | Annie Sloan FR","isPartOf":{"@id":"https:\/\/www.anniesloan.com\/fr\/#website"},"primaryImageOfPage":{"@id":"https:\/\/www.anniesloan.com\/fr\/produit\/cires-et-finitions\/metallic-paint-118ml-traditional-gold\/#primaryimage"},"image":{"@id":"https:\/\/www.anniesloan.com\/fr\/produit\/cires-et-finitions\/metallic-paint-118ml-traditional-gold\/#primaryimage"},"thumbnailUrl":"https:\/\/www.anniesloan.com\/fr\/wp-content\/uploads\/sites\/4\/2025\/06\/250190-Metallic-Paint-118ml-Closed-280x1024px.jpg","datePublished":"2025-06-10T10:22:13+00:00","dateModified":"2026-05-01T17:55:27+00:00","description":"Facile \u00e0 appliquer et \u00e0 base d\u2019eau, cette peinture dor\u00e9e convient aussi bien aux meubles qu\u2019aux murs. Elle offre une finition satin\u00e9e, lumineuse et \u00e9l\u00e9gante","breadcrumb":{"@id":"https:\/\/www.anniesloan.com\/fr\/produit\/cires-et-finitions\/metallic-paint-118ml-traditional-gold\/#breadcrumb"},"inLanguage":"fr-FR","potentialAction":[{"@type":"ReadAction","target":["https:\/\/www.anniesloan.com\/fr\/produit\/cires-et-finitions\/metallic-paint-118ml-traditional-gold\/"]}]},{"@type":"ImageObject","inLanguage":"fr-FR","@id":"https:\/\/www.anniesloan.com\/fr\/produit\/cires-et-finitions\/metallic-paint-118ml-traditional-gold\/#primaryimage","url":"https:\/\/www.anniesloan.com\/fr\/wp-content\/uploads\/sites\/4\/2025\/06\/250190-Metallic-Paint-118ml-Closed-280x1024px.jpg","contentUrl":"https:\/\/www.anniesloan.com\/fr\/wp-content\/uploads\/sites\/4\/2025\/06\/250190-Metallic-Paint-118ml-Closed-280x1024px.jpg","width":992,"height":1024,"caption":"Annie Sloan - Metallic Paint 118ml tin"},{"@type":"BreadcrumbList","@id":"https:\/\/www.anniesloan.com\/fr\/produit\/cires-et-finitions\/metallic-paint-118ml-traditional-gold\/#breadcrumb","itemListElement":[{"@type":"ListItem","position":1,"name":"Produits","item":"https:\/\/www.anniesloan.com\/fr\/produits\/"},{"@type":"ListItem","position":2,"name":"Cires et finitions","item":"https:\/\/www.anniesloan.com\/fr\/produits\/cires-et-finitions\/"},{"@type":"ListItem","position":3,"name":"Peinture M\u00e9tallique 118\u202fml \u2013 Or Traditionnel"}]},{"@type":"WebSite","@id":"https:\/\/www.anniesloan.com\/fr\/#website","url":"https:\/\/www.anniesloan.com\/fr\/","name":"Annie Sloan FR","description":"Home of Chalk Paint","publisher":{"@id":"https:\/\/www.anniesloan.com\/fr\/#organization"},"potentialAction":[{"@type":"SearchAction","target":{"@type":"EntryPoint","urlTemplate":"https:\/\/www.anniesloan.com\/fr\/?s={search_term_string}"},"query-input":{"@type":"PropertyValueSpecification","valueRequired":true,"valueName":"search_term_string"}}],"inLanguage":"fr-FR"},{"@type":"Organization","@id":"https:\/\/www.anniesloan.com\/fr\/#organization","name":"Annie Sloan","url":"https:\/\/www.anniesloan.com\/fr\/","logo":{"@type":"ImageObject","inLanguage":"fr-FR","@id":"https:\/\/www.anniesloan.com\/fr\/#\/schema\/logo\/image\/","url":"https:\/\/www.anniesloan.com\/fr\/wp-content\/uploads\/sites\/4\/2021\/07\/anniesloan-logo.jpg","contentUrl":"https:\/\/www.anniesloan.com\/fr\/wp-content\/uploads\/sites\/4\/2021\/07\/anniesloan-logo.jpg","width":1200,"height":361,"caption":"Annie Sloan"},"image":{"@id":"https:\/\/www.anniesloan.com\/fr\/#\/schema\/logo\/image\/"}}]},"product_price_amount":"15.95","product_price_currency":"EUR","og_availability":"instock","product_availability":"instock","product_retailer_item_id":"MPTG001.1002.01","product_condition":"new"},"_links":{"self":[{"href":"https:\/\/www.anniesloan.com\/fr\/wp-json\/wp\/v2\/product\/42642","targetHints":{"allow":["GET"]}}],"collection":[{"href":"https:\/\/www.anniesloan.com\/fr\/wp-json\/wp\/v2\/product"}],"about":[{"href":"https:\/\/www.anniesloan.com\/fr\/wp-json\/wp\/v2\/types\/product"}],"wp:featuredmedia":[{"embeddable":true,"href":"https:\/\/www.anniesloan.com\/fr\/wp-json\/wp\/v2\/media\/42643"}],"wp:attachment":[{"href":"https:\/\/www.anniesloan.com\/fr\/wp-json\/wp\/v2\/media?parent=42642"}],"wp:term":[{"taxonomy":"product_brand","embeddable":true,"href":"https:\/\/www.anniesloan.com\/fr\/wp-json\/wp\/v2\/product_brand?post=42642"},{"taxonomy":"product_cat","embeddable":true,"href":"https:\/\/www.anniesloan.com\/fr\/wp-json\/wp\/v2\/product_cat?post=42642"},{"taxonomy":"product_tag","embeddable":true,"href":"https:\/\/www.anniesloan.com\/fr\/wp-json\/wp\/v2\/product_tag?post=42642"}],"curies":[{"name":"wp","href":"https:\/\/api.w.org\/{rel}","templated":true}]}}