{"id":42351,"date":"2024-10-10T12:01:34","date_gmt":"2024-10-10T11:01:34","guid":{"rendered":"https:\/\/www.anniesloan.com\/?post_type=product&#038;p=160158"},"modified":"2026-02-13T08:55:24","modified_gmt":"2026-02-13T07:55:24","slug":"annie-sloan-pochette-pour-pinceaux","status":"publish","type":"product","link":"https:\/\/www.anniesloan.com\/fr\/produit\/pinceaux-et-outils\/annie-sloan-pochette-pour-pinceaux\/","title":{"rendered":"Annie Sloan Pochette pour pinceaux"},"content":{"rendered":"","protected":false},"excerpt":{"rendered":"<p class=\"p4\">Gardez vos essentiels de peinture organis\u00e9s et bien prot\u00e9g\u00e9s gr\u00e2ce \u00e0 la pochette pour pinceaux sign\u00e9e Annie Sloan. Confectionn\u00e9e dans une toile \u00e9paisse de coton biologique bross\u00e9, cette pochette souple allie durabilit\u00e9 et \u00e9l\u00e9gance. Elle est dot\u00e9e d\u2019une fermeture zipp\u00e9e robuste et d\u2019un ext\u00e9rieur au design raffin\u00e9, fid\u00e8le \u00e0 l\u2019esth\u00e9tique embl\u00e9matique d\u2019Annie Sloan.<\/p>\n<p class=\"p4\">Fabriqu\u00e9e \u00e0 partir de coton 100 % biologique, cette toile haut de gamme respecte \u00e0 la fois l\u2019environnement et vos outils cr\u00e9atifs. Avec son espace g\u00e9n\u00e9reux, elle peut accueillir des pinceaux de diff\u00e9rentes tailles, tout en les gardant bien rang\u00e9s et facilement accessibles.<\/p>\n<p class=\"p4\">Sublimez votre pratique artistique avec cette pochette \u00e9coresponsable \u2013 l\u2019alliance parfaite entre praticit\u00e9, conscience \u00e9cologique et style.<\/p>\n","protected":false},"featured_media":42352,"template":"","meta":{"_acf_changed":false,"_relevanssi_hide_post":"","_relevanssi_hide_content":"","_relevanssi_pin_for_all":"","_relevanssi_pin_keywords":"","_relevanssi_unpin_keywords":"","_relevanssi_related_keywords":"","_relevanssi_related_include_ids":"","_relevanssi_related_exclude_ids":"","_relevanssi_related_no_append":"","_relevanssi_related_not_related":"","_relevanssi_related_posts":"","_relevanssi_noindex_reason":""},"product_brand":[],"product_cat":[57,65,1168,1170,1169],"product_tag":[1245],"class_list":{"0":"post-42351","1":"product","2":"type-product","3":"status-publish","4":"has-post-thumbnail","6":"product_cat-pinceaux-et-outils","7":"product_cat-cadeaux-et-coffrets","8":"product_cat-cadeaux-a-moins-de-30-e","9":"product_cat-cadeaux-a-moins-de-50-e","10":"product_cat-idees-pour-la-hotte-de-noel","11":"product_tag-brushes","13":"first","14":"instock","15":"taxable","16":"shipping-taxable","17":"purchasable","18":"product-type-simple"},"acf":[],"yoast_head":"<!-- This site is optimized with the Yoast SEO Premium plugin v26.5 (Yoast SEO v26.5) - https:\/\/yoast.com\/wordpress\/plugins\/seo\/ -->\n<title>Annie Sloan Pochette pour pinceaux | Annie Sloan<\/title>\n<meta name=\"description\" content=\"Gardez vos essentiels de peinture organis\u00e9s et bien prot\u00e9g\u00e9s gr\u00e2ce \u00e0 la pochette pour pinceaux sign\u00e9e Annie Sloan.\" \/>\n<meta name=\"robots\" content=\"index, follow, max-snippet:-1, max-image-preview:large, max-video-preview:-1\" \/>\n<link rel=\"canonical\" href=\"https:\/\/www.anniesloan.com\/fr\/produit\/pinceaux-et-outils\/annie-sloan-pochette-pour-pinceaux\/\" \/>\n<meta property=\"og:locale\" content=\"fr_FR\" \/>\n<meta property=\"og:type\" content=\"article\" \/>\n<meta property=\"og:title\" content=\"Annie Sloan Pochette pour pinceaux\" \/>\n<meta property=\"og:description\" content=\"Gardez vos essentiels de peinture organis\u00e9s et bien prot\u00e9g\u00e9s gr\u00e2ce \u00e0 la pochette pour pinceaux sign\u00e9e Annie Sloan.\" \/>\n<meta property=\"og:url\" content=\"https:\/\/www.anniesloan.com\/fr\/produit\/pinceaux-et-outils\/annie-sloan-pochette-pour-pinceaux\/\" \/>\n<meta property=\"og:site_name\" content=\"Annie Sloan FR\" \/>\n<meta property=\"article:modified_time\" content=\"2026-02-13T07:55:24+00:00\" \/>\n<meta property=\"og:image\" content=\"https:\/\/www.anniesloan.com\/fr\/wp-content\/uploads\/sites\/4\/2025\/04\/Pouch-with-brushes-CFC-1280\u200a\u00d7\u200a1024.png\" \/>\n\t<meta property=\"og:image:width\" content=\"1280\" \/>\n\t<meta property=\"og:image:height\" content=\"1024\" \/>\n\t<meta property=\"og:image:type\" content=\"image\/png\" \/>\n<meta name=\"twitter:card\" content=\"summary_large_image\" \/>\n<meta name=\"twitter:label1\" content=\"Price\" \/>\n\t<meta name=\"twitter:data1\" content=\"18.95&euro;\" \/>\n\t<meta name=\"twitter:label2\" content=\"Availability\" \/>\n\t<meta name=\"twitter:data2\" content=\"In stock\" \/>\n<script type=\"application\/ld+json\" class=\"yoast-schema-graph\">{\"@context\":\"https:\/\/schema.org\",\"@graph\":[{\"@type\":\"WebPage\",\"@id\":\"https:\/\/www.anniesloan.com\/fr\/produit\/pinceaux-et-outils\/annie-sloan-pochette-pour-pinceaux\/\",\"url\":\"https:\/\/www.anniesloan.com\/fr\/produit\/pinceaux-et-outils\/annie-sloan-pochette-pour-pinceaux\/\",\"name\":\"Annie Sloan Pochette pour pinceaux | Annie Sloan\",\"isPartOf\":{\"@id\":\"https:\/\/www.anniesloan.com\/fr\/#website\"},\"primaryImageOfPage\":{\"@id\":\"https:\/\/www.anniesloan.com\/fr\/produit\/pinceaux-et-outils\/annie-sloan-pochette-pour-pinceaux\/#primaryimage\"},\"image\":{\"@id\":\"https:\/\/www.anniesloan.com\/fr\/produit\/pinceaux-et-outils\/annie-sloan-pochette-pour-pinceaux\/#primaryimage\"},\"thumbnailUrl\":\"https:\/\/www.anniesloan.com\/fr\/wp-content\/uploads\/sites\/4\/2025\/04\/Pouch-with-brushes-CFC-1280\u200a\u00d7\u200a1024.png\",\"datePublished\":\"2024-10-10T11:01:34+00:00\",\"dateModified\":\"2026-02-13T07:55:24+00:00\",\"description\":\"Gardez vos essentiels de peinture organis\u00e9s et bien prot\u00e9g\u00e9s gr\u00e2ce \u00e0 la pochette pour pinceaux sign\u00e9e Annie Sloan.\",\"breadcrumb\":{\"@id\":\"https:\/\/www.anniesloan.com\/fr\/produit\/pinceaux-et-outils\/annie-sloan-pochette-pour-pinceaux\/#breadcrumb\"},\"inLanguage\":\"fr-FR\",\"potentialAction\":[{\"@type\":\"ReadAction\",\"target\":[\"https:\/\/www.anniesloan.com\/fr\/produit\/pinceaux-et-outils\/annie-sloan-pochette-pour-pinceaux\/\"]}]},{\"@type\":\"ImageObject\",\"inLanguage\":\"fr-FR\",\"@id\":\"https:\/\/www.anniesloan.com\/fr\/produit\/pinceaux-et-outils\/annie-sloan-pochette-pour-pinceaux\/#primaryimage\",\"url\":\"https:\/\/www.anniesloan.com\/fr\/wp-content\/uploads\/sites\/4\/2025\/04\/Pouch-with-brushes-CFC-1280\u200a\u00d7\u200a1024.png\",\"contentUrl\":\"https:\/\/www.anniesloan.com\/fr\/wp-content\/uploads\/sites\/4\/2025\/04\/Pouch-with-brushes-CFC-1280\u200a\u00d7\u200a1024.png\",\"width\":1280,\"height\":1024,\"caption\":\"Annie Sloan brush pouch\"},{\"@type\":\"BreadcrumbList\",\"@id\":\"https:\/\/www.anniesloan.com\/fr\/produit\/pinceaux-et-outils\/annie-sloan-pochette-pour-pinceaux\/#breadcrumb\",\"itemListElement\":[{\"@type\":\"ListItem\",\"position\":1,\"name\":\"Produits\",\"item\":\"https:\/\/www.anniesloan.com\/fr\/produits\/\"},{\"@type\":\"ListItem\",\"position\":2,\"name\":\"Pinceaux et outils\",\"item\":\"https:\/\/www.anniesloan.com\/fr\/produits\/pinceaux-et-outils\/\"},{\"@type\":\"ListItem\",\"position\":3,\"name\":\"Annie Sloan Pochette pour pinceaux\"}]},{\"@type\":\"WebSite\",\"@id\":\"https:\/\/www.anniesloan.com\/fr\/#website\",\"url\":\"https:\/\/www.anniesloan.com\/fr\/\",\"name\":\"Annie Sloan FR\",\"description\":\"Home of Chalk Paint\",\"publisher\":{\"@id\":\"https:\/\/www.anniesloan.com\/fr\/#organization\"},\"potentialAction\":[{\"@type\":\"SearchAction\",\"target\":{\"@type\":\"EntryPoint\",\"urlTemplate\":\"https:\/\/www.anniesloan.com\/fr\/?s={search_term_string}\"},\"query-input\":{\"@type\":\"PropertyValueSpecification\",\"valueRequired\":true,\"valueName\":\"search_term_string\"}}],\"inLanguage\":\"fr-FR\"},{\"@type\":\"Organization\",\"@id\":\"https:\/\/www.anniesloan.com\/fr\/#organization\",\"name\":\"Annie Sloan\",\"url\":\"https:\/\/www.anniesloan.com\/fr\/\",\"logo\":{\"@type\":\"ImageObject\",\"inLanguage\":\"fr-FR\",\"@id\":\"https:\/\/www.anniesloan.com\/fr\/#\/schema\/logo\/image\/\",\"url\":\"https:\/\/www.anniesloan.com\/fr\/wp-content\/uploads\/sites\/4\/2021\/07\/anniesloan-logo.jpg\",\"contentUrl\":\"https:\/\/www.anniesloan.com\/fr\/wp-content\/uploads\/sites\/4\/2021\/07\/anniesloan-logo.jpg\",\"width\":1200,\"height\":361,\"caption\":\"Annie Sloan\"},\"image\":{\"@id\":\"https:\/\/www.anniesloan.com\/fr\/#\/schema\/logo\/image\/\"}}]}<\/script>\n<meta property=\"product:price:amount\" content=\"18.95\" \/>\n<meta property=\"product:price:currency\" content=\"EUR\" \/>\n<meta property=\"og:availability\" content=\"instock\" \/>\n<meta property=\"product:availability\" content=\"instock\" \/>\n<meta property=\"product:retailer_item_id\" content=\"GWIA0000BRUPOU0001\" \/>\n<meta property=\"product:condition\" content=\"new\" \/>\n<!-- \/ Yoast SEO Premium plugin. -->","yoast_head_json":{"title":"Annie Sloan Pochette pour pinceaux | Annie Sloan","description":"Gardez vos essentiels de peinture organis\u00e9s et bien prot\u00e9g\u00e9s gr\u00e2ce \u00e0 la pochette pour pinceaux sign\u00e9e Annie Sloan.","robots":{"index":"index","follow":"follow","max-snippet":"max-snippet:-1","max-image-preview":"max-image-preview:large","max-video-preview":"max-video-preview:-1"},"canonical":"https:\/\/www.anniesloan.com\/fr\/produit\/pinceaux-et-outils\/annie-sloan-pochette-pour-pinceaux\/","og_locale":"fr_FR","og_type":"article","og_title":"Annie Sloan Pochette pour pinceaux","og_description":"Gardez vos essentiels de peinture organis\u00e9s et bien prot\u00e9g\u00e9s gr\u00e2ce \u00e0 la pochette pour pinceaux sign\u00e9e Annie Sloan.","og_url":"https:\/\/www.anniesloan.com\/fr\/produit\/pinceaux-et-outils\/annie-sloan-pochette-pour-pinceaux\/","og_site_name":"Annie Sloan FR","article_modified_time":"2026-02-13T07:55:24+00:00","og_image":[{"width":1280,"height":1024,"url":"https:\/\/www.anniesloan.com\/fr\/wp-content\/uploads\/sites\/4\/2025\/04\/Pouch-with-brushes-CFC-1280\u200a\u00d7\u200a1024.png","type":"image\/png"}],"twitter_card":"summary_large_image","twitter_misc":{"Price":"18.95&euro;","Availability":"In stock"},"schema":{"@context":"https:\/\/schema.org","@graph":[{"@type":"WebPage","@id":"https:\/\/www.anniesloan.com\/fr\/produit\/pinceaux-et-outils\/annie-sloan-pochette-pour-pinceaux\/","url":"https:\/\/www.anniesloan.com\/fr\/produit\/pinceaux-et-outils\/annie-sloan-pochette-pour-pinceaux\/","name":"Annie Sloan Pochette pour pinceaux | Annie Sloan","isPartOf":{"@id":"https:\/\/www.anniesloan.com\/fr\/#website"},"primaryImageOfPage":{"@id":"https:\/\/www.anniesloan.com\/fr\/produit\/pinceaux-et-outils\/annie-sloan-pochette-pour-pinceaux\/#primaryimage"},"image":{"@id":"https:\/\/www.anniesloan.com\/fr\/produit\/pinceaux-et-outils\/annie-sloan-pochette-pour-pinceaux\/#primaryimage"},"thumbnailUrl":"https:\/\/www.anniesloan.com\/fr\/wp-content\/uploads\/sites\/4\/2025\/04\/Pouch-with-brushes-CFC-1280\u200a\u00d7\u200a1024.png","datePublished":"2024-10-10T11:01:34+00:00","dateModified":"2026-02-13T07:55:24+00:00","description":"Gardez vos essentiels de peinture organis\u00e9s et bien prot\u00e9g\u00e9s gr\u00e2ce \u00e0 la pochette pour pinceaux sign\u00e9e Annie Sloan.","breadcrumb":{"@id":"https:\/\/www.anniesloan.com\/fr\/produit\/pinceaux-et-outils\/annie-sloan-pochette-pour-pinceaux\/#breadcrumb"},"inLanguage":"fr-FR","potentialAction":[{"@type":"ReadAction","target":["https:\/\/www.anniesloan.com\/fr\/produit\/pinceaux-et-outils\/annie-sloan-pochette-pour-pinceaux\/"]}]},{"@type":"ImageObject","inLanguage":"fr-FR","@id":"https:\/\/www.anniesloan.com\/fr\/produit\/pinceaux-et-outils\/annie-sloan-pochette-pour-pinceaux\/#primaryimage","url":"https:\/\/www.anniesloan.com\/fr\/wp-content\/uploads\/sites\/4\/2025\/04\/Pouch-with-brushes-CFC-1280\u200a\u00d7\u200a1024.png","contentUrl":"https:\/\/www.anniesloan.com\/fr\/wp-content\/uploads\/sites\/4\/2025\/04\/Pouch-with-brushes-CFC-1280\u200a\u00d7\u200a1024.png","width":1280,"height":1024,"caption":"Annie Sloan brush pouch"},{"@type":"BreadcrumbList","@id":"https:\/\/www.anniesloan.com\/fr\/produit\/pinceaux-et-outils\/annie-sloan-pochette-pour-pinceaux\/#breadcrumb","itemListElement":[{"@type":"ListItem","position":1,"name":"Produits","item":"https:\/\/www.anniesloan.com\/fr\/produits\/"},{"@type":"ListItem","position":2,"name":"Pinceaux et outils","item":"https:\/\/www.anniesloan.com\/fr\/produits\/pinceaux-et-outils\/"},{"@type":"ListItem","position":3,"name":"Annie Sloan Pochette pour pinceaux"}]},{"@type":"WebSite","@id":"https:\/\/www.anniesloan.com\/fr\/#website","url":"https:\/\/www.anniesloan.com\/fr\/","name":"Annie Sloan FR","description":"Home of Chalk Paint","publisher":{"@id":"https:\/\/www.anniesloan.com\/fr\/#organization"},"potentialAction":[{"@type":"SearchAction","target":{"@type":"EntryPoint","urlTemplate":"https:\/\/www.anniesloan.com\/fr\/?s={search_term_string}"},"query-input":{"@type":"PropertyValueSpecification","valueRequired":true,"valueName":"search_term_string"}}],"inLanguage":"fr-FR"},{"@type":"Organization","@id":"https:\/\/www.anniesloan.com\/fr\/#organization","name":"Annie Sloan","url":"https:\/\/www.anniesloan.com\/fr\/","logo":{"@type":"ImageObject","inLanguage":"fr-FR","@id":"https:\/\/www.anniesloan.com\/fr\/#\/schema\/logo\/image\/","url":"https:\/\/www.anniesloan.com\/fr\/wp-content\/uploads\/sites\/4\/2021\/07\/anniesloan-logo.jpg","contentUrl":"https:\/\/www.anniesloan.com\/fr\/wp-content\/uploads\/sites\/4\/2021\/07\/anniesloan-logo.jpg","width":1200,"height":361,"caption":"Annie Sloan"},"image":{"@id":"https:\/\/www.anniesloan.com\/fr\/#\/schema\/logo\/image\/"}}]},"product_price_amount":"18.95","product_price_currency":"EUR","og_availability":"instock","product_availability":"instock","product_retailer_item_id":"GWIA0000BRUPOU0001","product_condition":"new"},"_links":{"self":[{"href":"https:\/\/www.anniesloan.com\/fr\/wp-json\/wp\/v2\/product\/42351","targetHints":{"allow":["GET"]}}],"collection":[{"href":"https:\/\/www.anniesloan.com\/fr\/wp-json\/wp\/v2\/product"}],"about":[{"href":"https:\/\/www.anniesloan.com\/fr\/wp-json\/wp\/v2\/types\/product"}],"wp:featuredmedia":[{"embeddable":true,"href":"https:\/\/www.anniesloan.com\/fr\/wp-json\/wp\/v2\/media\/42352"}],"wp:attachment":[{"href":"https:\/\/www.anniesloan.com\/fr\/wp-json\/wp\/v2\/media?parent=42351"}],"wp:term":[{"taxonomy":"product_brand","embeddable":true,"href":"https:\/\/www.anniesloan.com\/fr\/wp-json\/wp\/v2\/product_brand?post=42351"},{"taxonomy":"product_cat","embeddable":true,"href":"https:\/\/www.anniesloan.com\/fr\/wp-json\/wp\/v2\/product_cat?post=42351"},{"taxonomy":"product_tag","embeddable":true,"href":"https:\/\/www.anniesloan.com\/fr\/wp-json\/wp\/v2\/product_tag?post=42351"}],"curies":[{"name":"wp","href":"https:\/\/api.w.org\/{rel}","templated":true}]}}