{"id":38308,"date":"2022-11-03T15:55:47","date_gmt":"2022-11-03T14:55:47","guid":{"rendered":"https:\/\/www.anniesloan.com\/fr\/?post_type=product&#038;p=38308"},"modified":"2026-03-24T14:55:38","modified_gmt":"2026-03-24T13:55:38","slug":"kit-cadeau-verre-de-murano","status":"publish","type":"product","link":"https:\/\/www.anniesloan.com\/fr\/produit\/cadeaux-et-coffrets\/kit-cadeau-verre-de-murano\/","title":{"rendered":"Kit cadeau Verre de Murano"},"content":{"rendered":"","protected":false},"excerpt":{"rendered":"<p>\u00c0 l\u2019aide des conseils d\u2019Annie et de l\u2019\u00e9ventail de couleurs Chalk Paint\u2122, red\u00e9couvrez votre cr\u00e9ativit\u00e9 et d\u00e9corez du verre \u00e0 la fa\u00e7on des c\u00e9l\u00e8bres verriers de Murano.<\/p>\n<p>Ce kit cr\u00e9atif Verre de Murano contient deux de nos couleurs froides les plus pris\u00e9es de la gamme Chalk Paint\u2122, Napoleonic Blue et Florence, auxquelles vient s\u2019ajouter notre peinture m\u00e9tallis\u00e9e effet or exclusive, Traditional Gold.<\/p>\n","protected":false},"featured_media":38310,"template":"","meta":{"_acf_changed":false,"_relevanssi_hide_post":"","_relevanssi_hide_content":"","_relevanssi_pin_for_all":"","_relevanssi_pin_keywords":"","_relevanssi_unpin_keywords":"","_relevanssi_related_keywords":"","_relevanssi_related_include_ids":"","_relevanssi_related_exclude_ids":"","_relevanssi_related_no_append":"","_relevanssi_related_not_related":"","_relevanssi_related_posts":"","_relevanssi_noindex_reason":""},"product_brand":[],"product_cat":[65,1170,1167],"product_tag":[],"class_list":{"0":"post-38308","1":"product","2":"type-product","3":"status-publish","4":"has-post-thumbnail","6":"product_cat-cadeaux-et-coffrets","7":"product_cat-cadeaux-a-moins-de-50-e","8":"product_cat-sale","10":"first","11":"instock","12":"sale","13":"taxable","14":"shipping-taxable","15":"purchasable","16":"product-type-simple"},"acf":[],"yoast_head":"<!-- This site is optimized with the Yoast SEO Premium plugin v26.5 (Yoast SEO v26.5) - https:\/\/yoast.com\/wordpress\/plugins\/seo\/ -->\n<title>Kit cadeau Verre de Murano | Annie Sloan FR<\/title>\n<meta name=\"description\" content=\"\u00c0 l\u2019aide des conseils d\u2019Annie red\u00e9couvrez, votre cr\u00e9ativit\u00e9 et d\u00e9corez du verre \u00e0 la fa\u00e7on des c\u00e9l\u00e8bres verriers de Murano.\" \/>\n<meta name=\"robots\" content=\"index, follow, max-snippet:-1, max-image-preview:large, max-video-preview:-1\" \/>\n<link rel=\"canonical\" href=\"https:\/\/www.anniesloan.com\/fr\/produit\/cadeaux-et-coffrets\/kit-cadeau-verre-de-murano\/\" \/>\n<meta property=\"og:locale\" content=\"fr_FR\" \/>\n<meta property=\"og:type\" content=\"article\" \/>\n<meta property=\"og:title\" content=\"Kit cadeau Verre de Murano\" \/>\n<meta property=\"og:description\" content=\"\u00c0 l\u2019aide des conseils d\u2019Annie red\u00e9couvrez, votre cr\u00e9ativit\u00e9 et d\u00e9corez du verre \u00e0 la fa\u00e7on des c\u00e9l\u00e8bres verriers de Murano.\" \/>\n<meta property=\"og:url\" content=\"https:\/\/www.anniesloan.com\/fr\/produit\/cadeaux-et-coffrets\/kit-cadeau-verre-de-murano\/\" \/>\n<meta property=\"og:site_name\" content=\"Annie Sloan FR\" \/>\n<meta property=\"article:modified_time\" content=\"2026-03-24T13:55:38+00:00\" \/>\n<meta property=\"og:image\" content=\"https:\/\/www.anniesloan.com\/fr\/wp-content\/uploads\/sites\/4\/2022\/11\/220327-WEB-PaintBoxKit-VisualMockUp-MuranoGlass-002-WhiteBackground.jpg\" \/>\n\t<meta property=\"og:image:width\" content=\"1920\" \/>\n\t<meta property=\"og:image:height\" content=\"1280\" \/>\n\t<meta property=\"og:image:type\" content=\"image\/jpeg\" \/>\n<meta name=\"twitter:card\" content=\"summary_large_image\" \/>\n<meta name=\"twitter:label1\" content=\"Price\" \/>\n\t<meta name=\"twitter:data1\" content=\"34.95&euro;\" \/>\n\t<meta name=\"twitter:label2\" content=\"Availability\" \/>\n\t<meta name=\"twitter:data2\" content=\"In stock\" \/>\n<script type=\"application\/ld+json\" class=\"yoast-schema-graph\">{\"@context\":\"https:\/\/schema.org\",\"@graph\":[{\"@type\":\"WebPage\",\"@id\":\"https:\/\/www.anniesloan.com\/fr\/produit\/cadeaux-et-coffrets\/kit-cadeau-verre-de-murano\/\",\"url\":\"https:\/\/www.anniesloan.com\/fr\/produit\/cadeaux-et-coffrets\/kit-cadeau-verre-de-murano\/\",\"name\":\"Kit cadeau Verre de Murano | Annie Sloan FR\",\"isPartOf\":{\"@id\":\"https:\/\/www.anniesloan.com\/fr\/#website\"},\"primaryImageOfPage\":{\"@id\":\"https:\/\/www.anniesloan.com\/fr\/produit\/cadeaux-et-coffrets\/kit-cadeau-verre-de-murano\/#primaryimage\"},\"image\":{\"@id\":\"https:\/\/www.anniesloan.com\/fr\/produit\/cadeaux-et-coffrets\/kit-cadeau-verre-de-murano\/#primaryimage\"},\"thumbnailUrl\":\"https:\/\/www.anniesloan.com\/fr\/wp-content\/uploads\/sites\/4\/2022\/11\/220327-WEB-PaintBoxKit-VisualMockUp-MuranoGlass-002-WhiteBackground.jpg\",\"datePublished\":\"2022-11-03T14:55:47+00:00\",\"dateModified\":\"2026-03-24T13:55:38+00:00\",\"description\":\"\u00c0 l\u2019aide des conseils d\u2019Annie red\u00e9couvrez, votre cr\u00e9ativit\u00e9 et d\u00e9corez du verre \u00e0 la fa\u00e7on des c\u00e9l\u00e8bres verriers de Murano.\",\"breadcrumb\":{\"@id\":\"https:\/\/www.anniesloan.com\/fr\/produit\/cadeaux-et-coffrets\/kit-cadeau-verre-de-murano\/#breadcrumb\"},\"inLanguage\":\"fr-FR\",\"potentialAction\":[{\"@type\":\"ReadAction\",\"target\":[\"https:\/\/www.anniesloan.com\/fr\/produit\/cadeaux-et-coffrets\/kit-cadeau-verre-de-murano\/\"]}]},{\"@type\":\"ImageObject\",\"inLanguage\":\"fr-FR\",\"@id\":\"https:\/\/www.anniesloan.com\/fr\/produit\/cadeaux-et-coffrets\/kit-cadeau-verre-de-murano\/#primaryimage\",\"url\":\"https:\/\/www.anniesloan.com\/fr\/wp-content\/uploads\/sites\/4\/2022\/11\/220327-WEB-PaintBoxKit-VisualMockUp-MuranoGlass-002-WhiteBackground.jpg\",\"contentUrl\":\"https:\/\/www.anniesloan.com\/fr\/wp-content\/uploads\/sites\/4\/2022\/11\/220327-WEB-PaintBoxKit-VisualMockUp-MuranoGlass-002-WhiteBackground.jpg\",\"width\":1920,\"height\":1280,\"caption\":\"Annie Sloan Murano Glass Gift Kit Product Image\"},{\"@type\":\"BreadcrumbList\",\"@id\":\"https:\/\/www.anniesloan.com\/fr\/produit\/cadeaux-et-coffrets\/kit-cadeau-verre-de-murano\/#breadcrumb\",\"itemListElement\":[{\"@type\":\"ListItem\",\"position\":1,\"name\":\"Produits\",\"item\":\"https:\/\/www.anniesloan.com\/fr\/produits\/\"},{\"@type\":\"ListItem\",\"position\":2,\"name\":\"Cadeaux et coffrets\",\"item\":\"https:\/\/www.anniesloan.com\/fr\/produits\/cadeaux-et-coffrets\/\"},{\"@type\":\"ListItem\",\"position\":3,\"name\":\"Kit cadeau Verre de Murano\"}]},{\"@type\":\"WebSite\",\"@id\":\"https:\/\/www.anniesloan.com\/fr\/#website\",\"url\":\"https:\/\/www.anniesloan.com\/fr\/\",\"name\":\"Annie Sloan FR\",\"description\":\"Home of Chalk Paint\",\"publisher\":{\"@id\":\"https:\/\/www.anniesloan.com\/fr\/#organization\"},\"potentialAction\":[{\"@type\":\"SearchAction\",\"target\":{\"@type\":\"EntryPoint\",\"urlTemplate\":\"https:\/\/www.anniesloan.com\/fr\/?s={search_term_string}\"},\"query-input\":{\"@type\":\"PropertyValueSpecification\",\"valueRequired\":true,\"valueName\":\"search_term_string\"}}],\"inLanguage\":\"fr-FR\"},{\"@type\":\"Organization\",\"@id\":\"https:\/\/www.anniesloan.com\/fr\/#organization\",\"name\":\"Annie Sloan\",\"url\":\"https:\/\/www.anniesloan.com\/fr\/\",\"logo\":{\"@type\":\"ImageObject\",\"inLanguage\":\"fr-FR\",\"@id\":\"https:\/\/www.anniesloan.com\/fr\/#\/schema\/logo\/image\/\",\"url\":\"https:\/\/www.anniesloan.com\/fr\/wp-content\/uploads\/sites\/4\/2021\/07\/anniesloan-logo.jpg\",\"contentUrl\":\"https:\/\/www.anniesloan.com\/fr\/wp-content\/uploads\/sites\/4\/2021\/07\/anniesloan-logo.jpg\",\"width\":1200,\"height\":361,\"caption\":\"Annie Sloan\"},\"image\":{\"@id\":\"https:\/\/www.anniesloan.com\/fr\/#\/schema\/logo\/image\/\"}}]}<\/script>\n<meta property=\"product:price:amount\" content=\"34.95\" \/>\n<meta property=\"product:price:currency\" content=\"EUR\" \/>\n<meta property=\"og:availability\" content=\"instock\" \/>\n<meta property=\"product:availability\" content=\"instock\" \/>\n<meta property=\"product:retailer_item_id\" content=\"GBMG001.XXXX.01\" \/>\n<meta property=\"product:condition\" content=\"new\" \/>\n<!-- \/ Yoast SEO Premium plugin. -->","yoast_head_json":{"title":"Kit cadeau Verre de Murano | Annie Sloan FR","description":"\u00c0 l\u2019aide des conseils d\u2019Annie red\u00e9couvrez, votre cr\u00e9ativit\u00e9 et d\u00e9corez du verre \u00e0 la fa\u00e7on des c\u00e9l\u00e8bres verriers de Murano.","robots":{"index":"index","follow":"follow","max-snippet":"max-snippet:-1","max-image-preview":"max-image-preview:large","max-video-preview":"max-video-preview:-1"},"canonical":"https:\/\/www.anniesloan.com\/fr\/produit\/cadeaux-et-coffrets\/kit-cadeau-verre-de-murano\/","og_locale":"fr_FR","og_type":"article","og_title":"Kit cadeau Verre de Murano","og_description":"\u00c0 l\u2019aide des conseils d\u2019Annie red\u00e9couvrez, votre cr\u00e9ativit\u00e9 et d\u00e9corez du verre \u00e0 la fa\u00e7on des c\u00e9l\u00e8bres verriers de Murano.","og_url":"https:\/\/www.anniesloan.com\/fr\/produit\/cadeaux-et-coffrets\/kit-cadeau-verre-de-murano\/","og_site_name":"Annie Sloan FR","article_modified_time":"2026-03-24T13:55:38+00:00","og_image":[{"width":1920,"height":1280,"url":"https:\/\/www.anniesloan.com\/fr\/wp-content\/uploads\/sites\/4\/2022\/11\/220327-WEB-PaintBoxKit-VisualMockUp-MuranoGlass-002-WhiteBackground.jpg","type":"image\/jpeg"}],"twitter_card":"summary_large_image","twitter_misc":{"Price":"34.95&euro;","Availability":"In stock"},"schema":{"@context":"https:\/\/schema.org","@graph":[{"@type":"WebPage","@id":"https:\/\/www.anniesloan.com\/fr\/produit\/cadeaux-et-coffrets\/kit-cadeau-verre-de-murano\/","url":"https:\/\/www.anniesloan.com\/fr\/produit\/cadeaux-et-coffrets\/kit-cadeau-verre-de-murano\/","name":"Kit cadeau Verre de Murano | Annie Sloan FR","isPartOf":{"@id":"https:\/\/www.anniesloan.com\/fr\/#website"},"primaryImageOfPage":{"@id":"https:\/\/www.anniesloan.com\/fr\/produit\/cadeaux-et-coffrets\/kit-cadeau-verre-de-murano\/#primaryimage"},"image":{"@id":"https:\/\/www.anniesloan.com\/fr\/produit\/cadeaux-et-coffrets\/kit-cadeau-verre-de-murano\/#primaryimage"},"thumbnailUrl":"https:\/\/www.anniesloan.com\/fr\/wp-content\/uploads\/sites\/4\/2022\/11\/220327-WEB-PaintBoxKit-VisualMockUp-MuranoGlass-002-WhiteBackground.jpg","datePublished":"2022-11-03T14:55:47+00:00","dateModified":"2026-03-24T13:55:38+00:00","description":"\u00c0 l\u2019aide des conseils d\u2019Annie red\u00e9couvrez, votre cr\u00e9ativit\u00e9 et d\u00e9corez du verre \u00e0 la fa\u00e7on des c\u00e9l\u00e8bres verriers de Murano.","breadcrumb":{"@id":"https:\/\/www.anniesloan.com\/fr\/produit\/cadeaux-et-coffrets\/kit-cadeau-verre-de-murano\/#breadcrumb"},"inLanguage":"fr-FR","potentialAction":[{"@type":"ReadAction","target":["https:\/\/www.anniesloan.com\/fr\/produit\/cadeaux-et-coffrets\/kit-cadeau-verre-de-murano\/"]}]},{"@type":"ImageObject","inLanguage":"fr-FR","@id":"https:\/\/www.anniesloan.com\/fr\/produit\/cadeaux-et-coffrets\/kit-cadeau-verre-de-murano\/#primaryimage","url":"https:\/\/www.anniesloan.com\/fr\/wp-content\/uploads\/sites\/4\/2022\/11\/220327-WEB-PaintBoxKit-VisualMockUp-MuranoGlass-002-WhiteBackground.jpg","contentUrl":"https:\/\/www.anniesloan.com\/fr\/wp-content\/uploads\/sites\/4\/2022\/11\/220327-WEB-PaintBoxKit-VisualMockUp-MuranoGlass-002-WhiteBackground.jpg","width":1920,"height":1280,"caption":"Annie Sloan Murano Glass Gift Kit Product Image"},{"@type":"BreadcrumbList","@id":"https:\/\/www.anniesloan.com\/fr\/produit\/cadeaux-et-coffrets\/kit-cadeau-verre-de-murano\/#breadcrumb","itemListElement":[{"@type":"ListItem","position":1,"name":"Produits","item":"https:\/\/www.anniesloan.com\/fr\/produits\/"},{"@type":"ListItem","position":2,"name":"Cadeaux et coffrets","item":"https:\/\/www.anniesloan.com\/fr\/produits\/cadeaux-et-coffrets\/"},{"@type":"ListItem","position":3,"name":"Kit cadeau Verre de Murano"}]},{"@type":"WebSite","@id":"https:\/\/www.anniesloan.com\/fr\/#website","url":"https:\/\/www.anniesloan.com\/fr\/","name":"Annie Sloan FR","description":"Home of Chalk Paint","publisher":{"@id":"https:\/\/www.anniesloan.com\/fr\/#organization"},"potentialAction":[{"@type":"SearchAction","target":{"@type":"EntryPoint","urlTemplate":"https:\/\/www.anniesloan.com\/fr\/?s={search_term_string}"},"query-input":{"@type":"PropertyValueSpecification","valueRequired":true,"valueName":"search_term_string"}}],"inLanguage":"fr-FR"},{"@type":"Organization","@id":"https:\/\/www.anniesloan.com\/fr\/#organization","name":"Annie Sloan","url":"https:\/\/www.anniesloan.com\/fr\/","logo":{"@type":"ImageObject","inLanguage":"fr-FR","@id":"https:\/\/www.anniesloan.com\/fr\/#\/schema\/logo\/image\/","url":"https:\/\/www.anniesloan.com\/fr\/wp-content\/uploads\/sites\/4\/2021\/07\/anniesloan-logo.jpg","contentUrl":"https:\/\/www.anniesloan.com\/fr\/wp-content\/uploads\/sites\/4\/2021\/07\/anniesloan-logo.jpg","width":1200,"height":361,"caption":"Annie Sloan"},"image":{"@id":"https:\/\/www.anniesloan.com\/fr\/#\/schema\/logo\/image\/"}}]},"product_price_amount":"34.95","product_price_currency":"EUR","og_availability":"instock","product_availability":"instock","product_retailer_item_id":"GBMG001.XXXX.01","product_condition":"new"},"_links":{"self":[{"href":"https:\/\/www.anniesloan.com\/fr\/wp-json\/wp\/v2\/product\/38308","targetHints":{"allow":["GET"]}}],"collection":[{"href":"https:\/\/www.anniesloan.com\/fr\/wp-json\/wp\/v2\/product"}],"about":[{"href":"https:\/\/www.anniesloan.com\/fr\/wp-json\/wp\/v2\/types\/product"}],"wp:featuredmedia":[{"embeddable":true,"href":"https:\/\/www.anniesloan.com\/fr\/wp-json\/wp\/v2\/media\/38310"}],"wp:attachment":[{"href":"https:\/\/www.anniesloan.com\/fr\/wp-json\/wp\/v2\/media?parent=38308"}],"wp:term":[{"taxonomy":"product_brand","embeddable":true,"href":"https:\/\/www.anniesloan.com\/fr\/wp-json\/wp\/v2\/product_brand?post=38308"},{"taxonomy":"product_cat","embeddable":true,"href":"https:\/\/www.anniesloan.com\/fr\/wp-json\/wp\/v2\/product_cat?post=38308"},{"taxonomy":"product_tag","embeddable":true,"href":"https:\/\/www.anniesloan.com\/fr\/wp-json\/wp\/v2\/product_tag?post=38308"}],"curies":[{"name":"wp","href":"https:\/\/api.w.org\/{rel}","templated":true}]}}