{"id":38233,"date":"2022-10-24T08:29:07","date_gmt":"2022-10-24T07:29:07","guid":{"rendered":"https:\/\/www.anniesloan.com\/fr\/?post_type=product&#038;p=38233"},"modified":"2026-04-24T10:56:21","modified_gmt":"2026-04-24T08:56:21","slug":"the-colourist-numero-9","status":"publish","type":"product","link":"https:\/\/www.anniesloan.com\/fr\/produit\/livres\/the-colourist-numero-9\/","title":{"rendered":"The Colourist N\u00famero 9"},"content":{"rendered":"","protected":false},"excerpt":{"rendered":"<p>The Colourist, num\u00e9ro 9 est arriv\u00e9 ! Dans ce num\u00e9ro, les rouges sont \u00e0 l\u2019honneur, et comme d\u2019habitude, on y d\u00e9couvre une multitude d\u2019int\u00e9rieurs, de nombreux tutoriels et les conseils d\u2019Annie pour nous inspirer. Le fid\u00e8le compagnon de vos soir\u00e9es d\u2019automne.<\/p>\n<p><a href=\"https:\/\/www.anniesloan.com\/fr\/a-propos\/the-colourist\/\">The Colourist<\/a> est un bookazine original (plus imposant qu\u2019un magazine, plus petit qu\u2019un livre) enti\u00e8rement consacr\u00e9 \u00e0 la passion d\u2019Annie Sloan pour la couleur. Cette revue p\u00e9riodique \u00e0 conserver propose 132 pages soigneusement pr\u00e9sent\u00e9es, reli\u00e9es sous une couverture s\u00e9duisante.<\/p>\n<p>Veuillez contacter votre revendeur local pour conna\u00eetre les disponibilit\u00e9s.<\/p>\n","protected":false},"featured_media":38234,"template":"","meta":{"_acf_changed":false,"_relevanssi_hide_post":"","_relevanssi_hide_content":"","_relevanssi_pin_for_all":"","_relevanssi_pin_keywords":"","_relevanssi_unpin_keywords":"","_relevanssi_related_keywords":"","_relevanssi_related_include_ids":"","_relevanssi_related_exclude_ids":"","_relevanssi_related_no_append":"","_relevanssi_related_not_related":"","_relevanssi_related_posts":"","_relevanssi_noindex_reason":""},"product_brand":[],"product_cat":[65,1168,66],"product_tag":[1040,1041,1039,1042,1044],"class_list":{"0":"post-38233","1":"product","2":"type-product","3":"status-publish","4":"has-post-thumbnail","6":"product_cat-cadeaux-et-coffrets","7":"product_cat-cadeaux-a-moins-de-30-e","8":"product_cat-livres","9":"product_tag-bookazine","10":"product_tag-colourist","11":"product_tag-livres","12":"product_tag-magazine","13":"product_tag-the-colourist","15":"first","16":"instock","17":"taxable","18":"shipping-taxable","19":"purchasable","20":"product-type-simple"},"acf":[],"yoast_head":"<!-- This site is optimized with the Yoast SEO Premium plugin v26.5 (Yoast SEO v26.5) - https:\/\/yoast.com\/wordpress\/plugins\/seo\/ -->\n<title>The Colourist Num\u00e9ro 9 | Bookazine | Annie Sloan<\/title>\n<meta name=\"description\" content=\"Ce num\u00e9ro est la 9\u00e8me \u00e9dition de The Colourist, le livrazine consacr\u00e9 \u00e0 l\u2019inspiration d\u2019Annie. Dans ce num\u00e9ro, les rouges sont \u00e0 l\u2019honneur !\" \/>\n<meta name=\"robots\" content=\"index, follow, max-snippet:-1, max-image-preview:large, max-video-preview:-1\" \/>\n<link rel=\"canonical\" href=\"https:\/\/www.anniesloan.com\/fr\/produit\/livres\/the-colourist-numero-9\/\" \/>\n<meta property=\"og:locale\" content=\"fr_FR\" \/>\n<meta property=\"og:type\" content=\"article\" \/>\n<meta property=\"og:title\" content=\"The Colourist N\u00famero 9\" \/>\n<meta property=\"og:description\" content=\"Ce num\u00e9ro est la 9\u00e8me \u00e9dition de The Colourist, le livrazine consacr\u00e9 \u00e0 l\u2019inspiration d\u2019Annie. Dans ce num\u00e9ro, les rouges sont \u00e0 l\u2019honneur !\" \/>\n<meta property=\"og:url\" content=\"https:\/\/www.anniesloan.com\/fr\/produit\/livres\/the-colourist-numero-9\/\" \/>\n<meta property=\"og:site_name\" content=\"Annie Sloan FR\" \/>\n<meta property=\"article:modified_time\" content=\"2026-04-24T08:56:21+00:00\" \/>\n<meta property=\"og:image\" content=\"https:\/\/www.anniesloan.com\/fr\/wp-content\/uploads\/sites\/4\/2022\/10\/TheColouristFIResized.jpg\" \/>\n\t<meta property=\"og:image:width\" content=\"1280\" \/>\n\t<meta property=\"og:image:height\" content=\"1024\" \/>\n\t<meta property=\"og:image:type\" content=\"image\/jpeg\" \/>\n<meta name=\"twitter:card\" content=\"summary_large_image\" \/>\n<meta name=\"twitter:label1\" content=\"Price\" \/>\n\t<meta name=\"twitter:data1\" content=\"15.95&euro;\" \/>\n\t<meta name=\"twitter:label2\" content=\"Availability\" \/>\n\t<meta name=\"twitter:data2\" content=\"In stock\" \/>\n<script type=\"application\/ld+json\" class=\"yoast-schema-graph\">{\"@context\":\"https:\/\/schema.org\",\"@graph\":[{\"@type\":\"WebPage\",\"@id\":\"https:\/\/www.anniesloan.com\/fr\/produit\/livres\/the-colourist-numero-9\/\",\"url\":\"https:\/\/www.anniesloan.com\/fr\/produit\/livres\/the-colourist-numero-9\/\",\"name\":\"The Colourist Num\u00e9ro 9 | Bookazine | Annie Sloan\",\"isPartOf\":{\"@id\":\"https:\/\/www.anniesloan.com\/fr\/#website\"},\"primaryImageOfPage\":{\"@id\":\"https:\/\/www.anniesloan.com\/fr\/produit\/livres\/the-colourist-numero-9\/#primaryimage\"},\"image\":{\"@id\":\"https:\/\/www.anniesloan.com\/fr\/produit\/livres\/the-colourist-numero-9\/#primaryimage\"},\"thumbnailUrl\":\"https:\/\/www.anniesloan.com\/fr\/wp-content\/uploads\/sites\/4\/2022\/10\/TheColouristFIResized.jpg\",\"datePublished\":\"2022-10-24T07:29:07+00:00\",\"dateModified\":\"2026-04-24T08:56:21+00:00\",\"description\":\"Ce num\u00e9ro est la 9\u00e8me \u00e9dition de The Colourist, le livrazine consacr\u00e9 \u00e0 l\u2019inspiration d\u2019Annie. Dans ce num\u00e9ro, les rouges sont \u00e0 l\u2019honneur !\",\"breadcrumb\":{\"@id\":\"https:\/\/www.anniesloan.com\/fr\/produit\/livres\/the-colourist-numero-9\/#breadcrumb\"},\"inLanguage\":\"fr-FR\",\"potentialAction\":[{\"@type\":\"ReadAction\",\"target\":[\"https:\/\/www.anniesloan.com\/fr\/produit\/livres\/the-colourist-numero-9\/\"]}]},{\"@type\":\"ImageObject\",\"inLanguage\":\"fr-FR\",\"@id\":\"https:\/\/www.anniesloan.com\/fr\/produit\/livres\/the-colourist-numero-9\/#primaryimage\",\"url\":\"https:\/\/www.anniesloan.com\/fr\/wp-content\/uploads\/sites\/4\/2022\/10\/TheColouristFIResized.jpg\",\"contentUrl\":\"https:\/\/www.anniesloan.com\/fr\/wp-content\/uploads\/sites\/4\/2022\/10\/TheColouristFIResized.jpg\",\"width\":1280,\"height\":1024,\"caption\":\"Annie Sloan The Colourist Issue 9 Front Cover Featured Image\"},{\"@type\":\"BreadcrumbList\",\"@id\":\"https:\/\/www.anniesloan.com\/fr\/produit\/livres\/the-colourist-numero-9\/#breadcrumb\",\"itemListElement\":[{\"@type\":\"ListItem\",\"position\":1,\"name\":\"Produits\",\"item\":\"https:\/\/www.anniesloan.com\/fr\/produits\/\"},{\"@type\":\"ListItem\",\"position\":2,\"name\":\"Livres\",\"item\":\"https:\/\/www.anniesloan.com\/fr\/produits\/livres\/\"},{\"@type\":\"ListItem\",\"position\":3,\"name\":\"The Colourist N\u00famero 9\"}]},{\"@type\":\"WebSite\",\"@id\":\"https:\/\/www.anniesloan.com\/fr\/#website\",\"url\":\"https:\/\/www.anniesloan.com\/fr\/\",\"name\":\"Annie Sloan FR\",\"description\":\"Home of Chalk Paint\",\"publisher\":{\"@id\":\"https:\/\/www.anniesloan.com\/fr\/#organization\"},\"potentialAction\":[{\"@type\":\"SearchAction\",\"target\":{\"@type\":\"EntryPoint\",\"urlTemplate\":\"https:\/\/www.anniesloan.com\/fr\/?s={search_term_string}\"},\"query-input\":{\"@type\":\"PropertyValueSpecification\",\"valueRequired\":true,\"valueName\":\"search_term_string\"}}],\"inLanguage\":\"fr-FR\"},{\"@type\":\"Organization\",\"@id\":\"https:\/\/www.anniesloan.com\/fr\/#organization\",\"name\":\"Annie Sloan\",\"url\":\"https:\/\/www.anniesloan.com\/fr\/\",\"logo\":{\"@type\":\"ImageObject\",\"inLanguage\":\"fr-FR\",\"@id\":\"https:\/\/www.anniesloan.com\/fr\/#\/schema\/logo\/image\/\",\"url\":\"https:\/\/www.anniesloan.com\/fr\/wp-content\/uploads\/sites\/4\/2021\/07\/anniesloan-logo.jpg\",\"contentUrl\":\"https:\/\/www.anniesloan.com\/fr\/wp-content\/uploads\/sites\/4\/2021\/07\/anniesloan-logo.jpg\",\"width\":1200,\"height\":361,\"caption\":\"Annie Sloan\"},\"image\":{\"@id\":\"https:\/\/www.anniesloan.com\/fr\/#\/schema\/logo\/image\/\"}}]}<\/script>\n<meta property=\"product:price:amount\" content=\"15.95\" \/>\n<meta property=\"product:price:currency\" content=\"EUR\" \/>\n<meta property=\"og:availability\" content=\"instock\" \/>\n<meta property=\"product:availability\" content=\"instock\" \/>\n<meta property=\"product:retailer_item_id\" content=\"TCTB009.2101.09\" \/>\n<meta property=\"product:condition\" content=\"new\" \/>\n<!-- \/ Yoast SEO Premium plugin. -->","yoast_head_json":{"title":"The Colourist Num\u00e9ro 9 | Bookazine | Annie Sloan","description":"Ce num\u00e9ro est la 9\u00e8me \u00e9dition de The Colourist, le livrazine consacr\u00e9 \u00e0 l\u2019inspiration d\u2019Annie. Dans ce num\u00e9ro, les rouges sont \u00e0 l\u2019honneur !","robots":{"index":"index","follow":"follow","max-snippet":"max-snippet:-1","max-image-preview":"max-image-preview:large","max-video-preview":"max-video-preview:-1"},"canonical":"https:\/\/www.anniesloan.com\/fr\/produit\/livres\/the-colourist-numero-9\/","og_locale":"fr_FR","og_type":"article","og_title":"The Colourist N\u00famero 9","og_description":"Ce num\u00e9ro est la 9\u00e8me \u00e9dition de The Colourist, le livrazine consacr\u00e9 \u00e0 l\u2019inspiration d\u2019Annie. Dans ce num\u00e9ro, les rouges sont \u00e0 l\u2019honneur !","og_url":"https:\/\/www.anniesloan.com\/fr\/produit\/livres\/the-colourist-numero-9\/","og_site_name":"Annie Sloan FR","article_modified_time":"2026-04-24T08:56:21+00:00","og_image":[{"width":1280,"height":1024,"url":"https:\/\/www.anniesloan.com\/fr\/wp-content\/uploads\/sites\/4\/2022\/10\/TheColouristFIResized.jpg","type":"image\/jpeg"}],"twitter_card":"summary_large_image","twitter_misc":{"Price":"15.95&euro;","Availability":"In stock"},"schema":{"@context":"https:\/\/schema.org","@graph":[{"@type":"WebPage","@id":"https:\/\/www.anniesloan.com\/fr\/produit\/livres\/the-colourist-numero-9\/","url":"https:\/\/www.anniesloan.com\/fr\/produit\/livres\/the-colourist-numero-9\/","name":"The Colourist Num\u00e9ro 9 | Bookazine | Annie Sloan","isPartOf":{"@id":"https:\/\/www.anniesloan.com\/fr\/#website"},"primaryImageOfPage":{"@id":"https:\/\/www.anniesloan.com\/fr\/produit\/livres\/the-colourist-numero-9\/#primaryimage"},"image":{"@id":"https:\/\/www.anniesloan.com\/fr\/produit\/livres\/the-colourist-numero-9\/#primaryimage"},"thumbnailUrl":"https:\/\/www.anniesloan.com\/fr\/wp-content\/uploads\/sites\/4\/2022\/10\/TheColouristFIResized.jpg","datePublished":"2022-10-24T07:29:07+00:00","dateModified":"2026-04-24T08:56:21+00:00","description":"Ce num\u00e9ro est la 9\u00e8me \u00e9dition de The Colourist, le livrazine consacr\u00e9 \u00e0 l\u2019inspiration d\u2019Annie. Dans ce num\u00e9ro, les rouges sont \u00e0 l\u2019honneur !","breadcrumb":{"@id":"https:\/\/www.anniesloan.com\/fr\/produit\/livres\/the-colourist-numero-9\/#breadcrumb"},"inLanguage":"fr-FR","potentialAction":[{"@type":"ReadAction","target":["https:\/\/www.anniesloan.com\/fr\/produit\/livres\/the-colourist-numero-9\/"]}]},{"@type":"ImageObject","inLanguage":"fr-FR","@id":"https:\/\/www.anniesloan.com\/fr\/produit\/livres\/the-colourist-numero-9\/#primaryimage","url":"https:\/\/www.anniesloan.com\/fr\/wp-content\/uploads\/sites\/4\/2022\/10\/TheColouristFIResized.jpg","contentUrl":"https:\/\/www.anniesloan.com\/fr\/wp-content\/uploads\/sites\/4\/2022\/10\/TheColouristFIResized.jpg","width":1280,"height":1024,"caption":"Annie Sloan The Colourist Issue 9 Front Cover Featured Image"},{"@type":"BreadcrumbList","@id":"https:\/\/www.anniesloan.com\/fr\/produit\/livres\/the-colourist-numero-9\/#breadcrumb","itemListElement":[{"@type":"ListItem","position":1,"name":"Produits","item":"https:\/\/www.anniesloan.com\/fr\/produits\/"},{"@type":"ListItem","position":2,"name":"Livres","item":"https:\/\/www.anniesloan.com\/fr\/produits\/livres\/"},{"@type":"ListItem","position":3,"name":"The Colourist N\u00famero 9"}]},{"@type":"WebSite","@id":"https:\/\/www.anniesloan.com\/fr\/#website","url":"https:\/\/www.anniesloan.com\/fr\/","name":"Annie Sloan FR","description":"Home of Chalk Paint","publisher":{"@id":"https:\/\/www.anniesloan.com\/fr\/#organization"},"potentialAction":[{"@type":"SearchAction","target":{"@type":"EntryPoint","urlTemplate":"https:\/\/www.anniesloan.com\/fr\/?s={search_term_string}"},"query-input":{"@type":"PropertyValueSpecification","valueRequired":true,"valueName":"search_term_string"}}],"inLanguage":"fr-FR"},{"@type":"Organization","@id":"https:\/\/www.anniesloan.com\/fr\/#organization","name":"Annie Sloan","url":"https:\/\/www.anniesloan.com\/fr\/","logo":{"@type":"ImageObject","inLanguage":"fr-FR","@id":"https:\/\/www.anniesloan.com\/fr\/#\/schema\/logo\/image\/","url":"https:\/\/www.anniesloan.com\/fr\/wp-content\/uploads\/sites\/4\/2021\/07\/anniesloan-logo.jpg","contentUrl":"https:\/\/www.anniesloan.com\/fr\/wp-content\/uploads\/sites\/4\/2021\/07\/anniesloan-logo.jpg","width":1200,"height":361,"caption":"Annie Sloan"},"image":{"@id":"https:\/\/www.anniesloan.com\/fr\/#\/schema\/logo\/image\/"}}]},"product_price_amount":"15.95","product_price_currency":"EUR","og_availability":"instock","product_availability":"instock","product_retailer_item_id":"TCTB009.2101.09","product_condition":"new"},"_links":{"self":[{"href":"https:\/\/www.anniesloan.com\/fr\/wp-json\/wp\/v2\/product\/38233","targetHints":{"allow":["GET"]}}],"collection":[{"href":"https:\/\/www.anniesloan.com\/fr\/wp-json\/wp\/v2\/product"}],"about":[{"href":"https:\/\/www.anniesloan.com\/fr\/wp-json\/wp\/v2\/types\/product"}],"wp:featuredmedia":[{"embeddable":true,"href":"https:\/\/www.anniesloan.com\/fr\/wp-json\/wp\/v2\/media\/38234"}],"wp:attachment":[{"href":"https:\/\/www.anniesloan.com\/fr\/wp-json\/wp\/v2\/media?parent=38233"}],"wp:term":[{"taxonomy":"product_brand","embeddable":true,"href":"https:\/\/www.anniesloan.com\/fr\/wp-json\/wp\/v2\/product_brand?post=38233"},{"taxonomy":"product_cat","embeddable":true,"href":"https:\/\/www.anniesloan.com\/fr\/wp-json\/wp\/v2\/product_cat?post=38233"},{"taxonomy":"product_tag","embeddable":true,"href":"https:\/\/www.anniesloan.com\/fr\/wp-json\/wp\/v2\/product_tag?post=38233"}],"curies":[{"name":"wp","href":"https:\/\/api.w.org\/{rel}","templated":true}]}}